{"id":15,"date":"2024-09-18T09:23:33","date_gmt":"2024-09-18T09:23:33","guid":{"rendered":"https:\/\/poppyshoppen.no\/?page_id=15"},"modified":"2024-09-18T09:33:08","modified_gmt":"2024-09-18T09:33:08","slug":"refund_returns","status":"publish","type":"page","link":"https:\/\/poppyshoppen.no\/en\/refund_returns\/","title":{"rendered":"Refund and returns policy"},"content":{"rendered":"<p>Our refund and returns policy lasts 14 days. If 14 days have passed since your purchase, we can\u2019t offer you a full refund or exchange. To be eligible for a return, your item must be unused and in the same condition that you received it.<\/p>\n\n\n\n<p>These items are non-returnable:<\/p>\n\n\n\n<ul class=\"wp-block-list\">\n<li>Giftcard<\/li>\n\n\n\n<li>Downloadable products<\/li>\n\n\n\n<li>Personalized items<\/li>\n<\/ul>\n\n\n\n<p>To complete your return, we require a receipt or proof of purchase. Customer pays return postage.<\/p>\n\n\n\n<p><strong>Refunds<\/strong><\/p>\n\n\n\n<p>Once your return is received and inspected, we will send you an email to notify you that we have received your returned item. We will also notify you of the approval or rejection of your refund. If you are approved, then your refund will be processed, and a credit will automatically be applied to your credit card or original method of payment, within a certain amount of days.<\/p>\n\n\n\n<p><strong>Late or missing refunds<\/strong><\/p>\n\n\n\n<p>If you haven\u2019t received a refund yet, first check your bank account again. Then contact your credit card company, it may take some time before your refund is officially posted. Next contact your bank. There is often some processing time before a refund is posted. If you\u2019ve done all of this and you still have not received your refund yet, please contact us at vibeke@poppydesign.no.<\/p>\n\n\n\n<p><strong>Sale items<\/strong><\/p>\n\n\n\n<p>Only regular priced items may be refunded. Sale items cannot be refunded.<\/p>\n\n\n\n<p><strong>Exchanges<\/strong><\/p>\n\n\n\n<p>We only exchange goods if they are defective or damaged. If you need to exchange an item, send us an e-mail at vibeke@poppydesign.no with a receipt for the purchase and a photo of the item you wish to exchange.<\/p>\n\n\n\n<p><strong>Damaged or broken Items<\/strong><\/p>\n\n\n\n<p>We are committed to ensuring the quality of our products. If you receive an item that is broken or damaged, we offer a full refund. To process your claim, please provide the following:<\/p>\n\n\n\n<ul class=\"wp-block-list\">\n<li>A clear photo of the damaged item.<\/li>\n\n\n\n<li>A copy of the original receipt or proof of purchase.<\/li>\n<\/ul>\n\n\n\n<p>Once we receive the required documentation, we will review your claim and issue a refund promptly. Please note that all refund requests must be submitted within 14 days of receiving the product.<\/p>\n\n\n\n<p><strong>Shipping returns<\/strong><\/p>\n\n\n\n<p>To return your product, you should mail your product to: Poppydesign, st.olavsgate 3, 2414 Elverum - Norway. You will be responsible for paying for your own shipping costs for returning your item. Shipping costs are non-refundable. If you receive a refund, the cost of return shipping will be deducted from your refund. Depending on where you live, the time it may take for your exchanged product to reach you may vary. If you are returning more expensive items, like an original painting, you may consider using a trackable shipping service or purchasing shipping insurance. We don\u2019t guarantee that we will receive your returned item.<\/p>\n\n\n\n<p><strong>Need help?<\/strong><\/p>\n\n\n\n<p>Contact us at vibeke@poppydesign.no for questions related to refunds and returns.<\/p>\n\n\n\n<p><\/p>","protected":false},"excerpt":{"rendered":"<p>Du har rett til \u00e5 returnere varer kj\u00f8pt hos oss innen 14 dager. Hvis det har g\u00e5tt mer enn 14 dager siden kj\u00f8pet ditt, kan vi dessverre ikke tilby full refusjon eller bytte. For \u00e5 kunne returnere varen, m\u00e5 varen din v\u00e6re ubrukt og i samme tilstand som du mottok den. F\u00f8lgende varer kan ikke [&hellip;]<\/p>\n","protected":false},"author":1,"featured_media":0,"parent":0,"menu_order":0,"comment_status":"closed","ping_status":"closed","template":"","meta":{"footnotes":""},"class_list":["post-15","page","type-page","status-publish","hentry"],"yoast_head":"<!-- This site is optimized with the Yoast SEO plugin v27.3 - https:\/\/yoast.com\/product\/yoast-seo-wordpress\/ -->\n<title>Retur og reklamasjon | Poppyshoppen<\/title>\n<meta name=\"description\" content=\"Retur og reklamasjon | Poppyshoppen\" \/>\n<meta name=\"robots\" content=\"index, follow, max-snippet:-1, max-image-preview:large, max-video-preview:-1\" \/>\n<link rel=\"canonical\" href=\"https:\/\/poppyshoppen.no\/en\/refund_returns\/\" \/>\n<meta property=\"og:locale\" content=\"en_US\" \/>\n<meta property=\"og:type\" content=\"article\" \/>\n<meta property=\"og:title\" content=\"Retur og reklamasjon | Poppyshoppen\" \/>\n<meta property=\"og:description\" content=\"Retur og reklamasjon | Poppyshoppen\" \/>\n<meta property=\"og:url\" content=\"https:\/\/poppyshoppen.no\/en\/refund_returns\/\" \/>\n<meta property=\"og:site_name\" content=\"Poppyshoppen\" \/>\n<meta property=\"article:publisher\" content=\"https:\/\/www.facebook.com\/profile.php?id=61558460251190\" \/>\n<meta property=\"article:modified_time\" content=\"2024-09-18T09:33:08+00:00\" \/>\n<meta property=\"og:image\" content=\"https:\/\/poppyshoppen.no\/wp-content\/uploads\/2024\/11\/poppyshoppen-plakater-til-hjemmet.jpg\" \/>\n\t<meta property=\"og:image:width\" content=\"1200\" \/>\n\t<meta property=\"og:image:height\" content=\"675\" \/>\n\t<meta property=\"og:image:type\" content=\"image\/jpeg\" \/>\n<meta name=\"twitter:card\" content=\"summary_large_image\" \/>\n<meta name=\"twitter:label1\" content=\"Est. reading time\" \/>\n\t<meta name=\"twitter:data1\" content=\"2 minutes\" \/>\n<script type=\"application\/ld+json\" class=\"yoast-schema-graph\">{\"@context\":\"https:\\\/\\\/schema.org\",\"@graph\":[{\"@type\":\"WebPage\",\"@id\":\"https:\\\/\\\/poppyshoppen.no\\\/refund_returns\\\/\",\"url\":\"https:\\\/\\\/poppyshoppen.no\\\/refund_returns\\\/\",\"name\":\"Retur og reklamasjon | Poppyshoppen\",\"isPartOf\":{\"@id\":\"https:\\\/\\\/poppyshoppen.no\\\/#website\"},\"datePublished\":\"2024-09-18T09:23:33+00:00\",\"dateModified\":\"2024-09-18T09:33:08+00:00\",\"description\":\"Retur og reklamasjon | Poppyshoppen\",\"breadcrumb\":{\"@id\":\"https:\\\/\\\/poppyshoppen.no\\\/refund_returns\\\/#breadcrumb\"},\"inLanguage\":\"en-US\",\"potentialAction\":[{\"@type\":\"ReadAction\",\"target\":[\"https:\\\/\\\/poppyshoppen.no\\\/refund_returns\\\/\"]}]},{\"@type\":\"BreadcrumbList\",\"@id\":\"https:\\\/\\\/poppyshoppen.no\\\/refund_returns\\\/#breadcrumb\",\"itemListElement\":[{\"@type\":\"ListItem\",\"position\":1,\"name\":\"Hjem\",\"item\":\"https:\\\/\\\/poppyshoppen.no\\\/\"},{\"@type\":\"ListItem\",\"position\":2,\"name\":\"Retur og reklamasjon\"}]},{\"@type\":\"WebSite\",\"@id\":\"https:\\\/\\\/poppyshoppen.no\\\/#website\",\"url\":\"https:\\\/\\\/poppyshoppen.no\\\/\",\"name\":\"Poppyshoppen\",\"description\":\"Gj\u00f8r hverdagen litt mer fargerik\",\"publisher\":{\"@id\":\"https:\\\/\\\/poppyshoppen.no\\\/#organization\"},\"potentialAction\":[{\"@type\":\"SearchAction\",\"target\":{\"@type\":\"EntryPoint\",\"urlTemplate\":\"https:\\\/\\\/poppyshoppen.no\\\/?s={search_term_string}\"},\"query-input\":{\"@type\":\"PropertyValueSpecification\",\"valueRequired\":true,\"valueName\":\"search_term_string\"}}],\"inLanguage\":\"en-US\"},{\"@type\":\"Organization\",\"@id\":\"https:\\\/\\\/poppyshoppen.no\\\/#organization\",\"name\":\"Poppyshoppen\",\"url\":\"https:\\\/\\\/poppyshoppen.no\\\/\",\"logo\":{\"@type\":\"ImageObject\",\"inLanguage\":\"en-US\",\"@id\":\"https:\\\/\\\/poppyshoppen.no\\\/#\\\/schema\\\/logo\\\/image\\\/\",\"url\":\"https:\\\/\\\/poppyshoppen.no\\\/wp-content\\\/uploads\\\/2024\\\/08\\\/cropped-poppyshoppen-logoikon.png\",\"contentUrl\":\"https:\\\/\\\/poppyshoppen.no\\\/wp-content\\\/uploads\\\/2024\\\/08\\\/cropped-poppyshoppen-logoikon.png\",\"width\":512,\"height\":512,\"caption\":\"Poppyshoppen\"},\"image\":{\"@id\":\"https:\\\/\\\/poppyshoppen.no\\\/#\\\/schema\\\/logo\\\/image\\\/\"},\"sameAs\":[\"https:\\\/\\\/www.facebook.com\\\/profile.php?id=61558460251190\",\"https:\\\/\\\/www.instagram.com\\\/poppyshoppen_no\\\/\"]}]}<\/script>\n<!-- \/ Yoast SEO plugin. -->","yoast_head_json":{"title":"Retur og reklamasjon | Poppyshoppen","description":"Retur og reklamasjon | Poppyshoppen","robots":{"index":"index","follow":"follow","max-snippet":"max-snippet:-1","max-image-preview":"max-image-preview:large","max-video-preview":"max-video-preview:-1"},"canonical":"https:\/\/poppyshoppen.no\/en\/refund_returns\/","og_locale":"en_US","og_type":"article","og_title":"Retur og reklamasjon | Poppyshoppen","og_description":"Retur og reklamasjon | Poppyshoppen","og_url":"https:\/\/poppyshoppen.no\/en\/refund_returns\/","og_site_name":"Poppyshoppen","article_publisher":"https:\/\/www.facebook.com\/profile.php?id=61558460251190","article_modified_time":"2024-09-18T09:33:08+00:00","og_image":[{"width":1200,"height":675,"url":"https:\/\/poppyshoppen.no\/wp-content\/uploads\/2024\/11\/poppyshoppen-plakater-til-hjemmet.jpg","type":"image\/jpeg"}],"twitter_card":"summary_large_image","twitter_misc":{"Est. reading time":"2 minutes"},"schema":{"@context":"https:\/\/schema.org","@graph":[{"@type":"WebPage","@id":"https:\/\/poppyshoppen.no\/refund_returns\/","url":"https:\/\/poppyshoppen.no\/refund_returns\/","name":"Retur og reklamasjon | Poppyshoppen","isPartOf":{"@id":"https:\/\/poppyshoppen.no\/#website"},"datePublished":"2024-09-18T09:23:33+00:00","dateModified":"2024-09-18T09:33:08+00:00","description":"Retur og reklamasjon | Poppyshoppen","breadcrumb":{"@id":"https:\/\/poppyshoppen.no\/refund_returns\/#breadcrumb"},"inLanguage":"en-US","potentialAction":[{"@type":"ReadAction","target":["https:\/\/poppyshoppen.no\/refund_returns\/"]}]},{"@type":"BreadcrumbList","@id":"https:\/\/poppyshoppen.no\/refund_returns\/#breadcrumb","itemListElement":[{"@type":"ListItem","position":1,"name":"Hjem","item":"https:\/\/poppyshoppen.no\/"},{"@type":"ListItem","position":2,"name":"Retur og reklamasjon"}]},{"@type":"WebSite","@id":"https:\/\/poppyshoppen.no\/#website","url":"https:\/\/poppyshoppen.no\/","name":"Poppyshoppen","description":"Gj\u00f8r hverdagen litt mer fargerik","publisher":{"@id":"https:\/\/poppyshoppen.no\/#organization"},"potentialAction":[{"@type":"SearchAction","target":{"@type":"EntryPoint","urlTemplate":"https:\/\/poppyshoppen.no\/?s={search_term_string}"},"query-input":{"@type":"PropertyValueSpecification","valueRequired":true,"valueName":"search_term_string"}}],"inLanguage":"en-US"},{"@type":"Organization","@id":"https:\/\/poppyshoppen.no\/#organization","name":"Poppyshoppen","url":"https:\/\/poppyshoppen.no\/","logo":{"@type":"ImageObject","inLanguage":"en-US","@id":"https:\/\/poppyshoppen.no\/#\/schema\/logo\/image\/","url":"https:\/\/poppyshoppen.no\/wp-content\/uploads\/2024\/08\/cropped-poppyshoppen-logoikon.png","contentUrl":"https:\/\/poppyshoppen.no\/wp-content\/uploads\/2024\/08\/cropped-poppyshoppen-logoikon.png","width":512,"height":512,"caption":"Poppyshoppen"},"image":{"@id":"https:\/\/poppyshoppen.no\/#\/schema\/logo\/image\/"},"sameAs":["https:\/\/www.facebook.com\/profile.php?id=61558460251190","https:\/\/www.instagram.com\/poppyshoppen_no\/"]}]}},"jetpack_sharing_enabled":true,"_links":{"self":[{"href":"https:\/\/poppyshoppen.no\/en\/wp-json\/wp\/v2\/pages\/15","targetHints":{"allow":["GET"]}}],"collection":[{"href":"https:\/\/poppyshoppen.no\/en\/wp-json\/wp\/v2\/pages"}],"about":[{"href":"https:\/\/poppyshoppen.no\/en\/wp-json\/wp\/v2\/types\/page"}],"author":[{"embeddable":true,"href":"https:\/\/poppyshoppen.no\/en\/wp-json\/wp\/v2\/users\/1"}],"replies":[{"embeddable":true,"href":"https:\/\/poppyshoppen.no\/en\/wp-json\/wp\/v2\/comments?post=15"}],"version-history":[{"count":1,"href":"https:\/\/poppyshoppen.no\/en\/wp-json\/wp\/v2\/pages\/15\/revisions"}],"predecessor-version":[{"id":888,"href":"https:\/\/poppyshoppen.no\/en\/wp-json\/wp\/v2\/pages\/15\/revisions\/888"}],"wp:attachment":[{"href":"https:\/\/poppyshoppen.no\/en\/wp-json\/wp\/v2\/media?parent=15"}],"curies":[{"name":"wp","href":"https:\/\/api.w.org\/{rel}","templated":true}]}}