{"id":883,"date":"2024-09-18T08:00:28","date_gmt":"2024-09-18T08:00:28","guid":{"rendered":"https:\/\/poppyshoppen.no\/?page_id=883"},"modified":"2025-02-12T14:24:21","modified_gmt":"2025-02-12T13:24:21","slug":"kontakt","status":"publish","type":"page","link":"https:\/\/poppyshoppen.no\/en\/kontakt\/","title":{"rendered":"Contact"},"content":{"rendered":"\t\t<div data-elementor-type=\"wp-page\" data-elementor-id=\"883\" class=\"elementor elementor-883\" data-elementor-post-type=\"page\">\n\t\t\t\t<div class=\"elementor-element elementor-element-abfdc5e e-flex e-con-boxed e-con e-parent\" data-id=\"abfdc5e\" data-element_type=\"container\" data-e-type=\"container\">\n\t\t\t\t\t<div class=\"e-con-inner\">\n\t\t<div class=\"elementor-element elementor-element-8a86d65 e-con-full e-flex e-con e-child\" data-id=\"8a86d65\" data-element_type=\"container\" data-e-type=\"container\">\n\t\t\t\t<div class=\"elementor-element elementor-element-71c3656 elementor-widget elementor-widget-heading\" data-id=\"71c3656\" data-element_type=\"widget\" data-e-type=\"widget\" data-widget_type=\"heading.default\">\n\t\t\t\t<div class=\"elementor-widget-container\">\n\t\t\t\t\t<h2 class=\"elementor-heading-title elementor-size-default\">Hei!<\/h2>\t\t\t\t<\/div>\n\t\t\t\t<\/div>\n\t\t\t\t<div class=\"elementor-element elementor-element-f2df6c9 elementor-widget elementor-widget-text-editor\" data-id=\"f2df6c9\" data-element_type=\"widget\" data-e-type=\"widget\" data-widget_type=\"text-editor.default\">\n\t\t\t\t<div class=\"elementor-widget-container\">\n\t\t\t\t\t\t\t\t\t<h4>Har du sp\u00f8rsm\u00e5l om bestillingen din eller lurer du p\u00e5 noe om mine produkter? Ta kontakt, jeg vil gjerne h\u00f8re fra deg!<\/h4><h6>\u00a0<\/h6>\t\t\t\t\t\t\t\t<\/div>\n\t\t\t\t<\/div>\n\t\t\t\t<\/div>\n\t\t<div class=\"elementor-element elementor-element-ffb4f71 e-con-full e-flex e-con e-child\" data-id=\"ffb4f71\" data-element_type=\"container\" data-e-type=\"container\">\n\t\t\t\t<div class=\"elementor-element elementor-element-3dee2cd elementor-button-align-stretch elementor-widget elementor-widget-form\" data-id=\"3dee2cd\" data-element_type=\"widget\" data-e-type=\"widget\" data-settings=\"{&quot;step_next_label&quot;:&quot;Next&quot;,&quot;step_previous_label&quot;:&quot;Previous&quot;,&quot;button_width&quot;:&quot;100&quot;,&quot;step_type&quot;:&quot;number_text&quot;,&quot;step_icon_shape&quot;:&quot;circle&quot;}\" data-widget_type=\"form.default\">\n\t\t\t\t<div class=\"elementor-widget-container\">\n\t\t\t\t\t\t\t<form class=\"elementor-form\" method=\"post\" name=\"New Form\" aria-label=\"New Form\">\n\t\t\t<input type=\"hidden\" name=\"post_id\" value=\"883\"\/>\n\t\t\t<input type=\"hidden\" name=\"form_id\" value=\"3dee2cd\"\/>\n\t\t\t<input type=\"hidden\" name=\"referer_title\" value=\"Kontakt | Poppyshoppen\" \/>\n\n\t\t\t\t\t\t\t<input type=\"hidden\" name=\"queried_id\" value=\"883\"\/>\n\t\t\t\n\t\t\t<div class=\"elementor-form-fields-wrapper elementor-labels-above\">\n\t\t\t\t\t\t\t\t<div class=\"elementor-field-type-text elementor-field-group elementor-column elementor-field-group-name elementor-col-100\">\n\t\t\t\t\t\t\t\t\t\t\t\t<label for=\"form-field-name\" class=\"elementor-field-label\">\n\t\t\t\t\t\t\t\tNavn\t\t\t\t\t\t\t<\/label>\n\t\t\t\t\t\t\t\t\t\t\t\t\t\t<input size=\"1\" type=\"text\" name=\"form_fields[name]\" id=\"form-field-name\" class=\"elementor-field elementor-size-sm  elementor-field-textual\" placeholder=\"Navn\">\n\t\t\t\t\t\t\t\t\t\t\t<\/div>\n\t\t\t\t\t\t\t\t<div class=\"elementor-field-type-email elementor-field-group elementor-column elementor-field-group-email elementor-col-100 elementor-field-required\">\n\t\t\t\t\t\t\t\t\t\t\t\t<label for=\"form-field-email\" class=\"elementor-field-label\">\n\t\t\t\t\t\t\t\tE-post\t\t\t\t\t\t\t<\/label>\n\t\t\t\t\t\t\t\t\t\t\t\t\t\t<input size=\"1\" type=\"email\" name=\"form_fields[email]\" id=\"form-field-email\" class=\"elementor-field elementor-size-sm  elementor-field-textual\" placeholder=\"E-post\" required=\"required\">\n\t\t\t\t\t\t\t\t\t\t\t<\/div>\n\t\t\t\t\t\t\t\t<div class=\"elementor-field-type-textarea elementor-field-group elementor-column elementor-field-group-message elementor-col-100\">\n\t\t\t\t\t\t\t\t\t\t\t\t<label for=\"form-field-message\" class=\"elementor-field-label\">\n\t\t\t\t\t\t\t\tMelding\t\t\t\t\t\t\t<\/label>\n\t\t\t\t\t\t<textarea class=\"elementor-field-textual elementor-field  elementor-size-sm\" name=\"form_fields[message]\" id=\"form-field-message\" rows=\"4\" placeholder=\"Melding\"><\/textarea>\t\t\t\t<\/div>\n\t\t\t\t\t\t\t\t<div class=\"elementor-field-group elementor-column elementor-field-type-submit elementor-col-100 e-form__buttons\">\n\t\t\t\t\t<button class=\"elementor-button elementor-size-sm\" type=\"submit\">\n\t\t\t\t\t\t<span class=\"elementor-button-content-wrapper\">\n\t\t\t\t\t\t\t\t\t\t\t\t\t\t\t\t\t\t\t\t\t\t<span class=\"elementor-button-text\">Send<\/span>\n\t\t\t\t\t\t\t\t\t\t\t\t\t<\/span>\n\t\t\t\t\t<\/button>\n\t\t\t\t<\/div>\n\t\t\t<\/div>\n\t\t<\/form>\n\t\t\t\t\t\t<\/div>\n\t\t\t\t<\/div>\n\t\t\t\t<\/div>\n\t\t\t\t\t<\/div>\n\t\t\t\t<\/div>\n\t\t<div class=\"elementor-element elementor-element-85edd76 e-flex e-con-boxed e-con e-parent\" data-id=\"85edd76\" data-element_type=\"container\" data-e-type=\"container\">\n\t\t\t\t\t<div class=\"e-con-inner\">\n\t\t<div class=\"elementor-element elementor-element-f69f6b8 e-con-full e-flex e-con e-child\" data-id=\"f69f6b8\" data-element_type=\"container\" data-e-type=\"container\">\n\t\t\t\t<div class=\"elementor-element elementor-element-c4b2a72 elementor-widget-divider--separator-type-pattern elementor-widget-divider--view-line elementor-widget elementor-widget-divider\" data-id=\"c4b2a72\" data-element_type=\"widget\" data-e-type=\"widget\" data-widget_type=\"divider.default\">\n\t\t\t\t<div class=\"elementor-widget-container\">\n\t\t\t\t\t\t\t<div class=\"elementor-divider\" style=\"--divider-pattern-url: url(&quot;data:image\/svg+xml,%3Csvg xmlns=&#039;http:\/\/www.w3.org\/2000\/svg&#039; preserveAspectRatio=&#039;none&#039; overflow=&#039;visible&#039; height=&#039;100%&#039; viewBox=&#039;0 0 24 24&#039; fill=&#039;none&#039; stroke=&#039;black&#039; stroke-width=&#039;1&#039; stroke-linecap=&#039;square&#039; stroke-miterlimit=&#039;10&#039;%3E%3Cpath d=&#039;M0,21c3.3,0,8.3-0.9,15.7-7.1c6.6-5.4,4.4-9.3,2.4-10.3c-3.4-1.8-7.7,1.3-7.3,8.8C11.2,20,17.1,21,24,21&#039;\/%3E%3C\/svg%3E&quot;);\">\n\t\t\t<span class=\"elementor-divider-separator\">\n\t\t\t\t\t\t<\/span>\n\t\t<\/div>\n\t\t\t\t\t\t<\/div>\n\t\t\t\t<\/div>\n\t\t\t\t<div class=\"elementor-element elementor-element-e735d60 elementor-widget elementor-widget-heading\" data-id=\"e735d60\" data-element_type=\"widget\" data-e-type=\"widget\" data-widget_type=\"heading.default\">\n\t\t\t\t<div class=\"elementor-widget-container\">\n\t\t\t\t\t<h2 class=\"elementor-heading-title elementor-size-default\">Ofte stilte sp\u00f8rsm\u00e5l<\/h2>\t\t\t\t<\/div>\n\t\t\t\t<\/div>\n\t\t\t\t<div class=\"elementor-element elementor-element-35308e6 elementor-widget elementor-widget-text-editor\" data-id=\"35308e6\" data-element_type=\"widget\" data-e-type=\"widget\" data-widget_type=\"text-editor.default\">\n\t\t\t\t<div class=\"elementor-widget-container\">\n\t\t\t\t\t\t\t\t\t<p class=\"faq-all-uppercase faq-font-medium faq-text-dark\" data-v-372efec2=\"\">HVOR LANG TID TAR LEVERINGEN?<\/p><div id=\"answer_0\" class=\"faq-mt-4 faq-text-default faq-hidden md:faq-block faq-xs-text\" data-v-372efec2=\"\"><p>Jeg pakker og sender varene dine s\u00e5 snart som mulig fra mitt studio i Elverum. Bestiller du st\u00f8rre plakater eller innramming pakkes og sendes de fra min samarbeidspartner p\u00e5 Mysen. Leveringstiden er vanligvis 2\u20135 arbeidsdager fra bestillingsdato p\u00e5 ordre som sendes fra Elverum, men ved plakater\/innramming m\u00e5 man p\u00e5beregene et par ekstra dager. M\u00e5let mitt er \u00e5 sende produktene senest dagen etter at du har bestilt dem.<\/p><p>Hvis du ikke har mottatt varene dine innen avtalt tid, m\u00e5 du f\u00f8rst unders\u00f8ke at du har oppgitt riktig informasjon. Hvis du har oppgitt riktig informasjon, m\u00e5 du kontakte meg p\u00e5 mail innen 30 virkedager etter bestillingen, slik at jeg kan hjelpe deg.<\/p><\/div><p class=\"faq-all-uppercase faq-font-medium faq-text-dark\" data-v-372efec2=\"\">JEG HAR IKKE F\u00c5TT BEKREFTELSE P\u00c5 BESTILLINGEN MIN.<\/p><div id=\"answer_1\" class=\"faq-mt-4 faq-text-default faq-hidden md:faq-block faq-xs-text\" data-v-372efec2=\"\"><p>Hvis du har bestilt varer hos oss, men ikke f\u00e5tt bestillingsbekreftelse, kan det skyldes at du har oppgitt feil e-postadresse. Kontakt oss p\u00e5 <a href=\"mailto:vibeke@poppydesign.no\">e-post <\/a>og sp\u00f8r om jeg har registrert en bestilling fra deg, s\u00e5 kan jeg korrigere e-postadressen og sende bestillingsbekreftelsen din. Det kan ogs\u00e5 skyldes at bestillingen ikke har blitt registrert. <a href=\"mailto:vibeke@poppydesign.no\">Ta kontakt<\/a>, s\u00e5 lager jeg en ny bestilling, slik at du unng\u00e5r dobbeltbestillinger.<\/p><\/div><p class=\"faq-all-uppercase faq-font-medium faq-text-dark\" data-v-372efec2=\"\">HVORDAN GJENNOMF\u00d8RER JEG EN RETUR?<\/p><div id=\"answer_2\" class=\"faq-mt-4 faq-text-default faq-hidden md:faq-block faq-xs-text\" data-v-372efec2=\"\"><p>Du har rett til \u00e5 returnere varer kj\u00f8pt hos oss innen 14 dager. Hvis det har g\u00e5tt mer enn 14 dager siden kj\u00f8pet ditt, kan vi dessverre ikke tilby full refusjon eller bytte. For \u00e5 kunne returnere varen, m\u00e5 varen din v\u00e6re ubrukt og i samme tilstand som du mottok den. Les alt om <a href=\"https:\/\/poppyshoppen.no\/refund_returns\/\">retur og reklamasjon her.<\/a><\/p><p class=\"faq-mb-5 faq-small-text\">Finner du ikke sp\u00f8rsm\u00e5let ditt? Ta kontakt via skjemaet over, s\u00e5 hjelper jeg deg gjerne!<\/p><\/div>\t\t\t\t\t\t\t\t<\/div>\n\t\t\t\t<\/div>\n\t\t\t\t<\/div>\n\t\t\t\t\t<\/div>\n\t\t\t\t<\/div>\n\t\t\t\t<\/div>\n\t\t","protected":false},"excerpt":{"rendered":"<p>Hei! Har du sp\u00f8rsm\u00e5l om bestillingen din eller lurer du p\u00e5 noe om mine produkter? Ta kontakt, jeg vil gjerne h\u00f8re fra deg! \u00a0 Ofte stilte sp\u00f8rsm\u00e5l HVOR LANG TID TAR LEVERINGEN? Jeg pakker og sender varene dine s\u00e5 snart som mulig fra mitt studio i Elverum. Bestiller du st\u00f8rre plakater eller innramming pakkes og [&hellip;]<\/p>\n","protected":false},"author":1,"featured_media":0,"parent":0,"menu_order":0,"comment_status":"closed","ping_status":"closed","template":"elementor_header_footer","meta":{"footnotes":""},"class_list":["post-883","page","type-page","status-publish","hentry"],"yoast_head":"<!-- This site is optimized with the Yoast SEO plugin v27.4 - https:\/\/yoast.com\/product\/yoast-seo-wordpress\/ -->\n<title>Kontakt | Poppyshoppen<\/title>\n<meta name=\"description\" content=\"Kontakt poppyshoppen p\u00e5 e-post hvis du har sp\u00f8rsm\u00e5l om din bestilling eller om du har sp\u00f8rsm\u00e5l om produktene!\" \/>\n<meta name=\"robots\" content=\"index, follow, max-snippet:-1, max-image-preview:large, max-video-preview:-1\" \/>\n<link rel=\"canonical\" href=\"https:\/\/poppyshoppen.no\/en\/kontakt\/\" \/>\n<meta property=\"og:locale\" content=\"en_US\" \/>\n<meta property=\"og:type\" content=\"article\" \/>\n<meta property=\"og:title\" content=\"Kontakt | Poppyshoppen\" \/>\n<meta property=\"og:description\" content=\"Kontakt poppyshoppen p\u00e5 e-post hvis du har sp\u00f8rsm\u00e5l om din bestilling eller om du har sp\u00f8rsm\u00e5l om produktene!\" \/>\n<meta property=\"og:url\" content=\"https:\/\/poppyshoppen.no\/en\/kontakt\/\" \/>\n<meta property=\"og:site_name\" content=\"Poppyshoppen\" \/>\n<meta property=\"article:publisher\" content=\"https:\/\/www.facebook.com\/profile.php?id=61558460251190\" \/>\n<meta property=\"article:modified_time\" content=\"2025-02-12T13:24:21+00:00\" \/>\n<meta property=\"og:image\" content=\"https:\/\/poppyshoppen.no\/wp-content\/uploads\/2024\/11\/poppyshoppen-plakater-til-hjemmet.jpg\" \/>\n\t<meta property=\"og:image:width\" content=\"1200\" \/>\n\t<meta property=\"og:image:height\" content=\"675\" \/>\n\t<meta property=\"og:image:type\" content=\"image\/jpeg\" \/>\n<meta name=\"twitter:card\" content=\"summary_large_image\" \/>\n<meta name=\"twitter:label1\" content=\"Est. reading time\" \/>\n\t<meta name=\"twitter:data1\" content=\"2 minutes\" \/>\n<script type=\"application\/ld+json\" class=\"yoast-schema-graph\">{\"@context\":\"https:\\\/\\\/schema.org\",\"@graph\":[{\"@type\":\"WebPage\",\"@id\":\"https:\\\/\\\/poppyshoppen.no\\\/kontakt\\\/\",\"url\":\"https:\\\/\\\/poppyshoppen.no\\\/kontakt\\\/\",\"name\":\"Kontakt | Poppyshoppen\",\"isPartOf\":{\"@id\":\"https:\\\/\\\/poppyshoppen.no\\\/#website\"},\"datePublished\":\"2024-09-18T08:00:28+00:00\",\"dateModified\":\"2025-02-12T13:24:21+00:00\",\"description\":\"Kontakt poppyshoppen p\u00e5 e-post hvis du har sp\u00f8rsm\u00e5l om din bestilling eller om du har sp\u00f8rsm\u00e5l om produktene!\",\"breadcrumb\":{\"@id\":\"https:\\\/\\\/poppyshoppen.no\\\/kontakt\\\/#breadcrumb\"},\"inLanguage\":\"en-US\",\"potentialAction\":[{\"@type\":\"ReadAction\",\"target\":[\"https:\\\/\\\/poppyshoppen.no\\\/kontakt\\\/\"]}]},{\"@type\":\"BreadcrumbList\",\"@id\":\"https:\\\/\\\/poppyshoppen.no\\\/kontakt\\\/#breadcrumb\",\"itemListElement\":[{\"@type\":\"ListItem\",\"position\":1,\"name\":\"Hjem\",\"item\":\"https:\\\/\\\/poppyshoppen.no\\\/\"},{\"@type\":\"ListItem\",\"position\":2,\"name\":\"Kontakt\"}]},{\"@type\":\"WebSite\",\"@id\":\"https:\\\/\\\/poppyshoppen.no\\\/#website\",\"url\":\"https:\\\/\\\/poppyshoppen.no\\\/\",\"name\":\"Poppyshoppen\",\"description\":\"Gj\u00f8r hverdagen litt mer fargerik\",\"publisher\":{\"@id\":\"https:\\\/\\\/poppyshoppen.no\\\/#organization\"},\"potentialAction\":[{\"@type\":\"SearchAction\",\"target\":{\"@type\":\"EntryPoint\",\"urlTemplate\":\"https:\\\/\\\/poppyshoppen.no\\\/?s={search_term_string}\"},\"query-input\":{\"@type\":\"PropertyValueSpecification\",\"valueRequired\":true,\"valueName\":\"search_term_string\"}}],\"inLanguage\":\"en-US\"},{\"@type\":\"Organization\",\"@id\":\"https:\\\/\\\/poppyshoppen.no\\\/#organization\",\"name\":\"Poppyshoppen\",\"url\":\"https:\\\/\\\/poppyshoppen.no\\\/\",\"logo\":{\"@type\":\"ImageObject\",\"inLanguage\":\"en-US\",\"@id\":\"https:\\\/\\\/poppyshoppen.no\\\/#\\\/schema\\\/logo\\\/image\\\/\",\"url\":\"https:\\\/\\\/poppyshoppen.no\\\/wp-content\\\/uploads\\\/2024\\\/08\\\/cropped-poppyshoppen-logoikon.png\",\"contentUrl\":\"https:\\\/\\\/poppyshoppen.no\\\/wp-content\\\/uploads\\\/2024\\\/08\\\/cropped-poppyshoppen-logoikon.png\",\"width\":512,\"height\":512,\"caption\":\"Poppyshoppen\"},\"image\":{\"@id\":\"https:\\\/\\\/poppyshoppen.no\\\/#\\\/schema\\\/logo\\\/image\\\/\"},\"sameAs\":[\"https:\\\/\\\/www.facebook.com\\\/profile.php?id=61558460251190\",\"https:\\\/\\\/www.instagram.com\\\/poppyshoppen_no\\\/\"]}]}<\/script>\n<!-- \/ Yoast SEO plugin. -->","yoast_head_json":{"title":"Kontakt | Poppyshoppen","description":"Kontakt poppyshoppen p\u00e5 e-post hvis du har sp\u00f8rsm\u00e5l om din bestilling eller om du har sp\u00f8rsm\u00e5l om produktene!","robots":{"index":"index","follow":"follow","max-snippet":"max-snippet:-1","max-image-preview":"max-image-preview:large","max-video-preview":"max-video-preview:-1"},"canonical":"https:\/\/poppyshoppen.no\/en\/kontakt\/","og_locale":"en_US","og_type":"article","og_title":"Kontakt | Poppyshoppen","og_description":"Kontakt poppyshoppen p\u00e5 e-post hvis du har sp\u00f8rsm\u00e5l om din bestilling eller om du har sp\u00f8rsm\u00e5l om produktene!","og_url":"https:\/\/poppyshoppen.no\/en\/kontakt\/","og_site_name":"Poppyshoppen","article_publisher":"https:\/\/www.facebook.com\/profile.php?id=61558460251190","article_modified_time":"2025-02-12T13:24:21+00:00","og_image":[{"width":1200,"height":675,"url":"https:\/\/poppyshoppen.no\/wp-content\/uploads\/2024\/11\/poppyshoppen-plakater-til-hjemmet.jpg","type":"image\/jpeg"}],"twitter_card":"summary_large_image","twitter_misc":{"Est. reading time":"2 minutes"},"schema":{"@context":"https:\/\/schema.org","@graph":[{"@type":"WebPage","@id":"https:\/\/poppyshoppen.no\/kontakt\/","url":"https:\/\/poppyshoppen.no\/kontakt\/","name":"Kontakt | Poppyshoppen","isPartOf":{"@id":"https:\/\/poppyshoppen.no\/#website"},"datePublished":"2024-09-18T08:00:28+00:00","dateModified":"2025-02-12T13:24:21+00:00","description":"Kontakt poppyshoppen p\u00e5 e-post hvis du har sp\u00f8rsm\u00e5l om din bestilling eller om du har sp\u00f8rsm\u00e5l om produktene!","breadcrumb":{"@id":"https:\/\/poppyshoppen.no\/kontakt\/#breadcrumb"},"inLanguage":"en-US","potentialAction":[{"@type":"ReadAction","target":["https:\/\/poppyshoppen.no\/kontakt\/"]}]},{"@type":"BreadcrumbList","@id":"https:\/\/poppyshoppen.no\/kontakt\/#breadcrumb","itemListElement":[{"@type":"ListItem","position":1,"name":"Hjem","item":"https:\/\/poppyshoppen.no\/"},{"@type":"ListItem","position":2,"name":"Kontakt"}]},{"@type":"WebSite","@id":"https:\/\/poppyshoppen.no\/#website","url":"https:\/\/poppyshoppen.no\/","name":"Poppyshoppen","description":"Gj\u00f8r hverdagen litt mer fargerik","publisher":{"@id":"https:\/\/poppyshoppen.no\/#organization"},"potentialAction":[{"@type":"SearchAction","target":{"@type":"EntryPoint","urlTemplate":"https:\/\/poppyshoppen.no\/?s={search_term_string}"},"query-input":{"@type":"PropertyValueSpecification","valueRequired":true,"valueName":"search_term_string"}}],"inLanguage":"en-US"},{"@type":"Organization","@id":"https:\/\/poppyshoppen.no\/#organization","name":"Poppyshoppen","url":"https:\/\/poppyshoppen.no\/","logo":{"@type":"ImageObject","inLanguage":"en-US","@id":"https:\/\/poppyshoppen.no\/#\/schema\/logo\/image\/","url":"https:\/\/poppyshoppen.no\/wp-content\/uploads\/2024\/08\/cropped-poppyshoppen-logoikon.png","contentUrl":"https:\/\/poppyshoppen.no\/wp-content\/uploads\/2024\/08\/cropped-poppyshoppen-logoikon.png","width":512,"height":512,"caption":"Poppyshoppen"},"image":{"@id":"https:\/\/poppyshoppen.no\/#\/schema\/logo\/image\/"},"sameAs":["https:\/\/www.facebook.com\/profile.php?id=61558460251190","https:\/\/www.instagram.com\/poppyshoppen_no\/"]}]}},"jetpack_sharing_enabled":true,"_links":{"self":[{"href":"https:\/\/poppyshoppen.no\/en\/wp-json\/wp\/v2\/pages\/883","targetHints":{"allow":["GET"]}}],"collection":[{"href":"https:\/\/poppyshoppen.no\/en\/wp-json\/wp\/v2\/pages"}],"about":[{"href":"https:\/\/poppyshoppen.no\/en\/wp-json\/wp\/v2\/types\/page"}],"author":[{"embeddable":true,"href":"https:\/\/poppyshoppen.no\/en\/wp-json\/wp\/v2\/users\/1"}],"replies":[{"embeddable":true,"href":"https:\/\/poppyshoppen.no\/en\/wp-json\/wp\/v2\/comments?post=883"}],"version-history":[{"count":4,"href":"https:\/\/poppyshoppen.no\/en\/wp-json\/wp\/v2\/pages\/883\/revisions"}],"predecessor-version":[{"id":1962,"href":"https:\/\/poppyshoppen.no\/en\/wp-json\/wp\/v2\/pages\/883\/revisions\/1962"}],"wp:attachment":[{"href":"https:\/\/poppyshoppen.no\/en\/wp-json\/wp\/v2\/media?parent=883"}],"curies":[{"name":"wp","href":"https:\/\/api.w.org\/{rel}","templated":true}]}}