{"id":885,"date":"2024-09-18T08:01:32","date_gmt":"2024-09-18T08:01:32","guid":{"rendered":"https:\/\/poppyshoppen.no\/?page_id=885"},"modified":"2025-02-12T14:14:17","modified_gmt":"2025-02-12T13:14:17","slug":"min-historie","status":"publish","type":"page","link":"https:\/\/poppyshoppen.no\/en\/min-historie\/","title":{"rendered":"Min historie"},"content":{"rendered":"<div data-elementor-type=\"wp-page\" data-elementor-id=\"885\" class=\"elementor elementor-885\" data-elementor-post-type=\"page\">\n\t\t\t\t<div class=\"elementor-element elementor-element-95ad5d1 e-flex e-con-boxed e-con e-parent\" data-id=\"95ad5d1\" data-element_type=\"container\" data-e-type=\"container\">\n\t\t\t\t\t<div class=\"e-con-inner\">\n\t\t\t\t<div class=\"elementor-element elementor-element-99daa47 elementor-widget elementor-widget-heading\" data-id=\"99daa47\" data-element_type=\"widget\" data-e-type=\"widget\" data-widget_type=\"heading.default\">\n\t\t\t\t<div class=\"elementor-widget-container\">\n\t\t\t\t\t<h1 class=\"elementor-heading-title elementor-size-default\">Min historie<\/h1>\t\t\t\t<\/div>\n\t\t\t\t<\/div>\n\t\t\t\t\t<\/div>\n\t\t\t\t<\/div>\n\t\t<div class=\"elementor-element elementor-element-569af65 e-flex e-con-boxed e-con e-parent\" data-id=\"569af65\" data-element_type=\"container\" data-e-type=\"container\">\n\t\t\t\t\t<div class=\"e-con-inner\">\n\t\t<div class=\"elementor-element elementor-element-8df86bf e-con-full e-flex e-con e-child\" data-id=\"8df86bf\" data-element_type=\"container\" data-e-type=\"container\">\n\t\t\t\t<div class=\"elementor-element elementor-element-eeebaa4 elementor-widget elementor-widget-text-editor\" data-id=\"eeebaa4\" data-element_type=\"widget\" data-e-type=\"widget\" data-widget_type=\"text-editor.default\">\n\t\t\t\t<div class=\"elementor-widget-container\">\n\t\t\t\t\t\t\t\t\t<p data-start=\"94\" data-end=\"288\">Hei! Jeg er Vibeke,- grafisk designer og illustrat\u00f8r og det er jeg som st\u00e5r bak <a href=\"https:\/\/poppydesign.no\"><strong data-start=\"158\" data-end=\"173\">Poppydesign<\/strong><\/a> og <a href=\"https:\/\/poppyshoppen.no\/en\/\"><strong data-start=\"177\" data-end=\"193\">Poppyshoppen<\/strong><\/a>. Jeg trives aller best med en kaffekopp i h\u00e5nda, omgitt av tegne- og malesaker, fine farger og fine folk.<\/p><p data-start=\"290\" data-end=\"575\">Jeg deler arbeidstiden min mellom hjemmestudioet mitt og studioet mitt i et kontorfellesskap, hvor jeg b\u00e5de jobber med kunsten min og driver Poppyshoppen sitt lille utsalg (verdens minste butikk liker jeg \u00e5 kalle det). Her kan du komme innom og titte p\u00e5 produkter, samtidig som du f\u00e5r en liten dose inspirasjon fra et kreativt milj\u00f8.<\/p><p data-start=\"577\" data-end=\"840\">Navnet? Det er inspirert av min favorittdukke fra barndommen, Poppy! En koselig p\u00e5minnelse om mine f\u00f8rste steg inn i den kreative verden. Gjennom \u00e5rene har kj\u00e6rligheten min for illustrasjon og design vokst, og det samme har \u00f8nsket om \u00e5 spre glede med kunsten min.<\/p><p data-start=\"842\" data-end=\"1066\">I <strong data-start=\"844\" data-end=\"860\">Poppyshoppen<\/strong> finner du derfor produkter skapt med kj\u00e6rlighet for detaljer, sesonger og det lekne uttrykket. Alt med et snev av min lidenskap for natur og de ulike \u00e5rstidenes sjarm. Jeg h\u00e5per du finner noe som f\u00e5r deg til \u00e5 smile!<\/p><p data-start=\"1068\" data-end=\"1126\">Velkommen til min fargerike verden!<\/p>\t\t\t\t\t\t\t\t<\/div>\n\t\t\t\t<\/div>\n\t\t\t\t<div class=\"elementor-element elementor-element-a279b72 elementor-shape-circle e-grid-align-left elementor-grid-0 elementor-widget elementor-widget-social-icons\" data-id=\"a279b72\" data-element_type=\"widget\" data-e-type=\"widget\" data-widget_type=\"social-icons.default\">\n\t\t\t\t<div class=\"elementor-widget-container\">\n\t\t\t\t\t\t\t<div class=\"elementor-social-icons-wrapper elementor-grid\">\n\t\t\t\t\t\t\t<span class=\"elementor-grid-item\">\n\t\t\t\t\t<a class=\"elementor-icon elementor-social-icon elementor-social-icon-instagram elementor-repeater-item-7dd9563\" href=\"https:\/\/www.instagram.com\/poppydesign\" target=\"_blank\">\n\t\t\t\t\t\t<span class=\"elementor-screen-only\">Instagram<\/span>\n\t\t\t\t\t\t<svg aria-hidden=\"true\" class=\"e-font-icon-svg e-fab-instagram\" viewbox=\"0 0 448 512\" xmlns=\"http:\/\/www.w3.org\/2000\/svg\"><path d=\"M224.1 141c-63.6 0-114.9 51.3-114.9 114.9s51.3 114.9 114.9 114.9S339 319.5 339 255.9 287.7 141 224.1 141zm0 189.6c-41.1 0-74.7-33.5-74.7-74.7s33.5-74.7 74.7-74.7 74.7 33.5 74.7 74.7-33.6 74.7-74.7 74.7zm146.4-194.3c0 14.9-12 26.8-26.8 26.8-14.9 0-26.8-12-26.8-26.8s12-26.8 26.8-26.8 26.8 12 26.8 26.8zm76.1 27.2c-1.7-35.9-9.9-67.7-36.2-93.9-26.2-26.2-58-34.4-93.9-36.2-37-2.1-147.9-2.1-184.9 0-35.8 1.7-67.6 9.9-93.9 36.1s-34.4 58-36.2 93.9c-2.1 37-2.1 147.9 0 184.9 1.7 35.9 9.9 67.7 36.2 93.9s58 34.4 93.9 36.2c37 2.1 147.9 2.1 184.9 0 35.9-1.7 67.7-9.9 93.9-36.2 26.2-26.2 34.4-58 36.2-93.9 2.1-37 2.1-147.8 0-184.8zM398.8 388c-7.8 19.6-22.9 34.7-42.6 42.6-29.5 11.7-99.5 9-132.1 9s-102.7 2.6-132.1-9c-19.6-7.8-34.7-22.9-42.6-42.6-11.7-29.5-9-99.5-9-132.1s-2.6-102.7 9-132.1c7.8-19.6 22.9-34.7 42.6-42.6 29.5-11.7 99.5-9 132.1-9s102.7-2.6 132.1 9c19.6 7.8 34.7 22.9 42.6 42.6 11.7 29.5 9 99.5 9 132.1s2.7 102.7-9 132.1z\"><\/path><\/svg>\t\t\t\t\t<\/a>\n\t\t\t\t<\/span>\n\t\t\t\t\t<\/div>\n\t\t\t\t\t\t<\/div>\n\t\t\t\t<\/div>\n\t\t\t\t<\/div>\n\t\t<div class=\"elementor-element elementor-element-2f611d5 e-con-full e-flex e-con e-child\" data-id=\"2f611d5\" data-element_type=\"container\" data-e-type=\"container\">\n\t\t\t\t<div class=\"elementor-element elementor-element-888283f elementor-widget elementor-widget-image\" data-id=\"888283f\" data-element_type=\"widget\" data-e-type=\"widget\" data-widget_type=\"image.default\">\n\t\t\t\t<div class=\"elementor-widget-container\">\n\t\t\t\t\t\t\t\t\t\t\t\t\t\t\t<img fetchpriority=\"high\" decoding=\"async\" width=\"1707\" height=\"2560\" src=\"https:\/\/poppyshoppen.no\/wp-content\/uploads\/2025\/02\/20161010-20161010-IMG_8541-scaled.jpg\" class=\"attachment-full size-full wp-image-1966\" alt=\"Bilde av Vibeke Spigseth Larsen som driver poppydesign og poppyshoppen\" srcset=\"https:\/\/poppyshoppen.no\/wp-content\/uploads\/2025\/02\/20161010-20161010-IMG_8541-scaled.jpg 1707w, https:\/\/poppyshoppen.no\/wp-content\/uploads\/2025\/02\/20161010-20161010-IMG_8541-200x300.jpg 200w, https:\/\/poppyshoppen.no\/wp-content\/uploads\/2025\/02\/20161010-20161010-IMG_8541-1280x1920.jpg 1280w, https:\/\/poppyshoppen.no\/wp-content\/uploads\/2025\/02\/20161010-20161010-IMG_8541-768x1152.jpg 768w, https:\/\/poppyshoppen.no\/wp-content\/uploads\/2025\/02\/20161010-20161010-IMG_8541-1024x1536.jpg 1024w, https:\/\/poppyshoppen.no\/wp-content\/uploads\/2025\/02\/20161010-20161010-IMG_8541-1365x2048.jpg 1365w, https:\/\/poppyshoppen.no\/wp-content\/uploads\/2025\/02\/20161010-20161010-IMG_8541-8x12.jpg 8w, https:\/\/poppyshoppen.no\/wp-content\/uploads\/2025\/02\/20161010-20161010-IMG_8541-600x900.jpg 600w\" sizes=\"(max-width: 1707px) 100vw, 1707px\" \/>\t\t\t\t\t\t\t\t\t\t\t\t\t\t\t<\/div>\n\t\t\t\t<\/div>\n\t\t\t\t<\/div>\n\t\t\t\t\t<\/div>\n\t\t\t\t<\/div>\n\t\t<div class=\"elementor-element elementor-element-5165ee0 e-flex e-con-boxed e-con e-parent\" data-id=\"5165ee0\" data-element_type=\"container\" data-e-type=\"container\" data-settings=\"{&quot;background_background&quot;:&quot;classic&quot;}\">\n\t\t\t\t\t<div class=\"e-con-inner\">\n\t\t\t\t<div class=\"elementor-element elementor-element-7af628f elementor-widget elementor-widget-heading\" data-id=\"7af628f\" data-element_type=\"widget\" data-e-type=\"widget\" data-widget_type=\"heading.default\">\n\t\t\t\t<div class=\"elementor-widget-container\">\n\t\t\t\t\t<h6 class=\"elementor-heading-title elementor-size-default\">Finn dine favoritter blant fargerike print, stickers og andre sm\u00e5 skatter!<\/h6>\t\t\t\t<\/div>\n\t\t\t\t<\/div>\n\t\t\t\t<div class=\"elementor-element elementor-element-b29701f elementor-align-center elementor-widget elementor-widget-button\" data-id=\"b29701f\" data-element_type=\"widget\" data-e-type=\"widget\" data-widget_type=\"button.default\">\n\t\t\t\t<div class=\"elementor-widget-container\">\n\t\t\t\t\t\t\t\t\t<div class=\"elementor-button-wrapper\">\n\t\t\t\t\t<a class=\"elementor-button elementor-button-link elementor-size-sm\" href=\"https:\/\/poppyshoppen.no\/en\/shop\/\">\n\t\t\t\t\t\t<span class=\"elementor-button-content-wrapper\">\n\t\t\t\t\t\t\t\t\t<span class=\"elementor-button-text\">Se hele utvalget<\/span>\n\t\t\t\t\t<\/span>\n\t\t\t\t\t<\/a>\n\t\t\t\t<\/div>\n\t\t\t\t\t\t\t\t<\/div>\n\t\t\t\t<\/div>\n\t\t\t\t\t<\/div>\n\t\t\t\t<\/div>\n\t\t\t\t<\/div>","protected":false},"excerpt":{"rendered":"<p>Min historie Hei! Jeg er Vibeke,- grafisk designer og illustrat\u00f8r og det er jeg som st\u00e5r bak Poppydesign og Poppyshoppen. Jeg trives aller best med en kaffekopp i h\u00e5nda, omgitt av tegne- og malesaker, fine farger og fine folk. Jeg deler arbeidstiden min mellom hjemmestudioet mitt og studioet mitt i et kontorfellesskap, hvor jeg b\u00e5de [&hellip;]<\/p>\n","protected":false},"author":1,"featured_media":0,"parent":0,"menu_order":0,"comment_status":"closed","ping_status":"closed","template":"elementor_header_footer","meta":{"footnotes":""},"class_list":["post-885","page","type-page","status-publish","hentry"],"yoast_head":"<!-- This site is optimized with the Yoast SEO plugin v27.4 - https:\/\/yoast.com\/product\/yoast-seo-wordpress\/ -->\n<title>Min historie | Poppyshoppen<\/title>\n<meta name=\"description\" content=\"Min historie | Poppyshoppen\" \/>\n<meta name=\"robots\" content=\"index, follow, max-snippet:-1, max-image-preview:large, max-video-preview:-1\" \/>\n<link rel=\"canonical\" href=\"https:\/\/poppyshoppen.no\/en\/min-historie\/\" \/>\n<meta property=\"og:locale\" content=\"en_US\" \/>\n<meta property=\"og:type\" content=\"article\" \/>\n<meta property=\"og:title\" content=\"Min historie | Poppyshoppen\" \/>\n<meta property=\"og:description\" content=\"Min historie | Poppyshoppen\" \/>\n<meta property=\"og:url\" content=\"https:\/\/poppyshoppen.no\/en\/min-historie\/\" \/>\n<meta property=\"og:site_name\" content=\"Poppyshoppen\" \/>\n<meta property=\"article:publisher\" content=\"https:\/\/www.facebook.com\/profile.php?id=61558460251190\" \/>\n<meta property=\"article:modified_time\" content=\"2025-02-12T13:14:17+00:00\" \/>\n<meta property=\"og:image\" content=\"https:\/\/poppyshoppen.no\/wp-content\/uploads\/2025\/02\/20161010-20161010-IMG_8541-scaled.jpg\" \/>\n\t<meta property=\"og:image:width\" content=\"1707\" \/>\n\t<meta property=\"og:image:height\" content=\"2560\" \/>\n\t<meta property=\"og:image:type\" content=\"image\/jpeg\" \/>\n<meta name=\"twitter:card\" content=\"summary_large_image\" \/>\n<meta name=\"twitter:label1\" content=\"Est. reading time\" \/>\n\t<meta name=\"twitter:data1\" content=\"2 minutes\" \/>\n<script type=\"application\/ld+json\" class=\"yoast-schema-graph\">{\"@context\":\"https:\\\/\\\/schema.org\",\"@graph\":[{\"@type\":\"WebPage\",\"@id\":\"https:\\\/\\\/poppyshoppen.no\\\/min-historie\\\/\",\"url\":\"https:\\\/\\\/poppyshoppen.no\\\/min-historie\\\/\",\"name\":\"Min historie | Poppyshoppen\",\"isPartOf\":{\"@id\":\"https:\\\/\\\/poppyshoppen.no\\\/#website\"},\"primaryImageOfPage\":{\"@id\":\"https:\\\/\\\/poppyshoppen.no\\\/min-historie\\\/#primaryimage\"},\"image\":{\"@id\":\"https:\\\/\\\/poppyshoppen.no\\\/min-historie\\\/#primaryimage\"},\"thumbnailUrl\":\"https:\\\/\\\/poppyshoppen.no\\\/wp-content\\\/uploads\\\/2025\\\/02\\\/20161010-20161010-IMG_8541-scaled.jpg\",\"datePublished\":\"2024-09-18T08:01:32+00:00\",\"dateModified\":\"2025-02-12T13:14:17+00:00\",\"description\":\"Min historie | Poppyshoppen\",\"breadcrumb\":{\"@id\":\"https:\\\/\\\/poppyshoppen.no\\\/min-historie\\\/#breadcrumb\"},\"inLanguage\":\"en-US\",\"potentialAction\":[{\"@type\":\"ReadAction\",\"target\":[\"https:\\\/\\\/poppyshoppen.no\\\/min-historie\\\/\"]}]},{\"@type\":\"ImageObject\",\"inLanguage\":\"en-US\",\"@id\":\"https:\\\/\\\/poppyshoppen.no\\\/min-historie\\\/#primaryimage\",\"url\":\"https:\\\/\\\/poppyshoppen.no\\\/wp-content\\\/uploads\\\/2025\\\/02\\\/20161010-20161010-IMG_8541-scaled.jpg\",\"contentUrl\":\"https:\\\/\\\/poppyshoppen.no\\\/wp-content\\\/uploads\\\/2025\\\/02\\\/20161010-20161010-IMG_8541-scaled.jpg\"},{\"@type\":\"BreadcrumbList\",\"@id\":\"https:\\\/\\\/poppyshoppen.no\\\/min-historie\\\/#breadcrumb\",\"itemListElement\":[{\"@type\":\"ListItem\",\"position\":1,\"name\":\"Hjem\",\"item\":\"https:\\\/\\\/poppyshoppen.no\\\/\"},{\"@type\":\"ListItem\",\"position\":2,\"name\":\"Min historie\"}]},{\"@type\":\"WebSite\",\"@id\":\"https:\\\/\\\/poppyshoppen.no\\\/#website\",\"url\":\"https:\\\/\\\/poppyshoppen.no\\\/\",\"name\":\"Poppyshoppen\",\"description\":\"Gj\u00f8r hverdagen litt mer fargerik\",\"publisher\":{\"@id\":\"https:\\\/\\\/poppyshoppen.no\\\/#organization\"},\"potentialAction\":[{\"@type\":\"SearchAction\",\"target\":{\"@type\":\"EntryPoint\",\"urlTemplate\":\"https:\\\/\\\/poppyshoppen.no\\\/?s={search_term_string}\"},\"query-input\":{\"@type\":\"PropertyValueSpecification\",\"valueRequired\":true,\"valueName\":\"search_term_string\"}}],\"inLanguage\":\"en-US\"},{\"@type\":\"Organization\",\"@id\":\"https:\\\/\\\/poppyshoppen.no\\\/#organization\",\"name\":\"Poppyshoppen\",\"url\":\"https:\\\/\\\/poppyshoppen.no\\\/\",\"logo\":{\"@type\":\"ImageObject\",\"inLanguage\":\"en-US\",\"@id\":\"https:\\\/\\\/poppyshoppen.no\\\/#\\\/schema\\\/logo\\\/image\\\/\",\"url\":\"https:\\\/\\\/poppyshoppen.no\\\/wp-content\\\/uploads\\\/2024\\\/08\\\/cropped-poppyshoppen-logoikon.png\",\"contentUrl\":\"https:\\\/\\\/poppyshoppen.no\\\/wp-content\\\/uploads\\\/2024\\\/08\\\/cropped-poppyshoppen-logoikon.png\",\"width\":512,\"height\":512,\"caption\":\"Poppyshoppen\"},\"image\":{\"@id\":\"https:\\\/\\\/poppyshoppen.no\\\/#\\\/schema\\\/logo\\\/image\\\/\"},\"sameAs\":[\"https:\\\/\\\/www.facebook.com\\\/profile.php?id=61558460251190\",\"https:\\\/\\\/www.instagram.com\\\/poppyshoppen_no\\\/\"]}]}<\/script>\n<!-- \/ Yoast SEO plugin. -->","yoast_head_json":{"title":"Min historie | Poppyshoppen","description":"Min historie | Poppyshoppen","robots":{"index":"index","follow":"follow","max-snippet":"max-snippet:-1","max-image-preview":"max-image-preview:large","max-video-preview":"max-video-preview:-1"},"canonical":"https:\/\/poppyshoppen.no\/en\/min-historie\/","og_locale":"en_US","og_type":"article","og_title":"Min historie | Poppyshoppen","og_description":"Min historie | Poppyshoppen","og_url":"https:\/\/poppyshoppen.no\/en\/min-historie\/","og_site_name":"Poppyshoppen","article_publisher":"https:\/\/www.facebook.com\/profile.php?id=61558460251190","article_modified_time":"2025-02-12T13:14:17+00:00","og_image":[{"width":1707,"height":2560,"url":"https:\/\/poppyshoppen.no\/wp-content\/uploads\/2025\/02\/20161010-20161010-IMG_8541-scaled.jpg","type":"image\/jpeg"}],"twitter_card":"summary_large_image","twitter_misc":{"Est. reading time":"2 minutes"},"schema":{"@context":"https:\/\/schema.org","@graph":[{"@type":"WebPage","@id":"https:\/\/poppyshoppen.no\/min-historie\/","url":"https:\/\/poppyshoppen.no\/min-historie\/","name":"Min historie | Poppyshoppen","isPartOf":{"@id":"https:\/\/poppyshoppen.no\/#website"},"primaryImageOfPage":{"@id":"https:\/\/poppyshoppen.no\/min-historie\/#primaryimage"},"image":{"@id":"https:\/\/poppyshoppen.no\/min-historie\/#primaryimage"},"thumbnailUrl":"https:\/\/poppyshoppen.no\/wp-content\/uploads\/2025\/02\/20161010-20161010-IMG_8541-scaled.jpg","datePublished":"2024-09-18T08:01:32+00:00","dateModified":"2025-02-12T13:14:17+00:00","description":"Min historie | Poppyshoppen","breadcrumb":{"@id":"https:\/\/poppyshoppen.no\/min-historie\/#breadcrumb"},"inLanguage":"en-US","potentialAction":[{"@type":"ReadAction","target":["https:\/\/poppyshoppen.no\/min-historie\/"]}]},{"@type":"ImageObject","inLanguage":"en-US","@id":"https:\/\/poppyshoppen.no\/min-historie\/#primaryimage","url":"https:\/\/poppyshoppen.no\/wp-content\/uploads\/2025\/02\/20161010-20161010-IMG_8541-scaled.jpg","contentUrl":"https:\/\/poppyshoppen.no\/wp-content\/uploads\/2025\/02\/20161010-20161010-IMG_8541-scaled.jpg"},{"@type":"BreadcrumbList","@id":"https:\/\/poppyshoppen.no\/min-historie\/#breadcrumb","itemListElement":[{"@type":"ListItem","position":1,"name":"Hjem","item":"https:\/\/poppyshoppen.no\/"},{"@type":"ListItem","position":2,"name":"Min historie"}]},{"@type":"WebSite","@id":"https:\/\/poppyshoppen.no\/#website","url":"https:\/\/poppyshoppen.no\/","name":"Poppyshoppen","description":"Gj\u00f8r hverdagen litt mer fargerik","publisher":{"@id":"https:\/\/poppyshoppen.no\/#organization"},"potentialAction":[{"@type":"SearchAction","target":{"@type":"EntryPoint","urlTemplate":"https:\/\/poppyshoppen.no\/?s={search_term_string}"},"query-input":{"@type":"PropertyValueSpecification","valueRequired":true,"valueName":"search_term_string"}}],"inLanguage":"en-US"},{"@type":"Organization","@id":"https:\/\/poppyshoppen.no\/#organization","name":"Poppyshoppen","url":"https:\/\/poppyshoppen.no\/","logo":{"@type":"ImageObject","inLanguage":"en-US","@id":"https:\/\/poppyshoppen.no\/#\/schema\/logo\/image\/","url":"https:\/\/poppyshoppen.no\/wp-content\/uploads\/2024\/08\/cropped-poppyshoppen-logoikon.png","contentUrl":"https:\/\/poppyshoppen.no\/wp-content\/uploads\/2024\/08\/cropped-poppyshoppen-logoikon.png","width":512,"height":512,"caption":"Poppyshoppen"},"image":{"@id":"https:\/\/poppyshoppen.no\/#\/schema\/logo\/image\/"},"sameAs":["https:\/\/www.facebook.com\/profile.php?id=61558460251190","https:\/\/www.instagram.com\/poppyshoppen_no\/"]}]}},"jetpack_sharing_enabled":true,"_links":{"self":[{"href":"https:\/\/poppyshoppen.no\/en\/wp-json\/wp\/v2\/pages\/885","targetHints":{"allow":["GET"]}}],"collection":[{"href":"https:\/\/poppyshoppen.no\/en\/wp-json\/wp\/v2\/pages"}],"about":[{"href":"https:\/\/poppyshoppen.no\/en\/wp-json\/wp\/v2\/types\/page"}],"author":[{"embeddable":true,"href":"https:\/\/poppyshoppen.no\/en\/wp-json\/wp\/v2\/users\/1"}],"replies":[{"embeddable":true,"href":"https:\/\/poppyshoppen.no\/en\/wp-json\/wp\/v2\/comments?post=885"}],"version-history":[{"count":7,"href":"https:\/\/poppyshoppen.no\/en\/wp-json\/wp\/v2\/pages\/885\/revisions"}],"predecessor-version":[{"id":1973,"href":"https:\/\/poppyshoppen.no\/en\/wp-json\/wp\/v2\/pages\/885\/revisions\/1973"}],"wp:attachment":[{"href":"https:\/\/poppyshoppen.no\/en\/wp-json\/wp\/v2\/media?parent=885"}],"curies":[{"name":"wp","href":"https:\/\/api.w.org\/{rel}","templated":true}]}}