{"id":1023,"date":"2024-09-18T18:31:08","date_gmt":"2024-09-18T18:31:08","guid":{"rendered":"https:\/\/poppyshoppen.no\/?post_type=product&#038;p=1023"},"modified":"2025-12-19T11:58:27","modified_gmt":"2025-12-19T10:58:27","slug":"notatblokk-ting","status":"publish","type":"product","link":"https:\/\/poppyshoppen.no\/en\/product\/notatblokk-ting\/","title":{"rendered":"Notatblokk &#8211; Ting"},"content":{"rendered":"<p>Notatblokk &#8211; Ting. Morsom og praktisk huskeliste med bl\u00e5 spettet kant og blomsterdekor. P\u00e5 toppen st\u00e5r teksten: Ting jeg faktisk tror jeg skal f\u00e5r gjort.\u00a0 Notatblokken har 50 ark i 100g papir, og tykk kartong p\u00e5 baksiden. Det er 9 linjer til \u00e5 notere p\u00e5. Praktisk \u00e5 ha i vesken eller p\u00e5 hjemmekontoret for enkelt \u00e5 notere ned ting du kommer p\u00e5!<\/p>\n<p>St\u00f8rrelse: <span class=\"NA6bn BxUVEf ILfuVd\" lang=\"en\"><span class=\"hgKElc\">A6<\/span><\/span><\/p>\n<p>PS! Penn f\u00f8lger ikke med.<\/p>\n<p>&nbsp;<\/p>\n<p>&#8212;&#8212;<\/p>\n<p><a href=\"https:\/\/poppyshoppen.no\/en\/product-category\/til-skrivepulten\/\">Notatblokkene fra Poppydesign<\/a> er b\u00e5de praktiske og koselige tillegg til hverdagen! Med fargerikt design og kvalitetspapir gj\u00f8r de det lettere \u00e5 holde orden p\u00e5 alt fra huskelister til to-do-lister. Enten du bruker en notatblokk for \u00e5 f\u00e5 ned raske tanker, eller en notat bok for lengre notater og planer, gir Poppydesigns notatblokker deg en liten dose kreativitet hver gang du skriver.<\/p>\n<p>For deg som elsker struktur, er en fin notatblokk gull verdt. Notatb\u00f8kene kommer i ulike st\u00f8rrelser og stiler, s\u00e5 det er lett \u00e5 finne noe som passer b\u00e5de til skrivebordet og vesken. De er ogs\u00e5 flotte gaver, praktiske, personlige, og fylt med muligheter for b\u00e5de sm\u00e5 og store planer.<\/p>\n<p>Enten du kaller det en notatbok, notat blokk, eller huskeliste, er disse b\u00f8kene perfekte til daglig bruk og holder deg organisert p\u00e5 en fargerik m\u00e5te.<\/p>","protected":false},"excerpt":{"rendered":"<p>Praktisk huskeliste med bl\u00e5 ramme og teksten ting jeg faktisk tror jeg skal f\u00e5 gjort. 50 ark.<\/p>","protected":false},"featured_media":1015,"comment_status":"open","ping_status":"closed","template":"","meta":[],"product_brand":[],"product_cat":[136,37,36],"product_tag":[56,55],"class_list":{"0":"post-1023","1":"product","2":"type-product","3":"status-publish","4":"has-post-thumbnail","6":"product_cat-morsdag","7":"product_cat-notatblokker","8":"product_cat-til-skrivepulten","9":"product_tag-lemon","10":"product_tag-sitron","11":"product_shipping_class-norge","13":"first","14":"instock","15":"taxable","16":"shipping-taxable","17":"purchasable","18":"product-type-simple"},"bundled_by":["1024"],"bundle_stock_status":"instock","bundle_stock_quantity":3,"bundle_virtual":false,"bundle_layout":"","bundle_add_to_cart_form_location":"","bundle_editable_in_cart":false,"bundle_sold_individually_context":"","bundle_item_grouping":"","bundle_min_size":"","bundle_max_size":"","bundle_price":[],"bundled_items":[],"bundle_sell_ids":[],"exclude_global_add_ons":[],"addons":[],"yoast_head":"<!-- This site is optimized with the Yoast SEO plugin v27.3 - https:\/\/yoast.com\/product\/yoast-seo-wordpress\/ -->\n<title>Notatblokk - Ting | Poppyshoppen<\/title>\n<meta name=\"description\" content=\"Notatblokk - Ting. Morsom og praktisk huskeliste med bl\u00e5 spettet kant og blomsterdekor. Praktisk og koselig tillegg til hverdagen!\" \/>\n<meta name=\"robots\" content=\"index, follow, max-snippet:-1, max-image-preview:large, max-video-preview:-1\" \/>\n<link rel=\"canonical\" href=\"https:\/\/poppyshoppen.no\/en\/product\/notatblokk-ting\/\" \/>\n<meta property=\"og:locale\" content=\"en_US\" \/>\n<meta property=\"og:type\" content=\"article\" \/>\n<meta property=\"og:title\" content=\"Notatblokk - Ting | Poppyshoppen\" \/>\n<meta property=\"og:description\" content=\"Notatblokk - Ting. Morsom og praktisk huskeliste med bl\u00e5 spettet kant og blomsterdekor. Praktisk og koselig tillegg til hverdagen!\" \/>\n<meta property=\"og:url\" content=\"https:\/\/poppyshoppen.no\/en\/product\/notatblokk-ting\/\" \/>\n<meta property=\"og:site_name\" content=\"Poppyshoppen\" \/>\n<meta property=\"article:publisher\" content=\"https:\/\/www.facebook.com\/profile.php?id=61558460251190\" \/>\n<meta property=\"article:modified_time\" content=\"2025-12-19T10:58:27+00:00\" \/>\n<meta property=\"og:image\" content=\"https:\/\/poppyshoppen.no\/wp-content\/uploads\/2024\/09\/127_ting_blue_poppydesign_liste_1-kopi.jpg\" \/>\n\t<meta property=\"og:image:width\" content=\"800\" \/>\n\t<meta property=\"og:image:height\" content=\"800\" \/>\n\t<meta property=\"og:image:type\" content=\"image\/jpeg\" \/>\n<meta name=\"twitter:card\" content=\"summary_large_image\" \/>\n<meta name=\"twitter:label1\" content=\"Est. reading time\" \/>\n\t<meta name=\"twitter:data1\" content=\"2 minutes\" \/>\n<script type=\"application\/ld+json\" class=\"yoast-schema-graph\">{\"@context\":\"https:\\\/\\\/schema.org\",\"@graph\":[{\"@type\":\"WebPage\",\"@id\":\"https:\\\/\\\/poppyshoppen.no\\\/produkt\\\/notatblokk-ting\\\/\",\"url\":\"https:\\\/\\\/poppyshoppen.no\\\/produkt\\\/notatblokk-ting\\\/\",\"name\":\"Notatblokk - Ting | Poppyshoppen\",\"isPartOf\":{\"@id\":\"https:\\\/\\\/poppyshoppen.no\\\/#website\"},\"primaryImageOfPage\":{\"@id\":\"https:\\\/\\\/poppyshoppen.no\\\/produkt\\\/notatblokk-ting\\\/#primaryimage\"},\"image\":{\"@id\":\"https:\\\/\\\/poppyshoppen.no\\\/produkt\\\/notatblokk-ting\\\/#primaryimage\"},\"thumbnailUrl\":\"https:\\\/\\\/poppyshoppen.no\\\/wp-content\\\/uploads\\\/2024\\\/09\\\/127_ting_blue_poppydesign_liste_1-kopi.jpg\",\"datePublished\":\"2024-09-18T18:31:08+00:00\",\"dateModified\":\"2025-12-19T10:58:27+00:00\",\"description\":\"Notatblokk - Ting. Morsom og praktisk huskeliste med bl\u00e5 spettet kant og blomsterdekor. Praktisk og koselig tillegg til hverdagen!\",\"breadcrumb\":{\"@id\":\"https:\\\/\\\/poppyshoppen.no\\\/produkt\\\/notatblokk-ting\\\/#breadcrumb\"},\"inLanguage\":\"en-US\",\"potentialAction\":[{\"@type\":\"ReadAction\",\"target\":[\"https:\\\/\\\/poppyshoppen.no\\\/produkt\\\/notatblokk-ting\\\/\"]}]},{\"@type\":\"ImageObject\",\"inLanguage\":\"en-US\",\"@id\":\"https:\\\/\\\/poppyshoppen.no\\\/produkt\\\/notatblokk-ting\\\/#primaryimage\",\"url\":\"https:\\\/\\\/poppyshoppen.no\\\/wp-content\\\/uploads\\\/2024\\\/09\\\/127_ting_blue_poppydesign_liste_1-kopi.jpg\",\"contentUrl\":\"https:\\\/\\\/poppyshoppen.no\\\/wp-content\\\/uploads\\\/2024\\\/09\\\/127_ting_blue_poppydesign_liste_1-kopi.jpg\",\"width\":800,\"height\":800,\"caption\":\"Notatblokk med tekst\"},{\"@type\":\"BreadcrumbList\",\"@id\":\"https:\\\/\\\/poppyshoppen.no\\\/produkt\\\/notatblokk-ting\\\/#breadcrumb\",\"itemListElement\":[{\"@type\":\"ListItem\",\"position\":1,\"name\":\"Hjem\",\"item\":\"https:\\\/\\\/poppyshoppen.no\\\/\"},{\"@type\":\"ListItem\",\"position\":2,\"name\":\"Shop\",\"item\":\"https:\\\/\\\/poppyshoppen.no\\\/shop\\\/\"},{\"@type\":\"ListItem\",\"position\":3,\"name\":\"Notatblokk &#8211; Ting\"}]},{\"@type\":\"WebSite\",\"@id\":\"https:\\\/\\\/poppyshoppen.no\\\/#website\",\"url\":\"https:\\\/\\\/poppyshoppen.no\\\/\",\"name\":\"Poppyshoppen\",\"description\":\"Gj\u00f8r hverdagen litt mer fargerik\",\"publisher\":{\"@id\":\"https:\\\/\\\/poppyshoppen.no\\\/#organization\"},\"potentialAction\":[{\"@type\":\"SearchAction\",\"target\":{\"@type\":\"EntryPoint\",\"urlTemplate\":\"https:\\\/\\\/poppyshoppen.no\\\/?s={search_term_string}\"},\"query-input\":{\"@type\":\"PropertyValueSpecification\",\"valueRequired\":true,\"valueName\":\"search_term_string\"}}],\"inLanguage\":\"en-US\"},{\"@type\":\"Organization\",\"@id\":\"https:\\\/\\\/poppyshoppen.no\\\/#organization\",\"name\":\"Poppyshoppen\",\"url\":\"https:\\\/\\\/poppyshoppen.no\\\/\",\"logo\":{\"@type\":\"ImageObject\",\"inLanguage\":\"en-US\",\"@id\":\"https:\\\/\\\/poppyshoppen.no\\\/#\\\/schema\\\/logo\\\/image\\\/\",\"url\":\"https:\\\/\\\/poppyshoppen.no\\\/wp-content\\\/uploads\\\/2024\\\/08\\\/cropped-poppyshoppen-logoikon.png\",\"contentUrl\":\"https:\\\/\\\/poppyshoppen.no\\\/wp-content\\\/uploads\\\/2024\\\/08\\\/cropped-poppyshoppen-logoikon.png\",\"width\":512,\"height\":512,\"caption\":\"Poppyshoppen\"},\"image\":{\"@id\":\"https:\\\/\\\/poppyshoppen.no\\\/#\\\/schema\\\/logo\\\/image\\\/\"},\"sameAs\":[\"https:\\\/\\\/www.facebook.com\\\/profile.php?id=61558460251190\",\"https:\\\/\\\/www.instagram.com\\\/poppyshoppen_no\\\/\"]}]}<\/script>\n<!-- \/ Yoast SEO plugin. -->","yoast_head_json":{"title":"Notatblokk - Ting | Poppyshoppen","description":"Notatblokk - Ting. Morsom og praktisk huskeliste med bl\u00e5 spettet kant og blomsterdekor. Praktisk og koselig tillegg til hverdagen!","robots":{"index":"index","follow":"follow","max-snippet":"max-snippet:-1","max-image-preview":"max-image-preview:large","max-video-preview":"max-video-preview:-1"},"canonical":"https:\/\/poppyshoppen.no\/en\/product\/notatblokk-ting\/","og_locale":"en_US","og_type":"article","og_title":"Notatblokk - Ting | Poppyshoppen","og_description":"Notatblokk - Ting. Morsom og praktisk huskeliste med bl\u00e5 spettet kant og blomsterdekor. Praktisk og koselig tillegg til hverdagen!","og_url":"https:\/\/poppyshoppen.no\/en\/product\/notatblokk-ting\/","og_site_name":"Poppyshoppen","article_publisher":"https:\/\/www.facebook.com\/profile.php?id=61558460251190","article_modified_time":"2025-12-19T10:58:27+00:00","og_image":[{"width":800,"height":800,"url":"https:\/\/poppyshoppen.no\/wp-content\/uploads\/2024\/09\/127_ting_blue_poppydesign_liste_1-kopi.jpg","type":"image\/jpeg"}],"twitter_card":"summary_large_image","twitter_misc":{"Est. reading time":"2 minutes"},"schema":{"@context":"https:\/\/schema.org","@graph":[{"@type":"WebPage","@id":"https:\/\/poppyshoppen.no\/produkt\/notatblokk-ting\/","url":"https:\/\/poppyshoppen.no\/produkt\/notatblokk-ting\/","name":"Notatblokk - Ting | Poppyshoppen","isPartOf":{"@id":"https:\/\/poppyshoppen.no\/#website"},"primaryImageOfPage":{"@id":"https:\/\/poppyshoppen.no\/produkt\/notatblokk-ting\/#primaryimage"},"image":{"@id":"https:\/\/poppyshoppen.no\/produkt\/notatblokk-ting\/#primaryimage"},"thumbnailUrl":"https:\/\/poppyshoppen.no\/wp-content\/uploads\/2024\/09\/127_ting_blue_poppydesign_liste_1-kopi.jpg","datePublished":"2024-09-18T18:31:08+00:00","dateModified":"2025-12-19T10:58:27+00:00","description":"Notatblokk - Ting. Morsom og praktisk huskeliste med bl\u00e5 spettet kant og blomsterdekor. Praktisk og koselig tillegg til hverdagen!","breadcrumb":{"@id":"https:\/\/poppyshoppen.no\/produkt\/notatblokk-ting\/#breadcrumb"},"inLanguage":"en-US","potentialAction":[{"@type":"ReadAction","target":["https:\/\/poppyshoppen.no\/produkt\/notatblokk-ting\/"]}]},{"@type":"ImageObject","inLanguage":"en-US","@id":"https:\/\/poppyshoppen.no\/produkt\/notatblokk-ting\/#primaryimage","url":"https:\/\/poppyshoppen.no\/wp-content\/uploads\/2024\/09\/127_ting_blue_poppydesign_liste_1-kopi.jpg","contentUrl":"https:\/\/poppyshoppen.no\/wp-content\/uploads\/2024\/09\/127_ting_blue_poppydesign_liste_1-kopi.jpg","width":800,"height":800,"caption":"Notatblokk med tekst"},{"@type":"BreadcrumbList","@id":"https:\/\/poppyshoppen.no\/produkt\/notatblokk-ting\/#breadcrumb","itemListElement":[{"@type":"ListItem","position":1,"name":"Hjem","item":"https:\/\/poppyshoppen.no\/"},{"@type":"ListItem","position":2,"name":"Shop","item":"https:\/\/poppyshoppen.no\/shop\/"},{"@type":"ListItem","position":3,"name":"Notatblokk &#8211; Ting"}]},{"@type":"WebSite","@id":"https:\/\/poppyshoppen.no\/#website","url":"https:\/\/poppyshoppen.no\/","name":"Poppyshoppen","description":"Gj\u00f8r hverdagen litt mer fargerik","publisher":{"@id":"https:\/\/poppyshoppen.no\/#organization"},"potentialAction":[{"@type":"SearchAction","target":{"@type":"EntryPoint","urlTemplate":"https:\/\/poppyshoppen.no\/?s={search_term_string}"},"query-input":{"@type":"PropertyValueSpecification","valueRequired":true,"valueName":"search_term_string"}}],"inLanguage":"en-US"},{"@type":"Organization","@id":"https:\/\/poppyshoppen.no\/#organization","name":"Poppyshoppen","url":"https:\/\/poppyshoppen.no\/","logo":{"@type":"ImageObject","inLanguage":"en-US","@id":"https:\/\/poppyshoppen.no\/#\/schema\/logo\/image\/","url":"https:\/\/poppyshoppen.no\/wp-content\/uploads\/2024\/08\/cropped-poppyshoppen-logoikon.png","contentUrl":"https:\/\/poppyshoppen.no\/wp-content\/uploads\/2024\/08\/cropped-poppyshoppen-logoikon.png","width":512,"height":512,"caption":"Poppyshoppen"},"image":{"@id":"https:\/\/poppyshoppen.no\/#\/schema\/logo\/image\/"},"sameAs":["https:\/\/www.facebook.com\/profile.php?id=61558460251190","https:\/\/www.instagram.com\/poppyshoppen_no\/"]}]}},"jetpack_sharing_enabled":true,"_links":{"self":[{"href":"https:\/\/poppyshoppen.no\/en\/wp-json\/wp\/v2\/product\/1023","targetHints":{"allow":["GET"]}}],"collection":[{"href":"https:\/\/poppyshoppen.no\/en\/wp-json\/wp\/v2\/product"}],"about":[{"href":"https:\/\/poppyshoppen.no\/en\/wp-json\/wp\/v2\/types\/product"}],"replies":[{"embeddable":true,"href":"https:\/\/poppyshoppen.no\/en\/wp-json\/wp\/v2\/comments?post=1023"}],"wp:featuredmedia":[{"embeddable":true,"href":"https:\/\/poppyshoppen.no\/en\/wp-json\/wp\/v2\/media\/1015"}],"wp:attachment":[{"href":"https:\/\/poppyshoppen.no\/en\/wp-json\/wp\/v2\/media?parent=1023"}],"wp:term":[{"taxonomy":"product_brand","embeddable":true,"href":"https:\/\/poppyshoppen.no\/en\/wp-json\/wp\/v2\/product_brand?post=1023"},{"taxonomy":"product_cat","embeddable":true,"href":"https:\/\/poppyshoppen.no\/en\/wp-json\/wp\/v2\/product_cat?post=1023"},{"taxonomy":"product_tag","embeddable":true,"href":"https:\/\/poppyshoppen.no\/en\/wp-json\/wp\/v2\/product_tag?post=1023"}],"curies":[{"name":"wp","href":"https:\/\/api.w.org\/{rel}","templated":true}]}}