{"id":1024,"date":"2024-09-18T18:55:15","date_gmt":"2024-09-18T18:55:15","guid":{"rendered":"https:\/\/poppyshoppen.no\/?post_type=product&#038;p=1024"},"modified":"2025-01-15T12:01:21","modified_gmt":"2025-01-15T11:01:21","slug":"2-x-notatblokker-bundle","status":"publish","type":"product","link":"https:\/\/poppyshoppen.no\/en\/product\/2-x-notatblokker-bundle\/","title":{"rendered":"notatblokker x 2 &#8211; Bundle"},"content":{"rendered":"<p>Notatblokker x 2. I denne pakken f\u00e5r du to praktiske notatblokker:<\/p>\n<p><strong>Notatblokk to-do:<\/strong> S\u00f8t og praktisk to-do liste med rosa spettet kant og s\u00f8te blomster. Notatblokken har 50 ark i 100g papir, og tykk kartong p\u00e5 baksiden. Det er 15 linjer til \u00e5 notere p\u00e5. Praktisk \u00e5 ha i vesken eller p\u00e5 benken i gangen for enkelt \u00e5 notere ned ting du kommer p\u00e5! St\u00f8rrelse: <span class=\"NA6bn BxUVEf ILfuVd\" lang=\"en\"><span class=\"hgKElc\">99 x 210 mm<\/span><\/span><\/p>\n<p><strong>Notatblokk &#8211; Ting:<\/strong><\/p>\n<p>Morsom og praktisk huskeliste med bl\u00e5 spettet kant og blomsterdekor. P\u00e5 toppen st\u00e5r teksten: Ting jeg faktisk tror jeg skal f\u00e5r gjort.\u00a0 Notatblokken har 50 ark i 100g papir, og tykk kartong p\u00e5 baksiden. Det er 9 linjer til \u00e5 notere p\u00e5. Praktisk \u00e5 ha i vesken eller p\u00e5 hjemmekontoret for enkelt \u00e5 notere ned ting du kommer p\u00e5! St\u00f8rrelse: <span class=\"NA6bn BxUVEf ILfuVd\" lang=\"en\"><span class=\"hgKElc\">A6<\/span><\/span><\/p>\n<p>&#8212;&#8212;<\/p>\n<p><a href=\"https:\/\/poppyshoppen.no\/en\/product-category\/til-skrivepulten\/\">Notatblokkene fra Poppydesign<\/a> er b\u00e5de praktiske og koselige tillegg til hverdagen! Med fargerikt design og kvalitetspapir gj\u00f8r de det lettere \u00e5 holde orden p\u00e5 alt fra huskelister til to-do-lister. Enten du bruker en notatblokk for \u00e5 f\u00e5 ned raske tanker, eller en notat bok for lengre notater og planer, gir Poppydesigns notatblokker deg en liten dose kreativitet hver gang du skriver.<\/p>\n<p>For deg som elsker struktur, er en fin notatblokk gull verdt. Notatb\u00f8kene kommer i ulike st\u00f8rrelser og stiler, s\u00e5 det er lett \u00e5 finne noe som passer b\u00e5de til skrivebordet og vesken. De er ogs\u00e5 flotte gaver, praktiske, personlige, og fylt med muligheter for b\u00e5de sm\u00e5 og store planer.<\/p>\n<p>Enten du kaller det en notatbok, notat blokk, eller huskeliste, er disse b\u00f8kene perfekte til daglig bruk og holder deg organisert p\u00e5 en fargerik m\u00e5te.<\/p>","protected":false},"excerpt":{"rendered":"<p>2 stk praktiske notatblokker i en pakke. St\u00f8rrelser: <span class=\"NA6bn BxUVEf ILfuVd\" lang=\"en\"><span class=\"hgKElc\">99 x 210 mm<\/span><\/span> og A6. 100g papir.<\/p>","protected":false},"featured_media":1014,"comment_status":"open","ping_status":"closed","template":"","meta":[],"product_brand":[],"product_cat":[136,37,36],"product_tag":[],"class_list":{"0":"post-1024","1":"product","2":"type-product","3":"status-publish","4":"has-post-thumbnail","6":"product_cat-morsdag","7":"product_cat-notatblokker","8":"product_cat-til-skrivepulten","9":"product_shipping_class-norge","11":"first","12":"instock","13":"virtual","14":"taxable","15":"purchasable","16":"product-type-bundle"},"bundled_by":[],"bundle_stock_status":"instock","bundle_stock_quantity":3,"bundle_virtual":false,"bundle_layout":"default","bundle_add_to_cart_form_location":"default","bundle_editable_in_cart":false,"bundle_sold_individually_context":"product","bundle_item_grouping":"parent","bundle_min_size":"","bundle_max_size":"","bundle_price":{"price":{"min":{"incl_tax":"159","excl_tax":"127.2"},"max":{"incl_tax":"159","excl_tax":"127.2"}},"regular_price":{"min":{"incl_tax":"159","excl_tax":"127.2"},"max":{"incl_tax":"159","excl_tax":"127.2"}}},"bundled_items":[{"bundled_item_id":1,"product_id":1011,"menu_order":0,"quantity_min":1,"quantity_max":1,"quantity_default":1,"priced_individually":false,"shipped_individually":false,"override_title":false,"title":"Notatblokk - To do","override_description":false,"description":"","optional":false,"hide_thumbnail":false,"discount":"","override_variations":false,"allowed_variations":[],"override_default_variation_attributes":false,"default_variation_attributes":[],"single_product_visibility":"visible","cart_visibility":"visible","order_visibility":"visible","single_product_price_visibility":"visible","cart_price_visibility":"visible","order_price_visibility":"visible","stock_status":"in_stock"},{"bundled_item_id":2,"product_id":1023,"menu_order":1,"quantity_min":1,"quantity_max":1,"quantity_default":1,"priced_individually":false,"shipped_individually":false,"override_title":false,"title":"Notatblokk - Ting","override_description":false,"description":"","optional":false,"hide_thumbnail":false,"discount":"","override_variations":false,"allowed_variations":[],"override_default_variation_attributes":false,"default_variation_attributes":[],"single_product_visibility":"visible","cart_visibility":"visible","order_visibility":"visible","single_product_price_visibility":"visible","cart_price_visibility":"visible","order_price_visibility":"visible","stock_status":"in_stock"}],"bundle_sell_ids":[],"exclude_global_add_ons":[],"addons":[],"yoast_head":"<!-- This site is optimized with the Yoast SEO plugin v27.3 - https:\/\/yoast.com\/product\/yoast-seo-wordpress\/ -->\n<title>notatblokker x 2 - Bundle | Poppyshoppen<\/title>\n<meta name=\"description\" content=\"Notatblokker fra Poppydesign er b\u00e5de praktiske og koselige tillegg til hverdagen! Med fargerikt design og kvalitetspapir gj\u00f8r de det lett \u00e5 holde orden.\" \/>\n<meta name=\"robots\" content=\"index, follow, max-snippet:-1, max-image-preview:large, max-video-preview:-1\" \/>\n<link rel=\"canonical\" href=\"https:\/\/poppyshoppen.no\/en\/product\/2-x-notatblokker-bundle\/\" \/>\n<meta property=\"og:locale\" content=\"en_US\" \/>\n<meta property=\"og:type\" content=\"article\" \/>\n<meta property=\"og:title\" content=\"notatblokker x 2 - Bundle | Poppyshoppen\" \/>\n<meta property=\"og:description\" content=\"Notatblokker fra Poppydesign er b\u00e5de praktiske og koselige tillegg til hverdagen! Med fargerikt design og kvalitetspapir gj\u00f8r de det lett \u00e5 holde orden.\" \/>\n<meta property=\"og:url\" content=\"https:\/\/poppyshoppen.no\/en\/product\/2-x-notatblokker-bundle\/\" \/>\n<meta property=\"og:site_name\" content=\"Poppyshoppen\" \/>\n<meta property=\"article:publisher\" content=\"https:\/\/www.facebook.com\/profile.php?id=61558460251190\" \/>\n<meta property=\"article:modified_time\" content=\"2025-01-15T11:01:21+00:00\" \/>\n<meta property=\"og:image\" content=\"https:\/\/poppyshoppen.no\/wp-content\/uploads\/2024\/09\/127_128_bundle_todo_poppydesign_liste_1-kopi.jpg\" \/>\n\t<meta property=\"og:image:width\" content=\"800\" \/>\n\t<meta property=\"og:image:height\" content=\"800\" \/>\n\t<meta property=\"og:image:type\" content=\"image\/jpeg\" \/>\n<meta name=\"twitter:card\" content=\"summary_large_image\" \/>\n<meta name=\"twitter:label1\" content=\"Est. reading time\" \/>\n\t<meta name=\"twitter:data1\" content=\"2 minutes\" \/>\n<script type=\"application\/ld+json\" class=\"yoast-schema-graph\">{\"@context\":\"https:\\\/\\\/schema.org\",\"@graph\":[{\"@type\":\"WebPage\",\"@id\":\"https:\\\/\\\/poppyshoppen.no\\\/produkt\\\/2-x-notatblokker-bundle\\\/\",\"url\":\"https:\\\/\\\/poppyshoppen.no\\\/produkt\\\/2-x-notatblokker-bundle\\\/\",\"name\":\"notatblokker x 2 - Bundle | Poppyshoppen\",\"isPartOf\":{\"@id\":\"https:\\\/\\\/poppyshoppen.no\\\/#website\"},\"primaryImageOfPage\":{\"@id\":\"https:\\\/\\\/poppyshoppen.no\\\/produkt\\\/2-x-notatblokker-bundle\\\/#primaryimage\"},\"image\":{\"@id\":\"https:\\\/\\\/poppyshoppen.no\\\/produkt\\\/2-x-notatblokker-bundle\\\/#primaryimage\"},\"thumbnailUrl\":\"https:\\\/\\\/poppyshoppen.no\\\/wp-content\\\/uploads\\\/2024\\\/09\\\/127_128_bundle_todo_poppydesign_liste_1-kopi.jpg\",\"datePublished\":\"2024-09-18T18:55:15+00:00\",\"dateModified\":\"2025-01-15T11:01:21+00:00\",\"description\":\"Notatblokker fra Poppydesign er b\u00e5de praktiske og koselige tillegg til hverdagen! Med fargerikt design og kvalitetspapir gj\u00f8r de det lett \u00e5 holde orden.\",\"breadcrumb\":{\"@id\":\"https:\\\/\\\/poppyshoppen.no\\\/produkt\\\/2-x-notatblokker-bundle\\\/#breadcrumb\"},\"inLanguage\":\"en-US\",\"potentialAction\":[{\"@type\":\"ReadAction\",\"target\":[\"https:\\\/\\\/poppyshoppen.no\\\/produkt\\\/2-x-notatblokker-bundle\\\/\"]}]},{\"@type\":\"ImageObject\",\"inLanguage\":\"en-US\",\"@id\":\"https:\\\/\\\/poppyshoppen.no\\\/produkt\\\/2-x-notatblokker-bundle\\\/#primaryimage\",\"url\":\"https:\\\/\\\/poppyshoppen.no\\\/wp-content\\\/uploads\\\/2024\\\/09\\\/127_128_bundle_todo_poppydesign_liste_1-kopi.jpg\",\"contentUrl\":\"https:\\\/\\\/poppyshoppen.no\\\/wp-content\\\/uploads\\\/2024\\\/09\\\/127_128_bundle_todo_poppydesign_liste_1-kopi.jpg\",\"width\":800,\"height\":800},{\"@type\":\"BreadcrumbList\",\"@id\":\"https:\\\/\\\/poppyshoppen.no\\\/produkt\\\/2-x-notatblokker-bundle\\\/#breadcrumb\",\"itemListElement\":[{\"@type\":\"ListItem\",\"position\":1,\"name\":\"Hjem\",\"item\":\"https:\\\/\\\/poppyshoppen.no\\\/\"},{\"@type\":\"ListItem\",\"position\":2,\"name\":\"Shop\",\"item\":\"https:\\\/\\\/poppyshoppen.no\\\/shop\\\/\"},{\"@type\":\"ListItem\",\"position\":3,\"name\":\"notatblokker x 2 &#8211; Bundle\"}]},{\"@type\":\"WebSite\",\"@id\":\"https:\\\/\\\/poppyshoppen.no\\\/#website\",\"url\":\"https:\\\/\\\/poppyshoppen.no\\\/\",\"name\":\"Poppyshoppen\",\"description\":\"Gj\u00f8r hverdagen litt mer fargerik\",\"publisher\":{\"@id\":\"https:\\\/\\\/poppyshoppen.no\\\/#organization\"},\"potentialAction\":[{\"@type\":\"SearchAction\",\"target\":{\"@type\":\"EntryPoint\",\"urlTemplate\":\"https:\\\/\\\/poppyshoppen.no\\\/?s={search_term_string}\"},\"query-input\":{\"@type\":\"PropertyValueSpecification\",\"valueRequired\":true,\"valueName\":\"search_term_string\"}}],\"inLanguage\":\"en-US\"},{\"@type\":\"Organization\",\"@id\":\"https:\\\/\\\/poppyshoppen.no\\\/#organization\",\"name\":\"Poppyshoppen\",\"url\":\"https:\\\/\\\/poppyshoppen.no\\\/\",\"logo\":{\"@type\":\"ImageObject\",\"inLanguage\":\"en-US\",\"@id\":\"https:\\\/\\\/poppyshoppen.no\\\/#\\\/schema\\\/logo\\\/image\\\/\",\"url\":\"https:\\\/\\\/poppyshoppen.no\\\/wp-content\\\/uploads\\\/2024\\\/08\\\/cropped-poppyshoppen-logoikon.png\",\"contentUrl\":\"https:\\\/\\\/poppyshoppen.no\\\/wp-content\\\/uploads\\\/2024\\\/08\\\/cropped-poppyshoppen-logoikon.png\",\"width\":512,\"height\":512,\"caption\":\"Poppyshoppen\"},\"image\":{\"@id\":\"https:\\\/\\\/poppyshoppen.no\\\/#\\\/schema\\\/logo\\\/image\\\/\"},\"sameAs\":[\"https:\\\/\\\/www.facebook.com\\\/profile.php?id=61558460251190\",\"https:\\\/\\\/www.instagram.com\\\/poppyshoppen_no\\\/\"]}]}<\/script>\n<!-- \/ Yoast SEO plugin. -->","yoast_head_json":{"title":"notatblokker x 2 - Bundle | Poppyshoppen","description":"Notatblokker fra Poppydesign er b\u00e5de praktiske og koselige tillegg til hverdagen! Med fargerikt design og kvalitetspapir gj\u00f8r de det lett \u00e5 holde orden.","robots":{"index":"index","follow":"follow","max-snippet":"max-snippet:-1","max-image-preview":"max-image-preview:large","max-video-preview":"max-video-preview:-1"},"canonical":"https:\/\/poppyshoppen.no\/en\/product\/2-x-notatblokker-bundle\/","og_locale":"en_US","og_type":"article","og_title":"notatblokker x 2 - Bundle | Poppyshoppen","og_description":"Notatblokker fra Poppydesign er b\u00e5de praktiske og koselige tillegg til hverdagen! Med fargerikt design og kvalitetspapir gj\u00f8r de det lett \u00e5 holde orden.","og_url":"https:\/\/poppyshoppen.no\/en\/product\/2-x-notatblokker-bundle\/","og_site_name":"Poppyshoppen","article_publisher":"https:\/\/www.facebook.com\/profile.php?id=61558460251190","article_modified_time":"2025-01-15T11:01:21+00:00","og_image":[{"width":800,"height":800,"url":"https:\/\/poppyshoppen.no\/wp-content\/uploads\/2024\/09\/127_128_bundle_todo_poppydesign_liste_1-kopi.jpg","type":"image\/jpeg"}],"twitter_card":"summary_large_image","twitter_misc":{"Est. reading time":"2 minutes"},"schema":{"@context":"https:\/\/schema.org","@graph":[{"@type":"WebPage","@id":"https:\/\/poppyshoppen.no\/produkt\/2-x-notatblokker-bundle\/","url":"https:\/\/poppyshoppen.no\/produkt\/2-x-notatblokker-bundle\/","name":"notatblokker x 2 - Bundle | Poppyshoppen","isPartOf":{"@id":"https:\/\/poppyshoppen.no\/#website"},"primaryImageOfPage":{"@id":"https:\/\/poppyshoppen.no\/produkt\/2-x-notatblokker-bundle\/#primaryimage"},"image":{"@id":"https:\/\/poppyshoppen.no\/produkt\/2-x-notatblokker-bundle\/#primaryimage"},"thumbnailUrl":"https:\/\/poppyshoppen.no\/wp-content\/uploads\/2024\/09\/127_128_bundle_todo_poppydesign_liste_1-kopi.jpg","datePublished":"2024-09-18T18:55:15+00:00","dateModified":"2025-01-15T11:01:21+00:00","description":"Notatblokker fra Poppydesign er b\u00e5de praktiske og koselige tillegg til hverdagen! Med fargerikt design og kvalitetspapir gj\u00f8r de det lett \u00e5 holde orden.","breadcrumb":{"@id":"https:\/\/poppyshoppen.no\/produkt\/2-x-notatblokker-bundle\/#breadcrumb"},"inLanguage":"en-US","potentialAction":[{"@type":"ReadAction","target":["https:\/\/poppyshoppen.no\/produkt\/2-x-notatblokker-bundle\/"]}]},{"@type":"ImageObject","inLanguage":"en-US","@id":"https:\/\/poppyshoppen.no\/produkt\/2-x-notatblokker-bundle\/#primaryimage","url":"https:\/\/poppyshoppen.no\/wp-content\/uploads\/2024\/09\/127_128_bundle_todo_poppydesign_liste_1-kopi.jpg","contentUrl":"https:\/\/poppyshoppen.no\/wp-content\/uploads\/2024\/09\/127_128_bundle_todo_poppydesign_liste_1-kopi.jpg","width":800,"height":800},{"@type":"BreadcrumbList","@id":"https:\/\/poppyshoppen.no\/produkt\/2-x-notatblokker-bundle\/#breadcrumb","itemListElement":[{"@type":"ListItem","position":1,"name":"Hjem","item":"https:\/\/poppyshoppen.no\/"},{"@type":"ListItem","position":2,"name":"Shop","item":"https:\/\/poppyshoppen.no\/shop\/"},{"@type":"ListItem","position":3,"name":"notatblokker x 2 &#8211; Bundle"}]},{"@type":"WebSite","@id":"https:\/\/poppyshoppen.no\/#website","url":"https:\/\/poppyshoppen.no\/","name":"Poppyshoppen","description":"Gj\u00f8r hverdagen litt mer fargerik","publisher":{"@id":"https:\/\/poppyshoppen.no\/#organization"},"potentialAction":[{"@type":"SearchAction","target":{"@type":"EntryPoint","urlTemplate":"https:\/\/poppyshoppen.no\/?s={search_term_string}"},"query-input":{"@type":"PropertyValueSpecification","valueRequired":true,"valueName":"search_term_string"}}],"inLanguage":"en-US"},{"@type":"Organization","@id":"https:\/\/poppyshoppen.no\/#organization","name":"Poppyshoppen","url":"https:\/\/poppyshoppen.no\/","logo":{"@type":"ImageObject","inLanguage":"en-US","@id":"https:\/\/poppyshoppen.no\/#\/schema\/logo\/image\/","url":"https:\/\/poppyshoppen.no\/wp-content\/uploads\/2024\/08\/cropped-poppyshoppen-logoikon.png","contentUrl":"https:\/\/poppyshoppen.no\/wp-content\/uploads\/2024\/08\/cropped-poppyshoppen-logoikon.png","width":512,"height":512,"caption":"Poppyshoppen"},"image":{"@id":"https:\/\/poppyshoppen.no\/#\/schema\/logo\/image\/"},"sameAs":["https:\/\/www.facebook.com\/profile.php?id=61558460251190","https:\/\/www.instagram.com\/poppyshoppen_no\/"]}]}},"jetpack_sharing_enabled":true,"_links":{"self":[{"href":"https:\/\/poppyshoppen.no\/en\/wp-json\/wp\/v2\/product\/1024","targetHints":{"allow":["GET"]}}],"collection":[{"href":"https:\/\/poppyshoppen.no\/en\/wp-json\/wp\/v2\/product"}],"about":[{"href":"https:\/\/poppyshoppen.no\/en\/wp-json\/wp\/v2\/types\/product"}],"replies":[{"embeddable":true,"href":"https:\/\/poppyshoppen.no\/en\/wp-json\/wp\/v2\/comments?post=1024"}],"wp:featuredmedia":[{"embeddable":true,"href":"https:\/\/poppyshoppen.no\/en\/wp-json\/wp\/v2\/media\/1014"}],"wp:attachment":[{"href":"https:\/\/poppyshoppen.no\/en\/wp-json\/wp\/v2\/media?parent=1024"}],"wp:term":[{"taxonomy":"product_brand","embeddable":true,"href":"https:\/\/poppyshoppen.no\/en\/wp-json\/wp\/v2\/product_brand?post=1024"},{"taxonomy":"product_cat","embeddable":true,"href":"https:\/\/poppyshoppen.no\/en\/wp-json\/wp\/v2\/product_cat?post=1024"},{"taxonomy":"product_tag","embeddable":true,"href":"https:\/\/poppyshoppen.no\/en\/wp-json\/wp\/v2\/product_tag?post=1024"}],"curies":[{"name":"wp","href":"https:\/\/api.w.org\/{rel}","templated":true}]}}