{"id":1086,"date":"2024-09-19T11:31:28","date_gmt":"2024-09-19T11:31:28","guid":{"rendered":"https:\/\/poppyshoppen.no\/?post_type=product&#038;p=1086"},"modified":"2025-01-15T12:01:11","modified_gmt":"2025-01-15T11:01:11","slug":"maleri-pink-roses-15-x-15-cm","status":"publish","type":"product","link":"https:\/\/poppyshoppen.no\/en\/product\/maleri-pink-roses-15-x-15-cm\/","title":{"rendered":"Maleri Pink roses 15 x 15 cm"},"content":{"rendered":"<p><span class=\"x193iq5w xeuugli x13faqbe x1vvkbs xlh3980 xvmahel x1n0sxbx x1lliihq x1s928wv xhkezso x1gmr53x x1cpjm7i x1fgarty x1943h6x xudqn12 x3x7a5m x6prxxf xvq8zen xo1l8bm xzsf02u\" dir=\"auto\">Maleri Pink roses er et minimaleri med nydelige rosa og gr\u00f8nt blomstermotiv. Maleri Pink roses er Malt med akryl p\u00e5 lerret. Koselig liten gave til en du er glad i, eller som en fargeklatt p\u00e5 hjemmekontoret. Perfekt i bildecollager p\u00e5 grunn av den lille st\u00f8rrelsen.<br class=\"html-br\" \/><\/span><\/p>\n<p><span class=\"x193iq5w xeuugli x13faqbe x1vvkbs xlh3980 xvmahel x1n0sxbx x1lliihq x1s928wv xhkezso x1gmr53x x1cpjm7i x1fgarty x1943h6x xudqn12 x3x7a5m x6prxxf xvq8zen xo1l8bm xzsf02u\" dir=\"auto\">Str: 15 x 15 cm. <\/span><span class=\"x193iq5w xeuugli x13faqbe x1vvkbs xlh3980 xvmahel x1n0sxbx x1lliihq x1s928wv xhkezso x1gmr53x x1cpjm7i x1fgarty x1943h6x xudqn12 x3x7a5m x6prxxf xvq8zen xo1l8bm xzsf02u\" dir=\"auto\">Dybde: 3 cm<br class=\"html-br\" \/><br class=\"html-br\" \/><\/span><\/p>\n<p>Se <a href=\"https:\/\/poppyshoppen.no\/en\/product-category\/malerier\/\">alle poppydesign sine originale malerier<\/a>.<\/p>\n<p>&#8212;&#8212;-<\/p>\n<p>\u00c5 gi bort eller eie et originalt maleri er noe helt spesielt. Det er noe eget ved \u00e5 ha kunst p\u00e5 veggene som ingen andre har, et unikt kunstverk med sjel og personlighet. Originale malerier eller illustrasjoner, som de fargerike akrylmaleriene fra Poppydesign, skaper varme og glede i hjemmet ditt. De lages med lidenskap og kj\u00e6rlighet for kunst og kreativitet, og det merkes. Et originalt maleri gir hjemmet ditt en helt personlig touch som du ikke f\u00e5r med trykk og plakater.<\/p>\n<p>Originale malerier er ogs\u00e5 en fantastisk gave. N\u00e5r du gir bort original kunst, gir du noe helt unikt og personlig, noe som viser omtanke. Det er den perfekte gaven \u00e5 gi bort til noen som har alt og som setter pris p\u00e5 kunst med en historie. Poppydesigns akrylmalerier og originale illustrasjoner passer perfekt til den som elsker naturen, og som vil skape en fargerik og koselig atmosf\u00e6re hjemme.<\/p>\n<p>&nbsp;<\/p>","protected":false},"excerpt":{"rendered":"<p><span class=\"x193iq5w xeuugli x13faqbe x1vvkbs xlh3980 xvmahel x1n0sxbx x1lliihq x1s928wv xhkezso x1gmr53x x1cpjm7i x1fgarty x1943h6x xudqn12 x3x7a5m x6prxxf xvq8zen xo1l8bm xzsf02u\" dir=\"auto\">Minimaleri med nydelige blomstermotiv. str 15 x 15 cm.<br \/>\n<\/span><\/p>","protected":false},"featured_media":1077,"comment_status":"open","ping_status":"closed","template":"","meta":[],"product_brand":[],"product_cat":[33,136,34],"product_tag":[58,57],"class_list":{"0":"post-1086","1":"product","2":"type-product","3":"status-publish","4":"has-post-thumbnail","6":"product_cat-malerier","7":"product_cat-morsdag","8":"product_cat-originaler-lerret","9":"product_tag-blomster","10":"product_tag-flowers","11":"product_shipping_class-plakater","13":"first","14":"instock","15":"taxable","16":"shipping-taxable","17":"purchasable","18":"product-type-simple"},"bundled_by":[],"bundle_stock_status":"instock","bundle_stock_quantity":1,"bundle_virtual":false,"bundle_layout":"","bundle_add_to_cart_form_location":"","bundle_editable_in_cart":false,"bundle_sold_individually_context":"","bundle_item_grouping":"","bundle_min_size":"","bundle_max_size":"","bundle_price":[],"bundled_items":[],"bundle_sell_ids":[],"exclude_global_add_ons":[],"addons":[],"yoast_head":"<!-- This site is optimized with the Yoast SEO plugin v27.3 - https:\/\/yoast.com\/product\/yoast-seo-wordpress\/ -->\n<title>Maleri Pink roses 15 x 15 cm | Poppyshoppen<\/title>\n<meta name=\"description\" content=\"Maleri Pink roses er et minimaleri med nydelige rosa og gr\u00f8nt blomstermotiv. Maleri Pink roses er Malt med akryl p\u00e5 lerret.\" \/>\n<meta name=\"robots\" content=\"index, follow, max-snippet:-1, max-image-preview:large, max-video-preview:-1\" \/>\n<link rel=\"canonical\" href=\"https:\/\/poppyshoppen.no\/en\/product\/maleri-pink-roses-15-x-15-cm\/\" \/>\n<meta property=\"og:locale\" content=\"en_US\" \/>\n<meta property=\"og:type\" content=\"article\" \/>\n<meta property=\"og:title\" content=\"Maleri Pink roses 15 x 15 cm | Poppyshoppen\" \/>\n<meta property=\"og:description\" content=\"Maleri Pink roses er et minimaleri med nydelige rosa og gr\u00f8nt blomstermotiv. Maleri Pink roses er Malt med akryl p\u00e5 lerret.\" \/>\n<meta property=\"og:url\" content=\"https:\/\/poppyshoppen.no\/en\/product\/maleri-pink-roses-15-x-15-cm\/\" \/>\n<meta property=\"og:site_name\" content=\"Poppyshoppen\" \/>\n<meta property=\"article:publisher\" content=\"https:\/\/www.facebook.com\/profile.php?id=61558460251190\" \/>\n<meta property=\"article:modified_time\" content=\"2025-01-15T11:01:11+00:00\" \/>\n<meta property=\"og:image\" content=\"https:\/\/poppyshoppen.no\/wp-content\/uploads\/2024\/09\/poppydesign-pink-roses-maleri-kopi.jpg\" \/>\n\t<meta property=\"og:image:width\" content=\"800\" \/>\n\t<meta property=\"og:image:height\" content=\"800\" \/>\n\t<meta property=\"og:image:type\" content=\"image\/jpeg\" \/>\n<meta name=\"twitter:card\" content=\"summary_large_image\" \/>\n<meta name=\"twitter:label1\" content=\"Est. reading time\" \/>\n\t<meta name=\"twitter:data1\" content=\"2 minutes\" \/>\n<script type=\"application\/ld+json\" class=\"yoast-schema-graph\">{\"@context\":\"https:\\\/\\\/schema.org\",\"@graph\":[{\"@type\":\"WebPage\",\"@id\":\"https:\\\/\\\/poppyshoppen.no\\\/produkt\\\/maleri-pink-roses-15-x-15-cm\\\/\",\"url\":\"https:\\\/\\\/poppyshoppen.no\\\/produkt\\\/maleri-pink-roses-15-x-15-cm\\\/\",\"name\":\"Maleri Pink roses 15 x 15 cm | Poppyshoppen\",\"isPartOf\":{\"@id\":\"https:\\\/\\\/poppyshoppen.no\\\/#website\"},\"primaryImageOfPage\":{\"@id\":\"https:\\\/\\\/poppyshoppen.no\\\/produkt\\\/maleri-pink-roses-15-x-15-cm\\\/#primaryimage\"},\"image\":{\"@id\":\"https:\\\/\\\/poppyshoppen.no\\\/produkt\\\/maleri-pink-roses-15-x-15-cm\\\/#primaryimage\"},\"thumbnailUrl\":\"https:\\\/\\\/poppyshoppen.no\\\/wp-content\\\/uploads\\\/2024\\\/09\\\/poppydesign-pink-roses-maleri-kopi.jpg\",\"datePublished\":\"2024-09-19T11:31:28+00:00\",\"dateModified\":\"2025-01-15T11:01:11+00:00\",\"description\":\"Maleri Pink roses er et minimaleri med nydelige rosa og gr\u00f8nt blomstermotiv. Maleri Pink roses er Malt med akryl p\u00e5 lerret.\",\"breadcrumb\":{\"@id\":\"https:\\\/\\\/poppyshoppen.no\\\/produkt\\\/maleri-pink-roses-15-x-15-cm\\\/#breadcrumb\"},\"inLanguage\":\"en-US\",\"potentialAction\":[{\"@type\":\"ReadAction\",\"target\":[\"https:\\\/\\\/poppyshoppen.no\\\/produkt\\\/maleri-pink-roses-15-x-15-cm\\\/\"]}]},{\"@type\":\"ImageObject\",\"inLanguage\":\"en-US\",\"@id\":\"https:\\\/\\\/poppyshoppen.no\\\/produkt\\\/maleri-pink-roses-15-x-15-cm\\\/#primaryimage\",\"url\":\"https:\\\/\\\/poppyshoppen.no\\\/wp-content\\\/uploads\\\/2024\\\/09\\\/poppydesign-pink-roses-maleri-kopi.jpg\",\"contentUrl\":\"https:\\\/\\\/poppyshoppen.no\\\/wp-content\\\/uploads\\\/2024\\\/09\\\/poppydesign-pink-roses-maleri-kopi.jpg\",\"width\":800,\"height\":800,\"caption\":\"poppydesign pink roses maleri\"},{\"@type\":\"BreadcrumbList\",\"@id\":\"https:\\\/\\\/poppyshoppen.no\\\/produkt\\\/maleri-pink-roses-15-x-15-cm\\\/#breadcrumb\",\"itemListElement\":[{\"@type\":\"ListItem\",\"position\":1,\"name\":\"Hjem\",\"item\":\"https:\\\/\\\/poppyshoppen.no\\\/\"},{\"@type\":\"ListItem\",\"position\":2,\"name\":\"Shop\",\"item\":\"https:\\\/\\\/poppyshoppen.no\\\/shop\\\/\"},{\"@type\":\"ListItem\",\"position\":3,\"name\":\"Maleri Pink roses 15 x 15 cm\"}]},{\"@type\":\"WebSite\",\"@id\":\"https:\\\/\\\/poppyshoppen.no\\\/#website\",\"url\":\"https:\\\/\\\/poppyshoppen.no\\\/\",\"name\":\"Poppyshoppen\",\"description\":\"Gj\u00f8r hverdagen litt mer fargerik\",\"publisher\":{\"@id\":\"https:\\\/\\\/poppyshoppen.no\\\/#organization\"},\"potentialAction\":[{\"@type\":\"SearchAction\",\"target\":{\"@type\":\"EntryPoint\",\"urlTemplate\":\"https:\\\/\\\/poppyshoppen.no\\\/?s={search_term_string}\"},\"query-input\":{\"@type\":\"PropertyValueSpecification\",\"valueRequired\":true,\"valueName\":\"search_term_string\"}}],\"inLanguage\":\"en-US\"},{\"@type\":\"Organization\",\"@id\":\"https:\\\/\\\/poppyshoppen.no\\\/#organization\",\"name\":\"Poppyshoppen\",\"url\":\"https:\\\/\\\/poppyshoppen.no\\\/\",\"logo\":{\"@type\":\"ImageObject\",\"inLanguage\":\"en-US\",\"@id\":\"https:\\\/\\\/poppyshoppen.no\\\/#\\\/schema\\\/logo\\\/image\\\/\",\"url\":\"https:\\\/\\\/poppyshoppen.no\\\/wp-content\\\/uploads\\\/2024\\\/08\\\/cropped-poppyshoppen-logoikon.png\",\"contentUrl\":\"https:\\\/\\\/poppyshoppen.no\\\/wp-content\\\/uploads\\\/2024\\\/08\\\/cropped-poppyshoppen-logoikon.png\",\"width\":512,\"height\":512,\"caption\":\"Poppyshoppen\"},\"image\":{\"@id\":\"https:\\\/\\\/poppyshoppen.no\\\/#\\\/schema\\\/logo\\\/image\\\/\"},\"sameAs\":[\"https:\\\/\\\/www.facebook.com\\\/profile.php?id=61558460251190\",\"https:\\\/\\\/www.instagram.com\\\/poppyshoppen_no\\\/\"]}]}<\/script>\n<!-- \/ Yoast SEO plugin. -->","yoast_head_json":{"title":"Maleri Pink roses 15 x 15 cm | Poppyshoppen","description":"Maleri Pink roses er et minimaleri med nydelige rosa og gr\u00f8nt blomstermotiv. Maleri Pink roses er Malt med akryl p\u00e5 lerret.","robots":{"index":"index","follow":"follow","max-snippet":"max-snippet:-1","max-image-preview":"max-image-preview:large","max-video-preview":"max-video-preview:-1"},"canonical":"https:\/\/poppyshoppen.no\/en\/product\/maleri-pink-roses-15-x-15-cm\/","og_locale":"en_US","og_type":"article","og_title":"Maleri Pink roses 15 x 15 cm | Poppyshoppen","og_description":"Maleri Pink roses er et minimaleri med nydelige rosa og gr\u00f8nt blomstermotiv. Maleri Pink roses er Malt med akryl p\u00e5 lerret.","og_url":"https:\/\/poppyshoppen.no\/en\/product\/maleri-pink-roses-15-x-15-cm\/","og_site_name":"Poppyshoppen","article_publisher":"https:\/\/www.facebook.com\/profile.php?id=61558460251190","article_modified_time":"2025-01-15T11:01:11+00:00","og_image":[{"width":800,"height":800,"url":"https:\/\/poppyshoppen.no\/wp-content\/uploads\/2024\/09\/poppydesign-pink-roses-maleri-kopi.jpg","type":"image\/jpeg"}],"twitter_card":"summary_large_image","twitter_misc":{"Est. reading time":"2 minutes"},"schema":{"@context":"https:\/\/schema.org","@graph":[{"@type":"WebPage","@id":"https:\/\/poppyshoppen.no\/produkt\/maleri-pink-roses-15-x-15-cm\/","url":"https:\/\/poppyshoppen.no\/produkt\/maleri-pink-roses-15-x-15-cm\/","name":"Maleri Pink roses 15 x 15 cm | Poppyshoppen","isPartOf":{"@id":"https:\/\/poppyshoppen.no\/#website"},"primaryImageOfPage":{"@id":"https:\/\/poppyshoppen.no\/produkt\/maleri-pink-roses-15-x-15-cm\/#primaryimage"},"image":{"@id":"https:\/\/poppyshoppen.no\/produkt\/maleri-pink-roses-15-x-15-cm\/#primaryimage"},"thumbnailUrl":"https:\/\/poppyshoppen.no\/wp-content\/uploads\/2024\/09\/poppydesign-pink-roses-maleri-kopi.jpg","datePublished":"2024-09-19T11:31:28+00:00","dateModified":"2025-01-15T11:01:11+00:00","description":"Maleri Pink roses er et minimaleri med nydelige rosa og gr\u00f8nt blomstermotiv. Maleri Pink roses er Malt med akryl p\u00e5 lerret.","breadcrumb":{"@id":"https:\/\/poppyshoppen.no\/produkt\/maleri-pink-roses-15-x-15-cm\/#breadcrumb"},"inLanguage":"en-US","potentialAction":[{"@type":"ReadAction","target":["https:\/\/poppyshoppen.no\/produkt\/maleri-pink-roses-15-x-15-cm\/"]}]},{"@type":"ImageObject","inLanguage":"en-US","@id":"https:\/\/poppyshoppen.no\/produkt\/maleri-pink-roses-15-x-15-cm\/#primaryimage","url":"https:\/\/poppyshoppen.no\/wp-content\/uploads\/2024\/09\/poppydesign-pink-roses-maleri-kopi.jpg","contentUrl":"https:\/\/poppyshoppen.no\/wp-content\/uploads\/2024\/09\/poppydesign-pink-roses-maleri-kopi.jpg","width":800,"height":800,"caption":"poppydesign pink roses maleri"},{"@type":"BreadcrumbList","@id":"https:\/\/poppyshoppen.no\/produkt\/maleri-pink-roses-15-x-15-cm\/#breadcrumb","itemListElement":[{"@type":"ListItem","position":1,"name":"Hjem","item":"https:\/\/poppyshoppen.no\/"},{"@type":"ListItem","position":2,"name":"Shop","item":"https:\/\/poppyshoppen.no\/shop\/"},{"@type":"ListItem","position":3,"name":"Maleri Pink roses 15 x 15 cm"}]},{"@type":"WebSite","@id":"https:\/\/poppyshoppen.no\/#website","url":"https:\/\/poppyshoppen.no\/","name":"Poppyshoppen","description":"Gj\u00f8r hverdagen litt mer fargerik","publisher":{"@id":"https:\/\/poppyshoppen.no\/#organization"},"potentialAction":[{"@type":"SearchAction","target":{"@type":"EntryPoint","urlTemplate":"https:\/\/poppyshoppen.no\/?s={search_term_string}"},"query-input":{"@type":"PropertyValueSpecification","valueRequired":true,"valueName":"search_term_string"}}],"inLanguage":"en-US"},{"@type":"Organization","@id":"https:\/\/poppyshoppen.no\/#organization","name":"Poppyshoppen","url":"https:\/\/poppyshoppen.no\/","logo":{"@type":"ImageObject","inLanguage":"en-US","@id":"https:\/\/poppyshoppen.no\/#\/schema\/logo\/image\/","url":"https:\/\/poppyshoppen.no\/wp-content\/uploads\/2024\/08\/cropped-poppyshoppen-logoikon.png","contentUrl":"https:\/\/poppyshoppen.no\/wp-content\/uploads\/2024\/08\/cropped-poppyshoppen-logoikon.png","width":512,"height":512,"caption":"Poppyshoppen"},"image":{"@id":"https:\/\/poppyshoppen.no\/#\/schema\/logo\/image\/"},"sameAs":["https:\/\/www.facebook.com\/profile.php?id=61558460251190","https:\/\/www.instagram.com\/poppyshoppen_no\/"]}]}},"jetpack_sharing_enabled":true,"_links":{"self":[{"href":"https:\/\/poppyshoppen.no\/en\/wp-json\/wp\/v2\/product\/1086","targetHints":{"allow":["GET"]}}],"collection":[{"href":"https:\/\/poppyshoppen.no\/en\/wp-json\/wp\/v2\/product"}],"about":[{"href":"https:\/\/poppyshoppen.no\/en\/wp-json\/wp\/v2\/types\/product"}],"replies":[{"embeddable":true,"href":"https:\/\/poppyshoppen.no\/en\/wp-json\/wp\/v2\/comments?post=1086"}],"wp:featuredmedia":[{"embeddable":true,"href":"https:\/\/poppyshoppen.no\/en\/wp-json\/wp\/v2\/media\/1077"}],"wp:attachment":[{"href":"https:\/\/poppyshoppen.no\/en\/wp-json\/wp\/v2\/media?parent=1086"}],"wp:term":[{"taxonomy":"product_brand","embeddable":true,"href":"https:\/\/poppyshoppen.no\/en\/wp-json\/wp\/v2\/product_brand?post=1086"},{"taxonomy":"product_cat","embeddable":true,"href":"https:\/\/poppyshoppen.no\/en\/wp-json\/wp\/v2\/product_cat?post=1086"},{"taxonomy":"product_tag","embeddable":true,"href":"https:\/\/poppyshoppen.no\/en\/wp-json\/wp\/v2\/product_tag?post=1086"}],"curies":[{"name":"wp","href":"https:\/\/api.w.org\/{rel}","templated":true}]}}