{"id":1282,"date":"2024-11-01T13:17:32","date_gmt":"2024-11-01T13:17:32","guid":{"rendered":"https:\/\/poppyshoppen.no\/?post_type=product&#038;p=1282"},"modified":"2025-03-17T13:31:44","modified_gmt":"2025-03-17T12:31:44","slug":"almanakk-planner-grand-kun-perm","status":"publish","type":"product","link":"https:\/\/poppyshoppen.no\/en\/product\/almanakk-planner-grand-kun-perm\/","title":{"rendered":"Almanakk planner Grand &#8211; Kun perm"},"content":{"rendered":"<div class=\"lRu31\" dir=\"ltr\"><span class=\"HwtZe\" lang=\"no\"><span class=\"jCAhz ChMk0b\"><span class=\"ryNqvb\">Almanakk til din planlegging. <\/span><\/span><\/span><span class=\"HwtZe\" lang=\"no\"><span class=\"jCAhz ChMk0b\"><span class=\"ryNqvb\">Denne planleggeren og kalenderen er perfekt \u00e5 bruke for \u00e5 holde styr p\u00e5 alle avtalene dine og to-dolister.<\/span><\/span> <span class=\"jCAhz ChMk0b\"><span class=\"ryNqvb\">Morsomt \u00e5 dekorere med klistremerker, washitape og annet om du har lyst. <\/span><\/span>Planleggeren kommer <strong>uten kalenderinnmat<\/strong>, og de gullfargede ringene passer til A-plan og filofax A5 st\u00f8rrelse. Farge: Rosa\/korall p\u00e5 utsiden med turkis\/krem skym\u00f8nstret innside.<br \/>\n<\/span><\/div>\n<div dir=\"ltr\"><\/div>\n<div dir=\"ltr\">&#8212;&#8212;-<\/div>\n<div dir=\"ltr\"><\/div>\n<div dir=\"ltr\">\u00c5 ha en almanakk som er lekker og innbydende er ekstra inspirerende i en hektisk hverdag. Og det er nettopp det poppyplanner er, innbydende, lekker og fin \u00e5 se p\u00e5! Denne almanakkpermen fungerer som en filofax eller A-plan, en litt finere ringperm rett og slett. Designet er lekkert b\u00e5de utenp\u00e5 og inni, og den har flere lommer til oppbevaring av kort, huskelapper og andre ting. En fin gave til en som er opptatt av orden og system, eller kanskje til en som trenger det.<\/div>\n<div dir=\"ltr\"><\/div>\n<div dir=\"ltr\">For \u00e5 gj\u00f8re ukeplanleggingen ekstra morsom er kalenderen perfekt til \u00e5 dekorere med klistremerker! <a href=\"https:\/\/poppyshoppen.no\/en\/product-category\/klistremerker\/vinylklistremerker\/\">Vinylklistremerkene<\/a> fra poppydesign er perfekt \u00e5 dekorere med utenp\u00e5, mens inni er det best \u00e5 bruke mindre <a href=\"https:\/\/poppyshoppen.no\/en\/product-category\/klistremerker\/\">papirklistremerker<\/a>.<\/div>\n<div dir=\"ltr\"><\/div>\n<div dir=\"ltr\">Poppyplanneren finnes i to ulike st\u00f8rrelser, A5 og Personal som er litt mindre. Personal st\u00f8rrelsen passer perfekt i vesken, mens A5 almanakken egner seg kanskje best p\u00e5 skrivepulten.<\/div>\n<div dir=\"ltr\"><\/div>\n<div dir=\"ltr\"><\/div>","protected":false},"excerpt":{"rendered":"<p><span class=\"HwtZe\" lang=\"no\"><span class=\"jCAhz ChMk0b\"><span class=\"ryNqvb\">Kalenderperm, perfekt \u00e5 bruke for \u00e5 holde styr p\u00e5 alle avtalene dine.<\/span><\/span><\/span><\/p>","protected":false},"featured_media":1229,"comment_status":"open","ping_status":"closed","template":"","meta":[],"product_brand":[],"product_cat":[38,136],"product_tag":[],"class_list":{"0":"post-1282","1":"product","2":"type-product","3":"status-publish","4":"has-post-thumbnail","6":"product_cat-almanakker-og-kalendere","7":"product_cat-morsdag","8":"product_shipping_class-norge","10":"first","11":"instock","12":"sale","13":"taxable","14":"shipping-taxable","15":"purchasable","16":"product-type-simple"},"bundled_by":[],"bundle_stock_status":"instock","bundle_stock_quantity":20,"bundle_virtual":false,"bundle_layout":"","bundle_add_to_cart_form_location":"","bundle_editable_in_cart":false,"bundle_sold_individually_context":"","bundle_item_grouping":"","bundle_min_size":"","bundle_max_size":"","bundle_price":[],"bundled_items":[],"bundle_sell_ids":[],"exclude_global_add_ons":[],"addons":[],"yoast_head":"<!-- This site is optimized with the Yoast SEO plugin v27.3 - https:\/\/yoast.com\/product\/yoast-seo-wordpress\/ -->\n<title>Almanakk planner Grand - Kun perm | SALG! | Poppyshoppen<\/title>\n<meta name=\"description\" content=\"Almanakk til din planlegging. Denne planleggeren og kalenderen er perfekt \u00e5 bruke for \u00e5 holde styr p\u00e5 alle avtalene dine og to-dolister.\" \/>\n<meta name=\"robots\" content=\"index, follow, max-snippet:-1, max-image-preview:large, max-video-preview:-1\" \/>\n<link rel=\"canonical\" href=\"https:\/\/poppyshoppen.no\/en\/product\/almanakk-planner-grand-kun-perm\/\" \/>\n<meta property=\"og:locale\" content=\"en_US\" \/>\n<meta property=\"og:type\" content=\"article\" \/>\n<meta property=\"og:title\" content=\"Almanakk planner Grand - Kun perm | SALG! | Poppyshoppen\" \/>\n<meta property=\"og:description\" content=\"Almanakk til din planlegging. Denne planleggeren og kalenderen er perfekt \u00e5 bruke for \u00e5 holde styr p\u00e5 alle avtalene dine og to-dolister.\" \/>\n<meta property=\"og:url\" content=\"https:\/\/poppyshoppen.no\/en\/product\/almanakk-planner-grand-kun-perm\/\" \/>\n<meta property=\"og:site_name\" content=\"Poppyshoppen\" \/>\n<meta property=\"article:publisher\" content=\"https:\/\/www.facebook.com\/profile.php?id=61558460251190\" \/>\n<meta property=\"article:modified_time\" content=\"2025-03-17T12:31:44+00:00\" \/>\n<meta property=\"og:image\" content=\"https:\/\/poppyshoppen.no\/wp-content\/uploads\/2024\/09\/042-poppydesign-planner-grand-poppyplanner-1-1.jpg\" \/>\n\t<meta property=\"og:image:width\" content=\"2447\" \/>\n\t<meta property=\"og:image:height\" content=\"2447\" \/>\n\t<meta property=\"og:image:type\" content=\"image\/jpeg\" \/>\n<meta name=\"twitter:card\" content=\"summary_large_image\" \/>\n<meta name=\"twitter:label1\" content=\"Est. reading time\" \/>\n\t<meta name=\"twitter:data1\" content=\"2 minutes\" \/>\n<script type=\"application\/ld+json\" class=\"yoast-schema-graph\">{\"@context\":\"https:\\\/\\\/schema.org\",\"@graph\":[{\"@type\":\"WebPage\",\"@id\":\"https:\\\/\\\/poppyshoppen.no\\\/produkt\\\/almanakk-planner-grand-kun-perm\\\/\",\"url\":\"https:\\\/\\\/poppyshoppen.no\\\/produkt\\\/almanakk-planner-grand-kun-perm\\\/\",\"name\":\"Almanakk planner Grand - Kun perm | SALG! | Poppyshoppen\",\"isPartOf\":{\"@id\":\"https:\\\/\\\/poppyshoppen.no\\\/#website\"},\"primaryImageOfPage\":{\"@id\":\"https:\\\/\\\/poppyshoppen.no\\\/produkt\\\/almanakk-planner-grand-kun-perm\\\/#primaryimage\"},\"image\":{\"@id\":\"https:\\\/\\\/poppyshoppen.no\\\/produkt\\\/almanakk-planner-grand-kun-perm\\\/#primaryimage\"},\"thumbnailUrl\":\"https:\\\/\\\/poppyshoppen.no\\\/wp-content\\\/uploads\\\/2024\\\/09\\\/042-poppydesign-planner-grand-poppyplanner-1-1.jpg\",\"datePublished\":\"2024-11-01T13:17:32+00:00\",\"dateModified\":\"2025-03-17T12:31:44+00:00\",\"description\":\"Almanakk til din planlegging. Denne planleggeren og kalenderen er perfekt \u00e5 bruke for \u00e5 holde styr p\u00e5 alle avtalene dine og to-dolister.\",\"breadcrumb\":{\"@id\":\"https:\\\/\\\/poppyshoppen.no\\\/produkt\\\/almanakk-planner-grand-kun-perm\\\/#breadcrumb\"},\"inLanguage\":\"en-US\",\"potentialAction\":[{\"@type\":\"ReadAction\",\"target\":[\"https:\\\/\\\/poppyshoppen.no\\\/produkt\\\/almanakk-planner-grand-kun-perm\\\/\"]}]},{\"@type\":\"ImageObject\",\"inLanguage\":\"en-US\",\"@id\":\"https:\\\/\\\/poppyshoppen.no\\\/produkt\\\/almanakk-planner-grand-kun-perm\\\/#primaryimage\",\"url\":\"https:\\\/\\\/poppyshoppen.no\\\/wp-content\\\/uploads\\\/2024\\\/09\\\/042-poppydesign-planner-grand-poppyplanner-1-1.jpg\",\"contentUrl\":\"https:\\\/\\\/poppyshoppen.no\\\/wp-content\\\/uploads\\\/2024\\\/09\\\/042-poppydesign-planner-grand-poppyplanner-1-1.jpg\",\"width\":2447,\"height\":2447,\"caption\":\"Almanakk til planlegging\"},{\"@type\":\"BreadcrumbList\",\"@id\":\"https:\\\/\\\/poppyshoppen.no\\\/produkt\\\/almanakk-planner-grand-kun-perm\\\/#breadcrumb\",\"itemListElement\":[{\"@type\":\"ListItem\",\"position\":1,\"name\":\"Hjem\",\"item\":\"https:\\\/\\\/poppyshoppen.no\\\/\"},{\"@type\":\"ListItem\",\"position\":2,\"name\":\"Shop\",\"item\":\"https:\\\/\\\/poppyshoppen.no\\\/shop\\\/\"},{\"@type\":\"ListItem\",\"position\":3,\"name\":\"Almanakk planner Grand &#8211; Kun perm\"}]},{\"@type\":\"WebSite\",\"@id\":\"https:\\\/\\\/poppyshoppen.no\\\/#website\",\"url\":\"https:\\\/\\\/poppyshoppen.no\\\/\",\"name\":\"Poppyshoppen\",\"description\":\"Gj\u00f8r hverdagen litt mer fargerik\",\"publisher\":{\"@id\":\"https:\\\/\\\/poppyshoppen.no\\\/#organization\"},\"potentialAction\":[{\"@type\":\"SearchAction\",\"target\":{\"@type\":\"EntryPoint\",\"urlTemplate\":\"https:\\\/\\\/poppyshoppen.no\\\/?s={search_term_string}\"},\"query-input\":{\"@type\":\"PropertyValueSpecification\",\"valueRequired\":true,\"valueName\":\"search_term_string\"}}],\"inLanguage\":\"en-US\"},{\"@type\":\"Organization\",\"@id\":\"https:\\\/\\\/poppyshoppen.no\\\/#organization\",\"name\":\"Poppyshoppen\",\"url\":\"https:\\\/\\\/poppyshoppen.no\\\/\",\"logo\":{\"@type\":\"ImageObject\",\"inLanguage\":\"en-US\",\"@id\":\"https:\\\/\\\/poppyshoppen.no\\\/#\\\/schema\\\/logo\\\/image\\\/\",\"url\":\"https:\\\/\\\/poppyshoppen.no\\\/wp-content\\\/uploads\\\/2024\\\/08\\\/cropped-poppyshoppen-logoikon.png\",\"contentUrl\":\"https:\\\/\\\/poppyshoppen.no\\\/wp-content\\\/uploads\\\/2024\\\/08\\\/cropped-poppyshoppen-logoikon.png\",\"width\":512,\"height\":512,\"caption\":\"Poppyshoppen\"},\"image\":{\"@id\":\"https:\\\/\\\/poppyshoppen.no\\\/#\\\/schema\\\/logo\\\/image\\\/\"},\"sameAs\":[\"https:\\\/\\\/www.facebook.com\\\/profile.php?id=61558460251190\",\"https:\\\/\\\/www.instagram.com\\\/poppyshoppen_no\\\/\"]}]}<\/script>\n<!-- \/ Yoast SEO plugin. -->","yoast_head_json":{"title":"Almanakk planner Grand - Kun perm | SALG! | Poppyshoppen","description":"Almanakk til din planlegging. Denne planleggeren og kalenderen er perfekt \u00e5 bruke for \u00e5 holde styr p\u00e5 alle avtalene dine og to-dolister.","robots":{"index":"index","follow":"follow","max-snippet":"max-snippet:-1","max-image-preview":"max-image-preview:large","max-video-preview":"max-video-preview:-1"},"canonical":"https:\/\/poppyshoppen.no\/en\/product\/almanakk-planner-grand-kun-perm\/","og_locale":"en_US","og_type":"article","og_title":"Almanakk planner Grand - Kun perm | SALG! | Poppyshoppen","og_description":"Almanakk til din planlegging. Denne planleggeren og kalenderen er perfekt \u00e5 bruke for \u00e5 holde styr p\u00e5 alle avtalene dine og to-dolister.","og_url":"https:\/\/poppyshoppen.no\/en\/product\/almanakk-planner-grand-kun-perm\/","og_site_name":"Poppyshoppen","article_publisher":"https:\/\/www.facebook.com\/profile.php?id=61558460251190","article_modified_time":"2025-03-17T12:31:44+00:00","og_image":[{"width":2447,"height":2447,"url":"https:\/\/poppyshoppen.no\/wp-content\/uploads\/2024\/09\/042-poppydesign-planner-grand-poppyplanner-1-1.jpg","type":"image\/jpeg"}],"twitter_card":"summary_large_image","twitter_misc":{"Est. reading time":"2 minutes"},"schema":{"@context":"https:\/\/schema.org","@graph":[{"@type":"WebPage","@id":"https:\/\/poppyshoppen.no\/produkt\/almanakk-planner-grand-kun-perm\/","url":"https:\/\/poppyshoppen.no\/produkt\/almanakk-planner-grand-kun-perm\/","name":"Almanakk planner Grand - Kun perm | SALG! | Poppyshoppen","isPartOf":{"@id":"https:\/\/poppyshoppen.no\/#website"},"primaryImageOfPage":{"@id":"https:\/\/poppyshoppen.no\/produkt\/almanakk-planner-grand-kun-perm\/#primaryimage"},"image":{"@id":"https:\/\/poppyshoppen.no\/produkt\/almanakk-planner-grand-kun-perm\/#primaryimage"},"thumbnailUrl":"https:\/\/poppyshoppen.no\/wp-content\/uploads\/2024\/09\/042-poppydesign-planner-grand-poppyplanner-1-1.jpg","datePublished":"2024-11-01T13:17:32+00:00","dateModified":"2025-03-17T12:31:44+00:00","description":"Almanakk til din planlegging. Denne planleggeren og kalenderen er perfekt \u00e5 bruke for \u00e5 holde styr p\u00e5 alle avtalene dine og to-dolister.","breadcrumb":{"@id":"https:\/\/poppyshoppen.no\/produkt\/almanakk-planner-grand-kun-perm\/#breadcrumb"},"inLanguage":"en-US","potentialAction":[{"@type":"ReadAction","target":["https:\/\/poppyshoppen.no\/produkt\/almanakk-planner-grand-kun-perm\/"]}]},{"@type":"ImageObject","inLanguage":"en-US","@id":"https:\/\/poppyshoppen.no\/produkt\/almanakk-planner-grand-kun-perm\/#primaryimage","url":"https:\/\/poppyshoppen.no\/wp-content\/uploads\/2024\/09\/042-poppydesign-planner-grand-poppyplanner-1-1.jpg","contentUrl":"https:\/\/poppyshoppen.no\/wp-content\/uploads\/2024\/09\/042-poppydesign-planner-grand-poppyplanner-1-1.jpg","width":2447,"height":2447,"caption":"Almanakk til planlegging"},{"@type":"BreadcrumbList","@id":"https:\/\/poppyshoppen.no\/produkt\/almanakk-planner-grand-kun-perm\/#breadcrumb","itemListElement":[{"@type":"ListItem","position":1,"name":"Hjem","item":"https:\/\/poppyshoppen.no\/"},{"@type":"ListItem","position":2,"name":"Shop","item":"https:\/\/poppyshoppen.no\/shop\/"},{"@type":"ListItem","position":3,"name":"Almanakk planner Grand &#8211; Kun perm"}]},{"@type":"WebSite","@id":"https:\/\/poppyshoppen.no\/#website","url":"https:\/\/poppyshoppen.no\/","name":"Poppyshoppen","description":"Gj\u00f8r hverdagen litt mer fargerik","publisher":{"@id":"https:\/\/poppyshoppen.no\/#organization"},"potentialAction":[{"@type":"SearchAction","target":{"@type":"EntryPoint","urlTemplate":"https:\/\/poppyshoppen.no\/?s={search_term_string}"},"query-input":{"@type":"PropertyValueSpecification","valueRequired":true,"valueName":"search_term_string"}}],"inLanguage":"en-US"},{"@type":"Organization","@id":"https:\/\/poppyshoppen.no\/#organization","name":"Poppyshoppen","url":"https:\/\/poppyshoppen.no\/","logo":{"@type":"ImageObject","inLanguage":"en-US","@id":"https:\/\/poppyshoppen.no\/#\/schema\/logo\/image\/","url":"https:\/\/poppyshoppen.no\/wp-content\/uploads\/2024\/08\/cropped-poppyshoppen-logoikon.png","contentUrl":"https:\/\/poppyshoppen.no\/wp-content\/uploads\/2024\/08\/cropped-poppyshoppen-logoikon.png","width":512,"height":512,"caption":"Poppyshoppen"},"image":{"@id":"https:\/\/poppyshoppen.no\/#\/schema\/logo\/image\/"},"sameAs":["https:\/\/www.facebook.com\/profile.php?id=61558460251190","https:\/\/www.instagram.com\/poppyshoppen_no\/"]}]}},"jetpack_sharing_enabled":true,"_links":{"self":[{"href":"https:\/\/poppyshoppen.no\/en\/wp-json\/wp\/v2\/product\/1282","targetHints":{"allow":["GET"]}}],"collection":[{"href":"https:\/\/poppyshoppen.no\/en\/wp-json\/wp\/v2\/product"}],"about":[{"href":"https:\/\/poppyshoppen.no\/en\/wp-json\/wp\/v2\/types\/product"}],"replies":[{"embeddable":true,"href":"https:\/\/poppyshoppen.no\/en\/wp-json\/wp\/v2\/comments?post=1282"}],"wp:featuredmedia":[{"embeddable":true,"href":"https:\/\/poppyshoppen.no\/en\/wp-json\/wp\/v2\/media\/1229"}],"wp:attachment":[{"href":"https:\/\/poppyshoppen.no\/en\/wp-json\/wp\/v2\/media?parent=1282"}],"wp:term":[{"taxonomy":"product_brand","embeddable":true,"href":"https:\/\/poppyshoppen.no\/en\/wp-json\/wp\/v2\/product_brand?post=1282"},{"taxonomy":"product_cat","embeddable":true,"href":"https:\/\/poppyshoppen.no\/en\/wp-json\/wp\/v2\/product_cat?post=1282"},{"taxonomy":"product_tag","embeddable":true,"href":"https:\/\/poppyshoppen.no\/en\/wp-json\/wp\/v2\/product_tag?post=1282"}],"curies":[{"name":"wp","href":"https:\/\/api.w.org\/{rel}","templated":true}]}}