{"id":1469,"date":"2024-11-14T14:01:29","date_gmt":"2024-11-14T14:01:29","guid":{"rendered":"https:\/\/poppyshoppen.no\/?post_type=product&#038;p=1469"},"modified":"2024-12-18T17:00:12","modified_gmt":"2024-12-18T16:00:12","slug":"handmalt-julekule-julestjerne","status":"publish","type":"product","link":"https:\/\/poppyshoppen.no\/en\/product\/handmalt-julekule-julestjerne\/","title":{"rendered":"H\u00e5ndmalt julekule julestjerne"},"content":{"rendered":"<p>H\u00e5ndmalt julekule julestjerne er en vakker julekule i terrakotta, h\u00e5ndmalt med akrylmaling av h\u00f8y kvalitet. Kulen henger vakkert p\u00e5 juletreet og m\u00e5ler 5,5 cm. Kulen er festet i et tynt silkeb\u00e5nd og kommer pent pakket inn i silkepapir og jule-eske.<\/p>\n<p>H\u00e5ndmalt julekule julestjerne er helt unik, og det vil forekomme ulikheter i penselstr\u00f8k og lignende i og med at kulen er h\u00e5ndmalt.<\/p>\n<p><strong>* Ved kj\u00f8p av 2 eller flere kuler f\u00e5r du 20% rabatt. Rabatten trekkes fra i kassen*<\/strong><\/p>\n<p>&#8212;&#8212;<\/p>\n<p>Dekorer juletreet ditt med vakre, h\u00e5ndmalte julekuler fra Poppydesign. De er ekte sm\u00e5 kunstverk som gj\u00f8r treet ditt helt unikt og personlig. De eksklusive juletrekulene lages med omtanke og kj\u00e6rlighet, inspirert av den magiske skandinaviske julestemningen. Hver kule er h\u00e5ndmalt med detaljer i vakre naturlige farger, perfekt for deg som elsker kvalitet og \u00f8nsker noe ekstra spesielt til jul.<\/p>\n<p>Enten du er p\u00e5 jakt etter juletrekuler som skiller seg ut eller noe som skaper en koselig atmosf\u00e6re i hjemmet, er Poppydesigns julekuler et godt valg. Disse kulene passer b\u00e5de til moderne og tradisjonelle juledekorasjoner. Skap nye juletradisjoner med unike julekuler som kan g\u00e5 i arv.<\/p>\n<p><strong>Hvorfor velge sm\u00e5 akt\u00f8rer til julehandelen?<\/strong><\/p>\n<p>Ved \u00e5 kj\u00f8pe julegaver og julepynt fra sm\u00e5 kunstnere og h\u00e5ndverkere st\u00f8tter du kreative sjeler som legger hele hjertet sitt i arbeidet sitt. H\u00e5ndlagde produkter gj\u00f8r hjemmet ditt varmt og personlig, og du f\u00e5r noe helt spesielt som ikke alle andre har. \u00c5 handle hos sm\u00e5 akt\u00f8rer betyr ogs\u00e5 at du bidrar til b\u00e6rekraftig forbruk og gj\u00f8r en forskjell for lokale kunstnere. Perfekt for en menigsfull julehandel.<\/p>","protected":false},"excerpt":{"rendered":"<p>H\u00e5ndmalt julekule til juletreet. Unik og personlig julepynt. <strong>* Ved kj\u00f8p av 2 eller flere kuler f\u00e5r du 20% rabatt. Rabatten trekkes fra i kassen*<\/strong><\/p>","protected":false},"featured_media":1456,"comment_status":"open","ping_status":"closed","template":"","meta":[],"product_brand":[],"product_cat":[120],"product_tag":[],"class_list":{"0":"post-1469","1":"product","2":"type-product","3":"status-publish","4":"has-post-thumbnail","6":"product_cat-jul","7":"product_shipping_class-plakater","9":"first","10":"instock","11":"taxable","12":"shipping-taxable","13":"purchasable","14":"product-type-simple"},"bundled_by":["1470"],"bundle_stock_status":"instock","bundle_stock_quantity":2,"bundle_virtual":false,"bundle_layout":"","bundle_add_to_cart_form_location":"","bundle_editable_in_cart":false,"bundle_sold_individually_context":"","bundle_item_grouping":"","bundle_min_size":"","bundle_max_size":"","bundle_price":[],"bundled_items":[],"bundle_sell_ids":[],"exclude_global_add_ons":[],"addons":[],"yoast_head":"<!-- This site is optimized with the Yoast SEO plugin v27.3 - https:\/\/yoast.com\/product\/yoast-seo-wordpress\/ -->\n<title>H\u00e5ndmalt julekule julestjerne | Poppyshoppen<\/title>\n<meta name=\"description\" content=\"H\u00e5ndmalt julekule julestjerne er en vakker julekule i terrakotta, h\u00e5ndmalt med akrylmaling. Kulen henger vakkert p\u00e5 juletreet og m\u00e5ler 5,5 cm.\" \/>\n<meta name=\"robots\" content=\"index, follow, max-snippet:-1, max-image-preview:large, max-video-preview:-1\" \/>\n<link rel=\"canonical\" href=\"https:\/\/poppyshoppen.no\/en\/product\/handmalt-julekule-julestjerne\/\" \/>\n<meta property=\"og:locale\" content=\"en_US\" \/>\n<meta property=\"og:type\" content=\"article\" \/>\n<meta property=\"og:title\" content=\"H\u00e5ndmalt julekule julestjerne | Poppyshoppen\" \/>\n<meta property=\"og:description\" content=\"H\u00e5ndmalt julekule julestjerne er en vakker julekule i terrakotta, h\u00e5ndmalt med akrylmaling. Kulen henger vakkert p\u00e5 juletreet og m\u00e5ler 5,5 cm.\" \/>\n<meta property=\"og:url\" content=\"https:\/\/poppyshoppen.no\/en\/product\/handmalt-julekule-julestjerne\/\" \/>\n<meta property=\"og:site_name\" content=\"Poppyshoppen\" \/>\n<meta property=\"article:publisher\" content=\"https:\/\/www.facebook.com\/profile.php?id=61558460251190\" \/>\n<meta property=\"article:modified_time\" content=\"2024-12-18T16:00:12+00:00\" \/>\n<meta property=\"og:image\" content=\"https:\/\/poppyshoppen.no\/wp-content\/uploads\/2024\/11\/handmalt-julekule-julestjerne-poppydesign-2.jpg\" \/>\n\t<meta property=\"og:image:width\" content=\"800\" \/>\n\t<meta property=\"og:image:height\" content=\"800\" \/>\n\t<meta property=\"og:image:type\" content=\"image\/jpeg\" \/>\n<meta name=\"twitter:card\" content=\"summary_large_image\" \/>\n<meta name=\"twitter:label1\" content=\"Est. reading time\" \/>\n\t<meta name=\"twitter:data1\" content=\"2 minutes\" \/>\n<script type=\"application\/ld+json\" class=\"yoast-schema-graph\">{\"@context\":\"https:\\\/\\\/schema.org\",\"@graph\":[{\"@type\":\"WebPage\",\"@id\":\"https:\\\/\\\/poppyshoppen.no\\\/produkt\\\/handmalt-julekule-julestjerne\\\/\",\"url\":\"https:\\\/\\\/poppyshoppen.no\\\/produkt\\\/handmalt-julekule-julestjerne\\\/\",\"name\":\"H\u00e5ndmalt julekule julestjerne | Poppyshoppen\",\"isPartOf\":{\"@id\":\"https:\\\/\\\/poppyshoppen.no\\\/#website\"},\"primaryImageOfPage\":{\"@id\":\"https:\\\/\\\/poppyshoppen.no\\\/produkt\\\/handmalt-julekule-julestjerne\\\/#primaryimage\"},\"image\":{\"@id\":\"https:\\\/\\\/poppyshoppen.no\\\/produkt\\\/handmalt-julekule-julestjerne\\\/#primaryimage\"},\"thumbnailUrl\":\"https:\\\/\\\/poppyshoppen.no\\\/wp-content\\\/uploads\\\/2024\\\/11\\\/handmalt-julekule-julestjerne-poppydesign-2.jpg\",\"datePublished\":\"2024-11-14T14:01:29+00:00\",\"dateModified\":\"2024-12-18T16:00:12+00:00\",\"description\":\"H\u00e5ndmalt julekule julestjerne er en vakker julekule i terrakotta, h\u00e5ndmalt med akrylmaling. Kulen henger vakkert p\u00e5 juletreet og m\u00e5ler 5,5 cm.\",\"breadcrumb\":{\"@id\":\"https:\\\/\\\/poppyshoppen.no\\\/produkt\\\/handmalt-julekule-julestjerne\\\/#breadcrumb\"},\"inLanguage\":\"en-US\",\"potentialAction\":[{\"@type\":\"ReadAction\",\"target\":[\"https:\\\/\\\/poppyshoppen.no\\\/produkt\\\/handmalt-julekule-julestjerne\\\/\"]}]},{\"@type\":\"ImageObject\",\"inLanguage\":\"en-US\",\"@id\":\"https:\\\/\\\/poppyshoppen.no\\\/produkt\\\/handmalt-julekule-julestjerne\\\/#primaryimage\",\"url\":\"https:\\\/\\\/poppyshoppen.no\\\/wp-content\\\/uploads\\\/2024\\\/11\\\/handmalt-julekule-julestjerne-poppydesign-2.jpg\",\"contentUrl\":\"https:\\\/\\\/poppyshoppen.no\\\/wp-content\\\/uploads\\\/2024\\\/11\\\/handmalt-julekule-julestjerne-poppydesign-2.jpg\",\"width\":800,\"height\":800,\"caption\":\"ha\u030andmalt julekule\"},{\"@type\":\"BreadcrumbList\",\"@id\":\"https:\\\/\\\/poppyshoppen.no\\\/produkt\\\/handmalt-julekule-julestjerne\\\/#breadcrumb\",\"itemListElement\":[{\"@type\":\"ListItem\",\"position\":1,\"name\":\"Hjem\",\"item\":\"https:\\\/\\\/poppyshoppen.no\\\/\"},{\"@type\":\"ListItem\",\"position\":2,\"name\":\"Shop\",\"item\":\"https:\\\/\\\/poppyshoppen.no\\\/shop\\\/\"},{\"@type\":\"ListItem\",\"position\":3,\"name\":\"H\u00e5ndmalt julekule julestjerne\"}]},{\"@type\":\"WebSite\",\"@id\":\"https:\\\/\\\/poppyshoppen.no\\\/#website\",\"url\":\"https:\\\/\\\/poppyshoppen.no\\\/\",\"name\":\"Poppyshoppen\",\"description\":\"Gj\u00f8r hverdagen litt mer fargerik\",\"publisher\":{\"@id\":\"https:\\\/\\\/poppyshoppen.no\\\/#organization\"},\"potentialAction\":[{\"@type\":\"SearchAction\",\"target\":{\"@type\":\"EntryPoint\",\"urlTemplate\":\"https:\\\/\\\/poppyshoppen.no\\\/?s={search_term_string}\"},\"query-input\":{\"@type\":\"PropertyValueSpecification\",\"valueRequired\":true,\"valueName\":\"search_term_string\"}}],\"inLanguage\":\"en-US\"},{\"@type\":\"Organization\",\"@id\":\"https:\\\/\\\/poppyshoppen.no\\\/#organization\",\"name\":\"Poppyshoppen\",\"url\":\"https:\\\/\\\/poppyshoppen.no\\\/\",\"logo\":{\"@type\":\"ImageObject\",\"inLanguage\":\"en-US\",\"@id\":\"https:\\\/\\\/poppyshoppen.no\\\/#\\\/schema\\\/logo\\\/image\\\/\",\"url\":\"https:\\\/\\\/poppyshoppen.no\\\/wp-content\\\/uploads\\\/2024\\\/08\\\/cropped-poppyshoppen-logoikon.png\",\"contentUrl\":\"https:\\\/\\\/poppyshoppen.no\\\/wp-content\\\/uploads\\\/2024\\\/08\\\/cropped-poppyshoppen-logoikon.png\",\"width\":512,\"height\":512,\"caption\":\"Poppyshoppen\"},\"image\":{\"@id\":\"https:\\\/\\\/poppyshoppen.no\\\/#\\\/schema\\\/logo\\\/image\\\/\"},\"sameAs\":[\"https:\\\/\\\/www.facebook.com\\\/profile.php?id=61558460251190\",\"https:\\\/\\\/www.instagram.com\\\/poppyshoppen_no\\\/\"]}]}<\/script>\n<!-- \/ Yoast SEO plugin. -->","yoast_head_json":{"title":"H\u00e5ndmalt julekule julestjerne | Poppyshoppen","description":"H\u00e5ndmalt julekule julestjerne er en vakker julekule i terrakotta, h\u00e5ndmalt med akrylmaling. Kulen henger vakkert p\u00e5 juletreet og m\u00e5ler 5,5 cm.","robots":{"index":"index","follow":"follow","max-snippet":"max-snippet:-1","max-image-preview":"max-image-preview:large","max-video-preview":"max-video-preview:-1"},"canonical":"https:\/\/poppyshoppen.no\/en\/product\/handmalt-julekule-julestjerne\/","og_locale":"en_US","og_type":"article","og_title":"H\u00e5ndmalt julekule julestjerne | Poppyshoppen","og_description":"H\u00e5ndmalt julekule julestjerne er en vakker julekule i terrakotta, h\u00e5ndmalt med akrylmaling. Kulen henger vakkert p\u00e5 juletreet og m\u00e5ler 5,5 cm.","og_url":"https:\/\/poppyshoppen.no\/en\/product\/handmalt-julekule-julestjerne\/","og_site_name":"Poppyshoppen","article_publisher":"https:\/\/www.facebook.com\/profile.php?id=61558460251190","article_modified_time":"2024-12-18T16:00:12+00:00","og_image":[{"width":800,"height":800,"url":"https:\/\/poppyshoppen.no\/wp-content\/uploads\/2024\/11\/handmalt-julekule-julestjerne-poppydesign-2.jpg","type":"image\/jpeg"}],"twitter_card":"summary_large_image","twitter_misc":{"Est. reading time":"2 minutes"},"schema":{"@context":"https:\/\/schema.org","@graph":[{"@type":"WebPage","@id":"https:\/\/poppyshoppen.no\/produkt\/handmalt-julekule-julestjerne\/","url":"https:\/\/poppyshoppen.no\/produkt\/handmalt-julekule-julestjerne\/","name":"H\u00e5ndmalt julekule julestjerne | Poppyshoppen","isPartOf":{"@id":"https:\/\/poppyshoppen.no\/#website"},"primaryImageOfPage":{"@id":"https:\/\/poppyshoppen.no\/produkt\/handmalt-julekule-julestjerne\/#primaryimage"},"image":{"@id":"https:\/\/poppyshoppen.no\/produkt\/handmalt-julekule-julestjerne\/#primaryimage"},"thumbnailUrl":"https:\/\/poppyshoppen.no\/wp-content\/uploads\/2024\/11\/handmalt-julekule-julestjerne-poppydesign-2.jpg","datePublished":"2024-11-14T14:01:29+00:00","dateModified":"2024-12-18T16:00:12+00:00","description":"H\u00e5ndmalt julekule julestjerne er en vakker julekule i terrakotta, h\u00e5ndmalt med akrylmaling. Kulen henger vakkert p\u00e5 juletreet og m\u00e5ler 5,5 cm.","breadcrumb":{"@id":"https:\/\/poppyshoppen.no\/produkt\/handmalt-julekule-julestjerne\/#breadcrumb"},"inLanguage":"en-US","potentialAction":[{"@type":"ReadAction","target":["https:\/\/poppyshoppen.no\/produkt\/handmalt-julekule-julestjerne\/"]}]},{"@type":"ImageObject","inLanguage":"en-US","@id":"https:\/\/poppyshoppen.no\/produkt\/handmalt-julekule-julestjerne\/#primaryimage","url":"https:\/\/poppyshoppen.no\/wp-content\/uploads\/2024\/11\/handmalt-julekule-julestjerne-poppydesign-2.jpg","contentUrl":"https:\/\/poppyshoppen.no\/wp-content\/uploads\/2024\/11\/handmalt-julekule-julestjerne-poppydesign-2.jpg","width":800,"height":800,"caption":"ha\u030andmalt julekule"},{"@type":"BreadcrumbList","@id":"https:\/\/poppyshoppen.no\/produkt\/handmalt-julekule-julestjerne\/#breadcrumb","itemListElement":[{"@type":"ListItem","position":1,"name":"Hjem","item":"https:\/\/poppyshoppen.no\/"},{"@type":"ListItem","position":2,"name":"Shop","item":"https:\/\/poppyshoppen.no\/shop\/"},{"@type":"ListItem","position":3,"name":"H\u00e5ndmalt julekule julestjerne"}]},{"@type":"WebSite","@id":"https:\/\/poppyshoppen.no\/#website","url":"https:\/\/poppyshoppen.no\/","name":"Poppyshoppen","description":"Gj\u00f8r hverdagen litt mer fargerik","publisher":{"@id":"https:\/\/poppyshoppen.no\/#organization"},"potentialAction":[{"@type":"SearchAction","target":{"@type":"EntryPoint","urlTemplate":"https:\/\/poppyshoppen.no\/?s={search_term_string}"},"query-input":{"@type":"PropertyValueSpecification","valueRequired":true,"valueName":"search_term_string"}}],"inLanguage":"en-US"},{"@type":"Organization","@id":"https:\/\/poppyshoppen.no\/#organization","name":"Poppyshoppen","url":"https:\/\/poppyshoppen.no\/","logo":{"@type":"ImageObject","inLanguage":"en-US","@id":"https:\/\/poppyshoppen.no\/#\/schema\/logo\/image\/","url":"https:\/\/poppyshoppen.no\/wp-content\/uploads\/2024\/08\/cropped-poppyshoppen-logoikon.png","contentUrl":"https:\/\/poppyshoppen.no\/wp-content\/uploads\/2024\/08\/cropped-poppyshoppen-logoikon.png","width":512,"height":512,"caption":"Poppyshoppen"},"image":{"@id":"https:\/\/poppyshoppen.no\/#\/schema\/logo\/image\/"},"sameAs":["https:\/\/www.facebook.com\/profile.php?id=61558460251190","https:\/\/www.instagram.com\/poppyshoppen_no\/"]}]}},"jetpack_sharing_enabled":true,"_links":{"self":[{"href":"https:\/\/poppyshoppen.no\/en\/wp-json\/wp\/v2\/product\/1469","targetHints":{"allow":["GET"]}}],"collection":[{"href":"https:\/\/poppyshoppen.no\/en\/wp-json\/wp\/v2\/product"}],"about":[{"href":"https:\/\/poppyshoppen.no\/en\/wp-json\/wp\/v2\/types\/product"}],"replies":[{"embeddable":true,"href":"https:\/\/poppyshoppen.no\/en\/wp-json\/wp\/v2\/comments?post=1469"}],"wp:featuredmedia":[{"embeddable":true,"href":"https:\/\/poppyshoppen.no\/en\/wp-json\/wp\/v2\/media\/1456"}],"wp:attachment":[{"href":"https:\/\/poppyshoppen.no\/en\/wp-json\/wp\/v2\/media?parent=1469"}],"wp:term":[{"taxonomy":"product_brand","embeddable":true,"href":"https:\/\/poppyshoppen.no\/en\/wp-json\/wp\/v2\/product_brand?post=1469"},{"taxonomy":"product_cat","embeddable":true,"href":"https:\/\/poppyshoppen.no\/en\/wp-json\/wp\/v2\/product_cat?post=1469"},{"taxonomy":"product_tag","embeddable":true,"href":"https:\/\/poppyshoppen.no\/en\/wp-json\/wp\/v2\/product_tag?post=1469"}],"curies":[{"name":"wp","href":"https:\/\/api.w.org\/{rel}","templated":true}]}}