{"id":1899,"date":"2025-01-30T18:35:57","date_gmt":"2025-01-30T17:35:57","guid":{"rendered":"https:\/\/poppyshoppen.no\/?post_type=product&#038;p=1899"},"modified":"2025-03-14T08:39:15","modified_gmt":"2025-03-14T07:39:15","slug":"blomst-original-pa-papir","status":"publish","type":"product","link":"https:\/\/poppyshoppen.no\/en\/product\/blomst-original-pa-papir\/","title":{"rendered":"Blomst &#8211; original p\u00e5 papir"},"content":{"rendered":"<p>Blomst &#8211; original p\u00e5 papir, er et lite maleri malt og tegnet med akvarellmaling, poscatusjer og penn p\u00e5 papir. Dette er et unikt kunstverk, og det finnes kun ett eksemplar. Motivet er inspirert av vakre fargerikt blomster. Maleriet er malt med kvalitetsmaling og materialer for \u00e5 sikre lang holdbarhet og flotte farger. Denne originalen er perfekt som kunst p\u00e5 veggen hjemme, enten det er kunst til stuen, bilde til soverommet eller til hjemmekontoret. P\u00e5 baksiden av maleriet er det trykt inn postkort-bakside. <\/p>\n<p>Detaljer:<\/p>\n<p>Malt p\u00e5 papir<br \/>\nSt\u00f8rrelse: 10,5 cm x 15 cm<br \/>\nTeknikk: Akvarellemaling, poscatusjer og sort fineliner penn.<\/p>\n<p>Tips: Ram inn bildet ditt for \u00e5 gi det et personlig uttrykk som passer ditt hjem.<br \/>\nHusk: Dette er en original p\u00e5 papir med bilde av blomster, s\u00e5 n\u00e5r det er solgt, er det borte for alltid!<\/p>\n<p>\u00d8nsker du deg et st\u00f8rre maleri? Sjekk ut mine <a href=\"https:\/\/poppyshoppen.no\/en\/product-category\/malerier\/originaler-lerret\/\">malerier p\u00e5 lerret<\/a>. <\/p>\n<p>Et originalt kunstverk p\u00e5 veggen er mer unikt og personlig enn et trykk, og er perfekt \u00e5 gi i gave til de som har alt. Original kunst sl\u00e5r sjelden feil og blir som oftest satt ekstra stor pris p\u00e5. Ekstra fint blir det hvis du kj\u00f8per en ramme som passer til interi\u00f8ret, eller f\u00e5r det innrammet hos en rammemaker. <\/p>","protected":false},"excerpt":{"rendered":"<p>Originalt maleri p\u00e5 papir med vakre fargerike blomster.<\/p>","protected":false},"featured_media":1833,"comment_status":"closed","ping_status":"closed","template":"","meta":[],"product_brand":[],"product_cat":[35],"product_tag":[58,57],"class_list":{"0":"post-1899","1":"product","2":"type-product","3":"status-publish","4":"has-post-thumbnail","6":"product_cat-originaler-papir","7":"product_tag-blomster","8":"product_tag-flowers","9":"product_shipping_class-kort","11":"first","12":"instock","13":"taxable","14":"shipping-taxable","15":"purchasable","16":"product-type-simple"},"bundled_by":[],"bundle_stock_status":"instock","bundle_stock_quantity":1,"bundle_virtual":false,"bundle_layout":"","bundle_add_to_cart_form_location":"","bundle_editable_in_cart":false,"bundle_sold_individually_context":"","bundle_item_grouping":"","bundle_min_size":"","bundle_max_size":"","bundle_price":[],"bundled_items":[],"bundle_sell_ids":[],"exclude_global_add_ons":[],"addons":[],"yoast_head":"<!-- This site is optimized with the Yoast SEO plugin v27.4 - https:\/\/yoast.com\/product\/yoast-seo-wordpress\/ -->\n<title>Blomst - original p\u00e5 papir | Poppyshoppen<\/title>\n<meta name=\"description\" content=\"Blomst - original p\u00e5 papir, er et lite maleri malt og tegnet med akvarellmaling og penn p\u00e5 papir. Dette er et unikt kunstverk, i ett eksemplar.\" \/>\n<meta name=\"robots\" content=\"index, follow, max-snippet:-1, max-image-preview:large, max-video-preview:-1\" \/>\n<link rel=\"canonical\" href=\"https:\/\/poppyshoppen.no\/en\/product\/blomst-original-pa-papir\/\" \/>\n<meta property=\"og:locale\" content=\"en_US\" \/>\n<meta property=\"og:type\" content=\"article\" \/>\n<meta property=\"og:title\" content=\"Blomst - original p\u00e5 papir | Poppyshoppen\" \/>\n<meta property=\"og:description\" content=\"Blomst - original p\u00e5 papir, er et lite maleri malt og tegnet med akvarellmaling og penn p\u00e5 papir. Dette er et unikt kunstverk, i ett eksemplar.\" \/>\n<meta property=\"og:url\" content=\"https:\/\/poppyshoppen.no\/en\/product\/blomst-original-pa-papir\/\" \/>\n<meta property=\"og:site_name\" content=\"Poppyshoppen\" \/>\n<meta property=\"article:publisher\" content=\"https:\/\/www.facebook.com\/profile.php?id=61558460251190\" \/>\n<meta property=\"article:modified_time\" content=\"2025-03-14T07:39:15+00:00\" \/>\n<meta property=\"og:image\" content=\"https:\/\/poppyshoppen.no\/wp-content\/uploads\/2025\/01\/Poppydesign-original-kunst-40-185-scaled.jpg\" \/>\n\t<meta property=\"og:image:width\" content=\"2560\" \/>\n\t<meta property=\"og:image:height\" content=\"2560\" \/>\n\t<meta property=\"og:image:type\" content=\"image\/jpeg\" \/>\n<meta name=\"twitter:card\" content=\"summary_large_image\" \/>\n<meta name=\"twitter:label1\" content=\"Est. reading time\" \/>\n\t<meta name=\"twitter:data1\" content=\"2 minutes\" \/>\n<script type=\"application\/ld+json\" class=\"yoast-schema-graph\">{\"@context\":\"https:\\\/\\\/schema.org\",\"@graph\":[{\"@type\":\"WebPage\",\"@id\":\"https:\\\/\\\/poppyshoppen.no\\\/produkt\\\/blomst-original-pa-papir\\\/\",\"url\":\"https:\\\/\\\/poppyshoppen.no\\\/produkt\\\/blomst-original-pa-papir\\\/\",\"name\":\"Blomst - original p\u00e5 papir | Poppyshoppen\",\"isPartOf\":{\"@id\":\"https:\\\/\\\/poppyshoppen.no\\\/#website\"},\"primaryImageOfPage\":{\"@id\":\"https:\\\/\\\/poppyshoppen.no\\\/produkt\\\/blomst-original-pa-papir\\\/#primaryimage\"},\"image\":{\"@id\":\"https:\\\/\\\/poppyshoppen.no\\\/produkt\\\/blomst-original-pa-papir\\\/#primaryimage\"},\"thumbnailUrl\":\"https:\\\/\\\/poppyshoppen.no\\\/wp-content\\\/uploads\\\/2025\\\/01\\\/Poppydesign-original-kunst-40-185-scaled.jpg\",\"datePublished\":\"2025-01-30T17:35:57+00:00\",\"dateModified\":\"2025-03-14T07:39:15+00:00\",\"description\":\"Blomst - original p\u00e5 papir, er et lite maleri malt og tegnet med akvarellmaling og penn p\u00e5 papir. Dette er et unikt kunstverk, i ett eksemplar.\",\"breadcrumb\":{\"@id\":\"https:\\\/\\\/poppyshoppen.no\\\/produkt\\\/blomst-original-pa-papir\\\/#breadcrumb\"},\"inLanguage\":\"en-US\",\"potentialAction\":[{\"@type\":\"ReadAction\",\"target\":[\"https:\\\/\\\/poppyshoppen.no\\\/produkt\\\/blomst-original-pa-papir\\\/\"]}]},{\"@type\":\"ImageObject\",\"inLanguage\":\"en-US\",\"@id\":\"https:\\\/\\\/poppyshoppen.no\\\/produkt\\\/blomst-original-pa-papir\\\/#primaryimage\",\"url\":\"https:\\\/\\\/poppyshoppen.no\\\/wp-content\\\/uploads\\\/2025\\\/01\\\/Poppydesign-original-kunst-40-185-scaled.jpg\",\"contentUrl\":\"https:\\\/\\\/poppyshoppen.no\\\/wp-content\\\/uploads\\\/2025\\\/01\\\/Poppydesign-original-kunst-40-185-scaled.jpg\",\"width\":2560,\"height\":2560,\"caption\":\"Maleri p\u00e5 papir med rosa blomstermotiv\"},{\"@type\":\"BreadcrumbList\",\"@id\":\"https:\\\/\\\/poppyshoppen.no\\\/produkt\\\/blomst-original-pa-papir\\\/#breadcrumb\",\"itemListElement\":[{\"@type\":\"ListItem\",\"position\":1,\"name\":\"Hjem\",\"item\":\"https:\\\/\\\/poppyshoppen.no\\\/\"},{\"@type\":\"ListItem\",\"position\":2,\"name\":\"Shop\",\"item\":\"https:\\\/\\\/poppyshoppen.no\\\/shop\\\/\"},{\"@type\":\"ListItem\",\"position\":3,\"name\":\"Blomst &#8211; original p\u00e5 papir\"}]},{\"@type\":\"WebSite\",\"@id\":\"https:\\\/\\\/poppyshoppen.no\\\/#website\",\"url\":\"https:\\\/\\\/poppyshoppen.no\\\/\",\"name\":\"Poppyshoppen\",\"description\":\"Gj\u00f8r hverdagen litt mer fargerik\",\"publisher\":{\"@id\":\"https:\\\/\\\/poppyshoppen.no\\\/#organization\"},\"potentialAction\":[{\"@type\":\"SearchAction\",\"target\":{\"@type\":\"EntryPoint\",\"urlTemplate\":\"https:\\\/\\\/poppyshoppen.no\\\/?s={search_term_string}\"},\"query-input\":{\"@type\":\"PropertyValueSpecification\",\"valueRequired\":true,\"valueName\":\"search_term_string\"}}],\"inLanguage\":\"en-US\"},{\"@type\":\"Organization\",\"@id\":\"https:\\\/\\\/poppyshoppen.no\\\/#organization\",\"name\":\"Poppyshoppen\",\"url\":\"https:\\\/\\\/poppyshoppen.no\\\/\",\"logo\":{\"@type\":\"ImageObject\",\"inLanguage\":\"en-US\",\"@id\":\"https:\\\/\\\/poppyshoppen.no\\\/#\\\/schema\\\/logo\\\/image\\\/\",\"url\":\"https:\\\/\\\/poppyshoppen.no\\\/wp-content\\\/uploads\\\/2024\\\/08\\\/cropped-poppyshoppen-logoikon.png\",\"contentUrl\":\"https:\\\/\\\/poppyshoppen.no\\\/wp-content\\\/uploads\\\/2024\\\/08\\\/cropped-poppyshoppen-logoikon.png\",\"width\":512,\"height\":512,\"caption\":\"Poppyshoppen\"},\"image\":{\"@id\":\"https:\\\/\\\/poppyshoppen.no\\\/#\\\/schema\\\/logo\\\/image\\\/\"},\"sameAs\":[\"https:\\\/\\\/www.facebook.com\\\/profile.php?id=61558460251190\",\"https:\\\/\\\/www.instagram.com\\\/poppyshoppen_no\\\/\"]}]}<\/script>\n<!-- \/ Yoast SEO plugin. -->","yoast_head_json":{"title":"Blomst - original p\u00e5 papir | Poppyshoppen","description":"Blomst - original p\u00e5 papir, er et lite maleri malt og tegnet med akvarellmaling og penn p\u00e5 papir. Dette er et unikt kunstverk, i ett eksemplar.","robots":{"index":"index","follow":"follow","max-snippet":"max-snippet:-1","max-image-preview":"max-image-preview:large","max-video-preview":"max-video-preview:-1"},"canonical":"https:\/\/poppyshoppen.no\/en\/product\/blomst-original-pa-papir\/","og_locale":"en_US","og_type":"article","og_title":"Blomst - original p\u00e5 papir | Poppyshoppen","og_description":"Blomst - original p\u00e5 papir, er et lite maleri malt og tegnet med akvarellmaling og penn p\u00e5 papir. Dette er et unikt kunstverk, i ett eksemplar.","og_url":"https:\/\/poppyshoppen.no\/en\/product\/blomst-original-pa-papir\/","og_site_name":"Poppyshoppen","article_publisher":"https:\/\/www.facebook.com\/profile.php?id=61558460251190","article_modified_time":"2025-03-14T07:39:15+00:00","og_image":[{"width":2560,"height":2560,"url":"https:\/\/poppyshoppen.no\/wp-content\/uploads\/2025\/01\/Poppydesign-original-kunst-40-185-scaled.jpg","type":"image\/jpeg"}],"twitter_card":"summary_large_image","twitter_misc":{"Est. reading time":"2 minutes"},"schema":{"@context":"https:\/\/schema.org","@graph":[{"@type":"WebPage","@id":"https:\/\/poppyshoppen.no\/produkt\/blomst-original-pa-papir\/","url":"https:\/\/poppyshoppen.no\/produkt\/blomst-original-pa-papir\/","name":"Blomst - original p\u00e5 papir | Poppyshoppen","isPartOf":{"@id":"https:\/\/poppyshoppen.no\/#website"},"primaryImageOfPage":{"@id":"https:\/\/poppyshoppen.no\/produkt\/blomst-original-pa-papir\/#primaryimage"},"image":{"@id":"https:\/\/poppyshoppen.no\/produkt\/blomst-original-pa-papir\/#primaryimage"},"thumbnailUrl":"https:\/\/poppyshoppen.no\/wp-content\/uploads\/2025\/01\/Poppydesign-original-kunst-40-185-scaled.jpg","datePublished":"2025-01-30T17:35:57+00:00","dateModified":"2025-03-14T07:39:15+00:00","description":"Blomst - original p\u00e5 papir, er et lite maleri malt og tegnet med akvarellmaling og penn p\u00e5 papir. Dette er et unikt kunstverk, i ett eksemplar.","breadcrumb":{"@id":"https:\/\/poppyshoppen.no\/produkt\/blomst-original-pa-papir\/#breadcrumb"},"inLanguage":"en-US","potentialAction":[{"@type":"ReadAction","target":["https:\/\/poppyshoppen.no\/produkt\/blomst-original-pa-papir\/"]}]},{"@type":"ImageObject","inLanguage":"en-US","@id":"https:\/\/poppyshoppen.no\/produkt\/blomst-original-pa-papir\/#primaryimage","url":"https:\/\/poppyshoppen.no\/wp-content\/uploads\/2025\/01\/Poppydesign-original-kunst-40-185-scaled.jpg","contentUrl":"https:\/\/poppyshoppen.no\/wp-content\/uploads\/2025\/01\/Poppydesign-original-kunst-40-185-scaled.jpg","width":2560,"height":2560,"caption":"Maleri p\u00e5 papir med rosa blomstermotiv"},{"@type":"BreadcrumbList","@id":"https:\/\/poppyshoppen.no\/produkt\/blomst-original-pa-papir\/#breadcrumb","itemListElement":[{"@type":"ListItem","position":1,"name":"Hjem","item":"https:\/\/poppyshoppen.no\/"},{"@type":"ListItem","position":2,"name":"Shop","item":"https:\/\/poppyshoppen.no\/shop\/"},{"@type":"ListItem","position":3,"name":"Blomst &#8211; original p\u00e5 papir"}]},{"@type":"WebSite","@id":"https:\/\/poppyshoppen.no\/#website","url":"https:\/\/poppyshoppen.no\/","name":"Poppyshoppen","description":"Gj\u00f8r hverdagen litt mer fargerik","publisher":{"@id":"https:\/\/poppyshoppen.no\/#organization"},"potentialAction":[{"@type":"SearchAction","target":{"@type":"EntryPoint","urlTemplate":"https:\/\/poppyshoppen.no\/?s={search_term_string}"},"query-input":{"@type":"PropertyValueSpecification","valueRequired":true,"valueName":"search_term_string"}}],"inLanguage":"en-US"},{"@type":"Organization","@id":"https:\/\/poppyshoppen.no\/#organization","name":"Poppyshoppen","url":"https:\/\/poppyshoppen.no\/","logo":{"@type":"ImageObject","inLanguage":"en-US","@id":"https:\/\/poppyshoppen.no\/#\/schema\/logo\/image\/","url":"https:\/\/poppyshoppen.no\/wp-content\/uploads\/2024\/08\/cropped-poppyshoppen-logoikon.png","contentUrl":"https:\/\/poppyshoppen.no\/wp-content\/uploads\/2024\/08\/cropped-poppyshoppen-logoikon.png","width":512,"height":512,"caption":"Poppyshoppen"},"image":{"@id":"https:\/\/poppyshoppen.no\/#\/schema\/logo\/image\/"},"sameAs":["https:\/\/www.facebook.com\/profile.php?id=61558460251190","https:\/\/www.instagram.com\/poppyshoppen_no\/"]}]}},"jetpack_sharing_enabled":true,"_links":{"self":[{"href":"https:\/\/poppyshoppen.no\/en\/wp-json\/wp\/v2\/product\/1899","targetHints":{"allow":["GET"]}}],"collection":[{"href":"https:\/\/poppyshoppen.no\/en\/wp-json\/wp\/v2\/product"}],"about":[{"href":"https:\/\/poppyshoppen.no\/en\/wp-json\/wp\/v2\/types\/product"}],"replies":[{"embeddable":true,"href":"https:\/\/poppyshoppen.no\/en\/wp-json\/wp\/v2\/comments?post=1899"}],"wp:featuredmedia":[{"embeddable":true,"href":"https:\/\/poppyshoppen.no\/en\/wp-json\/wp\/v2\/media\/1833"}],"wp:attachment":[{"href":"https:\/\/poppyshoppen.no\/en\/wp-json\/wp\/v2\/media?parent=1899"}],"wp:term":[{"taxonomy":"product_brand","embeddable":true,"href":"https:\/\/poppyshoppen.no\/en\/wp-json\/wp\/v2\/product_brand?post=1899"},{"taxonomy":"product_cat","embeddable":true,"href":"https:\/\/poppyshoppen.no\/en\/wp-json\/wp\/v2\/product_cat?post=1899"},{"taxonomy":"product_tag","embeddable":true,"href":"https:\/\/poppyshoppen.no\/en\/wp-json\/wp\/v2\/product_tag?post=1899"}],"curies":[{"name":"wp","href":"https:\/\/api.w.org\/{rel}","templated":true}]}}