{"id":197,"date":"2024-08-27T21:25:17","date_gmt":"2024-08-27T21:25:17","guid":{"rendered":"https:\/\/poppyshoppen.no\/?post_type=product&#038;p=197"},"modified":"2025-01-15T12:07:42","modified_gmt":"2025-01-15T11:07:42","slug":"valentine-kort-hot-cocoa","status":"publish","type":"product","link":"https:\/\/poppyshoppen.no\/en\/product\/valentine-kort-hot-cocoa\/","title":{"rendered":"Valentine kort &#8211; Hot Cocoa"},"content":{"rendered":"<p>Valentine kort &#8211; Hot Cocoa. You&#8217;re My Cup of Hot Cocoa. Varm opp din kj\u00e6res hjerte med dette koselige Valentineskortet som har en nydelig illustrasjon av en kopp varm kakao med krem. Teksten &laquo;You&#8217;re My Cup of Hot Cocoa&raquo; er en s\u00f8t og koselige m\u00e5te \u00e5 si &laquo;jeg liker deg&raquo; p\u00e5, og perfekt for en kald vinterdag. Dobbelt kort. St\u00f8rrelse A6. Konvolutt f\u00f8lger med. Valentine kort &#8211; Hot Cocoa trykkes p\u00e5 kvalitetspapir.<\/p>\n<p><a href=\"https:\/\/poppyshoppen.no\/en\/product-category\/kort\/valentineskort\/\">Alle valentines kort<\/a><\/p>\n<p>Valentineskort fra Poppydesign er en hyggelig og personlig m\u00e5te \u00e5 si \u201cjeg bryr meg\u201d p\u00e5! Med et valentine kort fra Poppydesign kan du gi din kj\u00e6re en liten oppmerksomhet som betyr mye. Vi har et bredt utvalg, fra klassiske til morsomme valentineskort, s\u00e5 du kan finne det kortet som passer akkurat dere. Her er det b\u00e5de romantiske, s\u00f8te og valentineskort humor som sprer latter og kj\u00e6rlighet p\u00e5 alle hjerters dag.<\/p>\n<p>Disse kortene gj\u00f8r det enkelt \u00e5 sette et personlig preg p\u00e5 valentinsdagen, og de passer perfekt til valentine-feiring for b\u00e5de partnere, venner eller noen du bare setter pris p\u00e5. Et valentineskort fra Poppydesign gir deg muligheten til \u00e5 uttrykke deg p\u00e5 nettopp din m\u00e5te, enten det er med en enkel kj\u00e6rlighetserkl\u00e6ring eller noe som f\u00e5r mottakeren til \u00e5 smile.<\/p>\n<p>Her er noen forslag til hva du kan skrive:<\/p>\n<ol>\n<li>&laquo;Du f\u00e5r meg til \u00e5 smile hver dag. Glad i deg!&raquo;<\/li>\n<li>&laquo;Til min beste venn og favorittperson. Takk for at du er du.&raquo;<\/li>\n<li>&laquo;Du er min solstr\u00e5le \u2013 takk for at du lyser opp livet mitt!&raquo;<\/li>\n<li>&laquo;Det finnes ingen som deg. God Valentine!&raquo;<\/li>\n<\/ol>\n<p>Med valentineskort fra Poppydesign kan du gj\u00f8re dagen litt ekstra spesiell for de du er glad i!<\/p>","protected":false},"excerpt":{"rendered":"<p>&laquo;You&#8217;re My Cup of Hot Cocoa&raquo;. Dobbelt kort. St\u00f8rrelse: A6. Konvolutt f\u00f8lger med.<\/p>","protected":false},"featured_media":154,"comment_status":"open","ping_status":"closed","template":"","meta":[],"product_brand":[],"product_cat":[18,137,23],"product_tag":[49,50,47,48],"class_list":{"0":"post-197","1":"product","2":"type-product","3":"status-publish","4":"has-post-thumbnail","6":"product_cat-kort","7":"product_cat-valentines","8":"product_cat-valentineskort","9":"product_tag-alle-hjerters-dag","10":"product_tag-kjaerestekort","11":"product_tag-valentine","12":"product_tag-valentines-kort","13":"product_shipping_class-kort","15":"first","16":"instock","17":"taxable","18":"shipping-taxable","19":"purchasable","20":"product-type-simple"},"bundled_by":[],"bundle_stock_status":"instock","bundle_stock_quantity":null,"bundle_virtual":false,"bundle_layout":"","bundle_add_to_cart_form_location":"","bundle_editable_in_cart":false,"bundle_sold_individually_context":"","bundle_item_grouping":"","bundle_min_size":"","bundle_max_size":"","bundle_price":[],"bundled_items":[],"bundle_sell_ids":[],"exclude_global_add_ons":[],"addons":[],"yoast_head":"<!-- This site is optimized with the Yoast SEO plugin v27.3 - https:\/\/yoast.com\/product\/yoast-seo-wordpress\/ -->\n<title>Valentine kort - Hot Cocoa | Poppyshoppen<\/title>\n<meta name=\"description\" content=\"Valentine kort - Hot Cocoa. You&#039;re My Cup of Hot Cocoa. Varm opp din kj\u00e6res hjerte med dette koselige Valentineskortet med en nydelig illustrasjon.\" \/>\n<meta name=\"robots\" content=\"index, follow, max-snippet:-1, max-image-preview:large, max-video-preview:-1\" \/>\n<link rel=\"canonical\" href=\"https:\/\/poppyshoppen.no\/en\/product\/valentine-kort-hot-cocoa\/\" \/>\n<meta property=\"og:locale\" content=\"en_US\" \/>\n<meta property=\"og:type\" content=\"article\" \/>\n<meta property=\"og:title\" content=\"Valentine kort - Hot Cocoa | Poppyshoppen\" \/>\n<meta property=\"og:description\" content=\"Valentine kort - Hot Cocoa. You&#039;re My Cup of Hot Cocoa. Varm opp din kj\u00e6res hjerte med dette koselige Valentineskortet med en nydelig illustrasjon.\" \/>\n<meta property=\"og:url\" content=\"https:\/\/poppyshoppen.no\/en\/product\/valentine-kort-hot-cocoa\/\" \/>\n<meta property=\"og:site_name\" content=\"Poppyshoppen\" \/>\n<meta property=\"article:publisher\" content=\"https:\/\/www.facebook.com\/profile.php?id=61558460251190\" \/>\n<meta property=\"article:modified_time\" content=\"2025-01-15T11:07:42+00:00\" \/>\n<meta property=\"og:image\" content=\"https:\/\/poppyshoppen.no\/wp-content\/uploads\/2024\/08\/005_valentines-kort.jpg\" \/>\n\t<meta property=\"og:image:width\" content=\"1476\" \/>\n\t<meta property=\"og:image:height\" content=\"1476\" \/>\n\t<meta property=\"og:image:type\" content=\"image\/jpeg\" \/>\n<meta name=\"twitter:card\" content=\"summary_large_image\" \/>\n<meta name=\"twitter:label1\" content=\"Est. reading time\" \/>\n\t<meta name=\"twitter:data1\" content=\"2 minutes\" \/>\n<script type=\"application\/ld+json\" class=\"yoast-schema-graph\">{\"@context\":\"https:\\\/\\\/schema.org\",\"@graph\":[{\"@type\":\"WebPage\",\"@id\":\"https:\\\/\\\/poppyshoppen.no\\\/produkt\\\/valentine-kort-hot-cocoa\\\/\",\"url\":\"https:\\\/\\\/poppyshoppen.no\\\/produkt\\\/valentine-kort-hot-cocoa\\\/\",\"name\":\"Valentine kort - Hot Cocoa | Poppyshoppen\",\"isPartOf\":{\"@id\":\"https:\\\/\\\/poppyshoppen.no\\\/#website\"},\"primaryImageOfPage\":{\"@id\":\"https:\\\/\\\/poppyshoppen.no\\\/produkt\\\/valentine-kort-hot-cocoa\\\/#primaryimage\"},\"image\":{\"@id\":\"https:\\\/\\\/poppyshoppen.no\\\/produkt\\\/valentine-kort-hot-cocoa\\\/#primaryimage\"},\"thumbnailUrl\":\"https:\\\/\\\/poppyshoppen.no\\\/wp-content\\\/uploads\\\/2024\\\/08\\\/005_valentines-kort.jpg\",\"datePublished\":\"2024-08-27T21:25:17+00:00\",\"dateModified\":\"2025-01-15T11:07:42+00:00\",\"description\":\"Valentine kort - Hot Cocoa. You're My Cup of Hot Cocoa. Varm opp din kj\u00e6res hjerte med dette koselige Valentineskortet med en nydelig illustrasjon.\",\"breadcrumb\":{\"@id\":\"https:\\\/\\\/poppyshoppen.no\\\/produkt\\\/valentine-kort-hot-cocoa\\\/#breadcrumb\"},\"inLanguage\":\"en-US\",\"potentialAction\":[{\"@type\":\"ReadAction\",\"target\":[\"https:\\\/\\\/poppyshoppen.no\\\/produkt\\\/valentine-kort-hot-cocoa\\\/\"]}]},{\"@type\":\"ImageObject\",\"inLanguage\":\"en-US\",\"@id\":\"https:\\\/\\\/poppyshoppen.no\\\/produkt\\\/valentine-kort-hot-cocoa\\\/#primaryimage\",\"url\":\"https:\\\/\\\/poppyshoppen.no\\\/wp-content\\\/uploads\\\/2024\\\/08\\\/005_valentines-kort.jpg\",\"contentUrl\":\"https:\\\/\\\/poppyshoppen.no\\\/wp-content\\\/uploads\\\/2024\\\/08\\\/005_valentines-kort.jpg\",\"width\":1476,\"height\":1476,\"caption\":\"valentines kort\"},{\"@type\":\"BreadcrumbList\",\"@id\":\"https:\\\/\\\/poppyshoppen.no\\\/produkt\\\/valentine-kort-hot-cocoa\\\/#breadcrumb\",\"itemListElement\":[{\"@type\":\"ListItem\",\"position\":1,\"name\":\"Hjem\",\"item\":\"https:\\\/\\\/poppyshoppen.no\\\/\"},{\"@type\":\"ListItem\",\"position\":2,\"name\":\"Shop\",\"item\":\"https:\\\/\\\/poppyshoppen.no\\\/shop\\\/\"},{\"@type\":\"ListItem\",\"position\":3,\"name\":\"Valentine kort &#8211; Hot Cocoa\"}]},{\"@type\":\"WebSite\",\"@id\":\"https:\\\/\\\/poppyshoppen.no\\\/#website\",\"url\":\"https:\\\/\\\/poppyshoppen.no\\\/\",\"name\":\"Poppyshoppen\",\"description\":\"Gj\u00f8r hverdagen litt mer fargerik\",\"publisher\":{\"@id\":\"https:\\\/\\\/poppyshoppen.no\\\/#organization\"},\"potentialAction\":[{\"@type\":\"SearchAction\",\"target\":{\"@type\":\"EntryPoint\",\"urlTemplate\":\"https:\\\/\\\/poppyshoppen.no\\\/?s={search_term_string}\"},\"query-input\":{\"@type\":\"PropertyValueSpecification\",\"valueRequired\":true,\"valueName\":\"search_term_string\"}}],\"inLanguage\":\"en-US\"},{\"@type\":\"Organization\",\"@id\":\"https:\\\/\\\/poppyshoppen.no\\\/#organization\",\"name\":\"Poppyshoppen\",\"url\":\"https:\\\/\\\/poppyshoppen.no\\\/\",\"logo\":{\"@type\":\"ImageObject\",\"inLanguage\":\"en-US\",\"@id\":\"https:\\\/\\\/poppyshoppen.no\\\/#\\\/schema\\\/logo\\\/image\\\/\",\"url\":\"https:\\\/\\\/poppyshoppen.no\\\/wp-content\\\/uploads\\\/2024\\\/08\\\/cropped-poppyshoppen-logoikon.png\",\"contentUrl\":\"https:\\\/\\\/poppyshoppen.no\\\/wp-content\\\/uploads\\\/2024\\\/08\\\/cropped-poppyshoppen-logoikon.png\",\"width\":512,\"height\":512,\"caption\":\"Poppyshoppen\"},\"image\":{\"@id\":\"https:\\\/\\\/poppyshoppen.no\\\/#\\\/schema\\\/logo\\\/image\\\/\"},\"sameAs\":[\"https:\\\/\\\/www.facebook.com\\\/profile.php?id=61558460251190\",\"https:\\\/\\\/www.instagram.com\\\/poppyshoppen_no\\\/\"]}]}<\/script>\n<!-- \/ Yoast SEO plugin. -->","yoast_head_json":{"title":"Valentine kort - Hot Cocoa | Poppyshoppen","description":"Valentine kort - Hot Cocoa. You're My Cup of Hot Cocoa. Varm opp din kj\u00e6res hjerte med dette koselige Valentineskortet med en nydelig illustrasjon.","robots":{"index":"index","follow":"follow","max-snippet":"max-snippet:-1","max-image-preview":"max-image-preview:large","max-video-preview":"max-video-preview:-1"},"canonical":"https:\/\/poppyshoppen.no\/en\/product\/valentine-kort-hot-cocoa\/","og_locale":"en_US","og_type":"article","og_title":"Valentine kort - Hot Cocoa | Poppyshoppen","og_description":"Valentine kort - Hot Cocoa. You're My Cup of Hot Cocoa. Varm opp din kj\u00e6res hjerte med dette koselige Valentineskortet med en nydelig illustrasjon.","og_url":"https:\/\/poppyshoppen.no\/en\/product\/valentine-kort-hot-cocoa\/","og_site_name":"Poppyshoppen","article_publisher":"https:\/\/www.facebook.com\/profile.php?id=61558460251190","article_modified_time":"2025-01-15T11:07:42+00:00","og_image":[{"width":1476,"height":1476,"url":"https:\/\/poppyshoppen.no\/wp-content\/uploads\/2024\/08\/005_valentines-kort.jpg","type":"image\/jpeg"}],"twitter_card":"summary_large_image","twitter_misc":{"Est. reading time":"2 minutes"},"schema":{"@context":"https:\/\/schema.org","@graph":[{"@type":"WebPage","@id":"https:\/\/poppyshoppen.no\/produkt\/valentine-kort-hot-cocoa\/","url":"https:\/\/poppyshoppen.no\/produkt\/valentine-kort-hot-cocoa\/","name":"Valentine kort - Hot Cocoa | Poppyshoppen","isPartOf":{"@id":"https:\/\/poppyshoppen.no\/#website"},"primaryImageOfPage":{"@id":"https:\/\/poppyshoppen.no\/produkt\/valentine-kort-hot-cocoa\/#primaryimage"},"image":{"@id":"https:\/\/poppyshoppen.no\/produkt\/valentine-kort-hot-cocoa\/#primaryimage"},"thumbnailUrl":"https:\/\/poppyshoppen.no\/wp-content\/uploads\/2024\/08\/005_valentines-kort.jpg","datePublished":"2024-08-27T21:25:17+00:00","dateModified":"2025-01-15T11:07:42+00:00","description":"Valentine kort - Hot Cocoa. You're My Cup of Hot Cocoa. Varm opp din kj\u00e6res hjerte med dette koselige Valentineskortet med en nydelig illustrasjon.","breadcrumb":{"@id":"https:\/\/poppyshoppen.no\/produkt\/valentine-kort-hot-cocoa\/#breadcrumb"},"inLanguage":"en-US","potentialAction":[{"@type":"ReadAction","target":["https:\/\/poppyshoppen.no\/produkt\/valentine-kort-hot-cocoa\/"]}]},{"@type":"ImageObject","inLanguage":"en-US","@id":"https:\/\/poppyshoppen.no\/produkt\/valentine-kort-hot-cocoa\/#primaryimage","url":"https:\/\/poppyshoppen.no\/wp-content\/uploads\/2024\/08\/005_valentines-kort.jpg","contentUrl":"https:\/\/poppyshoppen.no\/wp-content\/uploads\/2024\/08\/005_valentines-kort.jpg","width":1476,"height":1476,"caption":"valentines kort"},{"@type":"BreadcrumbList","@id":"https:\/\/poppyshoppen.no\/produkt\/valentine-kort-hot-cocoa\/#breadcrumb","itemListElement":[{"@type":"ListItem","position":1,"name":"Hjem","item":"https:\/\/poppyshoppen.no\/"},{"@type":"ListItem","position":2,"name":"Shop","item":"https:\/\/poppyshoppen.no\/shop\/"},{"@type":"ListItem","position":3,"name":"Valentine kort &#8211; Hot Cocoa"}]},{"@type":"WebSite","@id":"https:\/\/poppyshoppen.no\/#website","url":"https:\/\/poppyshoppen.no\/","name":"Poppyshoppen","description":"Gj\u00f8r hverdagen litt mer fargerik","publisher":{"@id":"https:\/\/poppyshoppen.no\/#organization"},"potentialAction":[{"@type":"SearchAction","target":{"@type":"EntryPoint","urlTemplate":"https:\/\/poppyshoppen.no\/?s={search_term_string}"},"query-input":{"@type":"PropertyValueSpecification","valueRequired":true,"valueName":"search_term_string"}}],"inLanguage":"en-US"},{"@type":"Organization","@id":"https:\/\/poppyshoppen.no\/#organization","name":"Poppyshoppen","url":"https:\/\/poppyshoppen.no\/","logo":{"@type":"ImageObject","inLanguage":"en-US","@id":"https:\/\/poppyshoppen.no\/#\/schema\/logo\/image\/","url":"https:\/\/poppyshoppen.no\/wp-content\/uploads\/2024\/08\/cropped-poppyshoppen-logoikon.png","contentUrl":"https:\/\/poppyshoppen.no\/wp-content\/uploads\/2024\/08\/cropped-poppyshoppen-logoikon.png","width":512,"height":512,"caption":"Poppyshoppen"},"image":{"@id":"https:\/\/poppyshoppen.no\/#\/schema\/logo\/image\/"},"sameAs":["https:\/\/www.facebook.com\/profile.php?id=61558460251190","https:\/\/www.instagram.com\/poppyshoppen_no\/"]}]}},"jetpack_sharing_enabled":true,"_links":{"self":[{"href":"https:\/\/poppyshoppen.no\/en\/wp-json\/wp\/v2\/product\/197","targetHints":{"allow":["GET"]}}],"collection":[{"href":"https:\/\/poppyshoppen.no\/en\/wp-json\/wp\/v2\/product"}],"about":[{"href":"https:\/\/poppyshoppen.no\/en\/wp-json\/wp\/v2\/types\/product"}],"replies":[{"embeddable":true,"href":"https:\/\/poppyshoppen.no\/en\/wp-json\/wp\/v2\/comments?post=197"}],"wp:featuredmedia":[{"embeddable":true,"href":"https:\/\/poppyshoppen.no\/en\/wp-json\/wp\/v2\/media\/154"}],"wp:attachment":[{"href":"https:\/\/poppyshoppen.no\/en\/wp-json\/wp\/v2\/media?parent=197"}],"wp:term":[{"taxonomy":"product_brand","embeddable":true,"href":"https:\/\/poppyshoppen.no\/en\/wp-json\/wp\/v2\/product_brand?post=197"},{"taxonomy":"product_cat","embeddable":true,"href":"https:\/\/poppyshoppen.no\/en\/wp-json\/wp\/v2\/product_cat?post=197"},{"taxonomy":"product_tag","embeddable":true,"href":"https:\/\/poppyshoppen.no\/en\/wp-json\/wp\/v2\/product_tag?post=197"}],"curies":[{"name":"wp","href":"https:\/\/api.w.org\/{rel}","templated":true}]}}