{"id":1985,"date":"2025-03-10T14:48:30","date_gmt":"2025-03-10T13:48:30","guid":{"rendered":"https:\/\/poppyshoppen.no\/?post_type=product&#038;p=1985"},"modified":"2025-03-10T14:50:36","modified_gmt":"2025-03-10T13:50:36","slug":"hygge-nedlastbar-plakat","status":"publish","type":"product","link":"https:\/\/poppyshoppen.no\/en\/product\/hygge-nedlastbar-plakat\/","title":{"rendered":"Hygge &#8211; nedlastbar plakat"},"content":{"rendered":"<p data-start=\"190\" data-end=\"387\"><strong>Hygge &#8211; nedlastbar plakat<\/strong>. Hygge handler om de sm\u00e5, koselige \u00f8yeblikkene, en varm kopp kakao, myke sokker og levende lys. Denne <strong data-start=\"292\" data-end=\"316\">nedlastbare plakaten<\/strong> er perfekt for \u00e5 skape en lun og avslappet atmosf\u00e6re i hjemmet ditt.<\/p>\n<p data-start=\"389\" data-end=\"626\"><strong data-start=\"389\" data-end=\"402\">Detaljer:<\/strong><br data-start=\"402\" data-end=\"405\" \/>\ud83d\udccc <strong data-start=\"408\" data-end=\"422\">St\u00f8rrelse:<\/strong> A5, A4, A3 og US Lettersize<br data-start=\"500\" data-end=\"503\" \/>\ud83d\udccc <strong data-start=\"506\" data-end=\"517\">Format:<\/strong> Digital PDF-fil, klar for utskrift.<br data-start=\"553\" data-end=\"556\" \/>\ud83d\udccc <strong data-start=\"559\" data-end=\"568\">Bruk:<\/strong> Print selv hjemme, hos et trykkeri eller en online trykkeritjenste.<\/p>\n<p data-start=\"628\" data-end=\"1029\"><strong data-start=\"628\" data-end=\"653\">Hvordan det fungerer:<\/strong><br data-start=\"653\" data-end=\"656\" \/>\u2714\ufe0f Plakaten er umiddelbart tilgjengelig for <strong data-start=\"700\" data-end=\"729\">nedlasting etter betaling<\/strong>.<br data-start=\"730\" data-end=\"733\" \/>\u2714\ufe0f Du vil motta en nedlastingslink i ordrebekreftelsen og kan ogs\u00e5 finne filen under \u201cMin side\u201d hvis du har eller registrerer en konto i poppyshoppen.<\/p>\n<p data-start=\"1031\" data-end=\"1341\"><strong data-start=\"1031\" data-end=\"1049\">Viktig \u00e5 vite:<\/strong><br data-start=\"1049\" data-end=\"1052\" \/>\u274c Dette er en <strong data-start=\"1066\" data-end=\"1088\">digital nedlasting<\/strong>, ingen fysisk plakat vil bli sendt.<br data-start=\"1124\" data-end=\"1127\" \/>\u274c Filen er kun for <strong data-start=\"1146\" data-end=\"1164\">personlig bruk<\/strong> og kan ikke deles, redistribueres eller selges videre.<br data-start=\"1219\" data-end=\"1222\" \/>\u274c <strong data-start=\"1224\" data-end=\"1259\">Retur og angrerett gjelder ikke<\/strong> for digitale produkter, men ta kontakt om det skulle v\u00e6re et problem med filen.<\/p>","protected":false},"excerpt":{"rendered":"<p>\ud83d\udccc <strong data-start=\"408\" data-end=\"422\">St\u00f8rrelse:<\/strong> A5, A4, A3 og US Lettersize<br data-start=\"500\" data-end=\"503\" \/>\ud83d\udccc <strong data-start=\"506\" data-end=\"517\">Format:<\/strong> Digital PDF-fil, klar for utskrift.<br data-start=\"553\" data-end=\"556\" \/>\ud83d\udccc <strong data-start=\"559\" data-end=\"568\">Bruk:<\/strong> Print selv hjemme, hos et trykkeri eller en online trykkeritjenste.<\/p>","protected":false},"featured_media":793,"comment_status":"closed","ping_status":"closed","template":"","meta":[],"product_brand":[],"product_cat":[139,140],"product_tag":[],"class_list":{"0":"post-1985","1":"product","2":"type-product","3":"status-publish","4":"has-post-thumbnail","6":"product_cat-digitale-produkter","7":"product_cat-nedlastbare-plakater","9":"first","10":"instock","11":"downloadable","12":"taxable","13":"shipping-taxable","14":"purchasable","15":"product-type-simple"},"bundled_by":[],"bundle_stock_status":"instock","bundle_stock_quantity":null,"bundle_virtual":false,"bundle_layout":"","bundle_add_to_cart_form_location":"","bundle_editable_in_cart":false,"bundle_sold_individually_context":"","bundle_item_grouping":"","bundle_min_size":"","bundle_max_size":"","bundle_price":[],"bundled_items":[],"bundle_sell_ids":[],"exclude_global_add_ons":[],"addons":[],"yoast_head":"<!-- This site is optimized with the Yoast SEO plugin v27.3 - https:\/\/yoast.com\/product\/yoast-seo-wordpress\/ -->\n<title>Hygge - nedlastbar plakat | Poppyshoppen<\/title>\n<meta name=\"description\" content=\"Hygge handler om de sm\u00e5, koselige \u00f8yeblikkene. Denne nedlastbare plakaten er perfekt for \u00e5 skape en lun og avslappet atmosf\u00e6re i hjemmet ditt.\" \/>\n<meta name=\"robots\" content=\"index, follow, max-snippet:-1, max-image-preview:large, max-video-preview:-1\" \/>\n<link rel=\"canonical\" href=\"https:\/\/poppyshoppen.no\/en\/product\/hygge-nedlastbar-plakat\/\" \/>\n<meta property=\"og:locale\" content=\"en_US\" \/>\n<meta property=\"og:type\" content=\"article\" \/>\n<meta property=\"og:title\" content=\"Hygge - nedlastbar plakat | Poppyshoppen\" \/>\n<meta property=\"og:description\" content=\"Hygge handler om de sm\u00e5, koselige \u00f8yeblikkene. Denne nedlastbare plakaten er perfekt for \u00e5 skape en lun og avslappet atmosf\u00e6re i hjemmet ditt.\" \/>\n<meta property=\"og:url\" content=\"https:\/\/poppyshoppen.no\/en\/product\/hygge-nedlastbar-plakat\/\" \/>\n<meta property=\"og:site_name\" content=\"Poppyshoppen\" \/>\n<meta property=\"article:publisher\" content=\"https:\/\/www.facebook.com\/profile.php?id=61558460251190\" \/>\n<meta property=\"article:modified_time\" content=\"2025-03-10T13:50:36+00:00\" \/>\n<meta property=\"og:image\" content=\"https:\/\/poppyshoppen.no\/wp-content\/uploads\/2024\/09\/097_hygge-poster-kopi.webp\" \/>\n\t<meta property=\"og:image:width\" content=\"700\" \/>\n\t<meta property=\"og:image:height\" content=\"700\" \/>\n\t<meta property=\"og:image:type\" content=\"image\/webp\" \/>\n<meta name=\"twitter:card\" content=\"summary_large_image\" \/>\n<meta name=\"twitter:label1\" content=\"Est. reading time\" \/>\n\t<meta name=\"twitter:data1\" content=\"2 minutes\" \/>\n<script type=\"application\/ld+json\" class=\"yoast-schema-graph\">{\"@context\":\"https:\\\/\\\/schema.org\",\"@graph\":[{\"@type\":\"WebPage\",\"@id\":\"https:\\\/\\\/poppyshoppen.no\\\/produkt\\\/hygge-nedlastbar-plakat\\\/\",\"url\":\"https:\\\/\\\/poppyshoppen.no\\\/produkt\\\/hygge-nedlastbar-plakat\\\/\",\"name\":\"Hygge - nedlastbar plakat | Poppyshoppen\",\"isPartOf\":{\"@id\":\"https:\\\/\\\/poppyshoppen.no\\\/#website\"},\"primaryImageOfPage\":{\"@id\":\"https:\\\/\\\/poppyshoppen.no\\\/produkt\\\/hygge-nedlastbar-plakat\\\/#primaryimage\"},\"image\":{\"@id\":\"https:\\\/\\\/poppyshoppen.no\\\/produkt\\\/hygge-nedlastbar-plakat\\\/#primaryimage\"},\"thumbnailUrl\":\"https:\\\/\\\/poppyshoppen.no\\\/wp-content\\\/uploads\\\/2024\\\/09\\\/097_hygge-poster-kopi.webp\",\"datePublished\":\"2025-03-10T13:48:30+00:00\",\"dateModified\":\"2025-03-10T13:50:36+00:00\",\"description\":\"Hygge handler om de sm\u00e5, koselige \u00f8yeblikkene. Denne nedlastbare plakaten er perfekt for \u00e5 skape en lun og avslappet atmosf\u00e6re i hjemmet ditt.\",\"breadcrumb\":{\"@id\":\"https:\\\/\\\/poppyshoppen.no\\\/produkt\\\/hygge-nedlastbar-plakat\\\/#breadcrumb\"},\"inLanguage\":\"en-US\",\"potentialAction\":[{\"@type\":\"ReadAction\",\"target\":[\"https:\\\/\\\/poppyshoppen.no\\\/produkt\\\/hygge-nedlastbar-plakat\\\/\"]}]},{\"@type\":\"ImageObject\",\"inLanguage\":\"en-US\",\"@id\":\"https:\\\/\\\/poppyshoppen.no\\\/produkt\\\/hygge-nedlastbar-plakat\\\/#primaryimage\",\"url\":\"https:\\\/\\\/poppyshoppen.no\\\/wp-content\\\/uploads\\\/2024\\\/09\\\/097_hygge-poster-kopi.webp\",\"contentUrl\":\"https:\\\/\\\/poppyshoppen.no\\\/wp-content\\\/uploads\\\/2024\\\/09\\\/097_hygge-poster-kopi.webp\",\"width\":700,\"height\":700,\"caption\":\"hygge poster\"},{\"@type\":\"BreadcrumbList\",\"@id\":\"https:\\\/\\\/poppyshoppen.no\\\/produkt\\\/hygge-nedlastbar-plakat\\\/#breadcrumb\",\"itemListElement\":[{\"@type\":\"ListItem\",\"position\":1,\"name\":\"Hjem\",\"item\":\"https:\\\/\\\/poppyshoppen.no\\\/\"},{\"@type\":\"ListItem\",\"position\":2,\"name\":\"Shop\",\"item\":\"https:\\\/\\\/poppyshoppen.no\\\/shop\\\/\"},{\"@type\":\"ListItem\",\"position\":3,\"name\":\"Hygge &#8211; nedlastbar plakat\"}]},{\"@type\":\"WebSite\",\"@id\":\"https:\\\/\\\/poppyshoppen.no\\\/#website\",\"url\":\"https:\\\/\\\/poppyshoppen.no\\\/\",\"name\":\"Poppyshoppen\",\"description\":\"Gj\u00f8r hverdagen litt mer fargerik\",\"publisher\":{\"@id\":\"https:\\\/\\\/poppyshoppen.no\\\/#organization\"},\"potentialAction\":[{\"@type\":\"SearchAction\",\"target\":{\"@type\":\"EntryPoint\",\"urlTemplate\":\"https:\\\/\\\/poppyshoppen.no\\\/?s={search_term_string}\"},\"query-input\":{\"@type\":\"PropertyValueSpecification\",\"valueRequired\":true,\"valueName\":\"search_term_string\"}}],\"inLanguage\":\"en-US\"},{\"@type\":\"Organization\",\"@id\":\"https:\\\/\\\/poppyshoppen.no\\\/#organization\",\"name\":\"Poppyshoppen\",\"url\":\"https:\\\/\\\/poppyshoppen.no\\\/\",\"logo\":{\"@type\":\"ImageObject\",\"inLanguage\":\"en-US\",\"@id\":\"https:\\\/\\\/poppyshoppen.no\\\/#\\\/schema\\\/logo\\\/image\\\/\",\"url\":\"https:\\\/\\\/poppyshoppen.no\\\/wp-content\\\/uploads\\\/2024\\\/08\\\/cropped-poppyshoppen-logoikon.png\",\"contentUrl\":\"https:\\\/\\\/poppyshoppen.no\\\/wp-content\\\/uploads\\\/2024\\\/08\\\/cropped-poppyshoppen-logoikon.png\",\"width\":512,\"height\":512,\"caption\":\"Poppyshoppen\"},\"image\":{\"@id\":\"https:\\\/\\\/poppyshoppen.no\\\/#\\\/schema\\\/logo\\\/image\\\/\"},\"sameAs\":[\"https:\\\/\\\/www.facebook.com\\\/profile.php?id=61558460251190\",\"https:\\\/\\\/www.instagram.com\\\/poppyshoppen_no\\\/\"]}]}<\/script>\n<!-- \/ Yoast SEO plugin. -->","yoast_head_json":{"title":"Hygge - nedlastbar plakat | Poppyshoppen","description":"Hygge handler om de sm\u00e5, koselige \u00f8yeblikkene. Denne nedlastbare plakaten er perfekt for \u00e5 skape en lun og avslappet atmosf\u00e6re i hjemmet ditt.","robots":{"index":"index","follow":"follow","max-snippet":"max-snippet:-1","max-image-preview":"max-image-preview:large","max-video-preview":"max-video-preview:-1"},"canonical":"https:\/\/poppyshoppen.no\/en\/product\/hygge-nedlastbar-plakat\/","og_locale":"en_US","og_type":"article","og_title":"Hygge - nedlastbar plakat | Poppyshoppen","og_description":"Hygge handler om de sm\u00e5, koselige \u00f8yeblikkene. Denne nedlastbare plakaten er perfekt for \u00e5 skape en lun og avslappet atmosf\u00e6re i hjemmet ditt.","og_url":"https:\/\/poppyshoppen.no\/en\/product\/hygge-nedlastbar-plakat\/","og_site_name":"Poppyshoppen","article_publisher":"https:\/\/www.facebook.com\/profile.php?id=61558460251190","article_modified_time":"2025-03-10T13:50:36+00:00","og_image":[{"width":700,"height":700,"url":"https:\/\/poppyshoppen.no\/wp-content\/uploads\/2024\/09\/097_hygge-poster-kopi.webp","type":"image\/webp"}],"twitter_card":"summary_large_image","twitter_misc":{"Est. reading time":"2 minutes"},"schema":{"@context":"https:\/\/schema.org","@graph":[{"@type":"WebPage","@id":"https:\/\/poppyshoppen.no\/produkt\/hygge-nedlastbar-plakat\/","url":"https:\/\/poppyshoppen.no\/produkt\/hygge-nedlastbar-plakat\/","name":"Hygge - nedlastbar plakat | Poppyshoppen","isPartOf":{"@id":"https:\/\/poppyshoppen.no\/#website"},"primaryImageOfPage":{"@id":"https:\/\/poppyshoppen.no\/produkt\/hygge-nedlastbar-plakat\/#primaryimage"},"image":{"@id":"https:\/\/poppyshoppen.no\/produkt\/hygge-nedlastbar-plakat\/#primaryimage"},"thumbnailUrl":"https:\/\/poppyshoppen.no\/wp-content\/uploads\/2024\/09\/097_hygge-poster-kopi.webp","datePublished":"2025-03-10T13:48:30+00:00","dateModified":"2025-03-10T13:50:36+00:00","description":"Hygge handler om de sm\u00e5, koselige \u00f8yeblikkene. Denne nedlastbare plakaten er perfekt for \u00e5 skape en lun og avslappet atmosf\u00e6re i hjemmet ditt.","breadcrumb":{"@id":"https:\/\/poppyshoppen.no\/produkt\/hygge-nedlastbar-plakat\/#breadcrumb"},"inLanguage":"en-US","potentialAction":[{"@type":"ReadAction","target":["https:\/\/poppyshoppen.no\/produkt\/hygge-nedlastbar-plakat\/"]}]},{"@type":"ImageObject","inLanguage":"en-US","@id":"https:\/\/poppyshoppen.no\/produkt\/hygge-nedlastbar-plakat\/#primaryimage","url":"https:\/\/poppyshoppen.no\/wp-content\/uploads\/2024\/09\/097_hygge-poster-kopi.webp","contentUrl":"https:\/\/poppyshoppen.no\/wp-content\/uploads\/2024\/09\/097_hygge-poster-kopi.webp","width":700,"height":700,"caption":"hygge poster"},{"@type":"BreadcrumbList","@id":"https:\/\/poppyshoppen.no\/produkt\/hygge-nedlastbar-plakat\/#breadcrumb","itemListElement":[{"@type":"ListItem","position":1,"name":"Hjem","item":"https:\/\/poppyshoppen.no\/"},{"@type":"ListItem","position":2,"name":"Shop","item":"https:\/\/poppyshoppen.no\/shop\/"},{"@type":"ListItem","position":3,"name":"Hygge &#8211; nedlastbar plakat"}]},{"@type":"WebSite","@id":"https:\/\/poppyshoppen.no\/#website","url":"https:\/\/poppyshoppen.no\/","name":"Poppyshoppen","description":"Gj\u00f8r hverdagen litt mer fargerik","publisher":{"@id":"https:\/\/poppyshoppen.no\/#organization"},"potentialAction":[{"@type":"SearchAction","target":{"@type":"EntryPoint","urlTemplate":"https:\/\/poppyshoppen.no\/?s={search_term_string}"},"query-input":{"@type":"PropertyValueSpecification","valueRequired":true,"valueName":"search_term_string"}}],"inLanguage":"en-US"},{"@type":"Organization","@id":"https:\/\/poppyshoppen.no\/#organization","name":"Poppyshoppen","url":"https:\/\/poppyshoppen.no\/","logo":{"@type":"ImageObject","inLanguage":"en-US","@id":"https:\/\/poppyshoppen.no\/#\/schema\/logo\/image\/","url":"https:\/\/poppyshoppen.no\/wp-content\/uploads\/2024\/08\/cropped-poppyshoppen-logoikon.png","contentUrl":"https:\/\/poppyshoppen.no\/wp-content\/uploads\/2024\/08\/cropped-poppyshoppen-logoikon.png","width":512,"height":512,"caption":"Poppyshoppen"},"image":{"@id":"https:\/\/poppyshoppen.no\/#\/schema\/logo\/image\/"},"sameAs":["https:\/\/www.facebook.com\/profile.php?id=61558460251190","https:\/\/www.instagram.com\/poppyshoppen_no\/"]}]}},"jetpack_sharing_enabled":true,"_links":{"self":[{"href":"https:\/\/poppyshoppen.no\/en\/wp-json\/wp\/v2\/product\/1985","targetHints":{"allow":["GET"]}}],"collection":[{"href":"https:\/\/poppyshoppen.no\/en\/wp-json\/wp\/v2\/product"}],"about":[{"href":"https:\/\/poppyshoppen.no\/en\/wp-json\/wp\/v2\/types\/product"}],"replies":[{"embeddable":true,"href":"https:\/\/poppyshoppen.no\/en\/wp-json\/wp\/v2\/comments?post=1985"}],"wp:featuredmedia":[{"embeddable":true,"href":"https:\/\/poppyshoppen.no\/en\/wp-json\/wp\/v2\/media\/793"}],"wp:attachment":[{"href":"https:\/\/poppyshoppen.no\/en\/wp-json\/wp\/v2\/media?parent=1985"}],"wp:term":[{"taxonomy":"product_brand","embeddable":true,"href":"https:\/\/poppyshoppen.no\/en\/wp-json\/wp\/v2\/product_brand?post=1985"},{"taxonomy":"product_cat","embeddable":true,"href":"https:\/\/poppyshoppen.no\/en\/wp-json\/wp\/v2\/product_cat?post=1985"},{"taxonomy":"product_tag","embeddable":true,"href":"https:\/\/poppyshoppen.no\/en\/wp-json\/wp\/v2\/product_tag?post=1985"}],"curies":[{"name":"wp","href":"https:\/\/api.w.org\/{rel}","templated":true}]}}