{"id":201,"date":"2024-09-02T06:43:35","date_gmt":"2024-09-02T06:43:35","guid":{"rendered":"https:\/\/poppyshoppen.no\/?post_type=product&#038;p=201"},"modified":"2026-04-09T14:22:12","modified_gmt":"2026-04-09T13:22:12","slug":"sitron-klistremerke","status":"publish","type":"product","link":"https:\/\/poppyshoppen.no\/en\/product\/sitron-klistremerke\/","title":{"rendered":"Sitron Klistremerke til mobil, mac, vannflaske etc."},"content":{"rendered":"<p>Sitron Klistremerke. Klistremerket lages av tykk, holdbar vinyl som beskytter mot riper, vann og sollys. Dette sikrer at klistremerket holder seg pent over tid, uansett hvor det brukes. Sitron Klistremerke festes lett og sitter godt p\u00e5 ulike overflater uten \u00e5 miste kvaliteten.<\/p>\n<p><strong>Bruksomr\u00e5der:<\/strong> Passer perfekt til \u00e5 dekorere laptop, mobildeksel, vannflaske, almanakk eller annet.<\/p>\n<p><strong>St\u00f8rrelse:<\/strong> 10 x 8,5 cm<\/p>\n<p>Sjekk ut <a href=\"https:\/\/poppyshoppen.no\/en\/product-category\/klistremerker\/\">alle klistremerker<\/a><\/p>\n<p>Er du p\u00e5 utkikk etter en enkel m\u00e5te \u00e5 gj\u00f8re tingene dine mer unike og personlige? Vinylstickers fra Poppydesign er perfekte for nettopp det! V\u00e5re vinylklistremerker er sm\u00e5 kunstverk som kan friske opp alt fra mobilen til kaffekoppen, og gir nytt liv til hverdagslige ting.<\/p>\n<p>Disse klistremerkene er laget for \u00e5 holde lenge, men kan ogs\u00e5 fjernes uten \u00e5 etterlate merker \u2013 de sitter godt p\u00e5 de fleste overflater! En vinyl sticker fra Poppydesign kan gj\u00f8re laptoppen litt morsommere, eller gj\u00f8re vannflasken din unik. Inspirasjonen er hentet fra nordisk natur og hygge, med farger og detaljer som gir b\u00e5de varme og glede i hverdagen.<\/p>\n<p>Bruk vinylstickers til \u00e5 pynte p\u00e5 ting du bruker daglig, som notatb\u00f8ker, almanakker, eller kanskje favoritt-koppen din. De er ogs\u00e5 supre til DIY-prosjekter, som \u00e5 dekorere kort eller lage personlige gaveesker. For mange handler vinyl stickers om \u00e5 uttrykke hvem de er \u2013 et lite revemotiv kan minne deg om fine skogsturer, og en fargerik blomst kan lyse opp dagen din.<\/p>\n<p>Vinylstickers fra Poppydesign er ikke bare dekorative, men ogs\u00e5 en liten m\u00e5te \u00e5 spre glede og inspirasjon p\u00e5!<\/p>\n<p>&nbsp;<\/p>","protected":false},"excerpt":{"rendered":"<p>Klistremerke med sitron laget av slitesterk vinyl. St\u00f8rrelse: 10 x 8,5 cm.<\/p>","protected":false},"featured_media":220,"comment_status":"open","ping_status":"closed","template":"","meta":[],"product_brand":[],"product_cat":[16,136,29],"product_tag":[51,56,55,52,53],"class_list":{"0":"post-201","1":"product","2":"type-product","3":"status-publish","4":"has-post-thumbnail","6":"product_cat-klistremerker","7":"product_cat-morsdag","8":"product_cat-vinylklistremerker","9":"product_tag-klistremerke","10":"product_tag-lemon","11":"product_tag-sitron","12":"product_tag-stickers","13":"product_tag-vinyl-sticker","14":"product_shipping_class-kort","16":"first","17":"instock","18":"taxable","19":"shipping-taxable","20":"purchasable","21":"product-type-simple"},"bundled_by":[],"bundle_stock_status":"instock","bundle_stock_quantity":3,"bundle_virtual":false,"bundle_layout":"","bundle_add_to_cart_form_location":"","bundle_editable_in_cart":false,"bundle_sold_individually_context":"","bundle_item_grouping":"","bundle_min_size":"","bundle_max_size":"","bundle_price":[],"bundled_items":[],"bundle_sell_ids":[],"exclude_global_add_ons":[],"addons":[],"yoast_head":"<!-- This site is optimized with the Yoast SEO plugin v27.3 - https:\/\/yoast.com\/product\/yoast-seo-wordpress\/ -->\n<title>Sitron Klistremerke til mobil, mac, vannflaske etc. | Poppyshoppen<\/title>\n<meta name=\"description\" content=\"Sitron Klistremerke. Klistremerket er laget av tykk, holdbar vinyl som beskytter mot riper, vann og sollys. Klistremerket holder seg pent over tid.\" \/>\n<meta name=\"robots\" content=\"index, follow, max-snippet:-1, max-image-preview:large, max-video-preview:-1\" \/>\n<link rel=\"canonical\" href=\"https:\/\/poppyshoppen.no\/en\/product\/sitron-klistremerke\/\" \/>\n<meta property=\"og:locale\" content=\"en_US\" \/>\n<meta property=\"og:type\" content=\"article\" \/>\n<meta property=\"og:title\" content=\"Sitron Klistremerke til mobil, mac, vannflaske etc. | Poppyshoppen\" \/>\n<meta property=\"og:description\" content=\"Sitron Klistremerke. Klistremerket er laget av tykk, holdbar vinyl som beskytter mot riper, vann og sollys. Klistremerket holder seg pent over tid.\" \/>\n<meta property=\"og:url\" content=\"https:\/\/poppyshoppen.no\/en\/product\/sitron-klistremerke\/\" \/>\n<meta property=\"og:site_name\" content=\"Poppyshoppen\" \/>\n<meta property=\"article:publisher\" content=\"https:\/\/www.facebook.com\/profile.php?id=61558460251190\" \/>\n<meta property=\"article:modified_time\" content=\"2026-04-09T13:22:12+00:00\" \/>\n<meta property=\"og:image\" content=\"https:\/\/poppyshoppen.no\/wp-content\/uploads\/2024\/09\/008-stickers-poppydesign-lemon-2.jpg\" \/>\n\t<meta property=\"og:image:width\" content=\"1294\" \/>\n\t<meta property=\"og:image:height\" content=\"1294\" \/>\n\t<meta property=\"og:image:type\" content=\"image\/jpeg\" \/>\n<meta name=\"twitter:card\" content=\"summary_large_image\" \/>\n<meta name=\"twitter:label1\" content=\"Est. reading time\" \/>\n\t<meta name=\"twitter:data1\" content=\"2 minutes\" \/>\n<script type=\"application\/ld+json\" class=\"yoast-schema-graph\">{\"@context\":\"https:\\\/\\\/schema.org\",\"@graph\":[{\"@type\":\"WebPage\",\"@id\":\"https:\\\/\\\/poppyshoppen.no\\\/produkt\\\/sitron-klistremerke\\\/\",\"url\":\"https:\\\/\\\/poppyshoppen.no\\\/produkt\\\/sitron-klistremerke\\\/\",\"name\":\"Sitron Klistremerke til mobil, mac, vannflaske etc. | Poppyshoppen\",\"isPartOf\":{\"@id\":\"https:\\\/\\\/poppyshoppen.no\\\/#website\"},\"primaryImageOfPage\":{\"@id\":\"https:\\\/\\\/poppyshoppen.no\\\/produkt\\\/sitron-klistremerke\\\/#primaryimage\"},\"image\":{\"@id\":\"https:\\\/\\\/poppyshoppen.no\\\/produkt\\\/sitron-klistremerke\\\/#primaryimage\"},\"thumbnailUrl\":\"https:\\\/\\\/poppyshoppen.no\\\/wp-content\\\/uploads\\\/2024\\\/09\\\/008-stickers-poppydesign-lemon-2.jpg\",\"datePublished\":\"2024-09-02T06:43:35+00:00\",\"dateModified\":\"2026-04-09T13:22:12+00:00\",\"description\":\"Sitron Klistremerke. Klistremerket er laget av tykk, holdbar vinyl som beskytter mot riper, vann og sollys. Klistremerket holder seg pent over tid.\",\"breadcrumb\":{\"@id\":\"https:\\\/\\\/poppyshoppen.no\\\/produkt\\\/sitron-klistremerke\\\/#breadcrumb\"},\"inLanguage\":\"en-US\",\"potentialAction\":[{\"@type\":\"ReadAction\",\"target\":[\"https:\\\/\\\/poppyshoppen.no\\\/produkt\\\/sitron-klistremerke\\\/\"]}]},{\"@type\":\"ImageObject\",\"inLanguage\":\"en-US\",\"@id\":\"https:\\\/\\\/poppyshoppen.no\\\/produkt\\\/sitron-klistremerke\\\/#primaryimage\",\"url\":\"https:\\\/\\\/poppyshoppen.no\\\/wp-content\\\/uploads\\\/2024\\\/09\\\/008-stickers-poppydesign-lemon-2.jpg\",\"contentUrl\":\"https:\\\/\\\/poppyshoppen.no\\\/wp-content\\\/uploads\\\/2024\\\/09\\\/008-stickers-poppydesign-lemon-2.jpg\",\"width\":1294,\"height\":1294,\"caption\":\"Klistremerke med sitron\"},{\"@type\":\"BreadcrumbList\",\"@id\":\"https:\\\/\\\/poppyshoppen.no\\\/produkt\\\/sitron-klistremerke\\\/#breadcrumb\",\"itemListElement\":[{\"@type\":\"ListItem\",\"position\":1,\"name\":\"Hjem\",\"item\":\"https:\\\/\\\/poppyshoppen.no\\\/\"},{\"@type\":\"ListItem\",\"position\":2,\"name\":\"Shop\",\"item\":\"https:\\\/\\\/poppyshoppen.no\\\/shop\\\/\"},{\"@type\":\"ListItem\",\"position\":3,\"name\":\"Sitron Klistremerke til mobil, mac, vannflaske etc.\"}]},{\"@type\":\"WebSite\",\"@id\":\"https:\\\/\\\/poppyshoppen.no\\\/#website\",\"url\":\"https:\\\/\\\/poppyshoppen.no\\\/\",\"name\":\"Poppyshoppen\",\"description\":\"Gj\u00f8r hverdagen litt mer fargerik\",\"publisher\":{\"@id\":\"https:\\\/\\\/poppyshoppen.no\\\/#organization\"},\"potentialAction\":[{\"@type\":\"SearchAction\",\"target\":{\"@type\":\"EntryPoint\",\"urlTemplate\":\"https:\\\/\\\/poppyshoppen.no\\\/?s={search_term_string}\"},\"query-input\":{\"@type\":\"PropertyValueSpecification\",\"valueRequired\":true,\"valueName\":\"search_term_string\"}}],\"inLanguage\":\"en-US\"},{\"@type\":\"Organization\",\"@id\":\"https:\\\/\\\/poppyshoppen.no\\\/#organization\",\"name\":\"Poppyshoppen\",\"url\":\"https:\\\/\\\/poppyshoppen.no\\\/\",\"logo\":{\"@type\":\"ImageObject\",\"inLanguage\":\"en-US\",\"@id\":\"https:\\\/\\\/poppyshoppen.no\\\/#\\\/schema\\\/logo\\\/image\\\/\",\"url\":\"https:\\\/\\\/poppyshoppen.no\\\/wp-content\\\/uploads\\\/2024\\\/08\\\/cropped-poppyshoppen-logoikon.png\",\"contentUrl\":\"https:\\\/\\\/poppyshoppen.no\\\/wp-content\\\/uploads\\\/2024\\\/08\\\/cropped-poppyshoppen-logoikon.png\",\"width\":512,\"height\":512,\"caption\":\"Poppyshoppen\"},\"image\":{\"@id\":\"https:\\\/\\\/poppyshoppen.no\\\/#\\\/schema\\\/logo\\\/image\\\/\"},\"sameAs\":[\"https:\\\/\\\/www.facebook.com\\\/profile.php?id=61558460251190\",\"https:\\\/\\\/www.instagram.com\\\/poppyshoppen_no\\\/\"]}]}<\/script>\n<!-- \/ Yoast SEO plugin. -->","yoast_head_json":{"title":"Sitron Klistremerke til mobil, mac, vannflaske etc. | Poppyshoppen","description":"Sitron Klistremerke. Klistremerket er laget av tykk, holdbar vinyl som beskytter mot riper, vann og sollys. Klistremerket holder seg pent over tid.","robots":{"index":"index","follow":"follow","max-snippet":"max-snippet:-1","max-image-preview":"max-image-preview:large","max-video-preview":"max-video-preview:-1"},"canonical":"https:\/\/poppyshoppen.no\/en\/product\/sitron-klistremerke\/","og_locale":"en_US","og_type":"article","og_title":"Sitron Klistremerke til mobil, mac, vannflaske etc. | Poppyshoppen","og_description":"Sitron Klistremerke. Klistremerket er laget av tykk, holdbar vinyl som beskytter mot riper, vann og sollys. Klistremerket holder seg pent over tid.","og_url":"https:\/\/poppyshoppen.no\/en\/product\/sitron-klistremerke\/","og_site_name":"Poppyshoppen","article_publisher":"https:\/\/www.facebook.com\/profile.php?id=61558460251190","article_modified_time":"2026-04-09T13:22:12+00:00","og_image":[{"width":1294,"height":1294,"url":"https:\/\/poppyshoppen.no\/wp-content\/uploads\/2024\/09\/008-stickers-poppydesign-lemon-2.jpg","type":"image\/jpeg"}],"twitter_card":"summary_large_image","twitter_misc":{"Est. reading time":"2 minutes"},"schema":{"@context":"https:\/\/schema.org","@graph":[{"@type":"WebPage","@id":"https:\/\/poppyshoppen.no\/produkt\/sitron-klistremerke\/","url":"https:\/\/poppyshoppen.no\/produkt\/sitron-klistremerke\/","name":"Sitron Klistremerke til mobil, mac, vannflaske etc. | Poppyshoppen","isPartOf":{"@id":"https:\/\/poppyshoppen.no\/#website"},"primaryImageOfPage":{"@id":"https:\/\/poppyshoppen.no\/produkt\/sitron-klistremerke\/#primaryimage"},"image":{"@id":"https:\/\/poppyshoppen.no\/produkt\/sitron-klistremerke\/#primaryimage"},"thumbnailUrl":"https:\/\/poppyshoppen.no\/wp-content\/uploads\/2024\/09\/008-stickers-poppydesign-lemon-2.jpg","datePublished":"2024-09-02T06:43:35+00:00","dateModified":"2026-04-09T13:22:12+00:00","description":"Sitron Klistremerke. Klistremerket er laget av tykk, holdbar vinyl som beskytter mot riper, vann og sollys. Klistremerket holder seg pent over tid.","breadcrumb":{"@id":"https:\/\/poppyshoppen.no\/produkt\/sitron-klistremerke\/#breadcrumb"},"inLanguage":"en-US","potentialAction":[{"@type":"ReadAction","target":["https:\/\/poppyshoppen.no\/produkt\/sitron-klistremerke\/"]}]},{"@type":"ImageObject","inLanguage":"en-US","@id":"https:\/\/poppyshoppen.no\/produkt\/sitron-klistremerke\/#primaryimage","url":"https:\/\/poppyshoppen.no\/wp-content\/uploads\/2024\/09\/008-stickers-poppydesign-lemon-2.jpg","contentUrl":"https:\/\/poppyshoppen.no\/wp-content\/uploads\/2024\/09\/008-stickers-poppydesign-lemon-2.jpg","width":1294,"height":1294,"caption":"Klistremerke med sitron"},{"@type":"BreadcrumbList","@id":"https:\/\/poppyshoppen.no\/produkt\/sitron-klistremerke\/#breadcrumb","itemListElement":[{"@type":"ListItem","position":1,"name":"Hjem","item":"https:\/\/poppyshoppen.no\/"},{"@type":"ListItem","position":2,"name":"Shop","item":"https:\/\/poppyshoppen.no\/shop\/"},{"@type":"ListItem","position":3,"name":"Sitron Klistremerke til mobil, mac, vannflaske etc."}]},{"@type":"WebSite","@id":"https:\/\/poppyshoppen.no\/#website","url":"https:\/\/poppyshoppen.no\/","name":"Poppyshoppen","description":"Gj\u00f8r hverdagen litt mer fargerik","publisher":{"@id":"https:\/\/poppyshoppen.no\/#organization"},"potentialAction":[{"@type":"SearchAction","target":{"@type":"EntryPoint","urlTemplate":"https:\/\/poppyshoppen.no\/?s={search_term_string}"},"query-input":{"@type":"PropertyValueSpecification","valueRequired":true,"valueName":"search_term_string"}}],"inLanguage":"en-US"},{"@type":"Organization","@id":"https:\/\/poppyshoppen.no\/#organization","name":"Poppyshoppen","url":"https:\/\/poppyshoppen.no\/","logo":{"@type":"ImageObject","inLanguage":"en-US","@id":"https:\/\/poppyshoppen.no\/#\/schema\/logo\/image\/","url":"https:\/\/poppyshoppen.no\/wp-content\/uploads\/2024\/08\/cropped-poppyshoppen-logoikon.png","contentUrl":"https:\/\/poppyshoppen.no\/wp-content\/uploads\/2024\/08\/cropped-poppyshoppen-logoikon.png","width":512,"height":512,"caption":"Poppyshoppen"},"image":{"@id":"https:\/\/poppyshoppen.no\/#\/schema\/logo\/image\/"},"sameAs":["https:\/\/www.facebook.com\/profile.php?id=61558460251190","https:\/\/www.instagram.com\/poppyshoppen_no\/"]}]}},"jetpack_sharing_enabled":true,"_links":{"self":[{"href":"https:\/\/poppyshoppen.no\/en\/wp-json\/wp\/v2\/product\/201","targetHints":{"allow":["GET"]}}],"collection":[{"href":"https:\/\/poppyshoppen.no\/en\/wp-json\/wp\/v2\/product"}],"about":[{"href":"https:\/\/poppyshoppen.no\/en\/wp-json\/wp\/v2\/types\/product"}],"replies":[{"embeddable":true,"href":"https:\/\/poppyshoppen.no\/en\/wp-json\/wp\/v2\/comments?post=201"}],"wp:featuredmedia":[{"embeddable":true,"href":"https:\/\/poppyshoppen.no\/en\/wp-json\/wp\/v2\/media\/220"}],"wp:attachment":[{"href":"https:\/\/poppyshoppen.no\/en\/wp-json\/wp\/v2\/media?parent=201"}],"wp:term":[{"taxonomy":"product_brand","embeddable":true,"href":"https:\/\/poppyshoppen.no\/en\/wp-json\/wp\/v2\/product_brand?post=201"},{"taxonomy":"product_cat","embeddable":true,"href":"https:\/\/poppyshoppen.no\/en\/wp-json\/wp\/v2\/product_cat?post=201"},{"taxonomy":"product_tag","embeddable":true,"href":"https:\/\/poppyshoppen.no\/en\/wp-json\/wp\/v2\/product_tag?post=201"}],"curies":[{"name":"wp","href":"https:\/\/api.w.org\/{rel}","templated":true}]}}