{"id":2020,"date":"2025-04-08T12:43:48","date_gmt":"2025-04-08T11:43:48","guid":{"rendered":"https:\/\/poppyshoppen.no\/?post_type=product&#038;p=2020"},"modified":"2025-11-19T14:43:49","modified_gmt":"2025-11-19T13:43:49","slug":"ski-goggles-klistremerke-til-mobil-skihjelm-laptop-og-annet","status":"publish","type":"product","link":"https:\/\/poppyshoppen.no\/en\/product\/ski-goggles-klistremerke-til-mobil-skihjelm-laptop-og-annet\/","title":{"rendered":"Ski Goggles &#8211; Klistremerke til mobil, skihjelm, laptop og annet"},"content":{"rendered":"<p class=\"\" data-start=\"255\" data-end=\"488\">Dette <strong data-start=\"272\" data-end=\"297\">tekstil-klistremerket<\/strong> viser et kult skibrillemotiv med fjell og bakke, perfekt for deg som elsker vintersport, afterski og fjellet! Laget av slitesterkt stoffmateriale med fargerik trykk og tekstur. St\u00f8rrelse: 7,5 x 4,5 cm<\/p>\n<p class=\"\" data-start=\"490\" data-end=\"805\">\ud83d\udd39 <strong data-start=\"493\" data-end=\"507\">Materiale:<\/strong> Tekstil med trykk<br data-start=\"536\" data-end=\"539\" \/>\ud83d\udd39 <strong data-start=\"542\" data-end=\"551\">Bruk:<\/strong> Midlertidig pynt p\u00e5 kl\u00e6r som t-skjorter, hettegensere og denim<br data-start=\"614\" data-end=\"617\" \/>\ud83d\udd39 <strong data-start=\"620\" data-end=\"643\">Kan ogs\u00e5 festes p\u00e5:<\/strong> Laptop, vannflasker, notatb\u00f8ker og mer<br data-start=\"682\" data-end=\"685\" \/>\ud83d\udd39 <strong data-start=\"688\" data-end=\"697\">Merk:<\/strong> Ikke vaskbart i maskin \u2013 designet for midlertidig bruk<\/p>\n<p class=\"\" data-start=\"962\" data-end=\"1061\">\ud83c\udfbf Passer perfekt for ski-elskere og deg som liker et grafisk uttrykk med personlighet.<\/p>\n<p>&nbsp;<\/p>\n<p>Sjekk ut <a href=\"https:\/\/poppyshoppen.no\/en\/product-category\/klistremerker\/\">alle klistremerker<\/a><\/p>\n<p>Er du p\u00e5 utkikk etter en enkel m\u00e5te \u00e5 gj\u00f8re tingene dine mer unike og personlige? Stickers fra Poppydesign er perfekte for nettopp det! V\u00e5re klistremerker er sm\u00e5 kunstverk som kan friske opp alt fra mobilen til kaffekoppen, og gir nytt liv til hverdagslige ting.<\/p>\n<p>Disse klistremerkene er laget for \u00e5 holde lenge, men kan ogs\u00e5 fjernes uten \u00e5 etterlate merker! En sticker fra Poppydesign kan gj\u00f8re laptoppen litt morsommere, eller gj\u00f8re vannflasken din unik. Inspirasjonen er hentet fra nordisk natur og hygge, med farger og detaljer som gir b\u00e5de varme og glede i hverdagen.<\/p>\n<p>Bruk stickers til \u00e5 pynte p\u00e5 ting du bruker daglig, som notatb\u00f8ker, almanakker, eller kanskje favoritt-koppen din. De er ogs\u00e5 supre til DIY-prosjekter, som \u00e5 dekorere kort eller lage personlige gaveesker. For mange handler stickers om \u00e5 uttrykke hvem de er \u2013 et lite revemotiv kan minne deg om fine skogsturer, og en fargerik blomst kan lyse opp dagen din.<\/p>\n<p>Klistremerker fra Poppydesign er ikke bare dekorative, men ogs\u00e5 en liten m\u00e5te \u00e5 spre glede og inspirasjon p\u00e5!<\/p>","protected":false},"excerpt":{"rendered":"<p><strong data-start=\"272\" data-end=\"297\">Tekstil-klistremerke<\/strong> med kult skibrillemotiv med fjell og bakke, perfekt for deg som elsker vintersport, afterski og fjellet!<\/p>","protected":false},"featured_media":2019,"comment_status":"open","ping_status":"closed","template":"","meta":[],"product_brand":[],"product_cat":[121,16,141,29],"product_tag":[51,52,111],"class_list":{"0":"post-2020","1":"product","2":"type-product","3":"status-publish","4":"has-post-thumbnail","6":"product_cat-farsdag","7":"product_cat-klistremerker","8":"product_cat-tekstilklistremerker","9":"product_cat-vinylklistremerker","10":"product_tag-klistremerke","11":"product_tag-stickers","12":"product_tag-vinter","13":"product_shipping_class-kort","15":"first","16":"instock","17":"taxable","18":"shipping-taxable","19":"purchasable","20":"product-type-simple"},"bundled_by":[],"bundle_stock_status":"instock","bundle_stock_quantity":9,"bundle_virtual":false,"bundle_layout":"","bundle_add_to_cart_form_location":"","bundle_editable_in_cart":false,"bundle_sold_individually_context":"","bundle_item_grouping":"","bundle_min_size":"","bundle_max_size":"","bundle_price":[],"bundled_items":[],"bundle_sell_ids":[],"exclude_global_add_ons":[],"addons":[],"yoast_head":"<!-- This site is optimized with the Yoast SEO plugin v27.5 - https:\/\/yoast.com\/product\/yoast-seo-wordpress\/ -->\n<title>Ski Goggles - Klistremerke til mobil, skihjelm, laptop og annet | Poppyshoppen<\/title>\n<meta name=\"description\" content=\"Ski goggle Klistremerke. Kult klistremerke med fargerikt og dekorativt skibrille design. Perfekt til skihjelmen, laptoppen eller mobilen.\" \/>\n<meta name=\"robots\" content=\"index, follow, max-snippet:-1, max-image-preview:large, max-video-preview:-1\" \/>\n<link rel=\"canonical\" href=\"https:\/\/poppyshoppen.no\/en\/product\/ski-goggles-klistremerke-til-mobil-skihjelm-laptop-og-annet\/\" \/>\n<meta property=\"og:locale\" content=\"en_US\" \/>\n<meta property=\"og:type\" content=\"article\" \/>\n<meta property=\"og:title\" content=\"Ski Goggles - Klistremerke til mobil, skihjelm, laptop og annet | Poppyshoppen\" \/>\n<meta property=\"og:description\" content=\"Ski goggle Klistremerke. Kult klistremerke med fargerikt og dekorativt skibrille design. Perfekt til skihjelmen, laptoppen eller mobilen.\" \/>\n<meta property=\"og:url\" content=\"https:\/\/poppyshoppen.no\/en\/product\/ski-goggles-klistremerke-til-mobil-skihjelm-laptop-og-annet\/\" \/>\n<meta property=\"og:site_name\" content=\"Poppyshoppen\" \/>\n<meta property=\"article:publisher\" content=\"https:\/\/www.facebook.com\/profile.php?id=61558460251190\" \/>\n<meta property=\"article:modified_time\" content=\"2025-11-19T13:43:49+00:00\" \/>\n<meta property=\"og:image\" content=\"https:\/\/poppyshoppen.no\/wp-content\/uploads\/2025\/04\/poppydesign-skiing-sticker-klistremerke-196-scaled.jpg\" \/>\n\t<meta property=\"og:image:width\" content=\"2560\" \/>\n\t<meta property=\"og:image:height\" content=\"2554\" \/>\n\t<meta property=\"og:image:type\" content=\"image\/jpeg\" \/>\n<meta name=\"twitter:card\" content=\"summary_large_image\" \/>\n<meta name=\"twitter:label1\" content=\"Est. reading time\" \/>\n\t<meta name=\"twitter:data1\" content=\"2 minutes\" \/>\n<script type=\"application\/ld+json\" class=\"yoast-schema-graph\">{\"@context\":\"https:\\\/\\\/schema.org\",\"@graph\":[{\"@type\":\"WebPage\",\"@id\":\"https:\\\/\\\/poppyshoppen.no\\\/produkt\\\/ski-goggles-klistremerke-til-mobil-skihjelm-laptop-og-annet\\\/\",\"url\":\"https:\\\/\\\/poppyshoppen.no\\\/produkt\\\/ski-goggles-klistremerke-til-mobil-skihjelm-laptop-og-annet\\\/\",\"name\":\"Ski Goggles - Klistremerke til mobil, skihjelm, laptop og annet | Poppyshoppen\",\"isPartOf\":{\"@id\":\"https:\\\/\\\/poppyshoppen.no\\\/#website\"},\"primaryImageOfPage\":{\"@id\":\"https:\\\/\\\/poppyshoppen.no\\\/produkt\\\/ski-goggles-klistremerke-til-mobil-skihjelm-laptop-og-annet\\\/#primaryimage\"},\"image\":{\"@id\":\"https:\\\/\\\/poppyshoppen.no\\\/produkt\\\/ski-goggles-klistremerke-til-mobil-skihjelm-laptop-og-annet\\\/#primaryimage\"},\"thumbnailUrl\":\"https:\\\/\\\/poppyshoppen.no\\\/wp-content\\\/uploads\\\/2025\\\/04\\\/poppydesign-skiing-sticker-klistremerke-196-scaled.jpg\",\"datePublished\":\"2025-04-08T11:43:48+00:00\",\"dateModified\":\"2025-11-19T13:43:49+00:00\",\"description\":\"Ski goggle Klistremerke. Kult klistremerke med fargerikt og dekorativt skibrille design. Perfekt til skihjelmen, laptoppen eller mobilen.\",\"breadcrumb\":{\"@id\":\"https:\\\/\\\/poppyshoppen.no\\\/produkt\\\/ski-goggles-klistremerke-til-mobil-skihjelm-laptop-og-annet\\\/#breadcrumb\"},\"inLanguage\":\"en-US\",\"potentialAction\":[{\"@type\":\"ReadAction\",\"target\":[\"https:\\\/\\\/poppyshoppen.no\\\/produkt\\\/ski-goggles-klistremerke-til-mobil-skihjelm-laptop-og-annet\\\/\"]}]},{\"@type\":\"ImageObject\",\"inLanguage\":\"en-US\",\"@id\":\"https:\\\/\\\/poppyshoppen.no\\\/produkt\\\/ski-goggles-klistremerke-til-mobil-skihjelm-laptop-og-annet\\\/#primaryimage\",\"url\":\"https:\\\/\\\/poppyshoppen.no\\\/wp-content\\\/uploads\\\/2025\\\/04\\\/poppydesign-skiing-sticker-klistremerke-196-scaled.jpg\",\"contentUrl\":\"https:\\\/\\\/poppyshoppen.no\\\/wp-content\\\/uploads\\\/2025\\\/04\\\/poppydesign-skiing-sticker-klistremerke-196-scaled.jpg\",\"width\":2560,\"height\":2554,\"caption\":\"H\u00e5nd som holder et klistremerke med skibriller\"},{\"@type\":\"BreadcrumbList\",\"@id\":\"https:\\\/\\\/poppyshoppen.no\\\/produkt\\\/ski-goggles-klistremerke-til-mobil-skihjelm-laptop-og-annet\\\/#breadcrumb\",\"itemListElement\":[{\"@type\":\"ListItem\",\"position\":1,\"name\":\"Hjem\",\"item\":\"https:\\\/\\\/poppyshoppen.no\\\/\"},{\"@type\":\"ListItem\",\"position\":2,\"name\":\"Shop\",\"item\":\"https:\\\/\\\/poppyshoppen.no\\\/shop\\\/\"},{\"@type\":\"ListItem\",\"position\":3,\"name\":\"Ski Goggles &#8211; Klistremerke til mobil, skihjelm, laptop og annet\"}]},{\"@type\":\"WebSite\",\"@id\":\"https:\\\/\\\/poppyshoppen.no\\\/#website\",\"url\":\"https:\\\/\\\/poppyshoppen.no\\\/\",\"name\":\"Poppyshoppen\",\"description\":\"Gj\u00f8r hverdagen litt mer fargerik\",\"publisher\":{\"@id\":\"https:\\\/\\\/poppyshoppen.no\\\/#organization\"},\"potentialAction\":[{\"@type\":\"SearchAction\",\"target\":{\"@type\":\"EntryPoint\",\"urlTemplate\":\"https:\\\/\\\/poppyshoppen.no\\\/?s={search_term_string}\"},\"query-input\":{\"@type\":\"PropertyValueSpecification\",\"valueRequired\":true,\"valueName\":\"search_term_string\"}}],\"inLanguage\":\"en-US\"},{\"@type\":\"Organization\",\"@id\":\"https:\\\/\\\/poppyshoppen.no\\\/#organization\",\"name\":\"Poppyshoppen\",\"url\":\"https:\\\/\\\/poppyshoppen.no\\\/\",\"logo\":{\"@type\":\"ImageObject\",\"inLanguage\":\"en-US\",\"@id\":\"https:\\\/\\\/poppyshoppen.no\\\/#\\\/schema\\\/logo\\\/image\\\/\",\"url\":\"https:\\\/\\\/poppyshoppen.no\\\/wp-content\\\/uploads\\\/2024\\\/08\\\/cropped-poppyshoppen-logoikon.png\",\"contentUrl\":\"https:\\\/\\\/poppyshoppen.no\\\/wp-content\\\/uploads\\\/2024\\\/08\\\/cropped-poppyshoppen-logoikon.png\",\"width\":512,\"height\":512,\"caption\":\"Poppyshoppen\"},\"image\":{\"@id\":\"https:\\\/\\\/poppyshoppen.no\\\/#\\\/schema\\\/logo\\\/image\\\/\"},\"sameAs\":[\"https:\\\/\\\/www.facebook.com\\\/profile.php?id=61558460251190\",\"https:\\\/\\\/www.instagram.com\\\/poppyshoppen_no\\\/\"]}]}<\/script>\n<!-- \/ Yoast SEO plugin. -->","yoast_head_json":{"title":"Ski Goggles - Klistremerke til mobil, skihjelm, laptop og annet | Poppyshoppen","description":"Ski goggle Klistremerke. Kult klistremerke med fargerikt og dekorativt skibrille design. Perfekt til skihjelmen, laptoppen eller mobilen.","robots":{"index":"index","follow":"follow","max-snippet":"max-snippet:-1","max-image-preview":"max-image-preview:large","max-video-preview":"max-video-preview:-1"},"canonical":"https:\/\/poppyshoppen.no\/en\/product\/ski-goggles-klistremerke-til-mobil-skihjelm-laptop-og-annet\/","og_locale":"en_US","og_type":"article","og_title":"Ski Goggles - Klistremerke til mobil, skihjelm, laptop og annet | Poppyshoppen","og_description":"Ski goggle Klistremerke. Kult klistremerke med fargerikt og dekorativt skibrille design. Perfekt til skihjelmen, laptoppen eller mobilen.","og_url":"https:\/\/poppyshoppen.no\/en\/product\/ski-goggles-klistremerke-til-mobil-skihjelm-laptop-og-annet\/","og_site_name":"Poppyshoppen","article_publisher":"https:\/\/www.facebook.com\/profile.php?id=61558460251190","article_modified_time":"2025-11-19T13:43:49+00:00","og_image":[{"width":2560,"height":2554,"url":"https:\/\/poppyshoppen.no\/wp-content\/uploads\/2025\/04\/poppydesign-skiing-sticker-klistremerke-196-scaled.jpg","type":"image\/jpeg"}],"twitter_card":"summary_large_image","twitter_misc":{"Est. reading time":"2 minutes"},"schema":{"@context":"https:\/\/schema.org","@graph":[{"@type":"WebPage","@id":"https:\/\/poppyshoppen.no\/produkt\/ski-goggles-klistremerke-til-mobil-skihjelm-laptop-og-annet\/","url":"https:\/\/poppyshoppen.no\/produkt\/ski-goggles-klistremerke-til-mobil-skihjelm-laptop-og-annet\/","name":"Ski Goggles - Klistremerke til mobil, skihjelm, laptop og annet | Poppyshoppen","isPartOf":{"@id":"https:\/\/poppyshoppen.no\/#website"},"primaryImageOfPage":{"@id":"https:\/\/poppyshoppen.no\/produkt\/ski-goggles-klistremerke-til-mobil-skihjelm-laptop-og-annet\/#primaryimage"},"image":{"@id":"https:\/\/poppyshoppen.no\/produkt\/ski-goggles-klistremerke-til-mobil-skihjelm-laptop-og-annet\/#primaryimage"},"thumbnailUrl":"https:\/\/poppyshoppen.no\/wp-content\/uploads\/2025\/04\/poppydesign-skiing-sticker-klistremerke-196-scaled.jpg","datePublished":"2025-04-08T11:43:48+00:00","dateModified":"2025-11-19T13:43:49+00:00","description":"Ski goggle Klistremerke. Kult klistremerke med fargerikt og dekorativt skibrille design. Perfekt til skihjelmen, laptoppen eller mobilen.","breadcrumb":{"@id":"https:\/\/poppyshoppen.no\/produkt\/ski-goggles-klistremerke-til-mobil-skihjelm-laptop-og-annet\/#breadcrumb"},"inLanguage":"en-US","potentialAction":[{"@type":"ReadAction","target":["https:\/\/poppyshoppen.no\/produkt\/ski-goggles-klistremerke-til-mobil-skihjelm-laptop-og-annet\/"]}]},{"@type":"ImageObject","inLanguage":"en-US","@id":"https:\/\/poppyshoppen.no\/produkt\/ski-goggles-klistremerke-til-mobil-skihjelm-laptop-og-annet\/#primaryimage","url":"https:\/\/poppyshoppen.no\/wp-content\/uploads\/2025\/04\/poppydesign-skiing-sticker-klistremerke-196-scaled.jpg","contentUrl":"https:\/\/poppyshoppen.no\/wp-content\/uploads\/2025\/04\/poppydesign-skiing-sticker-klistremerke-196-scaled.jpg","width":2560,"height":2554,"caption":"H\u00e5nd som holder et klistremerke med skibriller"},{"@type":"BreadcrumbList","@id":"https:\/\/poppyshoppen.no\/produkt\/ski-goggles-klistremerke-til-mobil-skihjelm-laptop-og-annet\/#breadcrumb","itemListElement":[{"@type":"ListItem","position":1,"name":"Hjem","item":"https:\/\/poppyshoppen.no\/"},{"@type":"ListItem","position":2,"name":"Shop","item":"https:\/\/poppyshoppen.no\/shop\/"},{"@type":"ListItem","position":3,"name":"Ski Goggles &#8211; Klistremerke til mobil, skihjelm, laptop og annet"}]},{"@type":"WebSite","@id":"https:\/\/poppyshoppen.no\/#website","url":"https:\/\/poppyshoppen.no\/","name":"Poppyshoppen","description":"Gj\u00f8r hverdagen litt mer fargerik","publisher":{"@id":"https:\/\/poppyshoppen.no\/#organization"},"potentialAction":[{"@type":"SearchAction","target":{"@type":"EntryPoint","urlTemplate":"https:\/\/poppyshoppen.no\/?s={search_term_string}"},"query-input":{"@type":"PropertyValueSpecification","valueRequired":true,"valueName":"search_term_string"}}],"inLanguage":"en-US"},{"@type":"Organization","@id":"https:\/\/poppyshoppen.no\/#organization","name":"Poppyshoppen","url":"https:\/\/poppyshoppen.no\/","logo":{"@type":"ImageObject","inLanguage":"en-US","@id":"https:\/\/poppyshoppen.no\/#\/schema\/logo\/image\/","url":"https:\/\/poppyshoppen.no\/wp-content\/uploads\/2024\/08\/cropped-poppyshoppen-logoikon.png","contentUrl":"https:\/\/poppyshoppen.no\/wp-content\/uploads\/2024\/08\/cropped-poppyshoppen-logoikon.png","width":512,"height":512,"caption":"Poppyshoppen"},"image":{"@id":"https:\/\/poppyshoppen.no\/#\/schema\/logo\/image\/"},"sameAs":["https:\/\/www.facebook.com\/profile.php?id=61558460251190","https:\/\/www.instagram.com\/poppyshoppen_no\/"]}]}},"jetpack_sharing_enabled":true,"_links":{"self":[{"href":"https:\/\/poppyshoppen.no\/en\/wp-json\/wp\/v2\/product\/2020","targetHints":{"allow":["GET"]}}],"collection":[{"href":"https:\/\/poppyshoppen.no\/en\/wp-json\/wp\/v2\/product"}],"about":[{"href":"https:\/\/poppyshoppen.no\/en\/wp-json\/wp\/v2\/types\/product"}],"replies":[{"embeddable":true,"href":"https:\/\/poppyshoppen.no\/en\/wp-json\/wp\/v2\/comments?post=2020"}],"wp:featuredmedia":[{"embeddable":true,"href":"https:\/\/poppyshoppen.no\/en\/wp-json\/wp\/v2\/media\/2019"}],"wp:attachment":[{"href":"https:\/\/poppyshoppen.no\/en\/wp-json\/wp\/v2\/media?parent=2020"}],"wp:term":[{"taxonomy":"product_brand","embeddable":true,"href":"https:\/\/poppyshoppen.no\/en\/wp-json\/wp\/v2\/product_brand?post=2020"},{"taxonomy":"product_cat","embeddable":true,"href":"https:\/\/poppyshoppen.no\/en\/wp-json\/wp\/v2\/product_cat?post=2020"},{"taxonomy":"product_tag","embeddable":true,"href":"https:\/\/poppyshoppen.no\/en\/wp-json\/wp\/v2\/product_tag?post=2020"}],"curies":[{"name":"wp","href":"https:\/\/api.w.org\/{rel}","templated":true}]}}