{"id":2064,"date":"2025-04-09T14:46:22","date_gmt":"2025-04-09T13:46:22","guid":{"rendered":"https:\/\/poppyshoppen.no\/?post_type=product&#038;p=2064"},"modified":"2025-10-26T18:38:14","modified_gmt":"2025-10-26T17:38:14","slug":"nokkelring-keychain-med-rev","status":"publish","type":"product","link":"https:\/\/poppyshoppen.no\/en\/product\/nokkelring-keychain-med-rev\/","title":{"rendered":"N\u00f8kkelring &#8211; Keychain med Rev"},"content":{"rendered":"<p class=\"\" data-start=\"201\" data-end=\"529\">Denne nydelige n\u00f8kkelringen med en s\u00f8t rev er akkurat det du trenger for \u00e5 gi et eller kjedelig n\u00f8kleknippe litt ekstra sjarm og personlighet. Denne lille reven klar for eventyr, enten det er i veska di, p\u00e5 n\u00f8kkelknippet eller som pynt p\u00e5 sekken. Laget i lett og holdbar akryl med print p\u00e5 ene siden. Formsk\u00e5ret rundt den s\u00f8te reven. Denne s\u00f8te veskecharmsen \/ n\u00f8kleringen er b\u00e5de praktisk og uimotst\u00e5elig s\u00f8t.<\/p>\n<p class=\"\" data-start=\"644\" data-end=\"698\"><strong data-start=\"644\" data-end=\"698\">Perfekt gave til deg selv eller noen du er glad i.<\/strong><\/p>\n<p class=\"\" data-start=\"700\" data-end=\"809\">\ud83d\udc9b Full av personlighet<br data-start=\"723\" data-end=\"726\" \/>\ud83d\udc9b Fargerik poppy-stil<br data-start=\"754\" data-end=\"757\" \/>\ud83d\udc9b Lett og slitesterk<\/p>","protected":false},"excerpt":{"rendered":"<p>Denne nydelige n\u00f8kkelringen med en s\u00f8t rev er akkurat det du trenger for \u00e5 gi et eller kjedelig n\u00f8kleknippe litt ekstra sjarm og personlighet. Denne lille reven klar for eventyr, enten det er i veska di, p\u00e5 n\u00f8kkelknippet eller som pynt p\u00e5 sekken. Laget i lett og holdbar akryl med print p\u00e5 ene siden. Formsk\u00e5ret [&hellip;]<\/p>\n","protected":false},"featured_media":2061,"comment_status":"closed","ping_status":"closed","template":"","meta":[],"product_brand":[],"product_cat":[142,121],"product_tag":[61],"class_list":{"0":"post-2064","1":"product","2":"type-product","3":"status-publish","4":"has-post-thumbnail","6":"product_cat-alt-annet","7":"product_cat-farsdag","8":"product_tag-rev","10":"first","11":"instock","12":"taxable","13":"shipping-taxable","14":"purchasable","15":"product-type-simple"},"bundled_by":[],"bundle_stock_status":"instock","bundle_stock_quantity":null,"bundle_virtual":false,"bundle_layout":"","bundle_add_to_cart_form_location":"","bundle_editable_in_cart":false,"bundle_sold_individually_context":"","bundle_item_grouping":"","bundle_min_size":"","bundle_max_size":"","bundle_price":[],"bundled_items":[],"bundle_sell_ids":[],"exclude_global_add_ons":[],"addons":[],"yoast_head":"<!-- This site is optimized with the Yoast SEO plugin v27.5 - https:\/\/yoast.com\/product\/yoast-seo-wordpress\/ -->\n<title>N\u00f8kkelring - Keychain med Rev | Poppyshoppen<\/title>\n<meta name=\"description\" content=\"Denne nydelige n\u00f8kkelringen med en s\u00f8t rev er akkurat det du trenger for \u00e5 gi et eller kjedelig n\u00f8kleknippe litt ekstra sjarm og personlighet.\" \/>\n<meta name=\"robots\" content=\"index, follow, max-snippet:-1, max-image-preview:large, max-video-preview:-1\" \/>\n<link rel=\"canonical\" href=\"https:\/\/poppyshoppen.no\/en\/product\/nokkelring-keychain-med-rev\/\" \/>\n<meta property=\"og:locale\" content=\"en_US\" \/>\n<meta property=\"og:type\" content=\"article\" \/>\n<meta property=\"og:title\" content=\"N\u00f8kkelring - Keychain med Rev | Poppyshoppen\" \/>\n<meta property=\"og:description\" content=\"Denne nydelige n\u00f8kkelringen med en s\u00f8t rev er akkurat det du trenger for \u00e5 gi et eller kjedelig n\u00f8kleknippe litt ekstra sjarm og personlighet.\" \/>\n<meta property=\"og:url\" content=\"https:\/\/poppyshoppen.no\/en\/product\/nokkelring-keychain-med-rev\/\" \/>\n<meta property=\"og:site_name\" content=\"Poppyshoppen\" \/>\n<meta property=\"article:publisher\" content=\"https:\/\/www.facebook.com\/profile.php?id=61558460251190\" \/>\n<meta property=\"article:modified_time\" content=\"2025-10-26T17:38:14+00:00\" \/>\n<meta property=\"og:image\" content=\"https:\/\/poppyshoppen.no\/wp-content\/uploads\/2025\/04\/key-chain-noklering-med-rev-200_1.jpg\" \/>\n\t<meta property=\"og:image:width\" content=\"1099\" \/>\n\t<meta property=\"og:image:height\" content=\"1099\" \/>\n\t<meta property=\"og:image:type\" content=\"image\/jpeg\" \/>\n<meta name=\"twitter:card\" content=\"summary_large_image\" \/>\n<meta name=\"twitter:label1\" content=\"Est. reading time\" \/>\n\t<meta name=\"twitter:data1\" content=\"1 minute\" \/>\n<script type=\"application\/ld+json\" class=\"yoast-schema-graph\">{\"@context\":\"https:\\\/\\\/schema.org\",\"@graph\":[{\"@type\":\"WebPage\",\"@id\":\"https:\\\/\\\/poppyshoppen.no\\\/produkt\\\/nokkelring-keychain-med-rev\\\/\",\"url\":\"https:\\\/\\\/poppyshoppen.no\\\/produkt\\\/nokkelring-keychain-med-rev\\\/\",\"name\":\"N\u00f8kkelring - Keychain med Rev | Poppyshoppen\",\"isPartOf\":{\"@id\":\"https:\\\/\\\/poppyshoppen.no\\\/#website\"},\"primaryImageOfPage\":{\"@id\":\"https:\\\/\\\/poppyshoppen.no\\\/produkt\\\/nokkelring-keychain-med-rev\\\/#primaryimage\"},\"image\":{\"@id\":\"https:\\\/\\\/poppyshoppen.no\\\/produkt\\\/nokkelring-keychain-med-rev\\\/#primaryimage\"},\"thumbnailUrl\":\"https:\\\/\\\/poppyshoppen.no\\\/wp-content\\\/uploads\\\/2025\\\/04\\\/key-chain-noklering-med-rev-200_1.jpg\",\"datePublished\":\"2025-04-09T13:46:22+00:00\",\"dateModified\":\"2025-10-26T17:38:14+00:00\",\"description\":\"Denne nydelige n\u00f8kkelringen med en s\u00f8t rev er akkurat det du trenger for \u00e5 gi et eller kjedelig n\u00f8kleknippe litt ekstra sjarm og personlighet.\",\"breadcrumb\":{\"@id\":\"https:\\\/\\\/poppyshoppen.no\\\/produkt\\\/nokkelring-keychain-med-rev\\\/#breadcrumb\"},\"inLanguage\":\"en-US\",\"potentialAction\":[{\"@type\":\"ReadAction\",\"target\":[\"https:\\\/\\\/poppyshoppen.no\\\/produkt\\\/nokkelring-keychain-med-rev\\\/\"]}]},{\"@type\":\"ImageObject\",\"inLanguage\":\"en-US\",\"@id\":\"https:\\\/\\\/poppyshoppen.no\\\/produkt\\\/nokkelring-keychain-med-rev\\\/#primaryimage\",\"url\":\"https:\\\/\\\/poppyshoppen.no\\\/wp-content\\\/uploads\\\/2025\\\/04\\\/key-chain-noklering-med-rev-200_1.jpg\",\"contentUrl\":\"https:\\\/\\\/poppyshoppen.no\\\/wp-content\\\/uploads\\\/2025\\\/04\\\/key-chain-noklering-med-rev-200_1.jpg\",\"width\":1099,\"height\":1099,\"caption\":\"N\u00f8kkelring med Rev\"},{\"@type\":\"BreadcrumbList\",\"@id\":\"https:\\\/\\\/poppyshoppen.no\\\/produkt\\\/nokkelring-keychain-med-rev\\\/#breadcrumb\",\"itemListElement\":[{\"@type\":\"ListItem\",\"position\":1,\"name\":\"Hjem\",\"item\":\"https:\\\/\\\/poppyshoppen.no\\\/\"},{\"@type\":\"ListItem\",\"position\":2,\"name\":\"Shop\",\"item\":\"https:\\\/\\\/poppyshoppen.no\\\/shop\\\/\"},{\"@type\":\"ListItem\",\"position\":3,\"name\":\"N\u00f8kkelring &#8211; Keychain med Rev\"}]},{\"@type\":\"WebSite\",\"@id\":\"https:\\\/\\\/poppyshoppen.no\\\/#website\",\"url\":\"https:\\\/\\\/poppyshoppen.no\\\/\",\"name\":\"Poppyshoppen\",\"description\":\"Gj\u00f8r hverdagen litt mer fargerik\",\"publisher\":{\"@id\":\"https:\\\/\\\/poppyshoppen.no\\\/#organization\"},\"potentialAction\":[{\"@type\":\"SearchAction\",\"target\":{\"@type\":\"EntryPoint\",\"urlTemplate\":\"https:\\\/\\\/poppyshoppen.no\\\/?s={search_term_string}\"},\"query-input\":{\"@type\":\"PropertyValueSpecification\",\"valueRequired\":true,\"valueName\":\"search_term_string\"}}],\"inLanguage\":\"en-US\"},{\"@type\":\"Organization\",\"@id\":\"https:\\\/\\\/poppyshoppen.no\\\/#organization\",\"name\":\"Poppyshoppen\",\"url\":\"https:\\\/\\\/poppyshoppen.no\\\/\",\"logo\":{\"@type\":\"ImageObject\",\"inLanguage\":\"en-US\",\"@id\":\"https:\\\/\\\/poppyshoppen.no\\\/#\\\/schema\\\/logo\\\/image\\\/\",\"url\":\"https:\\\/\\\/poppyshoppen.no\\\/wp-content\\\/uploads\\\/2024\\\/08\\\/cropped-poppyshoppen-logoikon.png\",\"contentUrl\":\"https:\\\/\\\/poppyshoppen.no\\\/wp-content\\\/uploads\\\/2024\\\/08\\\/cropped-poppyshoppen-logoikon.png\",\"width\":512,\"height\":512,\"caption\":\"Poppyshoppen\"},\"image\":{\"@id\":\"https:\\\/\\\/poppyshoppen.no\\\/#\\\/schema\\\/logo\\\/image\\\/\"},\"sameAs\":[\"https:\\\/\\\/www.facebook.com\\\/profile.php?id=61558460251190\",\"https:\\\/\\\/www.instagram.com\\\/poppyshoppen_no\\\/\"]}]}<\/script>\n<!-- \/ Yoast SEO plugin. -->","yoast_head_json":{"title":"N\u00f8kkelring - Keychain med Rev | Poppyshoppen","description":"Denne nydelige n\u00f8kkelringen med en s\u00f8t rev er akkurat det du trenger for \u00e5 gi et eller kjedelig n\u00f8kleknippe litt ekstra sjarm og personlighet.","robots":{"index":"index","follow":"follow","max-snippet":"max-snippet:-1","max-image-preview":"max-image-preview:large","max-video-preview":"max-video-preview:-1"},"canonical":"https:\/\/poppyshoppen.no\/en\/product\/nokkelring-keychain-med-rev\/","og_locale":"en_US","og_type":"article","og_title":"N\u00f8kkelring - Keychain med Rev | Poppyshoppen","og_description":"Denne nydelige n\u00f8kkelringen med en s\u00f8t rev er akkurat det du trenger for \u00e5 gi et eller kjedelig n\u00f8kleknippe litt ekstra sjarm og personlighet.","og_url":"https:\/\/poppyshoppen.no\/en\/product\/nokkelring-keychain-med-rev\/","og_site_name":"Poppyshoppen","article_publisher":"https:\/\/www.facebook.com\/profile.php?id=61558460251190","article_modified_time":"2025-10-26T17:38:14+00:00","og_image":[{"width":1099,"height":1099,"url":"https:\/\/poppyshoppen.no\/wp-content\/uploads\/2025\/04\/key-chain-noklering-med-rev-200_1.jpg","type":"image\/jpeg"}],"twitter_card":"summary_large_image","twitter_misc":{"Est. reading time":"1 minute"},"schema":{"@context":"https:\/\/schema.org","@graph":[{"@type":"WebPage","@id":"https:\/\/poppyshoppen.no\/produkt\/nokkelring-keychain-med-rev\/","url":"https:\/\/poppyshoppen.no\/produkt\/nokkelring-keychain-med-rev\/","name":"N\u00f8kkelring - Keychain med Rev | Poppyshoppen","isPartOf":{"@id":"https:\/\/poppyshoppen.no\/#website"},"primaryImageOfPage":{"@id":"https:\/\/poppyshoppen.no\/produkt\/nokkelring-keychain-med-rev\/#primaryimage"},"image":{"@id":"https:\/\/poppyshoppen.no\/produkt\/nokkelring-keychain-med-rev\/#primaryimage"},"thumbnailUrl":"https:\/\/poppyshoppen.no\/wp-content\/uploads\/2025\/04\/key-chain-noklering-med-rev-200_1.jpg","datePublished":"2025-04-09T13:46:22+00:00","dateModified":"2025-10-26T17:38:14+00:00","description":"Denne nydelige n\u00f8kkelringen med en s\u00f8t rev er akkurat det du trenger for \u00e5 gi et eller kjedelig n\u00f8kleknippe litt ekstra sjarm og personlighet.","breadcrumb":{"@id":"https:\/\/poppyshoppen.no\/produkt\/nokkelring-keychain-med-rev\/#breadcrumb"},"inLanguage":"en-US","potentialAction":[{"@type":"ReadAction","target":["https:\/\/poppyshoppen.no\/produkt\/nokkelring-keychain-med-rev\/"]}]},{"@type":"ImageObject","inLanguage":"en-US","@id":"https:\/\/poppyshoppen.no\/produkt\/nokkelring-keychain-med-rev\/#primaryimage","url":"https:\/\/poppyshoppen.no\/wp-content\/uploads\/2025\/04\/key-chain-noklering-med-rev-200_1.jpg","contentUrl":"https:\/\/poppyshoppen.no\/wp-content\/uploads\/2025\/04\/key-chain-noklering-med-rev-200_1.jpg","width":1099,"height":1099,"caption":"N\u00f8kkelring med Rev"},{"@type":"BreadcrumbList","@id":"https:\/\/poppyshoppen.no\/produkt\/nokkelring-keychain-med-rev\/#breadcrumb","itemListElement":[{"@type":"ListItem","position":1,"name":"Hjem","item":"https:\/\/poppyshoppen.no\/"},{"@type":"ListItem","position":2,"name":"Shop","item":"https:\/\/poppyshoppen.no\/shop\/"},{"@type":"ListItem","position":3,"name":"N\u00f8kkelring &#8211; Keychain med Rev"}]},{"@type":"WebSite","@id":"https:\/\/poppyshoppen.no\/#website","url":"https:\/\/poppyshoppen.no\/","name":"Poppyshoppen","description":"Gj\u00f8r hverdagen litt mer fargerik","publisher":{"@id":"https:\/\/poppyshoppen.no\/#organization"},"potentialAction":[{"@type":"SearchAction","target":{"@type":"EntryPoint","urlTemplate":"https:\/\/poppyshoppen.no\/?s={search_term_string}"},"query-input":{"@type":"PropertyValueSpecification","valueRequired":true,"valueName":"search_term_string"}}],"inLanguage":"en-US"},{"@type":"Organization","@id":"https:\/\/poppyshoppen.no\/#organization","name":"Poppyshoppen","url":"https:\/\/poppyshoppen.no\/","logo":{"@type":"ImageObject","inLanguage":"en-US","@id":"https:\/\/poppyshoppen.no\/#\/schema\/logo\/image\/","url":"https:\/\/poppyshoppen.no\/wp-content\/uploads\/2024\/08\/cropped-poppyshoppen-logoikon.png","contentUrl":"https:\/\/poppyshoppen.no\/wp-content\/uploads\/2024\/08\/cropped-poppyshoppen-logoikon.png","width":512,"height":512,"caption":"Poppyshoppen"},"image":{"@id":"https:\/\/poppyshoppen.no\/#\/schema\/logo\/image\/"},"sameAs":["https:\/\/www.facebook.com\/profile.php?id=61558460251190","https:\/\/www.instagram.com\/poppyshoppen_no\/"]}]}},"jetpack_sharing_enabled":true,"_links":{"self":[{"href":"https:\/\/poppyshoppen.no\/en\/wp-json\/wp\/v2\/product\/2064","targetHints":{"allow":["GET"]}}],"collection":[{"href":"https:\/\/poppyshoppen.no\/en\/wp-json\/wp\/v2\/product"}],"about":[{"href":"https:\/\/poppyshoppen.no\/en\/wp-json\/wp\/v2\/types\/product"}],"replies":[{"embeddable":true,"href":"https:\/\/poppyshoppen.no\/en\/wp-json\/wp\/v2\/comments?post=2064"}],"wp:featuredmedia":[{"embeddable":true,"href":"https:\/\/poppyshoppen.no\/en\/wp-json\/wp\/v2\/media\/2061"}],"wp:attachment":[{"href":"https:\/\/poppyshoppen.no\/en\/wp-json\/wp\/v2\/media?parent=2064"}],"wp:term":[{"taxonomy":"product_brand","embeddable":true,"href":"https:\/\/poppyshoppen.no\/en\/wp-json\/wp\/v2\/product_brand?post=2064"},{"taxonomy":"product_cat","embeddable":true,"href":"https:\/\/poppyshoppen.no\/en\/wp-json\/wp\/v2\/product_cat?post=2064"},{"taxonomy":"product_tag","embeddable":true,"href":"https:\/\/poppyshoppen.no\/en\/wp-json\/wp\/v2\/product_tag?post=2064"}],"curies":[{"name":"wp","href":"https:\/\/api.w.org\/{rel}","templated":true}]}}