{"id":2085,"date":"2025-04-28T10:47:21","date_gmt":"2025-04-28T09:47:21","guid":{"rendered":"https:\/\/poppyshoppen.no\/?post_type=product&#038;p=2085"},"modified":"2025-04-28T20:27:49","modified_gmt":"2025-04-28T19:27:49","slug":"pouch-mappe-med-motiv-dronning-i-eget-liv-no-3","status":"publish","type":"product","link":"https:\/\/poppyshoppen.no\/en\/product\/pouch-mappe-med-motiv-dronning-i-eget-liv-no-3\/","title":{"rendered":"Pouch &#8211; mappe med motiv &laquo;dronning i eget liv&raquo; no 3"},"content":{"rendered":"<p>Pouch mappe med motiv av Dronning Maud. Motivet er fotografi er som er illustrert med penn. Mappen er perfekt som projektmappe til h\u00e5ndarbeid, oppbevaringsmappe til skrivesaker eller annet. Motivet finnes ogs\u00e5 som <a href=\"https:\/\/poppyshoppen.no\/en\/product\/handlenett-med-motiv-dronning-i-eget-liv-no-3\/\">Totebag.<\/a><\/p>\n<p>M\u00e5l: 26 cm x 29 cm x 7,5 cm. Denne mappen st\u00e5r st\u00f8tt n\u00e5r den har innhold.<\/p>\n<p>Materialer: Solid ubleket bomullkanvas med kraftig glidel\u00e5s i messingfarget metall.<\/p>\n<p>Dette er helt unik design jeg har designet for Mauds Manufaktur AS.<\/p>","protected":false},"excerpt":{"rendered":"<p>Praktisk Pouch\/oppbevaringsmappe med motiv av Dronning Maud.<\/p>","protected":false},"featured_media":2118,"comment_status":"closed","ping_status":"closed","template":"","meta":[],"product_brand":[],"product_cat":[142],"product_tag":[],"class_list":{"0":"post-2085","1":"product","2":"type-product","3":"status-publish","4":"has-post-thumbnail","6":"product_cat-alt-annet","7":"product_shipping_class-norge","9":"first","10":"instock","11":"taxable","12":"shipping-taxable","13":"purchasable","14":"product-type-simple"},"bundled_by":[],"bundle_stock_status":"instock","bundle_stock_quantity":null,"bundle_virtual":false,"bundle_layout":"","bundle_add_to_cart_form_location":"","bundle_editable_in_cart":false,"bundle_sold_individually_context":"","bundle_item_grouping":"","bundle_min_size":"","bundle_max_size":"","bundle_price":[],"bundled_items":[],"bundle_sell_ids":[],"exclude_global_add_ons":[],"addons":[],"yoast_head":"<!-- This site is optimized with the Yoast SEO plugin v27.5 - https:\/\/yoast.com\/product\/yoast-seo-wordpress\/ -->\n<title>Pouch - mappe med motiv &quot;dronning i eget liv&quot; no 3 | Poppyshoppen<\/title>\n<meta name=\"description\" content=\"Pouch mappe med motiv av Dronning Maud. Mappen er perfekt som projektmappe til h\u00e5ndarbeid, oppbevaringsmappe til skrivesaker eller annet.\" \/>\n<meta name=\"robots\" content=\"index, follow, max-snippet:-1, max-image-preview:large, max-video-preview:-1\" \/>\n<link rel=\"canonical\" href=\"https:\/\/poppyshoppen.no\/en\/product\/pouch-mappe-med-motiv-dronning-i-eget-liv-no-3\/\" \/>\n<meta property=\"og:locale\" content=\"en_US\" \/>\n<meta property=\"og:type\" content=\"article\" \/>\n<meta property=\"og:title\" content=\"Pouch - mappe med motiv &quot;dronning i eget liv&quot; no 3 | Poppyshoppen\" \/>\n<meta property=\"og:description\" content=\"Pouch mappe med motiv av Dronning Maud. Mappen er perfekt som projektmappe til h\u00e5ndarbeid, oppbevaringsmappe til skrivesaker eller annet.\" \/>\n<meta property=\"og:url\" content=\"https:\/\/poppyshoppen.no\/en\/product\/pouch-mappe-med-motiv-dronning-i-eget-liv-no-3\/\" \/>\n<meta property=\"og:site_name\" content=\"Poppyshoppen\" \/>\n<meta property=\"article:publisher\" content=\"https:\/\/www.facebook.com\/profile.php?id=61558460251190\" \/>\n<meta property=\"article:modified_time\" content=\"2025-04-28T19:27:49+00:00\" \/>\n<meta property=\"og:image\" content=\"https:\/\/poppyshoppen.no\/wp-content\/uploads\/2025\/04\/pouch-oppbevaringsmappe-3-scaled.jpg\" \/>\n\t<meta property=\"og:image:width\" content=\"2560\" \/>\n\t<meta property=\"og:image:height\" content=\"2560\" \/>\n\t<meta property=\"og:image:type\" content=\"image\/jpeg\" \/>\n<meta name=\"twitter:card\" content=\"summary_large_image\" \/>\n<meta name=\"twitter:label1\" content=\"Est. reading time\" \/>\n\t<meta name=\"twitter:data1\" content=\"1 minute\" \/>\n<script type=\"application\/ld+json\" class=\"yoast-schema-graph\">{\"@context\":\"https:\\\/\\\/schema.org\",\"@graph\":[{\"@type\":\"WebPage\",\"@id\":\"https:\\\/\\\/poppyshoppen.no\\\/produkt\\\/pouch-mappe-med-motiv-dronning-i-eget-liv-no-3\\\/\",\"url\":\"https:\\\/\\\/poppyshoppen.no\\\/produkt\\\/pouch-mappe-med-motiv-dronning-i-eget-liv-no-3\\\/\",\"name\":\"Pouch - mappe med motiv \\\"dronning i eget liv\\\" no 3 | Poppyshoppen\",\"isPartOf\":{\"@id\":\"https:\\\/\\\/poppyshoppen.no\\\/#website\"},\"primaryImageOfPage\":{\"@id\":\"https:\\\/\\\/poppyshoppen.no\\\/produkt\\\/pouch-mappe-med-motiv-dronning-i-eget-liv-no-3\\\/#primaryimage\"},\"image\":{\"@id\":\"https:\\\/\\\/poppyshoppen.no\\\/produkt\\\/pouch-mappe-med-motiv-dronning-i-eget-liv-no-3\\\/#primaryimage\"},\"thumbnailUrl\":\"https:\\\/\\\/poppyshoppen.no\\\/wp-content\\\/uploads\\\/2025\\\/04\\\/pouch-oppbevaringsmappe-3-scaled.jpg\",\"datePublished\":\"2025-04-28T09:47:21+00:00\",\"dateModified\":\"2025-04-28T19:27:49+00:00\",\"description\":\"Pouch mappe med motiv av Dronning Maud. Mappen er perfekt som projektmappe til h\u00e5ndarbeid, oppbevaringsmappe til skrivesaker eller annet.\",\"breadcrumb\":{\"@id\":\"https:\\\/\\\/poppyshoppen.no\\\/produkt\\\/pouch-mappe-med-motiv-dronning-i-eget-liv-no-3\\\/#breadcrumb\"},\"inLanguage\":\"en-US\",\"potentialAction\":[{\"@type\":\"ReadAction\",\"target\":[\"https:\\\/\\\/poppyshoppen.no\\\/produkt\\\/pouch-mappe-med-motiv-dronning-i-eget-liv-no-3\\\/\"]}]},{\"@type\":\"ImageObject\",\"inLanguage\":\"en-US\",\"@id\":\"https:\\\/\\\/poppyshoppen.no\\\/produkt\\\/pouch-mappe-med-motiv-dronning-i-eget-liv-no-3\\\/#primaryimage\",\"url\":\"https:\\\/\\\/poppyshoppen.no\\\/wp-content\\\/uploads\\\/2025\\\/04\\\/pouch-oppbevaringsmappe-3-scaled.jpg\",\"contentUrl\":\"https:\\\/\\\/poppyshoppen.no\\\/wp-content\\\/uploads\\\/2025\\\/04\\\/pouch-oppbevaringsmappe-3-scaled.jpg\",\"width\":2560,\"height\":2560,\"caption\":\"Oppbevaringsmappe med bilde av maud som sitter og strikker\"},{\"@type\":\"BreadcrumbList\",\"@id\":\"https:\\\/\\\/poppyshoppen.no\\\/produkt\\\/pouch-mappe-med-motiv-dronning-i-eget-liv-no-3\\\/#breadcrumb\",\"itemListElement\":[{\"@type\":\"ListItem\",\"position\":1,\"name\":\"Hjem\",\"item\":\"https:\\\/\\\/poppyshoppen.no\\\/\"},{\"@type\":\"ListItem\",\"position\":2,\"name\":\"Shop\",\"item\":\"https:\\\/\\\/poppyshoppen.no\\\/shop\\\/\"},{\"@type\":\"ListItem\",\"position\":3,\"name\":\"Pouch &#8211; mappe med motiv &laquo;dronning i eget liv&raquo; no 3\"}]},{\"@type\":\"WebSite\",\"@id\":\"https:\\\/\\\/poppyshoppen.no\\\/#website\",\"url\":\"https:\\\/\\\/poppyshoppen.no\\\/\",\"name\":\"Poppyshoppen\",\"description\":\"Gj\u00f8r hverdagen litt mer fargerik\",\"publisher\":{\"@id\":\"https:\\\/\\\/poppyshoppen.no\\\/#organization\"},\"potentialAction\":[{\"@type\":\"SearchAction\",\"target\":{\"@type\":\"EntryPoint\",\"urlTemplate\":\"https:\\\/\\\/poppyshoppen.no\\\/?s={search_term_string}\"},\"query-input\":{\"@type\":\"PropertyValueSpecification\",\"valueRequired\":true,\"valueName\":\"search_term_string\"}}],\"inLanguage\":\"en-US\"},{\"@type\":\"Organization\",\"@id\":\"https:\\\/\\\/poppyshoppen.no\\\/#organization\",\"name\":\"Poppyshoppen\",\"url\":\"https:\\\/\\\/poppyshoppen.no\\\/\",\"logo\":{\"@type\":\"ImageObject\",\"inLanguage\":\"en-US\",\"@id\":\"https:\\\/\\\/poppyshoppen.no\\\/#\\\/schema\\\/logo\\\/image\\\/\",\"url\":\"https:\\\/\\\/poppyshoppen.no\\\/wp-content\\\/uploads\\\/2024\\\/08\\\/cropped-poppyshoppen-logoikon.png\",\"contentUrl\":\"https:\\\/\\\/poppyshoppen.no\\\/wp-content\\\/uploads\\\/2024\\\/08\\\/cropped-poppyshoppen-logoikon.png\",\"width\":512,\"height\":512,\"caption\":\"Poppyshoppen\"},\"image\":{\"@id\":\"https:\\\/\\\/poppyshoppen.no\\\/#\\\/schema\\\/logo\\\/image\\\/\"},\"sameAs\":[\"https:\\\/\\\/www.facebook.com\\\/profile.php?id=61558460251190\",\"https:\\\/\\\/www.instagram.com\\\/poppyshoppen_no\\\/\"]}]}<\/script>\n<!-- \/ Yoast SEO plugin. -->","yoast_head_json":{"title":"Pouch - mappe med motiv \"dronning i eget liv\" no 3 | Poppyshoppen","description":"Pouch mappe med motiv av Dronning Maud. Mappen er perfekt som projektmappe til h\u00e5ndarbeid, oppbevaringsmappe til skrivesaker eller annet.","robots":{"index":"index","follow":"follow","max-snippet":"max-snippet:-1","max-image-preview":"max-image-preview:large","max-video-preview":"max-video-preview:-1"},"canonical":"https:\/\/poppyshoppen.no\/en\/product\/pouch-mappe-med-motiv-dronning-i-eget-liv-no-3\/","og_locale":"en_US","og_type":"article","og_title":"Pouch - mappe med motiv \"dronning i eget liv\" no 3 | Poppyshoppen","og_description":"Pouch mappe med motiv av Dronning Maud. Mappen er perfekt som projektmappe til h\u00e5ndarbeid, oppbevaringsmappe til skrivesaker eller annet.","og_url":"https:\/\/poppyshoppen.no\/en\/product\/pouch-mappe-med-motiv-dronning-i-eget-liv-no-3\/","og_site_name":"Poppyshoppen","article_publisher":"https:\/\/www.facebook.com\/profile.php?id=61558460251190","article_modified_time":"2025-04-28T19:27:49+00:00","og_image":[{"width":2560,"height":2560,"url":"https:\/\/poppyshoppen.no\/wp-content\/uploads\/2025\/04\/pouch-oppbevaringsmappe-3-scaled.jpg","type":"image\/jpeg"}],"twitter_card":"summary_large_image","twitter_misc":{"Est. reading time":"1 minute"},"schema":{"@context":"https:\/\/schema.org","@graph":[{"@type":"WebPage","@id":"https:\/\/poppyshoppen.no\/produkt\/pouch-mappe-med-motiv-dronning-i-eget-liv-no-3\/","url":"https:\/\/poppyshoppen.no\/produkt\/pouch-mappe-med-motiv-dronning-i-eget-liv-no-3\/","name":"Pouch - mappe med motiv \"dronning i eget liv\" no 3 | Poppyshoppen","isPartOf":{"@id":"https:\/\/poppyshoppen.no\/#website"},"primaryImageOfPage":{"@id":"https:\/\/poppyshoppen.no\/produkt\/pouch-mappe-med-motiv-dronning-i-eget-liv-no-3\/#primaryimage"},"image":{"@id":"https:\/\/poppyshoppen.no\/produkt\/pouch-mappe-med-motiv-dronning-i-eget-liv-no-3\/#primaryimage"},"thumbnailUrl":"https:\/\/poppyshoppen.no\/wp-content\/uploads\/2025\/04\/pouch-oppbevaringsmappe-3-scaled.jpg","datePublished":"2025-04-28T09:47:21+00:00","dateModified":"2025-04-28T19:27:49+00:00","description":"Pouch mappe med motiv av Dronning Maud. Mappen er perfekt som projektmappe til h\u00e5ndarbeid, oppbevaringsmappe til skrivesaker eller annet.","breadcrumb":{"@id":"https:\/\/poppyshoppen.no\/produkt\/pouch-mappe-med-motiv-dronning-i-eget-liv-no-3\/#breadcrumb"},"inLanguage":"en-US","potentialAction":[{"@type":"ReadAction","target":["https:\/\/poppyshoppen.no\/produkt\/pouch-mappe-med-motiv-dronning-i-eget-liv-no-3\/"]}]},{"@type":"ImageObject","inLanguage":"en-US","@id":"https:\/\/poppyshoppen.no\/produkt\/pouch-mappe-med-motiv-dronning-i-eget-liv-no-3\/#primaryimage","url":"https:\/\/poppyshoppen.no\/wp-content\/uploads\/2025\/04\/pouch-oppbevaringsmappe-3-scaled.jpg","contentUrl":"https:\/\/poppyshoppen.no\/wp-content\/uploads\/2025\/04\/pouch-oppbevaringsmappe-3-scaled.jpg","width":2560,"height":2560,"caption":"Oppbevaringsmappe med bilde av maud som sitter og strikker"},{"@type":"BreadcrumbList","@id":"https:\/\/poppyshoppen.no\/produkt\/pouch-mappe-med-motiv-dronning-i-eget-liv-no-3\/#breadcrumb","itemListElement":[{"@type":"ListItem","position":1,"name":"Hjem","item":"https:\/\/poppyshoppen.no\/"},{"@type":"ListItem","position":2,"name":"Shop","item":"https:\/\/poppyshoppen.no\/shop\/"},{"@type":"ListItem","position":3,"name":"Pouch &#8211; mappe med motiv &laquo;dronning i eget liv&raquo; no 3"}]},{"@type":"WebSite","@id":"https:\/\/poppyshoppen.no\/#website","url":"https:\/\/poppyshoppen.no\/","name":"Poppyshoppen","description":"Gj\u00f8r hverdagen litt mer fargerik","publisher":{"@id":"https:\/\/poppyshoppen.no\/#organization"},"potentialAction":[{"@type":"SearchAction","target":{"@type":"EntryPoint","urlTemplate":"https:\/\/poppyshoppen.no\/?s={search_term_string}"},"query-input":{"@type":"PropertyValueSpecification","valueRequired":true,"valueName":"search_term_string"}}],"inLanguage":"en-US"},{"@type":"Organization","@id":"https:\/\/poppyshoppen.no\/#organization","name":"Poppyshoppen","url":"https:\/\/poppyshoppen.no\/","logo":{"@type":"ImageObject","inLanguage":"en-US","@id":"https:\/\/poppyshoppen.no\/#\/schema\/logo\/image\/","url":"https:\/\/poppyshoppen.no\/wp-content\/uploads\/2024\/08\/cropped-poppyshoppen-logoikon.png","contentUrl":"https:\/\/poppyshoppen.no\/wp-content\/uploads\/2024\/08\/cropped-poppyshoppen-logoikon.png","width":512,"height":512,"caption":"Poppyshoppen"},"image":{"@id":"https:\/\/poppyshoppen.no\/#\/schema\/logo\/image\/"},"sameAs":["https:\/\/www.facebook.com\/profile.php?id=61558460251190","https:\/\/www.instagram.com\/poppyshoppen_no\/"]}]}},"jetpack_sharing_enabled":true,"_links":{"self":[{"href":"https:\/\/poppyshoppen.no\/en\/wp-json\/wp\/v2\/product\/2085","targetHints":{"allow":["GET"]}}],"collection":[{"href":"https:\/\/poppyshoppen.no\/en\/wp-json\/wp\/v2\/product"}],"about":[{"href":"https:\/\/poppyshoppen.no\/en\/wp-json\/wp\/v2\/types\/product"}],"replies":[{"embeddable":true,"href":"https:\/\/poppyshoppen.no\/en\/wp-json\/wp\/v2\/comments?post=2085"}],"wp:featuredmedia":[{"embeddable":true,"href":"https:\/\/poppyshoppen.no\/en\/wp-json\/wp\/v2\/media\/2118"}],"wp:attachment":[{"href":"https:\/\/poppyshoppen.no\/en\/wp-json\/wp\/v2\/media?parent=2085"}],"wp:term":[{"taxonomy":"product_brand","embeddable":true,"href":"https:\/\/poppyshoppen.no\/en\/wp-json\/wp\/v2\/product_brand?post=2085"},{"taxonomy":"product_cat","embeddable":true,"href":"https:\/\/poppyshoppen.no\/en\/wp-json\/wp\/v2\/product_cat?post=2085"},{"taxonomy":"product_tag","embeddable":true,"href":"https:\/\/poppyshoppen.no\/en\/wp-json\/wp\/v2\/product_tag?post=2085"}],"curies":[{"name":"wp","href":"https:\/\/api.w.org\/{rel}","templated":true}]}}