{"id":2091,"date":"2025-04-28T11:00:43","date_gmt":"2025-04-28T10:00:43","guid":{"rendered":"https:\/\/poppyshoppen.no\/?post_type=product&#038;p=2091"},"modified":"2026-03-05T12:09:15","modified_gmt":"2026-03-05T11:09:15","slug":"liten-metallboks-badeliv-no-4","status":"publish","type":"product","link":"https:\/\/poppyshoppen.no\/en\/product\/liten-metallboks-badeliv-no-4\/","title":{"rendered":"Liten metallboks &#8211; Badeliv no. 4"},"content":{"rendered":"<p>S\u00f8t og praktisk liten oppbevaringsboks med retroinspirert illustrasjon av badedamer som strikker. Boksen kan \u00e5pnes med et grep, med en h\u00e5nd. Solid metallboks med sterk, lakkert dekor. Boksen er perfekt til oppbevaring av sm\u00e5saker til h\u00e5ndarbeid som maskemark\u00f8rer, n\u00e5ler og annet, eller til \u00e5 oppbevare plaster og andre sm\u00e5ting i, som ellers ofte flyter rundt i vesken. Denne boksen er designet spesielt av meg til Mauds manufaktur AS.<\/p>\n<p>M\u00e5l: 9,5 cm x 4,5 cm x 1,3 cm.<\/p>","protected":false},"excerpt":{"rendered":"<p>S\u00f8t og praktisk liten oppbevaringsboks med retrodamer som strikker<\/p>","protected":false},"featured_media":2105,"comment_status":"closed","ping_status":"closed","template":"","meta":[],"product_brand":[],"product_cat":[142,40],"product_tag":[],"class_list":{"0":"post-2091","1":"product","2":"type-product","3":"status-publish","4":"has-post-thumbnail","6":"product_cat-alt-annet","7":"product_cat-oppbevaring","8":"product_shipping_class-norge","10":"first","11":"instock","12":"taxable","13":"shipping-taxable","14":"purchasable","15":"product-type-simple"},"bundled_by":[],"bundle_stock_status":"instock","bundle_stock_quantity":2,"bundle_virtual":false,"bundle_layout":"","bundle_add_to_cart_form_location":"","bundle_editable_in_cart":false,"bundle_sold_individually_context":"","bundle_item_grouping":"","bundle_min_size":"","bundle_max_size":"","bundle_price":[],"bundled_items":[],"bundle_sell_ids":[],"exclude_global_add_ons":[],"addons":[],"yoast_head":"<!-- This site is optimized with the Yoast SEO plugin v27.5 - https:\/\/yoast.com\/product\/yoast-seo-wordpress\/ -->\n<title>Liten metallboks - Badeliv no. 4 | Poppyshoppen<\/title>\n<meta name=\"description\" content=\"S\u00f8t og praktisk liten oppbevaringsboks med retroinspirert illustrasjon av badedamer som strikker. Boksen er perfekt til oppbevaring av sm\u00e5saker.\" \/>\n<meta name=\"robots\" content=\"index, follow, max-snippet:-1, max-image-preview:large, max-video-preview:-1\" \/>\n<link rel=\"canonical\" href=\"https:\/\/poppyshoppen.no\/en\/product\/liten-metallboks-badeliv-no-4\/\" \/>\n<meta property=\"og:locale\" content=\"en_US\" \/>\n<meta property=\"og:type\" content=\"article\" \/>\n<meta property=\"og:title\" content=\"Liten metallboks - Badeliv no. 4 | Poppyshoppen\" \/>\n<meta property=\"og:description\" content=\"S\u00f8t og praktisk liten oppbevaringsboks med retroinspirert illustrasjon av badedamer som strikker. Boksen er perfekt til oppbevaring av sm\u00e5saker.\" \/>\n<meta property=\"og:url\" content=\"https:\/\/poppyshoppen.no\/en\/product\/liten-metallboks-badeliv-no-4\/\" \/>\n<meta property=\"og:site_name\" content=\"Poppyshoppen\" \/>\n<meta property=\"article:publisher\" content=\"https:\/\/www.facebook.com\/profile.php?id=61558460251190\" \/>\n<meta property=\"article:modified_time\" content=\"2026-03-05T11:09:15+00:00\" \/>\n<meta property=\"og:image\" content=\"https:\/\/poppyshoppen.no\/wp-content\/uploads\/2025\/04\/metallboks-badeliv-8-1920x1920.jpg\" \/>\n\t<meta property=\"og:image:width\" content=\"1920\" \/>\n\t<meta property=\"og:image:height\" content=\"1920\" \/>\n\t<meta property=\"og:image:type\" content=\"image\/jpeg\" \/>\n<meta name=\"twitter:card\" content=\"summary_large_image\" \/>\n<meta name=\"twitter:label1\" content=\"Est. reading time\" \/>\n\t<meta name=\"twitter:data1\" content=\"1 minute\" \/>\n<script type=\"application\/ld+json\" class=\"yoast-schema-graph\">{\"@context\":\"https:\\\/\\\/schema.org\",\"@graph\":[{\"@type\":\"WebPage\",\"@id\":\"https:\\\/\\\/poppyshoppen.no\\\/produkt\\\/liten-metallboks-badeliv-no-4\\\/\",\"url\":\"https:\\\/\\\/poppyshoppen.no\\\/produkt\\\/liten-metallboks-badeliv-no-4\\\/\",\"name\":\"Liten metallboks - Badeliv no. 4 | Poppyshoppen\",\"isPartOf\":{\"@id\":\"https:\\\/\\\/poppyshoppen.no\\\/#website\"},\"primaryImageOfPage\":{\"@id\":\"https:\\\/\\\/poppyshoppen.no\\\/produkt\\\/liten-metallboks-badeliv-no-4\\\/#primaryimage\"},\"image\":{\"@id\":\"https:\\\/\\\/poppyshoppen.no\\\/produkt\\\/liten-metallboks-badeliv-no-4\\\/#primaryimage\"},\"thumbnailUrl\":\"https:\\\/\\\/poppyshoppen.no\\\/wp-content\\\/uploads\\\/2025\\\/04\\\/metallboks-badeliv-8.jpg\",\"datePublished\":\"2025-04-28T10:00:43+00:00\",\"dateModified\":\"2026-03-05T11:09:15+00:00\",\"description\":\"S\u00f8t og praktisk liten oppbevaringsboks med retroinspirert illustrasjon av badedamer som strikker. Boksen er perfekt til oppbevaring av sm\u00e5saker.\",\"breadcrumb\":{\"@id\":\"https:\\\/\\\/poppyshoppen.no\\\/produkt\\\/liten-metallboks-badeliv-no-4\\\/#breadcrumb\"},\"inLanguage\":\"en-US\",\"potentialAction\":[{\"@type\":\"ReadAction\",\"target\":[\"https:\\\/\\\/poppyshoppen.no\\\/produkt\\\/liten-metallboks-badeliv-no-4\\\/\"]}]},{\"@type\":\"ImageObject\",\"inLanguage\":\"en-US\",\"@id\":\"https:\\\/\\\/poppyshoppen.no\\\/produkt\\\/liten-metallboks-badeliv-no-4\\\/#primaryimage\",\"url\":\"https:\\\/\\\/poppyshoppen.no\\\/wp-content\\\/uploads\\\/2025\\\/04\\\/metallboks-badeliv-8.jpg\",\"contentUrl\":\"https:\\\/\\\/poppyshoppen.no\\\/wp-content\\\/uploads\\\/2025\\\/04\\\/metallboks-badeliv-8.jpg\",\"width\":2527,\"height\":2527,\"caption\":\"Metallboks med Retro dame som strikekr p\u00e5 stranden\"},{\"@type\":\"BreadcrumbList\",\"@id\":\"https:\\\/\\\/poppyshoppen.no\\\/produkt\\\/liten-metallboks-badeliv-no-4\\\/#breadcrumb\",\"itemListElement\":[{\"@type\":\"ListItem\",\"position\":1,\"name\":\"Hjem\",\"item\":\"https:\\\/\\\/poppyshoppen.no\\\/\"},{\"@type\":\"ListItem\",\"position\":2,\"name\":\"Shop\",\"item\":\"https:\\\/\\\/poppyshoppen.no\\\/shop\\\/\"},{\"@type\":\"ListItem\",\"position\":3,\"name\":\"Liten metallboks &#8211; Badeliv no. 4\"}]},{\"@type\":\"WebSite\",\"@id\":\"https:\\\/\\\/poppyshoppen.no\\\/#website\",\"url\":\"https:\\\/\\\/poppyshoppen.no\\\/\",\"name\":\"Poppyshoppen\",\"description\":\"Gj\u00f8r hverdagen litt mer fargerik\",\"publisher\":{\"@id\":\"https:\\\/\\\/poppyshoppen.no\\\/#organization\"},\"potentialAction\":[{\"@type\":\"SearchAction\",\"target\":{\"@type\":\"EntryPoint\",\"urlTemplate\":\"https:\\\/\\\/poppyshoppen.no\\\/?s={search_term_string}\"},\"query-input\":{\"@type\":\"PropertyValueSpecification\",\"valueRequired\":true,\"valueName\":\"search_term_string\"}}],\"inLanguage\":\"en-US\"},{\"@type\":\"Organization\",\"@id\":\"https:\\\/\\\/poppyshoppen.no\\\/#organization\",\"name\":\"Poppyshoppen\",\"url\":\"https:\\\/\\\/poppyshoppen.no\\\/\",\"logo\":{\"@type\":\"ImageObject\",\"inLanguage\":\"en-US\",\"@id\":\"https:\\\/\\\/poppyshoppen.no\\\/#\\\/schema\\\/logo\\\/image\\\/\",\"url\":\"https:\\\/\\\/poppyshoppen.no\\\/wp-content\\\/uploads\\\/2024\\\/08\\\/cropped-poppyshoppen-logoikon.png\",\"contentUrl\":\"https:\\\/\\\/poppyshoppen.no\\\/wp-content\\\/uploads\\\/2024\\\/08\\\/cropped-poppyshoppen-logoikon.png\",\"width\":512,\"height\":512,\"caption\":\"Poppyshoppen\"},\"image\":{\"@id\":\"https:\\\/\\\/poppyshoppen.no\\\/#\\\/schema\\\/logo\\\/image\\\/\"},\"sameAs\":[\"https:\\\/\\\/www.facebook.com\\\/profile.php?id=61558460251190\",\"https:\\\/\\\/www.instagram.com\\\/poppyshoppen_no\\\/\"]}]}<\/script>\n<!-- \/ Yoast SEO plugin. -->","yoast_head_json":{"title":"Liten metallboks - Badeliv no. 4 | Poppyshoppen","description":"S\u00f8t og praktisk liten oppbevaringsboks med retroinspirert illustrasjon av badedamer som strikker. Boksen er perfekt til oppbevaring av sm\u00e5saker.","robots":{"index":"index","follow":"follow","max-snippet":"max-snippet:-1","max-image-preview":"max-image-preview:large","max-video-preview":"max-video-preview:-1"},"canonical":"https:\/\/poppyshoppen.no\/en\/product\/liten-metallboks-badeliv-no-4\/","og_locale":"en_US","og_type":"article","og_title":"Liten metallboks - Badeliv no. 4 | Poppyshoppen","og_description":"S\u00f8t og praktisk liten oppbevaringsboks med retroinspirert illustrasjon av badedamer som strikker. Boksen er perfekt til oppbevaring av sm\u00e5saker.","og_url":"https:\/\/poppyshoppen.no\/en\/product\/liten-metallboks-badeliv-no-4\/","og_site_name":"Poppyshoppen","article_publisher":"https:\/\/www.facebook.com\/profile.php?id=61558460251190","article_modified_time":"2026-03-05T11:09:15+00:00","og_image":[{"width":1920,"height":1920,"url":"https:\/\/poppyshoppen.no\/wp-content\/uploads\/2025\/04\/metallboks-badeliv-8-1920x1920.jpg","type":"image\/jpeg"}],"twitter_card":"summary_large_image","twitter_misc":{"Est. reading time":"1 minute"},"schema":{"@context":"https:\/\/schema.org","@graph":[{"@type":"WebPage","@id":"https:\/\/poppyshoppen.no\/produkt\/liten-metallboks-badeliv-no-4\/","url":"https:\/\/poppyshoppen.no\/produkt\/liten-metallboks-badeliv-no-4\/","name":"Liten metallboks - Badeliv no. 4 | Poppyshoppen","isPartOf":{"@id":"https:\/\/poppyshoppen.no\/#website"},"primaryImageOfPage":{"@id":"https:\/\/poppyshoppen.no\/produkt\/liten-metallboks-badeliv-no-4\/#primaryimage"},"image":{"@id":"https:\/\/poppyshoppen.no\/produkt\/liten-metallboks-badeliv-no-4\/#primaryimage"},"thumbnailUrl":"https:\/\/poppyshoppen.no\/wp-content\/uploads\/2025\/04\/metallboks-badeliv-8.jpg","datePublished":"2025-04-28T10:00:43+00:00","dateModified":"2026-03-05T11:09:15+00:00","description":"S\u00f8t og praktisk liten oppbevaringsboks med retroinspirert illustrasjon av badedamer som strikker. Boksen er perfekt til oppbevaring av sm\u00e5saker.","breadcrumb":{"@id":"https:\/\/poppyshoppen.no\/produkt\/liten-metallboks-badeliv-no-4\/#breadcrumb"},"inLanguage":"en-US","potentialAction":[{"@type":"ReadAction","target":["https:\/\/poppyshoppen.no\/produkt\/liten-metallboks-badeliv-no-4\/"]}]},{"@type":"ImageObject","inLanguage":"en-US","@id":"https:\/\/poppyshoppen.no\/produkt\/liten-metallboks-badeliv-no-4\/#primaryimage","url":"https:\/\/poppyshoppen.no\/wp-content\/uploads\/2025\/04\/metallboks-badeliv-8.jpg","contentUrl":"https:\/\/poppyshoppen.no\/wp-content\/uploads\/2025\/04\/metallboks-badeliv-8.jpg","width":2527,"height":2527,"caption":"Metallboks med Retro dame som strikekr p\u00e5 stranden"},{"@type":"BreadcrumbList","@id":"https:\/\/poppyshoppen.no\/produkt\/liten-metallboks-badeliv-no-4\/#breadcrumb","itemListElement":[{"@type":"ListItem","position":1,"name":"Hjem","item":"https:\/\/poppyshoppen.no\/"},{"@type":"ListItem","position":2,"name":"Shop","item":"https:\/\/poppyshoppen.no\/shop\/"},{"@type":"ListItem","position":3,"name":"Liten metallboks &#8211; Badeliv no. 4"}]},{"@type":"WebSite","@id":"https:\/\/poppyshoppen.no\/#website","url":"https:\/\/poppyshoppen.no\/","name":"Poppyshoppen","description":"Gj\u00f8r hverdagen litt mer fargerik","publisher":{"@id":"https:\/\/poppyshoppen.no\/#organization"},"potentialAction":[{"@type":"SearchAction","target":{"@type":"EntryPoint","urlTemplate":"https:\/\/poppyshoppen.no\/?s={search_term_string}"},"query-input":{"@type":"PropertyValueSpecification","valueRequired":true,"valueName":"search_term_string"}}],"inLanguage":"en-US"},{"@type":"Organization","@id":"https:\/\/poppyshoppen.no\/#organization","name":"Poppyshoppen","url":"https:\/\/poppyshoppen.no\/","logo":{"@type":"ImageObject","inLanguage":"en-US","@id":"https:\/\/poppyshoppen.no\/#\/schema\/logo\/image\/","url":"https:\/\/poppyshoppen.no\/wp-content\/uploads\/2024\/08\/cropped-poppyshoppen-logoikon.png","contentUrl":"https:\/\/poppyshoppen.no\/wp-content\/uploads\/2024\/08\/cropped-poppyshoppen-logoikon.png","width":512,"height":512,"caption":"Poppyshoppen"},"image":{"@id":"https:\/\/poppyshoppen.no\/#\/schema\/logo\/image\/"},"sameAs":["https:\/\/www.facebook.com\/profile.php?id=61558460251190","https:\/\/www.instagram.com\/poppyshoppen_no\/"]}]}},"jetpack_sharing_enabled":true,"_links":{"self":[{"href":"https:\/\/poppyshoppen.no\/en\/wp-json\/wp\/v2\/product\/2091","targetHints":{"allow":["GET"]}}],"collection":[{"href":"https:\/\/poppyshoppen.no\/en\/wp-json\/wp\/v2\/product"}],"about":[{"href":"https:\/\/poppyshoppen.no\/en\/wp-json\/wp\/v2\/types\/product"}],"replies":[{"embeddable":true,"href":"https:\/\/poppyshoppen.no\/en\/wp-json\/wp\/v2\/comments?post=2091"}],"wp:featuredmedia":[{"embeddable":true,"href":"https:\/\/poppyshoppen.no\/en\/wp-json\/wp\/v2\/media\/2105"}],"wp:attachment":[{"href":"https:\/\/poppyshoppen.no\/en\/wp-json\/wp\/v2\/media?parent=2091"}],"wp:term":[{"taxonomy":"product_brand","embeddable":true,"href":"https:\/\/poppyshoppen.no\/en\/wp-json\/wp\/v2\/product_brand?post=2091"},{"taxonomy":"product_cat","embeddable":true,"href":"https:\/\/poppyshoppen.no\/en\/wp-json\/wp\/v2\/product_cat?post=2091"},{"taxonomy":"product_tag","embeddable":true,"href":"https:\/\/poppyshoppen.no\/en\/wp-json\/wp\/v2\/product_tag?post=2091"}],"curies":[{"name":"wp","href":"https:\/\/api.w.org\/{rel}","templated":true}]}}