{"id":2295,"date":"2025-09-17T11:16:12","date_gmt":"2025-09-17T10:16:12","guid":{"rendered":"https:\/\/poppyshoppen.no\/?post_type=product&#038;p=2295"},"modified":"2025-09-22T12:19:12","modified_gmt":"2025-09-22T11:19:12","slug":"plakat-med-tekst-let-your-story-bloom","status":"publish","type":"product","link":"https:\/\/poppyshoppen.no\/en\/product\/plakat-med-tekst-let-your-story-bloom\/","title":{"rendered":"Plakat med tekst &#8211; Let your story bloom"},"content":{"rendered":"<p>Plakat med tekst &#8211; Let your story bloom. Oppmuntre deg selv eller en venn med denne nydelige plakaten av en \u00e5pen bok med blomster str\u00f8mmende ut av sidene. Teksten &laquo;Let your story bloom&raquo; er h\u00e5ndskrevet. Perfekt for soverommet eller p\u00e5 hjemmekontoret, hvor du trenger litt ekstra inspirasjon. Plakat med tekst &#8211; Let your story bloom er trykket p\u00e5 h\u00f8ykvalitetspapir, noe som gir en klar og skarp gjengivelse av illustrasjonen.<\/p>\n<p><strong>Tilgjengelige st\u00f8rrelser:<\/strong><br \/>\nA5, A4, A3 og 40 x 50 cm. Ramme er ikke inkludert.<\/p>\n<p><a href=\"https:\/\/poppyshoppen.no\/en\/product-category\/plakater\/plakater-med-quotes\/\">Her finner du alle plakater med sitater og tekst i poppyshoppen<\/a><\/p>\n<p>&#8212;&#8212;&#8212;-<\/p>\n<p>Plakater kan v\u00e6re et fint og rimelig alternativ til originale malerier, og gir deg mulighet til \u00e5 endre uttrykket i hjemmet uten for store investeringer. Hos Poppydesign finner du fargerike plakater med unike motiver som passer perfekt til b\u00e5de stue og barnerom. Vi tilbyr et bredt utvalg i popul\u00e6re st\u00f8rrelser som poster 30&#215;40, poster 50&#215;70, poster A4, og poster A3 \u2013 noe for enhver smak og rom.<\/p>\n<p>Plakater fra Poppydesign gir liv til veggene og er ogs\u00e5 en flott gaveid\u00e9. Enten du ser etter kunstplakater til stua, eller vil pynte barnerommet med s\u00f8te barneplakater, finnes det et motiv for alle. Vi vet at innramming er viktig, og derfor kan du ogs\u00e5 f\u00e5 kj\u00f8pt bilderammer og plakatoppheng i v\u00e5r postershop \u2013 perfekt til \u00e5 skape en komplett look p\u00e5 veggen.<\/p>\n<p>S\u00f8ker du etter bilder til barnerom, plakater stue, eller kanskje bare en koselig gave til noen du er glad i? I Poppydesigns plakatshop finner du unike, h\u00e5ndlagde motiver som skaper en personlig og koselig stemning i hjemmet ditt.<\/p>","protected":false},"excerpt":{"rendered":"<p>Plakat med blomster og teksten Let your story bloom. Velg mellom ulike st\u00f8rrelser. Ramme er ikke inkludert.<\/p>","protected":false},"featured_media":2288,"comment_status":"closed","ping_status":"closed","template":"","meta":[],"product_brand":[],"product_cat":[17,31,99],"product_tag":[58],"class_list":{"0":"post-2295","1":"product","2":"type-product","3":"status-publish","4":"has-post-thumbnail","6":"product_cat-plakater","7":"product_cat-blomster","8":"product_cat-plakater-med-quotes","9":"product_tag-blomster","10":"product_shipping_class-plakater","12":"first","13":"instock","14":"taxable","15":"shipping-taxable","16":"purchasable","17":"product-type-variable","18":"has-default-attributes"},"bundled_by":[],"bundle_stock_status":"instock","bundle_stock_quantity":null,"bundle_virtual":false,"bundle_layout":"","bundle_add_to_cart_form_location":"","bundle_editable_in_cart":false,"bundle_sold_individually_context":"","bundle_item_grouping":"","bundle_min_size":"","bundle_max_size":"","bundle_price":[],"bundled_items":[],"bundle_sell_ids":[],"exclude_global_add_ons":false,"addons":[{"name":"\u00d8nsker du innramming av plakaten din?","type":"multiple_choice","position":0,"required":false,"title_format":"label","default":"","description_enable":true,"description":"En ramme gir plakaten din det lille ekstra og n\u00e5r den kommer ferdig innrammet fra poppydesign i tillegg, er den klar til \u00e5 henges rett opp p\u00e5 veggen! I tillegg beskytter rammen og glasset den nye kunsten din, s\u00e5 du kan ha glede av den lenge.","placeholder_enable":false,"placeholder":"","display":"images","restrictions_type":"any_text","adjust_price":false,"price":"","price_type":"flat_fee","restrictions":false,"min":"0","max":"0","options":[{"label":"Hvit ramme (20 mm)","price":"399","price_type":"flat_fee","image":817,"visibility":true},{"label":"Svart ramme (13mm)","price":"399","price_type":"flat_fee","image":820,"visibility":true},{"label":"Eik ramme (15 mm)","price":"399","price_type":"flat_fee","image":819,"visibility":true}],"id":1726068484},{"name":"\u00d8nsker du passepartout i rammen?","type":"checkbox","position":0,"required":false,"title_format":"label","default":"","description_enable":false,"description":"","placeholder_enable":false,"placeholder":"","display":"select","restrictions_type":"any_text","adjust_price":false,"price":"","price_type":"flat_fee","restrictions":false,"min":"0","max":"0","options":[{"label":"Ja","price":"139","price_type":"flat_fee","image":0,"visibility":true}],"id":1730996623},{"name":"\u00d8nsker du plakatoppheng til plakaten din?","type":"multiple_choice","position":0,"required":false,"title_format":"label","default":"","description_enable":true,"description":"Plakatoppheng er en superenkel og stilig m\u00e5te \u00e5 vise frem favorittplakatene dine p\u00e5. Perfekt for deg som liker \u00e5 bytte ut plakater og kunst ofte eller som \u00f8nsker et lekent uttrykk p\u00e5 veggen.","placeholder_enable":false,"placeholder":"","display":"select","restrictions_type":"any_text","adjust_price":false,"price":"","price_type":"flat_fee","restrictions":false,"min":"0","max":"0","options":[{"label":"21 cm","price":"139","price_type":"flat_fee","image":0,"visibility":true},{"label":"30 cm","price":"159","price_type":"flat_fee","image":0,"visibility":true},{"label":"40 cm","price":"179","price_type":"flat_fee","image":0,"visibility":true},{"label":"50 cm","price":"220","price_type":"flat_fee","image":0,"visibility":true},{"label":"70 cm","price":"290","price_type":"flat_fee","image":0,"visibility":true}],"id":1726070967}],"yoast_head":"<!-- This site is optimized with the Yoast SEO plugin v27.2 - https:\/\/yoast.com\/product\/yoast-seo-wordpress\/ -->\n<title>Plakat med tekst - Let your story bloom | Poppyshoppen<\/title>\n<meta name=\"description\" content=\"Plakat med tekst - Never stop dreaming. Dr\u00f8m stort med denne nydelige plakaten! Teksten &quot;Never Stop Dreaming&quot; er h\u00e5ndskrevet og omkranset av vakre blomster.\" \/>\n<meta name=\"robots\" content=\"index, follow, max-snippet:-1, max-image-preview:large, max-video-preview:-1\" \/>\n<link rel=\"canonical\" href=\"https:\/\/poppyshoppen.no\/en\/product\/plakat-med-tekst-let-your-story-bloom\/\" \/>\n<meta property=\"og:locale\" content=\"en_US\" \/>\n<meta property=\"og:type\" content=\"article\" \/>\n<meta property=\"og:title\" content=\"Plakat med tekst - Let your story bloom | Poppyshoppen\" \/>\n<meta property=\"og:description\" content=\"Plakat med tekst - Never stop dreaming. Dr\u00f8m stort med denne nydelige plakaten! Teksten &quot;Never Stop Dreaming&quot; er h\u00e5ndskrevet og omkranset av vakre blomster.\" \/>\n<meta property=\"og:url\" content=\"https:\/\/poppyshoppen.no\/en\/product\/plakat-med-tekst-let-your-story-bloom\/\" \/>\n<meta property=\"og:site_name\" content=\"Poppyshoppen\" \/>\n<meta property=\"article:publisher\" content=\"https:\/\/www.facebook.com\/profile.php?id=61558460251190\" \/>\n<meta property=\"article:modified_time\" content=\"2025-09-22T11:19:12+00:00\" \/>\n<meta property=\"og:image\" content=\"https:\/\/poppyshoppen.no\/wp-content\/uploads\/2025\/09\/Story-bloom-poppydesign-POPPY205_3.webp\" \/>\n\t<meta property=\"og:image:width\" content=\"1476\" \/>\n\t<meta property=\"og:image:height\" content=\"1476\" \/>\n\t<meta property=\"og:image:type\" content=\"image\/webp\" \/>\n<meta name=\"twitter:card\" content=\"summary_large_image\" \/>\n<meta name=\"twitter:label1\" content=\"Est. reading time\" \/>\n\t<meta name=\"twitter:data1\" content=\"2 minutes\" \/>\n<script type=\"application\/ld+json\" class=\"yoast-schema-graph\">{\"@context\":\"https:\/\/schema.org\",\"@graph\":[{\"@type\":\"WebPage\",\"@id\":\"https:\/\/poppyshoppen.no\/produkt\/plakat-med-tekst-let-your-story-bloom\/\",\"url\":\"https:\/\/poppyshoppen.no\/produkt\/plakat-med-tekst-let-your-story-bloom\/\",\"name\":\"Plakat med tekst - Let your story bloom | Poppyshoppen\",\"isPartOf\":{\"@id\":\"https:\/\/poppyshoppen.no\/#website\"},\"primaryImageOfPage\":{\"@id\":\"https:\/\/poppyshoppen.no\/produkt\/plakat-med-tekst-let-your-story-bloom\/#primaryimage\"},\"image\":{\"@id\":\"https:\/\/poppyshoppen.no\/produkt\/plakat-med-tekst-let-your-story-bloom\/#primaryimage\"},\"thumbnailUrl\":\"https:\/\/poppyshoppen.no\/wp-content\/uploads\/2025\/09\/Story-bloom-poppydesign-POPPY205_3.webp\",\"datePublished\":\"2025-09-17T10:16:12+00:00\",\"dateModified\":\"2025-09-22T11:19:12+00:00\",\"description\":\"Plakat med tekst - Never stop dreaming. Dr\u00f8m stort med denne nydelige plakaten! Teksten \\\"Never Stop Dreaming\\\" er h\u00e5ndskrevet og omkranset av vakre blomster.\",\"breadcrumb\":{\"@id\":\"https:\/\/poppyshoppen.no\/produkt\/plakat-med-tekst-let-your-story-bloom\/#breadcrumb\"},\"inLanguage\":\"en-US\",\"potentialAction\":[{\"@type\":\"ReadAction\",\"target\":[\"https:\/\/poppyshoppen.no\/produkt\/plakat-med-tekst-let-your-story-bloom\/\"]}]},{\"@type\":\"ImageObject\",\"inLanguage\":\"en-US\",\"@id\":\"https:\/\/poppyshoppen.no\/produkt\/plakat-med-tekst-let-your-story-bloom\/#primaryimage\",\"url\":\"https:\/\/poppyshoppen.no\/wp-content\/uploads\/2025\/09\/Story-bloom-poppydesign-POPPY205_3.webp\",\"contentUrl\":\"https:\/\/poppyshoppen.no\/wp-content\/uploads\/2025\/09\/Story-bloom-poppydesign-POPPY205_3.webp\",\"width\":1476,\"height\":1476,\"caption\":\"Plakat med en bok og blomster og teksten 'Let your story bloom', designet av Poppydesign\"},{\"@type\":\"BreadcrumbList\",\"@id\":\"https:\/\/poppyshoppen.no\/produkt\/plakat-med-tekst-let-your-story-bloom\/#breadcrumb\",\"itemListElement\":[{\"@type\":\"ListItem\",\"position\":1,\"name\":\"Hjem\",\"item\":\"https:\/\/poppyshoppen.no\/\"},{\"@type\":\"ListItem\",\"position\":2,\"name\":\"Shop\",\"item\":\"https:\/\/poppyshoppen.no\/shop\/\"},{\"@type\":\"ListItem\",\"position\":3,\"name\":\"Plakat med tekst &#8211; Let your story bloom\"}]},{\"@type\":\"WebSite\",\"@id\":\"https:\/\/poppyshoppen.no\/#website\",\"url\":\"https:\/\/poppyshoppen.no\/\",\"name\":\"Poppyshoppen\",\"description\":\"Gj\u00f8r hverdagen litt mer fargerik\",\"publisher\":{\"@id\":\"https:\/\/poppyshoppen.no\/#organization\"},\"potentialAction\":[{\"@type\":\"SearchAction\",\"target\":{\"@type\":\"EntryPoint\",\"urlTemplate\":\"https:\/\/poppyshoppen.no\/?s={search_term_string}\"},\"query-input\":{\"@type\":\"PropertyValueSpecification\",\"valueRequired\":true,\"valueName\":\"search_term_string\"}}],\"inLanguage\":\"en-US\"},{\"@type\":\"Organization\",\"@id\":\"https:\/\/poppyshoppen.no\/#organization\",\"name\":\"Poppyshoppen\",\"url\":\"https:\/\/poppyshoppen.no\/\",\"logo\":{\"@type\":\"ImageObject\",\"inLanguage\":\"en-US\",\"@id\":\"https:\/\/poppyshoppen.no\/#\/schema\/logo\/image\/\",\"url\":\"https:\/\/poppyshoppen.no\/wp-content\/uploads\/2024\/08\/cropped-poppyshoppen-logoikon.png\",\"contentUrl\":\"https:\/\/poppyshoppen.no\/wp-content\/uploads\/2024\/08\/cropped-poppyshoppen-logoikon.png\",\"width\":512,\"height\":512,\"caption\":\"Poppyshoppen\"},\"image\":{\"@id\":\"https:\/\/poppyshoppen.no\/#\/schema\/logo\/image\/\"},\"sameAs\":[\"https:\/\/www.facebook.com\/profile.php?id=61558460251190\",\"https:\/\/www.instagram.com\/poppyshoppen_no\/\"]}]}<\/script>\n<!-- \/ Yoast SEO plugin. -->","yoast_head_json":{"title":"Plakat med tekst - Let your story bloom | Poppyshoppen","description":"Plakat med tekst - Never stop dreaming. Dr\u00f8m stort med denne nydelige plakaten! Teksten \"Never Stop Dreaming\" er h\u00e5ndskrevet og omkranset av vakre blomster.","robots":{"index":"index","follow":"follow","max-snippet":"max-snippet:-1","max-image-preview":"max-image-preview:large","max-video-preview":"max-video-preview:-1"},"canonical":"https:\/\/poppyshoppen.no\/en\/product\/plakat-med-tekst-let-your-story-bloom\/","og_locale":"en_US","og_type":"article","og_title":"Plakat med tekst - Let your story bloom | Poppyshoppen","og_description":"Plakat med tekst - Never stop dreaming. Dr\u00f8m stort med denne nydelige plakaten! Teksten \"Never Stop Dreaming\" er h\u00e5ndskrevet og omkranset av vakre blomster.","og_url":"https:\/\/poppyshoppen.no\/en\/product\/plakat-med-tekst-let-your-story-bloom\/","og_site_name":"Poppyshoppen","article_publisher":"https:\/\/www.facebook.com\/profile.php?id=61558460251190","article_modified_time":"2025-09-22T11:19:12+00:00","og_image":[{"width":1476,"height":1476,"url":"https:\/\/poppyshoppen.no\/wp-content\/uploads\/2025\/09\/Story-bloom-poppydesign-POPPY205_3.webp","type":"image\/webp"}],"twitter_card":"summary_large_image","twitter_misc":{"Est. reading time":"2 minutes"},"schema":{"@context":"https:\/\/schema.org","@graph":[{"@type":"WebPage","@id":"https:\/\/poppyshoppen.no\/produkt\/plakat-med-tekst-let-your-story-bloom\/","url":"https:\/\/poppyshoppen.no\/produkt\/plakat-med-tekst-let-your-story-bloom\/","name":"Plakat med tekst - Let your story bloom | Poppyshoppen","isPartOf":{"@id":"https:\/\/poppyshoppen.no\/#website"},"primaryImageOfPage":{"@id":"https:\/\/poppyshoppen.no\/produkt\/plakat-med-tekst-let-your-story-bloom\/#primaryimage"},"image":{"@id":"https:\/\/poppyshoppen.no\/produkt\/plakat-med-tekst-let-your-story-bloom\/#primaryimage"},"thumbnailUrl":"https:\/\/poppyshoppen.no\/wp-content\/uploads\/2025\/09\/Story-bloom-poppydesign-POPPY205_3.webp","datePublished":"2025-09-17T10:16:12+00:00","dateModified":"2025-09-22T11:19:12+00:00","description":"Plakat med tekst - Never stop dreaming. Dr\u00f8m stort med denne nydelige plakaten! Teksten \"Never Stop Dreaming\" er h\u00e5ndskrevet og omkranset av vakre blomster.","breadcrumb":{"@id":"https:\/\/poppyshoppen.no\/produkt\/plakat-med-tekst-let-your-story-bloom\/#breadcrumb"},"inLanguage":"en-US","potentialAction":[{"@type":"ReadAction","target":["https:\/\/poppyshoppen.no\/produkt\/plakat-med-tekst-let-your-story-bloom\/"]}]},{"@type":"ImageObject","inLanguage":"en-US","@id":"https:\/\/poppyshoppen.no\/produkt\/plakat-med-tekst-let-your-story-bloom\/#primaryimage","url":"https:\/\/poppyshoppen.no\/wp-content\/uploads\/2025\/09\/Story-bloom-poppydesign-POPPY205_3.webp","contentUrl":"https:\/\/poppyshoppen.no\/wp-content\/uploads\/2025\/09\/Story-bloom-poppydesign-POPPY205_3.webp","width":1476,"height":1476,"caption":"Plakat med en bok og blomster og teksten 'Let your story bloom', designet av Poppydesign"},{"@type":"BreadcrumbList","@id":"https:\/\/poppyshoppen.no\/produkt\/plakat-med-tekst-let-your-story-bloom\/#breadcrumb","itemListElement":[{"@type":"ListItem","position":1,"name":"Hjem","item":"https:\/\/poppyshoppen.no\/"},{"@type":"ListItem","position":2,"name":"Shop","item":"https:\/\/poppyshoppen.no\/shop\/"},{"@type":"ListItem","position":3,"name":"Plakat med tekst &#8211; Let your story bloom"}]},{"@type":"WebSite","@id":"https:\/\/poppyshoppen.no\/#website","url":"https:\/\/poppyshoppen.no\/","name":"Poppyshoppen","description":"Gj\u00f8r hverdagen litt mer fargerik","publisher":{"@id":"https:\/\/poppyshoppen.no\/#organization"},"potentialAction":[{"@type":"SearchAction","target":{"@type":"EntryPoint","urlTemplate":"https:\/\/poppyshoppen.no\/?s={search_term_string}"},"query-input":{"@type":"PropertyValueSpecification","valueRequired":true,"valueName":"search_term_string"}}],"inLanguage":"en-US"},{"@type":"Organization","@id":"https:\/\/poppyshoppen.no\/#organization","name":"Poppyshoppen","url":"https:\/\/poppyshoppen.no\/","logo":{"@type":"ImageObject","inLanguage":"en-US","@id":"https:\/\/poppyshoppen.no\/#\/schema\/logo\/image\/","url":"https:\/\/poppyshoppen.no\/wp-content\/uploads\/2024\/08\/cropped-poppyshoppen-logoikon.png","contentUrl":"https:\/\/poppyshoppen.no\/wp-content\/uploads\/2024\/08\/cropped-poppyshoppen-logoikon.png","width":512,"height":512,"caption":"Poppyshoppen"},"image":{"@id":"https:\/\/poppyshoppen.no\/#\/schema\/logo\/image\/"},"sameAs":["https:\/\/www.facebook.com\/profile.php?id=61558460251190","https:\/\/www.instagram.com\/poppyshoppen_no\/"]}]}},"jetpack_sharing_enabled":true,"_links":{"self":[{"href":"https:\/\/poppyshoppen.no\/en\/wp-json\/wp\/v2\/product\/2295","targetHints":{"allow":["GET"]}}],"collection":[{"href":"https:\/\/poppyshoppen.no\/en\/wp-json\/wp\/v2\/product"}],"about":[{"href":"https:\/\/poppyshoppen.no\/en\/wp-json\/wp\/v2\/types\/product"}],"replies":[{"embeddable":true,"href":"https:\/\/poppyshoppen.no\/en\/wp-json\/wp\/v2\/comments?post=2295"}],"wp:featuredmedia":[{"embeddable":true,"href":"https:\/\/poppyshoppen.no\/en\/wp-json\/wp\/v2\/media\/2288"}],"wp:attachment":[{"href":"https:\/\/poppyshoppen.no\/en\/wp-json\/wp\/v2\/media?parent=2295"}],"wp:term":[{"taxonomy":"product_brand","embeddable":true,"href":"https:\/\/poppyshoppen.no\/en\/wp-json\/wp\/v2\/product_brand?post=2295"},{"taxonomy":"product_cat","embeddable":true,"href":"https:\/\/poppyshoppen.no\/en\/wp-json\/wp\/v2\/product_cat?post=2295"},{"taxonomy":"product_tag","embeddable":true,"href":"https:\/\/poppyshoppen.no\/en\/wp-json\/wp\/v2\/product_tag?post=2295"}],"curies":[{"name":"wp","href":"https:\/\/api.w.org\/{rel}","templated":true}]}}