{"id":2385,"date":"2025-09-18T16:52:03","date_gmt":"2025-09-18T15:52:03","guid":{"rendered":"https:\/\/poppyshoppen.no\/?post_type=product&#038;p=2385"},"modified":"2025-10-26T18:33:37","modified_gmt":"2025-10-26T17:33:37","slug":"lys-til-hosten-eikenott","status":"publish","type":"product","link":"https:\/\/poppyshoppen.no\/en\/product\/lys-til-hosten-eikenott\/","title":{"rendered":"Lys til h\u00f8sten &#8211; Eiken\u00f8tt"},"content":{"rendered":"<div class=\"lRu31\" dir=\"ltr\"><span class=\"HwtZe\" lang=\"no\"><span class=\"jCAhz ChMk0b\"><span class=\"ryNqvb\">Pynt til h\u00f8sten med dette h\u00e5ndlagde h\u00f8stlyset formet som en eiken\u00f8tt. Lyset er laget av ren rapsvoks veken er laget av bomull. Dette gj\u00f8r lyset til et milj\u00f8vennlig, vegansk, biologisk nedbrytbart lys, perfekt som h\u00f8stdekorasjon.<\/span><\/span><\/span><\/div>\n<div dir=\"ltr\"><\/div>\n<div class=\"lRu31\" dir=\"ltr\"><span class=\"HwtZe\" lang=\"no\"><span class=\"jCAhz\"><span class=\"ryNqvb\">M\u00e5l: ca.<\/span><\/span> <span class=\"jCAhz ChMk0b\"><span class=\"ryNqvb\">10,5 cm x 9,5 cm<\/span><\/span><\/span><\/div>\n<div class=\"lRu31\" dir=\"ltr\"><span class=\"HwtZe\" lang=\"no\"><span class=\"jCAhz ChMk0b\"><span class=\"ryNqvb\">Brennetid: ca.<\/span><\/span> <span class=\"jCAhz ChMk0b\"><span class=\"ryNqvb\">7\u20138 timer <\/span><\/span><\/span><\/div>\n<div dir=\"ltr\"><\/div>\n<div class=\"lRu31\" dir=\"ltr\"><span class=\"HwtZe\" lang=\"no\"><span class=\"jCAhz ChMk0b\"><span class=\"ryNqvb\">Lyset b\u00f8r ikke st\u00e5 \u00e5 brenne uten tilsyn.<\/span><\/span> <\/span><\/div>\n<div class=\"lRu31\" dir=\"ltr\">\n<p><span class=\"HwtZe\" lang=\"no\"><span class=\"jCAhz ChMk0b\"><span class=\"ryNqvb\">For ekstra sikkerhet og for \u00e5 beskytte overflatene dine anbefaler vi \u00e5 bruke et egnet lysfat.<\/span><\/span><\/span><\/p>\n<div class=\"OvtS8d\"><\/div>\n<div class=\"NQSJo\">Designet av: Niki Candle<\/div>\n<div>H\u00e5ndlaget i Tyskland<\/div>\n<\/div>\n<div class=\"UdTY9 WdefRb\" aria-hidden=\"true\" data-location=\"2\">\n<div class=\"kO6q6e\"><\/div>\n<\/div>\n<div class=\"XL3Kf XExWNc\">\n<div class=\"a8FIud X0rvP\">\n<div data-show-delay-ms=\"250\" data-append-to-body=\"false\" data-propagate-tooltip-mouseover-events=\"true\" data-anchor-corner=\"bottom-end\" data-enable-skip-handler=\"true\" data-popup-corner=\"top-end\">\n<div class=\"dig2sb\"><\/div>\n<\/div>\n<\/div>\n<\/div>\n<div class=\"XL3Kf XExWNc\">\n<div class=\"a8FIud X0rvP\">\n<div data-show-delay-ms=\"250\" data-append-to-body=\"false\" data-propagate-tooltip-mouseover-events=\"true\" data-anchor-corner=\"bottom-end\" data-enable-skip-handler=\"true\" data-popup-corner=\"top-end\"><\/div>\n<\/div>\n<\/div>\n<div class=\"ebT7ne VOLvac sMVRZe\">\n<div class=\"F0pQVc\"><\/div>\n<\/div>\n<div class=\"VO9ucd\">\n<div class=\"aJIq1d\" dir=\"ltr\" data-language-code=\"no\" data-language-name=\"Norwegian\" data-text=\"Det h\u00e5ndlagde h\u00f8stlyset av eiken\u00f8tter er laget av ren rapsvoks, og bomullsveken gj\u00f8r det til et milj\u00f8vennlig, vegansk, biologisk nedbrytbart og b\u00e6rekraftig alternativ \u2013 akkurat som alle v\u00e5re lys. M\u00e5l: ca. 10,5 cm x 9,5 cm Brennetid: ca. 7\u20138 timer Det er viktig \u00e5 merke seg at dette lyset ikke b\u00f8r st\u00e5 uten tilsyn, da voksen kan p\u00e5virke milj\u00f8et hvis det brenner fortere. For ekstra sikkerhet og for \u00e5 beskytte overflatene dine anbefaler vi v\u00e5re matchende lysfat fra butikken, som du ikke b\u00f8r g\u00e5 glipp av.\" data-crosslingual-hint=\"\" data-location=\"2\" data-enable-toggle-playback-speed=\"true\" data-results-count=\"1\" data-result-index=\"1\">\n<div class=\"m0Qfkd\"><\/div>\n<\/div>\n<\/div>","protected":false},"excerpt":{"rendered":"<p>Koselig h\u00f8stlys formet som en eiken\u00f8tt<\/p>","protected":false},"featured_media":2363,"comment_status":"closed","ping_status":"closed","template":"","meta":[],"product_brand":[],"product_cat":[142,121,119,146],"product_tag":[107,144,145],"class_list":{"0":"post-2385","1":"product","2":"type-product","3":"status-publish","4":"has-post-thumbnail","6":"product_cat-alt-annet","7":"product_cat-farsdag","8":"product_cat-hygge","9":"product_cat-lys","10":"product_tag-host","11":"product_tag-hygge","12":"product_tag-lys","13":"product_shipping_class-plakater","15":"first","16":"instock","17":"taxable","18":"shipping-taxable","19":"purchasable","20":"product-type-simple"},"bundled_by":[],"bundle_stock_status":"instock","bundle_stock_quantity":1,"bundle_virtual":false,"bundle_layout":"","bundle_add_to_cart_form_location":"","bundle_editable_in_cart":false,"bundle_sold_individually_context":"","bundle_item_grouping":"","bundle_min_size":"","bundle_max_size":"","bundle_price":[],"bundled_items":[],"bundle_sell_ids":[],"exclude_global_add_ons":[],"addons":[],"yoast_head":"<!-- This site is optimized with the Yoast SEO plugin v27.5 - https:\/\/yoast.com\/product\/yoast-seo-wordpress\/ -->\n<title>Lys til h\u00f8sten - Eiken\u00f8tt | Poppyshoppen<\/title>\n<meta name=\"description\" content=\"Pynt til h\u00f8sten med dette h\u00e5ndlagde h\u00f8stlyset formet som en eiken\u00f8tt. Lyset er laget av ren rapsvoks veken er laget av bomull.\" \/>\n<meta name=\"robots\" content=\"index, follow, max-snippet:-1, max-image-preview:large, max-video-preview:-1\" \/>\n<link rel=\"canonical\" href=\"https:\/\/poppyshoppen.no\/en\/product\/lys-til-hosten-eikenott\/\" \/>\n<meta property=\"og:locale\" content=\"en_US\" \/>\n<meta property=\"og:type\" content=\"article\" \/>\n<meta property=\"og:title\" content=\"Lys til h\u00f8sten - Eiken\u00f8tt | Poppyshoppen\" \/>\n<meta property=\"og:description\" content=\"Pynt til h\u00f8sten med dette h\u00e5ndlagde h\u00f8stlyset formet som en eiken\u00f8tt. Lyset er laget av ren rapsvoks veken er laget av bomull.\" \/>\n<meta property=\"og:url\" content=\"https:\/\/poppyshoppen.no\/en\/product\/lys-til-hosten-eikenott\/\" \/>\n<meta property=\"og:site_name\" content=\"Poppyshoppen\" \/>\n<meta property=\"article:publisher\" content=\"https:\/\/www.facebook.com\/profile.php?id=61558460251190\" \/>\n<meta property=\"article:modified_time\" content=\"2025-10-26T17:33:37+00:00\" \/>\n<meta property=\"og:image\" content=\"https:\/\/poppyshoppen.no\/wp-content\/uploads\/2025\/09\/poppydesign-host-hygge-lysestaker-lys-halloweenlys13.webp\" \/>\n\t<meta property=\"og:image:width\" content=\"1452\" \/>\n\t<meta property=\"og:image:height\" content=\"1452\" \/>\n\t<meta property=\"og:image:type\" content=\"image\/webp\" \/>\n<meta name=\"twitter:card\" content=\"summary_large_image\" \/>\n<meta name=\"twitter:label1\" content=\"Est. reading time\" \/>\n\t<meta name=\"twitter:data1\" content=\"1 minute\" \/>\n<script type=\"application\/ld+json\" class=\"yoast-schema-graph\">{\"@context\":\"https:\\\/\\\/schema.org\",\"@graph\":[{\"@type\":\"WebPage\",\"@id\":\"https:\\\/\\\/poppyshoppen.no\\\/produkt\\\/lys-til-hosten-eikenott\\\/\",\"url\":\"https:\\\/\\\/poppyshoppen.no\\\/produkt\\\/lys-til-hosten-eikenott\\\/\",\"name\":\"Lys til h\u00f8sten - Eiken\u00f8tt | Poppyshoppen\",\"isPartOf\":{\"@id\":\"https:\\\/\\\/poppyshoppen.no\\\/#website\"},\"primaryImageOfPage\":{\"@id\":\"https:\\\/\\\/poppyshoppen.no\\\/produkt\\\/lys-til-hosten-eikenott\\\/#primaryimage\"},\"image\":{\"@id\":\"https:\\\/\\\/poppyshoppen.no\\\/produkt\\\/lys-til-hosten-eikenott\\\/#primaryimage\"},\"thumbnailUrl\":\"https:\\\/\\\/poppyshoppen.no\\\/wp-content\\\/uploads\\\/2025\\\/09\\\/poppydesign-host-hygge-lysestaker-lys-halloweenlys13.webp\",\"datePublished\":\"2025-09-18T15:52:03+00:00\",\"dateModified\":\"2025-10-26T17:33:37+00:00\",\"description\":\"Pynt til h\u00f8sten med dette h\u00e5ndlagde h\u00f8stlyset formet som en eiken\u00f8tt. Lyset er laget av ren rapsvoks veken er laget av bomull.\",\"breadcrumb\":{\"@id\":\"https:\\\/\\\/poppyshoppen.no\\\/produkt\\\/lys-til-hosten-eikenott\\\/#breadcrumb\"},\"inLanguage\":\"en-US\",\"potentialAction\":[{\"@type\":\"ReadAction\",\"target\":[\"https:\\\/\\\/poppyshoppen.no\\\/produkt\\\/lys-til-hosten-eikenott\\\/\"]}]},{\"@type\":\"ImageObject\",\"inLanguage\":\"en-US\",\"@id\":\"https:\\\/\\\/poppyshoppen.no\\\/produkt\\\/lys-til-hosten-eikenott\\\/#primaryimage\",\"url\":\"https:\\\/\\\/poppyshoppen.no\\\/wp-content\\\/uploads\\\/2025\\\/09\\\/poppydesign-host-hygge-lysestaker-lys-halloweenlys13.webp\",\"contentUrl\":\"https:\\\/\\\/poppyshoppen.no\\\/wp-content\\\/uploads\\\/2025\\\/09\\\/poppydesign-host-hygge-lysestaker-lys-halloweenlys13.webp\",\"width\":1452,\"height\":1452,\"caption\":\"Lys formet som en eiken\u00f8tt\"},{\"@type\":\"BreadcrumbList\",\"@id\":\"https:\\\/\\\/poppyshoppen.no\\\/produkt\\\/lys-til-hosten-eikenott\\\/#breadcrumb\",\"itemListElement\":[{\"@type\":\"ListItem\",\"position\":1,\"name\":\"Hjem\",\"item\":\"https:\\\/\\\/poppyshoppen.no\\\/\"},{\"@type\":\"ListItem\",\"position\":2,\"name\":\"Shop\",\"item\":\"https:\\\/\\\/poppyshoppen.no\\\/shop\\\/\"},{\"@type\":\"ListItem\",\"position\":3,\"name\":\"Lys til h\u00f8sten &#8211; Eiken\u00f8tt\"}]},{\"@type\":\"WebSite\",\"@id\":\"https:\\\/\\\/poppyshoppen.no\\\/#website\",\"url\":\"https:\\\/\\\/poppyshoppen.no\\\/\",\"name\":\"Poppyshoppen\",\"description\":\"Gj\u00f8r hverdagen litt mer fargerik\",\"publisher\":{\"@id\":\"https:\\\/\\\/poppyshoppen.no\\\/#organization\"},\"potentialAction\":[{\"@type\":\"SearchAction\",\"target\":{\"@type\":\"EntryPoint\",\"urlTemplate\":\"https:\\\/\\\/poppyshoppen.no\\\/?s={search_term_string}\"},\"query-input\":{\"@type\":\"PropertyValueSpecification\",\"valueRequired\":true,\"valueName\":\"search_term_string\"}}],\"inLanguage\":\"en-US\"},{\"@type\":\"Organization\",\"@id\":\"https:\\\/\\\/poppyshoppen.no\\\/#organization\",\"name\":\"Poppyshoppen\",\"url\":\"https:\\\/\\\/poppyshoppen.no\\\/\",\"logo\":{\"@type\":\"ImageObject\",\"inLanguage\":\"en-US\",\"@id\":\"https:\\\/\\\/poppyshoppen.no\\\/#\\\/schema\\\/logo\\\/image\\\/\",\"url\":\"https:\\\/\\\/poppyshoppen.no\\\/wp-content\\\/uploads\\\/2024\\\/08\\\/cropped-poppyshoppen-logoikon.png\",\"contentUrl\":\"https:\\\/\\\/poppyshoppen.no\\\/wp-content\\\/uploads\\\/2024\\\/08\\\/cropped-poppyshoppen-logoikon.png\",\"width\":512,\"height\":512,\"caption\":\"Poppyshoppen\"},\"image\":{\"@id\":\"https:\\\/\\\/poppyshoppen.no\\\/#\\\/schema\\\/logo\\\/image\\\/\"},\"sameAs\":[\"https:\\\/\\\/www.facebook.com\\\/profile.php?id=61558460251190\",\"https:\\\/\\\/www.instagram.com\\\/poppyshoppen_no\\\/\"]}]}<\/script>\n<!-- \/ Yoast SEO plugin. -->","yoast_head_json":{"title":"Lys til h\u00f8sten - Eiken\u00f8tt | Poppyshoppen","description":"Pynt til h\u00f8sten med dette h\u00e5ndlagde h\u00f8stlyset formet som en eiken\u00f8tt. Lyset er laget av ren rapsvoks veken er laget av bomull.","robots":{"index":"index","follow":"follow","max-snippet":"max-snippet:-1","max-image-preview":"max-image-preview:large","max-video-preview":"max-video-preview:-1"},"canonical":"https:\/\/poppyshoppen.no\/en\/product\/lys-til-hosten-eikenott\/","og_locale":"en_US","og_type":"article","og_title":"Lys til h\u00f8sten - Eiken\u00f8tt | Poppyshoppen","og_description":"Pynt til h\u00f8sten med dette h\u00e5ndlagde h\u00f8stlyset formet som en eiken\u00f8tt. Lyset er laget av ren rapsvoks veken er laget av bomull.","og_url":"https:\/\/poppyshoppen.no\/en\/product\/lys-til-hosten-eikenott\/","og_site_name":"Poppyshoppen","article_publisher":"https:\/\/www.facebook.com\/profile.php?id=61558460251190","article_modified_time":"2025-10-26T17:33:37+00:00","og_image":[{"width":1452,"height":1452,"url":"https:\/\/poppyshoppen.no\/wp-content\/uploads\/2025\/09\/poppydesign-host-hygge-lysestaker-lys-halloweenlys13.webp","type":"image\/webp"}],"twitter_card":"summary_large_image","twitter_misc":{"Est. reading time":"1 minute"},"schema":{"@context":"https:\/\/schema.org","@graph":[{"@type":"WebPage","@id":"https:\/\/poppyshoppen.no\/produkt\/lys-til-hosten-eikenott\/","url":"https:\/\/poppyshoppen.no\/produkt\/lys-til-hosten-eikenott\/","name":"Lys til h\u00f8sten - Eiken\u00f8tt | Poppyshoppen","isPartOf":{"@id":"https:\/\/poppyshoppen.no\/#website"},"primaryImageOfPage":{"@id":"https:\/\/poppyshoppen.no\/produkt\/lys-til-hosten-eikenott\/#primaryimage"},"image":{"@id":"https:\/\/poppyshoppen.no\/produkt\/lys-til-hosten-eikenott\/#primaryimage"},"thumbnailUrl":"https:\/\/poppyshoppen.no\/wp-content\/uploads\/2025\/09\/poppydesign-host-hygge-lysestaker-lys-halloweenlys13.webp","datePublished":"2025-09-18T15:52:03+00:00","dateModified":"2025-10-26T17:33:37+00:00","description":"Pynt til h\u00f8sten med dette h\u00e5ndlagde h\u00f8stlyset formet som en eiken\u00f8tt. Lyset er laget av ren rapsvoks veken er laget av bomull.","breadcrumb":{"@id":"https:\/\/poppyshoppen.no\/produkt\/lys-til-hosten-eikenott\/#breadcrumb"},"inLanguage":"en-US","potentialAction":[{"@type":"ReadAction","target":["https:\/\/poppyshoppen.no\/produkt\/lys-til-hosten-eikenott\/"]}]},{"@type":"ImageObject","inLanguage":"en-US","@id":"https:\/\/poppyshoppen.no\/produkt\/lys-til-hosten-eikenott\/#primaryimage","url":"https:\/\/poppyshoppen.no\/wp-content\/uploads\/2025\/09\/poppydesign-host-hygge-lysestaker-lys-halloweenlys13.webp","contentUrl":"https:\/\/poppyshoppen.no\/wp-content\/uploads\/2025\/09\/poppydesign-host-hygge-lysestaker-lys-halloweenlys13.webp","width":1452,"height":1452,"caption":"Lys formet som en eiken\u00f8tt"},{"@type":"BreadcrumbList","@id":"https:\/\/poppyshoppen.no\/produkt\/lys-til-hosten-eikenott\/#breadcrumb","itemListElement":[{"@type":"ListItem","position":1,"name":"Hjem","item":"https:\/\/poppyshoppen.no\/"},{"@type":"ListItem","position":2,"name":"Shop","item":"https:\/\/poppyshoppen.no\/shop\/"},{"@type":"ListItem","position":3,"name":"Lys til h\u00f8sten &#8211; Eiken\u00f8tt"}]},{"@type":"WebSite","@id":"https:\/\/poppyshoppen.no\/#website","url":"https:\/\/poppyshoppen.no\/","name":"Poppyshoppen","description":"Gj\u00f8r hverdagen litt mer fargerik","publisher":{"@id":"https:\/\/poppyshoppen.no\/#organization"},"potentialAction":[{"@type":"SearchAction","target":{"@type":"EntryPoint","urlTemplate":"https:\/\/poppyshoppen.no\/?s={search_term_string}"},"query-input":{"@type":"PropertyValueSpecification","valueRequired":true,"valueName":"search_term_string"}}],"inLanguage":"en-US"},{"@type":"Organization","@id":"https:\/\/poppyshoppen.no\/#organization","name":"Poppyshoppen","url":"https:\/\/poppyshoppen.no\/","logo":{"@type":"ImageObject","inLanguage":"en-US","@id":"https:\/\/poppyshoppen.no\/#\/schema\/logo\/image\/","url":"https:\/\/poppyshoppen.no\/wp-content\/uploads\/2024\/08\/cropped-poppyshoppen-logoikon.png","contentUrl":"https:\/\/poppyshoppen.no\/wp-content\/uploads\/2024\/08\/cropped-poppyshoppen-logoikon.png","width":512,"height":512,"caption":"Poppyshoppen"},"image":{"@id":"https:\/\/poppyshoppen.no\/#\/schema\/logo\/image\/"},"sameAs":["https:\/\/www.facebook.com\/profile.php?id=61558460251190","https:\/\/www.instagram.com\/poppyshoppen_no\/"]}]}},"jetpack_sharing_enabled":true,"_links":{"self":[{"href":"https:\/\/poppyshoppen.no\/en\/wp-json\/wp\/v2\/product\/2385","targetHints":{"allow":["GET"]}}],"collection":[{"href":"https:\/\/poppyshoppen.no\/en\/wp-json\/wp\/v2\/product"}],"about":[{"href":"https:\/\/poppyshoppen.no\/en\/wp-json\/wp\/v2\/types\/product"}],"replies":[{"embeddable":true,"href":"https:\/\/poppyshoppen.no\/en\/wp-json\/wp\/v2\/comments?post=2385"}],"wp:featuredmedia":[{"embeddable":true,"href":"https:\/\/poppyshoppen.no\/en\/wp-json\/wp\/v2\/media\/2363"}],"wp:attachment":[{"href":"https:\/\/poppyshoppen.no\/en\/wp-json\/wp\/v2\/media?parent=2385"}],"wp:term":[{"taxonomy":"product_brand","embeddable":true,"href":"https:\/\/poppyshoppen.no\/en\/wp-json\/wp\/v2\/product_brand?post=2385"},{"taxonomy":"product_cat","embeddable":true,"href":"https:\/\/poppyshoppen.no\/en\/wp-json\/wp\/v2\/product_cat?post=2385"},{"taxonomy":"product_tag","embeddable":true,"href":"https:\/\/poppyshoppen.no\/en\/wp-json\/wp\/v2\/product_tag?post=2385"}],"curies":[{"name":"wp","href":"https:\/\/api.w.org\/{rel}","templated":true}]}}