{"id":2386,"date":"2025-09-18T17:06:57","date_gmt":"2025-09-18T16:06:57","guid":{"rendered":"https:\/\/poppyshoppen.no\/?post_type=product&#038;p=2386"},"modified":"2025-10-01T10:27:06","modified_gmt":"2025-10-01T09:27:06","slug":"spokelse-lys-til-halloween","status":"publish","type":"product","link":"https:\/\/poppyshoppen.no\/en\/product\/spokelse-lys-til-halloween\/","title":{"rendered":"Sp\u00f8kelse Lys til Halloween"},"content":{"rendered":"<p>Dette h\u00e5ndlagde sp\u00f8kelseslyset har et lekent og koselig design. <span class=\"HwtZe\" lang=\"no\"><span class=\"jCAhz ChMk0b\"><span class=\"ryNqvb\">Lyset er laget av ren rapsvoks veken er laget av bomull. Dette gj\u00f8r lyset til et milj\u00f8vennlig, vegansk, biologisk nedbrytbart lys, perfekt som dekorasjon til halloween og h\u00f8sten. Dette sp\u00f8kelset er av den s\u00f8te sorten, og man kan ikke annet enn \u00e5 elske det! Finnes i fire ulike farger: Rosa, orange, natur og beige.\u00a0<\/span><\/span><\/span><\/p>\n<p>M\u00e5l: ca. 10 cm x 9 cm<br \/>\nBrennetid: ca. 4\u20135 timer<\/p>\n<div class=\"lRu31\" dir=\"ltr\"><span class=\"HwtZe\" lang=\"no\"><span class=\"jCAhz ChMk0b\"><span class=\"ryNqvb\">Lyset b\u00f8r ikke st\u00e5 \u00e5 brenne uten tilsyn.<\/span><\/span> <\/span><\/div>\n<div class=\"lRu31\" dir=\"ltr\">\n<p><span class=\"HwtZe\" lang=\"no\"><span class=\"jCAhz ChMk0b\"><span class=\"ryNqvb\">For ekstra sikkerhet og for \u00e5 beskytte overflatene dine anbefaler vi \u00e5 bruke et egnet lysfat.<\/span><\/span><\/span><\/p>\n<div class=\"NQSJo\">Designet av: Niki Candle<\/div>\n<div>H\u00e5ndlaget i Tyskland<\/div>\n<\/div>\n<div class=\"UdTY9 WdefRb\" aria-hidden=\"true\" data-location=\"2\">\n<div class=\"kO6q6e\"><\/div>\n<\/div>\n<div class=\"XL3Kf XExWNc\">\n<div class=\"a8FIud X0rvP\">\n<div data-show-delay-ms=\"250\" data-append-to-body=\"false\" data-propagate-tooltip-mouseover-events=\"true\" data-anchor-corner=\"bottom-end\" data-enable-skip-handler=\"true\" data-popup-corner=\"top-end\">\n<div class=\"dig2sb\"><\/div>\n<\/div>\n<\/div>\n<\/div>","protected":false},"excerpt":{"rendered":"<p>H\u00e5ndlaget lys formet som et sp\u00f8kelse. velg mellom rosa, orange, natur eller beige<\/p>","protected":false},"featured_media":2362,"comment_status":"closed","ping_status":"closed","template":"","meta":[],"product_brand":[],"product_cat":[119,146],"product_tag":[147],"class_list":{"0":"post-2386","1":"product","2":"type-product","3":"status-publish","4":"has-post-thumbnail","6":"product_cat-hygge","7":"product_cat-lys","8":"product_tag-halloween","9":"product_shipping_class-norge","11":"first","12":"instock","13":"taxable","14":"shipping-taxable","15":"purchasable","16":"product-type-variable"},"bundled_by":[],"bundle_stock_status":"instock","bundle_stock_quantity":null,"bundle_virtual":false,"bundle_layout":"","bundle_add_to_cart_form_location":"","bundle_editable_in_cart":false,"bundle_sold_individually_context":"","bundle_item_grouping":"","bundle_min_size":"","bundle_max_size":"","bundle_price":[],"bundled_items":[],"bundle_sell_ids":[],"exclude_global_add_ons":[],"addons":[],"yoast_head":"<!-- This site is optimized with the Yoast SEO plugin v27.5 - https:\/\/yoast.com\/product\/yoast-seo-wordpress\/ -->\n<title>Sp\u00f8kelse Lys til Halloween | Poppyshoppen<\/title>\n<meta name=\"description\" content=\"Dette h\u00e5ndlagde sp\u00f8kelseslyset har et lekent og koselig design og er perfekti til halloween. Lyset er laget av ren rapsvoks veken er laget av bomull.\" \/>\n<meta name=\"robots\" content=\"index, follow, max-snippet:-1, max-image-preview:large, max-video-preview:-1\" \/>\n<link rel=\"canonical\" href=\"https:\/\/poppyshoppen.no\/en\/product\/spokelse-lys-til-halloween\/\" \/>\n<meta property=\"og:locale\" content=\"en_US\" \/>\n<meta property=\"og:type\" content=\"article\" \/>\n<meta property=\"og:title\" content=\"Sp\u00f8kelse Lys til Halloween | Poppyshoppen\" \/>\n<meta property=\"og:description\" content=\"Dette h\u00e5ndlagde sp\u00f8kelseslyset har et lekent og koselig design og er perfekti til halloween. Lyset er laget av ren rapsvoks veken er laget av bomull.\" \/>\n<meta property=\"og:url\" content=\"https:\/\/poppyshoppen.no\/en\/product\/spokelse-lys-til-halloween\/\" \/>\n<meta property=\"og:site_name\" content=\"Poppyshoppen\" \/>\n<meta property=\"article:publisher\" content=\"https:\/\/www.facebook.com\/profile.php?id=61558460251190\" \/>\n<meta property=\"article:modified_time\" content=\"2025-10-01T09:27:06+00:00\" \/>\n<meta property=\"og:image\" content=\"https:\/\/poppyshoppen.no\/wp-content\/uploads\/2025\/09\/poppydesign-host-hygge-lysestaker-lys-halloweenlys12.webp\" \/>\n\t<meta property=\"og:image:width\" content=\"1624\" \/>\n\t<meta property=\"og:image:height\" content=\"1624\" \/>\n\t<meta property=\"og:image:type\" content=\"image\/webp\" \/>\n<meta name=\"twitter:card\" content=\"summary_large_image\" \/>\n<meta name=\"twitter:label1\" content=\"Est. reading time\" \/>\n\t<meta name=\"twitter:data1\" content=\"1 minute\" \/>\n<script type=\"application\/ld+json\" class=\"yoast-schema-graph\">{\"@context\":\"https:\\\/\\\/schema.org\",\"@graph\":[{\"@type\":\"WebPage\",\"@id\":\"https:\\\/\\\/poppyshoppen.no\\\/produkt\\\/spokelse-lys-til-halloween\\\/\",\"url\":\"https:\\\/\\\/poppyshoppen.no\\\/produkt\\\/spokelse-lys-til-halloween\\\/\",\"name\":\"Sp\u00f8kelse Lys til Halloween | Poppyshoppen\",\"isPartOf\":{\"@id\":\"https:\\\/\\\/poppyshoppen.no\\\/#website\"},\"primaryImageOfPage\":{\"@id\":\"https:\\\/\\\/poppyshoppen.no\\\/produkt\\\/spokelse-lys-til-halloween\\\/#primaryimage\"},\"image\":{\"@id\":\"https:\\\/\\\/poppyshoppen.no\\\/produkt\\\/spokelse-lys-til-halloween\\\/#primaryimage\"},\"thumbnailUrl\":\"https:\\\/\\\/poppyshoppen.no\\\/wp-content\\\/uploads\\\/2025\\\/09\\\/poppydesign-host-hygge-lysestaker-lys-halloweenlys12.webp\",\"datePublished\":\"2025-09-18T16:06:57+00:00\",\"dateModified\":\"2025-10-01T09:27:06+00:00\",\"description\":\"Dette h\u00e5ndlagde sp\u00f8kelseslyset har et lekent og koselig design og er perfekti til halloween. Lyset er laget av ren rapsvoks veken er laget av bomull.\",\"breadcrumb\":{\"@id\":\"https:\\\/\\\/poppyshoppen.no\\\/produkt\\\/spokelse-lys-til-halloween\\\/#breadcrumb\"},\"inLanguage\":\"en-US\",\"potentialAction\":[{\"@type\":\"ReadAction\",\"target\":[\"https:\\\/\\\/poppyshoppen.no\\\/produkt\\\/spokelse-lys-til-halloween\\\/\"]}]},{\"@type\":\"ImageObject\",\"inLanguage\":\"en-US\",\"@id\":\"https:\\\/\\\/poppyshoppen.no\\\/produkt\\\/spokelse-lys-til-halloween\\\/#primaryimage\",\"url\":\"https:\\\/\\\/poppyshoppen.no\\\/wp-content\\\/uploads\\\/2025\\\/09\\\/poppydesign-host-hygge-lysestaker-lys-halloweenlys12.webp\",\"contentUrl\":\"https:\\\/\\\/poppyshoppen.no\\\/wp-content\\\/uploads\\\/2025\\\/09\\\/poppydesign-host-hygge-lysestaker-lys-halloweenlys12.webp\",\"width\":1624,\"height\":1624,\"caption\":\"Sp\u00f8kelseslys i ulike farger\"},{\"@type\":\"BreadcrumbList\",\"@id\":\"https:\\\/\\\/poppyshoppen.no\\\/produkt\\\/spokelse-lys-til-halloween\\\/#breadcrumb\",\"itemListElement\":[{\"@type\":\"ListItem\",\"position\":1,\"name\":\"Hjem\",\"item\":\"https:\\\/\\\/poppyshoppen.no\\\/\"},{\"@type\":\"ListItem\",\"position\":2,\"name\":\"Shop\",\"item\":\"https:\\\/\\\/poppyshoppen.no\\\/shop\\\/\"},{\"@type\":\"ListItem\",\"position\":3,\"name\":\"Sp\u00f8kelse Lys til Halloween\"}]},{\"@type\":\"WebSite\",\"@id\":\"https:\\\/\\\/poppyshoppen.no\\\/#website\",\"url\":\"https:\\\/\\\/poppyshoppen.no\\\/\",\"name\":\"Poppyshoppen\",\"description\":\"Gj\u00f8r hverdagen litt mer fargerik\",\"publisher\":{\"@id\":\"https:\\\/\\\/poppyshoppen.no\\\/#organization\"},\"potentialAction\":[{\"@type\":\"SearchAction\",\"target\":{\"@type\":\"EntryPoint\",\"urlTemplate\":\"https:\\\/\\\/poppyshoppen.no\\\/?s={search_term_string}\"},\"query-input\":{\"@type\":\"PropertyValueSpecification\",\"valueRequired\":true,\"valueName\":\"search_term_string\"}}],\"inLanguage\":\"en-US\"},{\"@type\":\"Organization\",\"@id\":\"https:\\\/\\\/poppyshoppen.no\\\/#organization\",\"name\":\"Poppyshoppen\",\"url\":\"https:\\\/\\\/poppyshoppen.no\\\/\",\"logo\":{\"@type\":\"ImageObject\",\"inLanguage\":\"en-US\",\"@id\":\"https:\\\/\\\/poppyshoppen.no\\\/#\\\/schema\\\/logo\\\/image\\\/\",\"url\":\"https:\\\/\\\/poppyshoppen.no\\\/wp-content\\\/uploads\\\/2024\\\/08\\\/cropped-poppyshoppen-logoikon.png\",\"contentUrl\":\"https:\\\/\\\/poppyshoppen.no\\\/wp-content\\\/uploads\\\/2024\\\/08\\\/cropped-poppyshoppen-logoikon.png\",\"width\":512,\"height\":512,\"caption\":\"Poppyshoppen\"},\"image\":{\"@id\":\"https:\\\/\\\/poppyshoppen.no\\\/#\\\/schema\\\/logo\\\/image\\\/\"},\"sameAs\":[\"https:\\\/\\\/www.facebook.com\\\/profile.php?id=61558460251190\",\"https:\\\/\\\/www.instagram.com\\\/poppyshoppen_no\\\/\"]}]}<\/script>\n<!-- \/ Yoast SEO plugin. -->","yoast_head_json":{"title":"Sp\u00f8kelse Lys til Halloween | Poppyshoppen","description":"Dette h\u00e5ndlagde sp\u00f8kelseslyset har et lekent og koselig design og er perfekti til halloween. Lyset er laget av ren rapsvoks veken er laget av bomull.","robots":{"index":"index","follow":"follow","max-snippet":"max-snippet:-1","max-image-preview":"max-image-preview:large","max-video-preview":"max-video-preview:-1"},"canonical":"https:\/\/poppyshoppen.no\/en\/product\/spokelse-lys-til-halloween\/","og_locale":"en_US","og_type":"article","og_title":"Sp\u00f8kelse Lys til Halloween | Poppyshoppen","og_description":"Dette h\u00e5ndlagde sp\u00f8kelseslyset har et lekent og koselig design og er perfekti til halloween. Lyset er laget av ren rapsvoks veken er laget av bomull.","og_url":"https:\/\/poppyshoppen.no\/en\/product\/spokelse-lys-til-halloween\/","og_site_name":"Poppyshoppen","article_publisher":"https:\/\/www.facebook.com\/profile.php?id=61558460251190","article_modified_time":"2025-10-01T09:27:06+00:00","og_image":[{"width":1624,"height":1624,"url":"https:\/\/poppyshoppen.no\/wp-content\/uploads\/2025\/09\/poppydesign-host-hygge-lysestaker-lys-halloweenlys12.webp","type":"image\/webp"}],"twitter_card":"summary_large_image","twitter_misc":{"Est. reading time":"1 minute"},"schema":{"@context":"https:\/\/schema.org","@graph":[{"@type":"WebPage","@id":"https:\/\/poppyshoppen.no\/produkt\/spokelse-lys-til-halloween\/","url":"https:\/\/poppyshoppen.no\/produkt\/spokelse-lys-til-halloween\/","name":"Sp\u00f8kelse Lys til Halloween | Poppyshoppen","isPartOf":{"@id":"https:\/\/poppyshoppen.no\/#website"},"primaryImageOfPage":{"@id":"https:\/\/poppyshoppen.no\/produkt\/spokelse-lys-til-halloween\/#primaryimage"},"image":{"@id":"https:\/\/poppyshoppen.no\/produkt\/spokelse-lys-til-halloween\/#primaryimage"},"thumbnailUrl":"https:\/\/poppyshoppen.no\/wp-content\/uploads\/2025\/09\/poppydesign-host-hygge-lysestaker-lys-halloweenlys12.webp","datePublished":"2025-09-18T16:06:57+00:00","dateModified":"2025-10-01T09:27:06+00:00","description":"Dette h\u00e5ndlagde sp\u00f8kelseslyset har et lekent og koselig design og er perfekti til halloween. Lyset er laget av ren rapsvoks veken er laget av bomull.","breadcrumb":{"@id":"https:\/\/poppyshoppen.no\/produkt\/spokelse-lys-til-halloween\/#breadcrumb"},"inLanguage":"en-US","potentialAction":[{"@type":"ReadAction","target":["https:\/\/poppyshoppen.no\/produkt\/spokelse-lys-til-halloween\/"]}]},{"@type":"ImageObject","inLanguage":"en-US","@id":"https:\/\/poppyshoppen.no\/produkt\/spokelse-lys-til-halloween\/#primaryimage","url":"https:\/\/poppyshoppen.no\/wp-content\/uploads\/2025\/09\/poppydesign-host-hygge-lysestaker-lys-halloweenlys12.webp","contentUrl":"https:\/\/poppyshoppen.no\/wp-content\/uploads\/2025\/09\/poppydesign-host-hygge-lysestaker-lys-halloweenlys12.webp","width":1624,"height":1624,"caption":"Sp\u00f8kelseslys i ulike farger"},{"@type":"BreadcrumbList","@id":"https:\/\/poppyshoppen.no\/produkt\/spokelse-lys-til-halloween\/#breadcrumb","itemListElement":[{"@type":"ListItem","position":1,"name":"Hjem","item":"https:\/\/poppyshoppen.no\/"},{"@type":"ListItem","position":2,"name":"Shop","item":"https:\/\/poppyshoppen.no\/shop\/"},{"@type":"ListItem","position":3,"name":"Sp\u00f8kelse Lys til Halloween"}]},{"@type":"WebSite","@id":"https:\/\/poppyshoppen.no\/#website","url":"https:\/\/poppyshoppen.no\/","name":"Poppyshoppen","description":"Gj\u00f8r hverdagen litt mer fargerik","publisher":{"@id":"https:\/\/poppyshoppen.no\/#organization"},"potentialAction":[{"@type":"SearchAction","target":{"@type":"EntryPoint","urlTemplate":"https:\/\/poppyshoppen.no\/?s={search_term_string}"},"query-input":{"@type":"PropertyValueSpecification","valueRequired":true,"valueName":"search_term_string"}}],"inLanguage":"en-US"},{"@type":"Organization","@id":"https:\/\/poppyshoppen.no\/#organization","name":"Poppyshoppen","url":"https:\/\/poppyshoppen.no\/","logo":{"@type":"ImageObject","inLanguage":"en-US","@id":"https:\/\/poppyshoppen.no\/#\/schema\/logo\/image\/","url":"https:\/\/poppyshoppen.no\/wp-content\/uploads\/2024\/08\/cropped-poppyshoppen-logoikon.png","contentUrl":"https:\/\/poppyshoppen.no\/wp-content\/uploads\/2024\/08\/cropped-poppyshoppen-logoikon.png","width":512,"height":512,"caption":"Poppyshoppen"},"image":{"@id":"https:\/\/poppyshoppen.no\/#\/schema\/logo\/image\/"},"sameAs":["https:\/\/www.facebook.com\/profile.php?id=61558460251190","https:\/\/www.instagram.com\/poppyshoppen_no\/"]}]}},"jetpack_sharing_enabled":true,"_links":{"self":[{"href":"https:\/\/poppyshoppen.no\/en\/wp-json\/wp\/v2\/product\/2386","targetHints":{"allow":["GET"]}}],"collection":[{"href":"https:\/\/poppyshoppen.no\/en\/wp-json\/wp\/v2\/product"}],"about":[{"href":"https:\/\/poppyshoppen.no\/en\/wp-json\/wp\/v2\/types\/product"}],"replies":[{"embeddable":true,"href":"https:\/\/poppyshoppen.no\/en\/wp-json\/wp\/v2\/comments?post=2386"}],"wp:featuredmedia":[{"embeddable":true,"href":"https:\/\/poppyshoppen.no\/en\/wp-json\/wp\/v2\/media\/2362"}],"wp:attachment":[{"href":"https:\/\/poppyshoppen.no\/en\/wp-json\/wp\/v2\/media?parent=2386"}],"wp:term":[{"taxonomy":"product_brand","embeddable":true,"href":"https:\/\/poppyshoppen.no\/en\/wp-json\/wp\/v2\/product_brand?post=2386"},{"taxonomy":"product_cat","embeddable":true,"href":"https:\/\/poppyshoppen.no\/en\/wp-json\/wp\/v2\/product_cat?post=2386"},{"taxonomy":"product_tag","embeddable":true,"href":"https:\/\/poppyshoppen.no\/en\/wp-json\/wp\/v2\/product_tag?post=2386"}],"curies":[{"name":"wp","href":"https:\/\/api.w.org\/{rel}","templated":true}]}}