{"id":2392,"date":"2025-09-18T17:08:15","date_gmt":"2025-09-18T16:08:15","guid":{"rendered":"https:\/\/poppyshoppen.no\/?post_type=product&#038;p=2392"},"modified":"2025-09-22T20:37:46","modified_gmt":"2025-09-22T19:37:46","slug":"lysestake-med-boblekant","status":"publish","type":"product","link":"https:\/\/poppyshoppen.no\/en\/product\/lysestake-med-boblekant\/","title":{"rendered":"Lysestake med boblekant"},"content":{"rendered":"<div class=\"lRu31\" dir=\"ltr\">\n<div class=\"OvtS8d\">\n<p data-start=\"200\" data-end=\"429\">Denne h\u00e5ndlagde boble-lysestaken i keramikk har en vakker boblekant som gj\u00f8r lysestaken ekstra dekorativ. Formen er leken, men samtidig tidl\u00f8s, perfekt til \u00e5 skape en lun stemning p\u00e5 bordet, i vinduskarmen eller p\u00e5 en hylle.<\/p>\n<p data-start=\"431\" data-end=\"609\">Siden hver lysestake er laget for h\u00e5nd, vil sm\u00e5 variasjoner i farge og overflate forekomme. Det gj\u00f8r at ingen er helt like, og at du f\u00e5r et unikt produkt med sitt eget uttrykk. Sm\u00e5 luftbobler eller fargeforskjeller er en naturlig del av h\u00e5ndverket, og er ikke reklamasjonsgrunn.<\/p>\n<p data-start=\"431\" data-end=\"609\">Finnes i fargene rosa, mint og korall.<\/p>\n<p>St\u00f8rrelse: 9 cm x 3 cm<br \/>\nLysholder, diameter: ca 2 cm<\/p>\n<\/div>\n<div class=\"NQSJo\">Designet av: Niki Candle<\/div>\n<div>H\u00e5ndlaget i Tyskland<\/div>\n<\/div>\n<div class=\"UdTY9 WdefRb\" aria-hidden=\"true\" data-location=\"2\">\n<div class=\"kO6q6e\"><\/div>\n<\/div>\n<div class=\"XL3Kf XExWNc\">\n<div class=\"a8FIud X0rvP\">\n<div data-show-delay-ms=\"250\" data-append-to-body=\"false\" data-propagate-tooltip-mouseover-events=\"true\" data-anchor-corner=\"bottom-end\" data-enable-skip-handler=\"true\" data-popup-corner=\"top-end\">\n<div class=\"dig2sb\"><\/div>\n<\/div>\n<\/div>\n<\/div>\n<div class=\"XL3Kf XExWNc\">\n<div class=\"a8FIud X0rvP\">\n<div data-show-delay-ms=\"250\" data-append-to-body=\"false\" data-propagate-tooltip-mouseover-events=\"true\" data-anchor-corner=\"bottom-end\" data-enable-skip-handler=\"true\" data-popup-corner=\"top-end\"><\/div>\n<\/div>\n<\/div>\n<div class=\"ebT7ne VOLvac sMVRZe\">\n<div class=\"F0pQVc\"><\/div>\n<\/div>\n<div class=\"VO9ucd\">\n<div class=\"aJIq1d\" dir=\"ltr\" data-language-code=\"no\" data-language-name=\"Norwegian\" data-text=\"Det h\u00e5ndlagde h\u00f8stlyset av eiken\u00f8tter er laget av ren rapsvoks, og bomullsveken gj\u00f8r det til et milj\u00f8vennlig, vegansk, biologisk nedbrytbart og b\u00e6rekraftig alternativ \u2013 akkurat som alle v\u00e5re lys. M\u00e5l: ca. 10,5 cm x 9,5 cm Brennetid: ca. 7\u20138 timer Det er viktig \u00e5 merke seg at dette lyset ikke b\u00f8r st\u00e5 uten tilsyn, da voksen kan p\u00e5virke milj\u00f8et hvis det brenner fortere. For ekstra sikkerhet og for \u00e5 beskytte overflatene dine anbefaler vi v\u00e5re matchende lysfat fra butikken, som du ikke b\u00f8r g\u00e5 glipp av.\" data-crosslingual-hint=\"\" data-location=\"2\" data-enable-toggle-playback-speed=\"true\" data-results-count=\"1\" data-result-index=\"1\">\n<div class=\"m0Qfkd\"><\/div>\n<\/div>\n<\/div>","protected":false},"excerpt":{"rendered":"<p>Vakker lysestake med boblekant. Velg mellom flere farger.<\/p>","protected":false},"featured_media":2359,"comment_status":"closed","ping_status":"closed","template":"","meta":[],"product_brand":[],"product_cat":[142],"product_tag":[145],"class_list":{"0":"post-2392","1":"product","2":"type-product","3":"status-publish","4":"has-post-thumbnail","6":"product_cat-alt-annet","7":"product_tag-lys","8":"product_shipping_class-norge","10":"first","11":"instock","12":"taxable","13":"shipping-taxable","14":"purchasable","15":"product-type-variable"},"bundled_by":[],"bundle_stock_status":"instock","bundle_stock_quantity":3,"bundle_virtual":false,"bundle_layout":"","bundle_add_to_cart_form_location":"","bundle_editable_in_cart":false,"bundle_sold_individually_context":"","bundle_item_grouping":"","bundle_min_size":"","bundle_max_size":"","bundle_price":[],"bundled_items":[],"bundle_sell_ids":[],"exclude_global_add_ons":[],"addons":[],"yoast_head":"<!-- This site is optimized with the Yoast SEO plugin v27.5 - https:\/\/yoast.com\/product\/yoast-seo-wordpress\/ -->\n<title>Lysestake med boblekant | Poppyshoppen<\/title>\n<meta name=\"description\" content=\"Denne h\u00e5ndlagde boble-lysestaken i keramikk har en vakker boblekant som gj\u00f8r lysestaken ekstra dekorativ. Formen er leken, men samtidig tidl\u00f8s.\" \/>\n<meta name=\"robots\" content=\"index, follow, max-snippet:-1, max-image-preview:large, max-video-preview:-1\" \/>\n<link rel=\"canonical\" href=\"https:\/\/poppyshoppen.no\/en\/product\/lysestake-med-boblekant\/\" \/>\n<meta property=\"og:locale\" content=\"en_US\" \/>\n<meta property=\"og:type\" content=\"article\" \/>\n<meta property=\"og:title\" content=\"Lysestake med boblekant | Poppyshoppen\" \/>\n<meta property=\"og:description\" content=\"Denne h\u00e5ndlagde boble-lysestaken i keramikk har en vakker boblekant som gj\u00f8r lysestaken ekstra dekorativ. Formen er leken, men samtidig tidl\u00f8s.\" \/>\n<meta property=\"og:url\" content=\"https:\/\/poppyshoppen.no\/en\/product\/lysestake-med-boblekant\/\" \/>\n<meta property=\"og:site_name\" content=\"Poppyshoppen\" \/>\n<meta property=\"article:publisher\" content=\"https:\/\/www.facebook.com\/profile.php?id=61558460251190\" \/>\n<meta property=\"article:modified_time\" content=\"2025-09-22T19:37:46+00:00\" \/>\n<meta property=\"og:image\" content=\"https:\/\/poppyshoppen.no\/wp-content\/uploads\/2025\/09\/poppydesign-host-hygge-lysestaker-lys-halloweenlys9.webp\" \/>\n\t<meta property=\"og:image:width\" content=\"2155\" \/>\n\t<meta property=\"og:image:height\" content=\"2155\" \/>\n\t<meta property=\"og:image:type\" content=\"image\/webp\" \/>\n<meta name=\"twitter:card\" content=\"summary_large_image\" \/>\n<meta name=\"twitter:label1\" content=\"Est. reading time\" \/>\n\t<meta name=\"twitter:data1\" content=\"1 minute\" \/>\n<script type=\"application\/ld+json\" class=\"yoast-schema-graph\">{\"@context\":\"https:\\\/\\\/schema.org\",\"@graph\":[{\"@type\":\"WebPage\",\"@id\":\"https:\\\/\\\/poppyshoppen.no\\\/produkt\\\/lysestake-med-boblekant\\\/\",\"url\":\"https:\\\/\\\/poppyshoppen.no\\\/produkt\\\/lysestake-med-boblekant\\\/\",\"name\":\"Lysestake med boblekant | Poppyshoppen\",\"isPartOf\":{\"@id\":\"https:\\\/\\\/poppyshoppen.no\\\/#website\"},\"primaryImageOfPage\":{\"@id\":\"https:\\\/\\\/poppyshoppen.no\\\/produkt\\\/lysestake-med-boblekant\\\/#primaryimage\"},\"image\":{\"@id\":\"https:\\\/\\\/poppyshoppen.no\\\/produkt\\\/lysestake-med-boblekant\\\/#primaryimage\"},\"thumbnailUrl\":\"https:\\\/\\\/poppyshoppen.no\\\/wp-content\\\/uploads\\\/2025\\\/09\\\/poppydesign-host-hygge-lysestaker-lys-halloweenlys9.webp\",\"datePublished\":\"2025-09-18T16:08:15+00:00\",\"dateModified\":\"2025-09-22T19:37:46+00:00\",\"description\":\"Denne h\u00e5ndlagde boble-lysestaken i keramikk har en vakker boblekant som gj\u00f8r lysestaken ekstra dekorativ. Formen er leken, men samtidig tidl\u00f8s.\",\"breadcrumb\":{\"@id\":\"https:\\\/\\\/poppyshoppen.no\\\/produkt\\\/lysestake-med-boblekant\\\/#breadcrumb\"},\"inLanguage\":\"en-US\",\"potentialAction\":[{\"@type\":\"ReadAction\",\"target\":[\"https:\\\/\\\/poppyshoppen.no\\\/produkt\\\/lysestake-med-boblekant\\\/\"]}]},{\"@type\":\"ImageObject\",\"inLanguage\":\"en-US\",\"@id\":\"https:\\\/\\\/poppyshoppen.no\\\/produkt\\\/lysestake-med-boblekant\\\/#primaryimage\",\"url\":\"https:\\\/\\\/poppyshoppen.no\\\/wp-content\\\/uploads\\\/2025\\\/09\\\/poppydesign-host-hygge-lysestaker-lys-halloweenlys9.webp\",\"contentUrl\":\"https:\\\/\\\/poppyshoppen.no\\\/wp-content\\\/uploads\\\/2025\\\/09\\\/poppydesign-host-hygge-lysestaker-lys-halloweenlys9.webp\",\"width\":2155,\"height\":2155,\"caption\":\"Lysestaker i flere farger med boblekant\"},{\"@type\":\"BreadcrumbList\",\"@id\":\"https:\\\/\\\/poppyshoppen.no\\\/produkt\\\/lysestake-med-boblekant\\\/#breadcrumb\",\"itemListElement\":[{\"@type\":\"ListItem\",\"position\":1,\"name\":\"Hjem\",\"item\":\"https:\\\/\\\/poppyshoppen.no\\\/\"},{\"@type\":\"ListItem\",\"position\":2,\"name\":\"Shop\",\"item\":\"https:\\\/\\\/poppyshoppen.no\\\/shop\\\/\"},{\"@type\":\"ListItem\",\"position\":3,\"name\":\"Lysestake med boblekant\"}]},{\"@type\":\"WebSite\",\"@id\":\"https:\\\/\\\/poppyshoppen.no\\\/#website\",\"url\":\"https:\\\/\\\/poppyshoppen.no\\\/\",\"name\":\"Poppyshoppen\",\"description\":\"Gj\u00f8r hverdagen litt mer fargerik\",\"publisher\":{\"@id\":\"https:\\\/\\\/poppyshoppen.no\\\/#organization\"},\"potentialAction\":[{\"@type\":\"SearchAction\",\"target\":{\"@type\":\"EntryPoint\",\"urlTemplate\":\"https:\\\/\\\/poppyshoppen.no\\\/?s={search_term_string}\"},\"query-input\":{\"@type\":\"PropertyValueSpecification\",\"valueRequired\":true,\"valueName\":\"search_term_string\"}}],\"inLanguage\":\"en-US\"},{\"@type\":\"Organization\",\"@id\":\"https:\\\/\\\/poppyshoppen.no\\\/#organization\",\"name\":\"Poppyshoppen\",\"url\":\"https:\\\/\\\/poppyshoppen.no\\\/\",\"logo\":{\"@type\":\"ImageObject\",\"inLanguage\":\"en-US\",\"@id\":\"https:\\\/\\\/poppyshoppen.no\\\/#\\\/schema\\\/logo\\\/image\\\/\",\"url\":\"https:\\\/\\\/poppyshoppen.no\\\/wp-content\\\/uploads\\\/2024\\\/08\\\/cropped-poppyshoppen-logoikon.png\",\"contentUrl\":\"https:\\\/\\\/poppyshoppen.no\\\/wp-content\\\/uploads\\\/2024\\\/08\\\/cropped-poppyshoppen-logoikon.png\",\"width\":512,\"height\":512,\"caption\":\"Poppyshoppen\"},\"image\":{\"@id\":\"https:\\\/\\\/poppyshoppen.no\\\/#\\\/schema\\\/logo\\\/image\\\/\"},\"sameAs\":[\"https:\\\/\\\/www.facebook.com\\\/profile.php?id=61558460251190\",\"https:\\\/\\\/www.instagram.com\\\/poppyshoppen_no\\\/\"]}]}<\/script>\n<!-- \/ Yoast SEO plugin. -->","yoast_head_json":{"title":"Lysestake med boblekant | Poppyshoppen","description":"Denne h\u00e5ndlagde boble-lysestaken i keramikk har en vakker boblekant som gj\u00f8r lysestaken ekstra dekorativ. Formen er leken, men samtidig tidl\u00f8s.","robots":{"index":"index","follow":"follow","max-snippet":"max-snippet:-1","max-image-preview":"max-image-preview:large","max-video-preview":"max-video-preview:-1"},"canonical":"https:\/\/poppyshoppen.no\/en\/product\/lysestake-med-boblekant\/","og_locale":"en_US","og_type":"article","og_title":"Lysestake med boblekant | Poppyshoppen","og_description":"Denne h\u00e5ndlagde boble-lysestaken i keramikk har en vakker boblekant som gj\u00f8r lysestaken ekstra dekorativ. Formen er leken, men samtidig tidl\u00f8s.","og_url":"https:\/\/poppyshoppen.no\/en\/product\/lysestake-med-boblekant\/","og_site_name":"Poppyshoppen","article_publisher":"https:\/\/www.facebook.com\/profile.php?id=61558460251190","article_modified_time":"2025-09-22T19:37:46+00:00","og_image":[{"width":2155,"height":2155,"url":"https:\/\/poppyshoppen.no\/wp-content\/uploads\/2025\/09\/poppydesign-host-hygge-lysestaker-lys-halloweenlys9.webp","type":"image\/webp"}],"twitter_card":"summary_large_image","twitter_misc":{"Est. reading time":"1 minute"},"schema":{"@context":"https:\/\/schema.org","@graph":[{"@type":"WebPage","@id":"https:\/\/poppyshoppen.no\/produkt\/lysestake-med-boblekant\/","url":"https:\/\/poppyshoppen.no\/produkt\/lysestake-med-boblekant\/","name":"Lysestake med boblekant | Poppyshoppen","isPartOf":{"@id":"https:\/\/poppyshoppen.no\/#website"},"primaryImageOfPage":{"@id":"https:\/\/poppyshoppen.no\/produkt\/lysestake-med-boblekant\/#primaryimage"},"image":{"@id":"https:\/\/poppyshoppen.no\/produkt\/lysestake-med-boblekant\/#primaryimage"},"thumbnailUrl":"https:\/\/poppyshoppen.no\/wp-content\/uploads\/2025\/09\/poppydesign-host-hygge-lysestaker-lys-halloweenlys9.webp","datePublished":"2025-09-18T16:08:15+00:00","dateModified":"2025-09-22T19:37:46+00:00","description":"Denne h\u00e5ndlagde boble-lysestaken i keramikk har en vakker boblekant som gj\u00f8r lysestaken ekstra dekorativ. Formen er leken, men samtidig tidl\u00f8s.","breadcrumb":{"@id":"https:\/\/poppyshoppen.no\/produkt\/lysestake-med-boblekant\/#breadcrumb"},"inLanguage":"en-US","potentialAction":[{"@type":"ReadAction","target":["https:\/\/poppyshoppen.no\/produkt\/lysestake-med-boblekant\/"]}]},{"@type":"ImageObject","inLanguage":"en-US","@id":"https:\/\/poppyshoppen.no\/produkt\/lysestake-med-boblekant\/#primaryimage","url":"https:\/\/poppyshoppen.no\/wp-content\/uploads\/2025\/09\/poppydesign-host-hygge-lysestaker-lys-halloweenlys9.webp","contentUrl":"https:\/\/poppyshoppen.no\/wp-content\/uploads\/2025\/09\/poppydesign-host-hygge-lysestaker-lys-halloweenlys9.webp","width":2155,"height":2155,"caption":"Lysestaker i flere farger med boblekant"},{"@type":"BreadcrumbList","@id":"https:\/\/poppyshoppen.no\/produkt\/lysestake-med-boblekant\/#breadcrumb","itemListElement":[{"@type":"ListItem","position":1,"name":"Hjem","item":"https:\/\/poppyshoppen.no\/"},{"@type":"ListItem","position":2,"name":"Shop","item":"https:\/\/poppyshoppen.no\/shop\/"},{"@type":"ListItem","position":3,"name":"Lysestake med boblekant"}]},{"@type":"WebSite","@id":"https:\/\/poppyshoppen.no\/#website","url":"https:\/\/poppyshoppen.no\/","name":"Poppyshoppen","description":"Gj\u00f8r hverdagen litt mer fargerik","publisher":{"@id":"https:\/\/poppyshoppen.no\/#organization"},"potentialAction":[{"@type":"SearchAction","target":{"@type":"EntryPoint","urlTemplate":"https:\/\/poppyshoppen.no\/?s={search_term_string}"},"query-input":{"@type":"PropertyValueSpecification","valueRequired":true,"valueName":"search_term_string"}}],"inLanguage":"en-US"},{"@type":"Organization","@id":"https:\/\/poppyshoppen.no\/#organization","name":"Poppyshoppen","url":"https:\/\/poppyshoppen.no\/","logo":{"@type":"ImageObject","inLanguage":"en-US","@id":"https:\/\/poppyshoppen.no\/#\/schema\/logo\/image\/","url":"https:\/\/poppyshoppen.no\/wp-content\/uploads\/2024\/08\/cropped-poppyshoppen-logoikon.png","contentUrl":"https:\/\/poppyshoppen.no\/wp-content\/uploads\/2024\/08\/cropped-poppyshoppen-logoikon.png","width":512,"height":512,"caption":"Poppyshoppen"},"image":{"@id":"https:\/\/poppyshoppen.no\/#\/schema\/logo\/image\/"},"sameAs":["https:\/\/www.facebook.com\/profile.php?id=61558460251190","https:\/\/www.instagram.com\/poppyshoppen_no\/"]}]}},"jetpack_sharing_enabled":true,"_links":{"self":[{"href":"https:\/\/poppyshoppen.no\/en\/wp-json\/wp\/v2\/product\/2392","targetHints":{"allow":["GET"]}}],"collection":[{"href":"https:\/\/poppyshoppen.no\/en\/wp-json\/wp\/v2\/product"}],"about":[{"href":"https:\/\/poppyshoppen.no\/en\/wp-json\/wp\/v2\/types\/product"}],"replies":[{"embeddable":true,"href":"https:\/\/poppyshoppen.no\/en\/wp-json\/wp\/v2\/comments?post=2392"}],"wp:featuredmedia":[{"embeddable":true,"href":"https:\/\/poppyshoppen.no\/en\/wp-json\/wp\/v2\/media\/2359"}],"wp:attachment":[{"href":"https:\/\/poppyshoppen.no\/en\/wp-json\/wp\/v2\/media?parent=2392"}],"wp:term":[{"taxonomy":"product_brand","embeddable":true,"href":"https:\/\/poppyshoppen.no\/en\/wp-json\/wp\/v2\/product_brand?post=2392"},{"taxonomy":"product_cat","embeddable":true,"href":"https:\/\/poppyshoppen.no\/en\/wp-json\/wp\/v2\/product_cat?post=2392"},{"taxonomy":"product_tag","embeddable":true,"href":"https:\/\/poppyshoppen.no\/en\/wp-json\/wp\/v2\/product_tag?post=2392"}],"curies":[{"name":"wp","href":"https:\/\/api.w.org\/{rel}","templated":true}]}}