{"id":2405,"date":"2025-09-18T18:02:47","date_gmt":"2025-09-18T17:02:47","guid":{"rendered":"https:\/\/poppyshoppen.no\/?post_type=product&#038;p=2405"},"modified":"2025-09-22T20:38:12","modified_gmt":"2025-09-22T19:38:12","slug":"duftlys-til-jul-glogg","status":"publish","type":"product","link":"https:\/\/poppyshoppen.no\/en\/product\/duftlys-til-jul-glogg\/","title":{"rendered":"Duftlys til jul &#8211; Gl\u00f8gg"},"content":{"rendered":"<p>Duftlys laget med soyavoks med duft av gl\u00f8gg. Duften er herlig varm og fruktig som gl\u00f8gg i glass p\u00e5 et julemarked. Varm, avslappende og intensiv duft, perfekt for regnfulle h\u00f8st- og vinterdager og klassisk skandinavisk HYGGE, med en bok, film og varm drikke. Lyset er laget av soyavoks og parfymert med fransk parfymeolje av h\u00f8yeste kvalitet. Lyset heter Gl\u00f8gg, som er et skandinavisk navn for Mulled Wine.<\/p>\n<p>Vekt: 30g<br \/>\nBrennetid: opptil 5 til 7 timer.<br \/>\nSt\u00f8rrelses: 5 x 5 x 2 cm<\/p>\n<p>Laget i Danmark<\/p>\n<p>Perfekt til hjemmet, som gave eller som et ekstra oppmerksomhet i en gaveeske.\u00a0Selv om lysene er ganske sm\u00e5, er duften intensiv og bringer samme mengde aromaer til rommet som et stort lys.<\/p>\n<p><strong>Om skaperene:<\/strong> Nordtrice er et lite, kvinnestyrt lysmakeri og designstudio med base i K\u00f8benhavn. Her lages fargerike og unike lys, ingen er helt like, med kj\u00e6rlighet til skandinavisk tidl\u00f8st design. Alle lysene h\u00e5ndlages i det lille verkstedet deres i S\u00f8borg, rett utenfor K\u00f8benhavn. Resultatet er en kombinasjon av farger, dufter og ekte h\u00e5ndverk som b\u00e5de sprer glede og skaper ekte hygge!<\/p>","protected":false},"excerpt":{"rendered":"<p>Koselig duftlys med herlig lukt av varm og fruktig gl\u00f8gg<\/p>","protected":false},"featured_media":2406,"comment_status":"closed","ping_status":"closed","template":"","meta":[],"product_brand":[],"product_cat":[142,120,146],"product_tag":[144,74,145],"class_list":{"0":"post-2405","1":"product","2":"type-product","3":"status-publish","4":"has-post-thumbnail","6":"product_cat-alt-annet","7":"product_cat-jul","8":"product_cat-lys","9":"product_tag-hygge","10":"product_tag-jul","11":"product_tag-lys","12":"product_shipping_class-norge","14":"first","15":"instock","16":"taxable","17":"shipping-taxable","18":"purchasable","19":"product-type-simple"},"bundled_by":[],"bundle_stock_status":"instock","bundle_stock_quantity":8,"bundle_virtual":false,"bundle_layout":"","bundle_add_to_cart_form_location":"","bundle_editable_in_cart":false,"bundle_sold_individually_context":"","bundle_item_grouping":"","bundle_min_size":"","bundle_max_size":"","bundle_price":[],"bundled_items":[],"bundle_sell_ids":[],"exclude_global_add_ons":[],"addons":[],"yoast_head":"<!-- This site is optimized with the Yoast SEO plugin v27.5 - https:\/\/yoast.com\/product\/yoast-seo-wordpress\/ -->\n<title>Duftlys til jul - Gl\u00f8gg | Poppyshoppen<\/title>\n<meta name=\"description\" content=\"Duftlys laget med soyavoks med duft av gl\u00f8gg. Duften er herlig varm og fruktig som gl\u00f8gg i glass p\u00e5 et koselig julemarked.\" \/>\n<meta name=\"robots\" content=\"index, follow, max-snippet:-1, max-image-preview:large, max-video-preview:-1\" \/>\n<link rel=\"canonical\" href=\"https:\/\/poppyshoppen.no\/en\/product\/duftlys-til-jul-glogg\/\" \/>\n<meta property=\"og:locale\" content=\"en_US\" \/>\n<meta property=\"og:type\" content=\"article\" \/>\n<meta property=\"og:title\" content=\"Duftlys til jul - Gl\u00f8gg | Poppyshoppen\" \/>\n<meta property=\"og:description\" content=\"Duftlys laget med soyavoks med duft av gl\u00f8gg. Duften er herlig varm og fruktig som gl\u00f8gg i glass p\u00e5 et koselig julemarked.\" \/>\n<meta property=\"og:url\" content=\"https:\/\/poppyshoppen.no\/en\/product\/duftlys-til-jul-glogg\/\" \/>\n<meta property=\"og:site_name\" content=\"Poppyshoppen\" \/>\n<meta property=\"article:publisher\" content=\"https:\/\/www.facebook.com\/profile.php?id=61558460251190\" \/>\n<meta property=\"article:modified_time\" content=\"2025-09-22T19:38:12+00:00\" \/>\n<meta property=\"og:image\" content=\"https:\/\/poppyshoppen.no\/wp-content\/uploads\/2025\/09\/poppydesign-jul-duftlys-glogg-1.webp\" \/>\n\t<meta property=\"og:image:width\" content=\"1564\" \/>\n\t<meta property=\"og:image:height\" content=\"1564\" \/>\n\t<meta property=\"og:image:type\" content=\"image\/webp\" \/>\n<meta name=\"twitter:card\" content=\"summary_large_image\" \/>\n<meta name=\"twitter:label1\" content=\"Est. reading time\" \/>\n\t<meta name=\"twitter:data1\" content=\"2 minutes\" \/>\n<script type=\"application\/ld+json\" class=\"yoast-schema-graph\">{\"@context\":\"https:\\\/\\\/schema.org\",\"@graph\":[{\"@type\":\"WebPage\",\"@id\":\"https:\\\/\\\/poppyshoppen.no\\\/produkt\\\/duftlys-til-jul-glogg\\\/\",\"url\":\"https:\\\/\\\/poppyshoppen.no\\\/produkt\\\/duftlys-til-jul-glogg\\\/\",\"name\":\"Duftlys til jul - Gl\u00f8gg | Poppyshoppen\",\"isPartOf\":{\"@id\":\"https:\\\/\\\/poppyshoppen.no\\\/#website\"},\"primaryImageOfPage\":{\"@id\":\"https:\\\/\\\/poppyshoppen.no\\\/produkt\\\/duftlys-til-jul-glogg\\\/#primaryimage\"},\"image\":{\"@id\":\"https:\\\/\\\/poppyshoppen.no\\\/produkt\\\/duftlys-til-jul-glogg\\\/#primaryimage\"},\"thumbnailUrl\":\"https:\\\/\\\/poppyshoppen.no\\\/wp-content\\\/uploads\\\/2025\\\/09\\\/poppydesign-jul-duftlys-glogg-1.webp\",\"datePublished\":\"2025-09-18T17:02:47+00:00\",\"dateModified\":\"2025-09-22T19:38:12+00:00\",\"description\":\"Duftlys laget med soyavoks med duft av gl\u00f8gg. Duften er herlig varm og fruktig som gl\u00f8gg i glass p\u00e5 et koselig julemarked.\",\"breadcrumb\":{\"@id\":\"https:\\\/\\\/poppyshoppen.no\\\/produkt\\\/duftlys-til-jul-glogg\\\/#breadcrumb\"},\"inLanguage\":\"en-US\",\"potentialAction\":[{\"@type\":\"ReadAction\",\"target\":[\"https:\\\/\\\/poppyshoppen.no\\\/produkt\\\/duftlys-til-jul-glogg\\\/\"]}]},{\"@type\":\"ImageObject\",\"inLanguage\":\"en-US\",\"@id\":\"https:\\\/\\\/poppyshoppen.no\\\/produkt\\\/duftlys-til-jul-glogg\\\/#primaryimage\",\"url\":\"https:\\\/\\\/poppyshoppen.no\\\/wp-content\\\/uploads\\\/2025\\\/09\\\/poppydesign-jul-duftlys-glogg-1.webp\",\"contentUrl\":\"https:\\\/\\\/poppyshoppen.no\\\/wp-content\\\/uploads\\\/2025\\\/09\\\/poppydesign-jul-duftlys-glogg-1.webp\",\"width\":1564,\"height\":1564,\"caption\":\"Bilde av duftlys med duft av gl\u00f8gg\"},{\"@type\":\"BreadcrumbList\",\"@id\":\"https:\\\/\\\/poppyshoppen.no\\\/produkt\\\/duftlys-til-jul-glogg\\\/#breadcrumb\",\"itemListElement\":[{\"@type\":\"ListItem\",\"position\":1,\"name\":\"Hjem\",\"item\":\"https:\\\/\\\/poppyshoppen.no\\\/\"},{\"@type\":\"ListItem\",\"position\":2,\"name\":\"Shop\",\"item\":\"https:\\\/\\\/poppyshoppen.no\\\/shop\\\/\"},{\"@type\":\"ListItem\",\"position\":3,\"name\":\"Duftlys til jul &#8211; Gl\u00f8gg\"}]},{\"@type\":\"WebSite\",\"@id\":\"https:\\\/\\\/poppyshoppen.no\\\/#website\",\"url\":\"https:\\\/\\\/poppyshoppen.no\\\/\",\"name\":\"Poppyshoppen\",\"description\":\"Gj\u00f8r hverdagen litt mer fargerik\",\"publisher\":{\"@id\":\"https:\\\/\\\/poppyshoppen.no\\\/#organization\"},\"potentialAction\":[{\"@type\":\"SearchAction\",\"target\":{\"@type\":\"EntryPoint\",\"urlTemplate\":\"https:\\\/\\\/poppyshoppen.no\\\/?s={search_term_string}\"},\"query-input\":{\"@type\":\"PropertyValueSpecification\",\"valueRequired\":true,\"valueName\":\"search_term_string\"}}],\"inLanguage\":\"en-US\"},{\"@type\":\"Organization\",\"@id\":\"https:\\\/\\\/poppyshoppen.no\\\/#organization\",\"name\":\"Poppyshoppen\",\"url\":\"https:\\\/\\\/poppyshoppen.no\\\/\",\"logo\":{\"@type\":\"ImageObject\",\"inLanguage\":\"en-US\",\"@id\":\"https:\\\/\\\/poppyshoppen.no\\\/#\\\/schema\\\/logo\\\/image\\\/\",\"url\":\"https:\\\/\\\/poppyshoppen.no\\\/wp-content\\\/uploads\\\/2024\\\/08\\\/cropped-poppyshoppen-logoikon.png\",\"contentUrl\":\"https:\\\/\\\/poppyshoppen.no\\\/wp-content\\\/uploads\\\/2024\\\/08\\\/cropped-poppyshoppen-logoikon.png\",\"width\":512,\"height\":512,\"caption\":\"Poppyshoppen\"},\"image\":{\"@id\":\"https:\\\/\\\/poppyshoppen.no\\\/#\\\/schema\\\/logo\\\/image\\\/\"},\"sameAs\":[\"https:\\\/\\\/www.facebook.com\\\/profile.php?id=61558460251190\",\"https:\\\/\\\/www.instagram.com\\\/poppyshoppen_no\\\/\"]}]}<\/script>\n<!-- \/ Yoast SEO plugin. -->","yoast_head_json":{"title":"Duftlys til jul - Gl\u00f8gg | Poppyshoppen","description":"Duftlys laget med soyavoks med duft av gl\u00f8gg. Duften er herlig varm og fruktig som gl\u00f8gg i glass p\u00e5 et koselig julemarked.","robots":{"index":"index","follow":"follow","max-snippet":"max-snippet:-1","max-image-preview":"max-image-preview:large","max-video-preview":"max-video-preview:-1"},"canonical":"https:\/\/poppyshoppen.no\/en\/product\/duftlys-til-jul-glogg\/","og_locale":"en_US","og_type":"article","og_title":"Duftlys til jul - Gl\u00f8gg | Poppyshoppen","og_description":"Duftlys laget med soyavoks med duft av gl\u00f8gg. Duften er herlig varm og fruktig som gl\u00f8gg i glass p\u00e5 et koselig julemarked.","og_url":"https:\/\/poppyshoppen.no\/en\/product\/duftlys-til-jul-glogg\/","og_site_name":"Poppyshoppen","article_publisher":"https:\/\/www.facebook.com\/profile.php?id=61558460251190","article_modified_time":"2025-09-22T19:38:12+00:00","og_image":[{"width":1564,"height":1564,"url":"https:\/\/poppyshoppen.no\/wp-content\/uploads\/2025\/09\/poppydesign-jul-duftlys-glogg-1.webp","type":"image\/webp"}],"twitter_card":"summary_large_image","twitter_misc":{"Est. reading time":"2 minutes"},"schema":{"@context":"https:\/\/schema.org","@graph":[{"@type":"WebPage","@id":"https:\/\/poppyshoppen.no\/produkt\/duftlys-til-jul-glogg\/","url":"https:\/\/poppyshoppen.no\/produkt\/duftlys-til-jul-glogg\/","name":"Duftlys til jul - Gl\u00f8gg | Poppyshoppen","isPartOf":{"@id":"https:\/\/poppyshoppen.no\/#website"},"primaryImageOfPage":{"@id":"https:\/\/poppyshoppen.no\/produkt\/duftlys-til-jul-glogg\/#primaryimage"},"image":{"@id":"https:\/\/poppyshoppen.no\/produkt\/duftlys-til-jul-glogg\/#primaryimage"},"thumbnailUrl":"https:\/\/poppyshoppen.no\/wp-content\/uploads\/2025\/09\/poppydesign-jul-duftlys-glogg-1.webp","datePublished":"2025-09-18T17:02:47+00:00","dateModified":"2025-09-22T19:38:12+00:00","description":"Duftlys laget med soyavoks med duft av gl\u00f8gg. Duften er herlig varm og fruktig som gl\u00f8gg i glass p\u00e5 et koselig julemarked.","breadcrumb":{"@id":"https:\/\/poppyshoppen.no\/produkt\/duftlys-til-jul-glogg\/#breadcrumb"},"inLanguage":"en-US","potentialAction":[{"@type":"ReadAction","target":["https:\/\/poppyshoppen.no\/produkt\/duftlys-til-jul-glogg\/"]}]},{"@type":"ImageObject","inLanguage":"en-US","@id":"https:\/\/poppyshoppen.no\/produkt\/duftlys-til-jul-glogg\/#primaryimage","url":"https:\/\/poppyshoppen.no\/wp-content\/uploads\/2025\/09\/poppydesign-jul-duftlys-glogg-1.webp","contentUrl":"https:\/\/poppyshoppen.no\/wp-content\/uploads\/2025\/09\/poppydesign-jul-duftlys-glogg-1.webp","width":1564,"height":1564,"caption":"Bilde av duftlys med duft av gl\u00f8gg"},{"@type":"BreadcrumbList","@id":"https:\/\/poppyshoppen.no\/produkt\/duftlys-til-jul-glogg\/#breadcrumb","itemListElement":[{"@type":"ListItem","position":1,"name":"Hjem","item":"https:\/\/poppyshoppen.no\/"},{"@type":"ListItem","position":2,"name":"Shop","item":"https:\/\/poppyshoppen.no\/shop\/"},{"@type":"ListItem","position":3,"name":"Duftlys til jul &#8211; Gl\u00f8gg"}]},{"@type":"WebSite","@id":"https:\/\/poppyshoppen.no\/#website","url":"https:\/\/poppyshoppen.no\/","name":"Poppyshoppen","description":"Gj\u00f8r hverdagen litt mer fargerik","publisher":{"@id":"https:\/\/poppyshoppen.no\/#organization"},"potentialAction":[{"@type":"SearchAction","target":{"@type":"EntryPoint","urlTemplate":"https:\/\/poppyshoppen.no\/?s={search_term_string}"},"query-input":{"@type":"PropertyValueSpecification","valueRequired":true,"valueName":"search_term_string"}}],"inLanguage":"en-US"},{"@type":"Organization","@id":"https:\/\/poppyshoppen.no\/#organization","name":"Poppyshoppen","url":"https:\/\/poppyshoppen.no\/","logo":{"@type":"ImageObject","inLanguage":"en-US","@id":"https:\/\/poppyshoppen.no\/#\/schema\/logo\/image\/","url":"https:\/\/poppyshoppen.no\/wp-content\/uploads\/2024\/08\/cropped-poppyshoppen-logoikon.png","contentUrl":"https:\/\/poppyshoppen.no\/wp-content\/uploads\/2024\/08\/cropped-poppyshoppen-logoikon.png","width":512,"height":512,"caption":"Poppyshoppen"},"image":{"@id":"https:\/\/poppyshoppen.no\/#\/schema\/logo\/image\/"},"sameAs":["https:\/\/www.facebook.com\/profile.php?id=61558460251190","https:\/\/www.instagram.com\/poppyshoppen_no\/"]}]}},"jetpack_sharing_enabled":true,"_links":{"self":[{"href":"https:\/\/poppyshoppen.no\/en\/wp-json\/wp\/v2\/product\/2405","targetHints":{"allow":["GET"]}}],"collection":[{"href":"https:\/\/poppyshoppen.no\/en\/wp-json\/wp\/v2\/product"}],"about":[{"href":"https:\/\/poppyshoppen.no\/en\/wp-json\/wp\/v2\/types\/product"}],"replies":[{"embeddable":true,"href":"https:\/\/poppyshoppen.no\/en\/wp-json\/wp\/v2\/comments?post=2405"}],"wp:featuredmedia":[{"embeddable":true,"href":"https:\/\/poppyshoppen.no\/en\/wp-json\/wp\/v2\/media\/2406"}],"wp:attachment":[{"href":"https:\/\/poppyshoppen.no\/en\/wp-json\/wp\/v2\/media?parent=2405"}],"wp:term":[{"taxonomy":"product_brand","embeddable":true,"href":"https:\/\/poppyshoppen.no\/en\/wp-json\/wp\/v2\/product_brand?post=2405"},{"taxonomy":"product_cat","embeddable":true,"href":"https:\/\/poppyshoppen.no\/en\/wp-json\/wp\/v2\/product_cat?post=2405"},{"taxonomy":"product_tag","embeddable":true,"href":"https:\/\/poppyshoppen.no\/en\/wp-json\/wp\/v2\/product_tag?post=2405"}],"curies":[{"name":"wp","href":"https:\/\/api.w.org\/{rel}","templated":true}]}}