{"id":2415,"date":"2025-09-18T18:52:45","date_gmt":"2025-09-18T17:52:45","guid":{"rendered":"https:\/\/poppyshoppen.no\/?post_type=product&#038;p=2415"},"modified":"2026-04-23T10:27:26","modified_gmt":"2026-04-23T09:27:26","slug":"pastell-kronelys-pakke-med-3-stk","status":"publish","type":"product","link":"https:\/\/poppyshoppen.no\/en\/product\/pastell-kronelys-pakke-med-3-stk\/","title":{"rendered":"Pastell kronelys &#8211; Pakke med 3 stk"},"content":{"rendered":"<p data-start=\"198\" data-end=\"434\">Denne elegante gaveesken inneholder tre h\u00e5nddyppede kronelys i lyse pastellfarger. Lysene er perfekte til \u00e5 skape en rolig og harmonisk stemning hjemme, og er koselig som gave til de som liker fargerike lys. Fargene er delikate og lette \u00e5 mikse og matche med b\u00e5de n\u00f8ytralt og fargerikt interi\u00f8r.<\/p>\n<p data-start=\"198\" data-end=\"434\">Lysene er laget av 100 % stearin og har en standard kronelysbase (2,2 cm) som passer til de fleste lysestaker. De kan trygt st\u00e5 i vinduskarmen uten \u00e5 smelte, og har en brennetid p\u00e5 ca. 6 timer hver.<\/p>\n<ul>\n<li data-start=\"638\" data-end=\"852\">Pakke med 3 h\u00e5nddyppede lys i ulike pastellfarger<\/li>\n<li data-start=\"638\" data-end=\"852\">Leveres i en fin gaveeske, perfekt som vertinnegave, bursdagsgave eller liten oppmerksomhet<\/li>\n<li data-start=\"638\" data-end=\"852\">H\u00e5ndlaget kvalitet. Hvert lys har sitt eget uttrykk<\/li>\n<\/ul>\n<p data-start=\"859\" data-end=\"1176\"><strong data-start=\"862\" data-end=\"877\">Om skaperen: <\/strong>Lysene er laget av Mila Noire Candles, et lite Oslo-basert studio som lager h\u00e5ndlagde lys i sm\u00e5 serier. Her blir hvert lys designet, dyppet og pakket for h\u00e5nd, med fokus p\u00e5 kvalitet, detaljer og design. N\u00e5r du kj\u00f8per disse lysene, st\u00f8tter du ekte h\u00e5ndverk laget med varme og omtanke.<\/p>\n<p><strong>P\u00e5 lager i starten av oktober<\/strong><\/p>\n<p>&nbsp;<\/p>","protected":false},"excerpt":{"rendered":"<p>Pakke med tre h\u00e5nddekorerte lys i pastellfarger<\/p>","protected":false},"featured_media":2418,"comment_status":"closed","ping_status":"closed","template":"","meta":[],"product_brand":[],"product_cat":[142,146],"product_tag":[144,145],"class_list":{"0":"post-2415","1":"product","2":"type-product","3":"status-publish","4":"has-post-thumbnail","6":"product_cat-alt-annet","7":"product_cat-lys","8":"product_tag-hygge","9":"product_tag-lys","10":"product_shipping_class-norge","12":"first","13":"instock","14":"taxable","15":"shipping-taxable","16":"purchasable","17":"product-type-simple"},"bundled_by":[],"bundle_stock_status":"instock","bundle_stock_quantity":3,"bundle_virtual":false,"bundle_layout":"","bundle_add_to_cart_form_location":"","bundle_editable_in_cart":false,"bundle_sold_individually_context":"","bundle_item_grouping":"","bundle_min_size":"","bundle_max_size":"","bundle_price":[],"bundled_items":[],"bundle_sell_ids":[],"exclude_global_add_ons":[],"addons":[],"yoast_head":"<!-- This site is optimized with the Yoast SEO plugin v27.5 - https:\/\/yoast.com\/product\/yoast-seo-wordpress\/ -->\n<title>Pastell kronelys - Pakke med 3 stk | Poppyshoppen<\/title>\n<meta name=\"description\" content=\"Skap en koselig stemning i hjemmet med v\u00e5re pastell kronelys! De delikate fargene er lett \u00e5 kombinere med de fleste interi\u00f8r.\" \/>\n<meta name=\"robots\" content=\"index, follow, max-snippet:-1, max-image-preview:large, max-video-preview:-1\" \/>\n<link rel=\"canonical\" href=\"https:\/\/poppyshoppen.no\/en\/product\/pastell-kronelys-pakke-med-3-stk\/\" \/>\n<meta property=\"og:locale\" content=\"en_US\" \/>\n<meta property=\"og:type\" content=\"article\" \/>\n<meta property=\"og:title\" content=\"Pastell kronelys - Pakke med 3 stk | Poppyshoppen\" \/>\n<meta property=\"og:description\" content=\"Skap en koselig stemning i hjemmet med v\u00e5re pastell kronelys! De delikate fargene er lett \u00e5 kombinere med de fleste interi\u00f8r.\" \/>\n<meta property=\"og:url\" content=\"https:\/\/poppyshoppen.no\/en\/product\/pastell-kronelys-pakke-med-3-stk\/\" \/>\n<meta property=\"og:site_name\" content=\"Poppyshoppen\" \/>\n<meta property=\"article:publisher\" content=\"https:\/\/www.facebook.com\/profile.php?id=61558460251190\" \/>\n<meta property=\"article:modified_time\" content=\"2026-04-23T09:27:26+00:00\" \/>\n<meta property=\"og:image\" content=\"https:\/\/poppyshoppen.no\/wp-content\/uploads\/2025\/09\/poppydesign-lys-pastellfarger-1.webp\" \/>\n\t<meta property=\"og:image:width\" content=\"1440\" \/>\n\t<meta property=\"og:image:height\" content=\"1440\" \/>\n\t<meta property=\"og:image:type\" content=\"image\/webp\" \/>\n<meta name=\"twitter:card\" content=\"summary_large_image\" \/>\n<meta name=\"twitter:label1\" content=\"Est. reading time\" \/>\n\t<meta name=\"twitter:data1\" content=\"2 minutes\" \/>\n<script type=\"application\/ld+json\" class=\"yoast-schema-graph\">{\"@context\":\"https:\\\/\\\/schema.org\",\"@graph\":[{\"@type\":\"WebPage\",\"@id\":\"https:\\\/\\\/poppyshoppen.no\\\/produkt\\\/pastell-kronelys-pakke-med-3-stk\\\/\",\"url\":\"https:\\\/\\\/poppyshoppen.no\\\/produkt\\\/pastell-kronelys-pakke-med-3-stk\\\/\",\"name\":\"Pastell kronelys - Pakke med 3 stk | Poppyshoppen\",\"isPartOf\":{\"@id\":\"https:\\\/\\\/poppyshoppen.no\\\/#website\"},\"primaryImageOfPage\":{\"@id\":\"https:\\\/\\\/poppyshoppen.no\\\/produkt\\\/pastell-kronelys-pakke-med-3-stk\\\/#primaryimage\"},\"image\":{\"@id\":\"https:\\\/\\\/poppyshoppen.no\\\/produkt\\\/pastell-kronelys-pakke-med-3-stk\\\/#primaryimage\"},\"thumbnailUrl\":\"https:\\\/\\\/poppyshoppen.no\\\/wp-content\\\/uploads\\\/2025\\\/09\\\/poppydesign-lys-pastellfarger-1.webp\",\"datePublished\":\"2025-09-18T17:52:45+00:00\",\"dateModified\":\"2026-04-23T09:27:26+00:00\",\"description\":\"Skap en koselig stemning i hjemmet med v\u00e5re pastell kronelys! De delikate fargene er lett \u00e5 kombinere med de fleste interi\u00f8r.\",\"breadcrumb\":{\"@id\":\"https:\\\/\\\/poppyshoppen.no\\\/produkt\\\/pastell-kronelys-pakke-med-3-stk\\\/#breadcrumb\"},\"inLanguage\":\"en-US\",\"potentialAction\":[{\"@type\":\"ReadAction\",\"target\":[\"https:\\\/\\\/poppyshoppen.no\\\/produkt\\\/pastell-kronelys-pakke-med-3-stk\\\/\"]}]},{\"@type\":\"ImageObject\",\"inLanguage\":\"en-US\",\"@id\":\"https:\\\/\\\/poppyshoppen.no\\\/produkt\\\/pastell-kronelys-pakke-med-3-stk\\\/#primaryimage\",\"url\":\"https:\\\/\\\/poppyshoppen.no\\\/wp-content\\\/uploads\\\/2025\\\/09\\\/poppydesign-lys-pastellfarger-1.webp\",\"contentUrl\":\"https:\\\/\\\/poppyshoppen.no\\\/wp-content\\\/uploads\\\/2025\\\/09\\\/poppydesign-lys-pastellfarger-1.webp\",\"width\":1440,\"height\":1440,\"caption\":\"Pakke med tre lys i pastellfarger fra Mila Noire\"},{\"@type\":\"BreadcrumbList\",\"@id\":\"https:\\\/\\\/poppyshoppen.no\\\/produkt\\\/pastell-kronelys-pakke-med-3-stk\\\/#breadcrumb\",\"itemListElement\":[{\"@type\":\"ListItem\",\"position\":1,\"name\":\"Hjem\",\"item\":\"https:\\\/\\\/poppyshoppen.no\\\/\"},{\"@type\":\"ListItem\",\"position\":2,\"name\":\"Shop\",\"item\":\"https:\\\/\\\/poppyshoppen.no\\\/shop\\\/\"},{\"@type\":\"ListItem\",\"position\":3,\"name\":\"Pastell kronelys &#8211; Pakke med 3 stk\"}]},{\"@type\":\"WebSite\",\"@id\":\"https:\\\/\\\/poppyshoppen.no\\\/#website\",\"url\":\"https:\\\/\\\/poppyshoppen.no\\\/\",\"name\":\"Poppyshoppen\",\"description\":\"Gj\u00f8r hverdagen litt mer fargerik\",\"publisher\":{\"@id\":\"https:\\\/\\\/poppyshoppen.no\\\/#organization\"},\"potentialAction\":[{\"@type\":\"SearchAction\",\"target\":{\"@type\":\"EntryPoint\",\"urlTemplate\":\"https:\\\/\\\/poppyshoppen.no\\\/?s={search_term_string}\"},\"query-input\":{\"@type\":\"PropertyValueSpecification\",\"valueRequired\":true,\"valueName\":\"search_term_string\"}}],\"inLanguage\":\"en-US\"},{\"@type\":\"Organization\",\"@id\":\"https:\\\/\\\/poppyshoppen.no\\\/#organization\",\"name\":\"Poppyshoppen\",\"url\":\"https:\\\/\\\/poppyshoppen.no\\\/\",\"logo\":{\"@type\":\"ImageObject\",\"inLanguage\":\"en-US\",\"@id\":\"https:\\\/\\\/poppyshoppen.no\\\/#\\\/schema\\\/logo\\\/image\\\/\",\"url\":\"https:\\\/\\\/poppyshoppen.no\\\/wp-content\\\/uploads\\\/2024\\\/08\\\/cropped-poppyshoppen-logoikon.png\",\"contentUrl\":\"https:\\\/\\\/poppyshoppen.no\\\/wp-content\\\/uploads\\\/2024\\\/08\\\/cropped-poppyshoppen-logoikon.png\",\"width\":512,\"height\":512,\"caption\":\"Poppyshoppen\"},\"image\":{\"@id\":\"https:\\\/\\\/poppyshoppen.no\\\/#\\\/schema\\\/logo\\\/image\\\/\"},\"sameAs\":[\"https:\\\/\\\/www.facebook.com\\\/profile.php?id=61558460251190\",\"https:\\\/\\\/www.instagram.com\\\/poppyshoppen_no\\\/\"]}]}<\/script>\n<!-- \/ Yoast SEO plugin. -->","yoast_head_json":{"title":"Pastell kronelys - Pakke med 3 stk | Poppyshoppen","description":"Skap en koselig stemning i hjemmet med v\u00e5re pastell kronelys! De delikate fargene er lett \u00e5 kombinere med de fleste interi\u00f8r.","robots":{"index":"index","follow":"follow","max-snippet":"max-snippet:-1","max-image-preview":"max-image-preview:large","max-video-preview":"max-video-preview:-1"},"canonical":"https:\/\/poppyshoppen.no\/en\/product\/pastell-kronelys-pakke-med-3-stk\/","og_locale":"en_US","og_type":"article","og_title":"Pastell kronelys - Pakke med 3 stk | Poppyshoppen","og_description":"Skap en koselig stemning i hjemmet med v\u00e5re pastell kronelys! De delikate fargene er lett \u00e5 kombinere med de fleste interi\u00f8r.","og_url":"https:\/\/poppyshoppen.no\/en\/product\/pastell-kronelys-pakke-med-3-stk\/","og_site_name":"Poppyshoppen","article_publisher":"https:\/\/www.facebook.com\/profile.php?id=61558460251190","article_modified_time":"2026-04-23T09:27:26+00:00","og_image":[{"width":1440,"height":1440,"url":"https:\/\/poppyshoppen.no\/wp-content\/uploads\/2025\/09\/poppydesign-lys-pastellfarger-1.webp","type":"image\/webp"}],"twitter_card":"summary_large_image","twitter_misc":{"Est. reading time":"2 minutes"},"schema":{"@context":"https:\/\/schema.org","@graph":[{"@type":"WebPage","@id":"https:\/\/poppyshoppen.no\/produkt\/pastell-kronelys-pakke-med-3-stk\/","url":"https:\/\/poppyshoppen.no\/produkt\/pastell-kronelys-pakke-med-3-stk\/","name":"Pastell kronelys - Pakke med 3 stk | Poppyshoppen","isPartOf":{"@id":"https:\/\/poppyshoppen.no\/#website"},"primaryImageOfPage":{"@id":"https:\/\/poppyshoppen.no\/produkt\/pastell-kronelys-pakke-med-3-stk\/#primaryimage"},"image":{"@id":"https:\/\/poppyshoppen.no\/produkt\/pastell-kronelys-pakke-med-3-stk\/#primaryimage"},"thumbnailUrl":"https:\/\/poppyshoppen.no\/wp-content\/uploads\/2025\/09\/poppydesign-lys-pastellfarger-1.webp","datePublished":"2025-09-18T17:52:45+00:00","dateModified":"2026-04-23T09:27:26+00:00","description":"Skap en koselig stemning i hjemmet med v\u00e5re pastell kronelys! De delikate fargene er lett \u00e5 kombinere med de fleste interi\u00f8r.","breadcrumb":{"@id":"https:\/\/poppyshoppen.no\/produkt\/pastell-kronelys-pakke-med-3-stk\/#breadcrumb"},"inLanguage":"en-US","potentialAction":[{"@type":"ReadAction","target":["https:\/\/poppyshoppen.no\/produkt\/pastell-kronelys-pakke-med-3-stk\/"]}]},{"@type":"ImageObject","inLanguage":"en-US","@id":"https:\/\/poppyshoppen.no\/produkt\/pastell-kronelys-pakke-med-3-stk\/#primaryimage","url":"https:\/\/poppyshoppen.no\/wp-content\/uploads\/2025\/09\/poppydesign-lys-pastellfarger-1.webp","contentUrl":"https:\/\/poppyshoppen.no\/wp-content\/uploads\/2025\/09\/poppydesign-lys-pastellfarger-1.webp","width":1440,"height":1440,"caption":"Pakke med tre lys i pastellfarger fra Mila Noire"},{"@type":"BreadcrumbList","@id":"https:\/\/poppyshoppen.no\/produkt\/pastell-kronelys-pakke-med-3-stk\/#breadcrumb","itemListElement":[{"@type":"ListItem","position":1,"name":"Hjem","item":"https:\/\/poppyshoppen.no\/"},{"@type":"ListItem","position":2,"name":"Shop","item":"https:\/\/poppyshoppen.no\/shop\/"},{"@type":"ListItem","position":3,"name":"Pastell kronelys &#8211; Pakke med 3 stk"}]},{"@type":"WebSite","@id":"https:\/\/poppyshoppen.no\/#website","url":"https:\/\/poppyshoppen.no\/","name":"Poppyshoppen","description":"Gj\u00f8r hverdagen litt mer fargerik","publisher":{"@id":"https:\/\/poppyshoppen.no\/#organization"},"potentialAction":[{"@type":"SearchAction","target":{"@type":"EntryPoint","urlTemplate":"https:\/\/poppyshoppen.no\/?s={search_term_string}"},"query-input":{"@type":"PropertyValueSpecification","valueRequired":true,"valueName":"search_term_string"}}],"inLanguage":"en-US"},{"@type":"Organization","@id":"https:\/\/poppyshoppen.no\/#organization","name":"Poppyshoppen","url":"https:\/\/poppyshoppen.no\/","logo":{"@type":"ImageObject","inLanguage":"en-US","@id":"https:\/\/poppyshoppen.no\/#\/schema\/logo\/image\/","url":"https:\/\/poppyshoppen.no\/wp-content\/uploads\/2024\/08\/cropped-poppyshoppen-logoikon.png","contentUrl":"https:\/\/poppyshoppen.no\/wp-content\/uploads\/2024\/08\/cropped-poppyshoppen-logoikon.png","width":512,"height":512,"caption":"Poppyshoppen"},"image":{"@id":"https:\/\/poppyshoppen.no\/#\/schema\/logo\/image\/"},"sameAs":["https:\/\/www.facebook.com\/profile.php?id=61558460251190","https:\/\/www.instagram.com\/poppyshoppen_no\/"]}]}},"jetpack_sharing_enabled":true,"_links":{"self":[{"href":"https:\/\/poppyshoppen.no\/en\/wp-json\/wp\/v2\/product\/2415","targetHints":{"allow":["GET"]}}],"collection":[{"href":"https:\/\/poppyshoppen.no\/en\/wp-json\/wp\/v2\/product"}],"about":[{"href":"https:\/\/poppyshoppen.no\/en\/wp-json\/wp\/v2\/types\/product"}],"replies":[{"embeddable":true,"href":"https:\/\/poppyshoppen.no\/en\/wp-json\/wp\/v2\/comments?post=2415"}],"wp:featuredmedia":[{"embeddable":true,"href":"https:\/\/poppyshoppen.no\/en\/wp-json\/wp\/v2\/media\/2418"}],"wp:attachment":[{"href":"https:\/\/poppyshoppen.no\/en\/wp-json\/wp\/v2\/media?parent=2415"}],"wp:term":[{"taxonomy":"product_brand","embeddable":true,"href":"https:\/\/poppyshoppen.no\/en\/wp-json\/wp\/v2\/product_brand?post=2415"},{"taxonomy":"product_cat","embeddable":true,"href":"https:\/\/poppyshoppen.no\/en\/wp-json\/wp\/v2\/product_cat?post=2415"},{"taxonomy":"product_tag","embeddable":true,"href":"https:\/\/poppyshoppen.no\/en\/wp-json\/wp\/v2\/product_tag?post=2415"}],"curies":[{"name":"wp","href":"https:\/\/api.w.org\/{rel}","templated":true}]}}