{"id":2419,"date":"2025-09-18T19:17:18","date_gmt":"2025-09-18T18:17:18","guid":{"rendered":"https:\/\/poppyshoppen.no\/?post_type=product&#038;p=2419"},"modified":"2025-09-22T20:39:08","modified_gmt":"2025-09-22T19:39:08","slug":"rosa-swirl-kronelys","status":"publish","type":"product","link":"https:\/\/poppyshoppen.no\/en\/product\/rosa-swirl-kronelys\/","title":{"rendered":"Rosa swirl kronelys"},"content":{"rendered":"<p data-start=\"179\" data-end=\"417\">De rosa swirl-lysene fra Mila Noire Candles er sm\u00e5 kunstverk i seg selv, ofte omtalt som <em data-start=\"297\" data-end=\"319\">\u201ctoo pretty to burn\u201d<\/em>. De er dekorert for h\u00e5nd i Oslo, og det vakre marmoraktige m\u00f8nsteret gj\u00f8r hvert lys helt unikt. Perfekt som gave til de som liker fargerike lys, eller som et dekor i hjemmet ditt. Siden lysene lages individuelt, vil fargenes intensitet og m\u00f8nster variere, noe som gir dem ekstra sjarm.<\/p>\n<p data-start=\"179\" data-end=\"417\">St\u00f8rrelse: 20 cm x 2,2 cm<\/p>\n<p data-start=\"179\" data-end=\"417\">1 stk (ikke 4 stk som p\u00e5 bildet)<\/p>\n<p data-start=\"859\" data-end=\"1176\"><strong data-start=\"862\" data-end=\"877\">Om skaperen: <\/strong>Lysene er laget av Mila Noire Candles, et lite Oslo-basert studio som lager h\u00e5ndlagde lys i sm\u00e5 serier. Her blir hvert lys designet, dyppet og pakket for h\u00e5nd, med fokus p\u00e5 kvalitet, detaljer og design. N\u00e5r du kj\u00f8per disse lysene, st\u00f8tter du ekte h\u00e5ndverk laget med varme og omtanke.<\/p>\n<p><strong>P\u00e5 lager i starten av oktober<\/strong><\/p>\n<p>&nbsp;<\/p>","protected":false},"excerpt":{"rendered":"<p>Rosa swirl kronelys fra Mila Noire<\/p>","protected":false},"featured_media":2422,"comment_status":"closed","ping_status":"closed","template":"","meta":[],"product_brand":[],"product_cat":[142,119,146],"product_tag":[144,145],"class_list":{"0":"post-2419","1":"product","2":"type-product","3":"status-publish","4":"has-post-thumbnail","6":"product_cat-alt-annet","7":"product_cat-hygge","8":"product_cat-lys","9":"product_tag-hygge","10":"product_tag-lys","11":"product_shipping_class-kort","13":"first","14":"instock","15":"taxable","16":"shipping-taxable","17":"purchasable","18":"product-type-simple"},"bundled_by":[],"bundle_stock_status":"instock","bundle_stock_quantity":15,"bundle_virtual":false,"bundle_layout":"","bundle_add_to_cart_form_location":"","bundle_editable_in_cart":false,"bundle_sold_individually_context":"","bundle_item_grouping":"","bundle_min_size":"","bundle_max_size":"","bundle_price":[],"bundled_items":[],"bundle_sell_ids":[],"exclude_global_add_ons":[],"addons":[],"yoast_head":"<!-- This site is optimized with the Yoast SEO plugin v27.5 - https:\/\/yoast.com\/product\/yoast-seo-wordpress\/ -->\n<title>Rosa swirl kronelys | Poppyshoppen<\/title>\n<meta name=\"description\" content=\"Lys opp tilv\u00e6relsen med de unike rosa stearinlysene fra Mila Noire. H\u00e5ndlaget i Oslo og ideelle som gaver til alle anledninger!\" \/>\n<meta name=\"robots\" content=\"index, follow, max-snippet:-1, max-image-preview:large, max-video-preview:-1\" \/>\n<link rel=\"canonical\" href=\"https:\/\/poppyshoppen.no\/en\/product\/rosa-swirl-kronelys\/\" \/>\n<meta property=\"og:locale\" content=\"en_US\" \/>\n<meta property=\"og:type\" content=\"article\" \/>\n<meta property=\"og:title\" content=\"Rosa swirl kronelys | Poppyshoppen\" \/>\n<meta property=\"og:description\" content=\"Lys opp tilv\u00e6relsen med de unike rosa stearinlysene fra Mila Noire. H\u00e5ndlaget i Oslo og ideelle som gaver til alle anledninger!\" \/>\n<meta property=\"og:url\" content=\"https:\/\/poppyshoppen.no\/en\/product\/rosa-swirl-kronelys\/\" \/>\n<meta property=\"og:site_name\" content=\"Poppyshoppen\" \/>\n<meta property=\"article:publisher\" content=\"https:\/\/www.facebook.com\/profile.php?id=61558460251190\" \/>\n<meta property=\"article:modified_time\" content=\"2025-09-22T19:39:08+00:00\" \/>\n<meta property=\"og:image\" content=\"https:\/\/poppyshoppen.no\/wp-content\/uploads\/2025\/09\/poppydesign-lys-rosa-swirl.webp\" \/>\n\t<meta property=\"og:image:width\" content=\"1440\" \/>\n\t<meta property=\"og:image:height\" content=\"1440\" \/>\n\t<meta property=\"og:image:type\" content=\"image\/webp\" \/>\n<meta name=\"twitter:card\" content=\"summary_large_image\" \/>\n<meta name=\"twitter:label1\" content=\"Est. reading time\" \/>\n\t<meta name=\"twitter:data1\" content=\"1 minute\" \/>\n<script type=\"application\/ld+json\" class=\"yoast-schema-graph\">{\"@context\":\"https:\\\/\\\/schema.org\",\"@graph\":[{\"@type\":\"WebPage\",\"@id\":\"https:\\\/\\\/poppyshoppen.no\\\/produkt\\\/rosa-swirl-kronelys\\\/\",\"url\":\"https:\\\/\\\/poppyshoppen.no\\\/produkt\\\/rosa-swirl-kronelys\\\/\",\"name\":\"Rosa swirl kronelys | Poppyshoppen\",\"isPartOf\":{\"@id\":\"https:\\\/\\\/poppyshoppen.no\\\/#website\"},\"primaryImageOfPage\":{\"@id\":\"https:\\\/\\\/poppyshoppen.no\\\/produkt\\\/rosa-swirl-kronelys\\\/#primaryimage\"},\"image\":{\"@id\":\"https:\\\/\\\/poppyshoppen.no\\\/produkt\\\/rosa-swirl-kronelys\\\/#primaryimage\"},\"thumbnailUrl\":\"https:\\\/\\\/poppyshoppen.no\\\/wp-content\\\/uploads\\\/2025\\\/09\\\/poppydesign-lys-rosa-swirl.webp\",\"datePublished\":\"2025-09-18T18:17:18+00:00\",\"dateModified\":\"2025-09-22T19:39:08+00:00\",\"description\":\"Lys opp tilv\u00e6relsen med de unike rosa stearinlysene fra Mila Noire. H\u00e5ndlaget i Oslo og ideelle som gaver til alle anledninger!\",\"breadcrumb\":{\"@id\":\"https:\\\/\\\/poppyshoppen.no\\\/produkt\\\/rosa-swirl-kronelys\\\/#breadcrumb\"},\"inLanguage\":\"en-US\",\"potentialAction\":[{\"@type\":\"ReadAction\",\"target\":[\"https:\\\/\\\/poppyshoppen.no\\\/produkt\\\/rosa-swirl-kronelys\\\/\"]}]},{\"@type\":\"ImageObject\",\"inLanguage\":\"en-US\",\"@id\":\"https:\\\/\\\/poppyshoppen.no\\\/produkt\\\/rosa-swirl-kronelys\\\/#primaryimage\",\"url\":\"https:\\\/\\\/poppyshoppen.no\\\/wp-content\\\/uploads\\\/2025\\\/09\\\/poppydesign-lys-rosa-swirl.webp\",\"contentUrl\":\"https:\\\/\\\/poppyshoppen.no\\\/wp-content\\\/uploads\\\/2025\\\/09\\\/poppydesign-lys-rosa-swirl.webp\",\"width\":1440,\"height\":1440,\"caption\":\"Rosa kronelys med swirl\"},{\"@type\":\"BreadcrumbList\",\"@id\":\"https:\\\/\\\/poppyshoppen.no\\\/produkt\\\/rosa-swirl-kronelys\\\/#breadcrumb\",\"itemListElement\":[{\"@type\":\"ListItem\",\"position\":1,\"name\":\"Hjem\",\"item\":\"https:\\\/\\\/poppyshoppen.no\\\/\"},{\"@type\":\"ListItem\",\"position\":2,\"name\":\"Shop\",\"item\":\"https:\\\/\\\/poppyshoppen.no\\\/shop\\\/\"},{\"@type\":\"ListItem\",\"position\":3,\"name\":\"Rosa swirl kronelys\"}]},{\"@type\":\"WebSite\",\"@id\":\"https:\\\/\\\/poppyshoppen.no\\\/#website\",\"url\":\"https:\\\/\\\/poppyshoppen.no\\\/\",\"name\":\"Poppyshoppen\",\"description\":\"Gj\u00f8r hverdagen litt mer fargerik\",\"publisher\":{\"@id\":\"https:\\\/\\\/poppyshoppen.no\\\/#organization\"},\"potentialAction\":[{\"@type\":\"SearchAction\",\"target\":{\"@type\":\"EntryPoint\",\"urlTemplate\":\"https:\\\/\\\/poppyshoppen.no\\\/?s={search_term_string}\"},\"query-input\":{\"@type\":\"PropertyValueSpecification\",\"valueRequired\":true,\"valueName\":\"search_term_string\"}}],\"inLanguage\":\"en-US\"},{\"@type\":\"Organization\",\"@id\":\"https:\\\/\\\/poppyshoppen.no\\\/#organization\",\"name\":\"Poppyshoppen\",\"url\":\"https:\\\/\\\/poppyshoppen.no\\\/\",\"logo\":{\"@type\":\"ImageObject\",\"inLanguage\":\"en-US\",\"@id\":\"https:\\\/\\\/poppyshoppen.no\\\/#\\\/schema\\\/logo\\\/image\\\/\",\"url\":\"https:\\\/\\\/poppyshoppen.no\\\/wp-content\\\/uploads\\\/2024\\\/08\\\/cropped-poppyshoppen-logoikon.png\",\"contentUrl\":\"https:\\\/\\\/poppyshoppen.no\\\/wp-content\\\/uploads\\\/2024\\\/08\\\/cropped-poppyshoppen-logoikon.png\",\"width\":512,\"height\":512,\"caption\":\"Poppyshoppen\"},\"image\":{\"@id\":\"https:\\\/\\\/poppyshoppen.no\\\/#\\\/schema\\\/logo\\\/image\\\/\"},\"sameAs\":[\"https:\\\/\\\/www.facebook.com\\\/profile.php?id=61558460251190\",\"https:\\\/\\\/www.instagram.com\\\/poppyshoppen_no\\\/\"]}]}<\/script>\n<!-- \/ Yoast SEO plugin. -->","yoast_head_json":{"title":"Rosa swirl kronelys | Poppyshoppen","description":"Lys opp tilv\u00e6relsen med de unike rosa stearinlysene fra Mila Noire. H\u00e5ndlaget i Oslo og ideelle som gaver til alle anledninger!","robots":{"index":"index","follow":"follow","max-snippet":"max-snippet:-1","max-image-preview":"max-image-preview:large","max-video-preview":"max-video-preview:-1"},"canonical":"https:\/\/poppyshoppen.no\/en\/product\/rosa-swirl-kronelys\/","og_locale":"en_US","og_type":"article","og_title":"Rosa swirl kronelys | Poppyshoppen","og_description":"Lys opp tilv\u00e6relsen med de unike rosa stearinlysene fra Mila Noire. H\u00e5ndlaget i Oslo og ideelle som gaver til alle anledninger!","og_url":"https:\/\/poppyshoppen.no\/en\/product\/rosa-swirl-kronelys\/","og_site_name":"Poppyshoppen","article_publisher":"https:\/\/www.facebook.com\/profile.php?id=61558460251190","article_modified_time":"2025-09-22T19:39:08+00:00","og_image":[{"width":1440,"height":1440,"url":"https:\/\/poppyshoppen.no\/wp-content\/uploads\/2025\/09\/poppydesign-lys-rosa-swirl.webp","type":"image\/webp"}],"twitter_card":"summary_large_image","twitter_misc":{"Est. reading time":"1 minute"},"schema":{"@context":"https:\/\/schema.org","@graph":[{"@type":"WebPage","@id":"https:\/\/poppyshoppen.no\/produkt\/rosa-swirl-kronelys\/","url":"https:\/\/poppyshoppen.no\/produkt\/rosa-swirl-kronelys\/","name":"Rosa swirl kronelys | Poppyshoppen","isPartOf":{"@id":"https:\/\/poppyshoppen.no\/#website"},"primaryImageOfPage":{"@id":"https:\/\/poppyshoppen.no\/produkt\/rosa-swirl-kronelys\/#primaryimage"},"image":{"@id":"https:\/\/poppyshoppen.no\/produkt\/rosa-swirl-kronelys\/#primaryimage"},"thumbnailUrl":"https:\/\/poppyshoppen.no\/wp-content\/uploads\/2025\/09\/poppydesign-lys-rosa-swirl.webp","datePublished":"2025-09-18T18:17:18+00:00","dateModified":"2025-09-22T19:39:08+00:00","description":"Lys opp tilv\u00e6relsen med de unike rosa stearinlysene fra Mila Noire. H\u00e5ndlaget i Oslo og ideelle som gaver til alle anledninger!","breadcrumb":{"@id":"https:\/\/poppyshoppen.no\/produkt\/rosa-swirl-kronelys\/#breadcrumb"},"inLanguage":"en-US","potentialAction":[{"@type":"ReadAction","target":["https:\/\/poppyshoppen.no\/produkt\/rosa-swirl-kronelys\/"]}]},{"@type":"ImageObject","inLanguage":"en-US","@id":"https:\/\/poppyshoppen.no\/produkt\/rosa-swirl-kronelys\/#primaryimage","url":"https:\/\/poppyshoppen.no\/wp-content\/uploads\/2025\/09\/poppydesign-lys-rosa-swirl.webp","contentUrl":"https:\/\/poppyshoppen.no\/wp-content\/uploads\/2025\/09\/poppydesign-lys-rosa-swirl.webp","width":1440,"height":1440,"caption":"Rosa kronelys med swirl"},{"@type":"BreadcrumbList","@id":"https:\/\/poppyshoppen.no\/produkt\/rosa-swirl-kronelys\/#breadcrumb","itemListElement":[{"@type":"ListItem","position":1,"name":"Hjem","item":"https:\/\/poppyshoppen.no\/"},{"@type":"ListItem","position":2,"name":"Shop","item":"https:\/\/poppyshoppen.no\/shop\/"},{"@type":"ListItem","position":3,"name":"Rosa swirl kronelys"}]},{"@type":"WebSite","@id":"https:\/\/poppyshoppen.no\/#website","url":"https:\/\/poppyshoppen.no\/","name":"Poppyshoppen","description":"Gj\u00f8r hverdagen litt mer fargerik","publisher":{"@id":"https:\/\/poppyshoppen.no\/#organization"},"potentialAction":[{"@type":"SearchAction","target":{"@type":"EntryPoint","urlTemplate":"https:\/\/poppyshoppen.no\/?s={search_term_string}"},"query-input":{"@type":"PropertyValueSpecification","valueRequired":true,"valueName":"search_term_string"}}],"inLanguage":"en-US"},{"@type":"Organization","@id":"https:\/\/poppyshoppen.no\/#organization","name":"Poppyshoppen","url":"https:\/\/poppyshoppen.no\/","logo":{"@type":"ImageObject","inLanguage":"en-US","@id":"https:\/\/poppyshoppen.no\/#\/schema\/logo\/image\/","url":"https:\/\/poppyshoppen.no\/wp-content\/uploads\/2024\/08\/cropped-poppyshoppen-logoikon.png","contentUrl":"https:\/\/poppyshoppen.no\/wp-content\/uploads\/2024\/08\/cropped-poppyshoppen-logoikon.png","width":512,"height":512,"caption":"Poppyshoppen"},"image":{"@id":"https:\/\/poppyshoppen.no\/#\/schema\/logo\/image\/"},"sameAs":["https:\/\/www.facebook.com\/profile.php?id=61558460251190","https:\/\/www.instagram.com\/poppyshoppen_no\/"]}]}},"jetpack_sharing_enabled":true,"_links":{"self":[{"href":"https:\/\/poppyshoppen.no\/en\/wp-json\/wp\/v2\/product\/2419","targetHints":{"allow":["GET"]}}],"collection":[{"href":"https:\/\/poppyshoppen.no\/en\/wp-json\/wp\/v2\/product"}],"about":[{"href":"https:\/\/poppyshoppen.no\/en\/wp-json\/wp\/v2\/types\/product"}],"replies":[{"embeddable":true,"href":"https:\/\/poppyshoppen.no\/en\/wp-json\/wp\/v2\/comments?post=2419"}],"wp:featuredmedia":[{"embeddable":true,"href":"https:\/\/poppyshoppen.no\/en\/wp-json\/wp\/v2\/media\/2422"}],"wp:attachment":[{"href":"https:\/\/poppyshoppen.no\/en\/wp-json\/wp\/v2\/media?parent=2419"}],"wp:term":[{"taxonomy":"product_brand","embeddable":true,"href":"https:\/\/poppyshoppen.no\/en\/wp-json\/wp\/v2\/product_brand?post=2419"},{"taxonomy":"product_cat","embeddable":true,"href":"https:\/\/poppyshoppen.no\/en\/wp-json\/wp\/v2\/product_cat?post=2419"},{"taxonomy":"product_tag","embeddable":true,"href":"https:\/\/poppyshoppen.no\/en\/wp-json\/wp\/v2\/product_tag?post=2419"}],"curies":[{"name":"wp","href":"https:\/\/api.w.org\/{rel}","templated":true}]}}