{"id":2424,"date":"2025-09-18T19:33:39","date_gmt":"2025-09-18T18:33:39","guid":{"rendered":"https:\/\/poppyshoppen.no\/?post_type=product&#038;p=2424"},"modified":"2025-09-22T20:39:42","modified_gmt":"2025-09-22T19:39:42","slug":"kronelys-autumn-vibes","status":"publish","type":"product","link":"https:\/\/poppyshoppen.no\/en\/product\/kronelys-autumn-vibes\/","title":{"rendered":"Kronelys Autumn Vibes"},"content":{"rendered":"<p data-start=\"171\" data-end=\"474\">Dette h\u00e5ndlagde kronelyset fra Nordtrice Candles er designet i K\u00f8benhavn med en tydelig skandinavisk stil og h\u00f8stens varme farger. Med burgunder og oransje toner gir det en lun og stemningsfull atmosf\u00e6re, perfekt som et dekorativt innslag p\u00e5 middagsbordet, i vinduskarmen eller som en liten gave.<\/p>\n<p data-start=\"476\" data-end=\"609\">Laget av 100 % naturlig stearin med standard kronelysbase (2,1 cm), passer lyset i de fleste lysestaker og brenner i ca. 6\u20137 timer.<\/p>\n<ul>\n<li data-start=\"611\" data-end=\"739\">H\u00f8stlige farger \u2013 burgunder og oransje<\/li>\n<li data-start=\"611\" data-end=\"739\">H\u00e5ndlaget i K\u00f8benhavn, Danmark<\/li>\n<li data-start=\"611\" data-end=\"739\">Brennetid: ca. 6\u20137 timer | Diameter: 2,1 cm<\/li>\n<\/ul>\n<p><strong>Om skaperene:<\/strong> Nordtrice er et lite, kvinnestyrt lysmakeri og designstudio med base i K\u00f8benhavn. Her lages fargerike og unike lys, ingen er helt like, med kj\u00e6rlighet til skandinavisk tidl\u00f8st design. Alle lysene h\u00e5ndlages i det lille verkstedet deres i S\u00f8borg, rett utenfor K\u00f8benhavn. Resultatet er en kombinasjon av farger, dufter og ekte h\u00e5ndverk som b\u00e5de sprer glede og skaper ekte hygge!<\/p>\n<p>&nbsp;<\/p>","protected":false},"excerpt":{"rendered":"<p>Kronelys &laquo;Autumn Vibes&raquo; i burgunder og oransje fra Nordtrice<\/p>","protected":false},"featured_media":2425,"comment_status":"closed","ping_status":"closed","template":"","meta":[],"product_brand":[],"product_cat":[142,119,146],"product_tag":[144,145],"class_list":{"0":"post-2424","1":"product","2":"type-product","3":"status-publish","4":"has-post-thumbnail","6":"product_cat-alt-annet","7":"product_cat-hygge","8":"product_cat-lys","9":"product_tag-hygge","10":"product_tag-lys","11":"product_shipping_class-kort","13":"first","14":"instock","15":"taxable","16":"shipping-taxable","17":"purchasable","18":"product-type-simple"},"bundled_by":[],"bundle_stock_status":"instock","bundle_stock_quantity":8,"bundle_virtual":false,"bundle_layout":"","bundle_add_to_cart_form_location":"","bundle_editable_in_cart":false,"bundle_sold_individually_context":"","bundle_item_grouping":"","bundle_min_size":"","bundle_max_size":"","bundle_price":[],"bundled_items":[],"bundle_sell_ids":[],"exclude_global_add_ons":[],"addons":[],"yoast_head":"<!-- This site is optimized with the Yoast SEO plugin v27.5 - https:\/\/yoast.com\/product\/yoast-seo-wordpress\/ -->\n<title>Kronelys Autumn Vibes | Poppyshoppen<\/title>\n<meta name=\"description\" content=\"Pynt opp hjemmet ditt med Kronelys fra danske Nordtrice, et dekorativt lys i vakre h\u00f8stfarger! H\u00e5ndlagede lys i vakre h\u00f8lstfarger.\" \/>\n<meta name=\"robots\" content=\"index, follow, max-snippet:-1, max-image-preview:large, max-video-preview:-1\" \/>\n<link rel=\"canonical\" href=\"https:\/\/poppyshoppen.no\/en\/product\/kronelys-autumn-vibes\/\" \/>\n<meta property=\"og:locale\" content=\"en_US\" \/>\n<meta property=\"og:type\" content=\"article\" \/>\n<meta property=\"og:title\" content=\"Kronelys Autumn Vibes | Poppyshoppen\" \/>\n<meta property=\"og:description\" content=\"Pynt opp hjemmet ditt med Kronelys fra danske Nordtrice, et dekorativt lys i vakre h\u00f8stfarger! H\u00e5ndlagede lys i vakre h\u00f8lstfarger.\" \/>\n<meta property=\"og:url\" content=\"https:\/\/poppyshoppen.no\/en\/product\/kronelys-autumn-vibes\/\" \/>\n<meta property=\"og:site_name\" content=\"Poppyshoppen\" \/>\n<meta property=\"article:publisher\" content=\"https:\/\/www.facebook.com\/profile.php?id=61558460251190\" \/>\n<meta property=\"article:modified_time\" content=\"2025-09-22T19:39:42+00:00\" \/>\n<meta property=\"og:image\" content=\"https:\/\/poppyshoppen.no\/wp-content\/uploads\/2025\/09\/poppydesign-lys-autumn-hostfarger-e1758220667749.webp\" \/>\n\t<meta property=\"og:image:width\" content=\"1536\" \/>\n\t<meta property=\"og:image:height\" content=\"1536\" \/>\n\t<meta property=\"og:image:type\" content=\"image\/webp\" \/>\n<meta name=\"twitter:card\" content=\"summary_large_image\" \/>\n<meta name=\"twitter:label1\" content=\"Est. reading time\" \/>\n\t<meta name=\"twitter:data1\" content=\"2 minutes\" \/>\n<script type=\"application\/ld+json\" class=\"yoast-schema-graph\">{\"@context\":\"https:\\\/\\\/schema.org\",\"@graph\":[{\"@type\":\"WebPage\",\"@id\":\"https:\\\/\\\/poppyshoppen.no\\\/produkt\\\/kronelys-autumn-vibes\\\/\",\"url\":\"https:\\\/\\\/poppyshoppen.no\\\/produkt\\\/kronelys-autumn-vibes\\\/\",\"name\":\"Kronelys Autumn Vibes | Poppyshoppen\",\"isPartOf\":{\"@id\":\"https:\\\/\\\/poppyshoppen.no\\\/#website\"},\"primaryImageOfPage\":{\"@id\":\"https:\\\/\\\/poppyshoppen.no\\\/produkt\\\/kronelys-autumn-vibes\\\/#primaryimage\"},\"image\":{\"@id\":\"https:\\\/\\\/poppyshoppen.no\\\/produkt\\\/kronelys-autumn-vibes\\\/#primaryimage\"},\"thumbnailUrl\":\"https:\\\/\\\/poppyshoppen.no\\\/wp-content\\\/uploads\\\/2025\\\/09\\\/poppydesign-lys-autumn-hostfarger-e1758220667749.webp\",\"datePublished\":\"2025-09-18T18:33:39+00:00\",\"dateModified\":\"2025-09-22T19:39:42+00:00\",\"description\":\"Pynt opp hjemmet ditt med Kronelys fra danske Nordtrice, et dekorativt lys i vakre h\u00f8stfarger! H\u00e5ndlagede lys i vakre h\u00f8lstfarger.\",\"breadcrumb\":{\"@id\":\"https:\\\/\\\/poppyshoppen.no\\\/produkt\\\/kronelys-autumn-vibes\\\/#breadcrumb\"},\"inLanguage\":\"en-US\",\"potentialAction\":[{\"@type\":\"ReadAction\",\"target\":[\"https:\\\/\\\/poppyshoppen.no\\\/produkt\\\/kronelys-autumn-vibes\\\/\"]}]},{\"@type\":\"ImageObject\",\"inLanguage\":\"en-US\",\"@id\":\"https:\\\/\\\/poppyshoppen.no\\\/produkt\\\/kronelys-autumn-vibes\\\/#primaryimage\",\"url\":\"https:\\\/\\\/poppyshoppen.no\\\/wp-content\\\/uploads\\\/2025\\\/09\\\/poppydesign-lys-autumn-hostfarger-e1758220667749.webp\",\"contentUrl\":\"https:\\\/\\\/poppyshoppen.no\\\/wp-content\\\/uploads\\\/2025\\\/09\\\/poppydesign-lys-autumn-hostfarger-e1758220667749.webp\",\"width\":1536,\"height\":1536,\"caption\":\"Lys i h\u00f8stfarger Autumn\"},{\"@type\":\"BreadcrumbList\",\"@id\":\"https:\\\/\\\/poppyshoppen.no\\\/produkt\\\/kronelys-autumn-vibes\\\/#breadcrumb\",\"itemListElement\":[{\"@type\":\"ListItem\",\"position\":1,\"name\":\"Hjem\",\"item\":\"https:\\\/\\\/poppyshoppen.no\\\/\"},{\"@type\":\"ListItem\",\"position\":2,\"name\":\"Shop\",\"item\":\"https:\\\/\\\/poppyshoppen.no\\\/shop\\\/\"},{\"@type\":\"ListItem\",\"position\":3,\"name\":\"Kronelys Autumn Vibes\"}]},{\"@type\":\"WebSite\",\"@id\":\"https:\\\/\\\/poppyshoppen.no\\\/#website\",\"url\":\"https:\\\/\\\/poppyshoppen.no\\\/\",\"name\":\"Poppyshoppen\",\"description\":\"Gj\u00f8r hverdagen litt mer fargerik\",\"publisher\":{\"@id\":\"https:\\\/\\\/poppyshoppen.no\\\/#organization\"},\"potentialAction\":[{\"@type\":\"SearchAction\",\"target\":{\"@type\":\"EntryPoint\",\"urlTemplate\":\"https:\\\/\\\/poppyshoppen.no\\\/?s={search_term_string}\"},\"query-input\":{\"@type\":\"PropertyValueSpecification\",\"valueRequired\":true,\"valueName\":\"search_term_string\"}}],\"inLanguage\":\"en-US\"},{\"@type\":\"Organization\",\"@id\":\"https:\\\/\\\/poppyshoppen.no\\\/#organization\",\"name\":\"Poppyshoppen\",\"url\":\"https:\\\/\\\/poppyshoppen.no\\\/\",\"logo\":{\"@type\":\"ImageObject\",\"inLanguage\":\"en-US\",\"@id\":\"https:\\\/\\\/poppyshoppen.no\\\/#\\\/schema\\\/logo\\\/image\\\/\",\"url\":\"https:\\\/\\\/poppyshoppen.no\\\/wp-content\\\/uploads\\\/2024\\\/08\\\/cropped-poppyshoppen-logoikon.png\",\"contentUrl\":\"https:\\\/\\\/poppyshoppen.no\\\/wp-content\\\/uploads\\\/2024\\\/08\\\/cropped-poppyshoppen-logoikon.png\",\"width\":512,\"height\":512,\"caption\":\"Poppyshoppen\"},\"image\":{\"@id\":\"https:\\\/\\\/poppyshoppen.no\\\/#\\\/schema\\\/logo\\\/image\\\/\"},\"sameAs\":[\"https:\\\/\\\/www.facebook.com\\\/profile.php?id=61558460251190\",\"https:\\\/\\\/www.instagram.com\\\/poppyshoppen_no\\\/\"]}]}<\/script>\n<!-- \/ Yoast SEO plugin. -->","yoast_head_json":{"title":"Kronelys Autumn Vibes | Poppyshoppen","description":"Pynt opp hjemmet ditt med Kronelys fra danske Nordtrice, et dekorativt lys i vakre h\u00f8stfarger! H\u00e5ndlagede lys i vakre h\u00f8lstfarger.","robots":{"index":"index","follow":"follow","max-snippet":"max-snippet:-1","max-image-preview":"max-image-preview:large","max-video-preview":"max-video-preview:-1"},"canonical":"https:\/\/poppyshoppen.no\/en\/product\/kronelys-autumn-vibes\/","og_locale":"en_US","og_type":"article","og_title":"Kronelys Autumn Vibes | Poppyshoppen","og_description":"Pynt opp hjemmet ditt med Kronelys fra danske Nordtrice, et dekorativt lys i vakre h\u00f8stfarger! H\u00e5ndlagede lys i vakre h\u00f8lstfarger.","og_url":"https:\/\/poppyshoppen.no\/en\/product\/kronelys-autumn-vibes\/","og_site_name":"Poppyshoppen","article_publisher":"https:\/\/www.facebook.com\/profile.php?id=61558460251190","article_modified_time":"2025-09-22T19:39:42+00:00","og_image":[{"width":1536,"height":1536,"url":"https:\/\/poppyshoppen.no\/wp-content\/uploads\/2025\/09\/poppydesign-lys-autumn-hostfarger-e1758220667749.webp","type":"image\/webp"}],"twitter_card":"summary_large_image","twitter_misc":{"Est. reading time":"2 minutes"},"schema":{"@context":"https:\/\/schema.org","@graph":[{"@type":"WebPage","@id":"https:\/\/poppyshoppen.no\/produkt\/kronelys-autumn-vibes\/","url":"https:\/\/poppyshoppen.no\/produkt\/kronelys-autumn-vibes\/","name":"Kronelys Autumn Vibes | Poppyshoppen","isPartOf":{"@id":"https:\/\/poppyshoppen.no\/#website"},"primaryImageOfPage":{"@id":"https:\/\/poppyshoppen.no\/produkt\/kronelys-autumn-vibes\/#primaryimage"},"image":{"@id":"https:\/\/poppyshoppen.no\/produkt\/kronelys-autumn-vibes\/#primaryimage"},"thumbnailUrl":"https:\/\/poppyshoppen.no\/wp-content\/uploads\/2025\/09\/poppydesign-lys-autumn-hostfarger-e1758220667749.webp","datePublished":"2025-09-18T18:33:39+00:00","dateModified":"2025-09-22T19:39:42+00:00","description":"Pynt opp hjemmet ditt med Kronelys fra danske Nordtrice, et dekorativt lys i vakre h\u00f8stfarger! H\u00e5ndlagede lys i vakre h\u00f8lstfarger.","breadcrumb":{"@id":"https:\/\/poppyshoppen.no\/produkt\/kronelys-autumn-vibes\/#breadcrumb"},"inLanguage":"en-US","potentialAction":[{"@type":"ReadAction","target":["https:\/\/poppyshoppen.no\/produkt\/kronelys-autumn-vibes\/"]}]},{"@type":"ImageObject","inLanguage":"en-US","@id":"https:\/\/poppyshoppen.no\/produkt\/kronelys-autumn-vibes\/#primaryimage","url":"https:\/\/poppyshoppen.no\/wp-content\/uploads\/2025\/09\/poppydesign-lys-autumn-hostfarger-e1758220667749.webp","contentUrl":"https:\/\/poppyshoppen.no\/wp-content\/uploads\/2025\/09\/poppydesign-lys-autumn-hostfarger-e1758220667749.webp","width":1536,"height":1536,"caption":"Lys i h\u00f8stfarger Autumn"},{"@type":"BreadcrumbList","@id":"https:\/\/poppyshoppen.no\/produkt\/kronelys-autumn-vibes\/#breadcrumb","itemListElement":[{"@type":"ListItem","position":1,"name":"Hjem","item":"https:\/\/poppyshoppen.no\/"},{"@type":"ListItem","position":2,"name":"Shop","item":"https:\/\/poppyshoppen.no\/shop\/"},{"@type":"ListItem","position":3,"name":"Kronelys Autumn Vibes"}]},{"@type":"WebSite","@id":"https:\/\/poppyshoppen.no\/#website","url":"https:\/\/poppyshoppen.no\/","name":"Poppyshoppen","description":"Gj\u00f8r hverdagen litt mer fargerik","publisher":{"@id":"https:\/\/poppyshoppen.no\/#organization"},"potentialAction":[{"@type":"SearchAction","target":{"@type":"EntryPoint","urlTemplate":"https:\/\/poppyshoppen.no\/?s={search_term_string}"},"query-input":{"@type":"PropertyValueSpecification","valueRequired":true,"valueName":"search_term_string"}}],"inLanguage":"en-US"},{"@type":"Organization","@id":"https:\/\/poppyshoppen.no\/#organization","name":"Poppyshoppen","url":"https:\/\/poppyshoppen.no\/","logo":{"@type":"ImageObject","inLanguage":"en-US","@id":"https:\/\/poppyshoppen.no\/#\/schema\/logo\/image\/","url":"https:\/\/poppyshoppen.no\/wp-content\/uploads\/2024\/08\/cropped-poppyshoppen-logoikon.png","contentUrl":"https:\/\/poppyshoppen.no\/wp-content\/uploads\/2024\/08\/cropped-poppyshoppen-logoikon.png","width":512,"height":512,"caption":"Poppyshoppen"},"image":{"@id":"https:\/\/poppyshoppen.no\/#\/schema\/logo\/image\/"},"sameAs":["https:\/\/www.facebook.com\/profile.php?id=61558460251190","https:\/\/www.instagram.com\/poppyshoppen_no\/"]}]}},"jetpack_sharing_enabled":true,"_links":{"self":[{"href":"https:\/\/poppyshoppen.no\/en\/wp-json\/wp\/v2\/product\/2424","targetHints":{"allow":["GET"]}}],"collection":[{"href":"https:\/\/poppyshoppen.no\/en\/wp-json\/wp\/v2\/product"}],"about":[{"href":"https:\/\/poppyshoppen.no\/en\/wp-json\/wp\/v2\/types\/product"}],"replies":[{"embeddable":true,"href":"https:\/\/poppyshoppen.no\/en\/wp-json\/wp\/v2\/comments?post=2424"}],"wp:featuredmedia":[{"embeddable":true,"href":"https:\/\/poppyshoppen.no\/en\/wp-json\/wp\/v2\/media\/2425"}],"wp:attachment":[{"href":"https:\/\/poppyshoppen.no\/en\/wp-json\/wp\/v2\/media?parent=2424"}],"wp:term":[{"taxonomy":"product_brand","embeddable":true,"href":"https:\/\/poppyshoppen.no\/en\/wp-json\/wp\/v2\/product_brand?post=2424"},{"taxonomy":"product_cat","embeddable":true,"href":"https:\/\/poppyshoppen.no\/en\/wp-json\/wp\/v2\/product_cat?post=2424"},{"taxonomy":"product_tag","embeddable":true,"href":"https:\/\/poppyshoppen.no\/en\/wp-json\/wp\/v2\/product_tag?post=2424"}],"curies":[{"name":"wp","href":"https:\/\/api.w.org\/{rel}","templated":true}]}}