{"id":2441,"date":"2025-09-19T12:27:19","date_gmt":"2025-09-19T11:27:19","guid":{"rendered":"https:\/\/poppyshoppen.no\/?post_type=product&#038;p=2441"},"modified":"2025-09-22T20:41:24","modified_gmt":"2025-09-22T19:41:24","slug":"cozy-vibes-2-klistremerke-til-mobil-vannflaske-laptop-og-annet","status":"publish","type":"product","link":"https:\/\/poppyshoppen.no\/en\/product\/cozy-vibes-2-klistremerke-til-mobil-vannflaske-laptop-og-annet\/","title":{"rendered":"Cozy Vibes 2 &#8211; Klistremerke til mobil, vannflaske, laptop og annet"},"content":{"rendered":"<p class=\"\" data-start=\"252\" data-end=\"508\">Dette koselige klistremerket i slitesterk vinyl har et koselig hygge-motiv med gresskar og teksten Cozy Vibes. Perfekt for deg som vil sette et personlig preg p\u00e5 laptop, vannflaske, notatbok, mobil eller kanskje kaffekoppen? PS! Dette klistremerke finnes ogs\u00e5 i en mindre variant.<\/p>\n<p class=\"\" data-start=\"510\" data-end=\"710\"><strong data-start=\"513\" data-end=\"527\">St\u00f8rrelse:<\/strong> ca 7,5 cm x 7 cm<br data-start=\"540\" data-end=\"543\" \/><strong data-start=\"546\" data-end=\"560\">Materiale:<\/strong> Vannfast og UV-bestandig vinyl<br data-start=\"591\" data-end=\"594\" \/><strong data-start=\"597\" data-end=\"611\">Overflate:<\/strong> Matt finish<br data-start=\"623\" data-end=\"626\" \/><strong data-start=\"629\" data-end=\"640\" data-is-only-node=\"\">Design:<\/strong> H\u00e5ndtegnet gresskar med teksten Cozy Vibes<\/p>\n<p class=\"\" data-start=\"712\" data-end=\"863\">Klistremerket har sterkt lim, men kan enkelt fjernes uten \u00e5 etterlate merker.<\/p>\n<p><strong>Bruksomr\u00e5der:<\/strong> Ideelt for \u00e5 gi laptopen, mobilen, journalen eller vannflasken<\/p>\n<p><strong>*P\u00e5 lager ca 23. september!<\/strong><\/p>\n<p>Sjekk ut <a href=\"https:\/\/poppyshoppen.no\/en\/product-category\/klistremerker\/\">alle klistremerker<\/a><\/p>\n<p>Er du p\u00e5 utkikk etter en enkel m\u00e5te \u00e5 gj\u00f8re tingene dine mer unike og personlige? Vinylstickers fra Poppydesign er perfekte for nettopp det! V\u00e5re klistremerker er sm\u00e5 kunstverk som kan friske opp alt fra mobilen til kaffekoppen, og gir nytt liv til hverdagslige ting.<\/p>\n<p>Disse klistremerkene er laget for \u00e5 holde lenge, men kan ogs\u00e5 fjernes uten \u00e5 etterlate merker \u2013 de sitter godt p\u00e5 de fleste overflater! En vinyl sticker fra Poppydesign kan gj\u00f8re laptoppen litt morsommere, eller gj\u00f8re vannflasken din unik. Inspirasjonen er hentet fra nordisk natur og hygge, med farger og detaljer som gir b\u00e5de varme og glede i hverdagen.<\/p>\n<p>Bruk vinylstickers til \u00e5 pynte p\u00e5 ting du bruker daglig, som notatb\u00f8ker, almanakker, eller kanskje favoritt-koppen din. De er ogs\u00e5 supre til DIY-prosjekter, som \u00e5 dekorere kort eller lage personlige gaveesker. For mange handler vinyl stickers om \u00e5 uttrykke hvem de er \u2013 et lite revemotiv kan minne deg om fine skogsturer, og en fargerik blomst kan lyse opp dagen din.<\/p>\n<p>Vinylstickers fra Poppydesign er ikke bare dekorative, men ogs\u00e5 en liten m\u00e5te \u00e5 spre glede og inspirasjon p\u00e5!<\/p>","protected":false},"excerpt":{"rendered":"<p>Klistremerke i slitesterk vinyl med gresskar og teksten Cozy Vibes. Laget av slitesterk vinyl.<\/p>","protected":false},"featured_media":2345,"comment_status":"open","ping_status":"closed","template":"","meta":[],"product_brand":[],"product_cat":[119,16,29],"product_tag":[107,144,51,52,53],"class_list":{"0":"post-2441","1":"product","2":"type-product","3":"status-publish","4":"has-post-thumbnail","6":"product_cat-hygge","7":"product_cat-klistremerker","8":"product_cat-vinylklistremerker","9":"product_tag-host","10":"product_tag-hygge","11":"product_tag-klistremerke","12":"product_tag-stickers","13":"product_tag-vinyl-sticker","14":"product_shipping_class-kort","16":"first","17":"instock","18":"taxable","19":"shipping-taxable","20":"purchasable","21":"product-type-simple"},"bundled_by":[],"bundle_stock_status":"instock","bundle_stock_quantity":8,"bundle_virtual":false,"bundle_layout":"","bundle_add_to_cart_form_location":"","bundle_editable_in_cart":false,"bundle_sold_individually_context":"","bundle_item_grouping":"","bundle_min_size":"","bundle_max_size":"","bundle_price":[],"bundled_items":[],"bundle_sell_ids":[],"exclude_global_add_ons":[],"addons":[],"yoast_head":"<!-- This site is optimized with the Yoast SEO plugin v27.3 - https:\/\/yoast.com\/product\/yoast-seo-wordpress\/ -->\n<title>Cozy Vibes 2 - Klistremerke til mobil, vannflaske, laptop og annet | Poppyshoppen<\/title>\n<meta name=\"description\" content=\"Pimp opp din laptop eller vannflaske med v\u00e5rt vinyl klistremerke med tekst. H\u00e5ndtegnet gresskar og cozy vibes lyser opp h\u00f8sten!\" \/>\n<meta name=\"robots\" content=\"index, follow, max-snippet:-1, max-image-preview:large, max-video-preview:-1\" \/>\n<link rel=\"canonical\" href=\"https:\/\/poppyshoppen.no\/en\/product\/cozy-vibes-2-klistremerke-til-mobil-vannflaske-laptop-og-annet\/\" \/>\n<meta property=\"og:locale\" content=\"en_US\" \/>\n<meta property=\"og:type\" content=\"article\" \/>\n<meta property=\"og:title\" content=\"Cozy Vibes 2 - Klistremerke til mobil, vannflaske, laptop og annet | Poppyshoppen\" \/>\n<meta property=\"og:description\" content=\"Pimp opp din laptop eller vannflaske med v\u00e5rt vinyl klistremerke med tekst. H\u00e5ndtegnet gresskar og cozy vibes lyser opp h\u00f8sten!\" \/>\n<meta property=\"og:url\" content=\"https:\/\/poppyshoppen.no\/en\/product\/cozy-vibes-2-klistremerke-til-mobil-vannflaske-laptop-og-annet\/\" \/>\n<meta property=\"og:site_name\" content=\"Poppyshoppen\" \/>\n<meta property=\"article:publisher\" content=\"https:\/\/www.facebook.com\/profile.php?id=61558460251190\" \/>\n<meta property=\"article:modified_time\" content=\"2025-09-22T19:41:24+00:00\" \/>\n<meta property=\"og:image\" content=\"https:\/\/poppyshoppen.no\/wp-content\/uploads\/2025\/09\/poppydesign-cozy-vibes-sticker-klistremerke-1-213.webp\" \/>\n\t<meta property=\"og:image:width\" content=\"724\" \/>\n\t<meta property=\"og:image:height\" content=\"724\" \/>\n\t<meta property=\"og:image:type\" content=\"image\/webp\" \/>\n<meta name=\"twitter:card\" content=\"summary_large_image\" \/>\n<meta name=\"twitter:label1\" content=\"Est. reading time\" \/>\n\t<meta name=\"twitter:data1\" content=\"2 minutes\" \/>\n<script type=\"application\/ld+json\" class=\"yoast-schema-graph\">{\"@context\":\"https:\\\/\\\/schema.org\",\"@graph\":[{\"@type\":\"WebPage\",\"@id\":\"https:\\\/\\\/poppyshoppen.no\\\/produkt\\\/cozy-vibes-2-klistremerke-til-mobil-vannflaske-laptop-og-annet\\\/\",\"url\":\"https:\\\/\\\/poppyshoppen.no\\\/produkt\\\/cozy-vibes-2-klistremerke-til-mobil-vannflaske-laptop-og-annet\\\/\",\"name\":\"Cozy Vibes 2 - Klistremerke til mobil, vannflaske, laptop og annet | Poppyshoppen\",\"isPartOf\":{\"@id\":\"https:\\\/\\\/poppyshoppen.no\\\/#website\"},\"primaryImageOfPage\":{\"@id\":\"https:\\\/\\\/poppyshoppen.no\\\/produkt\\\/cozy-vibes-2-klistremerke-til-mobil-vannflaske-laptop-og-annet\\\/#primaryimage\"},\"image\":{\"@id\":\"https:\\\/\\\/poppyshoppen.no\\\/produkt\\\/cozy-vibes-2-klistremerke-til-mobil-vannflaske-laptop-og-annet\\\/#primaryimage\"},\"thumbnailUrl\":\"https:\\\/\\\/poppyshoppen.no\\\/wp-content\\\/uploads\\\/2025\\\/09\\\/poppydesign-cozy-vibes-sticker-klistremerke-1-213.webp\",\"datePublished\":\"2025-09-19T11:27:19+00:00\",\"dateModified\":\"2025-09-22T19:41:24+00:00\",\"description\":\"Pimp opp din laptop eller vannflaske med v\u00e5rt vinyl klistremerke med tekst. H\u00e5ndtegnet gresskar og cozy vibes lyser opp h\u00f8sten!\",\"breadcrumb\":{\"@id\":\"https:\\\/\\\/poppyshoppen.no\\\/produkt\\\/cozy-vibes-2-klistremerke-til-mobil-vannflaske-laptop-og-annet\\\/#breadcrumb\"},\"inLanguage\":\"en-US\",\"potentialAction\":[{\"@type\":\"ReadAction\",\"target\":[\"https:\\\/\\\/poppyshoppen.no\\\/produkt\\\/cozy-vibes-2-klistremerke-til-mobil-vannflaske-laptop-og-annet\\\/\"]}]},{\"@type\":\"ImageObject\",\"inLanguage\":\"en-US\",\"@id\":\"https:\\\/\\\/poppyshoppen.no\\\/produkt\\\/cozy-vibes-2-klistremerke-til-mobil-vannflaske-laptop-og-annet\\\/#primaryimage\",\"url\":\"https:\\\/\\\/poppyshoppen.no\\\/wp-content\\\/uploads\\\/2025\\\/09\\\/poppydesign-cozy-vibes-sticker-klistremerke-1-213.webp\",\"contentUrl\":\"https:\\\/\\\/poppyshoppen.no\\\/wp-content\\\/uploads\\\/2025\\\/09\\\/poppydesign-cozy-vibes-sticker-klistremerke-1-213.webp\",\"width\":724,\"height\":724,\"caption\":\"Klistremerke med gresskar og teksten cozy vibes\"},{\"@type\":\"BreadcrumbList\",\"@id\":\"https:\\\/\\\/poppyshoppen.no\\\/produkt\\\/cozy-vibes-2-klistremerke-til-mobil-vannflaske-laptop-og-annet\\\/#breadcrumb\",\"itemListElement\":[{\"@type\":\"ListItem\",\"position\":1,\"name\":\"Hjem\",\"item\":\"https:\\\/\\\/poppyshoppen.no\\\/\"},{\"@type\":\"ListItem\",\"position\":2,\"name\":\"Shop\",\"item\":\"https:\\\/\\\/poppyshoppen.no\\\/shop\\\/\"},{\"@type\":\"ListItem\",\"position\":3,\"name\":\"Cozy Vibes 2 &#8211; Klistremerke til mobil, vannflaske, laptop og annet\"}]},{\"@type\":\"WebSite\",\"@id\":\"https:\\\/\\\/poppyshoppen.no\\\/#website\",\"url\":\"https:\\\/\\\/poppyshoppen.no\\\/\",\"name\":\"Poppyshoppen\",\"description\":\"Gj\u00f8r hverdagen litt mer fargerik\",\"publisher\":{\"@id\":\"https:\\\/\\\/poppyshoppen.no\\\/#organization\"},\"potentialAction\":[{\"@type\":\"SearchAction\",\"target\":{\"@type\":\"EntryPoint\",\"urlTemplate\":\"https:\\\/\\\/poppyshoppen.no\\\/?s={search_term_string}\"},\"query-input\":{\"@type\":\"PropertyValueSpecification\",\"valueRequired\":true,\"valueName\":\"search_term_string\"}}],\"inLanguage\":\"en-US\"},{\"@type\":\"Organization\",\"@id\":\"https:\\\/\\\/poppyshoppen.no\\\/#organization\",\"name\":\"Poppyshoppen\",\"url\":\"https:\\\/\\\/poppyshoppen.no\\\/\",\"logo\":{\"@type\":\"ImageObject\",\"inLanguage\":\"en-US\",\"@id\":\"https:\\\/\\\/poppyshoppen.no\\\/#\\\/schema\\\/logo\\\/image\\\/\",\"url\":\"https:\\\/\\\/poppyshoppen.no\\\/wp-content\\\/uploads\\\/2024\\\/08\\\/cropped-poppyshoppen-logoikon.png\",\"contentUrl\":\"https:\\\/\\\/poppyshoppen.no\\\/wp-content\\\/uploads\\\/2024\\\/08\\\/cropped-poppyshoppen-logoikon.png\",\"width\":512,\"height\":512,\"caption\":\"Poppyshoppen\"},\"image\":{\"@id\":\"https:\\\/\\\/poppyshoppen.no\\\/#\\\/schema\\\/logo\\\/image\\\/\"},\"sameAs\":[\"https:\\\/\\\/www.facebook.com\\\/profile.php?id=61558460251190\",\"https:\\\/\\\/www.instagram.com\\\/poppyshoppen_no\\\/\"]}]}<\/script>\n<!-- \/ Yoast SEO plugin. -->","yoast_head_json":{"title":"Cozy Vibes 2 - Klistremerke til mobil, vannflaske, laptop og annet | Poppyshoppen","description":"Pimp opp din laptop eller vannflaske med v\u00e5rt vinyl klistremerke med tekst. H\u00e5ndtegnet gresskar og cozy vibes lyser opp h\u00f8sten!","robots":{"index":"index","follow":"follow","max-snippet":"max-snippet:-1","max-image-preview":"max-image-preview:large","max-video-preview":"max-video-preview:-1"},"canonical":"https:\/\/poppyshoppen.no\/en\/product\/cozy-vibes-2-klistremerke-til-mobil-vannflaske-laptop-og-annet\/","og_locale":"en_US","og_type":"article","og_title":"Cozy Vibes 2 - Klistremerke til mobil, vannflaske, laptop og annet | Poppyshoppen","og_description":"Pimp opp din laptop eller vannflaske med v\u00e5rt vinyl klistremerke med tekst. H\u00e5ndtegnet gresskar og cozy vibes lyser opp h\u00f8sten!","og_url":"https:\/\/poppyshoppen.no\/en\/product\/cozy-vibes-2-klistremerke-til-mobil-vannflaske-laptop-og-annet\/","og_site_name":"Poppyshoppen","article_publisher":"https:\/\/www.facebook.com\/profile.php?id=61558460251190","article_modified_time":"2025-09-22T19:41:24+00:00","og_image":[{"width":724,"height":724,"url":"https:\/\/poppyshoppen.no\/wp-content\/uploads\/2025\/09\/poppydesign-cozy-vibes-sticker-klistremerke-1-213.webp","type":"image\/webp"}],"twitter_card":"summary_large_image","twitter_misc":{"Est. reading time":"2 minutes"},"schema":{"@context":"https:\/\/schema.org","@graph":[{"@type":"WebPage","@id":"https:\/\/poppyshoppen.no\/produkt\/cozy-vibes-2-klistremerke-til-mobil-vannflaske-laptop-og-annet\/","url":"https:\/\/poppyshoppen.no\/produkt\/cozy-vibes-2-klistremerke-til-mobil-vannflaske-laptop-og-annet\/","name":"Cozy Vibes 2 - Klistremerke til mobil, vannflaske, laptop og annet | Poppyshoppen","isPartOf":{"@id":"https:\/\/poppyshoppen.no\/#website"},"primaryImageOfPage":{"@id":"https:\/\/poppyshoppen.no\/produkt\/cozy-vibes-2-klistremerke-til-mobil-vannflaske-laptop-og-annet\/#primaryimage"},"image":{"@id":"https:\/\/poppyshoppen.no\/produkt\/cozy-vibes-2-klistremerke-til-mobil-vannflaske-laptop-og-annet\/#primaryimage"},"thumbnailUrl":"https:\/\/poppyshoppen.no\/wp-content\/uploads\/2025\/09\/poppydesign-cozy-vibes-sticker-klistremerke-1-213.webp","datePublished":"2025-09-19T11:27:19+00:00","dateModified":"2025-09-22T19:41:24+00:00","description":"Pimp opp din laptop eller vannflaske med v\u00e5rt vinyl klistremerke med tekst. H\u00e5ndtegnet gresskar og cozy vibes lyser opp h\u00f8sten!","breadcrumb":{"@id":"https:\/\/poppyshoppen.no\/produkt\/cozy-vibes-2-klistremerke-til-mobil-vannflaske-laptop-og-annet\/#breadcrumb"},"inLanguage":"en-US","potentialAction":[{"@type":"ReadAction","target":["https:\/\/poppyshoppen.no\/produkt\/cozy-vibes-2-klistremerke-til-mobil-vannflaske-laptop-og-annet\/"]}]},{"@type":"ImageObject","inLanguage":"en-US","@id":"https:\/\/poppyshoppen.no\/produkt\/cozy-vibes-2-klistremerke-til-mobil-vannflaske-laptop-og-annet\/#primaryimage","url":"https:\/\/poppyshoppen.no\/wp-content\/uploads\/2025\/09\/poppydesign-cozy-vibes-sticker-klistremerke-1-213.webp","contentUrl":"https:\/\/poppyshoppen.no\/wp-content\/uploads\/2025\/09\/poppydesign-cozy-vibes-sticker-klistremerke-1-213.webp","width":724,"height":724,"caption":"Klistremerke med gresskar og teksten cozy vibes"},{"@type":"BreadcrumbList","@id":"https:\/\/poppyshoppen.no\/produkt\/cozy-vibes-2-klistremerke-til-mobil-vannflaske-laptop-og-annet\/#breadcrumb","itemListElement":[{"@type":"ListItem","position":1,"name":"Hjem","item":"https:\/\/poppyshoppen.no\/"},{"@type":"ListItem","position":2,"name":"Shop","item":"https:\/\/poppyshoppen.no\/shop\/"},{"@type":"ListItem","position":3,"name":"Cozy Vibes 2 &#8211; Klistremerke til mobil, vannflaske, laptop og annet"}]},{"@type":"WebSite","@id":"https:\/\/poppyshoppen.no\/#website","url":"https:\/\/poppyshoppen.no\/","name":"Poppyshoppen","description":"Gj\u00f8r hverdagen litt mer fargerik","publisher":{"@id":"https:\/\/poppyshoppen.no\/#organization"},"potentialAction":[{"@type":"SearchAction","target":{"@type":"EntryPoint","urlTemplate":"https:\/\/poppyshoppen.no\/?s={search_term_string}"},"query-input":{"@type":"PropertyValueSpecification","valueRequired":true,"valueName":"search_term_string"}}],"inLanguage":"en-US"},{"@type":"Organization","@id":"https:\/\/poppyshoppen.no\/#organization","name":"Poppyshoppen","url":"https:\/\/poppyshoppen.no\/","logo":{"@type":"ImageObject","inLanguage":"en-US","@id":"https:\/\/poppyshoppen.no\/#\/schema\/logo\/image\/","url":"https:\/\/poppyshoppen.no\/wp-content\/uploads\/2024\/08\/cropped-poppyshoppen-logoikon.png","contentUrl":"https:\/\/poppyshoppen.no\/wp-content\/uploads\/2024\/08\/cropped-poppyshoppen-logoikon.png","width":512,"height":512,"caption":"Poppyshoppen"},"image":{"@id":"https:\/\/poppyshoppen.no\/#\/schema\/logo\/image\/"},"sameAs":["https:\/\/www.facebook.com\/profile.php?id=61558460251190","https:\/\/www.instagram.com\/poppyshoppen_no\/"]}]}},"jetpack_sharing_enabled":true,"_links":{"self":[{"href":"https:\/\/poppyshoppen.no\/en\/wp-json\/wp\/v2\/product\/2441","targetHints":{"allow":["GET"]}}],"collection":[{"href":"https:\/\/poppyshoppen.no\/en\/wp-json\/wp\/v2\/product"}],"about":[{"href":"https:\/\/poppyshoppen.no\/en\/wp-json\/wp\/v2\/types\/product"}],"replies":[{"embeddable":true,"href":"https:\/\/poppyshoppen.no\/en\/wp-json\/wp\/v2\/comments?post=2441"}],"wp:featuredmedia":[{"embeddable":true,"href":"https:\/\/poppyshoppen.no\/en\/wp-json\/wp\/v2\/media\/2345"}],"wp:attachment":[{"href":"https:\/\/poppyshoppen.no\/en\/wp-json\/wp\/v2\/media?parent=2441"}],"wp:term":[{"taxonomy":"product_brand","embeddable":true,"href":"https:\/\/poppyshoppen.no\/en\/wp-json\/wp\/v2\/product_brand?post=2441"},{"taxonomy":"product_cat","embeddable":true,"href":"https:\/\/poppyshoppen.no\/en\/wp-json\/wp\/v2\/product_cat?post=2441"},{"taxonomy":"product_tag","embeddable":true,"href":"https:\/\/poppyshoppen.no\/en\/wp-json\/wp\/v2\/product_tag?post=2441"}],"curies":[{"name":"wp","href":"https:\/\/api.w.org\/{rel}","templated":true}]}}