{"id":2569,"date":"2025-11-14T22:44:37","date_gmt":"2025-11-14T21:44:37","guid":{"rendered":"https:\/\/poppyshoppen.no\/?post_type=product&#038;p=2569"},"modified":"2025-11-14T22:48:07","modified_gmt":"2025-11-14T21:48:07","slug":"vokssegl-god-jul","status":"publish","type":"product","link":"https:\/\/poppyshoppen.no\/en\/product\/vokssegl-god-jul\/","title":{"rendered":"Vokssegl God jul"},"content":{"rendered":"<p>Vokssegl God jul. \u00c5 bruke voks til \u00e5 forsegle brev med er en kunstform med lang historie. Dette koselige og nostalgiske voksseglet med teksten god jul gir et personlig preg p\u00e5 brev, julekort eller julegaver. Dette settet inneholder ett svart treh\u00e5ndtak med segl, \u00e9n r\u00f8d voksstang og instruksjoner. Pr\u00f8v \u00e5 bruke vokssegl til \u00e5rets juleprosjekter, det setter virkelig prikken over i&#8217;en!<\/p>\n<p>Vokspinnen m\u00e5ler 10 x 0,5 x 0,9 cm.<br \/>\n\u00c9n pinne med Sealing Wax holder til omtrent 10\u201315 segl n\u00e5r den brukes med vedlagte segl.<\/p>\n<p>Merke: Manuscript &#8211; Wax sealing<\/p>","protected":false},"excerpt":{"rendered":"<p>Vokssegl med teksten God jul<\/p>","protected":false},"featured_media":2571,"comment_status":"closed","ping_status":"closed","template":"","meta":[],"product_brand":[],"product_cat":[120],"product_tag":[],"class_list":{"0":"post-2569","1":"product","2":"type-product","3":"status-publish","4":"has-post-thumbnail","6":"product_cat-jul","7":"product_shipping_class-norge","9":"first","10":"instock","11":"taxable","12":"shipping-taxable","13":"purchasable","14":"product-type-simple"},"bundled_by":[],"bundle_stock_status":"instock","bundle_stock_quantity":3,"bundle_virtual":false,"bundle_layout":"","bundle_add_to_cart_form_location":"","bundle_editable_in_cart":false,"bundle_sold_individually_context":"","bundle_item_grouping":"","bundle_min_size":"","bundle_max_size":"","bundle_price":[],"bundled_items":[],"bundle_sell_ids":[],"exclude_global_add_ons":[],"addons":[],"yoast_head":"<!-- This site is optimized with the Yoast SEO plugin v27.5 - https:\/\/yoast.com\/product\/yoast-seo-wordpress\/ -->\n<title>Vokssegl God jul | Poppyshoppen<\/title>\n<meta name=\"description\" content=\"Vokssegl God jul. Dette koselige og nostalgiske voksseglet med teksten god jul gir et personlig preg p\u00e5 brev, julekort, til og fralapper og julegaver.\" \/>\n<meta name=\"robots\" content=\"index, follow, max-snippet:-1, max-image-preview:large, max-video-preview:-1\" \/>\n<link rel=\"canonical\" href=\"https:\/\/poppyshoppen.no\/en\/product\/vokssegl-god-jul\/\" \/>\n<meta property=\"og:locale\" content=\"en_US\" \/>\n<meta property=\"og:type\" content=\"article\" \/>\n<meta property=\"og:title\" content=\"Vokssegl God jul | Poppyshoppen\" \/>\n<meta property=\"og:description\" content=\"Vokssegl God jul. Dette koselige og nostalgiske voksseglet med teksten god jul gir et personlig preg p\u00e5 brev, julekort, til og fralapper og julegaver.\" \/>\n<meta property=\"og:url\" content=\"https:\/\/poppyshoppen.no\/en\/product\/vokssegl-god-jul\/\" \/>\n<meta property=\"og:site_name\" content=\"Poppyshoppen\" \/>\n<meta property=\"article:publisher\" content=\"https:\/\/www.facebook.com\/profile.php?id=61558460251190\" \/>\n<meta property=\"article:modified_time\" content=\"2025-11-14T21:48:07+00:00\" \/>\n<meta property=\"og:image\" content=\"https:\/\/poppyshoppen.no\/wp-content\/uploads\/2025\/11\/vokssegl-god-jul-julehobby-poppyshoppen.webp\" \/>\n\t<meta property=\"og:image:width\" content=\"1466\" \/>\n\t<meta property=\"og:image:height\" content=\"1466\" \/>\n\t<meta property=\"og:image:type\" content=\"image\/webp\" \/>\n<meta name=\"twitter:card\" content=\"summary_large_image\" \/>\n<meta name=\"twitter:label1\" content=\"Est. reading time\" \/>\n\t<meta name=\"twitter:data1\" content=\"1 minute\" \/>\n<script type=\"application\/ld+json\" class=\"yoast-schema-graph\">{\"@context\":\"https:\\\/\\\/schema.org\",\"@graph\":[{\"@type\":\"WebPage\",\"@id\":\"https:\\\/\\\/poppyshoppen.no\\\/produkt\\\/vokssegl-god-jul\\\/\",\"url\":\"https:\\\/\\\/poppyshoppen.no\\\/produkt\\\/vokssegl-god-jul\\\/\",\"name\":\"Vokssegl God jul | Poppyshoppen\",\"isPartOf\":{\"@id\":\"https:\\\/\\\/poppyshoppen.no\\\/#website\"},\"primaryImageOfPage\":{\"@id\":\"https:\\\/\\\/poppyshoppen.no\\\/produkt\\\/vokssegl-god-jul\\\/#primaryimage\"},\"image\":{\"@id\":\"https:\\\/\\\/poppyshoppen.no\\\/produkt\\\/vokssegl-god-jul\\\/#primaryimage\"},\"thumbnailUrl\":\"https:\\\/\\\/poppyshoppen.no\\\/wp-content\\\/uploads\\\/2025\\\/11\\\/vokssegl-god-jul-julehobby-poppyshoppen.webp\",\"datePublished\":\"2025-11-14T21:44:37+00:00\",\"dateModified\":\"2025-11-14T21:48:07+00:00\",\"description\":\"Vokssegl God jul. Dette koselige og nostalgiske voksseglet med teksten god jul gir et personlig preg p\u00e5 brev, julekort, til og fralapper og julegaver.\",\"breadcrumb\":{\"@id\":\"https:\\\/\\\/poppyshoppen.no\\\/produkt\\\/vokssegl-god-jul\\\/#breadcrumb\"},\"inLanguage\":\"en-US\",\"potentialAction\":[{\"@type\":\"ReadAction\",\"target\":[\"https:\\\/\\\/poppyshoppen.no\\\/produkt\\\/vokssegl-god-jul\\\/\"]}]},{\"@type\":\"ImageObject\",\"inLanguage\":\"en-US\",\"@id\":\"https:\\\/\\\/poppyshoppen.no\\\/produkt\\\/vokssegl-god-jul\\\/#primaryimage\",\"url\":\"https:\\\/\\\/poppyshoppen.no\\\/wp-content\\\/uploads\\\/2025\\\/11\\\/vokssegl-god-jul-julehobby-poppyshoppen.webp\",\"contentUrl\":\"https:\\\/\\\/poppyshoppen.no\\\/wp-content\\\/uploads\\\/2025\\\/11\\\/vokssegl-god-jul-julehobby-poppyshoppen.webp\",\"width\":1466,\"height\":1466,\"caption\":\"vokssegl med teksten god jul\"},{\"@type\":\"BreadcrumbList\",\"@id\":\"https:\\\/\\\/poppyshoppen.no\\\/produkt\\\/vokssegl-god-jul\\\/#breadcrumb\",\"itemListElement\":[{\"@type\":\"ListItem\",\"position\":1,\"name\":\"Hjem\",\"item\":\"https:\\\/\\\/poppyshoppen.no\\\/\"},{\"@type\":\"ListItem\",\"position\":2,\"name\":\"Shop\",\"item\":\"https:\\\/\\\/poppyshoppen.no\\\/shop\\\/\"},{\"@type\":\"ListItem\",\"position\":3,\"name\":\"Vokssegl God jul\"}]},{\"@type\":\"WebSite\",\"@id\":\"https:\\\/\\\/poppyshoppen.no\\\/#website\",\"url\":\"https:\\\/\\\/poppyshoppen.no\\\/\",\"name\":\"Poppyshoppen\",\"description\":\"Gj\u00f8r hverdagen litt mer fargerik\",\"publisher\":{\"@id\":\"https:\\\/\\\/poppyshoppen.no\\\/#organization\"},\"potentialAction\":[{\"@type\":\"SearchAction\",\"target\":{\"@type\":\"EntryPoint\",\"urlTemplate\":\"https:\\\/\\\/poppyshoppen.no\\\/?s={search_term_string}\"},\"query-input\":{\"@type\":\"PropertyValueSpecification\",\"valueRequired\":true,\"valueName\":\"search_term_string\"}}],\"inLanguage\":\"en-US\"},{\"@type\":\"Organization\",\"@id\":\"https:\\\/\\\/poppyshoppen.no\\\/#organization\",\"name\":\"Poppyshoppen\",\"url\":\"https:\\\/\\\/poppyshoppen.no\\\/\",\"logo\":{\"@type\":\"ImageObject\",\"inLanguage\":\"en-US\",\"@id\":\"https:\\\/\\\/poppyshoppen.no\\\/#\\\/schema\\\/logo\\\/image\\\/\",\"url\":\"https:\\\/\\\/poppyshoppen.no\\\/wp-content\\\/uploads\\\/2024\\\/08\\\/cropped-poppyshoppen-logoikon.png\",\"contentUrl\":\"https:\\\/\\\/poppyshoppen.no\\\/wp-content\\\/uploads\\\/2024\\\/08\\\/cropped-poppyshoppen-logoikon.png\",\"width\":512,\"height\":512,\"caption\":\"Poppyshoppen\"},\"image\":{\"@id\":\"https:\\\/\\\/poppyshoppen.no\\\/#\\\/schema\\\/logo\\\/image\\\/\"},\"sameAs\":[\"https:\\\/\\\/www.facebook.com\\\/profile.php?id=61558460251190\",\"https:\\\/\\\/www.instagram.com\\\/poppyshoppen_no\\\/\"]}]}<\/script>\n<!-- \/ Yoast SEO plugin. -->","yoast_head_json":{"title":"Vokssegl God jul | Poppyshoppen","description":"Vokssegl God jul. Dette koselige og nostalgiske voksseglet med teksten god jul gir et personlig preg p\u00e5 brev, julekort, til og fralapper og julegaver.","robots":{"index":"index","follow":"follow","max-snippet":"max-snippet:-1","max-image-preview":"max-image-preview:large","max-video-preview":"max-video-preview:-1"},"canonical":"https:\/\/poppyshoppen.no\/en\/product\/vokssegl-god-jul\/","og_locale":"en_US","og_type":"article","og_title":"Vokssegl God jul | Poppyshoppen","og_description":"Vokssegl God jul. Dette koselige og nostalgiske voksseglet med teksten god jul gir et personlig preg p\u00e5 brev, julekort, til og fralapper og julegaver.","og_url":"https:\/\/poppyshoppen.no\/en\/product\/vokssegl-god-jul\/","og_site_name":"Poppyshoppen","article_publisher":"https:\/\/www.facebook.com\/profile.php?id=61558460251190","article_modified_time":"2025-11-14T21:48:07+00:00","og_image":[{"width":1466,"height":1466,"url":"https:\/\/poppyshoppen.no\/wp-content\/uploads\/2025\/11\/vokssegl-god-jul-julehobby-poppyshoppen.webp","type":"image\/webp"}],"twitter_card":"summary_large_image","twitter_misc":{"Est. reading time":"1 minute"},"schema":{"@context":"https:\/\/schema.org","@graph":[{"@type":"WebPage","@id":"https:\/\/poppyshoppen.no\/produkt\/vokssegl-god-jul\/","url":"https:\/\/poppyshoppen.no\/produkt\/vokssegl-god-jul\/","name":"Vokssegl God jul | Poppyshoppen","isPartOf":{"@id":"https:\/\/poppyshoppen.no\/#website"},"primaryImageOfPage":{"@id":"https:\/\/poppyshoppen.no\/produkt\/vokssegl-god-jul\/#primaryimage"},"image":{"@id":"https:\/\/poppyshoppen.no\/produkt\/vokssegl-god-jul\/#primaryimage"},"thumbnailUrl":"https:\/\/poppyshoppen.no\/wp-content\/uploads\/2025\/11\/vokssegl-god-jul-julehobby-poppyshoppen.webp","datePublished":"2025-11-14T21:44:37+00:00","dateModified":"2025-11-14T21:48:07+00:00","description":"Vokssegl God jul. Dette koselige og nostalgiske voksseglet med teksten god jul gir et personlig preg p\u00e5 brev, julekort, til og fralapper og julegaver.","breadcrumb":{"@id":"https:\/\/poppyshoppen.no\/produkt\/vokssegl-god-jul\/#breadcrumb"},"inLanguage":"en-US","potentialAction":[{"@type":"ReadAction","target":["https:\/\/poppyshoppen.no\/produkt\/vokssegl-god-jul\/"]}]},{"@type":"ImageObject","inLanguage":"en-US","@id":"https:\/\/poppyshoppen.no\/produkt\/vokssegl-god-jul\/#primaryimage","url":"https:\/\/poppyshoppen.no\/wp-content\/uploads\/2025\/11\/vokssegl-god-jul-julehobby-poppyshoppen.webp","contentUrl":"https:\/\/poppyshoppen.no\/wp-content\/uploads\/2025\/11\/vokssegl-god-jul-julehobby-poppyshoppen.webp","width":1466,"height":1466,"caption":"vokssegl med teksten god jul"},{"@type":"BreadcrumbList","@id":"https:\/\/poppyshoppen.no\/produkt\/vokssegl-god-jul\/#breadcrumb","itemListElement":[{"@type":"ListItem","position":1,"name":"Hjem","item":"https:\/\/poppyshoppen.no\/"},{"@type":"ListItem","position":2,"name":"Shop","item":"https:\/\/poppyshoppen.no\/shop\/"},{"@type":"ListItem","position":3,"name":"Vokssegl God jul"}]},{"@type":"WebSite","@id":"https:\/\/poppyshoppen.no\/#website","url":"https:\/\/poppyshoppen.no\/","name":"Poppyshoppen","description":"Gj\u00f8r hverdagen litt mer fargerik","publisher":{"@id":"https:\/\/poppyshoppen.no\/#organization"},"potentialAction":[{"@type":"SearchAction","target":{"@type":"EntryPoint","urlTemplate":"https:\/\/poppyshoppen.no\/?s={search_term_string}"},"query-input":{"@type":"PropertyValueSpecification","valueRequired":true,"valueName":"search_term_string"}}],"inLanguage":"en-US"},{"@type":"Organization","@id":"https:\/\/poppyshoppen.no\/#organization","name":"Poppyshoppen","url":"https:\/\/poppyshoppen.no\/","logo":{"@type":"ImageObject","inLanguage":"en-US","@id":"https:\/\/poppyshoppen.no\/#\/schema\/logo\/image\/","url":"https:\/\/poppyshoppen.no\/wp-content\/uploads\/2024\/08\/cropped-poppyshoppen-logoikon.png","contentUrl":"https:\/\/poppyshoppen.no\/wp-content\/uploads\/2024\/08\/cropped-poppyshoppen-logoikon.png","width":512,"height":512,"caption":"Poppyshoppen"},"image":{"@id":"https:\/\/poppyshoppen.no\/#\/schema\/logo\/image\/"},"sameAs":["https:\/\/www.facebook.com\/profile.php?id=61558460251190","https:\/\/www.instagram.com\/poppyshoppen_no\/"]}]}},"jetpack_sharing_enabled":true,"_links":{"self":[{"href":"https:\/\/poppyshoppen.no\/en\/wp-json\/wp\/v2\/product\/2569","targetHints":{"allow":["GET"]}}],"collection":[{"href":"https:\/\/poppyshoppen.no\/en\/wp-json\/wp\/v2\/product"}],"about":[{"href":"https:\/\/poppyshoppen.no\/en\/wp-json\/wp\/v2\/types\/product"}],"replies":[{"embeddable":true,"href":"https:\/\/poppyshoppen.no\/en\/wp-json\/wp\/v2\/comments?post=2569"}],"wp:featuredmedia":[{"embeddable":true,"href":"https:\/\/poppyshoppen.no\/en\/wp-json\/wp\/v2\/media\/2571"}],"wp:attachment":[{"href":"https:\/\/poppyshoppen.no\/en\/wp-json\/wp\/v2\/media?parent=2569"}],"wp:term":[{"taxonomy":"product_brand","embeddable":true,"href":"https:\/\/poppyshoppen.no\/en\/wp-json\/wp\/v2\/product_brand?post=2569"},{"taxonomy":"product_cat","embeddable":true,"href":"https:\/\/poppyshoppen.no\/en\/wp-json\/wp\/v2\/product_cat?post=2569"},{"taxonomy":"product_tag","embeddable":true,"href":"https:\/\/poppyshoppen.no\/en\/wp-json\/wp\/v2\/product_tag?post=2569"}],"curies":[{"name":"wp","href":"https:\/\/api.w.org\/{rel}","templated":true}]}}