{"id":2576,"date":"2025-11-14T23:09:16","date_gmt":"2025-11-14T22:09:16","guid":{"rendered":"https:\/\/poppyshoppen.no\/?post_type=product&#038;p=2576"},"modified":"2025-11-14T23:40:53","modified_gmt":"2025-11-14T22:40:53","slug":"juletrepynt-rev-med-julekrans","status":"publish","type":"product","link":"https:\/\/poppyshoppen.no\/en\/product\/juletrepynt-rev-med-julekrans\/","title":{"rendered":"Juletrepynt &#8211; Rev med julekrans"},"content":{"rendered":"<p>Juletrepynt &#8211; Rev med julekrans. Denne s\u00f8te filtdekorasjonen med en s\u00f8t rev som holder en koselig julekrans er et sjarmerende tilskudd til julepynten din. Perfekt p\u00e5 juletreet som juletrepynt eller som pynt p\u00e5 julegavene. I h\u00e5nden har den s\u00f8te reven en julekrans, og selvsagt har den en morsom nisselue p\u00e5 hodet. S\u00f8t gave til en du er glad i!<\/p>\n<p>St\u00f8rrelse: ca 15 cm<br \/>\nMaterialer: 90% ull + 10% fyll<\/p>\n<p>&nbsp;<\/p>","protected":false},"excerpt":{"rendered":"<p>Juletrepynt med en s\u00f8t rev med nisselue<\/p>","protected":false},"featured_media":2577,"comment_status":"closed","ping_status":"closed","template":"","meta":[],"product_brand":[],"product_cat":[120],"product_tag":[],"class_list":{"0":"post-2576","1":"product","2":"type-product","3":"status-publish","4":"has-post-thumbnail","6":"product_cat-jul","7":"product_shipping_class-norge","9":"first","10":"instock","11":"taxable","12":"shipping-taxable","13":"purchasable","14":"product-type-simple"},"bundled_by":[],"bundle_stock_status":"instock","bundle_stock_quantity":6,"bundle_virtual":false,"bundle_layout":"","bundle_add_to_cart_form_location":"","bundle_editable_in_cart":false,"bundle_sold_individually_context":"","bundle_item_grouping":"","bundle_min_size":"","bundle_max_size":"","bundle_price":[],"bundled_items":[],"bundle_sell_ids":[],"exclude_global_add_ons":[],"addons":[],"yoast_head":"<!-- This site is optimized with the Yoast SEO plugin v27.3 - https:\/\/yoast.com\/product\/yoast-seo-wordpress\/ -->\n<title>Juletrepynt - Rev med julekrans | Poppyshoppen<\/title>\n<meta name=\"description\" content=\"Jeultrepynt med rev er et sjarmerende tilskudd til julepynten din. Perfekt p\u00e5 juletreet som eller som pynt p\u00e5 julegavene.\" \/>\n<meta name=\"robots\" content=\"index, follow, max-snippet:-1, max-image-preview:large, max-video-preview:-1\" \/>\n<link rel=\"canonical\" href=\"https:\/\/poppyshoppen.no\/en\/product\/juletrepynt-rev-med-julekrans\/\" \/>\n<meta property=\"og:locale\" content=\"en_US\" \/>\n<meta property=\"og:type\" content=\"article\" \/>\n<meta property=\"og:title\" content=\"Juletrepynt - Rev med julekrans | Poppyshoppen\" \/>\n<meta property=\"og:description\" content=\"Jeultrepynt med rev er et sjarmerende tilskudd til julepynten din. Perfekt p\u00e5 juletreet som eller som pynt p\u00e5 julegavene.\" \/>\n<meta property=\"og:url\" content=\"https:\/\/poppyshoppen.no\/en\/product\/juletrepynt-rev-med-julekrans\/\" \/>\n<meta property=\"og:site_name\" content=\"Poppyshoppen\" \/>\n<meta property=\"article:publisher\" content=\"https:\/\/www.facebook.com\/profile.php?id=61558460251190\" \/>\n<meta property=\"article:modified_time\" content=\"2025-11-14T22:40:53+00:00\" \/>\n<meta property=\"og:image\" content=\"https:\/\/poppyshoppen.no\/wp-content\/uploads\/2025\/11\/juletrepynt-rev-med-julekrans-scaled.webp\" \/>\n\t<meta property=\"og:image:width\" content=\"2560\" \/>\n\t<meta property=\"og:image:height\" content=\"2560\" \/>\n\t<meta property=\"og:image:type\" content=\"image\/webp\" \/>\n<meta name=\"twitter:card\" content=\"summary_large_image\" \/>\n<meta name=\"twitter:label1\" content=\"Est. reading time\" \/>\n\t<meta name=\"twitter:data1\" content=\"1 minute\" \/>\n<script type=\"application\/ld+json\" class=\"yoast-schema-graph\">{\"@context\":\"https:\\\/\\\/schema.org\",\"@graph\":[{\"@type\":\"WebPage\",\"@id\":\"https:\\\/\\\/poppyshoppen.no\\\/produkt\\\/juletrepynt-rev-med-julekrans\\\/\",\"url\":\"https:\\\/\\\/poppyshoppen.no\\\/produkt\\\/juletrepynt-rev-med-julekrans\\\/\",\"name\":\"Juletrepynt - Rev med julekrans | Poppyshoppen\",\"isPartOf\":{\"@id\":\"https:\\\/\\\/poppyshoppen.no\\\/#website\"},\"primaryImageOfPage\":{\"@id\":\"https:\\\/\\\/poppyshoppen.no\\\/produkt\\\/juletrepynt-rev-med-julekrans\\\/#primaryimage\"},\"image\":{\"@id\":\"https:\\\/\\\/poppyshoppen.no\\\/produkt\\\/juletrepynt-rev-med-julekrans\\\/#primaryimage\"},\"thumbnailUrl\":\"https:\\\/\\\/poppyshoppen.no\\\/wp-content\\\/uploads\\\/2025\\\/11\\\/juletrepynt-rev-med-julekrans-scaled.webp\",\"datePublished\":\"2025-11-14T22:09:16+00:00\",\"dateModified\":\"2025-11-14T22:40:53+00:00\",\"description\":\"Jeultrepynt med rev er et sjarmerende tilskudd til julepynten din. Perfekt p\u00e5 juletreet som eller som pynt p\u00e5 julegavene.\",\"breadcrumb\":{\"@id\":\"https:\\\/\\\/poppyshoppen.no\\\/produkt\\\/juletrepynt-rev-med-julekrans\\\/#breadcrumb\"},\"inLanguage\":\"en-US\",\"potentialAction\":[{\"@type\":\"ReadAction\",\"target\":[\"https:\\\/\\\/poppyshoppen.no\\\/produkt\\\/juletrepynt-rev-med-julekrans\\\/\"]}]},{\"@type\":\"ImageObject\",\"inLanguage\":\"en-US\",\"@id\":\"https:\\\/\\\/poppyshoppen.no\\\/produkt\\\/juletrepynt-rev-med-julekrans\\\/#primaryimage\",\"url\":\"https:\\\/\\\/poppyshoppen.no\\\/wp-content\\\/uploads\\\/2025\\\/11\\\/juletrepynt-rev-med-julekrans-scaled.webp\",\"contentUrl\":\"https:\\\/\\\/poppyshoppen.no\\\/wp-content\\\/uploads\\\/2025\\\/11\\\/juletrepynt-rev-med-julekrans-scaled.webp\",\"width\":2560,\"height\":2560,\"caption\":\"juletrepynt med rev med julekrans\"},{\"@type\":\"BreadcrumbList\",\"@id\":\"https:\\\/\\\/poppyshoppen.no\\\/produkt\\\/juletrepynt-rev-med-julekrans\\\/#breadcrumb\",\"itemListElement\":[{\"@type\":\"ListItem\",\"position\":1,\"name\":\"Hjem\",\"item\":\"https:\\\/\\\/poppyshoppen.no\\\/\"},{\"@type\":\"ListItem\",\"position\":2,\"name\":\"Shop\",\"item\":\"https:\\\/\\\/poppyshoppen.no\\\/shop\\\/\"},{\"@type\":\"ListItem\",\"position\":3,\"name\":\"Juletrepynt &#8211; Rev med julekrans\"}]},{\"@type\":\"WebSite\",\"@id\":\"https:\\\/\\\/poppyshoppen.no\\\/#website\",\"url\":\"https:\\\/\\\/poppyshoppen.no\\\/\",\"name\":\"Poppyshoppen\",\"description\":\"Gj\u00f8r hverdagen litt mer fargerik\",\"publisher\":{\"@id\":\"https:\\\/\\\/poppyshoppen.no\\\/#organization\"},\"potentialAction\":[{\"@type\":\"SearchAction\",\"target\":{\"@type\":\"EntryPoint\",\"urlTemplate\":\"https:\\\/\\\/poppyshoppen.no\\\/?s={search_term_string}\"},\"query-input\":{\"@type\":\"PropertyValueSpecification\",\"valueRequired\":true,\"valueName\":\"search_term_string\"}}],\"inLanguage\":\"en-US\"},{\"@type\":\"Organization\",\"@id\":\"https:\\\/\\\/poppyshoppen.no\\\/#organization\",\"name\":\"Poppyshoppen\",\"url\":\"https:\\\/\\\/poppyshoppen.no\\\/\",\"logo\":{\"@type\":\"ImageObject\",\"inLanguage\":\"en-US\",\"@id\":\"https:\\\/\\\/poppyshoppen.no\\\/#\\\/schema\\\/logo\\\/image\\\/\",\"url\":\"https:\\\/\\\/poppyshoppen.no\\\/wp-content\\\/uploads\\\/2024\\\/08\\\/cropped-poppyshoppen-logoikon.png\",\"contentUrl\":\"https:\\\/\\\/poppyshoppen.no\\\/wp-content\\\/uploads\\\/2024\\\/08\\\/cropped-poppyshoppen-logoikon.png\",\"width\":512,\"height\":512,\"caption\":\"Poppyshoppen\"},\"image\":{\"@id\":\"https:\\\/\\\/poppyshoppen.no\\\/#\\\/schema\\\/logo\\\/image\\\/\"},\"sameAs\":[\"https:\\\/\\\/www.facebook.com\\\/profile.php?id=61558460251190\",\"https:\\\/\\\/www.instagram.com\\\/poppyshoppen_no\\\/\"]}]}<\/script>\n<!-- \/ Yoast SEO plugin. -->","yoast_head_json":{"title":"Juletrepynt - Rev med julekrans | Poppyshoppen","description":"Jeultrepynt med rev er et sjarmerende tilskudd til julepynten din. Perfekt p\u00e5 juletreet som eller som pynt p\u00e5 julegavene.","robots":{"index":"index","follow":"follow","max-snippet":"max-snippet:-1","max-image-preview":"max-image-preview:large","max-video-preview":"max-video-preview:-1"},"canonical":"https:\/\/poppyshoppen.no\/en\/product\/juletrepynt-rev-med-julekrans\/","og_locale":"en_US","og_type":"article","og_title":"Juletrepynt - Rev med julekrans | Poppyshoppen","og_description":"Jeultrepynt med rev er et sjarmerende tilskudd til julepynten din. Perfekt p\u00e5 juletreet som eller som pynt p\u00e5 julegavene.","og_url":"https:\/\/poppyshoppen.no\/en\/product\/juletrepynt-rev-med-julekrans\/","og_site_name":"Poppyshoppen","article_publisher":"https:\/\/www.facebook.com\/profile.php?id=61558460251190","article_modified_time":"2025-11-14T22:40:53+00:00","og_image":[{"width":2560,"height":2560,"url":"https:\/\/poppyshoppen.no\/wp-content\/uploads\/2025\/11\/juletrepynt-rev-med-julekrans-scaled.webp","type":"image\/webp"}],"twitter_card":"summary_large_image","twitter_misc":{"Est. reading time":"1 minute"},"schema":{"@context":"https:\/\/schema.org","@graph":[{"@type":"WebPage","@id":"https:\/\/poppyshoppen.no\/produkt\/juletrepynt-rev-med-julekrans\/","url":"https:\/\/poppyshoppen.no\/produkt\/juletrepynt-rev-med-julekrans\/","name":"Juletrepynt - Rev med julekrans | Poppyshoppen","isPartOf":{"@id":"https:\/\/poppyshoppen.no\/#website"},"primaryImageOfPage":{"@id":"https:\/\/poppyshoppen.no\/produkt\/juletrepynt-rev-med-julekrans\/#primaryimage"},"image":{"@id":"https:\/\/poppyshoppen.no\/produkt\/juletrepynt-rev-med-julekrans\/#primaryimage"},"thumbnailUrl":"https:\/\/poppyshoppen.no\/wp-content\/uploads\/2025\/11\/juletrepynt-rev-med-julekrans-scaled.webp","datePublished":"2025-11-14T22:09:16+00:00","dateModified":"2025-11-14T22:40:53+00:00","description":"Jeultrepynt med rev er et sjarmerende tilskudd til julepynten din. Perfekt p\u00e5 juletreet som eller som pynt p\u00e5 julegavene.","breadcrumb":{"@id":"https:\/\/poppyshoppen.no\/produkt\/juletrepynt-rev-med-julekrans\/#breadcrumb"},"inLanguage":"en-US","potentialAction":[{"@type":"ReadAction","target":["https:\/\/poppyshoppen.no\/produkt\/juletrepynt-rev-med-julekrans\/"]}]},{"@type":"ImageObject","inLanguage":"en-US","@id":"https:\/\/poppyshoppen.no\/produkt\/juletrepynt-rev-med-julekrans\/#primaryimage","url":"https:\/\/poppyshoppen.no\/wp-content\/uploads\/2025\/11\/juletrepynt-rev-med-julekrans-scaled.webp","contentUrl":"https:\/\/poppyshoppen.no\/wp-content\/uploads\/2025\/11\/juletrepynt-rev-med-julekrans-scaled.webp","width":2560,"height":2560,"caption":"juletrepynt med rev med julekrans"},{"@type":"BreadcrumbList","@id":"https:\/\/poppyshoppen.no\/produkt\/juletrepynt-rev-med-julekrans\/#breadcrumb","itemListElement":[{"@type":"ListItem","position":1,"name":"Hjem","item":"https:\/\/poppyshoppen.no\/"},{"@type":"ListItem","position":2,"name":"Shop","item":"https:\/\/poppyshoppen.no\/shop\/"},{"@type":"ListItem","position":3,"name":"Juletrepynt &#8211; Rev med julekrans"}]},{"@type":"WebSite","@id":"https:\/\/poppyshoppen.no\/#website","url":"https:\/\/poppyshoppen.no\/","name":"Poppyshoppen","description":"Gj\u00f8r hverdagen litt mer fargerik","publisher":{"@id":"https:\/\/poppyshoppen.no\/#organization"},"potentialAction":[{"@type":"SearchAction","target":{"@type":"EntryPoint","urlTemplate":"https:\/\/poppyshoppen.no\/?s={search_term_string}"},"query-input":{"@type":"PropertyValueSpecification","valueRequired":true,"valueName":"search_term_string"}}],"inLanguage":"en-US"},{"@type":"Organization","@id":"https:\/\/poppyshoppen.no\/#organization","name":"Poppyshoppen","url":"https:\/\/poppyshoppen.no\/","logo":{"@type":"ImageObject","inLanguage":"en-US","@id":"https:\/\/poppyshoppen.no\/#\/schema\/logo\/image\/","url":"https:\/\/poppyshoppen.no\/wp-content\/uploads\/2024\/08\/cropped-poppyshoppen-logoikon.png","contentUrl":"https:\/\/poppyshoppen.no\/wp-content\/uploads\/2024\/08\/cropped-poppyshoppen-logoikon.png","width":512,"height":512,"caption":"Poppyshoppen"},"image":{"@id":"https:\/\/poppyshoppen.no\/#\/schema\/logo\/image\/"},"sameAs":["https:\/\/www.facebook.com\/profile.php?id=61558460251190","https:\/\/www.instagram.com\/poppyshoppen_no\/"]}]}},"jetpack_sharing_enabled":true,"_links":{"self":[{"href":"https:\/\/poppyshoppen.no\/en\/wp-json\/wp\/v2\/product\/2576","targetHints":{"allow":["GET"]}}],"collection":[{"href":"https:\/\/poppyshoppen.no\/en\/wp-json\/wp\/v2\/product"}],"about":[{"href":"https:\/\/poppyshoppen.no\/en\/wp-json\/wp\/v2\/types\/product"}],"replies":[{"embeddable":true,"href":"https:\/\/poppyshoppen.no\/en\/wp-json\/wp\/v2\/comments?post=2576"}],"wp:featuredmedia":[{"embeddable":true,"href":"https:\/\/poppyshoppen.no\/en\/wp-json\/wp\/v2\/media\/2577"}],"wp:attachment":[{"href":"https:\/\/poppyshoppen.no\/en\/wp-json\/wp\/v2\/media?parent=2576"}],"wp:term":[{"taxonomy":"product_brand","embeddable":true,"href":"https:\/\/poppyshoppen.no\/en\/wp-json\/wp\/v2\/product_brand?post=2576"},{"taxonomy":"product_cat","embeddable":true,"href":"https:\/\/poppyshoppen.no\/en\/wp-json\/wp\/v2\/product_cat?post=2576"},{"taxonomy":"product_tag","embeddable":true,"href":"https:\/\/poppyshoppen.no\/en\/wp-json\/wp\/v2\/product_tag?post=2576"}],"curies":[{"name":"wp","href":"https:\/\/api.w.org\/{rel}","templated":true}]}}