{"id":2580,"date":"2025-11-14T23:30:33","date_gmt":"2025-11-14T22:30:33","guid":{"rendered":"https:\/\/poppyshoppen.no\/?post_type=product&#038;p=2580"},"modified":"2025-11-14T23:35:13","modified_gmt":"2025-11-14T22:35:13","slug":"juletrepynt-pingvin-med-jakke","status":"publish","type":"product","link":"https:\/\/poppyshoppen.no\/en\/product\/juletrepynt-pingvin-med-jakke\/","title":{"rendered":"Juletrepynt \u2013 Pingvin med r\u00f8d jakke"},"content":{"rendered":"<p data-start=\"156\" data-end=\"442\">Juletrepynt \u2013 Pingvin med r\u00f8d jakke. En liten s\u00f8t filtfigur som passer fint p\u00e5 juletreet. Pingvinen har p\u00e5 seg en stor r\u00f8d jakke med hvite kanter og hette. Figuren er lett \u00e5 henge opp og passer godt sammen med annen julepynt i samme stil.<\/p>\n<p data-start=\"415\" data-end=\"490\">En hyggelig liten dekorasjon til treet eller som ekstra pynt p\u00e5 julegavene.<\/p>\n<p data-start=\"492\" data-end=\"587\"><strong data-start=\"492\" data-end=\"506\">St\u00f8rrelse:<\/strong> ca. 12 cm<br data-start=\"516\" data-end=\"519\" \/><strong data-start=\"519\" data-end=\"534\">Materialer:<\/strong> 30 % Ovis Aries ull, 50 % polyester, 20 % fyllmasse<\/p>\n<p>&nbsp;<\/p>\n<p>&nbsp;<\/p>","protected":false},"excerpt":{"rendered":"<p>Juletrepynt med en s\u00f8t pingvin med stor jakke<\/p>","protected":false},"featured_media":2582,"comment_status":"closed","ping_status":"closed","template":"","meta":[],"product_brand":[],"product_cat":[120],"product_tag":[],"class_list":{"0":"post-2580","1":"product","2":"type-product","3":"status-publish","4":"has-post-thumbnail","6":"product_cat-jul","7":"product_shipping_class-norge","9":"first","10":"instock","11":"taxable","12":"shipping-taxable","13":"purchasable","14":"product-type-simple"},"bundled_by":[],"bundle_stock_status":"instock","bundle_stock_quantity":6,"bundle_virtual":false,"bundle_layout":"","bundle_add_to_cart_form_location":"","bundle_editable_in_cart":false,"bundle_sold_individually_context":"","bundle_item_grouping":"","bundle_min_size":"","bundle_max_size":"","bundle_price":[],"bundled_items":[],"bundle_sell_ids":[],"exclude_global_add_ons":[],"addons":[],"yoast_head":"<!-- This site is optimized with the Yoast SEO plugin v27.3 - https:\/\/yoast.com\/product\/yoast-seo-wordpress\/ -->\n<title>Juletrepynt \u2013 Pingvin med r\u00f8d jakke | Poppyshoppen<\/title>\n<meta name=\"description\" content=\"Juletrepynt -Pingvin med r\u00f8d jakke er et sjarmerende tilskudd til julepynten din. Perfekt p\u00e5 juletreet som eller som pynt p\u00e5 julegavene.\" \/>\n<meta name=\"robots\" content=\"index, follow, max-snippet:-1, max-image-preview:large, max-video-preview:-1\" \/>\n<link rel=\"canonical\" href=\"https:\/\/poppyshoppen.no\/en\/product\/juletrepynt-pingvin-med-jakke\/\" \/>\n<meta property=\"og:locale\" content=\"en_US\" \/>\n<meta property=\"og:type\" content=\"article\" \/>\n<meta property=\"og:title\" content=\"Juletrepynt \u2013 Pingvin med r\u00f8d jakke | Poppyshoppen\" \/>\n<meta property=\"og:description\" content=\"Juletrepynt -Pingvin med r\u00f8d jakke er et sjarmerende tilskudd til julepynten din. Perfekt p\u00e5 juletreet som eller som pynt p\u00e5 julegavene.\" \/>\n<meta property=\"og:url\" content=\"https:\/\/poppyshoppen.no\/en\/product\/juletrepynt-pingvin-med-jakke\/\" \/>\n<meta property=\"og:site_name\" content=\"Poppyshoppen\" \/>\n<meta property=\"article:publisher\" content=\"https:\/\/www.facebook.com\/profile.php?id=61558460251190\" \/>\n<meta property=\"article:modified_time\" content=\"2025-11-14T22:35:13+00:00\" \/>\n<meta property=\"og:image\" content=\"https:\/\/poppyshoppen.no\/wp-content\/uploads\/2025\/11\/juletrepynt-med-pingvin-1-scaled.webp\" \/>\n\t<meta property=\"og:image:width\" content=\"2560\" \/>\n\t<meta property=\"og:image:height\" content=\"2560\" \/>\n\t<meta property=\"og:image:type\" content=\"image\/webp\" \/>\n<meta name=\"twitter:card\" content=\"summary_large_image\" \/>\n<meta name=\"twitter:label1\" content=\"Est. reading time\" \/>\n\t<meta name=\"twitter:data1\" content=\"1 minute\" \/>\n<script type=\"application\/ld+json\" class=\"yoast-schema-graph\">{\"@context\":\"https:\\\/\\\/schema.org\",\"@graph\":[{\"@type\":\"WebPage\",\"@id\":\"https:\\\/\\\/poppyshoppen.no\\\/produkt\\\/juletrepynt-pingvin-med-jakke\\\/\",\"url\":\"https:\\\/\\\/poppyshoppen.no\\\/produkt\\\/juletrepynt-pingvin-med-jakke\\\/\",\"name\":\"Juletrepynt \u2013 Pingvin med r\u00f8d jakke | Poppyshoppen\",\"isPartOf\":{\"@id\":\"https:\\\/\\\/poppyshoppen.no\\\/#website\"},\"primaryImageOfPage\":{\"@id\":\"https:\\\/\\\/poppyshoppen.no\\\/produkt\\\/juletrepynt-pingvin-med-jakke\\\/#primaryimage\"},\"image\":{\"@id\":\"https:\\\/\\\/poppyshoppen.no\\\/produkt\\\/juletrepynt-pingvin-med-jakke\\\/#primaryimage\"},\"thumbnailUrl\":\"https:\\\/\\\/poppyshoppen.no\\\/wp-content\\\/uploads\\\/2025\\\/11\\\/juletrepynt-med-pingvin-1-scaled.webp\",\"datePublished\":\"2025-11-14T22:30:33+00:00\",\"dateModified\":\"2025-11-14T22:35:13+00:00\",\"description\":\"Juletrepynt -Pingvin med r\u00f8d jakke er et sjarmerende tilskudd til julepynten din. Perfekt p\u00e5 juletreet som eller som pynt p\u00e5 julegavene.\",\"breadcrumb\":{\"@id\":\"https:\\\/\\\/poppyshoppen.no\\\/produkt\\\/juletrepynt-pingvin-med-jakke\\\/#breadcrumb\"},\"inLanguage\":\"en-US\",\"potentialAction\":[{\"@type\":\"ReadAction\",\"target\":[\"https:\\\/\\\/poppyshoppen.no\\\/produkt\\\/juletrepynt-pingvin-med-jakke\\\/\"]}]},{\"@type\":\"ImageObject\",\"inLanguage\":\"en-US\",\"@id\":\"https:\\\/\\\/poppyshoppen.no\\\/produkt\\\/juletrepynt-pingvin-med-jakke\\\/#primaryimage\",\"url\":\"https:\\\/\\\/poppyshoppen.no\\\/wp-content\\\/uploads\\\/2025\\\/11\\\/juletrepynt-med-pingvin-1-scaled.webp\",\"contentUrl\":\"https:\\\/\\\/poppyshoppen.no\\\/wp-content\\\/uploads\\\/2025\\\/11\\\/juletrepynt-med-pingvin-1-scaled.webp\",\"width\":2560,\"height\":2560,\"caption\":\"juletrepynt med pingvinfigur\"},{\"@type\":\"BreadcrumbList\",\"@id\":\"https:\\\/\\\/poppyshoppen.no\\\/produkt\\\/juletrepynt-pingvin-med-jakke\\\/#breadcrumb\",\"itemListElement\":[{\"@type\":\"ListItem\",\"position\":1,\"name\":\"Hjem\",\"item\":\"https:\\\/\\\/poppyshoppen.no\\\/\"},{\"@type\":\"ListItem\",\"position\":2,\"name\":\"Shop\",\"item\":\"https:\\\/\\\/poppyshoppen.no\\\/shop\\\/\"},{\"@type\":\"ListItem\",\"position\":3,\"name\":\"Juletrepynt \u2013 Pingvin med r\u00f8d jakke\"}]},{\"@type\":\"WebSite\",\"@id\":\"https:\\\/\\\/poppyshoppen.no\\\/#website\",\"url\":\"https:\\\/\\\/poppyshoppen.no\\\/\",\"name\":\"Poppyshoppen\",\"description\":\"Gj\u00f8r hverdagen litt mer fargerik\",\"publisher\":{\"@id\":\"https:\\\/\\\/poppyshoppen.no\\\/#organization\"},\"potentialAction\":[{\"@type\":\"SearchAction\",\"target\":{\"@type\":\"EntryPoint\",\"urlTemplate\":\"https:\\\/\\\/poppyshoppen.no\\\/?s={search_term_string}\"},\"query-input\":{\"@type\":\"PropertyValueSpecification\",\"valueRequired\":true,\"valueName\":\"search_term_string\"}}],\"inLanguage\":\"en-US\"},{\"@type\":\"Organization\",\"@id\":\"https:\\\/\\\/poppyshoppen.no\\\/#organization\",\"name\":\"Poppyshoppen\",\"url\":\"https:\\\/\\\/poppyshoppen.no\\\/\",\"logo\":{\"@type\":\"ImageObject\",\"inLanguage\":\"en-US\",\"@id\":\"https:\\\/\\\/poppyshoppen.no\\\/#\\\/schema\\\/logo\\\/image\\\/\",\"url\":\"https:\\\/\\\/poppyshoppen.no\\\/wp-content\\\/uploads\\\/2024\\\/08\\\/cropped-poppyshoppen-logoikon.png\",\"contentUrl\":\"https:\\\/\\\/poppyshoppen.no\\\/wp-content\\\/uploads\\\/2024\\\/08\\\/cropped-poppyshoppen-logoikon.png\",\"width\":512,\"height\":512,\"caption\":\"Poppyshoppen\"},\"image\":{\"@id\":\"https:\\\/\\\/poppyshoppen.no\\\/#\\\/schema\\\/logo\\\/image\\\/\"},\"sameAs\":[\"https:\\\/\\\/www.facebook.com\\\/profile.php?id=61558460251190\",\"https:\\\/\\\/www.instagram.com\\\/poppyshoppen_no\\\/\"]}]}<\/script>\n<!-- \/ Yoast SEO plugin. -->","yoast_head_json":{"title":"Juletrepynt \u2013 Pingvin med r\u00f8d jakke | Poppyshoppen","description":"Juletrepynt -Pingvin med r\u00f8d jakke er et sjarmerende tilskudd til julepynten din. Perfekt p\u00e5 juletreet som eller som pynt p\u00e5 julegavene.","robots":{"index":"index","follow":"follow","max-snippet":"max-snippet:-1","max-image-preview":"max-image-preview:large","max-video-preview":"max-video-preview:-1"},"canonical":"https:\/\/poppyshoppen.no\/en\/product\/juletrepynt-pingvin-med-jakke\/","og_locale":"en_US","og_type":"article","og_title":"Juletrepynt \u2013 Pingvin med r\u00f8d jakke | Poppyshoppen","og_description":"Juletrepynt -Pingvin med r\u00f8d jakke er et sjarmerende tilskudd til julepynten din. Perfekt p\u00e5 juletreet som eller som pynt p\u00e5 julegavene.","og_url":"https:\/\/poppyshoppen.no\/en\/product\/juletrepynt-pingvin-med-jakke\/","og_site_name":"Poppyshoppen","article_publisher":"https:\/\/www.facebook.com\/profile.php?id=61558460251190","article_modified_time":"2025-11-14T22:35:13+00:00","og_image":[{"width":2560,"height":2560,"url":"https:\/\/poppyshoppen.no\/wp-content\/uploads\/2025\/11\/juletrepynt-med-pingvin-1-scaled.webp","type":"image\/webp"}],"twitter_card":"summary_large_image","twitter_misc":{"Est. reading time":"1 minute"},"schema":{"@context":"https:\/\/schema.org","@graph":[{"@type":"WebPage","@id":"https:\/\/poppyshoppen.no\/produkt\/juletrepynt-pingvin-med-jakke\/","url":"https:\/\/poppyshoppen.no\/produkt\/juletrepynt-pingvin-med-jakke\/","name":"Juletrepynt \u2013 Pingvin med r\u00f8d jakke | Poppyshoppen","isPartOf":{"@id":"https:\/\/poppyshoppen.no\/#website"},"primaryImageOfPage":{"@id":"https:\/\/poppyshoppen.no\/produkt\/juletrepynt-pingvin-med-jakke\/#primaryimage"},"image":{"@id":"https:\/\/poppyshoppen.no\/produkt\/juletrepynt-pingvin-med-jakke\/#primaryimage"},"thumbnailUrl":"https:\/\/poppyshoppen.no\/wp-content\/uploads\/2025\/11\/juletrepynt-med-pingvin-1-scaled.webp","datePublished":"2025-11-14T22:30:33+00:00","dateModified":"2025-11-14T22:35:13+00:00","description":"Juletrepynt -Pingvin med r\u00f8d jakke er et sjarmerende tilskudd til julepynten din. Perfekt p\u00e5 juletreet som eller som pynt p\u00e5 julegavene.","breadcrumb":{"@id":"https:\/\/poppyshoppen.no\/produkt\/juletrepynt-pingvin-med-jakke\/#breadcrumb"},"inLanguage":"en-US","potentialAction":[{"@type":"ReadAction","target":["https:\/\/poppyshoppen.no\/produkt\/juletrepynt-pingvin-med-jakke\/"]}]},{"@type":"ImageObject","inLanguage":"en-US","@id":"https:\/\/poppyshoppen.no\/produkt\/juletrepynt-pingvin-med-jakke\/#primaryimage","url":"https:\/\/poppyshoppen.no\/wp-content\/uploads\/2025\/11\/juletrepynt-med-pingvin-1-scaled.webp","contentUrl":"https:\/\/poppyshoppen.no\/wp-content\/uploads\/2025\/11\/juletrepynt-med-pingvin-1-scaled.webp","width":2560,"height":2560,"caption":"juletrepynt med pingvinfigur"},{"@type":"BreadcrumbList","@id":"https:\/\/poppyshoppen.no\/produkt\/juletrepynt-pingvin-med-jakke\/#breadcrumb","itemListElement":[{"@type":"ListItem","position":1,"name":"Hjem","item":"https:\/\/poppyshoppen.no\/"},{"@type":"ListItem","position":2,"name":"Shop","item":"https:\/\/poppyshoppen.no\/shop\/"},{"@type":"ListItem","position":3,"name":"Juletrepynt \u2013 Pingvin med r\u00f8d jakke"}]},{"@type":"WebSite","@id":"https:\/\/poppyshoppen.no\/#website","url":"https:\/\/poppyshoppen.no\/","name":"Poppyshoppen","description":"Gj\u00f8r hverdagen litt mer fargerik","publisher":{"@id":"https:\/\/poppyshoppen.no\/#organization"},"potentialAction":[{"@type":"SearchAction","target":{"@type":"EntryPoint","urlTemplate":"https:\/\/poppyshoppen.no\/?s={search_term_string}"},"query-input":{"@type":"PropertyValueSpecification","valueRequired":true,"valueName":"search_term_string"}}],"inLanguage":"en-US"},{"@type":"Organization","@id":"https:\/\/poppyshoppen.no\/#organization","name":"Poppyshoppen","url":"https:\/\/poppyshoppen.no\/","logo":{"@type":"ImageObject","inLanguage":"en-US","@id":"https:\/\/poppyshoppen.no\/#\/schema\/logo\/image\/","url":"https:\/\/poppyshoppen.no\/wp-content\/uploads\/2024\/08\/cropped-poppyshoppen-logoikon.png","contentUrl":"https:\/\/poppyshoppen.no\/wp-content\/uploads\/2024\/08\/cropped-poppyshoppen-logoikon.png","width":512,"height":512,"caption":"Poppyshoppen"},"image":{"@id":"https:\/\/poppyshoppen.no\/#\/schema\/logo\/image\/"},"sameAs":["https:\/\/www.facebook.com\/profile.php?id=61558460251190","https:\/\/www.instagram.com\/poppyshoppen_no\/"]}]}},"jetpack_sharing_enabled":true,"_links":{"self":[{"href":"https:\/\/poppyshoppen.no\/en\/wp-json\/wp\/v2\/product\/2580","targetHints":{"allow":["GET"]}}],"collection":[{"href":"https:\/\/poppyshoppen.no\/en\/wp-json\/wp\/v2\/product"}],"about":[{"href":"https:\/\/poppyshoppen.no\/en\/wp-json\/wp\/v2\/types\/product"}],"replies":[{"embeddable":true,"href":"https:\/\/poppyshoppen.no\/en\/wp-json\/wp\/v2\/comments?post=2580"}],"wp:featuredmedia":[{"embeddable":true,"href":"https:\/\/poppyshoppen.no\/en\/wp-json\/wp\/v2\/media\/2582"}],"wp:attachment":[{"href":"https:\/\/poppyshoppen.no\/en\/wp-json\/wp\/v2\/media?parent=2580"}],"wp:term":[{"taxonomy":"product_brand","embeddable":true,"href":"https:\/\/poppyshoppen.no\/en\/wp-json\/wp\/v2\/product_brand?post=2580"},{"taxonomy":"product_cat","embeddable":true,"href":"https:\/\/poppyshoppen.no\/en\/wp-json\/wp\/v2\/product_cat?post=2580"},{"taxonomy":"product_tag","embeddable":true,"href":"https:\/\/poppyshoppen.no\/en\/wp-json\/wp\/v2\/product_tag?post=2580"}],"curies":[{"name":"wp","href":"https:\/\/api.w.org\/{rel}","templated":true}]}}