{"id":2594,"date":"2025-11-15T00:15:33","date_gmt":"2025-11-14T23:15:33","guid":{"rendered":"https:\/\/poppyshoppen.no\/?post_type=product&#038;p=2594"},"modified":"2026-03-18T11:44:54","modified_gmt":"2026-03-18T10:44:54","slug":"juletrepynt-dovendyr","status":"publish","type":"product","link":"https:\/\/poppyshoppen.no\/en\/product\/juletrepynt-dovendyr\/","title":{"rendered":"Juletrepynt &#8211; Dovendyr"},"content":{"rendered":"<p data-start=\"225\" data-end=\"455\">Juletrepynt &#8211; Dovendyr. En liten s\u00f8t filtfigur formet som et dovendyr med r\u00f8de \u00f8revarmere. Figuren har en hempe i toppen og er enkel \u00e5 henge opp. Gir juletreet eller andre juledekorasjoner litt ekstra koselig sjarm. Den passer fint sammen med andre filtfigurer elelr annen leken julepynt. Finnes ogs\u00e5 som pingvin og isbj\u00f8rn.<\/p>\n<p data-start=\"457\" data-end=\"516\"><strong data-start=\"457\" data-end=\"471\">St\u00f8rrelse:<\/strong> ca. 5 cm<br data-start=\"480\" data-end=\"483\" \/><strong data-start=\"483\" data-end=\"497\">Materiale:<\/strong> Filt (ullblanding)<\/p>\n<p>&nbsp;<\/p>\n<p>&nbsp;<\/p>","protected":false},"excerpt":{"rendered":"<p>Juletrepynt i filt<\/p>","protected":false},"featured_media":2588,"comment_status":"closed","ping_status":"closed","template":"","meta":[],"product_brand":[],"product_cat":[120],"product_tag":[],"class_list":{"0":"post-2594","1":"product","2":"type-product","3":"status-publish","4":"has-post-thumbnail","6":"product_cat-jul","7":"product_shipping_class-kort","9":"first","10":"instock","11":"taxable","12":"shipping-taxable","13":"purchasable","14":"product-type-simple"},"bundled_by":[],"bundle_stock_status":"instock","bundle_stock_quantity":2,"bundle_virtual":false,"bundle_layout":"","bundle_add_to_cart_form_location":"","bundle_editable_in_cart":false,"bundle_sold_individually_context":"","bundle_item_grouping":"","bundle_min_size":"","bundle_max_size":"","bundle_price":[],"bundled_items":[],"bundle_sell_ids":[],"exclude_global_add_ons":[],"addons":[],"yoast_head":"<!-- This site is optimized with the Yoast SEO plugin v27.3 - https:\/\/yoast.com\/product\/yoast-seo-wordpress\/ -->\n<title>Juletrepynt - Dovendyr | Poppyshoppen<\/title>\n<meta name=\"description\" content=\"En liten s\u00f8t filtdekorasjon formet som et dovendyr med \u00f8revarmere. Figuren har et koselig uttrykk og passer fint p\u00e5 juletreet.\" \/>\n<meta name=\"robots\" content=\"index, follow, max-snippet:-1, max-image-preview:large, max-video-preview:-1\" \/>\n<link rel=\"canonical\" href=\"https:\/\/poppyshoppen.no\/en\/product\/juletrepynt-dovendyr\/\" \/>\n<meta property=\"og:locale\" content=\"en_US\" \/>\n<meta property=\"og:type\" content=\"article\" \/>\n<meta property=\"og:title\" content=\"Juletrepynt - Dovendyr | Poppyshoppen\" \/>\n<meta property=\"og:description\" content=\"En liten s\u00f8t filtdekorasjon formet som et dovendyr med \u00f8revarmere. Figuren har et koselig uttrykk og passer fint p\u00e5 juletreet.\" \/>\n<meta property=\"og:url\" content=\"https:\/\/poppyshoppen.no\/en\/product\/juletrepynt-dovendyr\/\" \/>\n<meta property=\"og:site_name\" content=\"Poppyshoppen\" \/>\n<meta property=\"article:publisher\" content=\"https:\/\/www.facebook.com\/profile.php?id=61558460251190\" \/>\n<meta property=\"article:modified_time\" content=\"2026-03-18T10:44:54+00:00\" \/>\n<meta property=\"og:image\" content=\"https:\/\/poppyshoppen.no\/wp-content\/uploads\/2025\/11\/juletrepynt-filtdyr-dovendyr.webp\" \/>\n\t<meta property=\"og:image:width\" content=\"615\" \/>\n\t<meta property=\"og:image:height\" content=\"615\" \/>\n\t<meta property=\"og:image:type\" content=\"image\/webp\" \/>\n<meta name=\"twitter:card\" content=\"summary_large_image\" \/>\n<meta name=\"twitter:label1\" content=\"Est. reading time\" \/>\n\t<meta name=\"twitter:data1\" content=\"1 minute\" \/>\n<script type=\"application\/ld+json\" class=\"yoast-schema-graph\">{\"@context\":\"https:\\\/\\\/schema.org\",\"@graph\":[{\"@type\":\"WebPage\",\"@id\":\"https:\\\/\\\/poppyshoppen.no\\\/produkt\\\/juletrepynt-dovendyr\\\/\",\"url\":\"https:\\\/\\\/poppyshoppen.no\\\/produkt\\\/juletrepynt-dovendyr\\\/\",\"name\":\"Juletrepynt - Dovendyr | Poppyshoppen\",\"isPartOf\":{\"@id\":\"https:\\\/\\\/poppyshoppen.no\\\/#website\"},\"primaryImageOfPage\":{\"@id\":\"https:\\\/\\\/poppyshoppen.no\\\/produkt\\\/juletrepynt-dovendyr\\\/#primaryimage\"},\"image\":{\"@id\":\"https:\\\/\\\/poppyshoppen.no\\\/produkt\\\/juletrepynt-dovendyr\\\/#primaryimage\"},\"thumbnailUrl\":\"https:\\\/\\\/poppyshoppen.no\\\/wp-content\\\/uploads\\\/2025\\\/11\\\/juletrepynt-filtdyr-dovendyr.webp\",\"datePublished\":\"2025-11-14T23:15:33+00:00\",\"dateModified\":\"2026-03-18T10:44:54+00:00\",\"description\":\"En liten s\u00f8t filtdekorasjon formet som et dovendyr med \u00f8revarmere. Figuren har et koselig uttrykk og passer fint p\u00e5 juletreet.\",\"breadcrumb\":{\"@id\":\"https:\\\/\\\/poppyshoppen.no\\\/produkt\\\/juletrepynt-dovendyr\\\/#breadcrumb\"},\"inLanguage\":\"en-US\",\"potentialAction\":[{\"@type\":\"ReadAction\",\"target\":[\"https:\\\/\\\/poppyshoppen.no\\\/produkt\\\/juletrepynt-dovendyr\\\/\"]}]},{\"@type\":\"ImageObject\",\"inLanguage\":\"en-US\",\"@id\":\"https:\\\/\\\/poppyshoppen.no\\\/produkt\\\/juletrepynt-dovendyr\\\/#primaryimage\",\"url\":\"https:\\\/\\\/poppyshoppen.no\\\/wp-content\\\/uploads\\\/2025\\\/11\\\/juletrepynt-filtdyr-dovendyr.webp\",\"contentUrl\":\"https:\\\/\\\/poppyshoppen.no\\\/wp-content\\\/uploads\\\/2025\\\/11\\\/juletrepynt-filtdyr-dovendyr.webp\",\"width\":615,\"height\":615,\"caption\":\"juletrepynt formet som et dovendyr i filt.\"},{\"@type\":\"BreadcrumbList\",\"@id\":\"https:\\\/\\\/poppyshoppen.no\\\/produkt\\\/juletrepynt-dovendyr\\\/#breadcrumb\",\"itemListElement\":[{\"@type\":\"ListItem\",\"position\":1,\"name\":\"Hjem\",\"item\":\"https:\\\/\\\/poppyshoppen.no\\\/\"},{\"@type\":\"ListItem\",\"position\":2,\"name\":\"Shop\",\"item\":\"https:\\\/\\\/poppyshoppen.no\\\/shop\\\/\"},{\"@type\":\"ListItem\",\"position\":3,\"name\":\"Juletrepynt &#8211; Dovendyr\"}]},{\"@type\":\"WebSite\",\"@id\":\"https:\\\/\\\/poppyshoppen.no\\\/#website\",\"url\":\"https:\\\/\\\/poppyshoppen.no\\\/\",\"name\":\"Poppyshoppen\",\"description\":\"Gj\u00f8r hverdagen litt mer fargerik\",\"publisher\":{\"@id\":\"https:\\\/\\\/poppyshoppen.no\\\/#organization\"},\"potentialAction\":[{\"@type\":\"SearchAction\",\"target\":{\"@type\":\"EntryPoint\",\"urlTemplate\":\"https:\\\/\\\/poppyshoppen.no\\\/?s={search_term_string}\"},\"query-input\":{\"@type\":\"PropertyValueSpecification\",\"valueRequired\":true,\"valueName\":\"search_term_string\"}}],\"inLanguage\":\"en-US\"},{\"@type\":\"Organization\",\"@id\":\"https:\\\/\\\/poppyshoppen.no\\\/#organization\",\"name\":\"Poppyshoppen\",\"url\":\"https:\\\/\\\/poppyshoppen.no\\\/\",\"logo\":{\"@type\":\"ImageObject\",\"inLanguage\":\"en-US\",\"@id\":\"https:\\\/\\\/poppyshoppen.no\\\/#\\\/schema\\\/logo\\\/image\\\/\",\"url\":\"https:\\\/\\\/poppyshoppen.no\\\/wp-content\\\/uploads\\\/2024\\\/08\\\/cropped-poppyshoppen-logoikon.png\",\"contentUrl\":\"https:\\\/\\\/poppyshoppen.no\\\/wp-content\\\/uploads\\\/2024\\\/08\\\/cropped-poppyshoppen-logoikon.png\",\"width\":512,\"height\":512,\"caption\":\"Poppyshoppen\"},\"image\":{\"@id\":\"https:\\\/\\\/poppyshoppen.no\\\/#\\\/schema\\\/logo\\\/image\\\/\"},\"sameAs\":[\"https:\\\/\\\/www.facebook.com\\\/profile.php?id=61558460251190\",\"https:\\\/\\\/www.instagram.com\\\/poppyshoppen_no\\\/\"]}]}<\/script>\n<!-- \/ Yoast SEO plugin. -->","yoast_head_json":{"title":"Juletrepynt - Dovendyr | Poppyshoppen","description":"En liten s\u00f8t filtdekorasjon formet som et dovendyr med \u00f8revarmere. Figuren har et koselig uttrykk og passer fint p\u00e5 juletreet.","robots":{"index":"index","follow":"follow","max-snippet":"max-snippet:-1","max-image-preview":"max-image-preview:large","max-video-preview":"max-video-preview:-1"},"canonical":"https:\/\/poppyshoppen.no\/en\/product\/juletrepynt-dovendyr\/","og_locale":"en_US","og_type":"article","og_title":"Juletrepynt - Dovendyr | Poppyshoppen","og_description":"En liten s\u00f8t filtdekorasjon formet som et dovendyr med \u00f8revarmere. Figuren har et koselig uttrykk og passer fint p\u00e5 juletreet.","og_url":"https:\/\/poppyshoppen.no\/en\/product\/juletrepynt-dovendyr\/","og_site_name":"Poppyshoppen","article_publisher":"https:\/\/www.facebook.com\/profile.php?id=61558460251190","article_modified_time":"2026-03-18T10:44:54+00:00","og_image":[{"width":615,"height":615,"url":"https:\/\/poppyshoppen.no\/wp-content\/uploads\/2025\/11\/juletrepynt-filtdyr-dovendyr.webp","type":"image\/webp"}],"twitter_card":"summary_large_image","twitter_misc":{"Est. reading time":"1 minute"},"schema":{"@context":"https:\/\/schema.org","@graph":[{"@type":"WebPage","@id":"https:\/\/poppyshoppen.no\/produkt\/juletrepynt-dovendyr\/","url":"https:\/\/poppyshoppen.no\/produkt\/juletrepynt-dovendyr\/","name":"Juletrepynt - Dovendyr | Poppyshoppen","isPartOf":{"@id":"https:\/\/poppyshoppen.no\/#website"},"primaryImageOfPage":{"@id":"https:\/\/poppyshoppen.no\/produkt\/juletrepynt-dovendyr\/#primaryimage"},"image":{"@id":"https:\/\/poppyshoppen.no\/produkt\/juletrepynt-dovendyr\/#primaryimage"},"thumbnailUrl":"https:\/\/poppyshoppen.no\/wp-content\/uploads\/2025\/11\/juletrepynt-filtdyr-dovendyr.webp","datePublished":"2025-11-14T23:15:33+00:00","dateModified":"2026-03-18T10:44:54+00:00","description":"En liten s\u00f8t filtdekorasjon formet som et dovendyr med \u00f8revarmere. Figuren har et koselig uttrykk og passer fint p\u00e5 juletreet.","breadcrumb":{"@id":"https:\/\/poppyshoppen.no\/produkt\/juletrepynt-dovendyr\/#breadcrumb"},"inLanguage":"en-US","potentialAction":[{"@type":"ReadAction","target":["https:\/\/poppyshoppen.no\/produkt\/juletrepynt-dovendyr\/"]}]},{"@type":"ImageObject","inLanguage":"en-US","@id":"https:\/\/poppyshoppen.no\/produkt\/juletrepynt-dovendyr\/#primaryimage","url":"https:\/\/poppyshoppen.no\/wp-content\/uploads\/2025\/11\/juletrepynt-filtdyr-dovendyr.webp","contentUrl":"https:\/\/poppyshoppen.no\/wp-content\/uploads\/2025\/11\/juletrepynt-filtdyr-dovendyr.webp","width":615,"height":615,"caption":"juletrepynt formet som et dovendyr i filt."},{"@type":"BreadcrumbList","@id":"https:\/\/poppyshoppen.no\/produkt\/juletrepynt-dovendyr\/#breadcrumb","itemListElement":[{"@type":"ListItem","position":1,"name":"Hjem","item":"https:\/\/poppyshoppen.no\/"},{"@type":"ListItem","position":2,"name":"Shop","item":"https:\/\/poppyshoppen.no\/shop\/"},{"@type":"ListItem","position":3,"name":"Juletrepynt &#8211; Dovendyr"}]},{"@type":"WebSite","@id":"https:\/\/poppyshoppen.no\/#website","url":"https:\/\/poppyshoppen.no\/","name":"Poppyshoppen","description":"Gj\u00f8r hverdagen litt mer fargerik","publisher":{"@id":"https:\/\/poppyshoppen.no\/#organization"},"potentialAction":[{"@type":"SearchAction","target":{"@type":"EntryPoint","urlTemplate":"https:\/\/poppyshoppen.no\/?s={search_term_string}"},"query-input":{"@type":"PropertyValueSpecification","valueRequired":true,"valueName":"search_term_string"}}],"inLanguage":"en-US"},{"@type":"Organization","@id":"https:\/\/poppyshoppen.no\/#organization","name":"Poppyshoppen","url":"https:\/\/poppyshoppen.no\/","logo":{"@type":"ImageObject","inLanguage":"en-US","@id":"https:\/\/poppyshoppen.no\/#\/schema\/logo\/image\/","url":"https:\/\/poppyshoppen.no\/wp-content\/uploads\/2024\/08\/cropped-poppyshoppen-logoikon.png","contentUrl":"https:\/\/poppyshoppen.no\/wp-content\/uploads\/2024\/08\/cropped-poppyshoppen-logoikon.png","width":512,"height":512,"caption":"Poppyshoppen"},"image":{"@id":"https:\/\/poppyshoppen.no\/#\/schema\/logo\/image\/"},"sameAs":["https:\/\/www.facebook.com\/profile.php?id=61558460251190","https:\/\/www.instagram.com\/poppyshoppen_no\/"]}]}},"jetpack_sharing_enabled":true,"_links":{"self":[{"href":"https:\/\/poppyshoppen.no\/en\/wp-json\/wp\/v2\/product\/2594","targetHints":{"allow":["GET"]}}],"collection":[{"href":"https:\/\/poppyshoppen.no\/en\/wp-json\/wp\/v2\/product"}],"about":[{"href":"https:\/\/poppyshoppen.no\/en\/wp-json\/wp\/v2\/types\/product"}],"replies":[{"embeddable":true,"href":"https:\/\/poppyshoppen.no\/en\/wp-json\/wp\/v2\/comments?post=2594"}],"wp:featuredmedia":[{"embeddable":true,"href":"https:\/\/poppyshoppen.no\/en\/wp-json\/wp\/v2\/media\/2588"}],"wp:attachment":[{"href":"https:\/\/poppyshoppen.no\/en\/wp-json\/wp\/v2\/media?parent=2594"}],"wp:term":[{"taxonomy":"product_brand","embeddable":true,"href":"https:\/\/poppyshoppen.no\/en\/wp-json\/wp\/v2\/product_brand?post=2594"},{"taxonomy":"product_cat","embeddable":true,"href":"https:\/\/poppyshoppen.no\/en\/wp-json\/wp\/v2\/product_cat?post=2594"},{"taxonomy":"product_tag","embeddable":true,"href":"https:\/\/poppyshoppen.no\/en\/wp-json\/wp\/v2\/product_tag?post=2594"}],"curies":[{"name":"wp","href":"https:\/\/api.w.org\/{rel}","templated":true}]}}