{"id":2826,"date":"2026-05-03T19:00:18","date_gmt":"2026-05-03T18:00:18","guid":{"rendered":"https:\/\/poppyshoppen.no\/?post_type=product&#038;p=2826"},"modified":"2026-05-03T19:00:18","modified_gmt":"2026-05-03T18:00:18","slug":"wild-bloom-no-6-originalt-blomsterbilde-pa-lerret-20x20-cm","status":"publish","type":"product","link":"https:\/\/poppyshoppen.no\/en\/product\/wild-bloom-no-6-originalt-blomsterbilde-pa-lerret-20x20-cm\/","title":{"rendered":"Wild Bloom No. 6 \u2013 originalt blomsterbilde p\u00e5 lerret (20&#215;20 cm)"},"content":{"rendered":"<h2 data-start=\"314\" data-end=\"372\">Blomsterbilde p\u00e5 lerret \u2013 Wild Bloom No. 6 \u2013 Warm garden<\/h2>\n<p data-start=\"374\" data-end=\"569\">Dette er et h\u00e5ndmalt blomsterbilde p\u00e5 lerret i st\u00f8rrelsen 20&#215;20 cm med en dybde p\u00e5 3 cm. Et originalt kunstverk som fungerer godt som et blikkfang i rommet, samtidig som det er enkelt \u00e5 plassere. Motivet har et varmt og fyldig uttrykk inspirert av blomster og natur. De lagvise penselstr\u00f8kene gir dybde og liv. Fargene gir energi til rommet uten \u00e5 bli for dominerende.<\/p>\n<p data-start=\"796\" data-end=\"1000\">Denne st\u00f8rrelsen gj\u00f8r bildet godt egnet til \u00e5 henge alene p\u00e5 en mindre vegg, eller som en del av en bildevegg sammen med andre kunstverk. Det passer spesielt godt i stue, gang eller over et lite sidebord.<\/p>\n<p data-start=\"1002\" data-end=\"1099\">Bildet er malt med akryl p\u00e5 lerret og er et originalt kunstverk som finnes kun i ett eksemplar.<\/p>\n<p data-start=\"1101\" data-end=\"1226\"><strong data-start=\"1101\" data-end=\"1115\">St\u00f8rrelse:<\/strong> 20&#215;20 cm<br data-start=\"1124\" data-end=\"1127\" \/><strong data-start=\"1127\" data-end=\"1137\">Dybde:<\/strong> 3 cm<br data-start=\"1142\" data-end=\"1145\" \/><strong data-start=\"1145\" data-end=\"1159\">Materiale:<\/strong> Akryl p\u00e5 lerret<br data-start=\"1175\" data-end=\"1178\" \/><strong data-start=\"1178\" data-end=\"1187\">Type:<\/strong> Originalt kunstverk \/ h\u00e5ndmalt bilde<\/p>\n<p data-start=\"1084\" data-end=\"1189\">Her kan du se hele <a href=\"https:\/\/poppyshoppen.no\/en\/product-category\/malerier\/wild-bloom\/\">Wild Bloom kolleksjonen<\/a><\/p>","protected":false},"excerpt":{"rendered":"<p>H\u00e5ndmalt blomsterbilde p\u00e5 lerret i st\u00f8rrelsen 20&#215;20 cm<\/p>","protected":false},"featured_media":2800,"comment_status":"closed","ping_status":"closed","template":"","meta":[],"product_brand":[],"product_cat":[33,34,151],"product_tag":[],"class_list":{"0":"post-2826","1":"product","2":"type-product","3":"status-publish","4":"has-post-thumbnail","6":"product_cat-malerier","7":"product_cat-originaler-lerret","8":"product_cat-wild-bloom","9":"product_shipping_class-plakater","11":"first","12":"instock","13":"taxable","14":"shipping-taxable","15":"purchasable","16":"product-type-simple"},"bundled_by":[],"bundle_stock_status":"instock","bundle_stock_quantity":1,"bundle_virtual":false,"bundle_layout":"","bundle_add_to_cart_form_location":"","bundle_editable_in_cart":false,"bundle_sold_individually_context":"","bundle_item_grouping":"","bundle_min_size":"","bundle_max_size":"","bundle_price":[],"bundled_items":[],"bundle_sell_ids":[],"exclude_global_add_ons":[],"addons":[],"yoast_head":"<!-- This site is optimized with the Yoast SEO plugin v27.5 - https:\/\/yoast.com\/product\/yoast-seo-wordpress\/ -->\n<title>Wild Bloom No. 6 \u2013 originalt blomsterbilde p\u00e5 lerret (20x20 cm) | Poppyshoppen<\/title>\n<meta name=\"description\" content=\"H\u00e5ndmalt blomsterbilde p\u00e5 lerret i st\u00f8rrelsen 20x20 cm, perfekt for deg som \u00f8nsker et personlig kunstverk hjemme eller som gave.\" \/>\n<meta name=\"robots\" content=\"index, follow, max-snippet:-1, max-image-preview:large, max-video-preview:-1\" \/>\n<link rel=\"canonical\" href=\"https:\/\/poppyshoppen.no\/en\/product\/wild-bloom-no-6-originalt-blomsterbilde-pa-lerret-20x20-cm\/\" \/>\n<meta property=\"og:locale\" content=\"en_US\" \/>\n<meta property=\"og:type\" content=\"article\" \/>\n<meta property=\"og:title\" content=\"Wild Bloom No. 6 \u2013 originalt blomsterbilde p\u00e5 lerret (20x20 cm) | Poppyshoppen\" \/>\n<meta property=\"og:description\" content=\"H\u00e5ndmalt blomsterbilde p\u00e5 lerret i st\u00f8rrelsen 20x20 cm, perfekt for deg som \u00f8nsker et personlig kunstverk hjemme eller som gave.\" \/>\n<meta property=\"og:url\" content=\"https:\/\/poppyshoppen.no\/en\/product\/wild-bloom-no-6-originalt-blomsterbilde-pa-lerret-20x20-cm\/\" \/>\n<meta property=\"og:site_name\" content=\"Poppyshoppen\" \/>\n<meta property=\"article:publisher\" content=\"https:\/\/www.facebook.com\/profile.php?id=61558460251190\" \/>\n<meta property=\"og:image\" content=\"https:\/\/poppyshoppen.no\/wp-content\/uploads\/2026\/04\/Wild-Bloom-No.-6-warm-garden.webp\" \/>\n\t<meta property=\"og:image:width\" content=\"1200\" \/>\n\t<meta property=\"og:image:height\" content=\"1200\" \/>\n\t<meta property=\"og:image:type\" content=\"image\/webp\" \/>\n<meta name=\"twitter:card\" content=\"summary_large_image\" \/>\n<meta name=\"twitter:label1\" content=\"Est. reading time\" \/>\n\t<meta name=\"twitter:data1\" content=\"2 minutes\" \/>\n<script type=\"application\/ld+json\" class=\"yoast-schema-graph\">{\"@context\":\"https:\\\/\\\/schema.org\",\"@graph\":[{\"@type\":\"WebPage\",\"@id\":\"https:\\\/\\\/poppyshoppen.no\\\/produkt\\\/wild-bloom-no-6-originalt-blomsterbilde-pa-lerret-20x20-cm\\\/\",\"url\":\"https:\\\/\\\/poppyshoppen.no\\\/produkt\\\/wild-bloom-no-6-originalt-blomsterbilde-pa-lerret-20x20-cm\\\/\",\"name\":\"Wild Bloom No. 6 \u2013 originalt blomsterbilde p\u00e5 lerret (20x20 cm) | Poppyshoppen\",\"isPartOf\":{\"@id\":\"https:\\\/\\\/poppyshoppen.no\\\/#website\"},\"primaryImageOfPage\":{\"@id\":\"https:\\\/\\\/poppyshoppen.no\\\/produkt\\\/wild-bloom-no-6-originalt-blomsterbilde-pa-lerret-20x20-cm\\\/#primaryimage\"},\"image\":{\"@id\":\"https:\\\/\\\/poppyshoppen.no\\\/produkt\\\/wild-bloom-no-6-originalt-blomsterbilde-pa-lerret-20x20-cm\\\/#primaryimage\"},\"thumbnailUrl\":\"https:\\\/\\\/poppyshoppen.no\\\/wp-content\\\/uploads\\\/2026\\\/04\\\/Wild-Bloom-No.-6-warm-garden.webp\",\"datePublished\":\"2026-05-03T18:00:18+00:00\",\"description\":\"H\u00e5ndmalt blomsterbilde p\u00e5 lerret i st\u00f8rrelsen 20x20 cm, perfekt for deg som \u00f8nsker et personlig kunstverk hjemme eller som gave.\",\"breadcrumb\":{\"@id\":\"https:\\\/\\\/poppyshoppen.no\\\/produkt\\\/wild-bloom-no-6-originalt-blomsterbilde-pa-lerret-20x20-cm\\\/#breadcrumb\"},\"inLanguage\":\"en-US\",\"potentialAction\":[{\"@type\":\"ReadAction\",\"target\":[\"https:\\\/\\\/poppyshoppen.no\\\/produkt\\\/wild-bloom-no-6-originalt-blomsterbilde-pa-lerret-20x20-cm\\\/\"]}]},{\"@type\":\"ImageObject\",\"inLanguage\":\"en-US\",\"@id\":\"https:\\\/\\\/poppyshoppen.no\\\/produkt\\\/wild-bloom-no-6-originalt-blomsterbilde-pa-lerret-20x20-cm\\\/#primaryimage\",\"url\":\"https:\\\/\\\/poppyshoppen.no\\\/wp-content\\\/uploads\\\/2026\\\/04\\\/Wild-Bloom-No.-6-warm-garden.webp\",\"contentUrl\":\"https:\\\/\\\/poppyshoppen.no\\\/wp-content\\\/uploads\\\/2026\\\/04\\\/Wild-Bloom-No.-6-warm-garden.webp\",\"width\":1200,\"height\":1200,\"caption\":\"Wild Bloom No. 6 - warm garden produktbilde\"},{\"@type\":\"BreadcrumbList\",\"@id\":\"https:\\\/\\\/poppyshoppen.no\\\/produkt\\\/wild-bloom-no-6-originalt-blomsterbilde-pa-lerret-20x20-cm\\\/#breadcrumb\",\"itemListElement\":[{\"@type\":\"ListItem\",\"position\":1,\"name\":\"Hjem\",\"item\":\"https:\\\/\\\/poppyshoppen.no\\\/\"},{\"@type\":\"ListItem\",\"position\":2,\"name\":\"Shop\",\"item\":\"https:\\\/\\\/poppyshoppen.no\\\/shop\\\/\"},{\"@type\":\"ListItem\",\"position\":3,\"name\":\"Wild Bloom No. 6 \u2013 originalt blomsterbilde p\u00e5 lerret (20&#215;20 cm)\"}]},{\"@type\":\"WebSite\",\"@id\":\"https:\\\/\\\/poppyshoppen.no\\\/#website\",\"url\":\"https:\\\/\\\/poppyshoppen.no\\\/\",\"name\":\"Poppyshoppen\",\"description\":\"Gj\u00f8r hverdagen litt mer fargerik\",\"publisher\":{\"@id\":\"https:\\\/\\\/poppyshoppen.no\\\/#organization\"},\"potentialAction\":[{\"@type\":\"SearchAction\",\"target\":{\"@type\":\"EntryPoint\",\"urlTemplate\":\"https:\\\/\\\/poppyshoppen.no\\\/?s={search_term_string}\"},\"query-input\":{\"@type\":\"PropertyValueSpecification\",\"valueRequired\":true,\"valueName\":\"search_term_string\"}}],\"inLanguage\":\"en-US\"},{\"@type\":\"Organization\",\"@id\":\"https:\\\/\\\/poppyshoppen.no\\\/#organization\",\"name\":\"Poppyshoppen\",\"url\":\"https:\\\/\\\/poppyshoppen.no\\\/\",\"logo\":{\"@type\":\"ImageObject\",\"inLanguage\":\"en-US\",\"@id\":\"https:\\\/\\\/poppyshoppen.no\\\/#\\\/schema\\\/logo\\\/image\\\/\",\"url\":\"https:\\\/\\\/poppyshoppen.no\\\/wp-content\\\/uploads\\\/2024\\\/08\\\/cropped-poppyshoppen-logoikon.png\",\"contentUrl\":\"https:\\\/\\\/poppyshoppen.no\\\/wp-content\\\/uploads\\\/2024\\\/08\\\/cropped-poppyshoppen-logoikon.png\",\"width\":512,\"height\":512,\"caption\":\"Poppyshoppen\"},\"image\":{\"@id\":\"https:\\\/\\\/poppyshoppen.no\\\/#\\\/schema\\\/logo\\\/image\\\/\"},\"sameAs\":[\"https:\\\/\\\/www.facebook.com\\\/profile.php?id=61558460251190\",\"https:\\\/\\\/www.instagram.com\\\/poppyshoppen_no\\\/\"]}]}<\/script>\n<!-- \/ Yoast SEO plugin. -->","yoast_head_json":{"title":"Wild Bloom No. 6 \u2013 originalt blomsterbilde p\u00e5 lerret (20x20 cm) | Poppyshoppen","description":"H\u00e5ndmalt blomsterbilde p\u00e5 lerret i st\u00f8rrelsen 20x20 cm, perfekt for deg som \u00f8nsker et personlig kunstverk hjemme eller som gave.","robots":{"index":"index","follow":"follow","max-snippet":"max-snippet:-1","max-image-preview":"max-image-preview:large","max-video-preview":"max-video-preview:-1"},"canonical":"https:\/\/poppyshoppen.no\/en\/product\/wild-bloom-no-6-originalt-blomsterbilde-pa-lerret-20x20-cm\/","og_locale":"en_US","og_type":"article","og_title":"Wild Bloom No. 6 \u2013 originalt blomsterbilde p\u00e5 lerret (20x20 cm) | Poppyshoppen","og_description":"H\u00e5ndmalt blomsterbilde p\u00e5 lerret i st\u00f8rrelsen 20x20 cm, perfekt for deg som \u00f8nsker et personlig kunstverk hjemme eller som gave.","og_url":"https:\/\/poppyshoppen.no\/en\/product\/wild-bloom-no-6-originalt-blomsterbilde-pa-lerret-20x20-cm\/","og_site_name":"Poppyshoppen","article_publisher":"https:\/\/www.facebook.com\/profile.php?id=61558460251190","og_image":[{"width":1200,"height":1200,"url":"https:\/\/poppyshoppen.no\/wp-content\/uploads\/2026\/04\/Wild-Bloom-No.-6-warm-garden.webp","type":"image\/webp"}],"twitter_card":"summary_large_image","twitter_misc":{"Est. reading time":"2 minutes"},"schema":{"@context":"https:\/\/schema.org","@graph":[{"@type":"WebPage","@id":"https:\/\/poppyshoppen.no\/produkt\/wild-bloom-no-6-originalt-blomsterbilde-pa-lerret-20x20-cm\/","url":"https:\/\/poppyshoppen.no\/produkt\/wild-bloom-no-6-originalt-blomsterbilde-pa-lerret-20x20-cm\/","name":"Wild Bloom No. 6 \u2013 originalt blomsterbilde p\u00e5 lerret (20x20 cm) | Poppyshoppen","isPartOf":{"@id":"https:\/\/poppyshoppen.no\/#website"},"primaryImageOfPage":{"@id":"https:\/\/poppyshoppen.no\/produkt\/wild-bloom-no-6-originalt-blomsterbilde-pa-lerret-20x20-cm\/#primaryimage"},"image":{"@id":"https:\/\/poppyshoppen.no\/produkt\/wild-bloom-no-6-originalt-blomsterbilde-pa-lerret-20x20-cm\/#primaryimage"},"thumbnailUrl":"https:\/\/poppyshoppen.no\/wp-content\/uploads\/2026\/04\/Wild-Bloom-No.-6-warm-garden.webp","datePublished":"2026-05-03T18:00:18+00:00","description":"H\u00e5ndmalt blomsterbilde p\u00e5 lerret i st\u00f8rrelsen 20x20 cm, perfekt for deg som \u00f8nsker et personlig kunstverk hjemme eller som gave.","breadcrumb":{"@id":"https:\/\/poppyshoppen.no\/produkt\/wild-bloom-no-6-originalt-blomsterbilde-pa-lerret-20x20-cm\/#breadcrumb"},"inLanguage":"en-US","potentialAction":[{"@type":"ReadAction","target":["https:\/\/poppyshoppen.no\/produkt\/wild-bloom-no-6-originalt-blomsterbilde-pa-lerret-20x20-cm\/"]}]},{"@type":"ImageObject","inLanguage":"en-US","@id":"https:\/\/poppyshoppen.no\/produkt\/wild-bloom-no-6-originalt-blomsterbilde-pa-lerret-20x20-cm\/#primaryimage","url":"https:\/\/poppyshoppen.no\/wp-content\/uploads\/2026\/04\/Wild-Bloom-No.-6-warm-garden.webp","contentUrl":"https:\/\/poppyshoppen.no\/wp-content\/uploads\/2026\/04\/Wild-Bloom-No.-6-warm-garden.webp","width":1200,"height":1200,"caption":"Wild Bloom No. 6 - warm garden produktbilde"},{"@type":"BreadcrumbList","@id":"https:\/\/poppyshoppen.no\/produkt\/wild-bloom-no-6-originalt-blomsterbilde-pa-lerret-20x20-cm\/#breadcrumb","itemListElement":[{"@type":"ListItem","position":1,"name":"Hjem","item":"https:\/\/poppyshoppen.no\/"},{"@type":"ListItem","position":2,"name":"Shop","item":"https:\/\/poppyshoppen.no\/shop\/"},{"@type":"ListItem","position":3,"name":"Wild Bloom No. 6 \u2013 originalt blomsterbilde p\u00e5 lerret (20&#215;20 cm)"}]},{"@type":"WebSite","@id":"https:\/\/poppyshoppen.no\/#website","url":"https:\/\/poppyshoppen.no\/","name":"Poppyshoppen","description":"Gj\u00f8r hverdagen litt mer fargerik","publisher":{"@id":"https:\/\/poppyshoppen.no\/#organization"},"potentialAction":[{"@type":"SearchAction","target":{"@type":"EntryPoint","urlTemplate":"https:\/\/poppyshoppen.no\/?s={search_term_string}"},"query-input":{"@type":"PropertyValueSpecification","valueRequired":true,"valueName":"search_term_string"}}],"inLanguage":"en-US"},{"@type":"Organization","@id":"https:\/\/poppyshoppen.no\/#organization","name":"Poppyshoppen","url":"https:\/\/poppyshoppen.no\/","logo":{"@type":"ImageObject","inLanguage":"en-US","@id":"https:\/\/poppyshoppen.no\/#\/schema\/logo\/image\/","url":"https:\/\/poppyshoppen.no\/wp-content\/uploads\/2024\/08\/cropped-poppyshoppen-logoikon.png","contentUrl":"https:\/\/poppyshoppen.no\/wp-content\/uploads\/2024\/08\/cropped-poppyshoppen-logoikon.png","width":512,"height":512,"caption":"Poppyshoppen"},"image":{"@id":"https:\/\/poppyshoppen.no\/#\/schema\/logo\/image\/"},"sameAs":["https:\/\/www.facebook.com\/profile.php?id=61558460251190","https:\/\/www.instagram.com\/poppyshoppen_no\/"]}]}},"jetpack_sharing_enabled":true,"_links":{"self":[{"href":"https:\/\/poppyshoppen.no\/en\/wp-json\/wp\/v2\/product\/2826","targetHints":{"allow":["GET"]}}],"collection":[{"href":"https:\/\/poppyshoppen.no\/en\/wp-json\/wp\/v2\/product"}],"about":[{"href":"https:\/\/poppyshoppen.no\/en\/wp-json\/wp\/v2\/types\/product"}],"replies":[{"embeddable":true,"href":"https:\/\/poppyshoppen.no\/en\/wp-json\/wp\/v2\/comments?post=2826"}],"wp:featuredmedia":[{"embeddable":true,"href":"https:\/\/poppyshoppen.no\/en\/wp-json\/wp\/v2\/media\/2800"}],"wp:attachment":[{"href":"https:\/\/poppyshoppen.no\/en\/wp-json\/wp\/v2\/media?parent=2826"}],"wp:term":[{"taxonomy":"product_brand","embeddable":true,"href":"https:\/\/poppyshoppen.no\/en\/wp-json\/wp\/v2\/product_brand?post=2826"},{"taxonomy":"product_cat","embeddable":true,"href":"https:\/\/poppyshoppen.no\/en\/wp-json\/wp\/v2\/product_cat?post=2826"},{"taxonomy":"product_tag","embeddable":true,"href":"https:\/\/poppyshoppen.no\/en\/wp-json\/wp\/v2\/product_tag?post=2826"}],"curies":[{"name":"wp","href":"https:\/\/api.w.org\/{rel}","templated":true}]}}