{"id":2828,"date":"2026-05-03T19:00:17","date_gmt":"2026-05-03T18:00:17","guid":{"rendered":"https:\/\/poppyshoppen.no\/?post_type=product&#038;p=2828"},"modified":"2026-05-03T19:00:17","modified_gmt":"2026-05-03T18:00:17","slug":"wild-bloom-no-8-fargerikt-blomsterbilde-pa-lerret-20x20-cm","status":"publish","type":"product","link":"https:\/\/poppyshoppen.no\/en\/product\/wild-bloom-no-8-fargerikt-blomsterbilde-pa-lerret-20x20-cm\/","title":{"rendered":"Wild Bloom No. 8 \u2013 fargerikt blomsterbilde p\u00e5 lerret (20&#215;20 cm)"},"content":{"rendered":"<h2 data-start=\"2184\" data-end=\"2241\">Fargerikt blomsterbilde p\u00e5 lerret \u2013 Wild Bloom No. 8 \u2013 Green glow<\/h2>\n<p data-start=\"2243\" data-end=\"2405\">Dette er et fargerikt blomsterbilde som er malt p\u00e5 lerret i 20&#215;20 cm med 3 cm dybde. Et originalt kunstverk med tydelige gr\u00f8nne toner som gir en frisk f\u00f8lelse.<\/p>\n<p data-start=\"2407\" data-end=\"2638\">Motivet er bygget opp med flere lag, noe som gir et levende uttrykk og gj\u00f8r at bildet f\u00e5r dybde og liv. De gr\u00f8nne nyansene balanseres med varmere farger, noe som gj\u00f8r det enkelt \u00e5 kombinere med ulike interi\u00f8rstiler. Bildet passer godt i rom hvor du \u00f8nsker en liten fargeklatt, som for eksempel stue, gang eller hjemmekontor.<\/p>\n<p data-start=\"2746\" data-end=\"2806\">Dette er et originalt maleri, og finnes kun i ett eksemplar.<\/p>\n<p data-start=\"1101\" data-end=\"1226\"><strong data-start=\"1101\" data-end=\"1115\">St\u00f8rrelse:<\/strong> 20&#215;20 cm<br data-start=\"1124\" data-end=\"1127\" \/><strong data-start=\"1127\" data-end=\"1137\">Dybde:<\/strong> 3 cm<br data-start=\"1142\" data-end=\"1145\" \/><strong data-start=\"1145\" data-end=\"1159\">Materiale:<\/strong> Akryl p\u00e5 lerret<br data-start=\"1175\" data-end=\"1178\" \/><strong data-start=\"1178\" data-end=\"1187\">Type:<\/strong> Originalt kunstverk \/ h\u00e5ndmalt bilde<\/p>\n<p data-start=\"1084\" data-end=\"1189\">Her kan du se hele <a href=\"https:\/\/poppyshoppen.no\/en\/product-category\/malerier\/wild-bloom\/\">Wild Bloom kolleksjonen<\/a><\/p>","protected":false},"excerpt":{"rendered":"<p>H\u00e5ndmalt blomsterbilde p\u00e5 lerret i st\u00f8rrelsen 20&#215;20 cm<\/p>","protected":false},"featured_media":2804,"comment_status":"closed","ping_status":"closed","template":"","meta":[],"product_brand":[],"product_cat":[33,34,151],"product_tag":[],"class_list":{"0":"post-2828","1":"product","2":"type-product","3":"status-publish","4":"has-post-thumbnail","6":"product_cat-malerier","7":"product_cat-originaler-lerret","8":"product_cat-wild-bloom","9":"product_shipping_class-plakater","11":"first","12":"instock","13":"taxable","14":"shipping-taxable","15":"purchasable","16":"product-type-simple"},"bundled_by":[],"bundle_stock_status":"instock","bundle_stock_quantity":1,"bundle_virtual":false,"bundle_layout":"","bundle_add_to_cart_form_location":"","bundle_editable_in_cart":false,"bundle_sold_individually_context":"","bundle_item_grouping":"","bundle_min_size":"","bundle_max_size":"","bundle_price":[],"bundled_items":[],"bundle_sell_ids":[],"exclude_global_add_ons":[],"addons":[],"yoast_head":"<!-- This site is optimized with the Yoast SEO plugin v27.5 - https:\/\/yoast.com\/product\/yoast-seo-wordpress\/ -->\n<title>Wild Bloom No. 8 \u2013 fargerikt blomsterbilde p\u00e5 lerret (20x20 cm) | Poppyshoppen<\/title>\n<meta name=\"description\" content=\"Fargerikt blomsterbilde p\u00e5 lerret i st\u00f8rrelsen 20x20 cm, perfekt for deg som \u00f8nsker et personlig kunstverk hjemme eller som gave.\" \/>\n<meta name=\"robots\" content=\"index, follow, max-snippet:-1, max-image-preview:large, max-video-preview:-1\" \/>\n<link rel=\"canonical\" href=\"https:\/\/poppyshoppen.no\/en\/product\/wild-bloom-no-8-fargerikt-blomsterbilde-pa-lerret-20x20-cm\/\" \/>\n<meta property=\"og:locale\" content=\"en_US\" \/>\n<meta property=\"og:type\" content=\"article\" \/>\n<meta property=\"og:title\" content=\"Wild Bloom No. 8 \u2013 fargerikt blomsterbilde p\u00e5 lerret (20x20 cm) | Poppyshoppen\" \/>\n<meta property=\"og:description\" content=\"Fargerikt blomsterbilde p\u00e5 lerret i st\u00f8rrelsen 20x20 cm, perfekt for deg som \u00f8nsker et personlig kunstverk hjemme eller som gave.\" \/>\n<meta property=\"og:url\" content=\"https:\/\/poppyshoppen.no\/en\/product\/wild-bloom-no-8-fargerikt-blomsterbilde-pa-lerret-20x20-cm\/\" \/>\n<meta property=\"og:site_name\" content=\"Poppyshoppen\" \/>\n<meta property=\"article:publisher\" content=\"https:\/\/www.facebook.com\/profile.php?id=61558460251190\" \/>\n<meta property=\"og:image\" content=\"https:\/\/poppyshoppen.no\/wp-content\/uploads\/2026\/04\/Wild-Bloom-No.-8-green-glow.webp\" \/>\n\t<meta property=\"og:image:width\" content=\"1200\" \/>\n\t<meta property=\"og:image:height\" content=\"1200\" \/>\n\t<meta property=\"og:image:type\" content=\"image\/webp\" \/>\n<meta name=\"twitter:card\" content=\"summary_large_image\" \/>\n<meta name=\"twitter:label1\" content=\"Est. reading time\" \/>\n\t<meta name=\"twitter:data1\" content=\"1 minute\" \/>\n<script type=\"application\/ld+json\" class=\"yoast-schema-graph\">{\"@context\":\"https:\\\/\\\/schema.org\",\"@graph\":[{\"@type\":\"WebPage\",\"@id\":\"https:\\\/\\\/poppyshoppen.no\\\/produkt\\\/wild-bloom-no-8-fargerikt-blomsterbilde-pa-lerret-20x20-cm\\\/\",\"url\":\"https:\\\/\\\/poppyshoppen.no\\\/produkt\\\/wild-bloom-no-8-fargerikt-blomsterbilde-pa-lerret-20x20-cm\\\/\",\"name\":\"Wild Bloom No. 8 \u2013 fargerikt blomsterbilde p\u00e5 lerret (20x20 cm) | Poppyshoppen\",\"isPartOf\":{\"@id\":\"https:\\\/\\\/poppyshoppen.no\\\/#website\"},\"primaryImageOfPage\":{\"@id\":\"https:\\\/\\\/poppyshoppen.no\\\/produkt\\\/wild-bloom-no-8-fargerikt-blomsterbilde-pa-lerret-20x20-cm\\\/#primaryimage\"},\"image\":{\"@id\":\"https:\\\/\\\/poppyshoppen.no\\\/produkt\\\/wild-bloom-no-8-fargerikt-blomsterbilde-pa-lerret-20x20-cm\\\/#primaryimage\"},\"thumbnailUrl\":\"https:\\\/\\\/poppyshoppen.no\\\/wp-content\\\/uploads\\\/2026\\\/04\\\/Wild-Bloom-No.-8-green-glow.webp\",\"datePublished\":\"2026-05-03T18:00:17+00:00\",\"description\":\"Fargerikt blomsterbilde p\u00e5 lerret i st\u00f8rrelsen 20x20 cm, perfekt for deg som \u00f8nsker et personlig kunstverk hjemme eller som gave.\",\"breadcrumb\":{\"@id\":\"https:\\\/\\\/poppyshoppen.no\\\/produkt\\\/wild-bloom-no-8-fargerikt-blomsterbilde-pa-lerret-20x20-cm\\\/#breadcrumb\"},\"inLanguage\":\"en-US\",\"potentialAction\":[{\"@type\":\"ReadAction\",\"target\":[\"https:\\\/\\\/poppyshoppen.no\\\/produkt\\\/wild-bloom-no-8-fargerikt-blomsterbilde-pa-lerret-20x20-cm\\\/\"]}]},{\"@type\":\"ImageObject\",\"inLanguage\":\"en-US\",\"@id\":\"https:\\\/\\\/poppyshoppen.no\\\/produkt\\\/wild-bloom-no-8-fargerikt-blomsterbilde-pa-lerret-20x20-cm\\\/#primaryimage\",\"url\":\"https:\\\/\\\/poppyshoppen.no\\\/wp-content\\\/uploads\\\/2026\\\/04\\\/Wild-Bloom-No.-8-green-glow.webp\",\"contentUrl\":\"https:\\\/\\\/poppyshoppen.no\\\/wp-content\\\/uploads\\\/2026\\\/04\\\/Wild-Bloom-No.-8-green-glow.webp\",\"width\":1200,\"height\":1200,\"caption\":\"Wild Bloom No. 8 - green glow produktbilde\"},{\"@type\":\"BreadcrumbList\",\"@id\":\"https:\\\/\\\/poppyshoppen.no\\\/produkt\\\/wild-bloom-no-8-fargerikt-blomsterbilde-pa-lerret-20x20-cm\\\/#breadcrumb\",\"itemListElement\":[{\"@type\":\"ListItem\",\"position\":1,\"name\":\"Hjem\",\"item\":\"https:\\\/\\\/poppyshoppen.no\\\/\"},{\"@type\":\"ListItem\",\"position\":2,\"name\":\"Shop\",\"item\":\"https:\\\/\\\/poppyshoppen.no\\\/shop\\\/\"},{\"@type\":\"ListItem\",\"position\":3,\"name\":\"Wild Bloom No. 8 \u2013 fargerikt blomsterbilde p\u00e5 lerret (20&#215;20 cm)\"}]},{\"@type\":\"WebSite\",\"@id\":\"https:\\\/\\\/poppyshoppen.no\\\/#website\",\"url\":\"https:\\\/\\\/poppyshoppen.no\\\/\",\"name\":\"Poppyshoppen\",\"description\":\"Gj\u00f8r hverdagen litt mer fargerik\",\"publisher\":{\"@id\":\"https:\\\/\\\/poppyshoppen.no\\\/#organization\"},\"potentialAction\":[{\"@type\":\"SearchAction\",\"target\":{\"@type\":\"EntryPoint\",\"urlTemplate\":\"https:\\\/\\\/poppyshoppen.no\\\/?s={search_term_string}\"},\"query-input\":{\"@type\":\"PropertyValueSpecification\",\"valueRequired\":true,\"valueName\":\"search_term_string\"}}],\"inLanguage\":\"en-US\"},{\"@type\":\"Organization\",\"@id\":\"https:\\\/\\\/poppyshoppen.no\\\/#organization\",\"name\":\"Poppyshoppen\",\"url\":\"https:\\\/\\\/poppyshoppen.no\\\/\",\"logo\":{\"@type\":\"ImageObject\",\"inLanguage\":\"en-US\",\"@id\":\"https:\\\/\\\/poppyshoppen.no\\\/#\\\/schema\\\/logo\\\/image\\\/\",\"url\":\"https:\\\/\\\/poppyshoppen.no\\\/wp-content\\\/uploads\\\/2024\\\/08\\\/cropped-poppyshoppen-logoikon.png\",\"contentUrl\":\"https:\\\/\\\/poppyshoppen.no\\\/wp-content\\\/uploads\\\/2024\\\/08\\\/cropped-poppyshoppen-logoikon.png\",\"width\":512,\"height\":512,\"caption\":\"Poppyshoppen\"},\"image\":{\"@id\":\"https:\\\/\\\/poppyshoppen.no\\\/#\\\/schema\\\/logo\\\/image\\\/\"},\"sameAs\":[\"https:\\\/\\\/www.facebook.com\\\/profile.php?id=61558460251190\",\"https:\\\/\\\/www.instagram.com\\\/poppyshoppen_no\\\/\"]}]}<\/script>\n<!-- \/ Yoast SEO plugin. -->","yoast_head_json":{"title":"Wild Bloom No. 8 \u2013 fargerikt blomsterbilde p\u00e5 lerret (20x20 cm) | Poppyshoppen","description":"Fargerikt blomsterbilde p\u00e5 lerret i st\u00f8rrelsen 20x20 cm, perfekt for deg som \u00f8nsker et personlig kunstverk hjemme eller som gave.","robots":{"index":"index","follow":"follow","max-snippet":"max-snippet:-1","max-image-preview":"max-image-preview:large","max-video-preview":"max-video-preview:-1"},"canonical":"https:\/\/poppyshoppen.no\/en\/product\/wild-bloom-no-8-fargerikt-blomsterbilde-pa-lerret-20x20-cm\/","og_locale":"en_US","og_type":"article","og_title":"Wild Bloom No. 8 \u2013 fargerikt blomsterbilde p\u00e5 lerret (20x20 cm) | Poppyshoppen","og_description":"Fargerikt blomsterbilde p\u00e5 lerret i st\u00f8rrelsen 20x20 cm, perfekt for deg som \u00f8nsker et personlig kunstverk hjemme eller som gave.","og_url":"https:\/\/poppyshoppen.no\/en\/product\/wild-bloom-no-8-fargerikt-blomsterbilde-pa-lerret-20x20-cm\/","og_site_name":"Poppyshoppen","article_publisher":"https:\/\/www.facebook.com\/profile.php?id=61558460251190","og_image":[{"width":1200,"height":1200,"url":"https:\/\/poppyshoppen.no\/wp-content\/uploads\/2026\/04\/Wild-Bloom-No.-8-green-glow.webp","type":"image\/webp"}],"twitter_card":"summary_large_image","twitter_misc":{"Est. reading time":"1 minute"},"schema":{"@context":"https:\/\/schema.org","@graph":[{"@type":"WebPage","@id":"https:\/\/poppyshoppen.no\/produkt\/wild-bloom-no-8-fargerikt-blomsterbilde-pa-lerret-20x20-cm\/","url":"https:\/\/poppyshoppen.no\/produkt\/wild-bloom-no-8-fargerikt-blomsterbilde-pa-lerret-20x20-cm\/","name":"Wild Bloom No. 8 \u2013 fargerikt blomsterbilde p\u00e5 lerret (20x20 cm) | Poppyshoppen","isPartOf":{"@id":"https:\/\/poppyshoppen.no\/#website"},"primaryImageOfPage":{"@id":"https:\/\/poppyshoppen.no\/produkt\/wild-bloom-no-8-fargerikt-blomsterbilde-pa-lerret-20x20-cm\/#primaryimage"},"image":{"@id":"https:\/\/poppyshoppen.no\/produkt\/wild-bloom-no-8-fargerikt-blomsterbilde-pa-lerret-20x20-cm\/#primaryimage"},"thumbnailUrl":"https:\/\/poppyshoppen.no\/wp-content\/uploads\/2026\/04\/Wild-Bloom-No.-8-green-glow.webp","datePublished":"2026-05-03T18:00:17+00:00","description":"Fargerikt blomsterbilde p\u00e5 lerret i st\u00f8rrelsen 20x20 cm, perfekt for deg som \u00f8nsker et personlig kunstverk hjemme eller som gave.","breadcrumb":{"@id":"https:\/\/poppyshoppen.no\/produkt\/wild-bloom-no-8-fargerikt-blomsterbilde-pa-lerret-20x20-cm\/#breadcrumb"},"inLanguage":"en-US","potentialAction":[{"@type":"ReadAction","target":["https:\/\/poppyshoppen.no\/produkt\/wild-bloom-no-8-fargerikt-blomsterbilde-pa-lerret-20x20-cm\/"]}]},{"@type":"ImageObject","inLanguage":"en-US","@id":"https:\/\/poppyshoppen.no\/produkt\/wild-bloom-no-8-fargerikt-blomsterbilde-pa-lerret-20x20-cm\/#primaryimage","url":"https:\/\/poppyshoppen.no\/wp-content\/uploads\/2026\/04\/Wild-Bloom-No.-8-green-glow.webp","contentUrl":"https:\/\/poppyshoppen.no\/wp-content\/uploads\/2026\/04\/Wild-Bloom-No.-8-green-glow.webp","width":1200,"height":1200,"caption":"Wild Bloom No. 8 - green glow produktbilde"},{"@type":"BreadcrumbList","@id":"https:\/\/poppyshoppen.no\/produkt\/wild-bloom-no-8-fargerikt-blomsterbilde-pa-lerret-20x20-cm\/#breadcrumb","itemListElement":[{"@type":"ListItem","position":1,"name":"Hjem","item":"https:\/\/poppyshoppen.no\/"},{"@type":"ListItem","position":2,"name":"Shop","item":"https:\/\/poppyshoppen.no\/shop\/"},{"@type":"ListItem","position":3,"name":"Wild Bloom No. 8 \u2013 fargerikt blomsterbilde p\u00e5 lerret (20&#215;20 cm)"}]},{"@type":"WebSite","@id":"https:\/\/poppyshoppen.no\/#website","url":"https:\/\/poppyshoppen.no\/","name":"Poppyshoppen","description":"Gj\u00f8r hverdagen litt mer fargerik","publisher":{"@id":"https:\/\/poppyshoppen.no\/#organization"},"potentialAction":[{"@type":"SearchAction","target":{"@type":"EntryPoint","urlTemplate":"https:\/\/poppyshoppen.no\/?s={search_term_string}"},"query-input":{"@type":"PropertyValueSpecification","valueRequired":true,"valueName":"search_term_string"}}],"inLanguage":"en-US"},{"@type":"Organization","@id":"https:\/\/poppyshoppen.no\/#organization","name":"Poppyshoppen","url":"https:\/\/poppyshoppen.no\/","logo":{"@type":"ImageObject","inLanguage":"en-US","@id":"https:\/\/poppyshoppen.no\/#\/schema\/logo\/image\/","url":"https:\/\/poppyshoppen.no\/wp-content\/uploads\/2024\/08\/cropped-poppyshoppen-logoikon.png","contentUrl":"https:\/\/poppyshoppen.no\/wp-content\/uploads\/2024\/08\/cropped-poppyshoppen-logoikon.png","width":512,"height":512,"caption":"Poppyshoppen"},"image":{"@id":"https:\/\/poppyshoppen.no\/#\/schema\/logo\/image\/"},"sameAs":["https:\/\/www.facebook.com\/profile.php?id=61558460251190","https:\/\/www.instagram.com\/poppyshoppen_no\/"]}]}},"jetpack_sharing_enabled":true,"_links":{"self":[{"href":"https:\/\/poppyshoppen.no\/en\/wp-json\/wp\/v2\/product\/2828","targetHints":{"allow":["GET"]}}],"collection":[{"href":"https:\/\/poppyshoppen.no\/en\/wp-json\/wp\/v2\/product"}],"about":[{"href":"https:\/\/poppyshoppen.no\/en\/wp-json\/wp\/v2\/types\/product"}],"replies":[{"embeddable":true,"href":"https:\/\/poppyshoppen.no\/en\/wp-json\/wp\/v2\/comments?post=2828"}],"wp:featuredmedia":[{"embeddable":true,"href":"https:\/\/poppyshoppen.no\/en\/wp-json\/wp\/v2\/media\/2804"}],"wp:attachment":[{"href":"https:\/\/poppyshoppen.no\/en\/wp-json\/wp\/v2\/media?parent=2828"}],"wp:term":[{"taxonomy":"product_brand","embeddable":true,"href":"https:\/\/poppyshoppen.no\/en\/wp-json\/wp\/v2\/product_brand?post=2828"},{"taxonomy":"product_cat","embeddable":true,"href":"https:\/\/poppyshoppen.no\/en\/wp-json\/wp\/v2\/product_cat?post=2828"},{"taxonomy":"product_tag","embeddable":true,"href":"https:\/\/poppyshoppen.no\/en\/wp-json\/wp\/v2\/product_tag?post=2828"}],"curies":[{"name":"wp","href":"https:\/\/api.w.org\/{rel}","templated":true}]}}