{"id":2879,"date":"2026-05-11T11:52:28","date_gmt":"2026-05-11T10:52:28","guid":{"rendered":"https:\/\/poppyshoppen.no\/?post_type=product&#038;p=2879"},"modified":"2026-05-11T12:23:12","modified_gmt":"2026-05-11T11:23:12","slug":"sett-med-penner-til-sykepleiere-just-for-nurses","status":"publish","type":"product","link":"https:\/\/poppyshoppen.no\/en\/product\/sett-med-penner-til-sykepleiere-just-for-nurses\/","title":{"rendered":"Sett med penner til sykepleiere &laquo;just for nurses&raquo;"},"content":{"rendered":"<p data-start=\"508\" data-end=\"782\">Sett med penner til sykepleiere &laquo;just for nurses&raquo; er et s\u00f8tt og praktisk pennsett laget spesielt for sykepleiere og andre hverdagshelter i helsevesenet. Settet inneholder 5 fine penner med sm\u00e5 oppmuntrende tekster, perfekt som en liten gave, slutte p\u00e5 jobben-hilsen eller en koselig ekstra oppmerksomhet i hverdagen til noen som gj\u00f8r en viktig jobb.<\/p>\n<p data-start=\"984\" data-end=\"1227\">Settet inneholder 5 svarte blekkpenner i friske farger, dekorert med gullfargede detaljer og hyggelige tekster som passer perfekt til en travel arbeidsdag. Pennene kommer p\u00e5 et fint backing card og er en gave som b\u00e5de er praktisk og personlig.<\/p>\n<p data-start=\"1229\" data-end=\"1324\">Perfekt som gave til en kollega, venninne, mamma, s\u00f8ster eller noen du vil si \u201ctusen takk\u201d til.<\/p>\n<ul>\n<li data-section-id=\"1rw4j51\" data-start=\"1351\" data-end=\"1372\">Sett med 5 penner<\/li>\n<li data-section-id=\"8738xt\" data-start=\"1373\" data-end=\"1388\">Svart blekk<\/li>\n<li data-section-id=\"1uiklhh\" data-start=\"1389\" data-end=\"1434\">Fargerike penner med gullfargede detaljer<\/li>\n<li data-section-id=\"e34sfp\" data-start=\"1435\" data-end=\"1473\">Leveres p\u00e5 dekorativt backing card<\/li>\n<li data-section-id=\"wiq51t\" data-start=\"1506\" data-end=\"1546\">Designet i Asheville, North Carolina<\/li>\n<li data-section-id=\"t91v1c\" data-start=\"1547\" data-end=\"1603\">Fin gave til sykepleier, helsearbeider eller student<\/li>\n<\/ul>\n<p>Finnes ogs\u00e5 til <a href=\"https:\/\/poppyshoppen.no\/en\/product\/love-you-bestie-pennsett-med-5-penner\/\">bestevenner<\/a> og <a href=\"https:\/\/poppyshoppen.no\/en\/product\/adhd-girlie-pennsett-med-5-penner\/\">venner som elsker hverdagskaos<\/a><\/p>","protected":false},"excerpt":{"rendered":"<p>Et s\u00f8tt og praktisk pennsett laget spesielt for sykepleiere og andre hverdagshelter i helsevesenet.<\/p>","protected":false},"featured_media":2880,"comment_status":"closed","ping_status":"closed","template":"","meta":[],"product_brand":[],"product_cat":[39,36],"product_tag":[152,153],"class_list":{"0":"post-2879","1":"product","2":"type-product","3":"status-publish","4":"has-post-thumbnail","6":"product_cat-skrivesaker","7":"product_cat-til-skrivepulten","8":"product_tag-penner","9":"product_tag-pennesett","11":"first","12":"instock","13":"taxable","14":"shipping-taxable","15":"purchasable","16":"product-type-simple"},"bundled_by":[],"bundle_stock_status":"instock","bundle_stock_quantity":3,"bundle_virtual":false,"bundle_layout":"","bundle_add_to_cart_form_location":"","bundle_editable_in_cart":false,"bundle_sold_individually_context":"","bundle_item_grouping":"","bundle_min_size":"","bundle_max_size":"","bundle_price":[],"bundled_items":[],"bundle_sell_ids":[],"exclude_global_add_ons":[],"addons":[],"yoast_head":"<!-- This site is optimized with the Yoast SEO plugin v27.5 - https:\/\/yoast.com\/product\/yoast-seo-wordpress\/ -->\n<title>Sett med penner til sykepleiere &quot;just for nurses&quot; | Poppyshoppen<\/title>\n<meta name=\"description\" content=\"Sett med penner til sykepleiere &quot;just for nurses&quot; er et s\u00f8tt og praktisk pennsett laget spesielt for sykepleiere og andre hverdagshelter i helsevesenet.\" \/>\n<meta name=\"robots\" content=\"index, follow, max-snippet:-1, max-image-preview:large, max-video-preview:-1\" \/>\n<link rel=\"canonical\" href=\"https:\/\/poppyshoppen.no\/en\/product\/sett-med-penner-til-sykepleiere-just-for-nurses\/\" \/>\n<meta property=\"og:locale\" content=\"en_US\" \/>\n<meta property=\"og:type\" content=\"article\" \/>\n<meta property=\"og:title\" content=\"Sett med penner til sykepleiere &quot;just for nurses&quot; | Poppyshoppen\" \/>\n<meta property=\"og:description\" content=\"Sett med penner til sykepleiere &quot;just for nurses&quot; er et s\u00f8tt og praktisk pennsett laget spesielt for sykepleiere og andre hverdagshelter i helsevesenet.\" \/>\n<meta property=\"og:url\" content=\"https:\/\/poppyshoppen.no\/en\/product\/sett-med-penner-til-sykepleiere-just-for-nurses\/\" \/>\n<meta property=\"og:site_name\" content=\"Poppyshoppen\" \/>\n<meta property=\"article:publisher\" content=\"https:\/\/www.facebook.com\/profile.php?id=61558460251190\" \/>\n<meta property=\"article:modified_time\" content=\"2026-05-11T11:23:12+00:00\" \/>\n<meta property=\"og:image\" content=\"https:\/\/poppyshoppen.no\/wp-content\/uploads\/2026\/05\/just-for-nurses-bare-for-sykepleiere-penn-1.webp\" \/>\n\t<meta property=\"og:image:width\" content=\"1500\" \/>\n\t<meta property=\"og:image:height\" content=\"1500\" \/>\n\t<meta property=\"og:image:type\" content=\"image\/webp\" \/>\n<meta name=\"twitter:card\" content=\"summary_large_image\" \/>\n<meta name=\"twitter:label1\" content=\"Est. reading time\" \/>\n\t<meta name=\"twitter:data1\" content=\"2 minutes\" \/>\n<script type=\"application\/ld+json\" class=\"yoast-schema-graph\">{\"@context\":\"https:\\\/\\\/schema.org\",\"@graph\":[{\"@type\":\"WebPage\",\"@id\":\"https:\\\/\\\/poppyshoppen.no\\\/produkt\\\/sett-med-penner-til-sykepleiere-just-for-nurses\\\/\",\"url\":\"https:\\\/\\\/poppyshoppen.no\\\/produkt\\\/sett-med-penner-til-sykepleiere-just-for-nurses\\\/\",\"name\":\"Sett med penner til sykepleiere \\\"just for nurses\\\" | Poppyshoppen\",\"isPartOf\":{\"@id\":\"https:\\\/\\\/poppyshoppen.no\\\/#website\"},\"primaryImageOfPage\":{\"@id\":\"https:\\\/\\\/poppyshoppen.no\\\/produkt\\\/sett-med-penner-til-sykepleiere-just-for-nurses\\\/#primaryimage\"},\"image\":{\"@id\":\"https:\\\/\\\/poppyshoppen.no\\\/produkt\\\/sett-med-penner-til-sykepleiere-just-for-nurses\\\/#primaryimage\"},\"thumbnailUrl\":\"https:\\\/\\\/poppyshoppen.no\\\/wp-content\\\/uploads\\\/2026\\\/05\\\/just-for-nurses-bare-for-sykepleiere-penn-1.webp\",\"datePublished\":\"2026-05-11T10:52:28+00:00\",\"dateModified\":\"2026-05-11T11:23:12+00:00\",\"description\":\"Sett med penner til sykepleiere \\\"just for nurses\\\" er et s\u00f8tt og praktisk pennsett laget spesielt for sykepleiere og andre hverdagshelter i helsevesenet.\",\"breadcrumb\":{\"@id\":\"https:\\\/\\\/poppyshoppen.no\\\/produkt\\\/sett-med-penner-til-sykepleiere-just-for-nurses\\\/#breadcrumb\"},\"inLanguage\":\"en-US\",\"potentialAction\":[{\"@type\":\"ReadAction\",\"target\":[\"https:\\\/\\\/poppyshoppen.no\\\/produkt\\\/sett-med-penner-til-sykepleiere-just-for-nurses\\\/\"]}]},{\"@type\":\"ImageObject\",\"inLanguage\":\"en-US\",\"@id\":\"https:\\\/\\\/poppyshoppen.no\\\/produkt\\\/sett-med-penner-til-sykepleiere-just-for-nurses\\\/#primaryimage\",\"url\":\"https:\\\/\\\/poppyshoppen.no\\\/wp-content\\\/uploads\\\/2026\\\/05\\\/just-for-nurses-bare-for-sykepleiere-penn-1.webp\",\"contentUrl\":\"https:\\\/\\\/poppyshoppen.no\\\/wp-content\\\/uploads\\\/2026\\\/05\\\/just-for-nurses-bare-for-sykepleiere-penn-1.webp\",\"width\":1500,\"height\":1500,\"caption\":\"sett med penner \\\"just for nurses\\\" - kun for sykepleiere.\"},{\"@type\":\"BreadcrumbList\",\"@id\":\"https:\\\/\\\/poppyshoppen.no\\\/produkt\\\/sett-med-penner-til-sykepleiere-just-for-nurses\\\/#breadcrumb\",\"itemListElement\":[{\"@type\":\"ListItem\",\"position\":1,\"name\":\"Hjem\",\"item\":\"https:\\\/\\\/poppyshoppen.no\\\/\"},{\"@type\":\"ListItem\",\"position\":2,\"name\":\"Shop\",\"item\":\"https:\\\/\\\/poppyshoppen.no\\\/shop\\\/\"},{\"@type\":\"ListItem\",\"position\":3,\"name\":\"Sett med penner til sykepleiere &laquo;just for nurses&raquo;\"}]},{\"@type\":\"WebSite\",\"@id\":\"https:\\\/\\\/poppyshoppen.no\\\/#website\",\"url\":\"https:\\\/\\\/poppyshoppen.no\\\/\",\"name\":\"Poppyshoppen\",\"description\":\"Gj\u00f8r hverdagen litt mer fargerik\",\"publisher\":{\"@id\":\"https:\\\/\\\/poppyshoppen.no\\\/#organization\"},\"potentialAction\":[{\"@type\":\"SearchAction\",\"target\":{\"@type\":\"EntryPoint\",\"urlTemplate\":\"https:\\\/\\\/poppyshoppen.no\\\/?s={search_term_string}\"},\"query-input\":{\"@type\":\"PropertyValueSpecification\",\"valueRequired\":true,\"valueName\":\"search_term_string\"}}],\"inLanguage\":\"en-US\"},{\"@type\":\"Organization\",\"@id\":\"https:\\\/\\\/poppyshoppen.no\\\/#organization\",\"name\":\"Poppyshoppen\",\"url\":\"https:\\\/\\\/poppyshoppen.no\\\/\",\"logo\":{\"@type\":\"ImageObject\",\"inLanguage\":\"en-US\",\"@id\":\"https:\\\/\\\/poppyshoppen.no\\\/#\\\/schema\\\/logo\\\/image\\\/\",\"url\":\"https:\\\/\\\/poppyshoppen.no\\\/wp-content\\\/uploads\\\/2024\\\/08\\\/cropped-poppyshoppen-logoikon.png\",\"contentUrl\":\"https:\\\/\\\/poppyshoppen.no\\\/wp-content\\\/uploads\\\/2024\\\/08\\\/cropped-poppyshoppen-logoikon.png\",\"width\":512,\"height\":512,\"caption\":\"Poppyshoppen\"},\"image\":{\"@id\":\"https:\\\/\\\/poppyshoppen.no\\\/#\\\/schema\\\/logo\\\/image\\\/\"},\"sameAs\":[\"https:\\\/\\\/www.facebook.com\\\/profile.php?id=61558460251190\",\"https:\\\/\\\/www.instagram.com\\\/poppyshoppen_no\\\/\"]}]}<\/script>\n<!-- \/ Yoast SEO plugin. -->","yoast_head_json":{"title":"Sett med penner til sykepleiere \"just for nurses\" | Poppyshoppen","description":"Sett med penner til sykepleiere \"just for nurses\" er et s\u00f8tt og praktisk pennsett laget spesielt for sykepleiere og andre hverdagshelter i helsevesenet.","robots":{"index":"index","follow":"follow","max-snippet":"max-snippet:-1","max-image-preview":"max-image-preview:large","max-video-preview":"max-video-preview:-1"},"canonical":"https:\/\/poppyshoppen.no\/en\/product\/sett-med-penner-til-sykepleiere-just-for-nurses\/","og_locale":"en_US","og_type":"article","og_title":"Sett med penner til sykepleiere \"just for nurses\" | Poppyshoppen","og_description":"Sett med penner til sykepleiere \"just for nurses\" er et s\u00f8tt og praktisk pennsett laget spesielt for sykepleiere og andre hverdagshelter i helsevesenet.","og_url":"https:\/\/poppyshoppen.no\/en\/product\/sett-med-penner-til-sykepleiere-just-for-nurses\/","og_site_name":"Poppyshoppen","article_publisher":"https:\/\/www.facebook.com\/profile.php?id=61558460251190","article_modified_time":"2026-05-11T11:23:12+00:00","og_image":[{"width":1500,"height":1500,"url":"https:\/\/poppyshoppen.no\/wp-content\/uploads\/2026\/05\/just-for-nurses-bare-for-sykepleiere-penn-1.webp","type":"image\/webp"}],"twitter_card":"summary_large_image","twitter_misc":{"Est. reading time":"2 minutes"},"schema":{"@context":"https:\/\/schema.org","@graph":[{"@type":"WebPage","@id":"https:\/\/poppyshoppen.no\/produkt\/sett-med-penner-til-sykepleiere-just-for-nurses\/","url":"https:\/\/poppyshoppen.no\/produkt\/sett-med-penner-til-sykepleiere-just-for-nurses\/","name":"Sett med penner til sykepleiere \"just for nurses\" | Poppyshoppen","isPartOf":{"@id":"https:\/\/poppyshoppen.no\/#website"},"primaryImageOfPage":{"@id":"https:\/\/poppyshoppen.no\/produkt\/sett-med-penner-til-sykepleiere-just-for-nurses\/#primaryimage"},"image":{"@id":"https:\/\/poppyshoppen.no\/produkt\/sett-med-penner-til-sykepleiere-just-for-nurses\/#primaryimage"},"thumbnailUrl":"https:\/\/poppyshoppen.no\/wp-content\/uploads\/2026\/05\/just-for-nurses-bare-for-sykepleiere-penn-1.webp","datePublished":"2026-05-11T10:52:28+00:00","dateModified":"2026-05-11T11:23:12+00:00","description":"Sett med penner til sykepleiere \"just for nurses\" er et s\u00f8tt og praktisk pennsett laget spesielt for sykepleiere og andre hverdagshelter i helsevesenet.","breadcrumb":{"@id":"https:\/\/poppyshoppen.no\/produkt\/sett-med-penner-til-sykepleiere-just-for-nurses\/#breadcrumb"},"inLanguage":"en-US","potentialAction":[{"@type":"ReadAction","target":["https:\/\/poppyshoppen.no\/produkt\/sett-med-penner-til-sykepleiere-just-for-nurses\/"]}]},{"@type":"ImageObject","inLanguage":"en-US","@id":"https:\/\/poppyshoppen.no\/produkt\/sett-med-penner-til-sykepleiere-just-for-nurses\/#primaryimage","url":"https:\/\/poppyshoppen.no\/wp-content\/uploads\/2026\/05\/just-for-nurses-bare-for-sykepleiere-penn-1.webp","contentUrl":"https:\/\/poppyshoppen.no\/wp-content\/uploads\/2026\/05\/just-for-nurses-bare-for-sykepleiere-penn-1.webp","width":1500,"height":1500,"caption":"sett med penner \"just for nurses\" - kun for sykepleiere."},{"@type":"BreadcrumbList","@id":"https:\/\/poppyshoppen.no\/produkt\/sett-med-penner-til-sykepleiere-just-for-nurses\/#breadcrumb","itemListElement":[{"@type":"ListItem","position":1,"name":"Hjem","item":"https:\/\/poppyshoppen.no\/"},{"@type":"ListItem","position":2,"name":"Shop","item":"https:\/\/poppyshoppen.no\/shop\/"},{"@type":"ListItem","position":3,"name":"Sett med penner til sykepleiere &laquo;just for nurses&raquo;"}]},{"@type":"WebSite","@id":"https:\/\/poppyshoppen.no\/#website","url":"https:\/\/poppyshoppen.no\/","name":"Poppyshoppen","description":"Gj\u00f8r hverdagen litt mer fargerik","publisher":{"@id":"https:\/\/poppyshoppen.no\/#organization"},"potentialAction":[{"@type":"SearchAction","target":{"@type":"EntryPoint","urlTemplate":"https:\/\/poppyshoppen.no\/?s={search_term_string}"},"query-input":{"@type":"PropertyValueSpecification","valueRequired":true,"valueName":"search_term_string"}}],"inLanguage":"en-US"},{"@type":"Organization","@id":"https:\/\/poppyshoppen.no\/#organization","name":"Poppyshoppen","url":"https:\/\/poppyshoppen.no\/","logo":{"@type":"ImageObject","inLanguage":"en-US","@id":"https:\/\/poppyshoppen.no\/#\/schema\/logo\/image\/","url":"https:\/\/poppyshoppen.no\/wp-content\/uploads\/2024\/08\/cropped-poppyshoppen-logoikon.png","contentUrl":"https:\/\/poppyshoppen.no\/wp-content\/uploads\/2024\/08\/cropped-poppyshoppen-logoikon.png","width":512,"height":512,"caption":"Poppyshoppen"},"image":{"@id":"https:\/\/poppyshoppen.no\/#\/schema\/logo\/image\/"},"sameAs":["https:\/\/www.facebook.com\/profile.php?id=61558460251190","https:\/\/www.instagram.com\/poppyshoppen_no\/"]}]}},"jetpack_sharing_enabled":true,"_links":{"self":[{"href":"https:\/\/poppyshoppen.no\/en\/wp-json\/wp\/v2\/product\/2879","targetHints":{"allow":["GET"]}}],"collection":[{"href":"https:\/\/poppyshoppen.no\/en\/wp-json\/wp\/v2\/product"}],"about":[{"href":"https:\/\/poppyshoppen.no\/en\/wp-json\/wp\/v2\/types\/product"}],"replies":[{"embeddable":true,"href":"https:\/\/poppyshoppen.no\/en\/wp-json\/wp\/v2\/comments?post=2879"}],"wp:featuredmedia":[{"embeddable":true,"href":"https:\/\/poppyshoppen.no\/en\/wp-json\/wp\/v2\/media\/2880"}],"wp:attachment":[{"href":"https:\/\/poppyshoppen.no\/en\/wp-json\/wp\/v2\/media?parent=2879"}],"wp:term":[{"taxonomy":"product_brand","embeddable":true,"href":"https:\/\/poppyshoppen.no\/en\/wp-json\/wp\/v2\/product_brand?post=2879"},{"taxonomy":"product_cat","embeddable":true,"href":"https:\/\/poppyshoppen.no\/en\/wp-json\/wp\/v2\/product_cat?post=2879"},{"taxonomy":"product_tag","embeddable":true,"href":"https:\/\/poppyshoppen.no\/en\/wp-json\/wp\/v2\/product_tag?post=2879"}],"curies":[{"name":"wp","href":"https:\/\/api.w.org\/{rel}","templated":true}]}}