{"id":2882,"date":"2026-05-11T11:55:17","date_gmt":"2026-05-11T10:55:17","guid":{"rendered":"https:\/\/poppyshoppen.no\/?post_type=product&#038;p=2882"},"modified":"2026-05-11T12:19:45","modified_gmt":"2026-05-11T11:19:45","slug":"love-you-bestie-pennsett-med-5-penner","status":"publish","type":"product","link":"https:\/\/poppyshoppen.no\/en\/product\/love-you-bestie-pennsett-med-5-penner\/","title":{"rendered":"Love You Bestie pennsett med 5 penner"},"content":{"rendered":"<p data-start=\"694\" data-end=\"725\">Love You Bestie pennsett med 5 penner. Si det med en penn, eller fem! <strong data-start=\"727\" data-end=\"755\">Love You Bestie pennsett<\/strong> er en koselig og morsom gave til bestevenninnen din, kollegaen du ler mest med, s\u00f8steren din eller noen som fortjener en liten p\u00e5minnelse om hvor glad du er i dem.<\/p>\n<p data-start=\"921\" data-end=\"1142\">Settet best\u00e5r av 5 fargerike penner med svart blekk og gullfargede detaljer. Pennene kommer p\u00e5 et dekorativt backing card, klare til \u00e5 gis bort som en liten gave. Perfekt til skrivebordet, notatboken, kalenderen eller vesken.<\/p>\n<p data-start=\"1144\" data-end=\"1294\">En liten, koselig og fin gave som passer like godt til bursdag som til jul, venninnekveld, adventskalender eller som en s\u00f8t overraskelse i hverdagen.<\/p>\n<ul data-start=\"1321\" data-end=\"1575\">\n<li data-section-id=\"1rw4j51\" data-start=\"1321\" data-end=\"1342\">Sett med 5 penner<\/li>\n<li data-section-id=\"8738xt\" data-start=\"1343\" data-end=\"1358\">Svart blekk<\/li>\n<li data-section-id=\"1uiklhh\" data-start=\"1359\" data-end=\"1404\">Fargerike penner med gullfargede detaljer<\/li>\n<li data-section-id=\"e34sfp\" data-start=\"1405\" data-end=\"1443\">Leveres p\u00e5 dekorativt backing card<\/li>\n<li data-section-id=\"wiq51t\" data-start=\"1476\" data-end=\"1516\">Designet i Asheville, North Carolina<\/li>\n<li data-section-id=\"tl902y\" data-start=\"1517\" data-end=\"1575\">Fin gave til bestevenninne, s\u00f8ster, kollega eller venn<\/li>\n<\/ul>\n<p>Finnes ogs\u00e5 til <a href=\"https:\/\/poppyshoppen.no\/en\/product\/sett-med-penner-til-sykepleiere-just-for-nurses\/\">sykepleiere<\/a> og <a href=\"https:\/\/poppyshoppen.no\/en\/product\/adhd-girlie-pennsett-med-5-penner\/\">venner med hverdagskaos<\/a><\/p>","protected":false},"excerpt":{"rendered":"<p>Et s\u00f8tt og morsomt pennsett til verdens beste bestie!<\/p>","protected":false},"featured_media":2884,"comment_status":"closed","ping_status":"closed","template":"","meta":[],"product_brand":[],"product_cat":[39,36],"product_tag":[152,153],"class_list":{"0":"post-2882","1":"product","2":"type-product","3":"status-publish","4":"has-post-thumbnail","6":"product_cat-skrivesaker","7":"product_cat-til-skrivepulten","8":"product_tag-penner","9":"product_tag-pennesett","11":"first","12":"instock","13":"taxable","14":"shipping-taxable","15":"purchasable","16":"product-type-simple"},"bundled_by":[],"bundle_stock_status":"instock","bundle_stock_quantity":3,"bundle_virtual":false,"bundle_layout":"","bundle_add_to_cart_form_location":"","bundle_editable_in_cart":false,"bundle_sold_individually_context":"","bundle_item_grouping":"","bundle_min_size":"","bundle_max_size":"","bundle_price":[],"bundled_items":[],"bundle_sell_ids":[],"exclude_global_add_ons":[],"addons":[],"yoast_head":"<!-- This site is optimized with the Yoast SEO plugin v27.5 - https:\/\/yoast.com\/product\/yoast-seo-wordpress\/ -->\n<title>Love You Bestie pennsett med 5 penner | Poppyshoppen<\/title>\n<meta name=\"description\" content=\"S\u00f8tt pennsett med 5 fargerike penner med svart blekk og gullfargede detaljer. En morsom og koselig gave til bestevenninne, venninne eller kollega.\" \/>\n<meta name=\"robots\" content=\"index, follow, max-snippet:-1, max-image-preview:large, max-video-preview:-1\" \/>\n<link rel=\"canonical\" href=\"https:\/\/poppyshoppen.no\/en\/product\/love-you-bestie-pennsett-med-5-penner\/\" \/>\n<meta property=\"og:locale\" content=\"en_US\" \/>\n<meta property=\"og:type\" content=\"article\" \/>\n<meta property=\"og:title\" content=\"Love You Bestie pennsett med 5 penner | Poppyshoppen\" \/>\n<meta property=\"og:description\" content=\"S\u00f8tt pennsett med 5 fargerike penner med svart blekk og gullfargede detaljer. En morsom og koselig gave til bestevenninne, venninne eller kollega.\" \/>\n<meta property=\"og:url\" content=\"https:\/\/poppyshoppen.no\/en\/product\/love-you-bestie-pennsett-med-5-penner\/\" \/>\n<meta property=\"og:site_name\" content=\"Poppyshoppen\" \/>\n<meta property=\"article:publisher\" content=\"https:\/\/www.facebook.com\/profile.php?id=61558460251190\" \/>\n<meta property=\"article:modified_time\" content=\"2026-05-11T11:19:45+00:00\" \/>\n<meta property=\"og:image\" content=\"https:\/\/poppyshoppen.no\/wp-content\/uploads\/2026\/05\/love-you-bestie-pens-til-min-beste-venn-penner.webp\" \/>\n\t<meta property=\"og:image:width\" content=\"1500\" \/>\n\t<meta property=\"og:image:height\" content=\"1500\" \/>\n\t<meta property=\"og:image:type\" content=\"image\/webp\" \/>\n<meta name=\"twitter:card\" content=\"summary_large_image\" \/>\n<meta name=\"twitter:label1\" content=\"Est. reading time\" \/>\n\t<meta name=\"twitter:data1\" content=\"1 minute\" \/>\n<script type=\"application\/ld+json\" class=\"yoast-schema-graph\">{\"@context\":\"https:\\\/\\\/schema.org\",\"@graph\":[{\"@type\":\"WebPage\",\"@id\":\"https:\\\/\\\/poppyshoppen.no\\\/produkt\\\/love-you-bestie-pennsett-med-5-penner\\\/\",\"url\":\"https:\\\/\\\/poppyshoppen.no\\\/produkt\\\/love-you-bestie-pennsett-med-5-penner\\\/\",\"name\":\"Love You Bestie pennsett med 5 penner | Poppyshoppen\",\"isPartOf\":{\"@id\":\"https:\\\/\\\/poppyshoppen.no\\\/#website\"},\"primaryImageOfPage\":{\"@id\":\"https:\\\/\\\/poppyshoppen.no\\\/produkt\\\/love-you-bestie-pennsett-med-5-penner\\\/#primaryimage\"},\"image\":{\"@id\":\"https:\\\/\\\/poppyshoppen.no\\\/produkt\\\/love-you-bestie-pennsett-med-5-penner\\\/#primaryimage\"},\"thumbnailUrl\":\"https:\\\/\\\/poppyshoppen.no\\\/wp-content\\\/uploads\\\/2026\\\/05\\\/love-you-bestie-pens-til-min-beste-venn-penner.webp\",\"datePublished\":\"2026-05-11T10:55:17+00:00\",\"dateModified\":\"2026-05-11T11:19:45+00:00\",\"description\":\"S\u00f8tt pennsett med 5 fargerike penner med svart blekk og gullfargede detaljer. En morsom og koselig gave til bestevenninne, venninne eller kollega.\",\"breadcrumb\":{\"@id\":\"https:\\\/\\\/poppyshoppen.no\\\/produkt\\\/love-you-bestie-pennsett-med-5-penner\\\/#breadcrumb\"},\"inLanguage\":\"en-US\",\"potentialAction\":[{\"@type\":\"ReadAction\",\"target\":[\"https:\\\/\\\/poppyshoppen.no\\\/produkt\\\/love-you-bestie-pennsett-med-5-penner\\\/\"]}]},{\"@type\":\"ImageObject\",\"inLanguage\":\"en-US\",\"@id\":\"https:\\\/\\\/poppyshoppen.no\\\/produkt\\\/love-you-bestie-pennsett-med-5-penner\\\/#primaryimage\",\"url\":\"https:\\\/\\\/poppyshoppen.no\\\/wp-content\\\/uploads\\\/2026\\\/05\\\/love-you-bestie-pens-til-min-beste-venn-penner.webp\",\"contentUrl\":\"https:\\\/\\\/poppyshoppen.no\\\/wp-content\\\/uploads\\\/2026\\\/05\\\/love-you-bestie-pens-til-min-beste-venn-penner.webp\",\"width\":1500,\"height\":1500,\"caption\":\"Love you bestie pennesett\"},{\"@type\":\"BreadcrumbList\",\"@id\":\"https:\\\/\\\/poppyshoppen.no\\\/produkt\\\/love-you-bestie-pennsett-med-5-penner\\\/#breadcrumb\",\"itemListElement\":[{\"@type\":\"ListItem\",\"position\":1,\"name\":\"Hjem\",\"item\":\"https:\\\/\\\/poppyshoppen.no\\\/\"},{\"@type\":\"ListItem\",\"position\":2,\"name\":\"Shop\",\"item\":\"https:\\\/\\\/poppyshoppen.no\\\/shop\\\/\"},{\"@type\":\"ListItem\",\"position\":3,\"name\":\"Love You Bestie pennsett med 5 penner\"}]},{\"@type\":\"WebSite\",\"@id\":\"https:\\\/\\\/poppyshoppen.no\\\/#website\",\"url\":\"https:\\\/\\\/poppyshoppen.no\\\/\",\"name\":\"Poppyshoppen\",\"description\":\"Gj\u00f8r hverdagen litt mer fargerik\",\"publisher\":{\"@id\":\"https:\\\/\\\/poppyshoppen.no\\\/#organization\"},\"potentialAction\":[{\"@type\":\"SearchAction\",\"target\":{\"@type\":\"EntryPoint\",\"urlTemplate\":\"https:\\\/\\\/poppyshoppen.no\\\/?s={search_term_string}\"},\"query-input\":{\"@type\":\"PropertyValueSpecification\",\"valueRequired\":true,\"valueName\":\"search_term_string\"}}],\"inLanguage\":\"en-US\"},{\"@type\":\"Organization\",\"@id\":\"https:\\\/\\\/poppyshoppen.no\\\/#organization\",\"name\":\"Poppyshoppen\",\"url\":\"https:\\\/\\\/poppyshoppen.no\\\/\",\"logo\":{\"@type\":\"ImageObject\",\"inLanguage\":\"en-US\",\"@id\":\"https:\\\/\\\/poppyshoppen.no\\\/#\\\/schema\\\/logo\\\/image\\\/\",\"url\":\"https:\\\/\\\/poppyshoppen.no\\\/wp-content\\\/uploads\\\/2024\\\/08\\\/cropped-poppyshoppen-logoikon.png\",\"contentUrl\":\"https:\\\/\\\/poppyshoppen.no\\\/wp-content\\\/uploads\\\/2024\\\/08\\\/cropped-poppyshoppen-logoikon.png\",\"width\":512,\"height\":512,\"caption\":\"Poppyshoppen\"},\"image\":{\"@id\":\"https:\\\/\\\/poppyshoppen.no\\\/#\\\/schema\\\/logo\\\/image\\\/\"},\"sameAs\":[\"https:\\\/\\\/www.facebook.com\\\/profile.php?id=61558460251190\",\"https:\\\/\\\/www.instagram.com\\\/poppyshoppen_no\\\/\"]}]}<\/script>\n<!-- \/ Yoast SEO plugin. -->","yoast_head_json":{"title":"Love You Bestie pennsett med 5 penner | Poppyshoppen","description":"S\u00f8tt pennsett med 5 fargerike penner med svart blekk og gullfargede detaljer. En morsom og koselig gave til bestevenninne, venninne eller kollega.","robots":{"index":"index","follow":"follow","max-snippet":"max-snippet:-1","max-image-preview":"max-image-preview:large","max-video-preview":"max-video-preview:-1"},"canonical":"https:\/\/poppyshoppen.no\/en\/product\/love-you-bestie-pennsett-med-5-penner\/","og_locale":"en_US","og_type":"article","og_title":"Love You Bestie pennsett med 5 penner | Poppyshoppen","og_description":"S\u00f8tt pennsett med 5 fargerike penner med svart blekk og gullfargede detaljer. En morsom og koselig gave til bestevenninne, venninne eller kollega.","og_url":"https:\/\/poppyshoppen.no\/en\/product\/love-you-bestie-pennsett-med-5-penner\/","og_site_name":"Poppyshoppen","article_publisher":"https:\/\/www.facebook.com\/profile.php?id=61558460251190","article_modified_time":"2026-05-11T11:19:45+00:00","og_image":[{"width":1500,"height":1500,"url":"https:\/\/poppyshoppen.no\/wp-content\/uploads\/2026\/05\/love-you-bestie-pens-til-min-beste-venn-penner.webp","type":"image\/webp"}],"twitter_card":"summary_large_image","twitter_misc":{"Est. reading time":"1 minute"},"schema":{"@context":"https:\/\/schema.org","@graph":[{"@type":"WebPage","@id":"https:\/\/poppyshoppen.no\/produkt\/love-you-bestie-pennsett-med-5-penner\/","url":"https:\/\/poppyshoppen.no\/produkt\/love-you-bestie-pennsett-med-5-penner\/","name":"Love You Bestie pennsett med 5 penner | Poppyshoppen","isPartOf":{"@id":"https:\/\/poppyshoppen.no\/#website"},"primaryImageOfPage":{"@id":"https:\/\/poppyshoppen.no\/produkt\/love-you-bestie-pennsett-med-5-penner\/#primaryimage"},"image":{"@id":"https:\/\/poppyshoppen.no\/produkt\/love-you-bestie-pennsett-med-5-penner\/#primaryimage"},"thumbnailUrl":"https:\/\/poppyshoppen.no\/wp-content\/uploads\/2026\/05\/love-you-bestie-pens-til-min-beste-venn-penner.webp","datePublished":"2026-05-11T10:55:17+00:00","dateModified":"2026-05-11T11:19:45+00:00","description":"S\u00f8tt pennsett med 5 fargerike penner med svart blekk og gullfargede detaljer. En morsom og koselig gave til bestevenninne, venninne eller kollega.","breadcrumb":{"@id":"https:\/\/poppyshoppen.no\/produkt\/love-you-bestie-pennsett-med-5-penner\/#breadcrumb"},"inLanguage":"en-US","potentialAction":[{"@type":"ReadAction","target":["https:\/\/poppyshoppen.no\/produkt\/love-you-bestie-pennsett-med-5-penner\/"]}]},{"@type":"ImageObject","inLanguage":"en-US","@id":"https:\/\/poppyshoppen.no\/produkt\/love-you-bestie-pennsett-med-5-penner\/#primaryimage","url":"https:\/\/poppyshoppen.no\/wp-content\/uploads\/2026\/05\/love-you-bestie-pens-til-min-beste-venn-penner.webp","contentUrl":"https:\/\/poppyshoppen.no\/wp-content\/uploads\/2026\/05\/love-you-bestie-pens-til-min-beste-venn-penner.webp","width":1500,"height":1500,"caption":"Love you bestie pennesett"},{"@type":"BreadcrumbList","@id":"https:\/\/poppyshoppen.no\/produkt\/love-you-bestie-pennsett-med-5-penner\/#breadcrumb","itemListElement":[{"@type":"ListItem","position":1,"name":"Hjem","item":"https:\/\/poppyshoppen.no\/"},{"@type":"ListItem","position":2,"name":"Shop","item":"https:\/\/poppyshoppen.no\/shop\/"},{"@type":"ListItem","position":3,"name":"Love You Bestie pennsett med 5 penner"}]},{"@type":"WebSite","@id":"https:\/\/poppyshoppen.no\/#website","url":"https:\/\/poppyshoppen.no\/","name":"Poppyshoppen","description":"Gj\u00f8r hverdagen litt mer fargerik","publisher":{"@id":"https:\/\/poppyshoppen.no\/#organization"},"potentialAction":[{"@type":"SearchAction","target":{"@type":"EntryPoint","urlTemplate":"https:\/\/poppyshoppen.no\/?s={search_term_string}"},"query-input":{"@type":"PropertyValueSpecification","valueRequired":true,"valueName":"search_term_string"}}],"inLanguage":"en-US"},{"@type":"Organization","@id":"https:\/\/poppyshoppen.no\/#organization","name":"Poppyshoppen","url":"https:\/\/poppyshoppen.no\/","logo":{"@type":"ImageObject","inLanguage":"en-US","@id":"https:\/\/poppyshoppen.no\/#\/schema\/logo\/image\/","url":"https:\/\/poppyshoppen.no\/wp-content\/uploads\/2024\/08\/cropped-poppyshoppen-logoikon.png","contentUrl":"https:\/\/poppyshoppen.no\/wp-content\/uploads\/2024\/08\/cropped-poppyshoppen-logoikon.png","width":512,"height":512,"caption":"Poppyshoppen"},"image":{"@id":"https:\/\/poppyshoppen.no\/#\/schema\/logo\/image\/"},"sameAs":["https:\/\/www.facebook.com\/profile.php?id=61558460251190","https:\/\/www.instagram.com\/poppyshoppen_no\/"]}]}},"jetpack_sharing_enabled":true,"_links":{"self":[{"href":"https:\/\/poppyshoppen.no\/en\/wp-json\/wp\/v2\/product\/2882","targetHints":{"allow":["GET"]}}],"collection":[{"href":"https:\/\/poppyshoppen.no\/en\/wp-json\/wp\/v2\/product"}],"about":[{"href":"https:\/\/poppyshoppen.no\/en\/wp-json\/wp\/v2\/types\/product"}],"replies":[{"embeddable":true,"href":"https:\/\/poppyshoppen.no\/en\/wp-json\/wp\/v2\/comments?post=2882"}],"wp:featuredmedia":[{"embeddable":true,"href":"https:\/\/poppyshoppen.no\/en\/wp-json\/wp\/v2\/media\/2884"}],"wp:attachment":[{"href":"https:\/\/poppyshoppen.no\/en\/wp-json\/wp\/v2\/media?parent=2882"}],"wp:term":[{"taxonomy":"product_brand","embeddable":true,"href":"https:\/\/poppyshoppen.no\/en\/wp-json\/wp\/v2\/product_brand?post=2882"},{"taxonomy":"product_cat","embeddable":true,"href":"https:\/\/poppyshoppen.no\/en\/wp-json\/wp\/v2\/product_cat?post=2882"},{"taxonomy":"product_tag","embeddable":true,"href":"https:\/\/poppyshoppen.no\/en\/wp-json\/wp\/v2\/product_tag?post=2882"}],"curies":[{"name":"wp","href":"https:\/\/api.w.org\/{rel}","templated":true}]}}