{"id":2885,"date":"2026-05-11T12:02:10","date_gmt":"2026-05-11T11:02:10","guid":{"rendered":"https:\/\/poppyshoppen.no\/?post_type=product&#038;p=2885"},"modified":"2026-05-11T12:15:50","modified_gmt":"2026-05-11T11:15:50","slug":"adhd-girlie-pennsett-med-5-penner","status":"publish","type":"product","link":"https:\/\/poppyshoppen.no\/en\/product\/adhd-girlie-pennsett-med-5-penner\/","title":{"rendered":"ADHD Girlie pennsett med 5 penner"},"content":{"rendered":"<p data-start=\"829\" data-end=\"924\">ADHD Girlie pennsett med 5 penner &#8211; Et pennesett for deg som elsker fine penner, gode intensjoner og nye systemer som kanskje varer i tre dager. <strong data-start=\"926\" data-end=\"950\">ADHD Girlie pennsett<\/strong> er et lekent og morsomt pennsett med tekster som mange med ADHD og mange andre kan kjenne seg igjen i. Settet inneholder 5 fargerike penner med svart blekk og gullfargede detaljer, pakket p\u00e5 et dekorativt backing card som gj\u00f8r det enkelt \u00e5 gi bort.<\/p>\n<p data-start=\"1219\" data-end=\"1353\">En fin liten gave til en venninne, kollega, student eller noen som elsker notatb\u00f8ker, lister, planlegging og humor rundt hverdagskaos. Passer perfekt som bursdagsgave, julegave, kalendergave, \u201cbare fordi\u201d-gave eller som en liten oppmuntring til skrivebordet.<\/p>\n<p>Finnes ogs\u00e5 til <a href=\"https:\/\/poppyshoppen.no\/en\/product\/sett-med-penner-til-sykepleiere-just-for-nurses\/\">sykepleiere<\/a> og <a href=\"https:\/\/poppyshoppen.no\/en\/product\/love-you-bestie-pennsett-med-5-penner\/\">bestevenner<\/a><\/p>","protected":false},"excerpt":{"rendered":"<p>Et morsomt og gjenkjennelig pennsett for deg som har tusen tanker, tre notatb\u00f8ker p\u00e5 gang og minst \u00e9n liste du har glemt hvor du la.<\/p>","protected":false},"featured_media":2886,"comment_status":"closed","ping_status":"closed","template":"","meta":[],"product_brand":[],"product_cat":[39,36],"product_tag":[152,153],"class_list":{"0":"post-2885","1":"product","2":"type-product","3":"status-publish","4":"has-post-thumbnail","6":"product_cat-skrivesaker","7":"product_cat-til-skrivepulten","8":"product_tag-penner","9":"product_tag-pennesett","11":"first","12":"instock","13":"taxable","14":"shipping-taxable","15":"purchasable","16":"product-type-simple"},"bundled_by":[],"bundle_stock_status":"instock","bundle_stock_quantity":3,"bundle_virtual":false,"bundle_layout":"","bundle_add_to_cart_form_location":"","bundle_editable_in_cart":false,"bundle_sold_individually_context":"","bundle_item_grouping":"","bundle_min_size":"","bundle_max_size":"","bundle_price":[],"bundled_items":[],"bundle_sell_ids":[],"exclude_global_add_ons":[],"addons":[],"yoast_head":"<!-- This site is optimized with the Yoast SEO plugin v27.5 - https:\/\/yoast.com\/product\/yoast-seo-wordpress\/ -->\n<title>ADHD Girlie pennsett med 5 penner | Poppyshoppen<\/title>\n<meta name=\"description\" content=\"S\u00f8tt pennsett med 5 fargerike penner med svart blekk og gullfargede detaljer. En morsom og koselig gave til bestevenninne, venninne eller kollega.\" \/>\n<meta name=\"robots\" content=\"index, follow, max-snippet:-1, max-image-preview:large, max-video-preview:-1\" \/>\n<link rel=\"canonical\" href=\"https:\/\/poppyshoppen.no\/en\/product\/adhd-girlie-pennsett-med-5-penner\/\" \/>\n<meta property=\"og:locale\" content=\"en_US\" \/>\n<meta property=\"og:type\" content=\"article\" \/>\n<meta property=\"og:title\" content=\"ADHD Girlie pennsett med 5 penner | Poppyshoppen\" \/>\n<meta property=\"og:description\" content=\"S\u00f8tt pennsett med 5 fargerike penner med svart blekk og gullfargede detaljer. En morsom og koselig gave til bestevenninne, venninne eller kollega.\" \/>\n<meta property=\"og:url\" content=\"https:\/\/poppyshoppen.no\/en\/product\/adhd-girlie-pennsett-med-5-penner\/\" \/>\n<meta property=\"og:site_name\" content=\"Poppyshoppen\" \/>\n<meta property=\"article:publisher\" content=\"https:\/\/www.facebook.com\/profile.php?id=61558460251190\" \/>\n<meta property=\"article:modified_time\" content=\"2026-05-11T11:15:50+00:00\" \/>\n<meta property=\"og:image\" content=\"https:\/\/poppyshoppen.no\/wp-content\/uploads\/2026\/05\/adhd-girl-pens-1.webp\" \/>\n\t<meta property=\"og:image:width\" content=\"1500\" \/>\n\t<meta property=\"og:image:height\" content=\"1500\" \/>\n\t<meta property=\"og:image:type\" content=\"image\/webp\" \/>\n<meta name=\"twitter:card\" content=\"summary_large_image\" \/>\n<meta name=\"twitter:label1\" content=\"Est. reading time\" \/>\n\t<meta name=\"twitter:data1\" content=\"1 minute\" \/>\n<script type=\"application\/ld+json\" class=\"yoast-schema-graph\">{\"@context\":\"https:\\\/\\\/schema.org\",\"@graph\":[{\"@type\":\"WebPage\",\"@id\":\"https:\\\/\\\/poppyshoppen.no\\\/produkt\\\/adhd-girlie-pennsett-med-5-penner\\\/\",\"url\":\"https:\\\/\\\/poppyshoppen.no\\\/produkt\\\/adhd-girlie-pennsett-med-5-penner\\\/\",\"name\":\"ADHD Girlie pennsett med 5 penner | Poppyshoppen\",\"isPartOf\":{\"@id\":\"https:\\\/\\\/poppyshoppen.no\\\/#website\"},\"primaryImageOfPage\":{\"@id\":\"https:\\\/\\\/poppyshoppen.no\\\/produkt\\\/adhd-girlie-pennsett-med-5-penner\\\/#primaryimage\"},\"image\":{\"@id\":\"https:\\\/\\\/poppyshoppen.no\\\/produkt\\\/adhd-girlie-pennsett-med-5-penner\\\/#primaryimage\"},\"thumbnailUrl\":\"https:\\\/\\\/poppyshoppen.no\\\/wp-content\\\/uploads\\\/2026\\\/05\\\/adhd-girl-pens-1.webp\",\"datePublished\":\"2026-05-11T11:02:10+00:00\",\"dateModified\":\"2026-05-11T11:15:50+00:00\",\"description\":\"S\u00f8tt pennsett med 5 fargerike penner med svart blekk og gullfargede detaljer. En morsom og koselig gave til bestevenninne, venninne eller kollega.\",\"breadcrumb\":{\"@id\":\"https:\\\/\\\/poppyshoppen.no\\\/produkt\\\/adhd-girlie-pennsett-med-5-penner\\\/#breadcrumb\"},\"inLanguage\":\"en-US\",\"potentialAction\":[{\"@type\":\"ReadAction\",\"target\":[\"https:\\\/\\\/poppyshoppen.no\\\/produkt\\\/adhd-girlie-pennsett-med-5-penner\\\/\"]}]},{\"@type\":\"ImageObject\",\"inLanguage\":\"en-US\",\"@id\":\"https:\\\/\\\/poppyshoppen.no\\\/produkt\\\/adhd-girlie-pennsett-med-5-penner\\\/#primaryimage\",\"url\":\"https:\\\/\\\/poppyshoppen.no\\\/wp-content\\\/uploads\\\/2026\\\/05\\\/adhd-girl-pens-1.webp\",\"contentUrl\":\"https:\\\/\\\/poppyshoppen.no\\\/wp-content\\\/uploads\\\/2026\\\/05\\\/adhd-girl-pens-1.webp\",\"width\":1500,\"height\":1500,\"caption\":\"adhd girlie pennesett\"},{\"@type\":\"BreadcrumbList\",\"@id\":\"https:\\\/\\\/poppyshoppen.no\\\/produkt\\\/adhd-girlie-pennsett-med-5-penner\\\/#breadcrumb\",\"itemListElement\":[{\"@type\":\"ListItem\",\"position\":1,\"name\":\"Hjem\",\"item\":\"https:\\\/\\\/poppyshoppen.no\\\/\"},{\"@type\":\"ListItem\",\"position\":2,\"name\":\"Shop\",\"item\":\"https:\\\/\\\/poppyshoppen.no\\\/shop\\\/\"},{\"@type\":\"ListItem\",\"position\":3,\"name\":\"ADHD Girlie pennsett med 5 penner\"}]},{\"@type\":\"WebSite\",\"@id\":\"https:\\\/\\\/poppyshoppen.no\\\/#website\",\"url\":\"https:\\\/\\\/poppyshoppen.no\\\/\",\"name\":\"Poppyshoppen\",\"description\":\"Gj\u00f8r hverdagen litt mer fargerik\",\"publisher\":{\"@id\":\"https:\\\/\\\/poppyshoppen.no\\\/#organization\"},\"potentialAction\":[{\"@type\":\"SearchAction\",\"target\":{\"@type\":\"EntryPoint\",\"urlTemplate\":\"https:\\\/\\\/poppyshoppen.no\\\/?s={search_term_string}\"},\"query-input\":{\"@type\":\"PropertyValueSpecification\",\"valueRequired\":true,\"valueName\":\"search_term_string\"}}],\"inLanguage\":\"en-US\"},{\"@type\":\"Organization\",\"@id\":\"https:\\\/\\\/poppyshoppen.no\\\/#organization\",\"name\":\"Poppyshoppen\",\"url\":\"https:\\\/\\\/poppyshoppen.no\\\/\",\"logo\":{\"@type\":\"ImageObject\",\"inLanguage\":\"en-US\",\"@id\":\"https:\\\/\\\/poppyshoppen.no\\\/#\\\/schema\\\/logo\\\/image\\\/\",\"url\":\"https:\\\/\\\/poppyshoppen.no\\\/wp-content\\\/uploads\\\/2024\\\/08\\\/cropped-poppyshoppen-logoikon.png\",\"contentUrl\":\"https:\\\/\\\/poppyshoppen.no\\\/wp-content\\\/uploads\\\/2024\\\/08\\\/cropped-poppyshoppen-logoikon.png\",\"width\":512,\"height\":512,\"caption\":\"Poppyshoppen\"},\"image\":{\"@id\":\"https:\\\/\\\/poppyshoppen.no\\\/#\\\/schema\\\/logo\\\/image\\\/\"},\"sameAs\":[\"https:\\\/\\\/www.facebook.com\\\/profile.php?id=61558460251190\",\"https:\\\/\\\/www.instagram.com\\\/poppyshoppen_no\\\/\"]}]}<\/script>\n<!-- \/ Yoast SEO plugin. -->","yoast_head_json":{"title":"ADHD Girlie pennsett med 5 penner | Poppyshoppen","description":"S\u00f8tt pennsett med 5 fargerike penner med svart blekk og gullfargede detaljer. En morsom og koselig gave til bestevenninne, venninne eller kollega.","robots":{"index":"index","follow":"follow","max-snippet":"max-snippet:-1","max-image-preview":"max-image-preview:large","max-video-preview":"max-video-preview:-1"},"canonical":"https:\/\/poppyshoppen.no\/en\/product\/adhd-girlie-pennsett-med-5-penner\/","og_locale":"en_US","og_type":"article","og_title":"ADHD Girlie pennsett med 5 penner | Poppyshoppen","og_description":"S\u00f8tt pennsett med 5 fargerike penner med svart blekk og gullfargede detaljer. En morsom og koselig gave til bestevenninne, venninne eller kollega.","og_url":"https:\/\/poppyshoppen.no\/en\/product\/adhd-girlie-pennsett-med-5-penner\/","og_site_name":"Poppyshoppen","article_publisher":"https:\/\/www.facebook.com\/profile.php?id=61558460251190","article_modified_time":"2026-05-11T11:15:50+00:00","og_image":[{"width":1500,"height":1500,"url":"https:\/\/poppyshoppen.no\/wp-content\/uploads\/2026\/05\/adhd-girl-pens-1.webp","type":"image\/webp"}],"twitter_card":"summary_large_image","twitter_misc":{"Est. reading time":"1 minute"},"schema":{"@context":"https:\/\/schema.org","@graph":[{"@type":"WebPage","@id":"https:\/\/poppyshoppen.no\/produkt\/adhd-girlie-pennsett-med-5-penner\/","url":"https:\/\/poppyshoppen.no\/produkt\/adhd-girlie-pennsett-med-5-penner\/","name":"ADHD Girlie pennsett med 5 penner | Poppyshoppen","isPartOf":{"@id":"https:\/\/poppyshoppen.no\/#website"},"primaryImageOfPage":{"@id":"https:\/\/poppyshoppen.no\/produkt\/adhd-girlie-pennsett-med-5-penner\/#primaryimage"},"image":{"@id":"https:\/\/poppyshoppen.no\/produkt\/adhd-girlie-pennsett-med-5-penner\/#primaryimage"},"thumbnailUrl":"https:\/\/poppyshoppen.no\/wp-content\/uploads\/2026\/05\/adhd-girl-pens-1.webp","datePublished":"2026-05-11T11:02:10+00:00","dateModified":"2026-05-11T11:15:50+00:00","description":"S\u00f8tt pennsett med 5 fargerike penner med svart blekk og gullfargede detaljer. En morsom og koselig gave til bestevenninne, venninne eller kollega.","breadcrumb":{"@id":"https:\/\/poppyshoppen.no\/produkt\/adhd-girlie-pennsett-med-5-penner\/#breadcrumb"},"inLanguage":"en-US","potentialAction":[{"@type":"ReadAction","target":["https:\/\/poppyshoppen.no\/produkt\/adhd-girlie-pennsett-med-5-penner\/"]}]},{"@type":"ImageObject","inLanguage":"en-US","@id":"https:\/\/poppyshoppen.no\/produkt\/adhd-girlie-pennsett-med-5-penner\/#primaryimage","url":"https:\/\/poppyshoppen.no\/wp-content\/uploads\/2026\/05\/adhd-girl-pens-1.webp","contentUrl":"https:\/\/poppyshoppen.no\/wp-content\/uploads\/2026\/05\/adhd-girl-pens-1.webp","width":1500,"height":1500,"caption":"adhd girlie pennesett"},{"@type":"BreadcrumbList","@id":"https:\/\/poppyshoppen.no\/produkt\/adhd-girlie-pennsett-med-5-penner\/#breadcrumb","itemListElement":[{"@type":"ListItem","position":1,"name":"Hjem","item":"https:\/\/poppyshoppen.no\/"},{"@type":"ListItem","position":2,"name":"Shop","item":"https:\/\/poppyshoppen.no\/shop\/"},{"@type":"ListItem","position":3,"name":"ADHD Girlie pennsett med 5 penner"}]},{"@type":"WebSite","@id":"https:\/\/poppyshoppen.no\/#website","url":"https:\/\/poppyshoppen.no\/","name":"Poppyshoppen","description":"Gj\u00f8r hverdagen litt mer fargerik","publisher":{"@id":"https:\/\/poppyshoppen.no\/#organization"},"potentialAction":[{"@type":"SearchAction","target":{"@type":"EntryPoint","urlTemplate":"https:\/\/poppyshoppen.no\/?s={search_term_string}"},"query-input":{"@type":"PropertyValueSpecification","valueRequired":true,"valueName":"search_term_string"}}],"inLanguage":"en-US"},{"@type":"Organization","@id":"https:\/\/poppyshoppen.no\/#organization","name":"Poppyshoppen","url":"https:\/\/poppyshoppen.no\/","logo":{"@type":"ImageObject","inLanguage":"en-US","@id":"https:\/\/poppyshoppen.no\/#\/schema\/logo\/image\/","url":"https:\/\/poppyshoppen.no\/wp-content\/uploads\/2024\/08\/cropped-poppyshoppen-logoikon.png","contentUrl":"https:\/\/poppyshoppen.no\/wp-content\/uploads\/2024\/08\/cropped-poppyshoppen-logoikon.png","width":512,"height":512,"caption":"Poppyshoppen"},"image":{"@id":"https:\/\/poppyshoppen.no\/#\/schema\/logo\/image\/"},"sameAs":["https:\/\/www.facebook.com\/profile.php?id=61558460251190","https:\/\/www.instagram.com\/poppyshoppen_no\/"]}]}},"jetpack_sharing_enabled":true,"_links":{"self":[{"href":"https:\/\/poppyshoppen.no\/en\/wp-json\/wp\/v2\/product\/2885","targetHints":{"allow":["GET"]}}],"collection":[{"href":"https:\/\/poppyshoppen.no\/en\/wp-json\/wp\/v2\/product"}],"about":[{"href":"https:\/\/poppyshoppen.no\/en\/wp-json\/wp\/v2\/types\/product"}],"replies":[{"embeddable":true,"href":"https:\/\/poppyshoppen.no\/en\/wp-json\/wp\/v2\/comments?post=2885"}],"wp:featuredmedia":[{"embeddable":true,"href":"https:\/\/poppyshoppen.no\/en\/wp-json\/wp\/v2\/media\/2886"}],"wp:attachment":[{"href":"https:\/\/poppyshoppen.no\/en\/wp-json\/wp\/v2\/media?parent=2885"}],"wp:term":[{"taxonomy":"product_brand","embeddable":true,"href":"https:\/\/poppyshoppen.no\/en\/wp-json\/wp\/v2\/product_brand?post=2885"},{"taxonomy":"product_cat","embeddable":true,"href":"https:\/\/poppyshoppen.no\/en\/wp-json\/wp\/v2\/product_cat?post=2885"},{"taxonomy":"product_tag","embeddable":true,"href":"https:\/\/poppyshoppen.no\/en\/wp-json\/wp\/v2\/product_tag?post=2885"}],"curies":[{"name":"wp","href":"https:\/\/api.w.org\/{rel}","templated":true}]}}