{"id":2891,"date":"2026-05-11T12:38:56","date_gmt":"2026-05-11T11:38:56","guid":{"rendered":"https:\/\/poppyshoppen.no\/?post_type=product&#038;p=2891"},"modified":"2026-05-11T12:38:57","modified_gmt":"2026-05-11T11:38:57","slug":"spiritual-cleansing-water-positive-vibes","status":"publish","type":"product","link":"https:\/\/poppyshoppen.no\/en\/product\/spiritual-cleansing-water-positive-vibes\/","title":{"rendered":"Spiritual Cleansing Water \u2013 Positive Vibes"},"content":{"rendered":"<p data-start=\"454\" data-end=\"498\">Noen ganger trenger man bare en liten reset. <strong data-start=\"500\" data-end=\"546\">Spiritual Cleansing Water \u2013 Positive Vibes<\/strong> (ogs\u00e5 kalt Florida water) er et ritualvann i en dekorativ flaske, for deg som liker spirituelle detaljer, sm\u00e5 hverdagsritualer og produkter som skaper god stemning. Vannet kan brukes til \u00e5 sprinkle lett i rommet, ved inngangspartiet, rundt skriveplassen eller som en del av egne space cleansing-ritualer.<\/p>\n<p data-start=\"815\" data-end=\"953\">Spiritual Cleansing Water \u2013 Positive Vibes er perfekt for deg som liker tarot, krystaller, journaling, meditasjon eller bare \u00f8nsker \u00e5 skape en roligere og mer positiv atmosf\u00e6re hjemme. En fin liten gave til en venninne, kollega eller noen som elsker self-care, good vibes og sm\u00e5 magiske \u00f8yeblikk i hverdagen.<\/p>\n<ul>\n<li data-section-id=\"pa3z3t\" data-start=\"1138\" data-end=\"1170\">Innhold: 7.5 oz \/ ca. 226 ml<\/li>\n<li data-section-id=\"vau0mg\" data-start=\"1240\" data-end=\"1267\">Plastflaske<\/li>\n<li data-section-id=\"1lda3ug\" data-start=\"1377\" data-end=\"1434\">Kan brukes til sprinkling eller egne romrens-ritualer<\/li>\n<li data-section-id=\"1rx5mdv\" data-start=\"1435\" data-end=\"1503\">Fin gave til deg selv eller andre som liker spirituelle produkter<\/li>\n<\/ul>","protected":false},"excerpt":{"rendered":"<p>Et stemningsfullt ritualvann for deg som liker sm\u00e5 ritualer, positive vibes og meningsfulle \u00f8yeblikk i hverdagen.<\/p>","protected":false},"featured_media":2892,"comment_status":"closed","ping_status":"closed","template":"","meta":[],"product_brand":[],"product_cat":[154],"product_tag":[],"class_list":{"0":"post-2891","1":"product","2":"type-product","3":"status-publish","4":"has-post-thumbnail","6":"product_cat-heksetimen","8":"first","9":"instock","10":"taxable","11":"shipping-taxable","12":"purchasable","13":"product-type-simple"},"bundled_by":[],"bundle_stock_status":"instock","bundle_stock_quantity":5,"bundle_virtual":false,"bundle_layout":"","bundle_add_to_cart_form_location":"","bundle_editable_in_cart":false,"bundle_sold_individually_context":"","bundle_item_grouping":"","bundle_min_size":"","bundle_max_size":"","bundle_price":[],"bundled_items":[],"bundle_sell_ids":[],"exclude_global_add_ons":[],"addons":[],"yoast_head":"<!-- This site is optimized with the Yoast SEO plugin v27.5 - https:\/\/yoast.com\/product\/yoast-seo-wordpress\/ -->\n<title>Spiritual Cleansing Water \u2013 Positive Vibes | Poppyshoppen<\/title>\n<meta name=\"description\" content=\"Spiritual Cleansing Water \u2013 Positive Vibes er et stemningsfullt ritualvann p\u00e5 engelsk, perfekt til sm\u00e5 ritualer, romrens, meditasjon og self-care.\" \/>\n<meta name=\"robots\" content=\"index, follow, max-snippet:-1, max-image-preview:large, max-video-preview:-1\" \/>\n<link rel=\"canonical\" href=\"https:\/\/poppyshoppen.no\/en\/product\/spiritual-cleansing-water-positive-vibes\/\" \/>\n<meta property=\"og:locale\" content=\"en_US\" \/>\n<meta property=\"og:type\" content=\"article\" \/>\n<meta property=\"og:title\" content=\"Spiritual Cleansing Water \u2013 Positive Vibes | Poppyshoppen\" \/>\n<meta property=\"og:description\" content=\"Spiritual Cleansing Water \u2013 Positive Vibes er et stemningsfullt ritualvann p\u00e5 engelsk, perfekt til sm\u00e5 ritualer, romrens, meditasjon og self-care.\" \/>\n<meta property=\"og:url\" content=\"https:\/\/poppyshoppen.no\/en\/product\/spiritual-cleansing-water-positive-vibes\/\" \/>\n<meta property=\"og:site_name\" content=\"Poppyshoppen\" \/>\n<meta property=\"article:publisher\" content=\"https:\/\/www.facebook.com\/profile.php?id=61558460251190\" \/>\n<meta property=\"article:modified_time\" content=\"2026-05-11T11:38:57+00:00\" \/>\n<meta property=\"og:image\" content=\"https:\/\/poppyshoppen.no\/wp-content\/uploads\/2026\/05\/spiritual-water-positive-vibes.webp\" \/>\n\t<meta property=\"og:image:width\" content=\"1574\" \/>\n\t<meta property=\"og:image:height\" content=\"1574\" \/>\n\t<meta property=\"og:image:type\" content=\"image\/webp\" \/>\n<meta name=\"twitter:card\" content=\"summary_large_image\" \/>\n<meta name=\"twitter:label1\" content=\"Est. reading time\" \/>\n\t<meta name=\"twitter:data1\" content=\"1 minute\" \/>\n<script type=\"application\/ld+json\" class=\"yoast-schema-graph\">{\"@context\":\"https:\\\/\\\/schema.org\",\"@graph\":[{\"@type\":\"WebPage\",\"@id\":\"https:\\\/\\\/poppyshoppen.no\\\/produkt\\\/spiritual-cleansing-water-positive-vibes\\\/\",\"url\":\"https:\\\/\\\/poppyshoppen.no\\\/produkt\\\/spiritual-cleansing-water-positive-vibes\\\/\",\"name\":\"Spiritual Cleansing Water \u2013 Positive Vibes | Poppyshoppen\",\"isPartOf\":{\"@id\":\"https:\\\/\\\/poppyshoppen.no\\\/#website\"},\"primaryImageOfPage\":{\"@id\":\"https:\\\/\\\/poppyshoppen.no\\\/produkt\\\/spiritual-cleansing-water-positive-vibes\\\/#primaryimage\"},\"image\":{\"@id\":\"https:\\\/\\\/poppyshoppen.no\\\/produkt\\\/spiritual-cleansing-water-positive-vibes\\\/#primaryimage\"},\"thumbnailUrl\":\"https:\\\/\\\/poppyshoppen.no\\\/wp-content\\\/uploads\\\/2026\\\/05\\\/spiritual-water-positive-vibes.webp\",\"datePublished\":\"2026-05-11T11:38:56+00:00\",\"dateModified\":\"2026-05-11T11:38:57+00:00\",\"description\":\"Spiritual Cleansing Water \u2013 Positive Vibes er et stemningsfullt ritualvann p\u00e5 engelsk, perfekt til sm\u00e5 ritualer, romrens, meditasjon og self-care.\",\"breadcrumb\":{\"@id\":\"https:\\\/\\\/poppyshoppen.no\\\/produkt\\\/spiritual-cleansing-water-positive-vibes\\\/#breadcrumb\"},\"inLanguage\":\"en-US\",\"potentialAction\":[{\"@type\":\"ReadAction\",\"target\":[\"https:\\\/\\\/poppyshoppen.no\\\/produkt\\\/spiritual-cleansing-water-positive-vibes\\\/\"]}]},{\"@type\":\"ImageObject\",\"inLanguage\":\"en-US\",\"@id\":\"https:\\\/\\\/poppyshoppen.no\\\/produkt\\\/spiritual-cleansing-water-positive-vibes\\\/#primaryimage\",\"url\":\"https:\\\/\\\/poppyshoppen.no\\\/wp-content\\\/uploads\\\/2026\\\/05\\\/spiritual-water-positive-vibes.webp\",\"contentUrl\":\"https:\\\/\\\/poppyshoppen.no\\\/wp-content\\\/uploads\\\/2026\\\/05\\\/spiritual-water-positive-vibes.webp\",\"width\":1574,\"height\":1574,\"caption\":\"spiritual water positive vibes\"},{\"@type\":\"BreadcrumbList\",\"@id\":\"https:\\\/\\\/poppyshoppen.no\\\/produkt\\\/spiritual-cleansing-water-positive-vibes\\\/#breadcrumb\",\"itemListElement\":[{\"@type\":\"ListItem\",\"position\":1,\"name\":\"Hjem\",\"item\":\"https:\\\/\\\/poppyshoppen.no\\\/\"},{\"@type\":\"ListItem\",\"position\":2,\"name\":\"Shop\",\"item\":\"https:\\\/\\\/poppyshoppen.no\\\/shop\\\/\"},{\"@type\":\"ListItem\",\"position\":3,\"name\":\"Spiritual Cleansing Water \u2013 Positive Vibes\"}]},{\"@type\":\"WebSite\",\"@id\":\"https:\\\/\\\/poppyshoppen.no\\\/#website\",\"url\":\"https:\\\/\\\/poppyshoppen.no\\\/\",\"name\":\"Poppyshoppen\",\"description\":\"Gj\u00f8r hverdagen litt mer fargerik\",\"publisher\":{\"@id\":\"https:\\\/\\\/poppyshoppen.no\\\/#organization\"},\"potentialAction\":[{\"@type\":\"SearchAction\",\"target\":{\"@type\":\"EntryPoint\",\"urlTemplate\":\"https:\\\/\\\/poppyshoppen.no\\\/?s={search_term_string}\"},\"query-input\":{\"@type\":\"PropertyValueSpecification\",\"valueRequired\":true,\"valueName\":\"search_term_string\"}}],\"inLanguage\":\"en-US\"},{\"@type\":\"Organization\",\"@id\":\"https:\\\/\\\/poppyshoppen.no\\\/#organization\",\"name\":\"Poppyshoppen\",\"url\":\"https:\\\/\\\/poppyshoppen.no\\\/\",\"logo\":{\"@type\":\"ImageObject\",\"inLanguage\":\"en-US\",\"@id\":\"https:\\\/\\\/poppyshoppen.no\\\/#\\\/schema\\\/logo\\\/image\\\/\",\"url\":\"https:\\\/\\\/poppyshoppen.no\\\/wp-content\\\/uploads\\\/2024\\\/08\\\/cropped-poppyshoppen-logoikon.png\",\"contentUrl\":\"https:\\\/\\\/poppyshoppen.no\\\/wp-content\\\/uploads\\\/2024\\\/08\\\/cropped-poppyshoppen-logoikon.png\",\"width\":512,\"height\":512,\"caption\":\"Poppyshoppen\"},\"image\":{\"@id\":\"https:\\\/\\\/poppyshoppen.no\\\/#\\\/schema\\\/logo\\\/image\\\/\"},\"sameAs\":[\"https:\\\/\\\/www.facebook.com\\\/profile.php?id=61558460251190\",\"https:\\\/\\\/www.instagram.com\\\/poppyshoppen_no\\\/\"]}]}<\/script>\n<!-- \/ Yoast SEO plugin. -->","yoast_head_json":{"title":"Spiritual Cleansing Water \u2013 Positive Vibes | Poppyshoppen","description":"Spiritual Cleansing Water \u2013 Positive Vibes er et stemningsfullt ritualvann p\u00e5 engelsk, perfekt til sm\u00e5 ritualer, romrens, meditasjon og self-care.","robots":{"index":"index","follow":"follow","max-snippet":"max-snippet:-1","max-image-preview":"max-image-preview:large","max-video-preview":"max-video-preview:-1"},"canonical":"https:\/\/poppyshoppen.no\/en\/product\/spiritual-cleansing-water-positive-vibes\/","og_locale":"en_US","og_type":"article","og_title":"Spiritual Cleansing Water \u2013 Positive Vibes | Poppyshoppen","og_description":"Spiritual Cleansing Water \u2013 Positive Vibes er et stemningsfullt ritualvann p\u00e5 engelsk, perfekt til sm\u00e5 ritualer, romrens, meditasjon og self-care.","og_url":"https:\/\/poppyshoppen.no\/en\/product\/spiritual-cleansing-water-positive-vibes\/","og_site_name":"Poppyshoppen","article_publisher":"https:\/\/www.facebook.com\/profile.php?id=61558460251190","article_modified_time":"2026-05-11T11:38:57+00:00","og_image":[{"width":1574,"height":1574,"url":"https:\/\/poppyshoppen.no\/wp-content\/uploads\/2026\/05\/spiritual-water-positive-vibes.webp","type":"image\/webp"}],"twitter_card":"summary_large_image","twitter_misc":{"Est. reading time":"1 minute"},"schema":{"@context":"https:\/\/schema.org","@graph":[{"@type":"WebPage","@id":"https:\/\/poppyshoppen.no\/produkt\/spiritual-cleansing-water-positive-vibes\/","url":"https:\/\/poppyshoppen.no\/produkt\/spiritual-cleansing-water-positive-vibes\/","name":"Spiritual Cleansing Water \u2013 Positive Vibes | Poppyshoppen","isPartOf":{"@id":"https:\/\/poppyshoppen.no\/#website"},"primaryImageOfPage":{"@id":"https:\/\/poppyshoppen.no\/produkt\/spiritual-cleansing-water-positive-vibes\/#primaryimage"},"image":{"@id":"https:\/\/poppyshoppen.no\/produkt\/spiritual-cleansing-water-positive-vibes\/#primaryimage"},"thumbnailUrl":"https:\/\/poppyshoppen.no\/wp-content\/uploads\/2026\/05\/spiritual-water-positive-vibes.webp","datePublished":"2026-05-11T11:38:56+00:00","dateModified":"2026-05-11T11:38:57+00:00","description":"Spiritual Cleansing Water \u2013 Positive Vibes er et stemningsfullt ritualvann p\u00e5 engelsk, perfekt til sm\u00e5 ritualer, romrens, meditasjon og self-care.","breadcrumb":{"@id":"https:\/\/poppyshoppen.no\/produkt\/spiritual-cleansing-water-positive-vibes\/#breadcrumb"},"inLanguage":"en-US","potentialAction":[{"@type":"ReadAction","target":["https:\/\/poppyshoppen.no\/produkt\/spiritual-cleansing-water-positive-vibes\/"]}]},{"@type":"ImageObject","inLanguage":"en-US","@id":"https:\/\/poppyshoppen.no\/produkt\/spiritual-cleansing-water-positive-vibes\/#primaryimage","url":"https:\/\/poppyshoppen.no\/wp-content\/uploads\/2026\/05\/spiritual-water-positive-vibes.webp","contentUrl":"https:\/\/poppyshoppen.no\/wp-content\/uploads\/2026\/05\/spiritual-water-positive-vibes.webp","width":1574,"height":1574,"caption":"spiritual water positive vibes"},{"@type":"BreadcrumbList","@id":"https:\/\/poppyshoppen.no\/produkt\/spiritual-cleansing-water-positive-vibes\/#breadcrumb","itemListElement":[{"@type":"ListItem","position":1,"name":"Hjem","item":"https:\/\/poppyshoppen.no\/"},{"@type":"ListItem","position":2,"name":"Shop","item":"https:\/\/poppyshoppen.no\/shop\/"},{"@type":"ListItem","position":3,"name":"Spiritual Cleansing Water \u2013 Positive Vibes"}]},{"@type":"WebSite","@id":"https:\/\/poppyshoppen.no\/#website","url":"https:\/\/poppyshoppen.no\/","name":"Poppyshoppen","description":"Gj\u00f8r hverdagen litt mer fargerik","publisher":{"@id":"https:\/\/poppyshoppen.no\/#organization"},"potentialAction":[{"@type":"SearchAction","target":{"@type":"EntryPoint","urlTemplate":"https:\/\/poppyshoppen.no\/?s={search_term_string}"},"query-input":{"@type":"PropertyValueSpecification","valueRequired":true,"valueName":"search_term_string"}}],"inLanguage":"en-US"},{"@type":"Organization","@id":"https:\/\/poppyshoppen.no\/#organization","name":"Poppyshoppen","url":"https:\/\/poppyshoppen.no\/","logo":{"@type":"ImageObject","inLanguage":"en-US","@id":"https:\/\/poppyshoppen.no\/#\/schema\/logo\/image\/","url":"https:\/\/poppyshoppen.no\/wp-content\/uploads\/2024\/08\/cropped-poppyshoppen-logoikon.png","contentUrl":"https:\/\/poppyshoppen.no\/wp-content\/uploads\/2024\/08\/cropped-poppyshoppen-logoikon.png","width":512,"height":512,"caption":"Poppyshoppen"},"image":{"@id":"https:\/\/poppyshoppen.no\/#\/schema\/logo\/image\/"},"sameAs":["https:\/\/www.facebook.com\/profile.php?id=61558460251190","https:\/\/www.instagram.com\/poppyshoppen_no\/"]}]}},"jetpack_sharing_enabled":true,"_links":{"self":[{"href":"https:\/\/poppyshoppen.no\/en\/wp-json\/wp\/v2\/product\/2891","targetHints":{"allow":["GET"]}}],"collection":[{"href":"https:\/\/poppyshoppen.no\/en\/wp-json\/wp\/v2\/product"}],"about":[{"href":"https:\/\/poppyshoppen.no\/en\/wp-json\/wp\/v2\/types\/product"}],"replies":[{"embeddable":true,"href":"https:\/\/poppyshoppen.no\/en\/wp-json\/wp\/v2\/comments?post=2891"}],"wp:featuredmedia":[{"embeddable":true,"href":"https:\/\/poppyshoppen.no\/en\/wp-json\/wp\/v2\/media\/2892"}],"wp:attachment":[{"href":"https:\/\/poppyshoppen.no\/en\/wp-json\/wp\/v2\/media?parent=2891"}],"wp:term":[{"taxonomy":"product_brand","embeddable":true,"href":"https:\/\/poppyshoppen.no\/en\/wp-json\/wp\/v2\/product_brand?post=2891"},{"taxonomy":"product_cat","embeddable":true,"href":"https:\/\/poppyshoppen.no\/en\/wp-json\/wp\/v2\/product_cat?post=2891"},{"taxonomy":"product_tag","embeddable":true,"href":"https:\/\/poppyshoppen.no\/en\/wp-json\/wp\/v2\/product_tag?post=2891"}],"curies":[{"name":"wp","href":"https:\/\/api.w.org\/{rel}","templated":true}]}}