{"id":421,"date":"2024-09-03T13:27:30","date_gmt":"2024-09-03T13:27:30","guid":{"rendered":"https:\/\/poppyshoppen.no\/?post_type=product&#038;p=421"},"modified":"2024-11-12T19:20:12","modified_gmt":"2024-11-12T19:20:12","slug":"farsdags-kort-hoppe-av-i-svingen","status":"publish","type":"product","link":"https:\/\/poppyshoppen.no\/en\/product\/farsdags-kort-hoppe-av-i-svingen\/","title":{"rendered":"Farsdags kort Hoppe av i svingen"},"content":{"rendered":"<p>Farsdags kort Hoppe av i svingen. Et humoristisk farsdagskort med teksten: Til pappa! Takk for at du ikke rakk \u00e5 hoppe av i svingen! Gratulerer med farsdagen! Dobbelt kort. St\u00f8rrelse: A6. Konvolutt f\u00f8lger med. Kortet inng\u00e5r i en serie med morsomme farsdagskort. Farsdags kort Hoppe av i svingen trykkes p\u00e5 kvalitetspapir.<\/p>\n<p><a href=\"https:\/\/poppyshoppen.no\/product-category\/kort\/farsdagskort\/\">Shop alle farsdagskort i poppyshoppen<\/a><\/p>\n<div class=\"flex max-w-full flex-col flex-grow\">\n<div class=\"min-h-8 text-message flex w-full flex-col items-end gap-2 whitespace-normal break-words [.text-message+&amp;]:mt-5\" dir=\"auto\" data-message-author-role=\"assistant\" data-message-id=\"52e7ab45-a1cf-4753-8d9f-96dfe9142f4d\" data-message-model-slug=\"gpt-4o\">\n<div class=\"flex w-full flex-col gap-1 empty:hidden first:pt-[3px]\">\n<div class=\"markdown prose w-full break-words dark:prose-invert light\">\n<p>Farsdagskort fra Poppydesign er en varm og personlig m\u00e5te \u00e5 feire alle typer pappaer p\u00e5! Hos meg finner du kort til enhver pappa, inkludert kort til mammaer som har v\u00e6rt som en pappa, <em>kattepappaer<\/em>, <em>hundepappaer<\/em> og <em>bonus pappaer<\/em>. Et farsdags kort fra Poppydesign er laget med omtanke, og gir deg muligheten til \u00e5 velge mellom kj\u00e6rlige, morsomme og kreative design som passer din spesielle pappa perfekt.<\/p>\n<p>Kortene er perfekte enten du vil ha et klassisk <em>kort til farsdag<\/em>, et <em>farsdagkort<\/em> med humor, eller et <em>morsomt farsdagskort<\/em> som garantert gir et smil. \u00c5 gi et personlig kort er en fin m\u00e5te \u00e5 vise takknemlighet og spre glede \u2013 og det er ekstra koselig med et farsdagskort som er spesielt tilpasset hans unike rolle i livet ditt.<\/p>\n<p>Noen forslag til hva du kan skrive:<\/p>\n<ol>\n<li>&laquo;Takk for at du alltid har v\u00e6rt der \u2013 min helt, uansett hva!&raquo;<\/li>\n<li>&laquo;Til verdens beste bonuspappa \u2013 du gj\u00f8r livet mitt lysere.&raquo;<\/li>\n<li>&laquo;Takk for all kj\u00e6rligheten du gir, pappa til b\u00e5de to- og firbeinte.&raquo;<\/li>\n<li>&laquo;Pappa (og mamma!), takk for at du er alt jeg trenger.&raquo;<\/li>\n<\/ol>\n<p>Velg et kort fra Poppydesign som sier akkurat det du f\u00f8ler \u2013 perfekt for alle pappaer der ute!<\/p>\n<\/div>\n<\/div>\n<\/div>\n<\/div>\n<div class=\"mb-2 flex gap-3 empty:hidden -ml-2\">\n<div class=\"items-center justify-start rounded-xl p-1 flex\">\n<div class=\"flex items-center\"><\/div>\n<\/div>\n<\/div>\n","protected":false},"excerpt":{"rendered":"<p>Morsomt farsdagskort til en pappa med humor. Dobbelt kort. St\u00f8rrelse: A6. Konvolutt f\u00f8lger med.<\/p>","protected":false},"featured_media":266,"comment_status":"open","ping_status":"closed","template":"","meta":[],"product_brand":[],"product_cat":[21,18],"product_tag":[70,69],"class_list":{"0":"post-421","1":"product","2":"type-product","3":"status-publish","4":"has-post-thumbnail","6":"product_cat-farsdagskort","7":"product_cat-kort","8":"product_tag-farsdag","9":"product_tag-kort-med-tekst","10":"product_shipping_class-kort","12":"first","13":"instock","14":"taxable","15":"shipping-taxable","16":"purchasable","17":"product-type-simple"},"bundled_by":[],"bundle_stock_status":"instock","bundle_stock_quantity":null,"bundle_virtual":false,"bundle_layout":"","bundle_add_to_cart_form_location":"","bundle_editable_in_cart":false,"bundle_sold_individually_context":"","bundle_item_grouping":"","bundle_min_size":"","bundle_max_size":"","bundle_price":[],"bundled_items":[],"bundle_sell_ids":[],"exclude_global_add_ons":[],"addons":[],"yoast_head":"<!-- This site is optimized with the Yoast SEO plugin v27.3 - https:\/\/yoast.com\/product\/yoast-seo-wordpress\/ -->\n<title>Farsdags kort Hoppe av i svingen | Poppyshoppen<\/title>\n<meta name=\"description\" content=\"Farsdags kort Hoppe av i svingen. Et humoristisk farsdagskort med teksten: Til pappa! Takk for at du ikke rakk \u00e5 hoppe av i svingen!\" \/>\n<meta name=\"robots\" content=\"index, follow, max-snippet:-1, max-image-preview:large, max-video-preview:-1\" \/>\n<link rel=\"canonical\" href=\"https:\/\/poppyshoppen.no\/en\/product\/farsdags-kort-hoppe-av-i-svingen\/\" \/>\n<meta property=\"og:locale\" content=\"en_US\" \/>\n<meta property=\"og:type\" content=\"article\" \/>\n<meta property=\"og:title\" content=\"Farsdags kort Hoppe av i svingen | Poppyshoppen\" \/>\n<meta property=\"og:description\" content=\"Farsdags kort Hoppe av i svingen. Et humoristisk farsdagskort med teksten: Til pappa! Takk for at du ikke rakk \u00e5 hoppe av i svingen!\" \/>\n<meta property=\"og:url\" content=\"https:\/\/poppyshoppen.no\/en\/product\/farsdags-kort-hoppe-av-i-svingen\/\" \/>\n<meta property=\"og:site_name\" content=\"Poppyshoppen\" \/>\n<meta property=\"article:publisher\" content=\"https:\/\/www.facebook.com\/profile.php?id=61558460251190\" \/>\n<meta property=\"article:modified_time\" content=\"2024-11-12T19:20:12+00:00\" \/>\n<meta property=\"og:image\" content=\"https:\/\/poppyshoppen.no\/wp-content\/uploads\/2024\/09\/farsdagskort_hoppe-av-i-svingen_POPPY042.jpg\" \/>\n\t<meta property=\"og:image:width\" content=\"1476\" \/>\n\t<meta property=\"og:image:height\" content=\"1476\" \/>\n\t<meta property=\"og:image:type\" content=\"image\/jpeg\" \/>\n<meta name=\"twitter:card\" content=\"summary_large_image\" \/>\n<meta name=\"twitter:label1\" content=\"Est. reading time\" \/>\n\t<meta name=\"twitter:data1\" content=\"2 minutes\" \/>\n<script type=\"application\/ld+json\" class=\"yoast-schema-graph\">{\"@context\":\"https:\\\/\\\/schema.org\",\"@graph\":[{\"@type\":\"WebPage\",\"@id\":\"https:\\\/\\\/poppyshoppen.no\\\/produkt\\\/farsdags-kort-hoppe-av-i-svingen\\\/\",\"url\":\"https:\\\/\\\/poppyshoppen.no\\\/produkt\\\/farsdags-kort-hoppe-av-i-svingen\\\/\",\"name\":\"Farsdags kort Hoppe av i svingen | Poppyshoppen\",\"isPartOf\":{\"@id\":\"https:\\\/\\\/poppyshoppen.no\\\/#website\"},\"primaryImageOfPage\":{\"@id\":\"https:\\\/\\\/poppyshoppen.no\\\/produkt\\\/farsdags-kort-hoppe-av-i-svingen\\\/#primaryimage\"},\"image\":{\"@id\":\"https:\\\/\\\/poppyshoppen.no\\\/produkt\\\/farsdags-kort-hoppe-av-i-svingen\\\/#primaryimage\"},\"thumbnailUrl\":\"https:\\\/\\\/poppyshoppen.no\\\/wp-content\\\/uploads\\\/2024\\\/09\\\/farsdagskort_hoppe-av-i-svingen_POPPY042.jpg\",\"datePublished\":\"2024-09-03T13:27:30+00:00\",\"dateModified\":\"2024-11-12T19:20:12+00:00\",\"description\":\"Farsdags kort Hoppe av i svingen. Et humoristisk farsdagskort med teksten: Til pappa! Takk for at du ikke rakk \u00e5 hoppe av i svingen!\",\"breadcrumb\":{\"@id\":\"https:\\\/\\\/poppyshoppen.no\\\/produkt\\\/farsdags-kort-hoppe-av-i-svingen\\\/#breadcrumb\"},\"inLanguage\":\"en-US\",\"potentialAction\":[{\"@type\":\"ReadAction\",\"target\":[\"https:\\\/\\\/poppyshoppen.no\\\/produkt\\\/farsdags-kort-hoppe-av-i-svingen\\\/\"]}]},{\"@type\":\"ImageObject\",\"inLanguage\":\"en-US\",\"@id\":\"https:\\\/\\\/poppyshoppen.no\\\/produkt\\\/farsdags-kort-hoppe-av-i-svingen\\\/#primaryimage\",\"url\":\"https:\\\/\\\/poppyshoppen.no\\\/wp-content\\\/uploads\\\/2024\\\/09\\\/farsdagskort_hoppe-av-i-svingen_POPPY042.jpg\",\"contentUrl\":\"https:\\\/\\\/poppyshoppen.no\\\/wp-content\\\/uploads\\\/2024\\\/09\\\/farsdagskort_hoppe-av-i-svingen_POPPY042.jpg\",\"width\":1476,\"height\":1476,\"caption\":\"Farsdagskort med teksten: Til pappa! Takk for at du ikke rakk \u00e5 hoppe av i svingen! Gratulerer med farsdagen!\"},{\"@type\":\"BreadcrumbList\",\"@id\":\"https:\\\/\\\/poppyshoppen.no\\\/produkt\\\/farsdags-kort-hoppe-av-i-svingen\\\/#breadcrumb\",\"itemListElement\":[{\"@type\":\"ListItem\",\"position\":1,\"name\":\"Hjem\",\"item\":\"https:\\\/\\\/poppyshoppen.no\\\/\"},{\"@type\":\"ListItem\",\"position\":2,\"name\":\"Shop\",\"item\":\"https:\\\/\\\/poppyshoppen.no\\\/shop\\\/\"},{\"@type\":\"ListItem\",\"position\":3,\"name\":\"Farsdags kort Hoppe av i svingen\"}]},{\"@type\":\"WebSite\",\"@id\":\"https:\\\/\\\/poppyshoppen.no\\\/#website\",\"url\":\"https:\\\/\\\/poppyshoppen.no\\\/\",\"name\":\"Poppyshoppen\",\"description\":\"Gj\u00f8r hverdagen litt mer fargerik\",\"publisher\":{\"@id\":\"https:\\\/\\\/poppyshoppen.no\\\/#organization\"},\"potentialAction\":[{\"@type\":\"SearchAction\",\"target\":{\"@type\":\"EntryPoint\",\"urlTemplate\":\"https:\\\/\\\/poppyshoppen.no\\\/?s={search_term_string}\"},\"query-input\":{\"@type\":\"PropertyValueSpecification\",\"valueRequired\":true,\"valueName\":\"search_term_string\"}}],\"inLanguage\":\"en-US\"},{\"@type\":\"Organization\",\"@id\":\"https:\\\/\\\/poppyshoppen.no\\\/#organization\",\"name\":\"Poppyshoppen\",\"url\":\"https:\\\/\\\/poppyshoppen.no\\\/\",\"logo\":{\"@type\":\"ImageObject\",\"inLanguage\":\"en-US\",\"@id\":\"https:\\\/\\\/poppyshoppen.no\\\/#\\\/schema\\\/logo\\\/image\\\/\",\"url\":\"https:\\\/\\\/poppyshoppen.no\\\/wp-content\\\/uploads\\\/2024\\\/08\\\/cropped-poppyshoppen-logoikon.png\",\"contentUrl\":\"https:\\\/\\\/poppyshoppen.no\\\/wp-content\\\/uploads\\\/2024\\\/08\\\/cropped-poppyshoppen-logoikon.png\",\"width\":512,\"height\":512,\"caption\":\"Poppyshoppen\"},\"image\":{\"@id\":\"https:\\\/\\\/poppyshoppen.no\\\/#\\\/schema\\\/logo\\\/image\\\/\"},\"sameAs\":[\"https:\\\/\\\/www.facebook.com\\\/profile.php?id=61558460251190\",\"https:\\\/\\\/www.instagram.com\\\/poppyshoppen_no\\\/\"]}]}<\/script>\n<!-- \/ Yoast SEO plugin. -->","yoast_head_json":{"title":"Farsdags kort Hoppe av i svingen | Poppyshoppen","description":"Farsdags kort Hoppe av i svingen. Et humoristisk farsdagskort med teksten: Til pappa! Takk for at du ikke rakk \u00e5 hoppe av i svingen!","robots":{"index":"index","follow":"follow","max-snippet":"max-snippet:-1","max-image-preview":"max-image-preview:large","max-video-preview":"max-video-preview:-1"},"canonical":"https:\/\/poppyshoppen.no\/en\/product\/farsdags-kort-hoppe-av-i-svingen\/","og_locale":"en_US","og_type":"article","og_title":"Farsdags kort Hoppe av i svingen | Poppyshoppen","og_description":"Farsdags kort Hoppe av i svingen. Et humoristisk farsdagskort med teksten: Til pappa! Takk for at du ikke rakk \u00e5 hoppe av i svingen!","og_url":"https:\/\/poppyshoppen.no\/en\/product\/farsdags-kort-hoppe-av-i-svingen\/","og_site_name":"Poppyshoppen","article_publisher":"https:\/\/www.facebook.com\/profile.php?id=61558460251190","article_modified_time":"2024-11-12T19:20:12+00:00","og_image":[{"width":1476,"height":1476,"url":"https:\/\/poppyshoppen.no\/wp-content\/uploads\/2024\/09\/farsdagskort_hoppe-av-i-svingen_POPPY042.jpg","type":"image\/jpeg"}],"twitter_card":"summary_large_image","twitter_misc":{"Est. reading time":"2 minutes"},"schema":{"@context":"https:\/\/schema.org","@graph":[{"@type":"WebPage","@id":"https:\/\/poppyshoppen.no\/produkt\/farsdags-kort-hoppe-av-i-svingen\/","url":"https:\/\/poppyshoppen.no\/produkt\/farsdags-kort-hoppe-av-i-svingen\/","name":"Farsdags kort Hoppe av i svingen | Poppyshoppen","isPartOf":{"@id":"https:\/\/poppyshoppen.no\/#website"},"primaryImageOfPage":{"@id":"https:\/\/poppyshoppen.no\/produkt\/farsdags-kort-hoppe-av-i-svingen\/#primaryimage"},"image":{"@id":"https:\/\/poppyshoppen.no\/produkt\/farsdags-kort-hoppe-av-i-svingen\/#primaryimage"},"thumbnailUrl":"https:\/\/poppyshoppen.no\/wp-content\/uploads\/2024\/09\/farsdagskort_hoppe-av-i-svingen_POPPY042.jpg","datePublished":"2024-09-03T13:27:30+00:00","dateModified":"2024-11-12T19:20:12+00:00","description":"Farsdags kort Hoppe av i svingen. Et humoristisk farsdagskort med teksten: Til pappa! Takk for at du ikke rakk \u00e5 hoppe av i svingen!","breadcrumb":{"@id":"https:\/\/poppyshoppen.no\/produkt\/farsdags-kort-hoppe-av-i-svingen\/#breadcrumb"},"inLanguage":"en-US","potentialAction":[{"@type":"ReadAction","target":["https:\/\/poppyshoppen.no\/produkt\/farsdags-kort-hoppe-av-i-svingen\/"]}]},{"@type":"ImageObject","inLanguage":"en-US","@id":"https:\/\/poppyshoppen.no\/produkt\/farsdags-kort-hoppe-av-i-svingen\/#primaryimage","url":"https:\/\/poppyshoppen.no\/wp-content\/uploads\/2024\/09\/farsdagskort_hoppe-av-i-svingen_POPPY042.jpg","contentUrl":"https:\/\/poppyshoppen.no\/wp-content\/uploads\/2024\/09\/farsdagskort_hoppe-av-i-svingen_POPPY042.jpg","width":1476,"height":1476,"caption":"Farsdagskort med teksten: Til pappa! Takk for at du ikke rakk \u00e5 hoppe av i svingen! Gratulerer med farsdagen!"},{"@type":"BreadcrumbList","@id":"https:\/\/poppyshoppen.no\/produkt\/farsdags-kort-hoppe-av-i-svingen\/#breadcrumb","itemListElement":[{"@type":"ListItem","position":1,"name":"Hjem","item":"https:\/\/poppyshoppen.no\/"},{"@type":"ListItem","position":2,"name":"Shop","item":"https:\/\/poppyshoppen.no\/shop\/"},{"@type":"ListItem","position":3,"name":"Farsdags kort Hoppe av i svingen"}]},{"@type":"WebSite","@id":"https:\/\/poppyshoppen.no\/#website","url":"https:\/\/poppyshoppen.no\/","name":"Poppyshoppen","description":"Gj\u00f8r hverdagen litt mer fargerik","publisher":{"@id":"https:\/\/poppyshoppen.no\/#organization"},"potentialAction":[{"@type":"SearchAction","target":{"@type":"EntryPoint","urlTemplate":"https:\/\/poppyshoppen.no\/?s={search_term_string}"},"query-input":{"@type":"PropertyValueSpecification","valueRequired":true,"valueName":"search_term_string"}}],"inLanguage":"en-US"},{"@type":"Organization","@id":"https:\/\/poppyshoppen.no\/#organization","name":"Poppyshoppen","url":"https:\/\/poppyshoppen.no\/","logo":{"@type":"ImageObject","inLanguage":"en-US","@id":"https:\/\/poppyshoppen.no\/#\/schema\/logo\/image\/","url":"https:\/\/poppyshoppen.no\/wp-content\/uploads\/2024\/08\/cropped-poppyshoppen-logoikon.png","contentUrl":"https:\/\/poppyshoppen.no\/wp-content\/uploads\/2024\/08\/cropped-poppyshoppen-logoikon.png","width":512,"height":512,"caption":"Poppyshoppen"},"image":{"@id":"https:\/\/poppyshoppen.no\/#\/schema\/logo\/image\/"},"sameAs":["https:\/\/www.facebook.com\/profile.php?id=61558460251190","https:\/\/www.instagram.com\/poppyshoppen_no\/"]}]}},"jetpack_sharing_enabled":true,"_links":{"self":[{"href":"https:\/\/poppyshoppen.no\/en\/wp-json\/wp\/v2\/product\/421","targetHints":{"allow":["GET"]}}],"collection":[{"href":"https:\/\/poppyshoppen.no\/en\/wp-json\/wp\/v2\/product"}],"about":[{"href":"https:\/\/poppyshoppen.no\/en\/wp-json\/wp\/v2\/types\/product"}],"replies":[{"embeddable":true,"href":"https:\/\/poppyshoppen.no\/en\/wp-json\/wp\/v2\/comments?post=421"}],"wp:featuredmedia":[{"embeddable":true,"href":"https:\/\/poppyshoppen.no\/en\/wp-json\/wp\/v2\/media\/266"}],"wp:attachment":[{"href":"https:\/\/poppyshoppen.no\/en\/wp-json\/wp\/v2\/media?parent=421"}],"wp:term":[{"taxonomy":"product_brand","embeddable":true,"href":"https:\/\/poppyshoppen.no\/en\/wp-json\/wp\/v2\/product_brand?post=421"},{"taxonomy":"product_cat","embeddable":true,"href":"https:\/\/poppyshoppen.no\/en\/wp-json\/wp\/v2\/product_cat?post=421"},{"taxonomy":"product_tag","embeddable":true,"href":"https:\/\/poppyshoppen.no\/en\/wp-json\/wp\/v2\/product_tag?post=421"}],"curies":[{"name":"wp","href":"https:\/\/api.w.org\/{rel}","templated":true}]}}