{"id":439,"date":"2024-09-03T14:10:18","date_gmt":"2024-09-03T14:10:18","guid":{"rendered":"https:\/\/poppyshoppen.no\/?post_type=product&#038;p=439"},"modified":"2025-02-12T12:39:20","modified_gmt":"2025-02-12T11:39:20","slug":"morsdags-kort-vanlig-dag","status":"publish","type":"product","link":"https:\/\/poppyshoppen.no\/en\/product\/morsdags-kort-vanlig-dag\/","title":{"rendered":"Morsdags kort en vanlig dag"},"content":{"rendered":"<p>Morsdags kort en vanlig dag. Et humoristisk morsdagskort med teksten: Kj\u00e6re mamma! Uten meg hadde dagen i dag bare v\u00e6rt en helt vanlig dag for deg. Gleden er p\u00e5 min side. Gratulerer med morsdagen! St\u00f8rrelse: A6. Konvolutt f\u00f8lger med. Morsdags kort en vanlig dag trykkes p\u00e5 kvalitetspapir.<\/p>\n<p><a href=\"https:\/\/poppyshoppen.no\/product-category\/kort\/morsdagskort\/\">Shop alle morsdagskort i poppyshoppen<\/a><\/p>\n<div class=\"flex max-w-full flex-col flex-grow\">\n<div class=\"min-h-8 text-message flex w-full flex-col items-end gap-2 whitespace-normal break-words [.text-message+&amp;]:mt-5\" dir=\"auto\" data-message-author-role=\"assistant\" data-message-id=\"08188314-e7d9-4a80-b395-a22a7ad64769\" data-message-model-slug=\"gpt-4o\">\n<div class=\"flex w-full flex-col gap-1 empty:hidden first:pt-[3px]\">\n<div class=\"markdown prose w-full break-words dark:prose-invert light\">\n<p>Morsdagskort fra Poppydesign er en varm og personlig m\u00e5te \u00e5 feire alle typer mammaer p\u00e5! Hos meg finner du morsdagskort for enhver mamma, inkludert kort til pappaer som har v\u00e6rt som en mamma, <em>kattemammaer<\/em>, <em>hundemammaer<\/em> og <em>bonusmammaer<\/em>. Et morsdagskort fra Poppydesign er laget med omtanke, og gir deg muligheten til \u00e5 velge mellom kj\u00e6rlige, morsomme og kreative design som passer din spesielle mamma perfekt.<\/p>\n<p>Kortene mine er perfekte enten du vil ha et klassisk <em>morsdagskort<\/em>, et <em>morsdagkort<\/em> med humor, eller et <em>morsomt morsdagskort<\/em> som garantert gir et smil. \u00c5 gi et personlig kort er en fin m\u00e5te \u00e5 vise takknemlighet og spre glede \u2013 og det er ekstra koselig med et morsdagskort som er spesielt tilpasset hennes unike rolle i livet ditt.<\/p>\n<p>Hva skriver man i morsdagskort:<\/p>\n<ol>\n<li>&laquo;Takk for at du alltid har v\u00e6rt der \u2013 min helt, uansett hva!&raquo;<\/li>\n<li>&laquo;Til verdens beste bonusmamma \u2013 du gj\u00f8r livet mitt lysere.&raquo;<\/li>\n<li>&laquo;Takk for all kj\u00e6rligheten du gir, mamma til b\u00e5de to- og firbeinte.&raquo;<\/li>\n<li>&laquo;Mamma, takk for at du er alt jeg trenger.&raquo;<\/li>\n<\/ol>\n<p>Velg et kort fra Poppydesign som sier akkurat det du f\u00f8ler \u2013 perfekt for alle mammaer der ute!<\/p>\n<\/div>\n<\/div>\n<\/div>\n<\/div>\n","protected":false},"excerpt":{"rendered":"<p>Humoristisk morsdagskort til mammer med god humor. Dobbelt kort. St\u00f8rrelse: A6. Konvolutt f\u00f8lger med.<\/p>","protected":false},"featured_media":408,"comment_status":"open","ping_status":"closed","template":"","meta":[],"product_brand":[],"product_cat":[18,136,20],"product_tag":[69,71],"class_list":{"0":"post-439","1":"product","2":"type-product","3":"status-publish","4":"has-post-thumbnail","6":"product_cat-kort","7":"product_cat-morsdag","8":"product_cat-morsdagskort","9":"product_tag-kort-med-tekst","10":"product_tag-morsdag","11":"product_shipping_class-kort","13":"first","14":"instock","15":"taxable","16":"shipping-taxable","17":"purchasable","18":"product-type-simple"},"bundled_by":[],"bundle_stock_status":"instock","bundle_stock_quantity":null,"bundle_virtual":false,"bundle_layout":"","bundle_add_to_cart_form_location":"","bundle_editable_in_cart":false,"bundle_sold_individually_context":"","bundle_item_grouping":"","bundle_min_size":"","bundle_max_size":"","bundle_price":[],"bundled_items":[],"bundle_sell_ids":[],"exclude_global_add_ons":[],"addons":[],"yoast_head":"<!-- This site is optimized with the Yoast SEO plugin v27.3 - https:\/\/yoast.com\/product\/yoast-seo-wordpress\/ -->\n<title>Morsdags kort en vanlig dag | Poppyshoppen<\/title>\n<meta name=\"description\" content=\"Morsdags kort en vanlig dag. Et humoristisk morsdagskort med teksten: Kj\u00e6re mamma! Uten meg hadde dagen i dag bare v\u00e6rt en helt vanlig dag for deg.\" \/>\n<meta name=\"robots\" content=\"index, follow, max-snippet:-1, max-image-preview:large, max-video-preview:-1\" \/>\n<link rel=\"canonical\" href=\"https:\/\/poppyshoppen.no\/en\/product\/morsdags-kort-vanlig-dag\/\" \/>\n<meta property=\"og:locale\" content=\"en_US\" \/>\n<meta property=\"og:type\" content=\"article\" \/>\n<meta property=\"og:title\" content=\"Morsdags kort en vanlig dag | Poppyshoppen\" \/>\n<meta property=\"og:description\" content=\"Morsdags kort en vanlig dag. Et humoristisk morsdagskort med teksten: Kj\u00e6re mamma! Uten meg hadde dagen i dag bare v\u00e6rt en helt vanlig dag for deg.\" \/>\n<meta property=\"og:url\" content=\"https:\/\/poppyshoppen.no\/en\/product\/morsdags-kort-vanlig-dag\/\" \/>\n<meta property=\"og:site_name\" content=\"Poppyshoppen\" \/>\n<meta property=\"article:publisher\" content=\"https:\/\/www.facebook.com\/profile.php?id=61558460251190\" \/>\n<meta property=\"article:modified_time\" content=\"2025-02-12T11:39:20+00:00\" \/>\n<meta property=\"og:image\" content=\"https:\/\/poppyshoppen.no\/wp-content\/uploads\/2024\/09\/morsdagskort_vanlig-dag_POPPY058.jpg\" \/>\n\t<meta property=\"og:image:width\" content=\"1476\" \/>\n\t<meta property=\"og:image:height\" content=\"1476\" \/>\n\t<meta property=\"og:image:type\" content=\"image\/jpeg\" \/>\n<meta name=\"twitter:card\" content=\"summary_large_image\" \/>\n<meta name=\"twitter:label1\" content=\"Est. reading time\" \/>\n\t<meta name=\"twitter:data1\" content=\"2 minutes\" \/>\n<script type=\"application\/ld+json\" class=\"yoast-schema-graph\">{\"@context\":\"https:\\\/\\\/schema.org\",\"@graph\":[{\"@type\":\"WebPage\",\"@id\":\"https:\\\/\\\/poppyshoppen.no\\\/produkt\\\/morsdags-kort-vanlig-dag\\\/\",\"url\":\"https:\\\/\\\/poppyshoppen.no\\\/produkt\\\/morsdags-kort-vanlig-dag\\\/\",\"name\":\"Morsdags kort en vanlig dag | Poppyshoppen\",\"isPartOf\":{\"@id\":\"https:\\\/\\\/poppyshoppen.no\\\/#website\"},\"primaryImageOfPage\":{\"@id\":\"https:\\\/\\\/poppyshoppen.no\\\/produkt\\\/morsdags-kort-vanlig-dag\\\/#primaryimage\"},\"image\":{\"@id\":\"https:\\\/\\\/poppyshoppen.no\\\/produkt\\\/morsdags-kort-vanlig-dag\\\/#primaryimage\"},\"thumbnailUrl\":\"https:\\\/\\\/poppyshoppen.no\\\/wp-content\\\/uploads\\\/2024\\\/09\\\/morsdagskort_vanlig-dag_POPPY058.jpg\",\"datePublished\":\"2024-09-03T14:10:18+00:00\",\"dateModified\":\"2025-02-12T11:39:20+00:00\",\"description\":\"Morsdags kort en vanlig dag. Et humoristisk morsdagskort med teksten: Kj\u00e6re mamma! Uten meg hadde dagen i dag bare v\u00e6rt en helt vanlig dag for deg.\",\"breadcrumb\":{\"@id\":\"https:\\\/\\\/poppyshoppen.no\\\/produkt\\\/morsdags-kort-vanlig-dag\\\/#breadcrumb\"},\"inLanguage\":\"en-US\",\"potentialAction\":[{\"@type\":\"ReadAction\",\"target\":[\"https:\\\/\\\/poppyshoppen.no\\\/produkt\\\/morsdags-kort-vanlig-dag\\\/\"]}]},{\"@type\":\"ImageObject\",\"inLanguage\":\"en-US\",\"@id\":\"https:\\\/\\\/poppyshoppen.no\\\/produkt\\\/morsdags-kort-vanlig-dag\\\/#primaryimage\",\"url\":\"https:\\\/\\\/poppyshoppen.no\\\/wp-content\\\/uploads\\\/2024\\\/09\\\/morsdagskort_vanlig-dag_POPPY058.jpg\",\"contentUrl\":\"https:\\\/\\\/poppyshoppen.no\\\/wp-content\\\/uploads\\\/2024\\\/09\\\/morsdagskort_vanlig-dag_POPPY058.jpg\",\"width\":1476,\"height\":1476,\"caption\":\"morsdagskort med teksten Kj\u00e6re mamma! Uten meg hadde dagen i dag bare v\u00e6rt en helt vanlig dag for deg. Gleden er p\u00e5 min side. Gratulerer med morsdagen\"},{\"@type\":\"BreadcrumbList\",\"@id\":\"https:\\\/\\\/poppyshoppen.no\\\/produkt\\\/morsdags-kort-vanlig-dag\\\/#breadcrumb\",\"itemListElement\":[{\"@type\":\"ListItem\",\"position\":1,\"name\":\"Hjem\",\"item\":\"https:\\\/\\\/poppyshoppen.no\\\/\"},{\"@type\":\"ListItem\",\"position\":2,\"name\":\"Shop\",\"item\":\"https:\\\/\\\/poppyshoppen.no\\\/shop\\\/\"},{\"@type\":\"ListItem\",\"position\":3,\"name\":\"Morsdags kort en vanlig dag\"}]},{\"@type\":\"WebSite\",\"@id\":\"https:\\\/\\\/poppyshoppen.no\\\/#website\",\"url\":\"https:\\\/\\\/poppyshoppen.no\\\/\",\"name\":\"Poppyshoppen\",\"description\":\"Gj\u00f8r hverdagen litt mer fargerik\",\"publisher\":{\"@id\":\"https:\\\/\\\/poppyshoppen.no\\\/#organization\"},\"potentialAction\":[{\"@type\":\"SearchAction\",\"target\":{\"@type\":\"EntryPoint\",\"urlTemplate\":\"https:\\\/\\\/poppyshoppen.no\\\/?s={search_term_string}\"},\"query-input\":{\"@type\":\"PropertyValueSpecification\",\"valueRequired\":true,\"valueName\":\"search_term_string\"}}],\"inLanguage\":\"en-US\"},{\"@type\":\"Organization\",\"@id\":\"https:\\\/\\\/poppyshoppen.no\\\/#organization\",\"name\":\"Poppyshoppen\",\"url\":\"https:\\\/\\\/poppyshoppen.no\\\/\",\"logo\":{\"@type\":\"ImageObject\",\"inLanguage\":\"en-US\",\"@id\":\"https:\\\/\\\/poppyshoppen.no\\\/#\\\/schema\\\/logo\\\/image\\\/\",\"url\":\"https:\\\/\\\/poppyshoppen.no\\\/wp-content\\\/uploads\\\/2024\\\/08\\\/cropped-poppyshoppen-logoikon.png\",\"contentUrl\":\"https:\\\/\\\/poppyshoppen.no\\\/wp-content\\\/uploads\\\/2024\\\/08\\\/cropped-poppyshoppen-logoikon.png\",\"width\":512,\"height\":512,\"caption\":\"Poppyshoppen\"},\"image\":{\"@id\":\"https:\\\/\\\/poppyshoppen.no\\\/#\\\/schema\\\/logo\\\/image\\\/\"},\"sameAs\":[\"https:\\\/\\\/www.facebook.com\\\/profile.php?id=61558460251190\",\"https:\\\/\\\/www.instagram.com\\\/poppyshoppen_no\\\/\"]}]}<\/script>\n<!-- \/ Yoast SEO plugin. -->","yoast_head_json":{"title":"Morsdags kort en vanlig dag | Poppyshoppen","description":"Morsdags kort en vanlig dag. Et humoristisk morsdagskort med teksten: Kj\u00e6re mamma! Uten meg hadde dagen i dag bare v\u00e6rt en helt vanlig dag for deg.","robots":{"index":"index","follow":"follow","max-snippet":"max-snippet:-1","max-image-preview":"max-image-preview:large","max-video-preview":"max-video-preview:-1"},"canonical":"https:\/\/poppyshoppen.no\/en\/product\/morsdags-kort-vanlig-dag\/","og_locale":"en_US","og_type":"article","og_title":"Morsdags kort en vanlig dag | Poppyshoppen","og_description":"Morsdags kort en vanlig dag. Et humoristisk morsdagskort med teksten: Kj\u00e6re mamma! Uten meg hadde dagen i dag bare v\u00e6rt en helt vanlig dag for deg.","og_url":"https:\/\/poppyshoppen.no\/en\/product\/morsdags-kort-vanlig-dag\/","og_site_name":"Poppyshoppen","article_publisher":"https:\/\/www.facebook.com\/profile.php?id=61558460251190","article_modified_time":"2025-02-12T11:39:20+00:00","og_image":[{"width":1476,"height":1476,"url":"https:\/\/poppyshoppen.no\/wp-content\/uploads\/2024\/09\/morsdagskort_vanlig-dag_POPPY058.jpg","type":"image\/jpeg"}],"twitter_card":"summary_large_image","twitter_misc":{"Est. reading time":"2 minutes"},"schema":{"@context":"https:\/\/schema.org","@graph":[{"@type":"WebPage","@id":"https:\/\/poppyshoppen.no\/produkt\/morsdags-kort-vanlig-dag\/","url":"https:\/\/poppyshoppen.no\/produkt\/morsdags-kort-vanlig-dag\/","name":"Morsdags kort en vanlig dag | Poppyshoppen","isPartOf":{"@id":"https:\/\/poppyshoppen.no\/#website"},"primaryImageOfPage":{"@id":"https:\/\/poppyshoppen.no\/produkt\/morsdags-kort-vanlig-dag\/#primaryimage"},"image":{"@id":"https:\/\/poppyshoppen.no\/produkt\/morsdags-kort-vanlig-dag\/#primaryimage"},"thumbnailUrl":"https:\/\/poppyshoppen.no\/wp-content\/uploads\/2024\/09\/morsdagskort_vanlig-dag_POPPY058.jpg","datePublished":"2024-09-03T14:10:18+00:00","dateModified":"2025-02-12T11:39:20+00:00","description":"Morsdags kort en vanlig dag. Et humoristisk morsdagskort med teksten: Kj\u00e6re mamma! Uten meg hadde dagen i dag bare v\u00e6rt en helt vanlig dag for deg.","breadcrumb":{"@id":"https:\/\/poppyshoppen.no\/produkt\/morsdags-kort-vanlig-dag\/#breadcrumb"},"inLanguage":"en-US","potentialAction":[{"@type":"ReadAction","target":["https:\/\/poppyshoppen.no\/produkt\/morsdags-kort-vanlig-dag\/"]}]},{"@type":"ImageObject","inLanguage":"en-US","@id":"https:\/\/poppyshoppen.no\/produkt\/morsdags-kort-vanlig-dag\/#primaryimage","url":"https:\/\/poppyshoppen.no\/wp-content\/uploads\/2024\/09\/morsdagskort_vanlig-dag_POPPY058.jpg","contentUrl":"https:\/\/poppyshoppen.no\/wp-content\/uploads\/2024\/09\/morsdagskort_vanlig-dag_POPPY058.jpg","width":1476,"height":1476,"caption":"morsdagskort med teksten Kj\u00e6re mamma! Uten meg hadde dagen i dag bare v\u00e6rt en helt vanlig dag for deg. Gleden er p\u00e5 min side. Gratulerer med morsdagen"},{"@type":"BreadcrumbList","@id":"https:\/\/poppyshoppen.no\/produkt\/morsdags-kort-vanlig-dag\/#breadcrumb","itemListElement":[{"@type":"ListItem","position":1,"name":"Hjem","item":"https:\/\/poppyshoppen.no\/"},{"@type":"ListItem","position":2,"name":"Shop","item":"https:\/\/poppyshoppen.no\/shop\/"},{"@type":"ListItem","position":3,"name":"Morsdags kort en vanlig dag"}]},{"@type":"WebSite","@id":"https:\/\/poppyshoppen.no\/#website","url":"https:\/\/poppyshoppen.no\/","name":"Poppyshoppen","description":"Gj\u00f8r hverdagen litt mer fargerik","publisher":{"@id":"https:\/\/poppyshoppen.no\/#organization"},"potentialAction":[{"@type":"SearchAction","target":{"@type":"EntryPoint","urlTemplate":"https:\/\/poppyshoppen.no\/?s={search_term_string}"},"query-input":{"@type":"PropertyValueSpecification","valueRequired":true,"valueName":"search_term_string"}}],"inLanguage":"en-US"},{"@type":"Organization","@id":"https:\/\/poppyshoppen.no\/#organization","name":"Poppyshoppen","url":"https:\/\/poppyshoppen.no\/","logo":{"@type":"ImageObject","inLanguage":"en-US","@id":"https:\/\/poppyshoppen.no\/#\/schema\/logo\/image\/","url":"https:\/\/poppyshoppen.no\/wp-content\/uploads\/2024\/08\/cropped-poppyshoppen-logoikon.png","contentUrl":"https:\/\/poppyshoppen.no\/wp-content\/uploads\/2024\/08\/cropped-poppyshoppen-logoikon.png","width":512,"height":512,"caption":"Poppyshoppen"},"image":{"@id":"https:\/\/poppyshoppen.no\/#\/schema\/logo\/image\/"},"sameAs":["https:\/\/www.facebook.com\/profile.php?id=61558460251190","https:\/\/www.instagram.com\/poppyshoppen_no\/"]}]}},"jetpack_sharing_enabled":true,"_links":{"self":[{"href":"https:\/\/poppyshoppen.no\/en\/wp-json\/wp\/v2\/product\/439","targetHints":{"allow":["GET"]}}],"collection":[{"href":"https:\/\/poppyshoppen.no\/en\/wp-json\/wp\/v2\/product"}],"about":[{"href":"https:\/\/poppyshoppen.no\/en\/wp-json\/wp\/v2\/types\/product"}],"replies":[{"embeddable":true,"href":"https:\/\/poppyshoppen.no\/en\/wp-json\/wp\/v2\/comments?post=439"}],"wp:featuredmedia":[{"embeddable":true,"href":"https:\/\/poppyshoppen.no\/en\/wp-json\/wp\/v2\/media\/408"}],"wp:attachment":[{"href":"https:\/\/poppyshoppen.no\/en\/wp-json\/wp\/v2\/media?parent=439"}],"wp:term":[{"taxonomy":"product_brand","embeddable":true,"href":"https:\/\/poppyshoppen.no\/en\/wp-json\/wp\/v2\/product_brand?post=439"},{"taxonomy":"product_cat","embeddable":true,"href":"https:\/\/poppyshoppen.no\/en\/wp-json\/wp\/v2\/product_cat?post=439"},{"taxonomy":"product_tag","embeddable":true,"href":"https:\/\/poppyshoppen.no\/en\/wp-json\/wp\/v2\/product_tag?post=439"}],"curies":[{"name":"wp","href":"https:\/\/api.w.org\/{rel}","templated":true}]}}