{"id":474,"date":"2024-09-03T17:51:04","date_gmt":"2024-09-03T17:51:04","guid":{"rendered":"https:\/\/poppyshoppen.no\/?post_type=product&#038;p=474"},"modified":"2024-11-12T18:23:23","modified_gmt":"2024-11-12T18:23:23","slug":"kort-ha-en-fin-dag","status":"publish","type":"product","link":"https:\/\/poppyshoppen.no\/en\/product\/kort-ha-en-fin-dag\/","title":{"rendered":"Kort med tekst &#8211; Ha en fin dag"},"content":{"rendered":"<p>Kort med tekst &#8211; Ha en fin dag. Et koselig kort med blomster og blader. Passer perfekt til bursdag, eller bare for \u00e5 \u00f8nske noen en fin dag. Velg mellom norsk eller engelsk tekst: Ha en fin dag | Have a nice day. St\u00f8rrelse: A6. Konvolutt f\u00f8lger med. Kort med tekst &#8211; Ha en fin dag er trykket p\u00e5 matt papir av h\u00f8y kvalitet.<\/p>\n<p><a href=\"https:\/\/poppyshoppen.no\/en\/product-category\/kort\/\">Se alle kort i poppyshoppen.<\/a><\/p>\n<p>&#8212;&#8212;<\/p>\n<p>V\u00e5re design kort har unike motiver som passer til enhver anledning \u2013 fra bursdager og h\u00f8ytider til sm\u00e5 hverdagsgleder. Vi har alt fra bursdagskort til b\u00e5de gutter og jenter, til mer spesifikke valg som vennekort, valentineskort, farsdagskort og morsdagskort, hvor du finner morsomme og varme motiver med omtanke som treffer midt i blinken.<\/p>\n<p>Enten du trenger et julekort eller bare et kort til alle anledninger, er det alltid ekstra hyggelig \u00e5 gi noe personlig og gjennomtenkt. Et h\u00e5ndtegnet kort fra Poppydesign gj\u00f8r det enklere \u00e5 uttrykke det du vil si til mottaker. V\u00e5re morsomme morsdagskort og farsdagskort, og alentines kort setter ogs\u00e5 et smil p\u00e5 mottakerens ansikt og skiller seg ut fra de tradisjonelle kortene.<\/p>\n<p>Poppydesigns kort tegnes med kj\u00e6rlighet og omtanke, og en liten dose humor og gj\u00f8r en liten gest litt mer spesiell. Velg mellom s\u00f8te, morsomme og personlige kort, perfekte til \u00e5 si gratulerer, god jul eller rett og slett \u201cjeg tenker p\u00e5 deg\u201d! Utvalgte kort har tekst b\u00e5de p\u00e5 engelsk og norsk, mens de fleste er enten eller.<\/p>","protected":false},"excerpt":{"rendered":"<p>Koselig kort som \u00f8nsker mottaker en fin dag. Dobbelt kort. St\u00f8rrelse: A6. Konvolutt f\u00f8lger med.<\/p>","protected":false},"featured_media":310,"comment_status":"open","ping_status":"closed","template":"","meta":[],"product_brand":[],"product_cat":[28,18],"product_tag":[58,69],"class_list":{"0":"post-474","1":"product","2":"type-product","3":"status-publish","4":"has-post-thumbnail","6":"product_cat-generelle-kort","7":"product_cat-kort","8":"product_tag-blomster","9":"product_tag-kort-med-tekst","10":"product_shipping_class-kort","12":"first","13":"instock","14":"taxable","15":"shipping-taxable","16":"purchasable","17":"product-type-variable"},"bundled_by":[],"bundle_stock_status":"instock","bundle_stock_quantity":null,"bundle_virtual":false,"bundle_layout":"","bundle_add_to_cart_form_location":"","bundle_editable_in_cart":false,"bundle_sold_individually_context":"","bundle_item_grouping":"","bundle_min_size":"","bundle_max_size":"","bundle_price":[],"bundled_items":[],"bundle_sell_ids":[],"exclude_global_add_ons":[],"addons":[],"yoast_head":"<!-- This site is optimized with the Yoast SEO plugin v27.3 - https:\/\/yoast.com\/product\/yoast-seo-wordpress\/ -->\n<title>Kort med tekst - Ha en fin dag | Poppyshoppen<\/title>\n<meta name=\"description\" content=\"Kort med tekst - Ha en fin dag. Et koselig kort med blomster og blader. Passer perfekt til bursdag, eller bare for \u00e5 \u00f8nske noen en fin dag.\" \/>\n<meta name=\"robots\" content=\"index, follow, max-snippet:-1, max-image-preview:large, max-video-preview:-1\" \/>\n<link rel=\"canonical\" href=\"https:\/\/poppyshoppen.no\/en\/product\/kort-ha-en-fin-dag\/\" \/>\n<meta property=\"og:locale\" content=\"en_US\" \/>\n<meta property=\"og:type\" content=\"article\" \/>\n<meta property=\"og:title\" content=\"Kort med tekst - Ha en fin dag | Poppyshoppen\" \/>\n<meta property=\"og:description\" content=\"Kort med tekst - Ha en fin dag. Et koselig kort med blomster og blader. Passer perfekt til bursdag, eller bare for \u00e5 \u00f8nske noen en fin dag.\" \/>\n<meta property=\"og:url\" content=\"https:\/\/poppyshoppen.no\/en\/product\/kort-ha-en-fin-dag\/\" \/>\n<meta property=\"og:site_name\" content=\"Poppyshoppen\" \/>\n<meta property=\"article:publisher\" content=\"https:\/\/www.facebook.com\/profile.php?id=61558460251190\" \/>\n<meta property=\"article:modified_time\" content=\"2024-11-12T18:23:23+00:00\" \/>\n<meta property=\"og:image\" content=\"https:\/\/poppyshoppen.no\/wp-content\/uploads\/2024\/09\/ha-en-fin-dag-kort_POPPY030.jpg\" \/>\n\t<meta property=\"og:image:width\" content=\"1476\" \/>\n\t<meta property=\"og:image:height\" content=\"1476\" \/>\n\t<meta property=\"og:image:type\" content=\"image\/jpeg\" \/>\n<meta name=\"twitter:card\" content=\"summary_large_image\" \/>\n<meta name=\"twitter:label1\" content=\"Est. reading time\" \/>\n\t<meta name=\"twitter:data1\" content=\"2 minutes\" \/>\n<script type=\"application\/ld+json\" class=\"yoast-schema-graph\">{\"@context\":\"https:\\\/\\\/schema.org\",\"@graph\":[{\"@type\":\"WebPage\",\"@id\":\"https:\\\/\\\/poppyshoppen.no\\\/produkt\\\/kort-ha-en-fin-dag\\\/\",\"url\":\"https:\\\/\\\/poppyshoppen.no\\\/produkt\\\/kort-ha-en-fin-dag\\\/\",\"name\":\"Kort med tekst - Ha en fin dag | Poppyshoppen\",\"isPartOf\":{\"@id\":\"https:\\\/\\\/poppyshoppen.no\\\/#website\"},\"primaryImageOfPage\":{\"@id\":\"https:\\\/\\\/poppyshoppen.no\\\/produkt\\\/kort-ha-en-fin-dag\\\/#primaryimage\"},\"image\":{\"@id\":\"https:\\\/\\\/poppyshoppen.no\\\/produkt\\\/kort-ha-en-fin-dag\\\/#primaryimage\"},\"thumbnailUrl\":\"https:\\\/\\\/poppyshoppen.no\\\/wp-content\\\/uploads\\\/2024\\\/09\\\/ha-en-fin-dag-kort_POPPY030.jpg\",\"datePublished\":\"2024-09-03T17:51:04+00:00\",\"dateModified\":\"2024-11-12T18:23:23+00:00\",\"description\":\"Kort med tekst - Ha en fin dag. Et koselig kort med blomster og blader. Passer perfekt til bursdag, eller bare for \u00e5 \u00f8nske noen en fin dag.\",\"breadcrumb\":{\"@id\":\"https:\\\/\\\/poppyshoppen.no\\\/produkt\\\/kort-ha-en-fin-dag\\\/#breadcrumb\"},\"inLanguage\":\"en-US\",\"potentialAction\":[{\"@type\":\"ReadAction\",\"target\":[\"https:\\\/\\\/poppyshoppen.no\\\/produkt\\\/kort-ha-en-fin-dag\\\/\"]}]},{\"@type\":\"ImageObject\",\"inLanguage\":\"en-US\",\"@id\":\"https:\\\/\\\/poppyshoppen.no\\\/produkt\\\/kort-ha-en-fin-dag\\\/#primaryimage\",\"url\":\"https:\\\/\\\/poppyshoppen.no\\\/wp-content\\\/uploads\\\/2024\\\/09\\\/ha-en-fin-dag-kort_POPPY030.jpg\",\"contentUrl\":\"https:\\\/\\\/poppyshoppen.no\\\/wp-content\\\/uploads\\\/2024\\\/09\\\/ha-en-fin-dag-kort_POPPY030.jpg\",\"width\":1476,\"height\":1476,\"caption\":\"kort med blomster og teksten ha en fin dag\"},{\"@type\":\"BreadcrumbList\",\"@id\":\"https:\\\/\\\/poppyshoppen.no\\\/produkt\\\/kort-ha-en-fin-dag\\\/#breadcrumb\",\"itemListElement\":[{\"@type\":\"ListItem\",\"position\":1,\"name\":\"Hjem\",\"item\":\"https:\\\/\\\/poppyshoppen.no\\\/\"},{\"@type\":\"ListItem\",\"position\":2,\"name\":\"Shop\",\"item\":\"https:\\\/\\\/poppyshoppen.no\\\/shop\\\/\"},{\"@type\":\"ListItem\",\"position\":3,\"name\":\"Kort med tekst &#8211; Ha en fin dag\"}]},{\"@type\":\"WebSite\",\"@id\":\"https:\\\/\\\/poppyshoppen.no\\\/#website\",\"url\":\"https:\\\/\\\/poppyshoppen.no\\\/\",\"name\":\"Poppyshoppen\",\"description\":\"Gj\u00f8r hverdagen litt mer fargerik\",\"publisher\":{\"@id\":\"https:\\\/\\\/poppyshoppen.no\\\/#organization\"},\"potentialAction\":[{\"@type\":\"SearchAction\",\"target\":{\"@type\":\"EntryPoint\",\"urlTemplate\":\"https:\\\/\\\/poppyshoppen.no\\\/?s={search_term_string}\"},\"query-input\":{\"@type\":\"PropertyValueSpecification\",\"valueRequired\":true,\"valueName\":\"search_term_string\"}}],\"inLanguage\":\"en-US\"},{\"@type\":\"Organization\",\"@id\":\"https:\\\/\\\/poppyshoppen.no\\\/#organization\",\"name\":\"Poppyshoppen\",\"url\":\"https:\\\/\\\/poppyshoppen.no\\\/\",\"logo\":{\"@type\":\"ImageObject\",\"inLanguage\":\"en-US\",\"@id\":\"https:\\\/\\\/poppyshoppen.no\\\/#\\\/schema\\\/logo\\\/image\\\/\",\"url\":\"https:\\\/\\\/poppyshoppen.no\\\/wp-content\\\/uploads\\\/2024\\\/08\\\/cropped-poppyshoppen-logoikon.png\",\"contentUrl\":\"https:\\\/\\\/poppyshoppen.no\\\/wp-content\\\/uploads\\\/2024\\\/08\\\/cropped-poppyshoppen-logoikon.png\",\"width\":512,\"height\":512,\"caption\":\"Poppyshoppen\"},\"image\":{\"@id\":\"https:\\\/\\\/poppyshoppen.no\\\/#\\\/schema\\\/logo\\\/image\\\/\"},\"sameAs\":[\"https:\\\/\\\/www.facebook.com\\\/profile.php?id=61558460251190\",\"https:\\\/\\\/www.instagram.com\\\/poppyshoppen_no\\\/\"]}]}<\/script>\n<!-- \/ Yoast SEO plugin. -->","yoast_head_json":{"title":"Kort med tekst - Ha en fin dag | Poppyshoppen","description":"Kort med tekst - Ha en fin dag. Et koselig kort med blomster og blader. Passer perfekt til bursdag, eller bare for \u00e5 \u00f8nske noen en fin dag.","robots":{"index":"index","follow":"follow","max-snippet":"max-snippet:-1","max-image-preview":"max-image-preview:large","max-video-preview":"max-video-preview:-1"},"canonical":"https:\/\/poppyshoppen.no\/en\/product\/kort-ha-en-fin-dag\/","og_locale":"en_US","og_type":"article","og_title":"Kort med tekst - Ha en fin dag | Poppyshoppen","og_description":"Kort med tekst - Ha en fin dag. Et koselig kort med blomster og blader. Passer perfekt til bursdag, eller bare for \u00e5 \u00f8nske noen en fin dag.","og_url":"https:\/\/poppyshoppen.no\/en\/product\/kort-ha-en-fin-dag\/","og_site_name":"Poppyshoppen","article_publisher":"https:\/\/www.facebook.com\/profile.php?id=61558460251190","article_modified_time":"2024-11-12T18:23:23+00:00","og_image":[{"width":1476,"height":1476,"url":"https:\/\/poppyshoppen.no\/wp-content\/uploads\/2024\/09\/ha-en-fin-dag-kort_POPPY030.jpg","type":"image\/jpeg"}],"twitter_card":"summary_large_image","twitter_misc":{"Est. reading time":"2 minutes"},"schema":{"@context":"https:\/\/schema.org","@graph":[{"@type":"WebPage","@id":"https:\/\/poppyshoppen.no\/produkt\/kort-ha-en-fin-dag\/","url":"https:\/\/poppyshoppen.no\/produkt\/kort-ha-en-fin-dag\/","name":"Kort med tekst - Ha en fin dag | Poppyshoppen","isPartOf":{"@id":"https:\/\/poppyshoppen.no\/#website"},"primaryImageOfPage":{"@id":"https:\/\/poppyshoppen.no\/produkt\/kort-ha-en-fin-dag\/#primaryimage"},"image":{"@id":"https:\/\/poppyshoppen.no\/produkt\/kort-ha-en-fin-dag\/#primaryimage"},"thumbnailUrl":"https:\/\/poppyshoppen.no\/wp-content\/uploads\/2024\/09\/ha-en-fin-dag-kort_POPPY030.jpg","datePublished":"2024-09-03T17:51:04+00:00","dateModified":"2024-11-12T18:23:23+00:00","description":"Kort med tekst - Ha en fin dag. Et koselig kort med blomster og blader. Passer perfekt til bursdag, eller bare for \u00e5 \u00f8nske noen en fin dag.","breadcrumb":{"@id":"https:\/\/poppyshoppen.no\/produkt\/kort-ha-en-fin-dag\/#breadcrumb"},"inLanguage":"en-US","potentialAction":[{"@type":"ReadAction","target":["https:\/\/poppyshoppen.no\/produkt\/kort-ha-en-fin-dag\/"]}]},{"@type":"ImageObject","inLanguage":"en-US","@id":"https:\/\/poppyshoppen.no\/produkt\/kort-ha-en-fin-dag\/#primaryimage","url":"https:\/\/poppyshoppen.no\/wp-content\/uploads\/2024\/09\/ha-en-fin-dag-kort_POPPY030.jpg","contentUrl":"https:\/\/poppyshoppen.no\/wp-content\/uploads\/2024\/09\/ha-en-fin-dag-kort_POPPY030.jpg","width":1476,"height":1476,"caption":"kort med blomster og teksten ha en fin dag"},{"@type":"BreadcrumbList","@id":"https:\/\/poppyshoppen.no\/produkt\/kort-ha-en-fin-dag\/#breadcrumb","itemListElement":[{"@type":"ListItem","position":1,"name":"Hjem","item":"https:\/\/poppyshoppen.no\/"},{"@type":"ListItem","position":2,"name":"Shop","item":"https:\/\/poppyshoppen.no\/shop\/"},{"@type":"ListItem","position":3,"name":"Kort med tekst &#8211; Ha en fin dag"}]},{"@type":"WebSite","@id":"https:\/\/poppyshoppen.no\/#website","url":"https:\/\/poppyshoppen.no\/","name":"Poppyshoppen","description":"Gj\u00f8r hverdagen litt mer fargerik","publisher":{"@id":"https:\/\/poppyshoppen.no\/#organization"},"potentialAction":[{"@type":"SearchAction","target":{"@type":"EntryPoint","urlTemplate":"https:\/\/poppyshoppen.no\/?s={search_term_string}"},"query-input":{"@type":"PropertyValueSpecification","valueRequired":true,"valueName":"search_term_string"}}],"inLanguage":"en-US"},{"@type":"Organization","@id":"https:\/\/poppyshoppen.no\/#organization","name":"Poppyshoppen","url":"https:\/\/poppyshoppen.no\/","logo":{"@type":"ImageObject","inLanguage":"en-US","@id":"https:\/\/poppyshoppen.no\/#\/schema\/logo\/image\/","url":"https:\/\/poppyshoppen.no\/wp-content\/uploads\/2024\/08\/cropped-poppyshoppen-logoikon.png","contentUrl":"https:\/\/poppyshoppen.no\/wp-content\/uploads\/2024\/08\/cropped-poppyshoppen-logoikon.png","width":512,"height":512,"caption":"Poppyshoppen"},"image":{"@id":"https:\/\/poppyshoppen.no\/#\/schema\/logo\/image\/"},"sameAs":["https:\/\/www.facebook.com\/profile.php?id=61558460251190","https:\/\/www.instagram.com\/poppyshoppen_no\/"]}]}},"jetpack_sharing_enabled":true,"_links":{"self":[{"href":"https:\/\/poppyshoppen.no\/en\/wp-json\/wp\/v2\/product\/474","targetHints":{"allow":["GET"]}}],"collection":[{"href":"https:\/\/poppyshoppen.no\/en\/wp-json\/wp\/v2\/product"}],"about":[{"href":"https:\/\/poppyshoppen.no\/en\/wp-json\/wp\/v2\/types\/product"}],"replies":[{"embeddable":true,"href":"https:\/\/poppyshoppen.no\/en\/wp-json\/wp\/v2\/comments?post=474"}],"wp:featuredmedia":[{"embeddable":true,"href":"https:\/\/poppyshoppen.no\/en\/wp-json\/wp\/v2\/media\/310"}],"wp:attachment":[{"href":"https:\/\/poppyshoppen.no\/en\/wp-json\/wp\/v2\/media?parent=474"}],"wp:term":[{"taxonomy":"product_brand","embeddable":true,"href":"https:\/\/poppyshoppen.no\/en\/wp-json\/wp\/v2\/product_brand?post=474"},{"taxonomy":"product_cat","embeddable":true,"href":"https:\/\/poppyshoppen.no\/en\/wp-json\/wp\/v2\/product_cat?post=474"},{"taxonomy":"product_tag","embeddable":true,"href":"https:\/\/poppyshoppen.no\/en\/wp-json\/wp\/v2\/product_tag?post=474"}],"curies":[{"name":"wp","href":"https:\/\/api.w.org\/{rel}","templated":true}]}}