{"id":508,"date":"2024-09-03T19:04:38","date_gmt":"2024-09-03T19:04:38","guid":{"rendered":"https:\/\/poppyshoppen.no\/?post_type=product&#038;p=508"},"modified":"2024-11-11T19:28:51","modified_gmt":"2024-11-11T19:28:51","slug":"julekort-julegenser","status":"publish","type":"product","link":"https:\/\/poppyshoppen.no\/en\/product\/julekort-julegenser\/","title":{"rendered":"Julekort med julegenser"},"content":{"rendered":"<p>Julekort med julegenser. Et koselig julekort med detaljerte illustrasjoner av en r\u00f8d julegenser, r\u00f8d lue og matchende votter og ullsokker. P\u00e5 julegenseren er det et s\u00f8tt reinsdyr og teksten merry christmas. Bakgrunnen er m\u00f8rkebl\u00e5 sn\u00f8 og stjernehimmel. Passer perfekt \u00e5 sende som julekort eller som en ekstra oppmerksomhet p\u00e5 julegaven. Dobbelt kort. St\u00f8rrelse: A6. Konvolutt f\u00f8lger med.<\/p>\n<p>Kortet trykkes p\u00e5 matt kvalitetspapir.<\/p>\n<p>Kort er en hyggelig m\u00e5te \u00e5 sende en liten hilsen til venner og familie i julen. I poppyshoppen finner du nostalgiske julekort, koselige julekort, morsomme julekort og h\u00e5ndtegnede julekort. Utvalgte julekort i poppyshoppen finnes ogs\u00e5 med b\u00e5de engelsk og norsk tekst. Kortene har ingen tekst p\u00e5 innsiden og dermed har det god plass til din personlige julehilsen eller julebrev. Alle julekortene i poppyshoppen illustreres av Vibeke i Poppydesign. Stilen er fargerik og sjarmerende og illustrasjonene males som oftest med akvarell og gouachemaling, sammen med fargeblyanter og bearbeides digitalt i procreate.<\/p>\n<p><strong>Tips til hva du kan skrive i julekortet:<\/strong> En kort hilsen: God jul og godt nytt \u00e5r \u00f8nskes fra &#8230;. | Riktig god jul og et str\u00e5lende nytt \u00e5r \u00f8nskes fra &#8230; | Vi\/jeg \u00f8snker deg og dine en gledelig jul og et godt nytt \u00e5r | \u00d8nsker du \u00e5 skrive mer kan et kort personlig julebrev julebrev v\u00e6re midt i blinken | I tillegg til en personlig hilsen kan du lime inn \u00e5rets julebilde av deg selv, kj\u00e6ledyret ditt eller familien | Barnetegninger kan v\u00e6re en ekstra hyggelig hilsen i julekortet, la barna tegne direkte i kortet eller lim inn en tegning du har kopiert opp eller skrevet ut. H\u00e5per dette var en liten hjelp til hva man kan skrive i julekortet.<\/p>","protected":false},"excerpt":{"rendered":"<p>Et koselig julekort med julegenser. Dobbelt kort. St\u00f8rrelse: A6. Konvolutt f\u00f8lger med.<\/p>","protected":false},"featured_media":348,"comment_status":"open","ping_status":"closed","template":"","meta":[],"product_brand":[],"product_cat":[120,24,18],"product_tag":[76,74],"class_list":{"0":"post-508","1":"product","2":"type-product","3":"status-publish","4":"has-post-thumbnail","6":"product_cat-jul","7":"product_cat-julekort","8":"product_cat-kort","9":"product_tag-christmas","10":"product_tag-jul","11":"product_shipping_class-kort","13":"first","14":"instock","15":"taxable","16":"shipping-taxable","17":"purchasable","18":"product-type-simple"},"bundled_by":[],"bundle_stock_status":"instock","bundle_stock_quantity":null,"bundle_virtual":false,"bundle_layout":"","bundle_add_to_cart_form_location":"","bundle_editable_in_cart":false,"bundle_sold_individually_context":"","bundle_item_grouping":"","bundle_min_size":"","bundle_max_size":"","bundle_price":[],"bundled_items":[],"bundle_sell_ids":[],"exclude_global_add_ons":[],"addons":[],"yoast_head":"<!-- This site is optimized with the Yoast SEO plugin v27.3 - https:\/\/yoast.com\/product\/yoast-seo-wordpress\/ -->\n<title>Julekort med julegenser | Poppyshoppen<\/title>\n<meta name=\"description\" content=\"Julekort med julegenser. Et koselig julekort med detaljerte illustrasjoner av en r\u00f8d julegenser, r\u00f8d lue og matchende votter og ullsokker.\" \/>\n<meta name=\"robots\" content=\"index, follow, max-snippet:-1, max-image-preview:large, max-video-preview:-1\" \/>\n<link rel=\"canonical\" href=\"https:\/\/poppyshoppen.no\/en\/product\/julekort-julegenser\/\" \/>\n<meta property=\"og:locale\" content=\"en_US\" \/>\n<meta property=\"og:type\" content=\"article\" \/>\n<meta property=\"og:title\" content=\"Julekort med julegenser | Poppyshoppen\" \/>\n<meta property=\"og:description\" content=\"Julekort med julegenser. Et koselig julekort med detaljerte illustrasjoner av en r\u00f8d julegenser, r\u00f8d lue og matchende votter og ullsokker.\" \/>\n<meta property=\"og:url\" content=\"https:\/\/poppyshoppen.no\/en\/product\/julekort-julegenser\/\" \/>\n<meta property=\"og:site_name\" content=\"Poppyshoppen\" \/>\n<meta property=\"article:publisher\" content=\"https:\/\/www.facebook.com\/profile.php?id=61558460251190\" \/>\n<meta property=\"article:modified_time\" content=\"2024-11-11T19:28:51+00:00\" \/>\n<meta property=\"og:image\" content=\"https:\/\/poppyshoppen.no\/wp-content\/uploads\/2024\/09\/julekort_christmas-card_sweater_POPPY061.jpg\" \/>\n\t<meta property=\"og:image:width\" content=\"1476\" \/>\n\t<meta property=\"og:image:height\" content=\"1476\" \/>\n\t<meta property=\"og:image:type\" content=\"image\/jpeg\" \/>\n<meta name=\"twitter:card\" content=\"summary_large_image\" \/>\n<meta name=\"twitter:label1\" content=\"Est. reading time\" \/>\n\t<meta name=\"twitter:data1\" content=\"2 minutes\" \/>\n<script type=\"application\/ld+json\" class=\"yoast-schema-graph\">{\"@context\":\"https:\\\/\\\/schema.org\",\"@graph\":[{\"@type\":\"WebPage\",\"@id\":\"https:\\\/\\\/poppyshoppen.no\\\/produkt\\\/julekort-julegenser\\\/\",\"url\":\"https:\\\/\\\/poppyshoppen.no\\\/produkt\\\/julekort-julegenser\\\/\",\"name\":\"Julekort med julegenser | Poppyshoppen\",\"isPartOf\":{\"@id\":\"https:\\\/\\\/poppyshoppen.no\\\/#website\"},\"primaryImageOfPage\":{\"@id\":\"https:\\\/\\\/poppyshoppen.no\\\/produkt\\\/julekort-julegenser\\\/#primaryimage\"},\"image\":{\"@id\":\"https:\\\/\\\/poppyshoppen.no\\\/produkt\\\/julekort-julegenser\\\/#primaryimage\"},\"thumbnailUrl\":\"https:\\\/\\\/poppyshoppen.no\\\/wp-content\\\/uploads\\\/2024\\\/09\\\/julekort_christmas-card_sweater_POPPY061.jpg\",\"datePublished\":\"2024-09-03T19:04:38+00:00\",\"dateModified\":\"2024-11-11T19:28:51+00:00\",\"description\":\"Julekort med julegenser. Et koselig julekort med detaljerte illustrasjoner av en r\u00f8d julegenser, r\u00f8d lue og matchende votter og ullsokker.\",\"breadcrumb\":{\"@id\":\"https:\\\/\\\/poppyshoppen.no\\\/produkt\\\/julekort-julegenser\\\/#breadcrumb\"},\"inLanguage\":\"en-US\",\"potentialAction\":[{\"@type\":\"ReadAction\",\"target\":[\"https:\\\/\\\/poppyshoppen.no\\\/produkt\\\/julekort-julegenser\\\/\"]}]},{\"@type\":\"ImageObject\",\"inLanguage\":\"en-US\",\"@id\":\"https:\\\/\\\/poppyshoppen.no\\\/produkt\\\/julekort-julegenser\\\/#primaryimage\",\"url\":\"https:\\\/\\\/poppyshoppen.no\\\/wp-content\\\/uploads\\\/2024\\\/09\\\/julekort_christmas-card_sweater_POPPY061.jpg\",\"contentUrl\":\"https:\\\/\\\/poppyshoppen.no\\\/wp-content\\\/uploads\\\/2024\\\/09\\\/julekort_christmas-card_sweater_POPPY061.jpg\",\"width\":1476,\"height\":1476,\"caption\":\"Julekort med julegenser\"},{\"@type\":\"BreadcrumbList\",\"@id\":\"https:\\\/\\\/poppyshoppen.no\\\/produkt\\\/julekort-julegenser\\\/#breadcrumb\",\"itemListElement\":[{\"@type\":\"ListItem\",\"position\":1,\"name\":\"Hjem\",\"item\":\"https:\\\/\\\/poppyshoppen.no\\\/\"},{\"@type\":\"ListItem\",\"position\":2,\"name\":\"Shop\",\"item\":\"https:\\\/\\\/poppyshoppen.no\\\/shop\\\/\"},{\"@type\":\"ListItem\",\"position\":3,\"name\":\"Julekort med julegenser\"}]},{\"@type\":\"WebSite\",\"@id\":\"https:\\\/\\\/poppyshoppen.no\\\/#website\",\"url\":\"https:\\\/\\\/poppyshoppen.no\\\/\",\"name\":\"Poppyshoppen\",\"description\":\"Gj\u00f8r hverdagen litt mer fargerik\",\"publisher\":{\"@id\":\"https:\\\/\\\/poppyshoppen.no\\\/#organization\"},\"potentialAction\":[{\"@type\":\"SearchAction\",\"target\":{\"@type\":\"EntryPoint\",\"urlTemplate\":\"https:\\\/\\\/poppyshoppen.no\\\/?s={search_term_string}\"},\"query-input\":{\"@type\":\"PropertyValueSpecification\",\"valueRequired\":true,\"valueName\":\"search_term_string\"}}],\"inLanguage\":\"en-US\"},{\"@type\":\"Organization\",\"@id\":\"https:\\\/\\\/poppyshoppen.no\\\/#organization\",\"name\":\"Poppyshoppen\",\"url\":\"https:\\\/\\\/poppyshoppen.no\\\/\",\"logo\":{\"@type\":\"ImageObject\",\"inLanguage\":\"en-US\",\"@id\":\"https:\\\/\\\/poppyshoppen.no\\\/#\\\/schema\\\/logo\\\/image\\\/\",\"url\":\"https:\\\/\\\/poppyshoppen.no\\\/wp-content\\\/uploads\\\/2024\\\/08\\\/cropped-poppyshoppen-logoikon.png\",\"contentUrl\":\"https:\\\/\\\/poppyshoppen.no\\\/wp-content\\\/uploads\\\/2024\\\/08\\\/cropped-poppyshoppen-logoikon.png\",\"width\":512,\"height\":512,\"caption\":\"Poppyshoppen\"},\"image\":{\"@id\":\"https:\\\/\\\/poppyshoppen.no\\\/#\\\/schema\\\/logo\\\/image\\\/\"},\"sameAs\":[\"https:\\\/\\\/www.facebook.com\\\/profile.php?id=61558460251190\",\"https:\\\/\\\/www.instagram.com\\\/poppyshoppen_no\\\/\"]}]}<\/script>\n<!-- \/ Yoast SEO plugin. -->","yoast_head_json":{"title":"Julekort med julegenser | Poppyshoppen","description":"Julekort med julegenser. Et koselig julekort med detaljerte illustrasjoner av en r\u00f8d julegenser, r\u00f8d lue og matchende votter og ullsokker.","robots":{"index":"index","follow":"follow","max-snippet":"max-snippet:-1","max-image-preview":"max-image-preview:large","max-video-preview":"max-video-preview:-1"},"canonical":"https:\/\/poppyshoppen.no\/en\/product\/julekort-julegenser\/","og_locale":"en_US","og_type":"article","og_title":"Julekort med julegenser | Poppyshoppen","og_description":"Julekort med julegenser. Et koselig julekort med detaljerte illustrasjoner av en r\u00f8d julegenser, r\u00f8d lue og matchende votter og ullsokker.","og_url":"https:\/\/poppyshoppen.no\/en\/product\/julekort-julegenser\/","og_site_name":"Poppyshoppen","article_publisher":"https:\/\/www.facebook.com\/profile.php?id=61558460251190","article_modified_time":"2024-11-11T19:28:51+00:00","og_image":[{"width":1476,"height":1476,"url":"https:\/\/poppyshoppen.no\/wp-content\/uploads\/2024\/09\/julekort_christmas-card_sweater_POPPY061.jpg","type":"image\/jpeg"}],"twitter_card":"summary_large_image","twitter_misc":{"Est. reading time":"2 minutes"},"schema":{"@context":"https:\/\/schema.org","@graph":[{"@type":"WebPage","@id":"https:\/\/poppyshoppen.no\/produkt\/julekort-julegenser\/","url":"https:\/\/poppyshoppen.no\/produkt\/julekort-julegenser\/","name":"Julekort med julegenser | Poppyshoppen","isPartOf":{"@id":"https:\/\/poppyshoppen.no\/#website"},"primaryImageOfPage":{"@id":"https:\/\/poppyshoppen.no\/produkt\/julekort-julegenser\/#primaryimage"},"image":{"@id":"https:\/\/poppyshoppen.no\/produkt\/julekort-julegenser\/#primaryimage"},"thumbnailUrl":"https:\/\/poppyshoppen.no\/wp-content\/uploads\/2024\/09\/julekort_christmas-card_sweater_POPPY061.jpg","datePublished":"2024-09-03T19:04:38+00:00","dateModified":"2024-11-11T19:28:51+00:00","description":"Julekort med julegenser. Et koselig julekort med detaljerte illustrasjoner av en r\u00f8d julegenser, r\u00f8d lue og matchende votter og ullsokker.","breadcrumb":{"@id":"https:\/\/poppyshoppen.no\/produkt\/julekort-julegenser\/#breadcrumb"},"inLanguage":"en-US","potentialAction":[{"@type":"ReadAction","target":["https:\/\/poppyshoppen.no\/produkt\/julekort-julegenser\/"]}]},{"@type":"ImageObject","inLanguage":"en-US","@id":"https:\/\/poppyshoppen.no\/produkt\/julekort-julegenser\/#primaryimage","url":"https:\/\/poppyshoppen.no\/wp-content\/uploads\/2024\/09\/julekort_christmas-card_sweater_POPPY061.jpg","contentUrl":"https:\/\/poppyshoppen.no\/wp-content\/uploads\/2024\/09\/julekort_christmas-card_sweater_POPPY061.jpg","width":1476,"height":1476,"caption":"Julekort med julegenser"},{"@type":"BreadcrumbList","@id":"https:\/\/poppyshoppen.no\/produkt\/julekort-julegenser\/#breadcrumb","itemListElement":[{"@type":"ListItem","position":1,"name":"Hjem","item":"https:\/\/poppyshoppen.no\/"},{"@type":"ListItem","position":2,"name":"Shop","item":"https:\/\/poppyshoppen.no\/shop\/"},{"@type":"ListItem","position":3,"name":"Julekort med julegenser"}]},{"@type":"WebSite","@id":"https:\/\/poppyshoppen.no\/#website","url":"https:\/\/poppyshoppen.no\/","name":"Poppyshoppen","description":"Gj\u00f8r hverdagen litt mer fargerik","publisher":{"@id":"https:\/\/poppyshoppen.no\/#organization"},"potentialAction":[{"@type":"SearchAction","target":{"@type":"EntryPoint","urlTemplate":"https:\/\/poppyshoppen.no\/?s={search_term_string}"},"query-input":{"@type":"PropertyValueSpecification","valueRequired":true,"valueName":"search_term_string"}}],"inLanguage":"en-US"},{"@type":"Organization","@id":"https:\/\/poppyshoppen.no\/#organization","name":"Poppyshoppen","url":"https:\/\/poppyshoppen.no\/","logo":{"@type":"ImageObject","inLanguage":"en-US","@id":"https:\/\/poppyshoppen.no\/#\/schema\/logo\/image\/","url":"https:\/\/poppyshoppen.no\/wp-content\/uploads\/2024\/08\/cropped-poppyshoppen-logoikon.png","contentUrl":"https:\/\/poppyshoppen.no\/wp-content\/uploads\/2024\/08\/cropped-poppyshoppen-logoikon.png","width":512,"height":512,"caption":"Poppyshoppen"},"image":{"@id":"https:\/\/poppyshoppen.no\/#\/schema\/logo\/image\/"},"sameAs":["https:\/\/www.facebook.com\/profile.php?id=61558460251190","https:\/\/www.instagram.com\/poppyshoppen_no\/"]}]}},"jetpack_sharing_enabled":true,"_links":{"self":[{"href":"https:\/\/poppyshoppen.no\/en\/wp-json\/wp\/v2\/product\/508","targetHints":{"allow":["GET"]}}],"collection":[{"href":"https:\/\/poppyshoppen.no\/en\/wp-json\/wp\/v2\/product"}],"about":[{"href":"https:\/\/poppyshoppen.no\/en\/wp-json\/wp\/v2\/types\/product"}],"replies":[{"embeddable":true,"href":"https:\/\/poppyshoppen.no\/en\/wp-json\/wp\/v2\/comments?post=508"}],"wp:featuredmedia":[{"embeddable":true,"href":"https:\/\/poppyshoppen.no\/en\/wp-json\/wp\/v2\/media\/348"}],"wp:attachment":[{"href":"https:\/\/poppyshoppen.no\/en\/wp-json\/wp\/v2\/media?parent=508"}],"wp:term":[{"taxonomy":"product_brand","embeddable":true,"href":"https:\/\/poppyshoppen.no\/en\/wp-json\/wp\/v2\/product_brand?post=508"},{"taxonomy":"product_cat","embeddable":true,"href":"https:\/\/poppyshoppen.no\/en\/wp-json\/wp\/v2\/product_cat?post=508"},{"taxonomy":"product_tag","embeddable":true,"href":"https:\/\/poppyshoppen.no\/en\/wp-json\/wp\/v2\/product_tag?post=508"}],"curies":[{"name":"wp","href":"https:\/\/api.w.org\/{rel}","templated":true}]}}