{"id":517,"date":"2024-09-03T19:22:50","date_gmt":"2024-09-03T19:22:50","guid":{"rendered":"https:\/\/poppyshoppen.no\/?post_type=product&#038;p=517"},"modified":"2024-11-12T14:42:51","modified_gmt":"2024-11-12T14:42:51","slug":"bursdagskort-bubbly","status":"publish","type":"product","link":"https:\/\/poppyshoppen.no\/en\/product\/bursdagskort-bubbly\/","title":{"rendered":"Bursdagskort med dyr &#8211; Bubbly"},"content":{"rendered":"<p>Bursdagskort med dyr &#8211; Bubbly. Et morsomt og sjarmerende bursdagskort med fisker som er p\u00e5 bursdagsfest. Tekst: happy bubbly birthday. Dobbelt kort. St\u00f8rrelse: A6. Konvolutt f\u00f8lger med kortet Bursdagskort med dyr &#8211; Bubbly. Dette kortet passer som bursdagskort til gutter og bursdagskort til jenter. Bursdagskort med dyr &#8211; Bubbly er trykket p\u00e5 matt h\u00f8ykvalitetspapir.<\/p>\n<p><a href=\"https:\/\/poppyshoppen.no\/en\/product-category\/kort\/\">Se alle kort i poppyshoppen.<\/a><\/p>\n<p>&#8212;&#8212;<\/p>\n<p>V\u00e5re design kort har unike motiver som passer til enhver anledning, alt fra bursdager og h\u00f8ytider til sm\u00e5 hverdagsgleder. Vi har alt fra bursdagskort til b\u00e5de gutter og jenter til mer spesifikke valg som vennekort, farsdagskort og morsdagskort, hvor du finner morsomme og varme motiver som treffer midt i blinken.<\/p>\n<p>Enten du trenger et julekort eller bare et kort til alle anledninger, er det alltid ekstra hyggelig \u00e5 gi noe personlig og gjennomtenkt. Et h\u00e5ndplukket kort fra Poppydesign gj\u00f8r det enklere \u00e5 uttrykke det du f\u00f8ler. V\u00e5re morsomme morsdagskort og farsdagskort setter ogs\u00e5 et smil p\u00e5 mottakerens ansikt og skiller seg ut fra de tradisjonelle kortene.<\/p>\n<p>Poppydesigns kort er laget med kj\u00e6rlighet og omtanke, og gj\u00f8r en liten gest litt mer spesiell. Velg mellom s\u00f8te, morsomme og personlige kort \u2013 perfekte til \u00e5 si gratulerer, god jul eller rett og slett \u201cjeg tenker p\u00e5 deg\u201d!<\/p>","protected":false},"excerpt":{"rendered":"<p>Et koselig bursdagskort med fisker p\u00e5 fest. Dobbelt kort. St\u00f8rrelse: A6. Konvolutt f\u00f8lger med.<\/p>","protected":false},"featured_media":252,"comment_status":"open","ping_status":"closed","template":"","meta":[],"product_brand":[],"product_cat":[22,18],"product_tag":[93,92,96,95,94],"class_list":{"0":"post-517","1":"product","2":"type-product","3":"status-publish","4":"has-post-thumbnail","6":"product_cat-bursdagskort","7":"product_cat-kort","8":"product_tag-birthday","9":"product_tag-bursdag","10":"product_tag-fish","11":"product_tag-fisk","12":"product_tag-sea-side","13":"product_shipping_class-kort","15":"first","16":"instock","17":"taxable","18":"shipping-taxable","19":"purchasable","20":"product-type-simple"},"bundled_by":[],"bundle_stock_status":"instock","bundle_stock_quantity":null,"bundle_virtual":false,"bundle_layout":"","bundle_add_to_cart_form_location":"","bundle_editable_in_cart":false,"bundle_sold_individually_context":"","bundle_item_grouping":"","bundle_min_size":"","bundle_max_size":"","bundle_price":[],"bundled_items":[],"bundle_sell_ids":[],"exclude_global_add_ons":[],"addons":[],"yoast_head":"<!-- This site is optimized with the Yoast SEO plugin v27.3 - https:\/\/yoast.com\/product\/yoast-seo-wordpress\/ -->\n<title>Bursdagskort med dyr - Bubbly | Poppyshoppen<\/title>\n<meta name=\"description\" content=\"Bursdagskort med dyr - Bubbly. Et morsomt og sjarmerende bursdagskort med fisker som er p\u00e5 bursdagsfest. Tekst: happy bubbly birthday.\" \/>\n<meta name=\"robots\" content=\"index, follow, max-snippet:-1, max-image-preview:large, max-video-preview:-1\" \/>\n<link rel=\"canonical\" href=\"https:\/\/poppyshoppen.no\/en\/product\/bursdagskort-bubbly\/\" \/>\n<meta property=\"og:locale\" content=\"en_US\" \/>\n<meta property=\"og:type\" content=\"article\" \/>\n<meta property=\"og:title\" content=\"Bursdagskort med dyr - Bubbly | Poppyshoppen\" \/>\n<meta property=\"og:description\" content=\"Bursdagskort med dyr - Bubbly. Et morsomt og sjarmerende bursdagskort med fisker som er p\u00e5 bursdagsfest. Tekst: happy bubbly birthday.\" \/>\n<meta property=\"og:url\" content=\"https:\/\/poppyshoppen.no\/en\/product\/bursdagskort-bubbly\/\" \/>\n<meta property=\"og:site_name\" content=\"Poppyshoppen\" \/>\n<meta property=\"article:publisher\" content=\"https:\/\/www.facebook.com\/profile.php?id=61558460251190\" \/>\n<meta property=\"article:modified_time\" content=\"2024-11-12T14:42:51+00:00\" \/>\n<meta property=\"og:image\" content=\"https:\/\/poppyshoppen.no\/wp-content\/uploads\/2024\/09\/birthday-card_fish_POPPY089.jpg\" \/>\n\t<meta property=\"og:image:width\" content=\"1476\" \/>\n\t<meta property=\"og:image:height\" content=\"1476\" \/>\n\t<meta property=\"og:image:type\" content=\"image\/jpeg\" \/>\n<meta name=\"twitter:card\" content=\"summary_large_image\" \/>\n<meta name=\"twitter:label1\" content=\"Est. reading time\" \/>\n\t<meta name=\"twitter:data1\" content=\"2 minutes\" \/>\n<script type=\"application\/ld+json\" class=\"yoast-schema-graph\">{\"@context\":\"https:\\\/\\\/schema.org\",\"@graph\":[{\"@type\":\"WebPage\",\"@id\":\"https:\\\/\\\/poppyshoppen.no\\\/produkt\\\/bursdagskort-bubbly\\\/\",\"url\":\"https:\\\/\\\/poppyshoppen.no\\\/produkt\\\/bursdagskort-bubbly\\\/\",\"name\":\"Bursdagskort med dyr - Bubbly | Poppyshoppen\",\"isPartOf\":{\"@id\":\"https:\\\/\\\/poppyshoppen.no\\\/#website\"},\"primaryImageOfPage\":{\"@id\":\"https:\\\/\\\/poppyshoppen.no\\\/produkt\\\/bursdagskort-bubbly\\\/#primaryimage\"},\"image\":{\"@id\":\"https:\\\/\\\/poppyshoppen.no\\\/produkt\\\/bursdagskort-bubbly\\\/#primaryimage\"},\"thumbnailUrl\":\"https:\\\/\\\/poppyshoppen.no\\\/wp-content\\\/uploads\\\/2024\\\/09\\\/birthday-card_fish_POPPY089.jpg\",\"datePublished\":\"2024-09-03T19:22:50+00:00\",\"dateModified\":\"2024-11-12T14:42:51+00:00\",\"description\":\"Bursdagskort med dyr - Bubbly. Et morsomt og sjarmerende bursdagskort med fisker som er p\u00e5 bursdagsfest. Tekst: happy bubbly birthday.\",\"breadcrumb\":{\"@id\":\"https:\\\/\\\/poppyshoppen.no\\\/produkt\\\/bursdagskort-bubbly\\\/#breadcrumb\"},\"inLanguage\":\"en-US\",\"potentialAction\":[{\"@type\":\"ReadAction\",\"target\":[\"https:\\\/\\\/poppyshoppen.no\\\/produkt\\\/bursdagskort-bubbly\\\/\"]}]},{\"@type\":\"ImageObject\",\"inLanguage\":\"en-US\",\"@id\":\"https:\\\/\\\/poppyshoppen.no\\\/produkt\\\/bursdagskort-bubbly\\\/#primaryimage\",\"url\":\"https:\\\/\\\/poppyshoppen.no\\\/wp-content\\\/uploads\\\/2024\\\/09\\\/birthday-card_fish_POPPY089.jpg\",\"contentUrl\":\"https:\\\/\\\/poppyshoppen.no\\\/wp-content\\\/uploads\\\/2024\\\/09\\\/birthday-card_fish_POPPY089.jpg\",\"width\":1476,\"height\":1476,\"caption\":\"Birthday card happy bubbly birthday\"},{\"@type\":\"BreadcrumbList\",\"@id\":\"https:\\\/\\\/poppyshoppen.no\\\/produkt\\\/bursdagskort-bubbly\\\/#breadcrumb\",\"itemListElement\":[{\"@type\":\"ListItem\",\"position\":1,\"name\":\"Hjem\",\"item\":\"https:\\\/\\\/poppyshoppen.no\\\/\"},{\"@type\":\"ListItem\",\"position\":2,\"name\":\"Shop\",\"item\":\"https:\\\/\\\/poppyshoppen.no\\\/shop\\\/\"},{\"@type\":\"ListItem\",\"position\":3,\"name\":\"Bursdagskort med dyr &#8211; Bubbly\"}]},{\"@type\":\"WebSite\",\"@id\":\"https:\\\/\\\/poppyshoppen.no\\\/#website\",\"url\":\"https:\\\/\\\/poppyshoppen.no\\\/\",\"name\":\"Poppyshoppen\",\"description\":\"Gj\u00f8r hverdagen litt mer fargerik\",\"publisher\":{\"@id\":\"https:\\\/\\\/poppyshoppen.no\\\/#organization\"},\"potentialAction\":[{\"@type\":\"SearchAction\",\"target\":{\"@type\":\"EntryPoint\",\"urlTemplate\":\"https:\\\/\\\/poppyshoppen.no\\\/?s={search_term_string}\"},\"query-input\":{\"@type\":\"PropertyValueSpecification\",\"valueRequired\":true,\"valueName\":\"search_term_string\"}}],\"inLanguage\":\"en-US\"},{\"@type\":\"Organization\",\"@id\":\"https:\\\/\\\/poppyshoppen.no\\\/#organization\",\"name\":\"Poppyshoppen\",\"url\":\"https:\\\/\\\/poppyshoppen.no\\\/\",\"logo\":{\"@type\":\"ImageObject\",\"inLanguage\":\"en-US\",\"@id\":\"https:\\\/\\\/poppyshoppen.no\\\/#\\\/schema\\\/logo\\\/image\\\/\",\"url\":\"https:\\\/\\\/poppyshoppen.no\\\/wp-content\\\/uploads\\\/2024\\\/08\\\/cropped-poppyshoppen-logoikon.png\",\"contentUrl\":\"https:\\\/\\\/poppyshoppen.no\\\/wp-content\\\/uploads\\\/2024\\\/08\\\/cropped-poppyshoppen-logoikon.png\",\"width\":512,\"height\":512,\"caption\":\"Poppyshoppen\"},\"image\":{\"@id\":\"https:\\\/\\\/poppyshoppen.no\\\/#\\\/schema\\\/logo\\\/image\\\/\"},\"sameAs\":[\"https:\\\/\\\/www.facebook.com\\\/profile.php?id=61558460251190\",\"https:\\\/\\\/www.instagram.com\\\/poppyshoppen_no\\\/\"]}]}<\/script>\n<!-- \/ Yoast SEO plugin. -->","yoast_head_json":{"title":"Bursdagskort med dyr - Bubbly | Poppyshoppen","description":"Bursdagskort med dyr - Bubbly. Et morsomt og sjarmerende bursdagskort med fisker som er p\u00e5 bursdagsfest. Tekst: happy bubbly birthday.","robots":{"index":"index","follow":"follow","max-snippet":"max-snippet:-1","max-image-preview":"max-image-preview:large","max-video-preview":"max-video-preview:-1"},"canonical":"https:\/\/poppyshoppen.no\/en\/product\/bursdagskort-bubbly\/","og_locale":"en_US","og_type":"article","og_title":"Bursdagskort med dyr - Bubbly | Poppyshoppen","og_description":"Bursdagskort med dyr - Bubbly. Et morsomt og sjarmerende bursdagskort med fisker som er p\u00e5 bursdagsfest. Tekst: happy bubbly birthday.","og_url":"https:\/\/poppyshoppen.no\/en\/product\/bursdagskort-bubbly\/","og_site_name":"Poppyshoppen","article_publisher":"https:\/\/www.facebook.com\/profile.php?id=61558460251190","article_modified_time":"2024-11-12T14:42:51+00:00","og_image":[{"width":1476,"height":1476,"url":"https:\/\/poppyshoppen.no\/wp-content\/uploads\/2024\/09\/birthday-card_fish_POPPY089.jpg","type":"image\/jpeg"}],"twitter_card":"summary_large_image","twitter_misc":{"Est. reading time":"2 minutes"},"schema":{"@context":"https:\/\/schema.org","@graph":[{"@type":"WebPage","@id":"https:\/\/poppyshoppen.no\/produkt\/bursdagskort-bubbly\/","url":"https:\/\/poppyshoppen.no\/produkt\/bursdagskort-bubbly\/","name":"Bursdagskort med dyr - Bubbly | Poppyshoppen","isPartOf":{"@id":"https:\/\/poppyshoppen.no\/#website"},"primaryImageOfPage":{"@id":"https:\/\/poppyshoppen.no\/produkt\/bursdagskort-bubbly\/#primaryimage"},"image":{"@id":"https:\/\/poppyshoppen.no\/produkt\/bursdagskort-bubbly\/#primaryimage"},"thumbnailUrl":"https:\/\/poppyshoppen.no\/wp-content\/uploads\/2024\/09\/birthday-card_fish_POPPY089.jpg","datePublished":"2024-09-03T19:22:50+00:00","dateModified":"2024-11-12T14:42:51+00:00","description":"Bursdagskort med dyr - Bubbly. Et morsomt og sjarmerende bursdagskort med fisker som er p\u00e5 bursdagsfest. Tekst: happy bubbly birthday.","breadcrumb":{"@id":"https:\/\/poppyshoppen.no\/produkt\/bursdagskort-bubbly\/#breadcrumb"},"inLanguage":"en-US","potentialAction":[{"@type":"ReadAction","target":["https:\/\/poppyshoppen.no\/produkt\/bursdagskort-bubbly\/"]}]},{"@type":"ImageObject","inLanguage":"en-US","@id":"https:\/\/poppyshoppen.no\/produkt\/bursdagskort-bubbly\/#primaryimage","url":"https:\/\/poppyshoppen.no\/wp-content\/uploads\/2024\/09\/birthday-card_fish_POPPY089.jpg","contentUrl":"https:\/\/poppyshoppen.no\/wp-content\/uploads\/2024\/09\/birthday-card_fish_POPPY089.jpg","width":1476,"height":1476,"caption":"Birthday card happy bubbly birthday"},{"@type":"BreadcrumbList","@id":"https:\/\/poppyshoppen.no\/produkt\/bursdagskort-bubbly\/#breadcrumb","itemListElement":[{"@type":"ListItem","position":1,"name":"Hjem","item":"https:\/\/poppyshoppen.no\/"},{"@type":"ListItem","position":2,"name":"Shop","item":"https:\/\/poppyshoppen.no\/shop\/"},{"@type":"ListItem","position":3,"name":"Bursdagskort med dyr &#8211; Bubbly"}]},{"@type":"WebSite","@id":"https:\/\/poppyshoppen.no\/#website","url":"https:\/\/poppyshoppen.no\/","name":"Poppyshoppen","description":"Gj\u00f8r hverdagen litt mer fargerik","publisher":{"@id":"https:\/\/poppyshoppen.no\/#organization"},"potentialAction":[{"@type":"SearchAction","target":{"@type":"EntryPoint","urlTemplate":"https:\/\/poppyshoppen.no\/?s={search_term_string}"},"query-input":{"@type":"PropertyValueSpecification","valueRequired":true,"valueName":"search_term_string"}}],"inLanguage":"en-US"},{"@type":"Organization","@id":"https:\/\/poppyshoppen.no\/#organization","name":"Poppyshoppen","url":"https:\/\/poppyshoppen.no\/","logo":{"@type":"ImageObject","inLanguage":"en-US","@id":"https:\/\/poppyshoppen.no\/#\/schema\/logo\/image\/","url":"https:\/\/poppyshoppen.no\/wp-content\/uploads\/2024\/08\/cropped-poppyshoppen-logoikon.png","contentUrl":"https:\/\/poppyshoppen.no\/wp-content\/uploads\/2024\/08\/cropped-poppyshoppen-logoikon.png","width":512,"height":512,"caption":"Poppyshoppen"},"image":{"@id":"https:\/\/poppyshoppen.no\/#\/schema\/logo\/image\/"},"sameAs":["https:\/\/www.facebook.com\/profile.php?id=61558460251190","https:\/\/www.instagram.com\/poppyshoppen_no\/"]}]}},"jetpack_sharing_enabled":true,"_links":{"self":[{"href":"https:\/\/poppyshoppen.no\/en\/wp-json\/wp\/v2\/product\/517","targetHints":{"allow":["GET"]}}],"collection":[{"href":"https:\/\/poppyshoppen.no\/en\/wp-json\/wp\/v2\/product"}],"about":[{"href":"https:\/\/poppyshoppen.no\/en\/wp-json\/wp\/v2\/types\/product"}],"replies":[{"embeddable":true,"href":"https:\/\/poppyshoppen.no\/en\/wp-json\/wp\/v2\/comments?post=517"}],"wp:featuredmedia":[{"embeddable":true,"href":"https:\/\/poppyshoppen.no\/en\/wp-json\/wp\/v2\/media\/252"}],"wp:attachment":[{"href":"https:\/\/poppyshoppen.no\/en\/wp-json\/wp\/v2\/media?parent=517"}],"wp:term":[{"taxonomy":"product_brand","embeddable":true,"href":"https:\/\/poppyshoppen.no\/en\/wp-json\/wp\/v2\/product_brand?post=517"},{"taxonomy":"product_cat","embeddable":true,"href":"https:\/\/poppyshoppen.no\/en\/wp-json\/wp\/v2\/product_cat?post=517"},{"taxonomy":"product_tag","embeddable":true,"href":"https:\/\/poppyshoppen.no\/en\/wp-json\/wp\/v2\/product_tag?post=517"}],"curies":[{"name":"wp","href":"https:\/\/api.w.org\/{rel}","templated":true}]}}