{"id":518,"date":"2024-09-03T19:24:45","date_gmt":"2024-09-03T19:24:45","guid":{"rendered":"https:\/\/poppyshoppen.no\/?post_type=product&#038;p=518"},"modified":"2024-11-12T14:37:00","modified_gmt":"2024-11-12T14:37:00","slug":"bursdagskort-rev-og-bjorn","status":"publish","type":"product","link":"https:\/\/poppyshoppen.no\/en\/product\/bursdagskort-rev-og-bjorn\/","title":{"rendered":"Bursdagskort med dyr &#8211; rev og bj\u00f8rn"},"content":{"rendered":"<p>Bursdagskort med dyr &#8211; rev og bj\u00f8rn. Et koselig og s\u00f8tt bursdagskort med illustrasjoner av en lur rev og s\u00f8t bj\u00f8rn. Velg mellom engelsk og norsk tekst: Happy Birthday, you&#8217;re not getting older, you&#8217;re just rising in value | Gratulerer med dagen, du blir ikke eldre, du bare stiger i verdi. Dobbelt kort. St\u00f8rrelse: A6. Konvolutt f\u00f8lger med kortet Bursdagskort med dyr &#8211; rev og bj\u00f8rn.<\/p>\n<p><a href=\"https:\/\/poppyshoppen.no\/en\/product-category\/kort\/\">Se alle kort i poppyshoppen.<\/a><\/p>\n<p>&#8212;&#8212;<\/p>\n<p>V\u00e5re design kort har unike motiver som passer til enhver anledning \u2013 fra bursdager og h\u00f8ytider til sm\u00e5 hverdagsgleder. Vi har alt fra bursdagskort til b\u00e5de gutter og jenter, til mer spesifikke valg som farsdagskort og morsdagskort, hvor du finner morsomme og varme motiver som treffer midt i blinken.<\/p>\n<p>Enten du trenger et julekort eller bare et kort til alle anledninger, er det alltid ekstra hyggelig \u00e5 gi noe personlig og gjennomtenkt. Et h\u00e5ndplukket kort fra Poppydesign gj\u00f8r det enklere \u00e5 uttrykke det du f\u00f8ler. V\u00e5re morsomme morsdagskort og farsdagskort setter ogs\u00e5 et smil p\u00e5 mottakerens ansikt og skiller seg ut fra de tradisjonelle kortene.<\/p>\n<p>Poppydesigns kort er laget med kj\u00e6rlighet og omtanke, og gj\u00f8r en liten gest litt mer spesiell. Velg mellom s\u00f8te, morsomme og personlige kort \u2013 perfekte til \u00e5 si gratulerer, god jul eller rett og slett \u201cjeg tenker p\u00e5 deg\u201d!<\/p>","protected":false},"excerpt":{"rendered":"<p>Et koselig bursdagskort med s\u00f8te dyr. Dobbelt kort. St\u00f8rrelse: A6. Konvolutt f\u00f8lger med.<\/p>","protected":false},"featured_media":258,"comment_status":"open","ping_status":"closed","template":"","meta":[],"product_brand":[],"product_cat":[22,18],"product_tag":[80,93,79,92,95,62,61,54],"class_list":{"0":"post-518","1":"product","2":"type-product","3":"status-publish","4":"has-post-thumbnail","6":"product_cat-bursdagskort","7":"product_cat-kort","8":"product_tag-bear","9":"product_tag-birthday","10":"product_tag-bjorn","11":"product_tag-bursdag","12":"product_tag-fisk","13":"product_tag-fox","14":"product_tag-rev","15":"product_tag-woodland-animals","16":"product_shipping_class-kort","18":"first","19":"instock","20":"taxable","21":"shipping-taxable","22":"purchasable","23":"product-type-variable"},"bundled_by":[],"bundle_stock_status":"instock","bundle_stock_quantity":null,"bundle_virtual":false,"bundle_layout":"","bundle_add_to_cart_form_location":"","bundle_editable_in_cart":false,"bundle_sold_individually_context":"","bundle_item_grouping":"","bundle_min_size":"","bundle_max_size":"","bundle_price":[],"bundled_items":[],"bundle_sell_ids":[],"exclude_global_add_ons":[],"addons":[],"yoast_head":"<!-- This site is optimized with the Yoast SEO plugin v27.3 - https:\/\/yoast.com\/product\/yoast-seo-wordpress\/ -->\n<title>Bursdagskort med dyr - rev og bj\u00f8rn | Poppyshoppen<\/title>\n<meta name=\"description\" content=\"Bursdagskort med dyr - rev og bj\u00f8rn. Et koselig og s\u00f8tt bursdagskort med illustrasjoner av en lur rev og s\u00f8t bj\u00f8rn. Velg mellom engelsk og norsk tekst.\" \/>\n<meta name=\"robots\" content=\"index, follow, max-snippet:-1, max-image-preview:large, max-video-preview:-1\" \/>\n<link rel=\"canonical\" href=\"https:\/\/poppyshoppen.no\/en\/product\/bursdagskort-rev-og-bjorn\/\" \/>\n<meta property=\"og:locale\" content=\"en_US\" \/>\n<meta property=\"og:type\" content=\"article\" \/>\n<meta property=\"og:title\" content=\"Bursdagskort med dyr - rev og bj\u00f8rn | Poppyshoppen\" \/>\n<meta property=\"og:description\" content=\"Bursdagskort med dyr - rev og bj\u00f8rn. Et koselig og s\u00f8tt bursdagskort med illustrasjoner av en lur rev og s\u00f8t bj\u00f8rn. Velg mellom engelsk og norsk tekst.\" \/>\n<meta property=\"og:url\" content=\"https:\/\/poppyshoppen.no\/en\/product\/bursdagskort-rev-og-bjorn\/\" \/>\n<meta property=\"og:site_name\" content=\"Poppyshoppen\" \/>\n<meta property=\"article:publisher\" content=\"https:\/\/www.facebook.com\/profile.php?id=61558460251190\" \/>\n<meta property=\"article:modified_time\" content=\"2024-11-12T14:37:00+00:00\" \/>\n<meta property=\"og:image\" content=\"https:\/\/poppyshoppen.no\/wp-content\/uploads\/2024\/09\/bursdagskort_POPPY035.jpg\" \/>\n\t<meta property=\"og:image:width\" content=\"1476\" \/>\n\t<meta property=\"og:image:height\" content=\"1476\" \/>\n\t<meta property=\"og:image:type\" content=\"image\/jpeg\" \/>\n<meta name=\"twitter:card\" content=\"summary_large_image\" \/>\n<meta name=\"twitter:label1\" content=\"Est. reading time\" \/>\n\t<meta name=\"twitter:data1\" content=\"2 minutes\" \/>\n<script type=\"application\/ld+json\" class=\"yoast-schema-graph\">{\"@context\":\"https:\\\/\\\/schema.org\",\"@graph\":[{\"@type\":\"WebPage\",\"@id\":\"https:\\\/\\\/poppyshoppen.no\\\/produkt\\\/bursdagskort-rev-og-bjorn\\\/\",\"url\":\"https:\\\/\\\/poppyshoppen.no\\\/produkt\\\/bursdagskort-rev-og-bjorn\\\/\",\"name\":\"Bursdagskort med dyr - rev og bj\u00f8rn | Poppyshoppen\",\"isPartOf\":{\"@id\":\"https:\\\/\\\/poppyshoppen.no\\\/#website\"},\"primaryImageOfPage\":{\"@id\":\"https:\\\/\\\/poppyshoppen.no\\\/produkt\\\/bursdagskort-rev-og-bjorn\\\/#primaryimage\"},\"image\":{\"@id\":\"https:\\\/\\\/poppyshoppen.no\\\/produkt\\\/bursdagskort-rev-og-bjorn\\\/#primaryimage\"},\"thumbnailUrl\":\"https:\\\/\\\/poppyshoppen.no\\\/wp-content\\\/uploads\\\/2024\\\/09\\\/bursdagskort_POPPY035.jpg\",\"datePublished\":\"2024-09-03T19:24:45+00:00\",\"dateModified\":\"2024-11-12T14:37:00+00:00\",\"description\":\"Bursdagskort med dyr - rev og bj\u00f8rn. Et koselig og s\u00f8tt bursdagskort med illustrasjoner av en lur rev og s\u00f8t bj\u00f8rn. Velg mellom engelsk og norsk tekst.\",\"breadcrumb\":{\"@id\":\"https:\\\/\\\/poppyshoppen.no\\\/produkt\\\/bursdagskort-rev-og-bjorn\\\/#breadcrumb\"},\"inLanguage\":\"en-US\",\"potentialAction\":[{\"@type\":\"ReadAction\",\"target\":[\"https:\\\/\\\/poppyshoppen.no\\\/produkt\\\/bursdagskort-rev-og-bjorn\\\/\"]}]},{\"@type\":\"ImageObject\",\"inLanguage\":\"en-US\",\"@id\":\"https:\\\/\\\/poppyshoppen.no\\\/produkt\\\/bursdagskort-rev-og-bjorn\\\/#primaryimage\",\"url\":\"https:\\\/\\\/poppyshoppen.no\\\/wp-content\\\/uploads\\\/2024\\\/09\\\/bursdagskort_POPPY035.jpg\",\"contentUrl\":\"https:\\\/\\\/poppyshoppen.no\\\/wp-content\\\/uploads\\\/2024\\\/09\\\/bursdagskort_POPPY035.jpg\",\"width\":1476,\"height\":1476,\"caption\":\"Bursdagskort med rev og bj\u00f8rn og teksten gratulerer med dagen, du blir ikke eldre, du bare stiger i verdi.\"},{\"@type\":\"BreadcrumbList\",\"@id\":\"https:\\\/\\\/poppyshoppen.no\\\/produkt\\\/bursdagskort-rev-og-bjorn\\\/#breadcrumb\",\"itemListElement\":[{\"@type\":\"ListItem\",\"position\":1,\"name\":\"Hjem\",\"item\":\"https:\\\/\\\/poppyshoppen.no\\\/\"},{\"@type\":\"ListItem\",\"position\":2,\"name\":\"Shop\",\"item\":\"https:\\\/\\\/poppyshoppen.no\\\/shop\\\/\"},{\"@type\":\"ListItem\",\"position\":3,\"name\":\"Bursdagskort med dyr &#8211; rev og bj\u00f8rn\"}]},{\"@type\":\"WebSite\",\"@id\":\"https:\\\/\\\/poppyshoppen.no\\\/#website\",\"url\":\"https:\\\/\\\/poppyshoppen.no\\\/\",\"name\":\"Poppyshoppen\",\"description\":\"Gj\u00f8r hverdagen litt mer fargerik\",\"publisher\":{\"@id\":\"https:\\\/\\\/poppyshoppen.no\\\/#organization\"},\"potentialAction\":[{\"@type\":\"SearchAction\",\"target\":{\"@type\":\"EntryPoint\",\"urlTemplate\":\"https:\\\/\\\/poppyshoppen.no\\\/?s={search_term_string}\"},\"query-input\":{\"@type\":\"PropertyValueSpecification\",\"valueRequired\":true,\"valueName\":\"search_term_string\"}}],\"inLanguage\":\"en-US\"},{\"@type\":\"Organization\",\"@id\":\"https:\\\/\\\/poppyshoppen.no\\\/#organization\",\"name\":\"Poppyshoppen\",\"url\":\"https:\\\/\\\/poppyshoppen.no\\\/\",\"logo\":{\"@type\":\"ImageObject\",\"inLanguage\":\"en-US\",\"@id\":\"https:\\\/\\\/poppyshoppen.no\\\/#\\\/schema\\\/logo\\\/image\\\/\",\"url\":\"https:\\\/\\\/poppyshoppen.no\\\/wp-content\\\/uploads\\\/2024\\\/08\\\/cropped-poppyshoppen-logoikon.png\",\"contentUrl\":\"https:\\\/\\\/poppyshoppen.no\\\/wp-content\\\/uploads\\\/2024\\\/08\\\/cropped-poppyshoppen-logoikon.png\",\"width\":512,\"height\":512,\"caption\":\"Poppyshoppen\"},\"image\":{\"@id\":\"https:\\\/\\\/poppyshoppen.no\\\/#\\\/schema\\\/logo\\\/image\\\/\"},\"sameAs\":[\"https:\\\/\\\/www.facebook.com\\\/profile.php?id=61558460251190\",\"https:\\\/\\\/www.instagram.com\\\/poppyshoppen_no\\\/\"]}]}<\/script>\n<!-- \/ Yoast SEO plugin. -->","yoast_head_json":{"title":"Bursdagskort med dyr - rev og bj\u00f8rn | Poppyshoppen","description":"Bursdagskort med dyr - rev og bj\u00f8rn. Et koselig og s\u00f8tt bursdagskort med illustrasjoner av en lur rev og s\u00f8t bj\u00f8rn. Velg mellom engelsk og norsk tekst.","robots":{"index":"index","follow":"follow","max-snippet":"max-snippet:-1","max-image-preview":"max-image-preview:large","max-video-preview":"max-video-preview:-1"},"canonical":"https:\/\/poppyshoppen.no\/en\/product\/bursdagskort-rev-og-bjorn\/","og_locale":"en_US","og_type":"article","og_title":"Bursdagskort med dyr - rev og bj\u00f8rn | Poppyshoppen","og_description":"Bursdagskort med dyr - rev og bj\u00f8rn. Et koselig og s\u00f8tt bursdagskort med illustrasjoner av en lur rev og s\u00f8t bj\u00f8rn. Velg mellom engelsk og norsk tekst.","og_url":"https:\/\/poppyshoppen.no\/en\/product\/bursdagskort-rev-og-bjorn\/","og_site_name":"Poppyshoppen","article_publisher":"https:\/\/www.facebook.com\/profile.php?id=61558460251190","article_modified_time":"2024-11-12T14:37:00+00:00","og_image":[{"width":1476,"height":1476,"url":"https:\/\/poppyshoppen.no\/wp-content\/uploads\/2024\/09\/bursdagskort_POPPY035.jpg","type":"image\/jpeg"}],"twitter_card":"summary_large_image","twitter_misc":{"Est. reading time":"2 minutes"},"schema":{"@context":"https:\/\/schema.org","@graph":[{"@type":"WebPage","@id":"https:\/\/poppyshoppen.no\/produkt\/bursdagskort-rev-og-bjorn\/","url":"https:\/\/poppyshoppen.no\/produkt\/bursdagskort-rev-og-bjorn\/","name":"Bursdagskort med dyr - rev og bj\u00f8rn | Poppyshoppen","isPartOf":{"@id":"https:\/\/poppyshoppen.no\/#website"},"primaryImageOfPage":{"@id":"https:\/\/poppyshoppen.no\/produkt\/bursdagskort-rev-og-bjorn\/#primaryimage"},"image":{"@id":"https:\/\/poppyshoppen.no\/produkt\/bursdagskort-rev-og-bjorn\/#primaryimage"},"thumbnailUrl":"https:\/\/poppyshoppen.no\/wp-content\/uploads\/2024\/09\/bursdagskort_POPPY035.jpg","datePublished":"2024-09-03T19:24:45+00:00","dateModified":"2024-11-12T14:37:00+00:00","description":"Bursdagskort med dyr - rev og bj\u00f8rn. Et koselig og s\u00f8tt bursdagskort med illustrasjoner av en lur rev og s\u00f8t bj\u00f8rn. Velg mellom engelsk og norsk tekst.","breadcrumb":{"@id":"https:\/\/poppyshoppen.no\/produkt\/bursdagskort-rev-og-bjorn\/#breadcrumb"},"inLanguage":"en-US","potentialAction":[{"@type":"ReadAction","target":["https:\/\/poppyshoppen.no\/produkt\/bursdagskort-rev-og-bjorn\/"]}]},{"@type":"ImageObject","inLanguage":"en-US","@id":"https:\/\/poppyshoppen.no\/produkt\/bursdagskort-rev-og-bjorn\/#primaryimage","url":"https:\/\/poppyshoppen.no\/wp-content\/uploads\/2024\/09\/bursdagskort_POPPY035.jpg","contentUrl":"https:\/\/poppyshoppen.no\/wp-content\/uploads\/2024\/09\/bursdagskort_POPPY035.jpg","width":1476,"height":1476,"caption":"Bursdagskort med rev og bj\u00f8rn og teksten gratulerer med dagen, du blir ikke eldre, du bare stiger i verdi."},{"@type":"BreadcrumbList","@id":"https:\/\/poppyshoppen.no\/produkt\/bursdagskort-rev-og-bjorn\/#breadcrumb","itemListElement":[{"@type":"ListItem","position":1,"name":"Hjem","item":"https:\/\/poppyshoppen.no\/"},{"@type":"ListItem","position":2,"name":"Shop","item":"https:\/\/poppyshoppen.no\/shop\/"},{"@type":"ListItem","position":3,"name":"Bursdagskort med dyr &#8211; rev og bj\u00f8rn"}]},{"@type":"WebSite","@id":"https:\/\/poppyshoppen.no\/#website","url":"https:\/\/poppyshoppen.no\/","name":"Poppyshoppen","description":"Gj\u00f8r hverdagen litt mer fargerik","publisher":{"@id":"https:\/\/poppyshoppen.no\/#organization"},"potentialAction":[{"@type":"SearchAction","target":{"@type":"EntryPoint","urlTemplate":"https:\/\/poppyshoppen.no\/?s={search_term_string}"},"query-input":{"@type":"PropertyValueSpecification","valueRequired":true,"valueName":"search_term_string"}}],"inLanguage":"en-US"},{"@type":"Organization","@id":"https:\/\/poppyshoppen.no\/#organization","name":"Poppyshoppen","url":"https:\/\/poppyshoppen.no\/","logo":{"@type":"ImageObject","inLanguage":"en-US","@id":"https:\/\/poppyshoppen.no\/#\/schema\/logo\/image\/","url":"https:\/\/poppyshoppen.no\/wp-content\/uploads\/2024\/08\/cropped-poppyshoppen-logoikon.png","contentUrl":"https:\/\/poppyshoppen.no\/wp-content\/uploads\/2024\/08\/cropped-poppyshoppen-logoikon.png","width":512,"height":512,"caption":"Poppyshoppen"},"image":{"@id":"https:\/\/poppyshoppen.no\/#\/schema\/logo\/image\/"},"sameAs":["https:\/\/www.facebook.com\/profile.php?id=61558460251190","https:\/\/www.instagram.com\/poppyshoppen_no\/"]}]}},"jetpack_sharing_enabled":true,"_links":{"self":[{"href":"https:\/\/poppyshoppen.no\/en\/wp-json\/wp\/v2\/product\/518","targetHints":{"allow":["GET"]}}],"collection":[{"href":"https:\/\/poppyshoppen.no\/en\/wp-json\/wp\/v2\/product"}],"about":[{"href":"https:\/\/poppyshoppen.no\/en\/wp-json\/wp\/v2\/types\/product"}],"replies":[{"embeddable":true,"href":"https:\/\/poppyshoppen.no\/en\/wp-json\/wp\/v2\/comments?post=518"}],"wp:featuredmedia":[{"embeddable":true,"href":"https:\/\/poppyshoppen.no\/en\/wp-json\/wp\/v2\/media\/258"}],"wp:attachment":[{"href":"https:\/\/poppyshoppen.no\/en\/wp-json\/wp\/v2\/media?parent=518"}],"wp:term":[{"taxonomy":"product_brand","embeddable":true,"href":"https:\/\/poppyshoppen.no\/en\/wp-json\/wp\/v2\/product_brand?post=518"},{"taxonomy":"product_cat","embeddable":true,"href":"https:\/\/poppyshoppen.no\/en\/wp-json\/wp\/v2\/product_cat?post=518"},{"taxonomy":"product_tag","embeddable":true,"href":"https:\/\/poppyshoppen.no\/en\/wp-json\/wp\/v2\/product_tag?post=518"}],"curies":[{"name":"wp","href":"https:\/\/api.w.org\/{rel}","templated":true}]}}