{"id":618,"date":"2024-09-04T18:53:03","date_gmt":"2024-09-04T18:53:03","guid":{"rendered":"https:\/\/poppyshoppen.no\/?post_type=product&#038;p=618"},"modified":"2025-10-26T18:57:57","modified_gmt":"2025-10-26T17:57:57","slug":"elverumsplakat-ulv","status":"publish","type":"product","link":"https:\/\/poppyshoppen.no\/en\/product\/elverumsplakat-ulv\/","title":{"rendered":"Elverumsplakat &#8211; Ulv &#8211; plakat med dyr"},"content":{"rendered":"<p>Elverumsplakat &#8211; Ulv &#8211; plakat med dyr. Denne plakaten med bilde av en ulv, malt i akvarell, fanger ulvens majestetiske uttrykk i et minimalistisk, men vakkert motiv. Ulven st\u00e5r og uler, en hyllest til norsk natur og innlandets dyreliv. Perfekt for naturentusiaster eller de som \u00f8nsker \u00e5 bringe en f\u00f8lelse av villmarken inn i hjemmet. Motivet passer til de fleste interi\u00f8r, og kan kombineres med andre naturmotiver for \u00e5 skape en harmonisk bildevegg.<\/p>\n<p><strong>Tilgjengelige st\u00f8rrelser:<\/strong><br \/>\nA5, A4, A3, 40&#215;50 cm og 50&#215;70 cm. Ramme er ikke inkludert. Elverumsplakat &#8211; Ulv &#8211; plakat med dyr er printet p\u00e5 papir av h\u00f8y kvalitet for \u00e5 bevare farger og kvalitet over tid.<\/p>\n<p><a href=\"https:\/\/poppyshoppen.no\/en\/product-category\/plakater\/elverumsplakater\/\">Se alle plakater med elverumsmotiv.<\/a><\/p>\n<p>&#8212;&#8212;<\/p>\n<p>Plakater med Elverum-motiv fra Poppydesign er en personlig og koselig gave til alle som har et forhold til Elverum. Disse plakatene er en flott m\u00e5te \u00e5 bringe hjem byens sjarm, enten som plakater fra Elverum eller kunstverk med bymotiv fra kjente steder som Norsk Skogmuseum og Anno Museene p\u00e5 glomdalsmuseet. Perfekt som souvenir fra Elverum eller et varig minne fra Elverum. Plakatene gir en n\u00e6rhet til byen og dens vakre omgivelser.<\/p>\n<p>Enten du \u00f8nsker en plakat fra etil stua eller som gave til en som elsker kunst fra Elverum, tilbyr Poppydesign unike motiver som bringer frem minnene. De passer ogs\u00e5 utmerket som firmagaver for lokale bedrifter som vil gi noe unikt og lokalt. Plakater fra Poppydesign kan leveres med ramme eller plakatoppheng, s\u00e5 de er klare til \u00e5 henges rett p\u00e5 veggen.<\/p>\n<p>Med sine fine detaljer blir disse plakatene en varm p\u00e5minnelse om Elverum, perfekte for b\u00e5de hjemmet og kontoret. Elverum har hjerterom.<\/p>","protected":false},"excerpt":{"rendered":"<p>Plakat med akvarellmalt Ulv. Velg mellom ulike st\u00f8rrelser. Ramme er ikke inkludert.<\/p>","protected":false},"featured_media":592,"comment_status":"open","ping_status":"closed","template":"","meta":[],"product_brand":[],"product_cat":[101,121,17,104],"product_tag":[102,103,105],"class_list":{"0":"post-618","1":"product","2":"type-product","3":"status-publish","4":"has-post-thumbnail","6":"product_cat-elverumsplakater","7":"product_cat-farsdag","8":"product_cat-plakater","9":"product_cat-plakater-med-dyr","10":"product_tag-elverum","11":"product_tag-plakat","12":"product_tag-ulv","13":"product_shipping_class-plakater","15":"first","16":"instock","17":"taxable","18":"shipping-taxable","19":"purchasable","20":"product-type-variable","21":"has-default-attributes"},"bundled_by":[],"bundle_stock_status":"instock","bundle_stock_quantity":null,"bundle_virtual":false,"bundle_layout":"","bundle_add_to_cart_form_location":"","bundle_editable_in_cart":false,"bundle_sold_individually_context":"","bundle_item_grouping":"","bundle_min_size":"","bundle_max_size":"","bundle_price":[],"bundled_items":[],"bundle_sell_ids":[],"exclude_global_add_ons":false,"addons":[{"name":"\u00d8nsker du innramming av plakaten din?","type":"multiple_choice","position":0,"required":false,"title_format":"label","default":"","description_enable":true,"description":"En ramme gir plakaten din det lille ekstra og n\u00e5r den kommer ferdig innrammet fra poppydesign i tillegg, er den klar til \u00e5 henges rett opp p\u00e5 veggen! I tillegg beskytter rammen og glasset den nye kunsten din, s\u00e5 du kan ha glede av den lenge.","placeholder_enable":false,"placeholder":"","display":"images","restrictions_type":"any_text","adjust_price":false,"price":"","price_type":"flat_fee","restrictions":false,"min":"0","max":"0","options":[{"label":"Hvit ramme (20 mm)","price":"399","price_type":"flat_fee","image":817,"visibility":true},{"label":"Svart ramme (13mm)","price":"399","price_type":"flat_fee","image":820,"visibility":true},{"label":"Eik ramme (15 mm)","price":"399","price_type":"flat_fee","image":819,"visibility":true}],"id":1726068484},{"name":"\u00d8nsker du passepartout i rammen?","type":"checkbox","position":0,"required":false,"title_format":"label","default":"","description_enable":false,"description":"","placeholder_enable":false,"placeholder":"","display":"select","restrictions_type":"any_text","adjust_price":false,"price":"","price_type":"flat_fee","restrictions":false,"min":"0","max":"0","options":[{"label":"Ja","price":"139","price_type":"flat_fee","image":0,"visibility":true}],"id":1730996623},{"name":"\u00d8nsker du plakatoppheng til plakaten din?","type":"multiple_choice","position":0,"required":false,"title_format":"label","default":"","description_enable":true,"description":"Plakatoppheng er en superenkel og stilig m\u00e5te \u00e5 vise frem favorittplakatene dine p\u00e5. Perfekt for deg som liker \u00e5 bytte ut plakater og kunst ofte eller som \u00f8nsker et lekent uttrykk p\u00e5 veggen.","placeholder_enable":false,"placeholder":"","display":"select","restrictions_type":"any_text","adjust_price":false,"price":"","price_type":"flat_fee","restrictions":false,"min":"0","max":"0","options":[{"label":"21 cm","price":"139","price_type":"flat_fee","image":0,"visibility":true},{"label":"30 cm","price":"159","price_type":"flat_fee","image":0,"visibility":true},{"label":"40 cm","price":"179","price_type":"flat_fee","image":0,"visibility":true},{"label":"50 cm","price":"220","price_type":"flat_fee","image":0,"visibility":true},{"label":"70 cm","price":"290","price_type":"flat_fee","image":0,"visibility":true}],"id":1726070967}],"yoast_head":"<!-- This site is optimized with the Yoast SEO plugin v27.3 - https:\/\/yoast.com\/product\/yoast-seo-wordpress\/ -->\n<title>Elverumsplakat - Ulv - plakat med dyr | Poppyshoppen<\/title>\n<meta name=\"description\" content=\"Elverumsplakat - Ulv - plakat med dyr. Denne plakaten med bilde av en ulv, malt i akvarell, fanger ulvens majestetiske uttrykk i et vakkert motiv.\" \/>\n<meta name=\"robots\" content=\"index, follow, max-snippet:-1, max-image-preview:large, max-video-preview:-1\" \/>\n<link rel=\"canonical\" href=\"https:\/\/poppyshoppen.no\/en\/product\/elverumsplakat-ulv\/\" \/>\n<meta property=\"og:locale\" content=\"en_US\" \/>\n<meta property=\"og:type\" content=\"article\" \/>\n<meta property=\"og:title\" content=\"Elverumsplakat - Ulv - plakat med dyr | Poppyshoppen\" \/>\n<meta property=\"og:description\" content=\"Elverumsplakat - Ulv - plakat med dyr. Denne plakaten med bilde av en ulv, malt i akvarell, fanger ulvens majestetiske uttrykk i et vakkert motiv.\" \/>\n<meta property=\"og:url\" content=\"https:\/\/poppyshoppen.no\/en\/product\/elverumsplakat-ulv\/\" \/>\n<meta property=\"og:site_name\" content=\"Poppyshoppen\" \/>\n<meta property=\"article:publisher\" content=\"https:\/\/www.facebook.com\/profile.php?id=61558460251190\" \/>\n<meta property=\"article:modified_time\" content=\"2025-10-26T17:57:57+00:00\" \/>\n<meta property=\"og:image\" content=\"https:\/\/poppyshoppen.no\/wp-content\/uploads\/2024\/09\/poster_plakat_elverum_ulv_POPPY120.jpg\" \/>\n\t<meta property=\"og:image:width\" content=\"1476\" \/>\n\t<meta property=\"og:image:height\" content=\"1476\" \/>\n\t<meta property=\"og:image:type\" content=\"image\/jpeg\" \/>\n<meta name=\"twitter:card\" content=\"summary_large_image\" \/>\n<meta name=\"twitter:label1\" content=\"Est. reading time\" \/>\n\t<meta name=\"twitter:data1\" content=\"2 minutes\" \/>\n<script type=\"application\/ld+json\" class=\"yoast-schema-graph\">{\"@context\":\"https:\\\/\\\/schema.org\",\"@graph\":[{\"@type\":\"WebPage\",\"@id\":\"https:\\\/\\\/poppyshoppen.no\\\/produkt\\\/elverumsplakat-ulv\\\/\",\"url\":\"https:\\\/\\\/poppyshoppen.no\\\/produkt\\\/elverumsplakat-ulv\\\/\",\"name\":\"Elverumsplakat - Ulv - plakat med dyr | Poppyshoppen\",\"isPartOf\":{\"@id\":\"https:\\\/\\\/poppyshoppen.no\\\/#website\"},\"primaryImageOfPage\":{\"@id\":\"https:\\\/\\\/poppyshoppen.no\\\/produkt\\\/elverumsplakat-ulv\\\/#primaryimage\"},\"image\":{\"@id\":\"https:\\\/\\\/poppyshoppen.no\\\/produkt\\\/elverumsplakat-ulv\\\/#primaryimage\"},\"thumbnailUrl\":\"https:\\\/\\\/poppyshoppen.no\\\/wp-content\\\/uploads\\\/2024\\\/09\\\/poster_plakat_elverum_ulv_POPPY120.jpg\",\"datePublished\":\"2024-09-04T18:53:03+00:00\",\"dateModified\":\"2025-10-26T17:57:57+00:00\",\"description\":\"Elverumsplakat - Ulv - plakat med dyr. Denne plakaten med bilde av en ulv, malt i akvarell, fanger ulvens majestetiske uttrykk i et vakkert motiv.\",\"breadcrumb\":{\"@id\":\"https:\\\/\\\/poppyshoppen.no\\\/produkt\\\/elverumsplakat-ulv\\\/#breadcrumb\"},\"inLanguage\":\"en-US\",\"potentialAction\":[{\"@type\":\"ReadAction\",\"target\":[\"https:\\\/\\\/poppyshoppen.no\\\/produkt\\\/elverumsplakat-ulv\\\/\"]}]},{\"@type\":\"ImageObject\",\"inLanguage\":\"en-US\",\"@id\":\"https:\\\/\\\/poppyshoppen.no\\\/produkt\\\/elverumsplakat-ulv\\\/#primaryimage\",\"url\":\"https:\\\/\\\/poppyshoppen.no\\\/wp-content\\\/uploads\\\/2024\\\/09\\\/poster_plakat_elverum_ulv_POPPY120.jpg\",\"contentUrl\":\"https:\\\/\\\/poppyshoppen.no\\\/wp-content\\\/uploads\\\/2024\\\/09\\\/poster_plakat_elverum_ulv_POPPY120.jpg\",\"width\":1476,\"height\":1476,\"caption\":\"plakat med bilde av en ulv\"},{\"@type\":\"BreadcrumbList\",\"@id\":\"https:\\\/\\\/poppyshoppen.no\\\/produkt\\\/elverumsplakat-ulv\\\/#breadcrumb\",\"itemListElement\":[{\"@type\":\"ListItem\",\"position\":1,\"name\":\"Hjem\",\"item\":\"https:\\\/\\\/poppyshoppen.no\\\/\"},{\"@type\":\"ListItem\",\"position\":2,\"name\":\"Shop\",\"item\":\"https:\\\/\\\/poppyshoppen.no\\\/shop\\\/\"},{\"@type\":\"ListItem\",\"position\":3,\"name\":\"Elverumsplakat &#8211; Ulv &#8211; plakat med dyr\"}]},{\"@type\":\"WebSite\",\"@id\":\"https:\\\/\\\/poppyshoppen.no\\\/#website\",\"url\":\"https:\\\/\\\/poppyshoppen.no\\\/\",\"name\":\"Poppyshoppen\",\"description\":\"Gj\u00f8r hverdagen litt mer fargerik\",\"publisher\":{\"@id\":\"https:\\\/\\\/poppyshoppen.no\\\/#organization\"},\"potentialAction\":[{\"@type\":\"SearchAction\",\"target\":{\"@type\":\"EntryPoint\",\"urlTemplate\":\"https:\\\/\\\/poppyshoppen.no\\\/?s={search_term_string}\"},\"query-input\":{\"@type\":\"PropertyValueSpecification\",\"valueRequired\":true,\"valueName\":\"search_term_string\"}}],\"inLanguage\":\"en-US\"},{\"@type\":\"Organization\",\"@id\":\"https:\\\/\\\/poppyshoppen.no\\\/#organization\",\"name\":\"Poppyshoppen\",\"url\":\"https:\\\/\\\/poppyshoppen.no\\\/\",\"logo\":{\"@type\":\"ImageObject\",\"inLanguage\":\"en-US\",\"@id\":\"https:\\\/\\\/poppyshoppen.no\\\/#\\\/schema\\\/logo\\\/image\\\/\",\"url\":\"https:\\\/\\\/poppyshoppen.no\\\/wp-content\\\/uploads\\\/2024\\\/08\\\/cropped-poppyshoppen-logoikon.png\",\"contentUrl\":\"https:\\\/\\\/poppyshoppen.no\\\/wp-content\\\/uploads\\\/2024\\\/08\\\/cropped-poppyshoppen-logoikon.png\",\"width\":512,\"height\":512,\"caption\":\"Poppyshoppen\"},\"image\":{\"@id\":\"https:\\\/\\\/poppyshoppen.no\\\/#\\\/schema\\\/logo\\\/image\\\/\"},\"sameAs\":[\"https:\\\/\\\/www.facebook.com\\\/profile.php?id=61558460251190\",\"https:\\\/\\\/www.instagram.com\\\/poppyshoppen_no\\\/\"]}]}<\/script>\n<!-- \/ Yoast SEO plugin. -->","yoast_head_json":{"title":"Elverumsplakat - Ulv - plakat med dyr | Poppyshoppen","description":"Elverumsplakat - Ulv - plakat med dyr. Denne plakaten med bilde av en ulv, malt i akvarell, fanger ulvens majestetiske uttrykk i et vakkert motiv.","robots":{"index":"index","follow":"follow","max-snippet":"max-snippet:-1","max-image-preview":"max-image-preview:large","max-video-preview":"max-video-preview:-1"},"canonical":"https:\/\/poppyshoppen.no\/en\/product\/elverumsplakat-ulv\/","og_locale":"en_US","og_type":"article","og_title":"Elverumsplakat - Ulv - plakat med dyr | Poppyshoppen","og_description":"Elverumsplakat - Ulv - plakat med dyr. Denne plakaten med bilde av en ulv, malt i akvarell, fanger ulvens majestetiske uttrykk i et vakkert motiv.","og_url":"https:\/\/poppyshoppen.no\/en\/product\/elverumsplakat-ulv\/","og_site_name":"Poppyshoppen","article_publisher":"https:\/\/www.facebook.com\/profile.php?id=61558460251190","article_modified_time":"2025-10-26T17:57:57+00:00","og_image":[{"width":1476,"height":1476,"url":"https:\/\/poppyshoppen.no\/wp-content\/uploads\/2024\/09\/poster_plakat_elverum_ulv_POPPY120.jpg","type":"image\/jpeg"}],"twitter_card":"summary_large_image","twitter_misc":{"Est. reading time":"2 minutes"},"schema":{"@context":"https:\/\/schema.org","@graph":[{"@type":"WebPage","@id":"https:\/\/poppyshoppen.no\/produkt\/elverumsplakat-ulv\/","url":"https:\/\/poppyshoppen.no\/produkt\/elverumsplakat-ulv\/","name":"Elverumsplakat - Ulv - plakat med dyr | Poppyshoppen","isPartOf":{"@id":"https:\/\/poppyshoppen.no\/#website"},"primaryImageOfPage":{"@id":"https:\/\/poppyshoppen.no\/produkt\/elverumsplakat-ulv\/#primaryimage"},"image":{"@id":"https:\/\/poppyshoppen.no\/produkt\/elverumsplakat-ulv\/#primaryimage"},"thumbnailUrl":"https:\/\/poppyshoppen.no\/wp-content\/uploads\/2024\/09\/poster_plakat_elverum_ulv_POPPY120.jpg","datePublished":"2024-09-04T18:53:03+00:00","dateModified":"2025-10-26T17:57:57+00:00","description":"Elverumsplakat - Ulv - plakat med dyr. Denne plakaten med bilde av en ulv, malt i akvarell, fanger ulvens majestetiske uttrykk i et vakkert motiv.","breadcrumb":{"@id":"https:\/\/poppyshoppen.no\/produkt\/elverumsplakat-ulv\/#breadcrumb"},"inLanguage":"en-US","potentialAction":[{"@type":"ReadAction","target":["https:\/\/poppyshoppen.no\/produkt\/elverumsplakat-ulv\/"]}]},{"@type":"ImageObject","inLanguage":"en-US","@id":"https:\/\/poppyshoppen.no\/produkt\/elverumsplakat-ulv\/#primaryimage","url":"https:\/\/poppyshoppen.no\/wp-content\/uploads\/2024\/09\/poster_plakat_elverum_ulv_POPPY120.jpg","contentUrl":"https:\/\/poppyshoppen.no\/wp-content\/uploads\/2024\/09\/poster_plakat_elverum_ulv_POPPY120.jpg","width":1476,"height":1476,"caption":"plakat med bilde av en ulv"},{"@type":"BreadcrumbList","@id":"https:\/\/poppyshoppen.no\/produkt\/elverumsplakat-ulv\/#breadcrumb","itemListElement":[{"@type":"ListItem","position":1,"name":"Hjem","item":"https:\/\/poppyshoppen.no\/"},{"@type":"ListItem","position":2,"name":"Shop","item":"https:\/\/poppyshoppen.no\/shop\/"},{"@type":"ListItem","position":3,"name":"Elverumsplakat &#8211; Ulv &#8211; plakat med dyr"}]},{"@type":"WebSite","@id":"https:\/\/poppyshoppen.no\/#website","url":"https:\/\/poppyshoppen.no\/","name":"Poppyshoppen","description":"Gj\u00f8r hverdagen litt mer fargerik","publisher":{"@id":"https:\/\/poppyshoppen.no\/#organization"},"potentialAction":[{"@type":"SearchAction","target":{"@type":"EntryPoint","urlTemplate":"https:\/\/poppyshoppen.no\/?s={search_term_string}"},"query-input":{"@type":"PropertyValueSpecification","valueRequired":true,"valueName":"search_term_string"}}],"inLanguage":"en-US"},{"@type":"Organization","@id":"https:\/\/poppyshoppen.no\/#organization","name":"Poppyshoppen","url":"https:\/\/poppyshoppen.no\/","logo":{"@type":"ImageObject","inLanguage":"en-US","@id":"https:\/\/poppyshoppen.no\/#\/schema\/logo\/image\/","url":"https:\/\/poppyshoppen.no\/wp-content\/uploads\/2024\/08\/cropped-poppyshoppen-logoikon.png","contentUrl":"https:\/\/poppyshoppen.no\/wp-content\/uploads\/2024\/08\/cropped-poppyshoppen-logoikon.png","width":512,"height":512,"caption":"Poppyshoppen"},"image":{"@id":"https:\/\/poppyshoppen.no\/#\/schema\/logo\/image\/"},"sameAs":["https:\/\/www.facebook.com\/profile.php?id=61558460251190","https:\/\/www.instagram.com\/poppyshoppen_no\/"]}]}},"jetpack_sharing_enabled":true,"_links":{"self":[{"href":"https:\/\/poppyshoppen.no\/en\/wp-json\/wp\/v2\/product\/618","targetHints":{"allow":["GET"]}}],"collection":[{"href":"https:\/\/poppyshoppen.no\/en\/wp-json\/wp\/v2\/product"}],"about":[{"href":"https:\/\/poppyshoppen.no\/en\/wp-json\/wp\/v2\/types\/product"}],"replies":[{"embeddable":true,"href":"https:\/\/poppyshoppen.no\/en\/wp-json\/wp\/v2\/comments?post=618"}],"wp:featuredmedia":[{"embeddable":true,"href":"https:\/\/poppyshoppen.no\/en\/wp-json\/wp\/v2\/media\/592"}],"wp:attachment":[{"href":"https:\/\/poppyshoppen.no\/en\/wp-json\/wp\/v2\/media?parent=618"}],"wp:term":[{"taxonomy":"product_brand","embeddable":true,"href":"https:\/\/poppyshoppen.no\/en\/wp-json\/wp\/v2\/product_brand?post=618"},{"taxonomy":"product_cat","embeddable":true,"href":"https:\/\/poppyshoppen.no\/en\/wp-json\/wp\/v2\/product_cat?post=618"},{"taxonomy":"product_tag","embeddable":true,"href":"https:\/\/poppyshoppen.no\/en\/wp-json\/wp\/v2\/product_tag?post=618"}],"curies":[{"name":"wp","href":"https:\/\/api.w.org\/{rel}","templated":true}]}}