{"id":676,"date":"2024-09-04T21:04:41","date_gmt":"2024-09-04T21:04:41","guid":{"rendered":"https:\/\/poppyshoppen.no\/?post_type=product&#038;p=676"},"modified":"2025-10-26T18:53:45","modified_gmt":"2025-10-26T17:53:45","slug":"miniprint-polkadot","status":"publish","type":"product","link":"https:\/\/poppyshoppen.no\/en\/product\/miniprint-polkadot\/","title":{"rendered":"Miniprint &#8211; Kaffekopp Polkadot &#8211; Kunstplakat"},"content":{"rendered":"<p>Miniprint &#8211; Kaffekopp Polkadot &#8211; Kunstplakat. For kaffelskere! Dette miniprintet med en illustrasjon av en polkadott-kopp med kaffe er en morsom og fargerik m\u00e5te \u00e5 vise frem kj\u00e6rligheten din til kaffe. Heng det p\u00e5 kj\u00f8kkenet eller ved kaffehj\u00f8rnet for \u00e5 skape en koselig atmosf\u00e6re. Ogs\u00e5 en perfekt gave til alle kaffe-elskere!<\/p>\n<p>St\u00f8rrelse: 15&#215;15 cm. Miniprint &#8211; Kaffekopp Polkadot &#8211; Kunstplakat er Printet p\u00e5 kvalitetspapir. Ramme er ikke inkludert.<\/p>\n<p><a href=\"https:\/\/poppyshoppen.no\/en\/product-category\/plakater\/\">Her finner du alle plakatene i poppyshoppen<\/a><\/p>\n<p>&#8212;&#8212;&#8212;-<\/p>\n<p>Plakater kan v\u00e6re et fint og rimelig alternativ til originale malerier, og gir deg mulighet til \u00e5 endre uttrykket i hjemmet uten for store investeringer. Hos Poppydesign finner du fargerike plakater med unike motiver som passer perfekt til b\u00e5de stue og barnerom. Vi tilbyr et bredt utvalg i popul\u00e6re st\u00f8rrelser som poster 30&#215;40, poster 50&#215;70, poster A4, og poster A3 \u2013 noe for enhver smak og rom.<\/p>\n<p>Plakater fra Poppydesign gir liv til veggene og er ogs\u00e5 en flott gaveid\u00e9. Enten du ser etter kunstplakater til stua, eller vil pynte barnerommet med s\u00f8te barneplakater, finnes det et motiv for alle. Vi vet at innramming er viktig, og derfor kan du ogs\u00e5 f\u00e5 kj\u00f8pt bilderammer og plakatoppheng i v\u00e5r postershop \u2013 perfekt til \u00e5 skape en komplett look p\u00e5 veggen.<\/p>\n<p>S\u00f8ker du etter bilder til barnerom, plakater stue, eller kanskje bare en koselig gave til noen du er glad i? I Poppydesigns plakatshop finner du unike, h\u00e5ndlagde motiver som skaper en personlig og koselig stemning i hjemmet ditt.<\/p>","protected":false},"excerpt":{"rendered":"<p>Miniprint med kaffekopp. Ramme er ikke inkludert.<\/p>","protected":false},"featured_media":534,"comment_status":"open","ping_status":"closed","template":"","meta":[],"product_brand":[],"product_cat":[121,119,98,136,17],"product_tag":[59,60],"class_list":{"0":"post-676","1":"product","2":"type-product","3":"status-publish","4":"has-post-thumbnail","6":"product_cat-farsdag","7":"product_cat-hygge","8":"product_cat-miniprint","9":"product_cat-morsdag","10":"product_cat-plakater","11":"product_tag-kopp","12":"product_tag-mug","13":"product_shipping_class-plakater","15":"first","16":"instock","17":"taxable","18":"shipping-taxable","19":"purchasable","20":"product-type-simple"},"bundled_by":[],"bundle_stock_status":"instock","bundle_stock_quantity":null,"bundle_virtual":false,"bundle_layout":"","bundle_add_to_cart_form_location":"","bundle_editable_in_cart":false,"bundle_sold_individually_context":"","bundle_item_grouping":"","bundle_min_size":"","bundle_max_size":"","bundle_price":[],"bundled_items":[],"bundle_sell_ids":[],"exclude_global_add_ons":[],"addons":[],"yoast_head":"<!-- This site is optimized with the Yoast SEO plugin v27.3 - https:\/\/yoast.com\/product\/yoast-seo-wordpress\/ -->\n<title>Miniprint - Kaffekopp Polkadot - Kunstplakat | Poppyshoppen<\/title>\n<meta name=\"description\" content=\"Miniprint - Kaffekopp Polkadot - Kunstplakat. For kaffelskere! Dette miniprintet har en illustrasjon av en polkadott-kopp med kaffe.\" \/>\n<meta name=\"robots\" content=\"index, follow, max-snippet:-1, max-image-preview:large, max-video-preview:-1\" \/>\n<link rel=\"canonical\" href=\"https:\/\/poppyshoppen.no\/en\/product\/miniprint-polkadot\/\" \/>\n<meta property=\"og:locale\" content=\"en_US\" \/>\n<meta property=\"og:type\" content=\"article\" \/>\n<meta property=\"og:title\" content=\"Miniprint - Kaffekopp Polkadot - Kunstplakat | Poppyshoppen\" \/>\n<meta property=\"og:description\" content=\"Miniprint - Kaffekopp Polkadot - Kunstplakat. For kaffelskere! Dette miniprintet har en illustrasjon av en polkadott-kopp med kaffe.\" \/>\n<meta property=\"og:url\" content=\"https:\/\/poppyshoppen.no\/en\/product\/miniprint-polkadot\/\" \/>\n<meta property=\"og:site_name\" content=\"Poppyshoppen\" \/>\n<meta property=\"article:publisher\" content=\"https:\/\/www.facebook.com\/profile.php?id=61558460251190\" \/>\n<meta property=\"article:modified_time\" content=\"2025-10-26T17:53:45+00:00\" \/>\n<meta property=\"og:image\" content=\"https:\/\/poppyshoppen.no\/wp-content\/uploads\/2024\/09\/poster_plakat_coffee_tea_POPPY161.jpg\" \/>\n\t<meta property=\"og:image:width\" content=\"1476\" \/>\n\t<meta property=\"og:image:height\" content=\"1476\" \/>\n\t<meta property=\"og:image:type\" content=\"image\/jpeg\" \/>\n<meta name=\"twitter:card\" content=\"summary_large_image\" \/>\n<meta name=\"twitter:label1\" content=\"Est. reading time\" \/>\n\t<meta name=\"twitter:data1\" content=\"1 minute\" \/>\n<script type=\"application\/ld+json\" class=\"yoast-schema-graph\">{\"@context\":\"https:\\\/\\\/schema.org\",\"@graph\":[{\"@type\":\"WebPage\",\"@id\":\"https:\\\/\\\/poppyshoppen.no\\\/produkt\\\/miniprint-polkadot\\\/\",\"url\":\"https:\\\/\\\/poppyshoppen.no\\\/produkt\\\/miniprint-polkadot\\\/\",\"name\":\"Miniprint - Kaffekopp Polkadot - Kunstplakat | Poppyshoppen\",\"isPartOf\":{\"@id\":\"https:\\\/\\\/poppyshoppen.no\\\/#website\"},\"primaryImageOfPage\":{\"@id\":\"https:\\\/\\\/poppyshoppen.no\\\/produkt\\\/miniprint-polkadot\\\/#primaryimage\"},\"image\":{\"@id\":\"https:\\\/\\\/poppyshoppen.no\\\/produkt\\\/miniprint-polkadot\\\/#primaryimage\"},\"thumbnailUrl\":\"https:\\\/\\\/poppyshoppen.no\\\/wp-content\\\/uploads\\\/2024\\\/09\\\/poster_plakat_coffee_tea_POPPY161.jpg\",\"datePublished\":\"2024-09-04T21:04:41+00:00\",\"dateModified\":\"2025-10-26T17:53:45+00:00\",\"description\":\"Miniprint - Kaffekopp Polkadot - Kunstplakat. For kaffelskere! Dette miniprintet har en illustrasjon av en polkadott-kopp med kaffe.\",\"breadcrumb\":{\"@id\":\"https:\\\/\\\/poppyshoppen.no\\\/produkt\\\/miniprint-polkadot\\\/#breadcrumb\"},\"inLanguage\":\"en-US\",\"potentialAction\":[{\"@type\":\"ReadAction\",\"target\":[\"https:\\\/\\\/poppyshoppen.no\\\/produkt\\\/miniprint-polkadot\\\/\"]}]},{\"@type\":\"ImageObject\",\"inLanguage\":\"en-US\",\"@id\":\"https:\\\/\\\/poppyshoppen.no\\\/produkt\\\/miniprint-polkadot\\\/#primaryimage\",\"url\":\"https:\\\/\\\/poppyshoppen.no\\\/wp-content\\\/uploads\\\/2024\\\/09\\\/poster_plakat_coffee_tea_POPPY161.jpg\",\"contentUrl\":\"https:\\\/\\\/poppyshoppen.no\\\/wp-content\\\/uploads\\\/2024\\\/09\\\/poster_plakat_coffee_tea_POPPY161.jpg\",\"width\":1476,\"height\":1476,\"caption\":\"trykk med kaffekopp\"},{\"@type\":\"BreadcrumbList\",\"@id\":\"https:\\\/\\\/poppyshoppen.no\\\/produkt\\\/miniprint-polkadot\\\/#breadcrumb\",\"itemListElement\":[{\"@type\":\"ListItem\",\"position\":1,\"name\":\"Hjem\",\"item\":\"https:\\\/\\\/poppyshoppen.no\\\/\"},{\"@type\":\"ListItem\",\"position\":2,\"name\":\"Shop\",\"item\":\"https:\\\/\\\/poppyshoppen.no\\\/shop\\\/\"},{\"@type\":\"ListItem\",\"position\":3,\"name\":\"Miniprint &#8211; Kaffekopp Polkadot &#8211; Kunstplakat\"}]},{\"@type\":\"WebSite\",\"@id\":\"https:\\\/\\\/poppyshoppen.no\\\/#website\",\"url\":\"https:\\\/\\\/poppyshoppen.no\\\/\",\"name\":\"Poppyshoppen\",\"description\":\"Gj\u00f8r hverdagen litt mer fargerik\",\"publisher\":{\"@id\":\"https:\\\/\\\/poppyshoppen.no\\\/#organization\"},\"potentialAction\":[{\"@type\":\"SearchAction\",\"target\":{\"@type\":\"EntryPoint\",\"urlTemplate\":\"https:\\\/\\\/poppyshoppen.no\\\/?s={search_term_string}\"},\"query-input\":{\"@type\":\"PropertyValueSpecification\",\"valueRequired\":true,\"valueName\":\"search_term_string\"}}],\"inLanguage\":\"en-US\"},{\"@type\":\"Organization\",\"@id\":\"https:\\\/\\\/poppyshoppen.no\\\/#organization\",\"name\":\"Poppyshoppen\",\"url\":\"https:\\\/\\\/poppyshoppen.no\\\/\",\"logo\":{\"@type\":\"ImageObject\",\"inLanguage\":\"en-US\",\"@id\":\"https:\\\/\\\/poppyshoppen.no\\\/#\\\/schema\\\/logo\\\/image\\\/\",\"url\":\"https:\\\/\\\/poppyshoppen.no\\\/wp-content\\\/uploads\\\/2024\\\/08\\\/cropped-poppyshoppen-logoikon.png\",\"contentUrl\":\"https:\\\/\\\/poppyshoppen.no\\\/wp-content\\\/uploads\\\/2024\\\/08\\\/cropped-poppyshoppen-logoikon.png\",\"width\":512,\"height\":512,\"caption\":\"Poppyshoppen\"},\"image\":{\"@id\":\"https:\\\/\\\/poppyshoppen.no\\\/#\\\/schema\\\/logo\\\/image\\\/\"},\"sameAs\":[\"https:\\\/\\\/www.facebook.com\\\/profile.php?id=61558460251190\",\"https:\\\/\\\/www.instagram.com\\\/poppyshoppen_no\\\/\"]}]}<\/script>\n<!-- \/ Yoast SEO plugin. -->","yoast_head_json":{"title":"Miniprint - Kaffekopp Polkadot - Kunstplakat | Poppyshoppen","description":"Miniprint - Kaffekopp Polkadot - Kunstplakat. For kaffelskere! Dette miniprintet har en illustrasjon av en polkadott-kopp med kaffe.","robots":{"index":"index","follow":"follow","max-snippet":"max-snippet:-1","max-image-preview":"max-image-preview:large","max-video-preview":"max-video-preview:-1"},"canonical":"https:\/\/poppyshoppen.no\/en\/product\/miniprint-polkadot\/","og_locale":"en_US","og_type":"article","og_title":"Miniprint - Kaffekopp Polkadot - Kunstplakat | Poppyshoppen","og_description":"Miniprint - Kaffekopp Polkadot - Kunstplakat. For kaffelskere! Dette miniprintet har en illustrasjon av en polkadott-kopp med kaffe.","og_url":"https:\/\/poppyshoppen.no\/en\/product\/miniprint-polkadot\/","og_site_name":"Poppyshoppen","article_publisher":"https:\/\/www.facebook.com\/profile.php?id=61558460251190","article_modified_time":"2025-10-26T17:53:45+00:00","og_image":[{"width":1476,"height":1476,"url":"https:\/\/poppyshoppen.no\/wp-content\/uploads\/2024\/09\/poster_plakat_coffee_tea_POPPY161.jpg","type":"image\/jpeg"}],"twitter_card":"summary_large_image","twitter_misc":{"Est. reading time":"1 minute"},"schema":{"@context":"https:\/\/schema.org","@graph":[{"@type":"WebPage","@id":"https:\/\/poppyshoppen.no\/produkt\/miniprint-polkadot\/","url":"https:\/\/poppyshoppen.no\/produkt\/miniprint-polkadot\/","name":"Miniprint - Kaffekopp Polkadot - Kunstplakat | Poppyshoppen","isPartOf":{"@id":"https:\/\/poppyshoppen.no\/#website"},"primaryImageOfPage":{"@id":"https:\/\/poppyshoppen.no\/produkt\/miniprint-polkadot\/#primaryimage"},"image":{"@id":"https:\/\/poppyshoppen.no\/produkt\/miniprint-polkadot\/#primaryimage"},"thumbnailUrl":"https:\/\/poppyshoppen.no\/wp-content\/uploads\/2024\/09\/poster_plakat_coffee_tea_POPPY161.jpg","datePublished":"2024-09-04T21:04:41+00:00","dateModified":"2025-10-26T17:53:45+00:00","description":"Miniprint - Kaffekopp Polkadot - Kunstplakat. For kaffelskere! Dette miniprintet har en illustrasjon av en polkadott-kopp med kaffe.","breadcrumb":{"@id":"https:\/\/poppyshoppen.no\/produkt\/miniprint-polkadot\/#breadcrumb"},"inLanguage":"en-US","potentialAction":[{"@type":"ReadAction","target":["https:\/\/poppyshoppen.no\/produkt\/miniprint-polkadot\/"]}]},{"@type":"ImageObject","inLanguage":"en-US","@id":"https:\/\/poppyshoppen.no\/produkt\/miniprint-polkadot\/#primaryimage","url":"https:\/\/poppyshoppen.no\/wp-content\/uploads\/2024\/09\/poster_plakat_coffee_tea_POPPY161.jpg","contentUrl":"https:\/\/poppyshoppen.no\/wp-content\/uploads\/2024\/09\/poster_plakat_coffee_tea_POPPY161.jpg","width":1476,"height":1476,"caption":"trykk med kaffekopp"},{"@type":"BreadcrumbList","@id":"https:\/\/poppyshoppen.no\/produkt\/miniprint-polkadot\/#breadcrumb","itemListElement":[{"@type":"ListItem","position":1,"name":"Hjem","item":"https:\/\/poppyshoppen.no\/"},{"@type":"ListItem","position":2,"name":"Shop","item":"https:\/\/poppyshoppen.no\/shop\/"},{"@type":"ListItem","position":3,"name":"Miniprint &#8211; Kaffekopp Polkadot &#8211; Kunstplakat"}]},{"@type":"WebSite","@id":"https:\/\/poppyshoppen.no\/#website","url":"https:\/\/poppyshoppen.no\/","name":"Poppyshoppen","description":"Gj\u00f8r hverdagen litt mer fargerik","publisher":{"@id":"https:\/\/poppyshoppen.no\/#organization"},"potentialAction":[{"@type":"SearchAction","target":{"@type":"EntryPoint","urlTemplate":"https:\/\/poppyshoppen.no\/?s={search_term_string}"},"query-input":{"@type":"PropertyValueSpecification","valueRequired":true,"valueName":"search_term_string"}}],"inLanguage":"en-US"},{"@type":"Organization","@id":"https:\/\/poppyshoppen.no\/#organization","name":"Poppyshoppen","url":"https:\/\/poppyshoppen.no\/","logo":{"@type":"ImageObject","inLanguage":"en-US","@id":"https:\/\/poppyshoppen.no\/#\/schema\/logo\/image\/","url":"https:\/\/poppyshoppen.no\/wp-content\/uploads\/2024\/08\/cropped-poppyshoppen-logoikon.png","contentUrl":"https:\/\/poppyshoppen.no\/wp-content\/uploads\/2024\/08\/cropped-poppyshoppen-logoikon.png","width":512,"height":512,"caption":"Poppyshoppen"},"image":{"@id":"https:\/\/poppyshoppen.no\/#\/schema\/logo\/image\/"},"sameAs":["https:\/\/www.facebook.com\/profile.php?id=61558460251190","https:\/\/www.instagram.com\/poppyshoppen_no\/"]}]}},"jetpack_sharing_enabled":true,"_links":{"self":[{"href":"https:\/\/poppyshoppen.no\/en\/wp-json\/wp\/v2\/product\/676","targetHints":{"allow":["GET"]}}],"collection":[{"href":"https:\/\/poppyshoppen.no\/en\/wp-json\/wp\/v2\/product"}],"about":[{"href":"https:\/\/poppyshoppen.no\/en\/wp-json\/wp\/v2\/types\/product"}],"replies":[{"embeddable":true,"href":"https:\/\/poppyshoppen.no\/en\/wp-json\/wp\/v2\/comments?post=676"}],"wp:featuredmedia":[{"embeddable":true,"href":"https:\/\/poppyshoppen.no\/en\/wp-json\/wp\/v2\/media\/534"}],"wp:attachment":[{"href":"https:\/\/poppyshoppen.no\/en\/wp-json\/wp\/v2\/media?parent=676"}],"wp:term":[{"taxonomy":"product_brand","embeddable":true,"href":"https:\/\/poppyshoppen.no\/en\/wp-json\/wp\/v2\/product_brand?post=676"},{"taxonomy":"product_cat","embeddable":true,"href":"https:\/\/poppyshoppen.no\/en\/wp-json\/wp\/v2\/product_cat?post=676"},{"taxonomy":"product_tag","embeddable":true,"href":"https:\/\/poppyshoppen.no\/en\/wp-json\/wp\/v2\/product_tag?post=676"}],"curies":[{"name":"wp","href":"https:\/\/api.w.org\/{rel}","templated":true}]}}