{"id":691,"date":"2024-09-05T15:20:26","date_gmt":"2024-09-05T15:20:26","guid":{"rendered":"https:\/\/poppyshoppen.no\/?post_type=product&#038;p=691"},"modified":"2024-11-12T13:07:08","modified_gmt":"2024-11-12T13:07:08","slug":"miniprint-whos-there","status":"publish","type":"product","link":"https:\/\/poppyshoppen.no\/en\/product\/miniprint-whos-there\/","title":{"rendered":"Miniprint &#8211; Kunstplakat &#8211; Who&#8217;s there?"},"content":{"rendered":"<p>Miniprint &#8211; Kunstplakat &#8211; Who&#8217;s there? Et mystisk og lekent miniprint som viser nysgjerrige eventyrfigurer som titter frem i skogen. Denne illustrasjonen fra Poppydesign er perfekt for de som elsker natur og eventyr, og gir betrakteren litt \u00e5 undre over. En flott gave til b\u00e5de voksne og barn som liker \u00e5 dr\u00f8mme seg bort i naturens verden og eventyr.<\/p>\n<p>St\u00f8rrelse: 15&#215;15 cm. Miniprint &#8211; Kunstplakat &#8211; Who&#8217;s there? er trykt p\u00e5 kvalitetspapir. Ramme er ikke inkludert.<\/p>\n<p><a href=\"https:\/\/poppyshoppen.no\/en\/product-category\/plakater\/\">Her finner du alle plakatene i poppyshoppen<\/a><\/p>\n<p>&#8212;&#8212;&#8212;-<\/p>\n<p>Plakater kan v\u00e6re et fint og rimelig alternativ til originale malerier, og gir deg mulighet til \u00e5 endre uttrykket i hjemmet uten for store investeringer. Hos Poppydesign finner du fargerike plakater med unike motiver som passer perfekt til b\u00e5de stue og barnerom. Vi tilbyr et bredt utvalg i popul\u00e6re st\u00f8rrelser som poster 30&#215;40, poster 50&#215;70, poster A4, og poster A3 \u2013 noe for enhver smak og rom.<\/p>\n<p>Plakater fra Poppydesign gir liv til veggene og er ogs\u00e5 en flott gaveid\u00e9. Enten du ser etter kunstplakater til stua, eller vil pynte barnerommet med s\u00f8te barneplakater, finnes det et motiv for alle. Vi vet at innramming er viktig, og derfor kan du ogs\u00e5 f\u00e5 kj\u00f8pt bilderammer og plakatoppheng i v\u00e5r postershop \u2013 perfekt til \u00e5 skape en komplett look p\u00e5 veggen.<\/p>\n<p>S\u00f8ker du etter bilder til barnerom, plakater stue, eller kanskje bare en koselig gave til noen du er glad i? I Poppydesigns plakatshop finner du unike, h\u00e5ndlagde motiver som skaper en personlig og koselig stemning i hjemmet ditt.<\/p>","protected":false},"excerpt":{"rendered":"<p>Miniprint med nysgjerrige eventyrfigurer. Ramme er ikke inkludert.<\/p>","protected":false},"featured_media":580,"comment_status":"open","ping_status":"closed","template":"","meta":[],"product_brand":[],"product_cat":[98,17,32],"product_tag":[130],"class_list":{"0":"post-691","1":"product","2":"type-product","3":"status-publish","4":"has-post-thumbnail","6":"product_cat-miniprint","7":"product_cat-plakater","8":"product_cat-til-barnerommet","9":"product_tag-plakat-til-barnerommet","10":"product_shipping_class-plakater","12":"first","13":"instock","14":"taxable","15":"shipping-taxable","16":"purchasable","17":"product-type-simple"},"bundled_by":[],"bundle_stock_status":"instock","bundle_stock_quantity":null,"bundle_virtual":false,"bundle_layout":"","bundle_add_to_cart_form_location":"","bundle_editable_in_cart":false,"bundle_sold_individually_context":"","bundle_item_grouping":"","bundle_min_size":"","bundle_max_size":"","bundle_price":[],"bundled_items":[],"bundle_sell_ids":[],"exclude_global_add_ons":false,"addons":[{"name":"\u00d8nsker du innramming av plakaten din?","type":"multiple_choice","position":0,"required":false,"title_format":"label","default":"","description_enable":true,"description":"En ramme gir plakaten din det lille ekstra og n\u00e5r den kommer ferdig innrammet fra poppydesign i tillegg, er den klar til \u00e5 henges rett opp p\u00e5 veggen! I tillegg beskytter rammen og glasset den nye kunsten din, s\u00e5 du kan ha glede av den lenge.","placeholder_enable":false,"placeholder":"","display":"images","restrictions_type":"any_text","adjust_price":false,"price":"","price_type":"flat_fee","restrictions":false,"min":"0","max":"0","options":[{"label":"Hvit ramme (20 mm)","price":"399","price_type":"flat_fee","image":817,"visibility":true},{"label":"Svart ramme (13mm)","price":"399","price_type":"flat_fee","image":820,"visibility":true},{"label":"Eik ramme (15 mm)","price":"399","price_type":"flat_fee","image":819,"visibility":true}],"id":1726068484},{"name":"\u00d8nsker du passepartout i rammen?","type":"checkbox","position":0,"required":false,"title_format":"label","default":"","description_enable":false,"description":"","placeholder_enable":false,"placeholder":"","display":"select","restrictions_type":"any_text","adjust_price":false,"price":"","price_type":"flat_fee","restrictions":false,"min":"0","max":"0","options":[{"label":"Ja","price":"139","price_type":"flat_fee","image":0,"visibility":true}],"id":1730996623},{"name":"\u00d8nsker du plakatoppheng til plakaten din?","type":"multiple_choice","position":0,"required":false,"title_format":"label","default":"","description_enable":true,"description":"Plakatoppheng er en superenkel og stilig m\u00e5te \u00e5 vise frem favorittplakatene dine p\u00e5. Perfekt for deg som liker \u00e5 bytte ut plakater og kunst ofte eller som \u00f8nsker et lekent uttrykk p\u00e5 veggen.","placeholder_enable":false,"placeholder":"","display":"select","restrictions_type":"any_text","adjust_price":false,"price":"","price_type":"flat_fee","restrictions":false,"min":"0","max":"0","options":[{"label":"21 cm","price":"139","price_type":"flat_fee","image":0,"visibility":true},{"label":"30 cm","price":"159","price_type":"flat_fee","image":0,"visibility":true},{"label":"40 cm","price":"179","price_type":"flat_fee","image":0,"visibility":true},{"label":"50 cm","price":"220","price_type":"flat_fee","image":0,"visibility":true},{"label":"70 cm","price":"290","price_type":"flat_fee","image":0,"visibility":true}],"id":1726070967}],"yoast_head":"<!-- This site is optimized with the Yoast SEO plugin v27.3 - https:\/\/yoast.com\/product\/yoast-seo-wordpress\/ -->\n<title>Miniprint - Kunstplakat - Who&#039;s there? | Poppyshoppen<\/title>\n<meta name=\"description\" content=\"Miniprint - Kunstplakat - Who&#039;s there? Et mystisk og lekent miniprint som viser nysgjerrige eventyrfigurer som titter frem i skogen.\" \/>\n<meta name=\"robots\" content=\"index, follow, max-snippet:-1, max-image-preview:large, max-video-preview:-1\" \/>\n<link rel=\"canonical\" href=\"https:\/\/poppyshoppen.no\/en\/product\/miniprint-whos-there\/\" \/>\n<meta property=\"og:locale\" content=\"en_US\" \/>\n<meta property=\"og:type\" content=\"article\" \/>\n<meta property=\"og:title\" content=\"Miniprint - Kunstplakat - Who&#039;s there? | Poppyshoppen\" \/>\n<meta property=\"og:description\" content=\"Miniprint - Kunstplakat - Who&#039;s there? Et mystisk og lekent miniprint som viser nysgjerrige eventyrfigurer som titter frem i skogen.\" \/>\n<meta property=\"og:url\" content=\"https:\/\/poppyshoppen.no\/en\/product\/miniprint-whos-there\/\" \/>\n<meta property=\"og:site_name\" content=\"Poppyshoppen\" \/>\n<meta property=\"article:publisher\" content=\"https:\/\/www.facebook.com\/profile.php?id=61558460251190\" \/>\n<meta property=\"article:modified_time\" content=\"2024-11-12T13:07:08+00:00\" \/>\n<meta property=\"og:image\" content=\"https:\/\/poppyshoppen.no\/wp-content\/uploads\/2024\/09\/poster_plakat_whos-there_POPPY160.jpg\" \/>\n\t<meta property=\"og:image:width\" content=\"1476\" \/>\n\t<meta property=\"og:image:height\" content=\"1476\" \/>\n\t<meta property=\"og:image:type\" content=\"image\/jpeg\" \/>\n<meta name=\"twitter:card\" content=\"summary_large_image\" \/>\n<meta name=\"twitter:label1\" content=\"Est. reading time\" \/>\n\t<meta name=\"twitter:data1\" content=\"2 minutes\" \/>\n<script type=\"application\/ld+json\" class=\"yoast-schema-graph\">{\"@context\":\"https:\\\/\\\/schema.org\",\"@graph\":[{\"@type\":\"WebPage\",\"@id\":\"https:\\\/\\\/poppyshoppen.no\\\/produkt\\\/miniprint-whos-there\\\/\",\"url\":\"https:\\\/\\\/poppyshoppen.no\\\/produkt\\\/miniprint-whos-there\\\/\",\"name\":\"Miniprint - Kunstplakat - Who's there? | Poppyshoppen\",\"isPartOf\":{\"@id\":\"https:\\\/\\\/poppyshoppen.no\\\/#website\"},\"primaryImageOfPage\":{\"@id\":\"https:\\\/\\\/poppyshoppen.no\\\/produkt\\\/miniprint-whos-there\\\/#primaryimage\"},\"image\":{\"@id\":\"https:\\\/\\\/poppyshoppen.no\\\/produkt\\\/miniprint-whos-there\\\/#primaryimage\"},\"thumbnailUrl\":\"https:\\\/\\\/poppyshoppen.no\\\/wp-content\\\/uploads\\\/2024\\\/09\\\/poster_plakat_whos-there_POPPY160.jpg\",\"datePublished\":\"2024-09-05T15:20:26+00:00\",\"dateModified\":\"2024-11-12T13:07:08+00:00\",\"description\":\"Miniprint - Kunstplakat - Who's there? Et mystisk og lekent miniprint som viser nysgjerrige eventyrfigurer som titter frem i skogen.\",\"breadcrumb\":{\"@id\":\"https:\\\/\\\/poppyshoppen.no\\\/produkt\\\/miniprint-whos-there\\\/#breadcrumb\"},\"inLanguage\":\"en-US\",\"potentialAction\":[{\"@type\":\"ReadAction\",\"target\":[\"https:\\\/\\\/poppyshoppen.no\\\/produkt\\\/miniprint-whos-there\\\/\"]}]},{\"@type\":\"ImageObject\",\"inLanguage\":\"en-US\",\"@id\":\"https:\\\/\\\/poppyshoppen.no\\\/produkt\\\/miniprint-whos-there\\\/#primaryimage\",\"url\":\"https:\\\/\\\/poppyshoppen.no\\\/wp-content\\\/uploads\\\/2024\\\/09\\\/poster_plakat_whos-there_POPPY160.jpg\",\"contentUrl\":\"https:\\\/\\\/poppyshoppen.no\\\/wp-content\\\/uploads\\\/2024\\\/09\\\/poster_plakat_whos-there_POPPY160.jpg\",\"width\":1476,\"height\":1476,\"caption\":\"Who\u00b4s there?\"},{\"@type\":\"BreadcrumbList\",\"@id\":\"https:\\\/\\\/poppyshoppen.no\\\/produkt\\\/miniprint-whos-there\\\/#breadcrumb\",\"itemListElement\":[{\"@type\":\"ListItem\",\"position\":1,\"name\":\"Hjem\",\"item\":\"https:\\\/\\\/poppyshoppen.no\\\/\"},{\"@type\":\"ListItem\",\"position\":2,\"name\":\"Shop\",\"item\":\"https:\\\/\\\/poppyshoppen.no\\\/shop\\\/\"},{\"@type\":\"ListItem\",\"position\":3,\"name\":\"Miniprint &#8211; Kunstplakat &#8211; Who&#8217;s there?\"}]},{\"@type\":\"WebSite\",\"@id\":\"https:\\\/\\\/poppyshoppen.no\\\/#website\",\"url\":\"https:\\\/\\\/poppyshoppen.no\\\/\",\"name\":\"Poppyshoppen\",\"description\":\"Gj\u00f8r hverdagen litt mer fargerik\",\"publisher\":{\"@id\":\"https:\\\/\\\/poppyshoppen.no\\\/#organization\"},\"potentialAction\":[{\"@type\":\"SearchAction\",\"target\":{\"@type\":\"EntryPoint\",\"urlTemplate\":\"https:\\\/\\\/poppyshoppen.no\\\/?s={search_term_string}\"},\"query-input\":{\"@type\":\"PropertyValueSpecification\",\"valueRequired\":true,\"valueName\":\"search_term_string\"}}],\"inLanguage\":\"en-US\"},{\"@type\":\"Organization\",\"@id\":\"https:\\\/\\\/poppyshoppen.no\\\/#organization\",\"name\":\"Poppyshoppen\",\"url\":\"https:\\\/\\\/poppyshoppen.no\\\/\",\"logo\":{\"@type\":\"ImageObject\",\"inLanguage\":\"en-US\",\"@id\":\"https:\\\/\\\/poppyshoppen.no\\\/#\\\/schema\\\/logo\\\/image\\\/\",\"url\":\"https:\\\/\\\/poppyshoppen.no\\\/wp-content\\\/uploads\\\/2024\\\/08\\\/cropped-poppyshoppen-logoikon.png\",\"contentUrl\":\"https:\\\/\\\/poppyshoppen.no\\\/wp-content\\\/uploads\\\/2024\\\/08\\\/cropped-poppyshoppen-logoikon.png\",\"width\":512,\"height\":512,\"caption\":\"Poppyshoppen\"},\"image\":{\"@id\":\"https:\\\/\\\/poppyshoppen.no\\\/#\\\/schema\\\/logo\\\/image\\\/\"},\"sameAs\":[\"https:\\\/\\\/www.facebook.com\\\/profile.php?id=61558460251190\",\"https:\\\/\\\/www.instagram.com\\\/poppyshoppen_no\\\/\"]}]}<\/script>\n<!-- \/ Yoast SEO plugin. -->","yoast_head_json":{"title":"Miniprint - Kunstplakat - Who's there? | Poppyshoppen","description":"Miniprint - Kunstplakat - Who's there? Et mystisk og lekent miniprint som viser nysgjerrige eventyrfigurer som titter frem i skogen.","robots":{"index":"index","follow":"follow","max-snippet":"max-snippet:-1","max-image-preview":"max-image-preview:large","max-video-preview":"max-video-preview:-1"},"canonical":"https:\/\/poppyshoppen.no\/en\/product\/miniprint-whos-there\/","og_locale":"en_US","og_type":"article","og_title":"Miniprint - Kunstplakat - Who's there? | Poppyshoppen","og_description":"Miniprint - Kunstplakat - Who's there? Et mystisk og lekent miniprint som viser nysgjerrige eventyrfigurer som titter frem i skogen.","og_url":"https:\/\/poppyshoppen.no\/en\/product\/miniprint-whos-there\/","og_site_name":"Poppyshoppen","article_publisher":"https:\/\/www.facebook.com\/profile.php?id=61558460251190","article_modified_time":"2024-11-12T13:07:08+00:00","og_image":[{"width":1476,"height":1476,"url":"https:\/\/poppyshoppen.no\/wp-content\/uploads\/2024\/09\/poster_plakat_whos-there_POPPY160.jpg","type":"image\/jpeg"}],"twitter_card":"summary_large_image","twitter_misc":{"Est. reading time":"2 minutes"},"schema":{"@context":"https:\/\/schema.org","@graph":[{"@type":"WebPage","@id":"https:\/\/poppyshoppen.no\/produkt\/miniprint-whos-there\/","url":"https:\/\/poppyshoppen.no\/produkt\/miniprint-whos-there\/","name":"Miniprint - Kunstplakat - Who's there? | Poppyshoppen","isPartOf":{"@id":"https:\/\/poppyshoppen.no\/#website"},"primaryImageOfPage":{"@id":"https:\/\/poppyshoppen.no\/produkt\/miniprint-whos-there\/#primaryimage"},"image":{"@id":"https:\/\/poppyshoppen.no\/produkt\/miniprint-whos-there\/#primaryimage"},"thumbnailUrl":"https:\/\/poppyshoppen.no\/wp-content\/uploads\/2024\/09\/poster_plakat_whos-there_POPPY160.jpg","datePublished":"2024-09-05T15:20:26+00:00","dateModified":"2024-11-12T13:07:08+00:00","description":"Miniprint - Kunstplakat - Who's there? Et mystisk og lekent miniprint som viser nysgjerrige eventyrfigurer som titter frem i skogen.","breadcrumb":{"@id":"https:\/\/poppyshoppen.no\/produkt\/miniprint-whos-there\/#breadcrumb"},"inLanguage":"en-US","potentialAction":[{"@type":"ReadAction","target":["https:\/\/poppyshoppen.no\/produkt\/miniprint-whos-there\/"]}]},{"@type":"ImageObject","inLanguage":"en-US","@id":"https:\/\/poppyshoppen.no\/produkt\/miniprint-whos-there\/#primaryimage","url":"https:\/\/poppyshoppen.no\/wp-content\/uploads\/2024\/09\/poster_plakat_whos-there_POPPY160.jpg","contentUrl":"https:\/\/poppyshoppen.no\/wp-content\/uploads\/2024\/09\/poster_plakat_whos-there_POPPY160.jpg","width":1476,"height":1476,"caption":"Who\u00b4s there?"},{"@type":"BreadcrumbList","@id":"https:\/\/poppyshoppen.no\/produkt\/miniprint-whos-there\/#breadcrumb","itemListElement":[{"@type":"ListItem","position":1,"name":"Hjem","item":"https:\/\/poppyshoppen.no\/"},{"@type":"ListItem","position":2,"name":"Shop","item":"https:\/\/poppyshoppen.no\/shop\/"},{"@type":"ListItem","position":3,"name":"Miniprint &#8211; Kunstplakat &#8211; Who&#8217;s there?"}]},{"@type":"WebSite","@id":"https:\/\/poppyshoppen.no\/#website","url":"https:\/\/poppyshoppen.no\/","name":"Poppyshoppen","description":"Gj\u00f8r hverdagen litt mer fargerik","publisher":{"@id":"https:\/\/poppyshoppen.no\/#organization"},"potentialAction":[{"@type":"SearchAction","target":{"@type":"EntryPoint","urlTemplate":"https:\/\/poppyshoppen.no\/?s={search_term_string}"},"query-input":{"@type":"PropertyValueSpecification","valueRequired":true,"valueName":"search_term_string"}}],"inLanguage":"en-US"},{"@type":"Organization","@id":"https:\/\/poppyshoppen.no\/#organization","name":"Poppyshoppen","url":"https:\/\/poppyshoppen.no\/","logo":{"@type":"ImageObject","inLanguage":"en-US","@id":"https:\/\/poppyshoppen.no\/#\/schema\/logo\/image\/","url":"https:\/\/poppyshoppen.no\/wp-content\/uploads\/2024\/08\/cropped-poppyshoppen-logoikon.png","contentUrl":"https:\/\/poppyshoppen.no\/wp-content\/uploads\/2024\/08\/cropped-poppyshoppen-logoikon.png","width":512,"height":512,"caption":"Poppyshoppen"},"image":{"@id":"https:\/\/poppyshoppen.no\/#\/schema\/logo\/image\/"},"sameAs":["https:\/\/www.facebook.com\/profile.php?id=61558460251190","https:\/\/www.instagram.com\/poppyshoppen_no\/"]}]}},"jetpack_sharing_enabled":true,"_links":{"self":[{"href":"https:\/\/poppyshoppen.no\/en\/wp-json\/wp\/v2\/product\/691","targetHints":{"allow":["GET"]}}],"collection":[{"href":"https:\/\/poppyshoppen.no\/en\/wp-json\/wp\/v2\/product"}],"about":[{"href":"https:\/\/poppyshoppen.no\/en\/wp-json\/wp\/v2\/types\/product"}],"replies":[{"embeddable":true,"href":"https:\/\/poppyshoppen.no\/en\/wp-json\/wp\/v2\/comments?post=691"}],"wp:featuredmedia":[{"embeddable":true,"href":"https:\/\/poppyshoppen.no\/en\/wp-json\/wp\/v2\/media\/580"}],"wp:attachment":[{"href":"https:\/\/poppyshoppen.no\/en\/wp-json\/wp\/v2\/media?parent=691"}],"wp:term":[{"taxonomy":"product_brand","embeddable":true,"href":"https:\/\/poppyshoppen.no\/en\/wp-json\/wp\/v2\/product_brand?post=691"},{"taxonomy":"product_cat","embeddable":true,"href":"https:\/\/poppyshoppen.no\/en\/wp-json\/wp\/v2\/product_cat?post=691"},{"taxonomy":"product_tag","embeddable":true,"href":"https:\/\/poppyshoppen.no\/en\/wp-json\/wp\/v2\/product_tag?post=691"}],"curies":[{"name":"wp","href":"https:\/\/api.w.org\/{rel}","templated":true}]}}